{"id":26181,"date":"2023-03-09T14:29:32","date_gmt":"2023-03-09T12:29:32","guid":{"rendered":"https:\/\/baubauwall.com\/?post_type=product&#038;p=26181"},"modified":"2025-04-14T10:27:28","modified_gmt":"2025-04-14T08:27:28","slug":"laste-pilttapeet-dinosauruste-saar","status":"publish","type":"product","link":"https:\/\/baubauwall.com\/et\/toode\/laste-pilttapeet-dinosauruste-saar\/","title":{"rendered":"Lastetoa tapeet &#8211; Dinosauruste saar"},"content":{"rendered":"<p>Dinosaurustega lastetoa tapeet k\u00f5igile saurustef\u00e4nnidele! Kas Sinu lapsele meeldivad dinosaurused? Siis miks mitte tuua need muinasjutulised p\u00f5nevad loomad lastetoa tapeedil koju k\u00e4tte! Vesiv\u00e4rvidega maalitud, fantaasiak\u00fcllane rohelistes toonides pilttapeet, millelt tabad s\u00f5bralikud eelajaloolised kangelased. Dinod ja teised loomad on sel tapeedil m\u00f5nusasti aega veetmas p\u00e4ris oma troopilisel saarel. Tule ka seltsi!<\/p>\n<p>Dinosauruste saar pilttapeet on osa <a href=\"https:\/\/baubauwall.com\/et\/tootekategooria\/tapeedi-kollektsioonid\/oliver-robbins-tapeedid\/\">Oliver Robbins beebitubade<\/a>\u00a0kollektsioonist, millest leiad armsaid ideid pere k\u00f5ige pisemate interj\u00f6\u00f6ri.<\/p>\n<p>Nagu k\u00f5ik meie kordusmustriga tapeedid ja pilttapeedid, on ka see disain tr\u00fckitud <a href=\"https:\/\/baubauwall.com\/et\/keskkonnasobralikud-tapeedid\/\" target=\"_blank\" rel=\"noopener\">keskkonnas\u00f5bralike v\u00e4rvidega<\/a>, hingavale fliistapeedi materjalile.<\/p>\n","protected":false},"excerpt":{"rendered":"<p>Dinosaurustega lastetoa tapeet k\u00f5igile saurustef\u00e4nnidele! Kas Sinu lapsele meeldivad dinosaurused? Siis miks mitte tuua need muinasjutulised p\u00f5nevad loomad lastetoa tapeedil koju k\u00e4tte! Vesiv\u00e4rvidega maalitud, fantaasiak\u00fcllane rohelistes toonides pilttapeet, millelt tabad s\u00f5bralikud eelajaloolised kangelased. Dinod ja teised loomad on sel tapeedil m\u00f5nusasti aega veetmas p\u00e4ris oma troopilisel saarel. Tule ka seltsi! Dinosauruste saar pilttapeet on osa [&hellip;]<\/p>\n","protected":false},"featured_media":46165,"comment_status":"open","ping_status":"closed","template":"","meta":{"_acf_changed":false,"inline_featured_image":false},"product_brand":[],"product_cat":[634,387,268,271,400,245,254,255],"product_tag":[726,635,345,308],"class_list":{"0":"post-26181","1":"product","2":"type-product","3":"status-publish","4":"has-post-thumbnail","6":"product_cat-oliver-robbins-tapeedid","7":"product_cat-pilttapeedid","8":"product_cat-kirkad-tapeedid","9":"product_cat-rohelised-tapeedid","10":"product_cat-lastetoa-tapeedid","11":"product_cat-maastik","12":"product_cat-loodus","13":"product_cat-loomad","14":"product_tag-dinosaurused","15":"product_tag-oliver-robbins-tapeedid","16":"product_tag-pilttapeet","17":"product_tag-poiste-tuba","18":"pa_designedby-sir-edward","20":"first","21":"instock","22":"taxable","23":"shipping-taxable","24":"purchasable","25":"product-type-simple"},"acf":[],"yoast_head":"<!-- This site is optimized with the Yoast SEO plugin v25.9 - https:\/\/yoast.com\/wordpress\/plugins\/seo\/ -->\n<title>Dinosaurustega lastetoa tapeet<\/title>\n<meta name=\"description\" content=\"Dinosaurustega lastetoa tapeet viib r\u00e4ndama Jurassic Parki! Dinosaurused puhkusel on tapeet, mis sobib v\u00e4ikestele sauruste huvilistele.\" \/>\n<meta name=\"robots\" content=\"index, follow, max-snippet:-1, max-image-preview:large, max-video-preview:-1\" \/>\n<link rel=\"canonical\" href=\"https:\/\/baubauwall.com\/et\/toode\/laste-pilttapeet-dinosauruste-saar\/\" \/>\n<meta property=\"og:locale\" content=\"et_EE\" \/>\n<meta property=\"og:type\" content=\"article\" \/>\n<meta property=\"og:title\" content=\"Dinosaurustega lastetoa tapeet\" \/>\n<meta property=\"og:description\" content=\"Dinosaurustega lastetoa tapeet viib r\u00e4ndama Jurassic Parki! Dinosaurused puhkusel on tapeet, mis sobib v\u00e4ikestele sauruste huvilistele.\" \/>\n<meta property=\"og:url\" content=\"https:\/\/baubauwall.com\/et\/toode\/laste-pilttapeet-dinosauruste-saar\/\" \/>\n<meta property=\"og:site_name\" content=\"BAUBAUWALL TAPEEDID\" \/>\n<meta property=\"article:publisher\" content=\"https:\/\/www.facebook.com\/Baubauwall\" \/>\n<meta property=\"article:modified_time\" content=\"2025-04-14T08:27:28+00:00\" \/>\n<meta property=\"og:image\" content=\"https:\/\/baubauwall.com\/wp-content\/uploads\/2023\/03\/51200255_DinoJoy_Baubauwall_Wallmural_room4-scaled.jpg\" \/>\n\t<meta property=\"og:image:width\" content=\"2560\" \/>\n\t<meta property=\"og:image:height\" content=\"1440\" \/>\n\t<meta property=\"og:image:type\" content=\"image\/jpeg\" \/>\n<meta name=\"twitter:card\" content=\"summary_large_image\" \/>\n<meta name=\"twitter:label1\" content=\"Est. reading time\" \/>\n\t<meta name=\"twitter:data1\" content=\"1 minut\" \/>\n<script type=\"application\/ld+json\" class=\"yoast-schema-graph\">{\"@context\":\"https:\/\/schema.org\",\"@graph\":[{\"@type\":\"WebPage\",\"@id\":\"https:\/\/baubauwall.com\/et\/toode\/laste-pilttapeet-dinosauruste-saar\/\",\"url\":\"https:\/\/baubauwall.com\/et\/toode\/laste-pilttapeet-dinosauruste-saar\/\",\"name\":\"Dinosaurustega lastetoa tapeet\",\"isPartOf\":{\"@id\":\"https:\/\/baubauwall.com\/et\/#website\"},\"primaryImageOfPage\":{\"@id\":\"https:\/\/baubauwall.com\/et\/toode\/laste-pilttapeet-dinosauruste-saar\/#primaryimage\"},\"image\":{\"@id\":\"https:\/\/baubauwall.com\/et\/toode\/laste-pilttapeet-dinosauruste-saar\/#primaryimage\"},\"thumbnailUrl\":\"https:\/\/baubauwall.com\/wp-content\/uploads\/2023\/03\/51200255_DinoJoy_Baubauwall_Wallmural_room4-scaled.jpg\",\"datePublished\":\"2023-03-09T12:29:32+00:00\",\"dateModified\":\"2025-04-14T08:27:28+00:00\",\"description\":\"Dinosaurustega lastetoa tapeet viib r\u00e4ndama Jurassic Parki! Dinosaurused puhkusel on tapeet, mis sobib v\u00e4ikestele sauruste huvilistele.\",\"breadcrumb\":{\"@id\":\"https:\/\/baubauwall.com\/et\/toode\/laste-pilttapeet-dinosauruste-saar\/#breadcrumb\"},\"inLanguage\":\"et\",\"potentialAction\":[{\"@type\":\"ReadAction\",\"target\":[\"https:\/\/baubauwall.com\/et\/toode\/laste-pilttapeet-dinosauruste-saar\/\"]}]},{\"@type\":\"ImageObject\",\"inLanguage\":\"et\",\"@id\":\"https:\/\/baubauwall.com\/et\/toode\/laste-pilttapeet-dinosauruste-saar\/#primaryimage\",\"url\":\"https:\/\/baubauwall.com\/wp-content\/uploads\/2023\/03\/51200255_DinoJoy_Baubauwall_Wallmural_room4-scaled.jpg\",\"contentUrl\":\"https:\/\/baubauwall.com\/wp-content\/uploads\/2023\/03\/51200255_DinoJoy_Baubauwall_Wallmural_room4-scaled.jpg\",\"width\":2560,\"height\":1440},{\"@type\":\"BreadcrumbList\",\"@id\":\"https:\/\/baubauwall.com\/et\/toode\/laste-pilttapeet-dinosauruste-saar\/#breadcrumb\",\"itemListElement\":[{\"@type\":\"ListItem\",\"position\":1,\"name\":\"Koju\",\"item\":\"https:\/\/baubauwall.com\/et\/\"},{\"@type\":\"ListItem\",\"position\":2,\"name\":\"Tapeedid\",\"item\":\"https:\/\/baubauwall.com\/et\/tapeedid\/\"},{\"@type\":\"ListItem\",\"position\":3,\"name\":\"Lastetoa tapeet &#8211; Dinosauruste saar\"}]},{\"@type\":\"WebSite\",\"@id\":\"https:\/\/baubauwall.com\/et\/#website\",\"url\":\"https:\/\/baubauwall.com\/et\/\",\"name\":\"BAUBAUWALL Wallpapers\",\"description\":\"Valmis paanides tapeet Eestist!\",\"publisher\":{\"@id\":\"https:\/\/baubauwall.com\/et\/#organization\"},\"potentialAction\":[{\"@type\":\"SearchAction\",\"target\":{\"@type\":\"EntryPoint\",\"urlTemplate\":\"https:\/\/baubauwall.com\/et\/?s={search_term_string}\"},\"query-input\":{\"@type\":\"PropertyValueSpecification\",\"valueRequired\":true,\"valueName\":\"search_term_string\"}}],\"inLanguage\":\"et\"},{\"@type\":\"Organization\",\"@id\":\"https:\/\/baubauwall.com\/et\/#organization\",\"name\":\"BAUBAUWALL Wallpapers\",\"url\":\"https:\/\/baubauwall.com\/et\/\",\"logo\":{\"@type\":\"ImageObject\",\"inLanguage\":\"et\",\"@id\":\"https:\/\/baubauwall.com\/et\/#\/schema\/logo\/image\/\",\"url\":\"https:\/\/baubauwall.com\/wp-content\/uploads\/2022\/03\/logo-horizontal.svg\",\"contentUrl\":\"https:\/\/baubauwall.com\/wp-content\/uploads\/2022\/03\/logo-horizontal.svg\",\"width\":\"1024\",\"height\":\"1024\",\"caption\":\"BAUBAUWALL Wallpapers\"},\"image\":{\"@id\":\"https:\/\/baubauwall.com\/et\/#\/schema\/logo\/image\/\"},\"sameAs\":[\"https:\/\/www.facebook.com\/Baubauwall\",\"https:\/\/www.instagram.com\/baubauwall\"]}]}<\/script>\n<!-- \/ Yoast SEO plugin. -->","yoast_head_json":{"title":"Dinosaurustega lastetoa tapeet","description":"Dinosaurustega lastetoa tapeet viib r\u00e4ndama Jurassic Parki! Dinosaurused puhkusel on tapeet, mis sobib v\u00e4ikestele sauruste huvilistele.","robots":{"index":"index","follow":"follow","max-snippet":"max-snippet:-1","max-image-preview":"max-image-preview:large","max-video-preview":"max-video-preview:-1"},"canonical":"https:\/\/baubauwall.com\/et\/toode\/laste-pilttapeet-dinosauruste-saar\/","og_locale":"et_EE","og_type":"article","og_title":"Dinosaurustega lastetoa tapeet","og_description":"Dinosaurustega lastetoa tapeet viib r\u00e4ndama Jurassic Parki! Dinosaurused puhkusel on tapeet, mis sobib v\u00e4ikestele sauruste huvilistele.","og_url":"https:\/\/baubauwall.com\/et\/toode\/laste-pilttapeet-dinosauruste-saar\/","og_site_name":"BAUBAUWALL TAPEEDID","article_publisher":"https:\/\/www.facebook.com\/Baubauwall","article_modified_time":"2025-04-14T08:27:28+00:00","og_image":[{"width":2560,"height":1440,"url":"https:\/\/baubauwall.com\/wp-content\/uploads\/2023\/03\/51200255_DinoJoy_Baubauwall_Wallmural_room4-scaled.jpg","type":"image\/jpeg"}],"twitter_card":"summary_large_image","twitter_misc":{"Est. reading time":"1 minut"},"schema":{"@context":"https:\/\/schema.org","@graph":[{"@type":"WebPage","@id":"https:\/\/baubauwall.com\/et\/toode\/laste-pilttapeet-dinosauruste-saar\/","url":"https:\/\/baubauwall.com\/et\/toode\/laste-pilttapeet-dinosauruste-saar\/","name":"Dinosaurustega lastetoa tapeet","isPartOf":{"@id":"https:\/\/baubauwall.com\/et\/#website"},"primaryImageOfPage":{"@id":"https:\/\/baubauwall.com\/et\/toode\/laste-pilttapeet-dinosauruste-saar\/#primaryimage"},"image":{"@id":"https:\/\/baubauwall.com\/et\/toode\/laste-pilttapeet-dinosauruste-saar\/#primaryimage"},"thumbnailUrl":"https:\/\/baubauwall.com\/wp-content\/uploads\/2023\/03\/51200255_DinoJoy_Baubauwall_Wallmural_room4-scaled.jpg","datePublished":"2023-03-09T12:29:32+00:00","dateModified":"2025-04-14T08:27:28+00:00","description":"Dinosaurustega lastetoa tapeet viib r\u00e4ndama Jurassic Parki! Dinosaurused puhkusel on tapeet, mis sobib v\u00e4ikestele sauruste huvilistele.","breadcrumb":{"@id":"https:\/\/baubauwall.com\/et\/toode\/laste-pilttapeet-dinosauruste-saar\/#breadcrumb"},"inLanguage":"et","potentialAction":[{"@type":"ReadAction","target":["https:\/\/baubauwall.com\/et\/toode\/laste-pilttapeet-dinosauruste-saar\/"]}]},{"@type":"ImageObject","inLanguage":"et","@id":"https:\/\/baubauwall.com\/et\/toode\/laste-pilttapeet-dinosauruste-saar\/#primaryimage","url":"https:\/\/baubauwall.com\/wp-content\/uploads\/2023\/03\/51200255_DinoJoy_Baubauwall_Wallmural_room4-scaled.jpg","contentUrl":"https:\/\/baubauwall.com\/wp-content\/uploads\/2023\/03\/51200255_DinoJoy_Baubauwall_Wallmural_room4-scaled.jpg","width":2560,"height":1440},{"@type":"BreadcrumbList","@id":"https:\/\/baubauwall.com\/et\/toode\/laste-pilttapeet-dinosauruste-saar\/#breadcrumb","itemListElement":[{"@type":"ListItem","position":1,"name":"Koju","item":"https:\/\/baubauwall.com\/et\/"},{"@type":"ListItem","position":2,"name":"Tapeedid","item":"https:\/\/baubauwall.com\/et\/tapeedid\/"},{"@type":"ListItem","position":3,"name":"Lastetoa tapeet &#8211; Dinosauruste saar"}]},{"@type":"WebSite","@id":"https:\/\/baubauwall.com\/et\/#website","url":"https:\/\/baubauwall.com\/et\/","name":"BAUBAUWALL Wallpapers","description":"Valmis paanides tapeet Eestist!","publisher":{"@id":"https:\/\/baubauwall.com\/et\/#organization"},"potentialAction":[{"@type":"SearchAction","target":{"@type":"EntryPoint","urlTemplate":"https:\/\/baubauwall.com\/et\/?s={search_term_string}"},"query-input":{"@type":"PropertyValueSpecification","valueRequired":true,"valueName":"search_term_string"}}],"inLanguage":"et"},{"@type":"Organization","@id":"https:\/\/baubauwall.com\/et\/#organization","name":"BAUBAUWALL Wallpapers","url":"https:\/\/baubauwall.com\/et\/","logo":{"@type":"ImageObject","inLanguage":"et","@id":"https:\/\/baubauwall.com\/et\/#\/schema\/logo\/image\/","url":"https:\/\/baubauwall.com\/wp-content\/uploads\/2022\/03\/logo-horizontal.svg","contentUrl":"https:\/\/baubauwall.com\/wp-content\/uploads\/2022\/03\/logo-horizontal.svg","width":"1024","height":"1024","caption":"BAUBAUWALL Wallpapers"},"image":{"@id":"https:\/\/baubauwall.com\/et\/#\/schema\/logo\/image\/"},"sameAs":["https:\/\/www.facebook.com\/Baubauwall","https:\/\/www.instagram.com\/baubauwall"]}]}},"jetpack_sharing_enabled":true,"_links":{"self":[{"href":"https:\/\/baubauwall.com\/et\/wp-json\/wp\/v2\/product\/26181","targetHints":{"allow":["GET"]}}],"collection":[{"href":"https:\/\/baubauwall.com\/et\/wp-json\/wp\/v2\/product"}],"about":[{"href":"https:\/\/baubauwall.com\/et\/wp-json\/wp\/v2\/types\/product"}],"replies":[{"embeddable":true,"href":"https:\/\/baubauwall.com\/et\/wp-json\/wp\/v2\/comments?post=26181"}],"wp:featuredmedia":[{"embeddable":true,"href":"https:\/\/baubauwall.com\/et\/wp-json\/wp\/v2\/media\/46165"}],"wp:attachment":[{"href":"https:\/\/baubauwall.com\/et\/wp-json\/wp\/v2\/media?parent=26181"}],"wp:term":[{"taxonomy":"product_brand","embeddable":true,"href":"https:\/\/baubauwall.com\/et\/wp-json\/wp\/v2\/product_brand?post=26181"},{"taxonomy":"product_cat","embeddable":true,"href":"https:\/\/baubauwall.com\/et\/wp-json\/wp\/v2\/product_cat?post=26181"},{"taxonomy":"product_tag","embeddable":true,"href":"https:\/\/baubauwall.com\/et\/wp-json\/wp\/v2\/product_tag?post=26181"}],"curies":[{"name":"wp","href":"https:\/\/api.w.org\/{rel}","templated":true}]}}