{"id":26309,"date":"2023-01-11T09:13:10","date_gmt":"2023-01-11T07:13:10","guid":{"rendered":"https:\/\/baubauwall.com\/?post_type=product&#038;p=26309"},"modified":"2023-03-11T21:13:35","modified_gmt":"2023-03-11T19:13:35","slug":"pilttapeet-maailma-loomad-linnud","status":"publish","type":"product","link":"https:\/\/baubauwall.com\/et\/toode\/pilttapeet-maailma-loomad-linnud\/","title":{"rendered":"Maailma loomad ja linnud"},"content":{"rendered":"<p>\u00dcks t\u00f5eliselt liigirohke tapeet uudishimuliku lapse tuppa! Pilttapeet, millest leiad pea k\u00f5ik maailma tuntuimad loomad ja linnud, elevandist paabulinnuni! Tapeet on valgel taustal, selgelt joonistatud loomapiltidega. Nii on lihtne erinevad liigid selgeks \u00f5ppida ja pealekauba ka lihtsalt sobitada lastetoa muu sisustusega.<\/p>\n<p>Nagu k\u00f5ik meie kordusmustriga tapeedid ja pilttapeedid, on ka see disain tr\u00fckitud\u00a0<a href=\"https:\/\/baubauwall.com\/et\/keskkonnasobralikud-tapeedid\/\" target=\"_blank\" rel=\"noopener\">keskkonnas\u00f5bralike v\u00e4rvidega<\/a>, hingavale fliistapeedi materjalile, mis ei l\u00e4igi ja on lihtne paigaldada. Sinu uus tapeet tuleb valmis l\u00f5igatud ning nummerdatud paanides, mis on t\u00e4pselt nii k\u00f5rged, kui Sinu sein.<\/p>\n<p>&nbsp;<\/p>\n","protected":false},"excerpt":{"rendered":"<p>\u00dcks t\u00f5eliselt liigirohke tapeet uudishimuliku lapse tuppa! Pilttapeet, millest leiad pea k\u00f5ik maailma tuntuimad loomad ja linnud, elevandist paabulinnuni! Tapeet on valgel taustal, selgelt joonistatud loomapiltidega. Nii on lihtne erinevad liigid selgeks \u00f5ppida ja pealekauba ka lihtsalt sobitada lastetoa muu sisustusega. Nagu k\u00f5ik meie kordusmustriga tapeedid ja pilttapeedid, on ka see disain tr\u00fckitud\u00a0keskkonnas\u00f5bralike v\u00e4rvidega, hingavale [&hellip;]<\/p>\n","protected":false},"featured_media":26329,"comment_status":"open","ping_status":"closed","template":"","meta":{"_acf_changed":false,"inline_featured_image":false},"product_brand":[],"product_cat":[629,387,268,271,273,410,400,250,255],"product_tag":[631,345,308],"class_list":{"0":"post-26309","1":"product","2":"type-product","3":"status-publish","4":"has-post-thumbnail","6":"product_cat-kikki-belle-tapeedid","7":"product_cat-pilttapeedid","8":"product_cat-kirkad-tapeedid","9":"product_cat-rohelised-tapeedid","10":"product_cat-heledad-tapeedid","11":"product_cat-valge-tapeedid","12":"product_cat-lastetoa-tapeedid","13":"product_cat-dzungel-troopika","14":"product_cat-loomad","15":"product_tag-kikki-belle-et","16":"product_tag-pilttapeet","17":"product_tag-poiste-tuba","18":"pa_designedby-sir-edward","20":"first","21":"instock","22":"taxable","23":"shipping-taxable","24":"purchasable","25":"product-type-simple"},"acf":[],"yoast_head":"<!-- This site is optimized with the Yoast SEO plugin v25.9 - https:\/\/yoast.com\/wordpress\/plugins\/seo\/ -->\n<title>Troopiline d\u017eungel - loomade &amp; lindudega pilttapeet lastetoa seinale<\/title>\n<meta name=\"description\" content=\"Lastetoa pilttapeet. Tapeedidisain eksootiliste loomadega palmide all. Hariv, hele tapeet lastetoa seinale. Keskkonnas\u00f5bralik tapeet\" \/>\n<meta name=\"robots\" content=\"index, follow, max-snippet:-1, max-image-preview:large, max-video-preview:-1\" \/>\n<link rel=\"canonical\" href=\"https:\/\/baubauwall.com\/et\/toode\/pilttapeet-maailma-loomad-linnud\/\" \/>\n<meta property=\"og:locale\" content=\"et_EE\" \/>\n<meta property=\"og:type\" content=\"article\" \/>\n<meta property=\"og:title\" content=\"Troopiline d\u017eungel - loomade &amp; lindudega pilttapeet lastetoa seinale\" \/>\n<meta property=\"og:description\" content=\"Lastetoa pilttapeet. Tapeedidisain eksootiliste loomadega palmide all. Hariv, hele tapeet lastetoa seinale. Keskkonnas\u00f5bralik tapeet\" \/>\n<meta property=\"og:url\" content=\"https:\/\/baubauwall.com\/et\/toode\/pilttapeet-maailma-loomad-linnud\/\" \/>\n<meta property=\"og:site_name\" content=\"BAUBAUWALL TAPEEDID\" \/>\n<meta property=\"article:publisher\" content=\"https:\/\/www.facebook.com\/Baubauwall\" \/>\n<meta property=\"article:modified_time\" content=\"2023-03-11T19:13:35+00:00\" \/>\n<meta property=\"og:image\" content=\"https:\/\/baubauwall.com\/wp-content\/uploads\/2023\/03\/51200204_BeautifulBiodiversity_Baubauwall_Wallmural_room4.jpg\" \/>\n\t<meta property=\"og:image:width\" content=\"1107\" \/>\n\t<meta property=\"og:image:height\" content=\"1600\" \/>\n\t<meta property=\"og:image:type\" content=\"image\/jpeg\" \/>\n<meta name=\"twitter:card\" content=\"summary_large_image\" \/>\n<meta name=\"twitter:label1\" content=\"Est. reading time\" \/>\n\t<meta name=\"twitter:data1\" content=\"1 minut\" \/>\n<script type=\"application\/ld+json\" class=\"yoast-schema-graph\">{\"@context\":\"https:\/\/schema.org\",\"@graph\":[{\"@type\":\"WebPage\",\"@id\":\"https:\/\/baubauwall.com\/et\/toode\/pilttapeet-maailma-loomad-linnud\/\",\"url\":\"https:\/\/baubauwall.com\/et\/toode\/pilttapeet-maailma-loomad-linnud\/\",\"name\":\"Troopiline d\u017eungel - loomade & lindudega pilttapeet lastetoa seinale\",\"isPartOf\":{\"@id\":\"https:\/\/baubauwall.com\/et\/#website\"},\"primaryImageOfPage\":{\"@id\":\"https:\/\/baubauwall.com\/et\/toode\/pilttapeet-maailma-loomad-linnud\/#primaryimage\"},\"image\":{\"@id\":\"https:\/\/baubauwall.com\/et\/toode\/pilttapeet-maailma-loomad-linnud\/#primaryimage\"},\"thumbnailUrl\":\"https:\/\/baubauwall.com\/wp-content\/uploads\/2023\/03\/51200204_BeautifulBiodiversity_Baubauwall_Wallmural_room5-scaled.jpg\",\"datePublished\":\"2023-01-11T07:13:10+00:00\",\"dateModified\":\"2023-03-11T19:13:35+00:00\",\"description\":\"Lastetoa pilttapeet. Tapeedidisain eksootiliste loomadega palmide all. Hariv, hele tapeet lastetoa seinale. Keskkonnas\u00f5bralik tapeet\",\"breadcrumb\":{\"@id\":\"https:\/\/baubauwall.com\/et\/toode\/pilttapeet-maailma-loomad-linnud\/#breadcrumb\"},\"inLanguage\":\"et\",\"potentialAction\":[{\"@type\":\"ReadAction\",\"target\":[\"https:\/\/baubauwall.com\/et\/toode\/pilttapeet-maailma-loomad-linnud\/\"]}]},{\"@type\":\"ImageObject\",\"inLanguage\":\"et\",\"@id\":\"https:\/\/baubauwall.com\/et\/toode\/pilttapeet-maailma-loomad-linnud\/#primaryimage\",\"url\":\"https:\/\/baubauwall.com\/wp-content\/uploads\/2023\/03\/51200204_BeautifulBiodiversity_Baubauwall_Wallmural_room5-scaled.jpg\",\"contentUrl\":\"https:\/\/baubauwall.com\/wp-content\/uploads\/2023\/03\/51200204_BeautifulBiodiversity_Baubauwall_Wallmural_room5-scaled.jpg\",\"width\":2560,\"height\":1440},{\"@type\":\"BreadcrumbList\",\"@id\":\"https:\/\/baubauwall.com\/et\/toode\/pilttapeet-maailma-loomad-linnud\/#breadcrumb\",\"itemListElement\":[{\"@type\":\"ListItem\",\"position\":1,\"name\":\"Koju\",\"item\":\"https:\/\/baubauwall.com\/et\/\"},{\"@type\":\"ListItem\",\"position\":2,\"name\":\"Tapeedid\",\"item\":\"https:\/\/baubauwall.com\/et\/tapeedid\/\"},{\"@type\":\"ListItem\",\"position\":3,\"name\":\"Maailma loomad ja linnud\"}]},{\"@type\":\"WebSite\",\"@id\":\"https:\/\/baubauwall.com\/et\/#website\",\"url\":\"https:\/\/baubauwall.com\/et\/\",\"name\":\"BAUBAUWALL Wallpapers\",\"description\":\"Valmis paanides tapeet Eestist!\",\"publisher\":{\"@id\":\"https:\/\/baubauwall.com\/et\/#organization\"},\"potentialAction\":[{\"@type\":\"SearchAction\",\"target\":{\"@type\":\"EntryPoint\",\"urlTemplate\":\"https:\/\/baubauwall.com\/et\/?s={search_term_string}\"},\"query-input\":{\"@type\":\"PropertyValueSpecification\",\"valueRequired\":true,\"valueName\":\"search_term_string\"}}],\"inLanguage\":\"et\"},{\"@type\":\"Organization\",\"@id\":\"https:\/\/baubauwall.com\/et\/#organization\",\"name\":\"BAUBAUWALL Wallpapers\",\"url\":\"https:\/\/baubauwall.com\/et\/\",\"logo\":{\"@type\":\"ImageObject\",\"inLanguage\":\"et\",\"@id\":\"https:\/\/baubauwall.com\/et\/#\/schema\/logo\/image\/\",\"url\":\"https:\/\/baubauwall.com\/wp-content\/uploads\/2022\/03\/logo-horizontal.svg\",\"contentUrl\":\"https:\/\/baubauwall.com\/wp-content\/uploads\/2022\/03\/logo-horizontal.svg\",\"width\":\"1024\",\"height\":\"1024\",\"caption\":\"BAUBAUWALL Wallpapers\"},\"image\":{\"@id\":\"https:\/\/baubauwall.com\/et\/#\/schema\/logo\/image\/\"},\"sameAs\":[\"https:\/\/www.facebook.com\/Baubauwall\",\"https:\/\/www.instagram.com\/baubauwall\"]}]}<\/script>\n<!-- \/ Yoast SEO plugin. -->","yoast_head_json":{"title":"Troopiline d\u017eungel - loomade & lindudega pilttapeet lastetoa seinale","description":"Lastetoa pilttapeet. Tapeedidisain eksootiliste loomadega palmide all. Hariv, hele tapeet lastetoa seinale. Keskkonnas\u00f5bralik tapeet","robots":{"index":"index","follow":"follow","max-snippet":"max-snippet:-1","max-image-preview":"max-image-preview:large","max-video-preview":"max-video-preview:-1"},"canonical":"https:\/\/baubauwall.com\/et\/toode\/pilttapeet-maailma-loomad-linnud\/","og_locale":"et_EE","og_type":"article","og_title":"Troopiline d\u017eungel - loomade & lindudega pilttapeet lastetoa seinale","og_description":"Lastetoa pilttapeet. Tapeedidisain eksootiliste loomadega palmide all. Hariv, hele tapeet lastetoa seinale. Keskkonnas\u00f5bralik tapeet","og_url":"https:\/\/baubauwall.com\/et\/toode\/pilttapeet-maailma-loomad-linnud\/","og_site_name":"BAUBAUWALL TAPEEDID","article_publisher":"https:\/\/www.facebook.com\/Baubauwall","article_modified_time":"2023-03-11T19:13:35+00:00","og_image":[{"width":1107,"height":1600,"url":"https:\/\/baubauwall.com\/wp-content\/uploads\/2023\/03\/51200204_BeautifulBiodiversity_Baubauwall_Wallmural_room4.jpg","type":"image\/jpeg"}],"twitter_card":"summary_large_image","twitter_misc":{"Est. reading time":"1 minut"},"schema":{"@context":"https:\/\/schema.org","@graph":[{"@type":"WebPage","@id":"https:\/\/baubauwall.com\/et\/toode\/pilttapeet-maailma-loomad-linnud\/","url":"https:\/\/baubauwall.com\/et\/toode\/pilttapeet-maailma-loomad-linnud\/","name":"Troopiline d\u017eungel - loomade & lindudega pilttapeet lastetoa seinale","isPartOf":{"@id":"https:\/\/baubauwall.com\/et\/#website"},"primaryImageOfPage":{"@id":"https:\/\/baubauwall.com\/et\/toode\/pilttapeet-maailma-loomad-linnud\/#primaryimage"},"image":{"@id":"https:\/\/baubauwall.com\/et\/toode\/pilttapeet-maailma-loomad-linnud\/#primaryimage"},"thumbnailUrl":"https:\/\/baubauwall.com\/wp-content\/uploads\/2023\/03\/51200204_BeautifulBiodiversity_Baubauwall_Wallmural_room5-scaled.jpg","datePublished":"2023-01-11T07:13:10+00:00","dateModified":"2023-03-11T19:13:35+00:00","description":"Lastetoa pilttapeet. Tapeedidisain eksootiliste loomadega palmide all. Hariv, hele tapeet lastetoa seinale. Keskkonnas\u00f5bralik tapeet","breadcrumb":{"@id":"https:\/\/baubauwall.com\/et\/toode\/pilttapeet-maailma-loomad-linnud\/#breadcrumb"},"inLanguage":"et","potentialAction":[{"@type":"ReadAction","target":["https:\/\/baubauwall.com\/et\/toode\/pilttapeet-maailma-loomad-linnud\/"]}]},{"@type":"ImageObject","inLanguage":"et","@id":"https:\/\/baubauwall.com\/et\/toode\/pilttapeet-maailma-loomad-linnud\/#primaryimage","url":"https:\/\/baubauwall.com\/wp-content\/uploads\/2023\/03\/51200204_BeautifulBiodiversity_Baubauwall_Wallmural_room5-scaled.jpg","contentUrl":"https:\/\/baubauwall.com\/wp-content\/uploads\/2023\/03\/51200204_BeautifulBiodiversity_Baubauwall_Wallmural_room5-scaled.jpg","width":2560,"height":1440},{"@type":"BreadcrumbList","@id":"https:\/\/baubauwall.com\/et\/toode\/pilttapeet-maailma-loomad-linnud\/#breadcrumb","itemListElement":[{"@type":"ListItem","position":1,"name":"Koju","item":"https:\/\/baubauwall.com\/et\/"},{"@type":"ListItem","position":2,"name":"Tapeedid","item":"https:\/\/baubauwall.com\/et\/tapeedid\/"},{"@type":"ListItem","position":3,"name":"Maailma loomad ja linnud"}]},{"@type":"WebSite","@id":"https:\/\/baubauwall.com\/et\/#website","url":"https:\/\/baubauwall.com\/et\/","name":"BAUBAUWALL Wallpapers","description":"Valmis paanides tapeet Eestist!","publisher":{"@id":"https:\/\/baubauwall.com\/et\/#organization"},"potentialAction":[{"@type":"SearchAction","target":{"@type":"EntryPoint","urlTemplate":"https:\/\/baubauwall.com\/et\/?s={search_term_string}"},"query-input":{"@type":"PropertyValueSpecification","valueRequired":true,"valueName":"search_term_string"}}],"inLanguage":"et"},{"@type":"Organization","@id":"https:\/\/baubauwall.com\/et\/#organization","name":"BAUBAUWALL Wallpapers","url":"https:\/\/baubauwall.com\/et\/","logo":{"@type":"ImageObject","inLanguage":"et","@id":"https:\/\/baubauwall.com\/et\/#\/schema\/logo\/image\/","url":"https:\/\/baubauwall.com\/wp-content\/uploads\/2022\/03\/logo-horizontal.svg","contentUrl":"https:\/\/baubauwall.com\/wp-content\/uploads\/2022\/03\/logo-horizontal.svg","width":"1024","height":"1024","caption":"BAUBAUWALL Wallpapers"},"image":{"@id":"https:\/\/baubauwall.com\/et\/#\/schema\/logo\/image\/"},"sameAs":["https:\/\/www.facebook.com\/Baubauwall","https:\/\/www.instagram.com\/baubauwall"]}]}},"jetpack_sharing_enabled":true,"_links":{"self":[{"href":"https:\/\/baubauwall.com\/et\/wp-json\/wp\/v2\/product\/26309","targetHints":{"allow":["GET"]}}],"collection":[{"href":"https:\/\/baubauwall.com\/et\/wp-json\/wp\/v2\/product"}],"about":[{"href":"https:\/\/baubauwall.com\/et\/wp-json\/wp\/v2\/types\/product"}],"replies":[{"embeddable":true,"href":"https:\/\/baubauwall.com\/et\/wp-json\/wp\/v2\/comments?post=26309"}],"wp:featuredmedia":[{"embeddable":true,"href":"https:\/\/baubauwall.com\/et\/wp-json\/wp\/v2\/media\/26329"}],"wp:attachment":[{"href":"https:\/\/baubauwall.com\/et\/wp-json\/wp\/v2\/media?parent=26309"}],"wp:term":[{"taxonomy":"product_brand","embeddable":true,"href":"https:\/\/baubauwall.com\/et\/wp-json\/wp\/v2\/product_brand?post=26309"},{"taxonomy":"product_cat","embeddable":true,"href":"https:\/\/baubauwall.com\/et\/wp-json\/wp\/v2\/product_cat?post=26309"},{"taxonomy":"product_tag","embeddable":true,"href":"https:\/\/baubauwall.com\/et\/wp-json\/wp\/v2\/product_tag?post=26309"}],"curies":[{"name":"wp","href":"https:\/\/api.w.org\/{rel}","templated":true}]}}