{"id":26610,"date":"2023-03-22T13:14:43","date_gmt":"2023-03-22T11:14:43","guid":{"rendered":"https:\/\/baubauwall.com\/?post_type=product&#038;p=26610"},"modified":"2023-03-23T11:55:29","modified_gmt":"2023-03-23T09:55:29","slug":"pilttapeet-sugislilled","status":"publish","type":"product","link":"https:\/\/baubauwall.com\/et\/toode\/pilttapeet-sugislilled\/","title":{"rendered":"S\u00fcgislilled"},"content":{"rendered":"<p>Akvarellidega maalitud v\u00f5rratu pilttapeet, mis on hea valik magamistuppa, s\u00f6\u00f6gituppa v\u00f5i elutoa seinale. Mahe, soojades toonides disain, mida saab kasutada nii mitmel seinal kui ka aktsentseinal. \u00dcleelusuurused lilled moodustavad imelise koosluse ja disain kokku ei ole koormav. Soojad bee\u017eid toonid tapeedil teevad sellest hea valiku sobitamaks juurde sarnastes toonides m\u00f6\u00f6blit.\u00a0See pilttapeet on ajatu valik ja loob sinu kodus elegantse \u00fcldmulje aastateks.<\/p>\n<p>Nagu k\u00f5ik meie tapeedid on ka see pilttapeet tr\u00fckitud keskkonnas\u00f5bralike v\u00e4rvidega hingavale, fliistapeedi materjalile. Sinu uus tapeet on l\u00f5igatud nummerdatud paanideks \u2013 t\u00e4pselt nii pikad, kui Sinu sein. Kuidas see t\u00f6\u00f6tab \u2013 loe l\u00e4hemalt<a href=\"https:\/\/baubauwall.com\/et\/kuidas-see-tootab\/\" target=\"_blank\" rel=\"noopener\">\u00a0siit.<\/a><\/p>\n<p>&nbsp;<\/p>\n","protected":false},"excerpt":{"rendered":"<p>Akvarellidega maalitud v\u00f5rratu pilttapeet, mis on hea valik magamistuppa, s\u00f6\u00f6gituppa v\u00f5i elutoa seinale. Mahe, soojades toonides disain, mida saab kasutada nii mitmel seinal kui ka aktsentseinal. \u00dcleelusuurused lilled moodustavad imelise koosluse ja disain kokku ei ole koormav. Soojad bee\u017eid toonid tapeedil teevad sellest hea valiku sobitamaks juurde sarnastes toonides m\u00f6\u00f6blit.\u00a0See pilttapeet on ajatu valik ja [&hellip;]<\/p>\n","protected":false},"featured_media":26615,"comment_status":"open","ping_status":"closed","template":"","meta":{"_acf_changed":false,"inline_featured_image":false},"product_brand":[],"product_cat":[650,387,395,394,396,388,265,273,276,411,413,414,415,399,402,583,260],"product_tag":[563,298,345,638,646],"class_list":{"0":"post-26610","1":"product","2":"type-product","3":"status-publish","4":"has-post-thumbnail","6":"product_cat-sir-edward-pilttapeedid","7":"product_cat-pilttapeedid","8":"product_cat-romantiline","9":"product_cat-rikkalik","10":"product_cat-skandinaavia","11":"product_cat-vintage-et","12":"product_cat-beezid-tapeedid","13":"product_cat-heledad-tapeedid","14":"product_cat-pastelsed-tapeedid","15":"product_cat-kollased-tapeedid","16":"product_cat-magamistoa-tapeedid","17":"product_cat-soogitoa-tapeedid","18":"product_cat-kulalistetoa-tapeedid","19":"product_cat-kodukontori-tapeedid","20":"product_cat-elutoa-tapeedid","21":"product_cat-vesivarv","22":"product_cat-lilled","23":"product_tag-biofiilia-stiil","24":"product_tag-botaaniline","25":"product_tag-pilttapeet","26":"product_tag-sir-edward-pilttapeedid","27":"product_tag-suured-lilled-et","28":"pa_designedby-sir-edward","30":"first","31":"instock","32":"taxable","33":"shipping-taxable","34":"purchasable","35":"product-type-simple"},"acf":[],"yoast_head":"<!-- This site is optimized with the Yoast SEO plugin v25.9 - https:\/\/yoast.com\/wordpress\/plugins\/seo\/ -->\n<title>Pilttapeet S\u00fcgislilled - suurte, maalitud lilledega tapeedidisain<\/title>\n<meta name=\"description\" content=\"Pilttapeet S\u00fcgislilled - elegantne, hele tapeet suurte lillede ja taimedega. Sinu seina m\u00f5\u00f5dus valmis l\u00f5igatud tapeedipaanid, keskkonnas\u00f5bralikult.\" \/>\n<meta name=\"robots\" content=\"index, follow, max-snippet:-1, max-image-preview:large, max-video-preview:-1\" \/>\n<link rel=\"canonical\" href=\"https:\/\/baubauwall.com\/et\/toode\/pilttapeet-sugislilled\/\" \/>\n<meta property=\"og:locale\" content=\"et_EE\" \/>\n<meta property=\"og:type\" content=\"article\" \/>\n<meta property=\"og:title\" content=\"Pilttapeet S\u00fcgislilled - suurte, maalitud lilledega tapeedidisain\" \/>\n<meta property=\"og:description\" content=\"Pilttapeet S\u00fcgislilled - elegantne, hele tapeet suurte lillede ja taimedega. Sinu seina m\u00f5\u00f5dus valmis l\u00f5igatud tapeedipaanid, keskkonnas\u00f5bralikult.\" \/>\n<meta property=\"og:url\" content=\"https:\/\/baubauwall.com\/et\/toode\/pilttapeet-sugislilled\/\" \/>\n<meta property=\"og:site_name\" content=\"BAUBAUWALL Wallpapers\" \/>\n<meta property=\"article:publisher\" content=\"https:\/\/www.facebook.com\/Baubauwall\" \/>\n<meta property=\"article:modified_time\" content=\"2023-03-23T09:55:29+00:00\" \/>\n<meta property=\"og:image\" content=\"https:\/\/baubauwall.com\/wp-content\/uploads\/2023\/03\/51200258_AutumnFlowers_Baubauwall_Wallmural_room7.jpg\" \/>\n\t<meta property=\"og:image:width\" content=\"2400\" \/>\n\t<meta property=\"og:image:height\" content=\"1600\" \/>\n\t<meta property=\"og:image:type\" content=\"image\/jpeg\" \/>\n<meta name=\"twitter:card\" content=\"summary_large_image\" \/>\n<meta name=\"twitter:label1\" content=\"Est. reading time\" \/>\n\t<meta name=\"twitter:data1\" content=\"1 minut\" \/>\n<script type=\"application\/ld+json\" class=\"yoast-schema-graph\">{\"@context\":\"https:\/\/schema.org\",\"@graph\":[{\"@type\":\"WebPage\",\"@id\":\"https:\/\/baubauwall.com\/et\/toode\/pilttapeet-sugislilled\/\",\"url\":\"https:\/\/baubauwall.com\/et\/toode\/pilttapeet-sugislilled\/\",\"name\":\"Pilttapeet S\u00fcgislilled - suurte, maalitud lilledega tapeedidisain\",\"isPartOf\":{\"@id\":\"https:\/\/baubauwall.com\/et\/#website\"},\"primaryImageOfPage\":{\"@id\":\"https:\/\/baubauwall.com\/et\/toode\/pilttapeet-sugislilled\/#primaryimage\"},\"image\":{\"@id\":\"https:\/\/baubauwall.com\/et\/toode\/pilttapeet-sugislilled\/#primaryimage\"},\"thumbnailUrl\":\"https:\/\/baubauwall.com\/wp-content\/uploads\/2023\/03\/51200258_AutumnFlowers_Baubauwall_Wallmural_room7.jpg\",\"datePublished\":\"2023-03-22T11:14:43+00:00\",\"dateModified\":\"2023-03-23T09:55:29+00:00\",\"description\":\"Pilttapeet S\u00fcgislilled - elegantne, hele tapeet suurte lillede ja taimedega. Sinu seina m\u00f5\u00f5dus valmis l\u00f5igatud tapeedipaanid, keskkonnas\u00f5bralikult.\",\"breadcrumb\":{\"@id\":\"https:\/\/baubauwall.com\/et\/toode\/pilttapeet-sugislilled\/#breadcrumb\"},\"inLanguage\":\"et\",\"potentialAction\":[{\"@type\":\"ReadAction\",\"target\":[\"https:\/\/baubauwall.com\/et\/toode\/pilttapeet-sugislilled\/\"]}]},{\"@type\":\"ImageObject\",\"inLanguage\":\"et\",\"@id\":\"https:\/\/baubauwall.com\/et\/toode\/pilttapeet-sugislilled\/#primaryimage\",\"url\":\"https:\/\/baubauwall.com\/wp-content\/uploads\/2023\/03\/51200258_AutumnFlowers_Baubauwall_Wallmural_room7.jpg\",\"contentUrl\":\"https:\/\/baubauwall.com\/wp-content\/uploads\/2023\/03\/51200258_AutumnFlowers_Baubauwall_Wallmural_room7.jpg\",\"width\":2400,\"height\":1600,\"caption\":\"Beige oversized flowers\"},{\"@type\":\"BreadcrumbList\",\"@id\":\"https:\/\/baubauwall.com\/et\/toode\/pilttapeet-sugislilled\/#breadcrumb\",\"itemListElement\":[{\"@type\":\"ListItem\",\"position\":1,\"name\":\"Koju\",\"item\":\"https:\/\/baubauwall.com\/et\/\"},{\"@type\":\"ListItem\",\"position\":2,\"name\":\"Tapeedid\",\"item\":\"https:\/\/baubauwall.com\/et\/tapeedid\/\"},{\"@type\":\"ListItem\",\"position\":3,\"name\":\"S\u00fcgislilled\"}]},{\"@type\":\"WebSite\",\"@id\":\"https:\/\/baubauwall.com\/et\/#website\",\"url\":\"https:\/\/baubauwall.com\/et\/\",\"name\":\"BAUBAUWALL Wallpapers\",\"description\":\"Valmis paanides tapeet Eestist!\",\"publisher\":{\"@id\":\"https:\/\/baubauwall.com\/et\/#organization\"},\"potentialAction\":[{\"@type\":\"SearchAction\",\"target\":{\"@type\":\"EntryPoint\",\"urlTemplate\":\"https:\/\/baubauwall.com\/et\/?s={search_term_string}\"},\"query-input\":{\"@type\":\"PropertyValueSpecification\",\"valueRequired\":true,\"valueName\":\"search_term_string\"}}],\"inLanguage\":\"et\"},{\"@type\":\"Organization\",\"@id\":\"https:\/\/baubauwall.com\/et\/#organization\",\"name\":\"BAUBAUWALL Wallpapers\",\"url\":\"https:\/\/baubauwall.com\/et\/\",\"logo\":{\"@type\":\"ImageObject\",\"inLanguage\":\"et\",\"@id\":\"https:\/\/baubauwall.com\/et\/#\/schema\/logo\/image\/\",\"url\":\"https:\/\/baubauwall.com\/wp-content\/uploads\/2022\/03\/logo-horizontal.svg\",\"contentUrl\":\"https:\/\/baubauwall.com\/wp-content\/uploads\/2022\/03\/logo-horizontal.svg\",\"width\":\"1024\",\"height\":\"1024\",\"caption\":\"BAUBAUWALL Wallpapers\"},\"image\":{\"@id\":\"https:\/\/baubauwall.com\/et\/#\/schema\/logo\/image\/\"},\"sameAs\":[\"https:\/\/www.facebook.com\/Baubauwall\",\"https:\/\/www.instagram.com\/baubauwall\"]}]}<\/script>\n<!-- \/ Yoast SEO plugin. -->","yoast_head_json":{"title":"Pilttapeet S\u00fcgislilled - suurte, maalitud lilledega tapeedidisain","description":"Pilttapeet S\u00fcgislilled - elegantne, hele tapeet suurte lillede ja taimedega. Sinu seina m\u00f5\u00f5dus valmis l\u00f5igatud tapeedipaanid, keskkonnas\u00f5bralikult.","robots":{"index":"index","follow":"follow","max-snippet":"max-snippet:-1","max-image-preview":"max-image-preview:large","max-video-preview":"max-video-preview:-1"},"canonical":"https:\/\/baubauwall.com\/et\/toode\/pilttapeet-sugislilled\/","og_locale":"et_EE","og_type":"article","og_title":"Pilttapeet S\u00fcgislilled - suurte, maalitud lilledega tapeedidisain","og_description":"Pilttapeet S\u00fcgislilled - elegantne, hele tapeet suurte lillede ja taimedega. Sinu seina m\u00f5\u00f5dus valmis l\u00f5igatud tapeedipaanid, keskkonnas\u00f5bralikult.","og_url":"https:\/\/baubauwall.com\/et\/toode\/pilttapeet-sugislilled\/","og_site_name":"BAUBAUWALL Wallpapers","article_publisher":"https:\/\/www.facebook.com\/Baubauwall","article_modified_time":"2023-03-23T09:55:29+00:00","og_image":[{"width":2400,"height":1600,"url":"https:\/\/baubauwall.com\/wp-content\/uploads\/2023\/03\/51200258_AutumnFlowers_Baubauwall_Wallmural_room7.jpg","type":"image\/jpeg"}],"twitter_card":"summary_large_image","twitter_misc":{"Est. reading time":"1 minut"},"schema":{"@context":"https:\/\/schema.org","@graph":[{"@type":"WebPage","@id":"https:\/\/baubauwall.com\/et\/toode\/pilttapeet-sugislilled\/","url":"https:\/\/baubauwall.com\/et\/toode\/pilttapeet-sugislilled\/","name":"Pilttapeet S\u00fcgislilled - suurte, maalitud lilledega tapeedidisain","isPartOf":{"@id":"https:\/\/baubauwall.com\/et\/#website"},"primaryImageOfPage":{"@id":"https:\/\/baubauwall.com\/et\/toode\/pilttapeet-sugislilled\/#primaryimage"},"image":{"@id":"https:\/\/baubauwall.com\/et\/toode\/pilttapeet-sugislilled\/#primaryimage"},"thumbnailUrl":"https:\/\/baubauwall.com\/wp-content\/uploads\/2023\/03\/51200258_AutumnFlowers_Baubauwall_Wallmural_room7.jpg","datePublished":"2023-03-22T11:14:43+00:00","dateModified":"2023-03-23T09:55:29+00:00","description":"Pilttapeet S\u00fcgislilled - elegantne, hele tapeet suurte lillede ja taimedega. Sinu seina m\u00f5\u00f5dus valmis l\u00f5igatud tapeedipaanid, keskkonnas\u00f5bralikult.","breadcrumb":{"@id":"https:\/\/baubauwall.com\/et\/toode\/pilttapeet-sugislilled\/#breadcrumb"},"inLanguage":"et","potentialAction":[{"@type":"ReadAction","target":["https:\/\/baubauwall.com\/et\/toode\/pilttapeet-sugislilled\/"]}]},{"@type":"ImageObject","inLanguage":"et","@id":"https:\/\/baubauwall.com\/et\/toode\/pilttapeet-sugislilled\/#primaryimage","url":"https:\/\/baubauwall.com\/wp-content\/uploads\/2023\/03\/51200258_AutumnFlowers_Baubauwall_Wallmural_room7.jpg","contentUrl":"https:\/\/baubauwall.com\/wp-content\/uploads\/2023\/03\/51200258_AutumnFlowers_Baubauwall_Wallmural_room7.jpg","width":2400,"height":1600,"caption":"Beige oversized flowers"},{"@type":"BreadcrumbList","@id":"https:\/\/baubauwall.com\/et\/toode\/pilttapeet-sugislilled\/#breadcrumb","itemListElement":[{"@type":"ListItem","position":1,"name":"Koju","item":"https:\/\/baubauwall.com\/et\/"},{"@type":"ListItem","position":2,"name":"Tapeedid","item":"https:\/\/baubauwall.com\/et\/tapeedid\/"},{"@type":"ListItem","position":3,"name":"S\u00fcgislilled"}]},{"@type":"WebSite","@id":"https:\/\/baubauwall.com\/et\/#website","url":"https:\/\/baubauwall.com\/et\/","name":"BAUBAUWALL Wallpapers","description":"Valmis paanides tapeet Eestist!","publisher":{"@id":"https:\/\/baubauwall.com\/et\/#organization"},"potentialAction":[{"@type":"SearchAction","target":{"@type":"EntryPoint","urlTemplate":"https:\/\/baubauwall.com\/et\/?s={search_term_string}"},"query-input":{"@type":"PropertyValueSpecification","valueRequired":true,"valueName":"search_term_string"}}],"inLanguage":"et"},{"@type":"Organization","@id":"https:\/\/baubauwall.com\/et\/#organization","name":"BAUBAUWALL Wallpapers","url":"https:\/\/baubauwall.com\/et\/","logo":{"@type":"ImageObject","inLanguage":"et","@id":"https:\/\/baubauwall.com\/et\/#\/schema\/logo\/image\/","url":"https:\/\/baubauwall.com\/wp-content\/uploads\/2022\/03\/logo-horizontal.svg","contentUrl":"https:\/\/baubauwall.com\/wp-content\/uploads\/2022\/03\/logo-horizontal.svg","width":"1024","height":"1024","caption":"BAUBAUWALL Wallpapers"},"image":{"@id":"https:\/\/baubauwall.com\/et\/#\/schema\/logo\/image\/"},"sameAs":["https:\/\/www.facebook.com\/Baubauwall","https:\/\/www.instagram.com\/baubauwall"]}]}},"jetpack_sharing_enabled":true,"_links":{"self":[{"href":"https:\/\/baubauwall.com\/et\/wp-json\/wp\/v2\/product\/26610","targetHints":{"allow":["GET"]}}],"collection":[{"href":"https:\/\/baubauwall.com\/et\/wp-json\/wp\/v2\/product"}],"about":[{"href":"https:\/\/baubauwall.com\/et\/wp-json\/wp\/v2\/types\/product"}],"replies":[{"embeddable":true,"href":"https:\/\/baubauwall.com\/et\/wp-json\/wp\/v2\/comments?post=26610"}],"wp:featuredmedia":[{"embeddable":true,"href":"https:\/\/baubauwall.com\/et\/wp-json\/wp\/v2\/media\/26615"}],"wp:attachment":[{"href":"https:\/\/baubauwall.com\/et\/wp-json\/wp\/v2\/media?parent=26610"}],"wp:term":[{"taxonomy":"product_brand","embeddable":true,"href":"https:\/\/baubauwall.com\/et\/wp-json\/wp\/v2\/product_brand?post=26610"},{"taxonomy":"product_cat","embeddable":true,"href":"https:\/\/baubauwall.com\/et\/wp-json\/wp\/v2\/product_cat?post=26610"},{"taxonomy":"product_tag","embeddable":true,"href":"https:\/\/baubauwall.com\/et\/wp-json\/wp\/v2\/product_tag?post=26610"}],"curies":[{"name":"wp","href":"https:\/\/api.w.org\/{rel}","templated":true}]}}