{"id":26668,"date":"2023-03-23T09:36:54","date_gmt":"2023-03-23T07:36:54","guid":{"rendered":"https:\/\/baubauwall.com\/?post_type=product&#038;p=26668"},"modified":"2023-03-23T10:03:00","modified_gmt":"2023-03-23T08:03:00","slug":"pilttapeet-liblikate-aed","status":"publish","type":"product","link":"https:\/\/baubauwall.com\/et\/toode\/pilttapeet-liblikate-aed\/","title":{"rendered":"Liblikate aed"},"content":{"rendered":"<p>Kaunilt lihtne, suurte lilledega tapeedidisain, mis on lihtsalt imeline! Lilled ja liblikad &#8211; ideaalne kooslus, olgu see looduses v\u00f5i tapeedil ja Sinu kodus. Loodusest inspireeritud disainid toovad alati valitud interj\u00f6\u00f6ri otsekui l\u00f5hnava lilleaia. Sobita Liblikate aed pilttapeet antiikm\u00f6\u00f6bliga sisustatud elutoa v\u00f5i magamistoa seinale v\u00f5i hoopis aktsentseinale kaasaegse sisekujundusega magamistoas. Ideaalne tapeet sisekujunduses, mis m\u00e4ngib romantilise ja Skandi stiilidega.<\/p>\n<p>Nagu k\u00f5ik meie kordusmustriga tapeedid ja pilttapeedid, on ka see disain tr\u00fckitud\u00a0<a href=\"https:\/\/baubauwall.com\/et\/keskkonnasobralikud-tapeedid\/\" target=\"_blank\" rel=\"noopener\">keskkonnas\u00f5bralike v\u00e4rvidega<\/a>, hingavale fliistapeedi materjalile, mis ei l\u00e4igi ja on lihtne paigaldada. Sinu uus tapeet tuleb valmis l\u00f5igatud ning nummerdatud paanides, mis on t\u00e4pselt nii k\u00f5rged, kui Sinu sein.<\/p>\n<p>&nbsp;<\/p>\n<p>&nbsp;<\/p>\n","protected":false},"excerpt":{"rendered":"<p>Kaunilt lihtne, suurte lilledega tapeedidisain, mis on lihtsalt imeline! Lilled ja liblikad &#8211; ideaalne kooslus, olgu see looduses v\u00f5i tapeedil ja Sinu kodus. Loodusest inspireeritud disainid toovad alati valitud interj\u00f6\u00f6ri otsekui l\u00f5hnava lilleaia. Sobita Liblikate aed pilttapeet antiikm\u00f6\u00f6bliga sisustatud elutoa v\u00f5i magamistoa seinale v\u00f5i hoopis aktsentseinale kaasaegse sisekujundusega magamistoas. Ideaalne tapeet sisekujunduses, mis m\u00e4ngib romantilise [&hellip;]<\/p>\n","protected":false},"featured_media":26673,"comment_status":"open","ping_status":"closed","template":"","meta":{"_acf_changed":false,"inline_featured_image":false},"product_brand":[],"product_cat":[650,387,395,406,273,276,410,413,414,415,416,399,402,254,258,260,561],"product_tag":[563,298,345,638,646],"class_list":{"0":"post-26668","1":"product","2":"type-product","3":"status-publish","4":"has-post-thumbnail","6":"product_cat-sir-edward-pilttapeedid","7":"product_cat-pilttapeedid","8":"product_cat-romantiline","9":"product_cat-klassika","10":"product_cat-heledad-tapeedid","11":"product_cat-pastelsed-tapeedid","12":"product_cat-valge-tapeedid","13":"product_cat-magamistoa-tapeedid","14":"product_cat-soogitoa-tapeedid","15":"product_cat-kulalistetoa-tapeedid","16":"product_cat-esiku-tapeedid","17":"product_cat-kodukontori-tapeedid","18":"product_cat-elutoa-tapeedid","19":"product_cat-loodus","20":"product_cat-putukad-liblikad","21":"product_cat-lilled","22":"product_cat-suvised-tapeedid","23":"product_tag-biofiilia-stiil","24":"product_tag-botaaniline","25":"product_tag-pilttapeet","26":"product_tag-sir-edward-pilttapeedid","27":"product_tag-suured-lilled-et","28":"pa_designedby-sir-edward","30":"first","31":"instock","32":"taxable","33":"shipping-taxable","34":"purchasable","35":"product-type-simple"},"acf":[],"yoast_head":"<!-- This site is optimized with the Yoast SEO plugin v25.9 - https:\/\/yoast.com\/wordpress\/plugins\/seo\/ -->\n<title>Lilleline, \u00f5ite ja liblikatega imekaunis pilttapeet Liblikate aed<\/title>\n<meta name=\"description\" content=\"Pilttapeet suurte lillede ja liblikatega. Lilleline tapeedidisain, mis sobib erinevatesse tubadesse. R\u00e4tsepat\u00f6\u00f6na valmivad tapeedid.\" \/>\n<meta name=\"robots\" content=\"index, follow, max-snippet:-1, max-image-preview:large, max-video-preview:-1\" \/>\n<link rel=\"canonical\" href=\"https:\/\/baubauwall.com\/et\/toode\/pilttapeet-liblikate-aed\/\" \/>\n<meta property=\"og:locale\" content=\"et_EE\" \/>\n<meta property=\"og:type\" content=\"article\" \/>\n<meta property=\"og:title\" content=\"Lilleline, \u00f5ite ja liblikatega imekaunis pilttapeet Liblikate aed\" \/>\n<meta property=\"og:description\" content=\"Pilttapeet suurte lillede ja liblikatega. Lilleline tapeedidisain, mis sobib erinevatesse tubadesse. R\u00e4tsepat\u00f6\u00f6na valmivad tapeedid.\" \/>\n<meta property=\"og:url\" content=\"https:\/\/baubauwall.com\/et\/toode\/pilttapeet-liblikate-aed\/\" \/>\n<meta property=\"og:site_name\" content=\"BAUBAUWALL TAPEEDID\" \/>\n<meta property=\"article:publisher\" content=\"https:\/\/www.facebook.com\/Baubauwall\" \/>\n<meta property=\"article:modified_time\" content=\"2023-03-23T08:03:00+00:00\" \/>\n<meta property=\"og:image\" content=\"https:\/\/baubauwall.com\/wp-content\/uploads\/2023\/03\/51200264_ButterflyGarden_Baubauwall_Wallmural_room3.jpg\" \/>\n\t<meta property=\"og:image:width\" content=\"2481\" \/>\n\t<meta property=\"og:image:height\" content=\"1600\" \/>\n\t<meta property=\"og:image:type\" content=\"image\/jpeg\" \/>\n<meta name=\"twitter:card\" content=\"summary_large_image\" \/>\n<meta name=\"twitter:label1\" content=\"Est. reading time\" \/>\n\t<meta name=\"twitter:data1\" content=\"1 minut\" \/>\n<script type=\"application\/ld+json\" class=\"yoast-schema-graph\">{\"@context\":\"https:\/\/schema.org\",\"@graph\":[{\"@type\":\"WebPage\",\"@id\":\"https:\/\/baubauwall.com\/et\/toode\/pilttapeet-liblikate-aed\/\",\"url\":\"https:\/\/baubauwall.com\/et\/toode\/pilttapeet-liblikate-aed\/\",\"name\":\"Lilleline, \u00f5ite ja liblikatega imekaunis pilttapeet Liblikate aed\",\"isPartOf\":{\"@id\":\"https:\/\/baubauwall.com\/et\/#website\"},\"primaryImageOfPage\":{\"@id\":\"https:\/\/baubauwall.com\/et\/toode\/pilttapeet-liblikate-aed\/#primaryimage\"},\"image\":{\"@id\":\"https:\/\/baubauwall.com\/et\/toode\/pilttapeet-liblikate-aed\/#primaryimage\"},\"thumbnailUrl\":\"https:\/\/baubauwall.com\/wp-content\/uploads\/2023\/03\/51200264_ButterflyGarden_Baubauwall_Wallmural_room3.jpg\",\"datePublished\":\"2023-03-23T07:36:54+00:00\",\"dateModified\":\"2023-03-23T08:03:00+00:00\",\"description\":\"Pilttapeet suurte lillede ja liblikatega. Lilleline tapeedidisain, mis sobib erinevatesse tubadesse. R\u00e4tsepat\u00f6\u00f6na valmivad tapeedid.\",\"breadcrumb\":{\"@id\":\"https:\/\/baubauwall.com\/et\/toode\/pilttapeet-liblikate-aed\/#breadcrumb\"},\"inLanguage\":\"et\",\"potentialAction\":[{\"@type\":\"ReadAction\",\"target\":[\"https:\/\/baubauwall.com\/et\/toode\/pilttapeet-liblikate-aed\/\"]}]},{\"@type\":\"ImageObject\",\"inLanguage\":\"et\",\"@id\":\"https:\/\/baubauwall.com\/et\/toode\/pilttapeet-liblikate-aed\/#primaryimage\",\"url\":\"https:\/\/baubauwall.com\/wp-content\/uploads\/2023\/03\/51200264_ButterflyGarden_Baubauwall_Wallmural_room3.jpg\",\"contentUrl\":\"https:\/\/baubauwall.com\/wp-content\/uploads\/2023\/03\/51200264_ButterflyGarden_Baubauwall_Wallmural_room3.jpg\",\"width\":2481,\"height\":1600},{\"@type\":\"BreadcrumbList\",\"@id\":\"https:\/\/baubauwall.com\/et\/toode\/pilttapeet-liblikate-aed\/#breadcrumb\",\"itemListElement\":[{\"@type\":\"ListItem\",\"position\":1,\"name\":\"Koju\",\"item\":\"https:\/\/baubauwall.com\/et\/\"},{\"@type\":\"ListItem\",\"position\":2,\"name\":\"Tapeedid\",\"item\":\"https:\/\/baubauwall.com\/et\/tapeedid\/\"},{\"@type\":\"ListItem\",\"position\":3,\"name\":\"Liblikate aed\"}]},{\"@type\":\"WebSite\",\"@id\":\"https:\/\/baubauwall.com\/et\/#website\",\"url\":\"https:\/\/baubauwall.com\/et\/\",\"name\":\"BAUBAUWALL Wallpapers\",\"description\":\"Valmis paanides tapeet Eestist!\",\"publisher\":{\"@id\":\"https:\/\/baubauwall.com\/et\/#organization\"},\"potentialAction\":[{\"@type\":\"SearchAction\",\"target\":{\"@type\":\"EntryPoint\",\"urlTemplate\":\"https:\/\/baubauwall.com\/et\/?s={search_term_string}\"},\"query-input\":{\"@type\":\"PropertyValueSpecification\",\"valueRequired\":true,\"valueName\":\"search_term_string\"}}],\"inLanguage\":\"et\"},{\"@type\":\"Organization\",\"@id\":\"https:\/\/baubauwall.com\/et\/#organization\",\"name\":\"BAUBAUWALL Wallpapers\",\"url\":\"https:\/\/baubauwall.com\/et\/\",\"logo\":{\"@type\":\"ImageObject\",\"inLanguage\":\"et\",\"@id\":\"https:\/\/baubauwall.com\/et\/#\/schema\/logo\/image\/\",\"url\":\"https:\/\/baubauwall.com\/wp-content\/uploads\/2022\/03\/logo-horizontal.svg\",\"contentUrl\":\"https:\/\/baubauwall.com\/wp-content\/uploads\/2022\/03\/logo-horizontal.svg\",\"width\":\"1024\",\"height\":\"1024\",\"caption\":\"BAUBAUWALL Wallpapers\"},\"image\":{\"@id\":\"https:\/\/baubauwall.com\/et\/#\/schema\/logo\/image\/\"},\"sameAs\":[\"https:\/\/www.facebook.com\/Baubauwall\",\"https:\/\/www.instagram.com\/baubauwall\"]}]}<\/script>\n<!-- \/ Yoast SEO plugin. -->","yoast_head_json":{"title":"Lilleline, \u00f5ite ja liblikatega imekaunis pilttapeet Liblikate aed","description":"Pilttapeet suurte lillede ja liblikatega. Lilleline tapeedidisain, mis sobib erinevatesse tubadesse. R\u00e4tsepat\u00f6\u00f6na valmivad tapeedid.","robots":{"index":"index","follow":"follow","max-snippet":"max-snippet:-1","max-image-preview":"max-image-preview:large","max-video-preview":"max-video-preview:-1"},"canonical":"https:\/\/baubauwall.com\/et\/toode\/pilttapeet-liblikate-aed\/","og_locale":"et_EE","og_type":"article","og_title":"Lilleline, \u00f5ite ja liblikatega imekaunis pilttapeet Liblikate aed","og_description":"Pilttapeet suurte lillede ja liblikatega. Lilleline tapeedidisain, mis sobib erinevatesse tubadesse. R\u00e4tsepat\u00f6\u00f6na valmivad tapeedid.","og_url":"https:\/\/baubauwall.com\/et\/toode\/pilttapeet-liblikate-aed\/","og_site_name":"BAUBAUWALL TAPEEDID","article_publisher":"https:\/\/www.facebook.com\/Baubauwall","article_modified_time":"2023-03-23T08:03:00+00:00","og_image":[{"width":2481,"height":1600,"url":"https:\/\/baubauwall.com\/wp-content\/uploads\/2023\/03\/51200264_ButterflyGarden_Baubauwall_Wallmural_room3.jpg","type":"image\/jpeg"}],"twitter_card":"summary_large_image","twitter_misc":{"Est. reading time":"1 minut"},"schema":{"@context":"https:\/\/schema.org","@graph":[{"@type":"WebPage","@id":"https:\/\/baubauwall.com\/et\/toode\/pilttapeet-liblikate-aed\/","url":"https:\/\/baubauwall.com\/et\/toode\/pilttapeet-liblikate-aed\/","name":"Lilleline, \u00f5ite ja liblikatega imekaunis pilttapeet Liblikate aed","isPartOf":{"@id":"https:\/\/baubauwall.com\/et\/#website"},"primaryImageOfPage":{"@id":"https:\/\/baubauwall.com\/et\/toode\/pilttapeet-liblikate-aed\/#primaryimage"},"image":{"@id":"https:\/\/baubauwall.com\/et\/toode\/pilttapeet-liblikate-aed\/#primaryimage"},"thumbnailUrl":"https:\/\/baubauwall.com\/wp-content\/uploads\/2023\/03\/51200264_ButterflyGarden_Baubauwall_Wallmural_room3.jpg","datePublished":"2023-03-23T07:36:54+00:00","dateModified":"2023-03-23T08:03:00+00:00","description":"Pilttapeet suurte lillede ja liblikatega. Lilleline tapeedidisain, mis sobib erinevatesse tubadesse. R\u00e4tsepat\u00f6\u00f6na valmivad tapeedid.","breadcrumb":{"@id":"https:\/\/baubauwall.com\/et\/toode\/pilttapeet-liblikate-aed\/#breadcrumb"},"inLanguage":"et","potentialAction":[{"@type":"ReadAction","target":["https:\/\/baubauwall.com\/et\/toode\/pilttapeet-liblikate-aed\/"]}]},{"@type":"ImageObject","inLanguage":"et","@id":"https:\/\/baubauwall.com\/et\/toode\/pilttapeet-liblikate-aed\/#primaryimage","url":"https:\/\/baubauwall.com\/wp-content\/uploads\/2023\/03\/51200264_ButterflyGarden_Baubauwall_Wallmural_room3.jpg","contentUrl":"https:\/\/baubauwall.com\/wp-content\/uploads\/2023\/03\/51200264_ButterflyGarden_Baubauwall_Wallmural_room3.jpg","width":2481,"height":1600},{"@type":"BreadcrumbList","@id":"https:\/\/baubauwall.com\/et\/toode\/pilttapeet-liblikate-aed\/#breadcrumb","itemListElement":[{"@type":"ListItem","position":1,"name":"Koju","item":"https:\/\/baubauwall.com\/et\/"},{"@type":"ListItem","position":2,"name":"Tapeedid","item":"https:\/\/baubauwall.com\/et\/tapeedid\/"},{"@type":"ListItem","position":3,"name":"Liblikate aed"}]},{"@type":"WebSite","@id":"https:\/\/baubauwall.com\/et\/#website","url":"https:\/\/baubauwall.com\/et\/","name":"BAUBAUWALL Wallpapers","description":"Valmis paanides tapeet Eestist!","publisher":{"@id":"https:\/\/baubauwall.com\/et\/#organization"},"potentialAction":[{"@type":"SearchAction","target":{"@type":"EntryPoint","urlTemplate":"https:\/\/baubauwall.com\/et\/?s={search_term_string}"},"query-input":{"@type":"PropertyValueSpecification","valueRequired":true,"valueName":"search_term_string"}}],"inLanguage":"et"},{"@type":"Organization","@id":"https:\/\/baubauwall.com\/et\/#organization","name":"BAUBAUWALL Wallpapers","url":"https:\/\/baubauwall.com\/et\/","logo":{"@type":"ImageObject","inLanguage":"et","@id":"https:\/\/baubauwall.com\/et\/#\/schema\/logo\/image\/","url":"https:\/\/baubauwall.com\/wp-content\/uploads\/2022\/03\/logo-horizontal.svg","contentUrl":"https:\/\/baubauwall.com\/wp-content\/uploads\/2022\/03\/logo-horizontal.svg","width":"1024","height":"1024","caption":"BAUBAUWALL Wallpapers"},"image":{"@id":"https:\/\/baubauwall.com\/et\/#\/schema\/logo\/image\/"},"sameAs":["https:\/\/www.facebook.com\/Baubauwall","https:\/\/www.instagram.com\/baubauwall"]}]}},"jetpack_sharing_enabled":true,"_links":{"self":[{"href":"https:\/\/baubauwall.com\/et\/wp-json\/wp\/v2\/product\/26668","targetHints":{"allow":["GET"]}}],"collection":[{"href":"https:\/\/baubauwall.com\/et\/wp-json\/wp\/v2\/product"}],"about":[{"href":"https:\/\/baubauwall.com\/et\/wp-json\/wp\/v2\/types\/product"}],"replies":[{"embeddable":true,"href":"https:\/\/baubauwall.com\/et\/wp-json\/wp\/v2\/comments?post=26668"}],"wp:featuredmedia":[{"embeddable":true,"href":"https:\/\/baubauwall.com\/et\/wp-json\/wp\/v2\/media\/26673"}],"wp:attachment":[{"href":"https:\/\/baubauwall.com\/et\/wp-json\/wp\/v2\/media?parent=26668"}],"wp:term":[{"taxonomy":"product_brand","embeddable":true,"href":"https:\/\/baubauwall.com\/et\/wp-json\/wp\/v2\/product_brand?post=26668"},{"taxonomy":"product_cat","embeddable":true,"href":"https:\/\/baubauwall.com\/et\/wp-json\/wp\/v2\/product_cat?post=26668"},{"taxonomy":"product_tag","embeddable":true,"href":"https:\/\/baubauwall.com\/et\/wp-json\/wp\/v2\/product_tag?post=26668"}],"curies":[{"name":"wp","href":"https:\/\/api.w.org\/{rel}","templated":true}]}}