{"id":26812,"date":"2023-03-24T11:33:30","date_gmt":"2023-03-24T09:33:30","guid":{"rendered":"https:\/\/baubauwall.com\/?post_type=product&#038;p=26812"},"modified":"2023-06-02T08:57:10","modified_gmt":"2023-06-02T06:57:10","slug":"pilttapeet-vesirooside-aed","status":"publish","type":"product","link":"https:\/\/baubauwall.com\/et\/toode\/pilttapeet-vesirooside-aed\/","title":{"rendered":"Vesirooside aed"},"content":{"rendered":"<p>Kas kirev, tiheda mustriga tapeet tundub hirmutav m\u00f5te? Sel juhul v\u00f5iks Sinu koju sobida h\u00e4sti tapeet aktseinal lahendus. Vesirooside aed pilttapeet v\u00f5iks olla just see disain \u2013 suured, \u00fcle-elu suurused lilled mahedal bee\u017eil taustal ei m\u00f5ju koormavalt. Vastupidi, see efektne lahendus, mis tekitab kodus vau efekti. Paigalda pilttapeet s\u00f6\u00f6gitoa v\u00f5i magamistoa aktsentseinale ning muud seinad maali kreemikaks. P\u00f5hjamaine ja maitsekas valik ongi olemas ning kuhu on lihtne sobitada juurde m\u00f6\u00f6blit.<\/p>\n<p>Nagu k\u00f5ik meie tapeedid on ka see tapeet tr\u00fckitud keskkonnas\u00f5bralike v\u00e4rvidega hingavale, fliistapeedi materjalile. Sinu uus tapeet on l\u00f5igatud nummerdatud paanideks \u2013 t\u00e4pselt nii pikad, kui Sinu sein. Kuidas t\u00f6\u00f6tab nutikas tapeediteenus ja kuidas fliistapeeti <a href=\"https:\/\/baubauwall.com\/wp-content\/uploads\/2022\/03\/Paigaldusjuhis_baubauwalli_tapeet_web.pdf\">paigaldada<\/a> \u2013 loe l\u00e4hemalt<a href=\"https:\/\/baubauwall.com\/et\/kuidas-see-tootab\/\" target=\"_blank\" rel=\"noopener\">\u00a0siit.<\/a><\/p>\n<p>&nbsp;<\/p>\n","protected":false},"excerpt":{"rendered":"<p>Kas kirev, tiheda mustriga tapeet tundub hirmutav m\u00f5te? Sel juhul v\u00f5iks Sinu koju sobida h\u00e4sti tapeet aktseinal lahendus. Vesirooside aed pilttapeet v\u00f5iks olla just see disain \u2013 suured, \u00fcle-elu suurused lilled mahedal bee\u017eil taustal ei m\u00f5ju koormavalt. Vastupidi, see efektne lahendus, mis tekitab kodus vau efekti. Paigalda pilttapeet s\u00f6\u00f6gitoa v\u00f5i magamistoa aktsentseinale ning muud seinad [&hellip;]<\/p>\n","protected":false},"featured_media":26838,"comment_status":"open","ping_status":"closed","template":"","meta":{"_acf_changed":false,"inline_featured_image":false},"product_brand":[],"product_cat":[650,387,395,396,271,273,276,413,414,415,402,583,254,260,561],"product_tag":[563,345,638,646,381],"class_list":{"0":"post-26812","1":"product","2":"type-product","3":"status-publish","4":"has-post-thumbnail","6":"product_cat-sir-edward-pilttapeedid","7":"product_cat-pilttapeedid","8":"product_cat-romantiline","9":"product_cat-skandinaavia","10":"product_cat-rohelised-tapeedid","11":"product_cat-heledad-tapeedid","12":"product_cat-pastelsed-tapeedid","13":"product_cat-magamistoa-tapeedid","14":"product_cat-soogitoa-tapeedid","15":"product_cat-kulalistetoa-tapeedid","16":"product_cat-elutoa-tapeedid","17":"product_cat-vesivarv","18":"product_cat-loodus","19":"product_cat-lilled","20":"product_cat-suvised-tapeedid","21":"product_tag-biofiilia-stiil","22":"product_tag-pilttapeet","23":"product_tag-sir-edward-pilttapeedid","24":"product_tag-suured-lilled-et","25":"product_tag-vesivarv","26":"pa_designedby-sir-edward","28":"first","29":"instock","30":"taxable","31":"shipping-taxable","32":"purchasable","33":"product-type-simple"},"acf":[],"yoast_head":"<!-- This site is optimized with the Yoast SEO plugin v25.9 - https:\/\/yoast.com\/wordpress\/plugins\/seo\/ -->\n<title>Vesirooside aed - hele pilttapeet suurte lilledega. Efektne disain<\/title>\n<meta name=\"description\" content=\"Mahe pilttapeet suurte lilledega. Biofiilia stiilis efektne p\u00f5hjamaine tapeet, mis sobib aktsentseina. Magamistuppa, elutoa seinale.\" \/>\n<meta name=\"robots\" content=\"index, follow, max-snippet:-1, max-image-preview:large, max-video-preview:-1\" \/>\n<link rel=\"canonical\" href=\"https:\/\/baubauwall.com\/et\/toode\/pilttapeet-vesirooside-aed\/\" \/>\n<meta property=\"og:locale\" content=\"et_EE\" \/>\n<meta property=\"og:type\" content=\"article\" \/>\n<meta property=\"og:title\" content=\"Vesirooside aed - hele pilttapeet suurte lilledega. Efektne disain\" \/>\n<meta property=\"og:description\" content=\"Mahe pilttapeet suurte lilledega. Biofiilia stiilis efektne p\u00f5hjamaine tapeet, mis sobib aktsentseina. Magamistuppa, elutoa seinale.\" \/>\n<meta property=\"og:url\" content=\"https:\/\/baubauwall.com\/et\/toode\/pilttapeet-vesirooside-aed\/\" \/>\n<meta property=\"og:site_name\" content=\"BAUBAUWALL TAPEEDID\" \/>\n<meta property=\"article:publisher\" content=\"https:\/\/www.facebook.com\/Baubauwall\" \/>\n<meta property=\"article:modified_time\" content=\"2023-06-02T06:57:10+00:00\" \/>\n<meta property=\"og:image\" content=\"https:\/\/baubauwall.com\/wp-content\/uploads\/2023\/03\/51200279_LovelyWaterLillies_Baubauwall_Wallmural_room3.jpg\" \/>\n\t<meta property=\"og:image:width\" content=\"2247\" \/>\n\t<meta property=\"og:image:height\" content=\"1600\" \/>\n\t<meta property=\"og:image:type\" content=\"image\/jpeg\" \/>\n<meta name=\"twitter:card\" content=\"summary_large_image\" \/>\n<meta name=\"twitter:label1\" content=\"Est. reading time\" \/>\n\t<meta name=\"twitter:data1\" content=\"1 minut\" \/>\n<script type=\"application\/ld+json\" class=\"yoast-schema-graph\">{\"@context\":\"https:\/\/schema.org\",\"@graph\":[{\"@type\":\"WebPage\",\"@id\":\"https:\/\/baubauwall.com\/et\/toode\/pilttapeet-vesirooside-aed\/\",\"url\":\"https:\/\/baubauwall.com\/et\/toode\/pilttapeet-vesirooside-aed\/\",\"name\":\"Vesirooside aed - hele pilttapeet suurte lilledega. Efektne disain\",\"isPartOf\":{\"@id\":\"https:\/\/baubauwall.com\/et\/#website\"},\"primaryImageOfPage\":{\"@id\":\"https:\/\/baubauwall.com\/et\/toode\/pilttapeet-vesirooside-aed\/#primaryimage\"},\"image\":{\"@id\":\"https:\/\/baubauwall.com\/et\/toode\/pilttapeet-vesirooside-aed\/#primaryimage\"},\"thumbnailUrl\":\"https:\/\/baubauwall.com\/wp-content\/uploads\/2023\/03\/51200279_LovelyWaterLillies_Baubauwall_Wallmural_room3.jpg\",\"datePublished\":\"2023-03-24T09:33:30+00:00\",\"dateModified\":\"2023-06-02T06:57:10+00:00\",\"description\":\"Mahe pilttapeet suurte lilledega. Biofiilia stiilis efektne p\u00f5hjamaine tapeet, mis sobib aktsentseina. Magamistuppa, elutoa seinale.\",\"breadcrumb\":{\"@id\":\"https:\/\/baubauwall.com\/et\/toode\/pilttapeet-vesirooside-aed\/#breadcrumb\"},\"inLanguage\":\"et\",\"potentialAction\":[{\"@type\":\"ReadAction\",\"target\":[\"https:\/\/baubauwall.com\/et\/toode\/pilttapeet-vesirooside-aed\/\"]}]},{\"@type\":\"ImageObject\",\"inLanguage\":\"et\",\"@id\":\"https:\/\/baubauwall.com\/et\/toode\/pilttapeet-vesirooside-aed\/#primaryimage\",\"url\":\"https:\/\/baubauwall.com\/wp-content\/uploads\/2023\/03\/51200279_LovelyWaterLillies_Baubauwall_Wallmural_room3.jpg\",\"contentUrl\":\"https:\/\/baubauwall.com\/wp-content\/uploads\/2023\/03\/51200279_LovelyWaterLillies_Baubauwall_Wallmural_room3.jpg\",\"width\":2247,\"height\":1600,\"caption\":\"Who could resist the lotus flower mural wallpaper in such scale?\"},{\"@type\":\"BreadcrumbList\",\"@id\":\"https:\/\/baubauwall.com\/et\/toode\/pilttapeet-vesirooside-aed\/#breadcrumb\",\"itemListElement\":[{\"@type\":\"ListItem\",\"position\":1,\"name\":\"Koju\",\"item\":\"https:\/\/baubauwall.com\/et\/\"},{\"@type\":\"ListItem\",\"position\":2,\"name\":\"Tapeedid\",\"item\":\"https:\/\/baubauwall.com\/et\/tapeedid\/\"},{\"@type\":\"ListItem\",\"position\":3,\"name\":\"Vesirooside aed\"}]},{\"@type\":\"WebSite\",\"@id\":\"https:\/\/baubauwall.com\/et\/#website\",\"url\":\"https:\/\/baubauwall.com\/et\/\",\"name\":\"BAUBAUWALL Wallpapers\",\"description\":\"Valmis paanides tapeet Eestist!\",\"publisher\":{\"@id\":\"https:\/\/baubauwall.com\/et\/#organization\"},\"potentialAction\":[{\"@type\":\"SearchAction\",\"target\":{\"@type\":\"EntryPoint\",\"urlTemplate\":\"https:\/\/baubauwall.com\/et\/?s={search_term_string}\"},\"query-input\":{\"@type\":\"PropertyValueSpecification\",\"valueRequired\":true,\"valueName\":\"search_term_string\"}}],\"inLanguage\":\"et\"},{\"@type\":\"Organization\",\"@id\":\"https:\/\/baubauwall.com\/et\/#organization\",\"name\":\"BAUBAUWALL Wallpapers\",\"url\":\"https:\/\/baubauwall.com\/et\/\",\"logo\":{\"@type\":\"ImageObject\",\"inLanguage\":\"et\",\"@id\":\"https:\/\/baubauwall.com\/et\/#\/schema\/logo\/image\/\",\"url\":\"https:\/\/baubauwall.com\/wp-content\/uploads\/2022\/03\/logo-horizontal.svg\",\"contentUrl\":\"https:\/\/baubauwall.com\/wp-content\/uploads\/2022\/03\/logo-horizontal.svg\",\"width\":\"1024\",\"height\":\"1024\",\"caption\":\"BAUBAUWALL Wallpapers\"},\"image\":{\"@id\":\"https:\/\/baubauwall.com\/et\/#\/schema\/logo\/image\/\"},\"sameAs\":[\"https:\/\/www.facebook.com\/Baubauwall\",\"https:\/\/www.instagram.com\/baubauwall\"]}]}<\/script>\n<!-- \/ Yoast SEO plugin. -->","yoast_head_json":{"title":"Vesirooside aed - hele pilttapeet suurte lilledega. Efektne disain","description":"Mahe pilttapeet suurte lilledega. Biofiilia stiilis efektne p\u00f5hjamaine tapeet, mis sobib aktsentseina. Magamistuppa, elutoa seinale.","robots":{"index":"index","follow":"follow","max-snippet":"max-snippet:-1","max-image-preview":"max-image-preview:large","max-video-preview":"max-video-preview:-1"},"canonical":"https:\/\/baubauwall.com\/et\/toode\/pilttapeet-vesirooside-aed\/","og_locale":"et_EE","og_type":"article","og_title":"Vesirooside aed - hele pilttapeet suurte lilledega. Efektne disain","og_description":"Mahe pilttapeet suurte lilledega. Biofiilia stiilis efektne p\u00f5hjamaine tapeet, mis sobib aktsentseina. Magamistuppa, elutoa seinale.","og_url":"https:\/\/baubauwall.com\/et\/toode\/pilttapeet-vesirooside-aed\/","og_site_name":"BAUBAUWALL TAPEEDID","article_publisher":"https:\/\/www.facebook.com\/Baubauwall","article_modified_time":"2023-06-02T06:57:10+00:00","og_image":[{"width":2247,"height":1600,"url":"https:\/\/baubauwall.com\/wp-content\/uploads\/2023\/03\/51200279_LovelyWaterLillies_Baubauwall_Wallmural_room3.jpg","type":"image\/jpeg"}],"twitter_card":"summary_large_image","twitter_misc":{"Est. reading time":"1 minut"},"schema":{"@context":"https:\/\/schema.org","@graph":[{"@type":"WebPage","@id":"https:\/\/baubauwall.com\/et\/toode\/pilttapeet-vesirooside-aed\/","url":"https:\/\/baubauwall.com\/et\/toode\/pilttapeet-vesirooside-aed\/","name":"Vesirooside aed - hele pilttapeet suurte lilledega. Efektne disain","isPartOf":{"@id":"https:\/\/baubauwall.com\/et\/#website"},"primaryImageOfPage":{"@id":"https:\/\/baubauwall.com\/et\/toode\/pilttapeet-vesirooside-aed\/#primaryimage"},"image":{"@id":"https:\/\/baubauwall.com\/et\/toode\/pilttapeet-vesirooside-aed\/#primaryimage"},"thumbnailUrl":"https:\/\/baubauwall.com\/wp-content\/uploads\/2023\/03\/51200279_LovelyWaterLillies_Baubauwall_Wallmural_room3.jpg","datePublished":"2023-03-24T09:33:30+00:00","dateModified":"2023-06-02T06:57:10+00:00","description":"Mahe pilttapeet suurte lilledega. Biofiilia stiilis efektne p\u00f5hjamaine tapeet, mis sobib aktsentseina. Magamistuppa, elutoa seinale.","breadcrumb":{"@id":"https:\/\/baubauwall.com\/et\/toode\/pilttapeet-vesirooside-aed\/#breadcrumb"},"inLanguage":"et","potentialAction":[{"@type":"ReadAction","target":["https:\/\/baubauwall.com\/et\/toode\/pilttapeet-vesirooside-aed\/"]}]},{"@type":"ImageObject","inLanguage":"et","@id":"https:\/\/baubauwall.com\/et\/toode\/pilttapeet-vesirooside-aed\/#primaryimage","url":"https:\/\/baubauwall.com\/wp-content\/uploads\/2023\/03\/51200279_LovelyWaterLillies_Baubauwall_Wallmural_room3.jpg","contentUrl":"https:\/\/baubauwall.com\/wp-content\/uploads\/2023\/03\/51200279_LovelyWaterLillies_Baubauwall_Wallmural_room3.jpg","width":2247,"height":1600,"caption":"Who could resist the lotus flower mural wallpaper in such scale?"},{"@type":"BreadcrumbList","@id":"https:\/\/baubauwall.com\/et\/toode\/pilttapeet-vesirooside-aed\/#breadcrumb","itemListElement":[{"@type":"ListItem","position":1,"name":"Koju","item":"https:\/\/baubauwall.com\/et\/"},{"@type":"ListItem","position":2,"name":"Tapeedid","item":"https:\/\/baubauwall.com\/et\/tapeedid\/"},{"@type":"ListItem","position":3,"name":"Vesirooside aed"}]},{"@type":"WebSite","@id":"https:\/\/baubauwall.com\/et\/#website","url":"https:\/\/baubauwall.com\/et\/","name":"BAUBAUWALL Wallpapers","description":"Valmis paanides tapeet Eestist!","publisher":{"@id":"https:\/\/baubauwall.com\/et\/#organization"},"potentialAction":[{"@type":"SearchAction","target":{"@type":"EntryPoint","urlTemplate":"https:\/\/baubauwall.com\/et\/?s={search_term_string}"},"query-input":{"@type":"PropertyValueSpecification","valueRequired":true,"valueName":"search_term_string"}}],"inLanguage":"et"},{"@type":"Organization","@id":"https:\/\/baubauwall.com\/et\/#organization","name":"BAUBAUWALL Wallpapers","url":"https:\/\/baubauwall.com\/et\/","logo":{"@type":"ImageObject","inLanguage":"et","@id":"https:\/\/baubauwall.com\/et\/#\/schema\/logo\/image\/","url":"https:\/\/baubauwall.com\/wp-content\/uploads\/2022\/03\/logo-horizontal.svg","contentUrl":"https:\/\/baubauwall.com\/wp-content\/uploads\/2022\/03\/logo-horizontal.svg","width":"1024","height":"1024","caption":"BAUBAUWALL Wallpapers"},"image":{"@id":"https:\/\/baubauwall.com\/et\/#\/schema\/logo\/image\/"},"sameAs":["https:\/\/www.facebook.com\/Baubauwall","https:\/\/www.instagram.com\/baubauwall"]}]}},"jetpack_sharing_enabled":true,"_links":{"self":[{"href":"https:\/\/baubauwall.com\/et\/wp-json\/wp\/v2\/product\/26812","targetHints":{"allow":["GET"]}}],"collection":[{"href":"https:\/\/baubauwall.com\/et\/wp-json\/wp\/v2\/product"}],"about":[{"href":"https:\/\/baubauwall.com\/et\/wp-json\/wp\/v2\/types\/product"}],"replies":[{"embeddable":true,"href":"https:\/\/baubauwall.com\/et\/wp-json\/wp\/v2\/comments?post=26812"}],"wp:featuredmedia":[{"embeddable":true,"href":"https:\/\/baubauwall.com\/et\/wp-json\/wp\/v2\/media\/26838"}],"wp:attachment":[{"href":"https:\/\/baubauwall.com\/et\/wp-json\/wp\/v2\/media?parent=26812"}],"wp:term":[{"taxonomy":"product_brand","embeddable":true,"href":"https:\/\/baubauwall.com\/et\/wp-json\/wp\/v2\/product_brand?post=26812"},{"taxonomy":"product_cat","embeddable":true,"href":"https:\/\/baubauwall.com\/et\/wp-json\/wp\/v2\/product_cat?post=26812"},{"taxonomy":"product_tag","embeddable":true,"href":"https:\/\/baubauwall.com\/et\/wp-json\/wp\/v2\/product_tag?post=26812"}],"curies":[{"name":"wp","href":"https:\/\/api.w.org\/{rel}","templated":true}]}}