{"id":27096,"date":"2023-03-25T17:00:19","date_gmt":"2023-03-25T15:00:19","guid":{"rendered":"https:\/\/baubauwall.com\/product\/foxglove-flowers-wall-mural\/"},"modified":"2023-06-02T08:59:28","modified_gmt":"2023-06-02T06:59:28","slug":"pilttapeet-sormkubarate-aas","status":"publish","type":"product","link":"https:\/\/baubauwall.com\/et\/toode\/pilttapeet-sormkubarate-aas\/","title":{"rendered":"S\u00f5rmk\u00fcbarate aas"},"content":{"rendered":"<p>Botaanilises stiilis tapeedid ei l\u00e4he iialgi moest. Kui pelgad kordusmustreid tapeedil, siis vali pilttapeet. Pilttapeet ongi nagu \u00fcks suur, terviklik kunstiteos seinal. S\u00f5rmk\u00fcbarate aas disain on justnagu p\u00e4ris suvine lilleaed, aga Sinu tapeedil ja aastaringselt. Efektsed suured lillakat tooni lilled ja lehed moodustavad ilusa terviku.\u00a0Pilttapeet on hea lahendus just aktsentseinale kaasaegse, romantilise noodiga sisekujundusega magamistoas v\u00f5i elutoas.<\/p>\n<p>Nagu k\u00f5ik meie kordusmustriga tapeedid ja pilttapeedid, on ka see disain tr\u00fckitud\u00a0<a href=\"https:\/\/baubauwall.com\/et\/keskkonnasobralikud-tapeedid\/\" target=\"_blank\" rel=\"noopener\">keskkonnas\u00f5bralike v\u00e4rvidega<\/a>, hingavale fliistapeedi materjalile, mis ei l\u00e4igi ja on lihtne paigaldada.\u00a0Sinu uus tapeet on l\u00f5igatud nummerdatud paanideks \u2013 t\u00e4pselt nii pikad, kui Sinu sein. Kuidas t\u00f6\u00f6tab nutikas tapeediteenus ja kuidas fliistapeeti <a href=\"https:\/\/baubauwall.com\/wp-content\/uploads\/2022\/03\/Paigaldusjuhis_baubauwalli_tapeet_web.pdf\">paigaldada<\/a> \u2013 loe l\u00e4hemalt<a href=\"https:\/\/baubauwall.com\/et\/kuidas-see-tootab\/\" target=\"_blank\" rel=\"noopener\">\u00a0siit.<\/a><\/p>\n<p>&nbsp;<\/p>\n<p>&nbsp;<\/p>\n<p>&nbsp;<\/p>\n","protected":false},"excerpt":{"rendered":"<p>Botaanilises stiilis tapeedid ei l\u00e4he iialgi moest. Kui pelgad kordusmustreid tapeedil, siis vali pilttapeet. Pilttapeet ongi nagu \u00fcks suur, terviklik kunstiteos seinal. S\u00f5rmk\u00fcbarate aas disain on justnagu p\u00e4ris suvine lilleaed, aga Sinu tapeedil ja aastaringselt. Efektsed suured lillakat tooni lilled ja lehed moodustavad ilusa terviku.\u00a0Pilttapeet on hea lahendus just aktsentseinale kaasaegse, romantilise noodiga sisekujundusega magamistoas [&hellip;]<\/p>\n","protected":false},"featured_media":27076,"comment_status":"open","ping_status":"closed","template":"","meta":{"_acf_changed":false,"inline_featured_image":false},"product_brand":[],"product_cat":[650,387,395,396,268,271,276,278,417,413,414,415,402,254,260,561],"product_tag":[563,298,345,638,646],"class_list":{"0":"post-27096","1":"product","2":"type-product","3":"status-publish","4":"has-post-thumbnail","6":"product_cat-sir-edward-pilttapeedid","7":"product_cat-pilttapeedid","8":"product_cat-romantiline","9":"product_cat-skandinaavia","10":"product_cat-kirkad-tapeedid","11":"product_cat-rohelised-tapeedid","12":"product_cat-pastelsed-tapeedid","13":"product_cat-roosad-tapeedid","14":"product_cat-purpur-tapeedid","15":"product_cat-magamistoa-tapeedid","16":"product_cat-soogitoa-tapeedid","17":"product_cat-kulalistetoa-tapeedid","18":"product_cat-elutoa-tapeedid","19":"product_cat-loodus","20":"product_cat-lilled","21":"product_cat-suvised-tapeedid","22":"product_tag-biofiilia-stiil","23":"product_tag-botaaniline","24":"product_tag-pilttapeet","25":"product_tag-sir-edward-pilttapeedid","26":"product_tag-suured-lilled-et","27":"pa_designedby-sir-edward","29":"first","30":"instock","31":"taxable","32":"shipping-taxable","33":"purchasable","34":"product-type-simple"},"acf":[],"yoast_head":"<!-- This site is optimized with the Yoast SEO plugin v25.9 - https:\/\/yoast.com\/wordpress\/plugins\/seo\/ -->\n<title>Suurte lilledega imekaunis pilttapeet. Idee aktsentseina tapeediks<\/title>\n<meta name=\"description\" content=\"Pilttapeet suurte \u00f5ite, taimede ja s\u00f5rmk\u00fcbara lilledega. Botaaniline, lillakas tapeedidisain, mis sobib aktsentseinale. R\u00e4tsepat\u00f6\u00f6na valmivad tapeedid.\" \/>\n<meta name=\"robots\" content=\"index, follow, max-snippet:-1, max-image-preview:large, max-video-preview:-1\" \/>\n<link rel=\"canonical\" href=\"https:\/\/baubauwall.com\/et\/toode\/pilttapeet-sormkubarate-aas\/\" \/>\n<meta property=\"og:locale\" content=\"et_EE\" \/>\n<meta property=\"og:type\" content=\"article\" \/>\n<meta property=\"og:title\" content=\"Suurte lilledega imekaunis pilttapeet. Idee aktsentseina tapeediks\" \/>\n<meta property=\"og:description\" content=\"Pilttapeet suurte \u00f5ite, taimede ja s\u00f5rmk\u00fcbara lilledega. Botaaniline, lillakas tapeedidisain, mis sobib aktsentseinale. R\u00e4tsepat\u00f6\u00f6na valmivad tapeedid.\" \/>\n<meta property=\"og:url\" content=\"https:\/\/baubauwall.com\/et\/toode\/pilttapeet-sormkubarate-aas\/\" \/>\n<meta property=\"og:site_name\" content=\"BAUBAUWALL Wallpapers\" \/>\n<meta property=\"article:publisher\" content=\"https:\/\/www.facebook.com\/Baubauwall\" \/>\n<meta property=\"article:modified_time\" content=\"2023-06-02T06:59:28+00:00\" \/>\n<meta property=\"og:image\" content=\"https:\/\/baubauwall.com\/wp-content\/uploads\/2022\/11\/51200271_FoxgloveFlowers_Baubauwall_Wallmural_room6.jpg\" \/>\n\t<meta property=\"og:image:width\" content=\"1813\" \/>\n\t<meta property=\"og:image:height\" content=\"1600\" \/>\n\t<meta property=\"og:image:type\" content=\"image\/jpeg\" \/>\n<meta name=\"twitter:card\" content=\"summary_large_image\" \/>\n<meta name=\"twitter:label1\" content=\"Est. reading time\" \/>\n\t<meta name=\"twitter:data1\" content=\"1 minut\" \/>\n<script type=\"application\/ld+json\" class=\"yoast-schema-graph\">{\"@context\":\"https:\/\/schema.org\",\"@graph\":[{\"@type\":\"WebPage\",\"@id\":\"https:\/\/baubauwall.com\/et\/toode\/pilttapeet-sormkubarate-aas\/\",\"url\":\"https:\/\/baubauwall.com\/et\/toode\/pilttapeet-sormkubarate-aas\/\",\"name\":\"Suurte lilledega imekaunis pilttapeet. Idee aktsentseina tapeediks\",\"isPartOf\":{\"@id\":\"https:\/\/baubauwall.com\/et\/#website\"},\"primaryImageOfPage\":{\"@id\":\"https:\/\/baubauwall.com\/et\/toode\/pilttapeet-sormkubarate-aas\/#primaryimage\"},\"image\":{\"@id\":\"https:\/\/baubauwall.com\/et\/toode\/pilttapeet-sormkubarate-aas\/#primaryimage\"},\"thumbnailUrl\":\"https:\/\/baubauwall.com\/wp-content\/uploads\/2022\/11\/51200271_FoxgloveFlowers_Baubauwall_Wallmural_room6.jpg\",\"datePublished\":\"2023-03-25T15:00:19+00:00\",\"dateModified\":\"2023-06-02T06:59:28+00:00\",\"description\":\"Pilttapeet suurte \u00f5ite, taimede ja s\u00f5rmk\u00fcbara lilledega. Botaaniline, lillakas tapeedidisain, mis sobib aktsentseinale. R\u00e4tsepat\u00f6\u00f6na valmivad tapeedid.\",\"breadcrumb\":{\"@id\":\"https:\/\/baubauwall.com\/et\/toode\/pilttapeet-sormkubarate-aas\/#breadcrumb\"},\"inLanguage\":\"et\",\"potentialAction\":[{\"@type\":\"ReadAction\",\"target\":[\"https:\/\/baubauwall.com\/et\/toode\/pilttapeet-sormkubarate-aas\/\"]}]},{\"@type\":\"ImageObject\",\"inLanguage\":\"et\",\"@id\":\"https:\/\/baubauwall.com\/et\/toode\/pilttapeet-sormkubarate-aas\/#primaryimage\",\"url\":\"https:\/\/baubauwall.com\/wp-content\/uploads\/2022\/11\/51200271_FoxgloveFlowers_Baubauwall_Wallmural_room6.jpg\",\"contentUrl\":\"https:\/\/baubauwall.com\/wp-content\/uploads\/2022\/11\/51200271_FoxgloveFlowers_Baubauwall_Wallmural_room6.jpg\",\"width\":1813,\"height\":1600},{\"@type\":\"BreadcrumbList\",\"@id\":\"https:\/\/baubauwall.com\/et\/toode\/pilttapeet-sormkubarate-aas\/#breadcrumb\",\"itemListElement\":[{\"@type\":\"ListItem\",\"position\":1,\"name\":\"Koju\",\"item\":\"https:\/\/baubauwall.com\/et\/\"},{\"@type\":\"ListItem\",\"position\":2,\"name\":\"Tapeedid\",\"item\":\"https:\/\/baubauwall.com\/et\/tapeedid\/\"},{\"@type\":\"ListItem\",\"position\":3,\"name\":\"S\u00f5rmk\u00fcbarate aas\"}]},{\"@type\":\"WebSite\",\"@id\":\"https:\/\/baubauwall.com\/et\/#website\",\"url\":\"https:\/\/baubauwall.com\/et\/\",\"name\":\"BAUBAUWALL Wallpapers\",\"description\":\"Valmis paanides tapeet Eestist!\",\"publisher\":{\"@id\":\"https:\/\/baubauwall.com\/et\/#organization\"},\"potentialAction\":[{\"@type\":\"SearchAction\",\"target\":{\"@type\":\"EntryPoint\",\"urlTemplate\":\"https:\/\/baubauwall.com\/et\/?s={search_term_string}\"},\"query-input\":{\"@type\":\"PropertyValueSpecification\",\"valueRequired\":true,\"valueName\":\"search_term_string\"}}],\"inLanguage\":\"et\"},{\"@type\":\"Organization\",\"@id\":\"https:\/\/baubauwall.com\/et\/#organization\",\"name\":\"BAUBAUWALL Wallpapers\",\"url\":\"https:\/\/baubauwall.com\/et\/\",\"logo\":{\"@type\":\"ImageObject\",\"inLanguage\":\"et\",\"@id\":\"https:\/\/baubauwall.com\/et\/#\/schema\/logo\/image\/\",\"url\":\"https:\/\/baubauwall.com\/wp-content\/uploads\/2022\/03\/logo-horizontal.svg\",\"contentUrl\":\"https:\/\/baubauwall.com\/wp-content\/uploads\/2022\/03\/logo-horizontal.svg\",\"width\":\"1024\",\"height\":\"1024\",\"caption\":\"BAUBAUWALL Wallpapers\"},\"image\":{\"@id\":\"https:\/\/baubauwall.com\/et\/#\/schema\/logo\/image\/\"},\"sameAs\":[\"https:\/\/www.facebook.com\/Baubauwall\",\"https:\/\/www.instagram.com\/baubauwall\"]}]}<\/script>\n<!-- \/ Yoast SEO plugin. -->","yoast_head_json":{"title":"Suurte lilledega imekaunis pilttapeet. Idee aktsentseina tapeediks","description":"Pilttapeet suurte \u00f5ite, taimede ja s\u00f5rmk\u00fcbara lilledega. Botaaniline, lillakas tapeedidisain, mis sobib aktsentseinale. R\u00e4tsepat\u00f6\u00f6na valmivad tapeedid.","robots":{"index":"index","follow":"follow","max-snippet":"max-snippet:-1","max-image-preview":"max-image-preview:large","max-video-preview":"max-video-preview:-1"},"canonical":"https:\/\/baubauwall.com\/et\/toode\/pilttapeet-sormkubarate-aas\/","og_locale":"et_EE","og_type":"article","og_title":"Suurte lilledega imekaunis pilttapeet. Idee aktsentseina tapeediks","og_description":"Pilttapeet suurte \u00f5ite, taimede ja s\u00f5rmk\u00fcbara lilledega. Botaaniline, lillakas tapeedidisain, mis sobib aktsentseinale. R\u00e4tsepat\u00f6\u00f6na valmivad tapeedid.","og_url":"https:\/\/baubauwall.com\/et\/toode\/pilttapeet-sormkubarate-aas\/","og_site_name":"BAUBAUWALL Wallpapers","article_publisher":"https:\/\/www.facebook.com\/Baubauwall","article_modified_time":"2023-06-02T06:59:28+00:00","og_image":[{"width":1813,"height":1600,"url":"https:\/\/baubauwall.com\/wp-content\/uploads\/2022\/11\/51200271_FoxgloveFlowers_Baubauwall_Wallmural_room6.jpg","type":"image\/jpeg"}],"twitter_card":"summary_large_image","twitter_misc":{"Est. reading time":"1 minut"},"schema":{"@context":"https:\/\/schema.org","@graph":[{"@type":"WebPage","@id":"https:\/\/baubauwall.com\/et\/toode\/pilttapeet-sormkubarate-aas\/","url":"https:\/\/baubauwall.com\/et\/toode\/pilttapeet-sormkubarate-aas\/","name":"Suurte lilledega imekaunis pilttapeet. Idee aktsentseina tapeediks","isPartOf":{"@id":"https:\/\/baubauwall.com\/et\/#website"},"primaryImageOfPage":{"@id":"https:\/\/baubauwall.com\/et\/toode\/pilttapeet-sormkubarate-aas\/#primaryimage"},"image":{"@id":"https:\/\/baubauwall.com\/et\/toode\/pilttapeet-sormkubarate-aas\/#primaryimage"},"thumbnailUrl":"https:\/\/baubauwall.com\/wp-content\/uploads\/2022\/11\/51200271_FoxgloveFlowers_Baubauwall_Wallmural_room6.jpg","datePublished":"2023-03-25T15:00:19+00:00","dateModified":"2023-06-02T06:59:28+00:00","description":"Pilttapeet suurte \u00f5ite, taimede ja s\u00f5rmk\u00fcbara lilledega. Botaaniline, lillakas tapeedidisain, mis sobib aktsentseinale. R\u00e4tsepat\u00f6\u00f6na valmivad tapeedid.","breadcrumb":{"@id":"https:\/\/baubauwall.com\/et\/toode\/pilttapeet-sormkubarate-aas\/#breadcrumb"},"inLanguage":"et","potentialAction":[{"@type":"ReadAction","target":["https:\/\/baubauwall.com\/et\/toode\/pilttapeet-sormkubarate-aas\/"]}]},{"@type":"ImageObject","inLanguage":"et","@id":"https:\/\/baubauwall.com\/et\/toode\/pilttapeet-sormkubarate-aas\/#primaryimage","url":"https:\/\/baubauwall.com\/wp-content\/uploads\/2022\/11\/51200271_FoxgloveFlowers_Baubauwall_Wallmural_room6.jpg","contentUrl":"https:\/\/baubauwall.com\/wp-content\/uploads\/2022\/11\/51200271_FoxgloveFlowers_Baubauwall_Wallmural_room6.jpg","width":1813,"height":1600},{"@type":"BreadcrumbList","@id":"https:\/\/baubauwall.com\/et\/toode\/pilttapeet-sormkubarate-aas\/#breadcrumb","itemListElement":[{"@type":"ListItem","position":1,"name":"Koju","item":"https:\/\/baubauwall.com\/et\/"},{"@type":"ListItem","position":2,"name":"Tapeedid","item":"https:\/\/baubauwall.com\/et\/tapeedid\/"},{"@type":"ListItem","position":3,"name":"S\u00f5rmk\u00fcbarate aas"}]},{"@type":"WebSite","@id":"https:\/\/baubauwall.com\/et\/#website","url":"https:\/\/baubauwall.com\/et\/","name":"BAUBAUWALL Wallpapers","description":"Valmis paanides tapeet Eestist!","publisher":{"@id":"https:\/\/baubauwall.com\/et\/#organization"},"potentialAction":[{"@type":"SearchAction","target":{"@type":"EntryPoint","urlTemplate":"https:\/\/baubauwall.com\/et\/?s={search_term_string}"},"query-input":{"@type":"PropertyValueSpecification","valueRequired":true,"valueName":"search_term_string"}}],"inLanguage":"et"},{"@type":"Organization","@id":"https:\/\/baubauwall.com\/et\/#organization","name":"BAUBAUWALL Wallpapers","url":"https:\/\/baubauwall.com\/et\/","logo":{"@type":"ImageObject","inLanguage":"et","@id":"https:\/\/baubauwall.com\/et\/#\/schema\/logo\/image\/","url":"https:\/\/baubauwall.com\/wp-content\/uploads\/2022\/03\/logo-horizontal.svg","contentUrl":"https:\/\/baubauwall.com\/wp-content\/uploads\/2022\/03\/logo-horizontal.svg","width":"1024","height":"1024","caption":"BAUBAUWALL Wallpapers"},"image":{"@id":"https:\/\/baubauwall.com\/et\/#\/schema\/logo\/image\/"},"sameAs":["https:\/\/www.facebook.com\/Baubauwall","https:\/\/www.instagram.com\/baubauwall"]}]}},"jetpack_sharing_enabled":true,"_links":{"self":[{"href":"https:\/\/baubauwall.com\/et\/wp-json\/wp\/v2\/product\/27096","targetHints":{"allow":["GET"]}}],"collection":[{"href":"https:\/\/baubauwall.com\/et\/wp-json\/wp\/v2\/product"}],"about":[{"href":"https:\/\/baubauwall.com\/et\/wp-json\/wp\/v2\/types\/product"}],"replies":[{"embeddable":true,"href":"https:\/\/baubauwall.com\/et\/wp-json\/wp\/v2\/comments?post=27096"}],"wp:featuredmedia":[{"embeddable":true,"href":"https:\/\/baubauwall.com\/et\/wp-json\/wp\/v2\/media\/27076"}],"wp:attachment":[{"href":"https:\/\/baubauwall.com\/et\/wp-json\/wp\/v2\/media?parent=27096"}],"wp:term":[{"taxonomy":"product_brand","embeddable":true,"href":"https:\/\/baubauwall.com\/et\/wp-json\/wp\/v2\/product_brand?post=27096"},{"taxonomy":"product_cat","embeddable":true,"href":"https:\/\/baubauwall.com\/et\/wp-json\/wp\/v2\/product_cat?post=27096"},{"taxonomy":"product_tag","embeddable":true,"href":"https:\/\/baubauwall.com\/et\/wp-json\/wp\/v2\/product_tag?post=27096"}],"curies":[{"name":"wp","href":"https:\/\/api.w.org\/{rel}","templated":true}]}}