{"id":27157,"date":"2023-03-30T17:00:19","date_gmt":"2023-03-30T15:00:19","guid":{"rendered":"https:\/\/baubauwall.com\/product\/wall-mural-elephant-elegance\/"},"modified":"2023-04-05T16:25:00","modified_gmt":"2023-04-05T14:25:00","slug":"pilttapeet-maharadza-aed","status":"publish","type":"product","link":"https:\/\/baubauwall.com\/et\/toode\/pilttapeet-maharadza-aed\/","title":{"rendered":"Maharad\u017ea aed"},"content":{"rendered":"<p>Ajaloolise vaatega pilttapeet, kus majesteetlikud elevandid ja maharad\u017ead suunduvad justkui Tuhande ja \u00dche \u00d6\u00f6 lossi! See pilttapeedi disain on inspireeritud vanades lossides ja m\u00f5isates olnud antiiksetest seinamaalingutest ning seinavaipadest. Disain \u00fchendab botaanilisi elemente ja detaile ajaloolistest maalidest. Tulemuseks on vapustav imedemaa, mis viib eksootilisele r\u00e4nnakule! Kahtlemata lisab koloniaalajastu romantiline pilttapeedi stseen kaasaegsele sisekujundusele moodsa luksuse tunnetuse.<\/p>\n<p>Nagu k\u00f5ik meie kordusmustriga tapeedid ja pilttapeedid, on ka see disain tr\u00fckitud\u00a0<a href=\"https:\/\/baubauwall.com\/et\/keskkonnasobralikud-tapeedid\/\" target=\"_blank\" rel=\"noopener\">keskkonnas\u00f5bralike v\u00e4rvidega<\/a>, hingavale fliistapeedi materjalile, mis ei l\u00e4igi ja on lihtne paigaldada. Sinu uus tapeet tuleb valmis l\u00f5igatud ning nummerdatud paanides, mis on t\u00e4pselt nii k\u00f5rged, kui Sinu sein.<\/p>\n","protected":false},"excerpt":{"rendered":"<p>Ajaloolise vaatega pilttapeet, kus majesteetlikud elevandid ja maharad\u017ead suunduvad justkui Tuhande ja \u00dche \u00d6\u00f6 lossi! See pilttapeedi disain on inspireeritud vanades lossides ja m\u00f5isates olnud antiiksetest seinamaalingutest ning seinavaipadest. Disain \u00fchendab botaanilisi elemente ja detaile ajaloolistest maalidest. Tulemuseks on vapustav imedemaa, mis viib eksootilisele r\u00e4nnakule! Kahtlemata lisab koloniaalajastu romantiline pilttapeedi stseen kaasaegsele sisekujundusele moodsa luksuse [&hellip;]<\/p>\n","protected":false},"featured_media":27142,"comment_status":"open","ping_status":"closed","template":"","meta":{"_acf_changed":false,"inline_featured_image":false},"product_brand":[],"product_cat":[650,387,622,447,394,393,388,269,270,271,413,414,402,250,255],"product_tag":[531,345,638],"class_list":{"0":"post-27157","1":"product","2":"type-product","3":"status-publish","4":"has-post-thumbnail","6":"product_cat-sir-edward-pilttapeedid","7":"product_cat-pilttapeedid","8":"product_cat-julged-tapeedid","9":"product_cat-maksimalistlik-et","10":"product_cat-rikkalik","11":"product_cat-idamaine","12":"product_cat-vintage-et","13":"product_cat-pruunid-tapeedid","14":"product_cat-tumedad-tapeedid","15":"product_cat-rohelised-tapeedid","16":"product_cat-magamistoa-tapeedid","17":"product_cat-soogitoa-tapeedid","18":"product_cat-elutoa-tapeedid","19":"product_cat-dzungel-troopika","20":"product_cat-loomad","21":"product_tag-elevant","22":"product_tag-pilttapeet","23":"product_tag-sir-edward-pilttapeedid","24":"pa_designedby-sir-edward","26":"first","27":"instock","28":"taxable","29":"shipping-taxable","30":"purchasable","31":"product-type-simple"},"acf":[],"yoast_head":"<!-- This site is optimized with the Yoast SEO plugin v25.9 - https:\/\/yoast.com\/wordpress\/plugins\/seo\/ -->\n<title>Pilttapeet Maharad\u017ead ja elevandid siirdumas lossi.<\/title>\n<meta name=\"description\" content=\"Antiikses stiilis pilttapeet elevantide ja maharad\u017eadega d\u017eunglis. Tapeet, mis on efektne aktsentseinas kui kahel seinal.\" \/>\n<meta name=\"robots\" content=\"index, follow, max-snippet:-1, max-image-preview:large, max-video-preview:-1\" \/>\n<link rel=\"canonical\" href=\"https:\/\/baubauwall.com\/et\/toode\/pilttapeet-maharadza-aed\/\" \/>\n<meta property=\"og:locale\" content=\"et_EE\" \/>\n<meta property=\"og:type\" content=\"article\" \/>\n<meta property=\"og:title\" content=\"Pilttapeet Maharad\u017ead ja elevandid siirdumas lossi.\" \/>\n<meta property=\"og:description\" content=\"Antiikses stiilis pilttapeet elevantide ja maharad\u017eadega d\u017eunglis. Tapeet, mis on efektne aktsentseinas kui kahel seinal.\" \/>\n<meta property=\"og:url\" content=\"https:\/\/baubauwall.com\/et\/toode\/pilttapeet-maharadza-aed\/\" \/>\n<meta property=\"og:site_name\" content=\"BAUBAUWALL Wallpapers\" \/>\n<meta property=\"article:publisher\" content=\"https:\/\/www.facebook.com\/Baubauwall\" \/>\n<meta property=\"article:modified_time\" content=\"2023-04-05T14:25:00+00:00\" \/>\n<meta property=\"og:image\" content=\"https:\/\/baubauwall.com\/wp-content\/uploads\/2022\/11\/51200269_ElephantElegance_Baubauwall_Wallmural_room5.jpg\" \/>\n\t<meta property=\"og:image:width\" content=\"2401\" \/>\n\t<meta property=\"og:image:height\" content=\"1600\" \/>\n\t<meta property=\"og:image:type\" content=\"image\/jpeg\" \/>\n<meta name=\"twitter:card\" content=\"summary_large_image\" \/>\n<meta name=\"twitter:label1\" content=\"Est. reading time\" \/>\n\t<meta name=\"twitter:data1\" content=\"1 minut\" \/>\n<script type=\"application\/ld+json\" class=\"yoast-schema-graph\">{\"@context\":\"https:\/\/schema.org\",\"@graph\":[{\"@type\":\"WebPage\",\"@id\":\"https:\/\/baubauwall.com\/et\/toode\/pilttapeet-maharadza-aed\/\",\"url\":\"https:\/\/baubauwall.com\/et\/toode\/pilttapeet-maharadza-aed\/\",\"name\":\"Pilttapeet Maharad\u017ead ja elevandid siirdumas lossi.\",\"isPartOf\":{\"@id\":\"https:\/\/baubauwall.com\/et\/#website\"},\"primaryImageOfPage\":{\"@id\":\"https:\/\/baubauwall.com\/et\/toode\/pilttapeet-maharadza-aed\/#primaryimage\"},\"image\":{\"@id\":\"https:\/\/baubauwall.com\/et\/toode\/pilttapeet-maharadza-aed\/#primaryimage\"},\"thumbnailUrl\":\"https:\/\/baubauwall.com\/wp-content\/uploads\/2022\/11\/51200269_ElephantElegance_Baubauwall_Wallmural_room5.jpg\",\"datePublished\":\"2023-03-30T15:00:19+00:00\",\"dateModified\":\"2023-04-05T14:25:00+00:00\",\"description\":\"Antiikses stiilis pilttapeet elevantide ja maharad\u017eadega d\u017eunglis. Tapeet, mis on efektne aktsentseinas kui kahel seinal.\",\"breadcrumb\":{\"@id\":\"https:\/\/baubauwall.com\/et\/toode\/pilttapeet-maharadza-aed\/#breadcrumb\"},\"inLanguage\":\"et\",\"potentialAction\":[{\"@type\":\"ReadAction\",\"target\":[\"https:\/\/baubauwall.com\/et\/toode\/pilttapeet-maharadza-aed\/\"]}]},{\"@type\":\"ImageObject\",\"inLanguage\":\"et\",\"@id\":\"https:\/\/baubauwall.com\/et\/toode\/pilttapeet-maharadza-aed\/#primaryimage\",\"url\":\"https:\/\/baubauwall.com\/wp-content\/uploads\/2022\/11\/51200269_ElephantElegance_Baubauwall_Wallmural_room5.jpg\",\"contentUrl\":\"https:\/\/baubauwall.com\/wp-content\/uploads\/2022\/11\/51200269_ElephantElegance_Baubauwall_Wallmural_room5.jpg\",\"width\":2401,\"height\":1600},{\"@type\":\"BreadcrumbList\",\"@id\":\"https:\/\/baubauwall.com\/et\/toode\/pilttapeet-maharadza-aed\/#breadcrumb\",\"itemListElement\":[{\"@type\":\"ListItem\",\"position\":1,\"name\":\"Koju\",\"item\":\"https:\/\/baubauwall.com\/et\/\"},{\"@type\":\"ListItem\",\"position\":2,\"name\":\"Tapeedid\",\"item\":\"https:\/\/baubauwall.com\/et\/tapeedid\/\"},{\"@type\":\"ListItem\",\"position\":3,\"name\":\"Maharad\u017ea aed\"}]},{\"@type\":\"WebSite\",\"@id\":\"https:\/\/baubauwall.com\/et\/#website\",\"url\":\"https:\/\/baubauwall.com\/et\/\",\"name\":\"BAUBAUWALL Wallpapers\",\"description\":\"Valmis paanides tapeet Eestist!\",\"publisher\":{\"@id\":\"https:\/\/baubauwall.com\/et\/#organization\"},\"potentialAction\":[{\"@type\":\"SearchAction\",\"target\":{\"@type\":\"EntryPoint\",\"urlTemplate\":\"https:\/\/baubauwall.com\/et\/?s={search_term_string}\"},\"query-input\":{\"@type\":\"PropertyValueSpecification\",\"valueRequired\":true,\"valueName\":\"search_term_string\"}}],\"inLanguage\":\"et\"},{\"@type\":\"Organization\",\"@id\":\"https:\/\/baubauwall.com\/et\/#organization\",\"name\":\"BAUBAUWALL Wallpapers\",\"url\":\"https:\/\/baubauwall.com\/et\/\",\"logo\":{\"@type\":\"ImageObject\",\"inLanguage\":\"et\",\"@id\":\"https:\/\/baubauwall.com\/et\/#\/schema\/logo\/image\/\",\"url\":\"https:\/\/baubauwall.com\/wp-content\/uploads\/2022\/03\/logo-horizontal.svg\",\"contentUrl\":\"https:\/\/baubauwall.com\/wp-content\/uploads\/2022\/03\/logo-horizontal.svg\",\"width\":\"1024\",\"height\":\"1024\",\"caption\":\"BAUBAUWALL Wallpapers\"},\"image\":{\"@id\":\"https:\/\/baubauwall.com\/et\/#\/schema\/logo\/image\/\"},\"sameAs\":[\"https:\/\/www.facebook.com\/Baubauwall\",\"https:\/\/www.instagram.com\/baubauwall\"]}]}<\/script>\n<!-- \/ Yoast SEO plugin. -->","yoast_head_json":{"title":"Pilttapeet Maharad\u017ead ja elevandid siirdumas lossi.","description":"Antiikses stiilis pilttapeet elevantide ja maharad\u017eadega d\u017eunglis. Tapeet, mis on efektne aktsentseinas kui kahel seinal.","robots":{"index":"index","follow":"follow","max-snippet":"max-snippet:-1","max-image-preview":"max-image-preview:large","max-video-preview":"max-video-preview:-1"},"canonical":"https:\/\/baubauwall.com\/et\/toode\/pilttapeet-maharadza-aed\/","og_locale":"et_EE","og_type":"article","og_title":"Pilttapeet Maharad\u017ead ja elevandid siirdumas lossi.","og_description":"Antiikses stiilis pilttapeet elevantide ja maharad\u017eadega d\u017eunglis. Tapeet, mis on efektne aktsentseinas kui kahel seinal.","og_url":"https:\/\/baubauwall.com\/et\/toode\/pilttapeet-maharadza-aed\/","og_site_name":"BAUBAUWALL Wallpapers","article_publisher":"https:\/\/www.facebook.com\/Baubauwall","article_modified_time":"2023-04-05T14:25:00+00:00","og_image":[{"width":2401,"height":1600,"url":"https:\/\/baubauwall.com\/wp-content\/uploads\/2022\/11\/51200269_ElephantElegance_Baubauwall_Wallmural_room5.jpg","type":"image\/jpeg"}],"twitter_card":"summary_large_image","twitter_misc":{"Est. reading time":"1 minut"},"schema":{"@context":"https:\/\/schema.org","@graph":[{"@type":"WebPage","@id":"https:\/\/baubauwall.com\/et\/toode\/pilttapeet-maharadza-aed\/","url":"https:\/\/baubauwall.com\/et\/toode\/pilttapeet-maharadza-aed\/","name":"Pilttapeet Maharad\u017ead ja elevandid siirdumas lossi.","isPartOf":{"@id":"https:\/\/baubauwall.com\/et\/#website"},"primaryImageOfPage":{"@id":"https:\/\/baubauwall.com\/et\/toode\/pilttapeet-maharadza-aed\/#primaryimage"},"image":{"@id":"https:\/\/baubauwall.com\/et\/toode\/pilttapeet-maharadza-aed\/#primaryimage"},"thumbnailUrl":"https:\/\/baubauwall.com\/wp-content\/uploads\/2022\/11\/51200269_ElephantElegance_Baubauwall_Wallmural_room5.jpg","datePublished":"2023-03-30T15:00:19+00:00","dateModified":"2023-04-05T14:25:00+00:00","description":"Antiikses stiilis pilttapeet elevantide ja maharad\u017eadega d\u017eunglis. Tapeet, mis on efektne aktsentseinas kui kahel seinal.","breadcrumb":{"@id":"https:\/\/baubauwall.com\/et\/toode\/pilttapeet-maharadza-aed\/#breadcrumb"},"inLanguage":"et","potentialAction":[{"@type":"ReadAction","target":["https:\/\/baubauwall.com\/et\/toode\/pilttapeet-maharadza-aed\/"]}]},{"@type":"ImageObject","inLanguage":"et","@id":"https:\/\/baubauwall.com\/et\/toode\/pilttapeet-maharadza-aed\/#primaryimage","url":"https:\/\/baubauwall.com\/wp-content\/uploads\/2022\/11\/51200269_ElephantElegance_Baubauwall_Wallmural_room5.jpg","contentUrl":"https:\/\/baubauwall.com\/wp-content\/uploads\/2022\/11\/51200269_ElephantElegance_Baubauwall_Wallmural_room5.jpg","width":2401,"height":1600},{"@type":"BreadcrumbList","@id":"https:\/\/baubauwall.com\/et\/toode\/pilttapeet-maharadza-aed\/#breadcrumb","itemListElement":[{"@type":"ListItem","position":1,"name":"Koju","item":"https:\/\/baubauwall.com\/et\/"},{"@type":"ListItem","position":2,"name":"Tapeedid","item":"https:\/\/baubauwall.com\/et\/tapeedid\/"},{"@type":"ListItem","position":3,"name":"Maharad\u017ea aed"}]},{"@type":"WebSite","@id":"https:\/\/baubauwall.com\/et\/#website","url":"https:\/\/baubauwall.com\/et\/","name":"BAUBAUWALL Wallpapers","description":"Valmis paanides tapeet Eestist!","publisher":{"@id":"https:\/\/baubauwall.com\/et\/#organization"},"potentialAction":[{"@type":"SearchAction","target":{"@type":"EntryPoint","urlTemplate":"https:\/\/baubauwall.com\/et\/?s={search_term_string}"},"query-input":{"@type":"PropertyValueSpecification","valueRequired":true,"valueName":"search_term_string"}}],"inLanguage":"et"},{"@type":"Organization","@id":"https:\/\/baubauwall.com\/et\/#organization","name":"BAUBAUWALL Wallpapers","url":"https:\/\/baubauwall.com\/et\/","logo":{"@type":"ImageObject","inLanguage":"et","@id":"https:\/\/baubauwall.com\/et\/#\/schema\/logo\/image\/","url":"https:\/\/baubauwall.com\/wp-content\/uploads\/2022\/03\/logo-horizontal.svg","contentUrl":"https:\/\/baubauwall.com\/wp-content\/uploads\/2022\/03\/logo-horizontal.svg","width":"1024","height":"1024","caption":"BAUBAUWALL Wallpapers"},"image":{"@id":"https:\/\/baubauwall.com\/et\/#\/schema\/logo\/image\/"},"sameAs":["https:\/\/www.facebook.com\/Baubauwall","https:\/\/www.instagram.com\/baubauwall"]}]}},"jetpack_sharing_enabled":true,"_links":{"self":[{"href":"https:\/\/baubauwall.com\/et\/wp-json\/wp\/v2\/product\/27157","targetHints":{"allow":["GET"]}}],"collection":[{"href":"https:\/\/baubauwall.com\/et\/wp-json\/wp\/v2\/product"}],"about":[{"href":"https:\/\/baubauwall.com\/et\/wp-json\/wp\/v2\/types\/product"}],"replies":[{"embeddable":true,"href":"https:\/\/baubauwall.com\/et\/wp-json\/wp\/v2\/comments?post=27157"}],"wp:featuredmedia":[{"embeddable":true,"href":"https:\/\/baubauwall.com\/et\/wp-json\/wp\/v2\/media\/27142"}],"wp:attachment":[{"href":"https:\/\/baubauwall.com\/et\/wp-json\/wp\/v2\/media?parent=27157"}],"wp:term":[{"taxonomy":"product_brand","embeddable":true,"href":"https:\/\/baubauwall.com\/et\/wp-json\/wp\/v2\/product_brand?post=27157"},{"taxonomy":"product_cat","embeddable":true,"href":"https:\/\/baubauwall.com\/et\/wp-json\/wp\/v2\/product_cat?post=27157"},{"taxonomy":"product_tag","embeddable":true,"href":"https:\/\/baubauwall.com\/et\/wp-json\/wp\/v2\/product_tag?post=27157"}],"curies":[{"name":"wp","href":"https:\/\/api.w.org\/{rel}","templated":true}]}}