{"id":27223,"date":"2023-04-03T11:20:04","date_gmt":"2023-04-03T09:20:04","guid":{"rendered":"https:\/\/baubauwall.com\/?post_type=product&#038;p=27223"},"modified":"2026-03-10T09:58:05","modified_gmt":"2026-03-10T07:58:05","slug":"pilttapeet-kevade-oied","status":"publish","type":"product","link":"https:\/\/baubauwall.com\/et\/toode\/pilttapeet-kevade-oied\/","title":{"rendered":"Kevade \u00f5ied"},"content":{"rendered":"<p>\u00d5hus on kevadet, t\u00e4rkavat loodust ja \u00f5isi! See hele pilttapeet on ilus valik aktsentseinale, mille kujundus on p\u00f5hjamaine, pastelne ja \u00f5rnalt romantiline.\u00a0Disain on loodud selliste tubade jaoks, kus peategelane on n\u00e4iteks voodi, mille peats katab suure osa seinast. Sellel pilttapeedil on enamus disainist aga just \u00fcleval ja nii ei l\u00e4he midagi kaotsi!\u00a0Tulemuseks on vau-efekti loov sein, millel pilk j\u00e4\u00e4b puhkama \u2013 olgu see\u00a0 magamistuba v\u00f5i elutuba.<\/p>\n<p>Nagu k\u00f5ik meie tapeedid on ka see pilttapeet tr\u00fckitud keskkonnas\u00f5bralike v\u00e4rvidega hingavale, fliistapeedi materjalile. Sinu uus tapeet on l\u00f5igatud nummerdatud paanideks &#8211; t\u00e4pselt nii pikad, kui Sinu sein. Kuidas see t\u00f6\u00f6tab &#8211; loe l\u00e4hemalt<a href=\"https:\/\/baubauwall.com\/et\/kuidas-see-tootab\/\" target=\"_blank\" rel=\"noopener\"> siit.<\/a><\/p>\n<p>&nbsp;<\/p>\n","protected":false},"excerpt":{"rendered":"<p>\u00d5hus on kevadet, t\u00e4rkavat loodust ja \u00f5isi! See hele pilttapeet on ilus valik aktsentseinale, mille kujundus on p\u00f5hjamaine, pastelne ja \u00f5rnalt romantiline.\u00a0Disain on loodud selliste tubade jaoks, kus peategelane on n\u00e4iteks voodi, mille peats katab suure osa seinast. Sellel pilttapeedil on enamus disainist aga just \u00fcleval ja nii ei l\u00e4he midagi kaotsi!\u00a0Tulemuseks on vau-efekti loov [&hellip;]<\/p>\n","protected":false},"featured_media":27243,"comment_status":"open","ping_status":"closed","template":"","meta":{"_acf_changed":false,"inline_featured_image":false},"product_brand":[],"product_cat":[650,387,395,396,273,276,278,410,413,414,415,402,583,260,561],"product_tag":[563,298,334,345,638,646],"class_list":{"0":"post-27223","1":"product","2":"type-product","3":"status-publish","4":"has-post-thumbnail","6":"product_cat-sir-edward-pilttapeedid","7":"product_cat-pilttapeedid","8":"product_cat-romantiline","9":"product_cat-skandinaavia","10":"product_cat-heledad-tapeedid","11":"product_cat-pastelsed-tapeedid","12":"product_cat-roosad-tapeedid","13":"product_cat-valge-tapeedid","14":"product_cat-magamistoa-tapeedid","15":"product_cat-soogitoa-tapeedid","16":"product_cat-kulalistetoa-tapeedid","17":"product_cat-elutoa-tapeedid","18":"product_cat-vesivarv","19":"product_cat-lilled","20":"product_cat-suvised-tapeedid","21":"product_tag-biofiilia-stiil","22":"product_tag-botaaniline","23":"product_tag-japandi-et","24":"product_tag-pilttapeet","25":"product_tag-sir-edward-pilttapeedid","26":"product_tag-suured-lilled-et","28":"first","29":"instock","30":"taxable","31":"shipping-taxable","32":"purchasable","33":"product-type-simple"},"acf":[],"yoast_head":"<!-- This site is optimized with the Yoast SEO plugin v25.9 - https:\/\/yoast.com\/wordpress\/plugins\/seo\/ -->\n<title>Kevade lilled - imekaunis roosade \u00f5itega pilttapeet heledal taustal.<\/title>\n<meta name=\"description\" content=\"Hele pilttapeet \u00f5itsvate puude \u00f5itega. Imeline p\u00f5hjamaine tapeet, mis sobib aktsentseina. Magamistuppa v\u00f5i elutoa seinale. Keskkonnas\u00f5bralikult\" \/>\n<meta name=\"robots\" content=\"index, follow, max-snippet:-1, max-image-preview:large, max-video-preview:-1\" \/>\n<link rel=\"canonical\" href=\"https:\/\/baubauwall.com\/et\/toode\/pilttapeet-kevade-oied\/\" \/>\n<meta property=\"og:locale\" content=\"et_EE\" \/>\n<meta property=\"og:type\" content=\"article\" \/>\n<meta property=\"og:title\" content=\"Kevade lilled - imekaunis roosade \u00f5itega pilttapeet heledal taustal.\" \/>\n<meta property=\"og:description\" content=\"Hele pilttapeet \u00f5itsvate puude \u00f5itega. Imeline p\u00f5hjamaine tapeet, mis sobib aktsentseina. Magamistuppa v\u00f5i elutoa seinale. Keskkonnas\u00f5bralikult\" \/>\n<meta property=\"og:url\" content=\"https:\/\/baubauwall.com\/et\/toode\/pilttapeet-kevade-oied\/\" \/>\n<meta property=\"og:site_name\" content=\"BAUBAUWALL TAPEEDID\" \/>\n<meta property=\"article:publisher\" content=\"https:\/\/www.facebook.com\/Baubauwall\" \/>\n<meta property=\"article:modified_time\" content=\"2026-03-10T07:58:05+00:00\" \/>\n<meta property=\"og:image\" content=\"https:\/\/baubauwall.com\/wp-content\/uploads\/2023\/04\/51200288_BloomingBlossomWOButterflies_Baubauwall_Wallmural_room7.jpg\" \/>\n\t<meta property=\"og:image:width\" content=\"2133\" \/>\n\t<meta property=\"og:image:height\" content=\"1600\" \/>\n\t<meta property=\"og:image:type\" content=\"image\/jpeg\" \/>\n<meta name=\"twitter:card\" content=\"summary_large_image\" \/>\n<meta name=\"twitter:label1\" content=\"Est. reading time\" \/>\n\t<meta name=\"twitter:data1\" content=\"1 minut\" \/>\n<script type=\"application\/ld+json\" class=\"yoast-schema-graph\">{\"@context\":\"https:\/\/schema.org\",\"@graph\":[{\"@type\":\"WebPage\",\"@id\":\"https:\/\/baubauwall.com\/et\/toode\/pilttapeet-kevade-oied\/\",\"url\":\"https:\/\/baubauwall.com\/et\/toode\/pilttapeet-kevade-oied\/\",\"name\":\"Kevade lilled - imekaunis roosade \u00f5itega pilttapeet heledal taustal.\",\"isPartOf\":{\"@id\":\"https:\/\/baubauwall.com\/et\/#website\"},\"primaryImageOfPage\":{\"@id\":\"https:\/\/baubauwall.com\/et\/toode\/pilttapeet-kevade-oied\/#primaryimage\"},\"image\":{\"@id\":\"https:\/\/baubauwall.com\/et\/toode\/pilttapeet-kevade-oied\/#primaryimage\"},\"thumbnailUrl\":\"https:\/\/baubauwall.com\/wp-content\/uploads\/2023\/04\/51200288_BloomingBlossomWOButterflies_Baubauwall_Wallmural_room7.jpg\",\"datePublished\":\"2023-04-03T09:20:04+00:00\",\"dateModified\":\"2026-03-10T07:58:05+00:00\",\"description\":\"Hele pilttapeet \u00f5itsvate puude \u00f5itega. Imeline p\u00f5hjamaine tapeet, mis sobib aktsentseina. Magamistuppa v\u00f5i elutoa seinale. Keskkonnas\u00f5bralikult\",\"breadcrumb\":{\"@id\":\"https:\/\/baubauwall.com\/et\/toode\/pilttapeet-kevade-oied\/#breadcrumb\"},\"inLanguage\":\"et\",\"potentialAction\":[{\"@type\":\"ReadAction\",\"target\":[\"https:\/\/baubauwall.com\/et\/toode\/pilttapeet-kevade-oied\/\"]}]},{\"@type\":\"ImageObject\",\"inLanguage\":\"et\",\"@id\":\"https:\/\/baubauwall.com\/et\/toode\/pilttapeet-kevade-oied\/#primaryimage\",\"url\":\"https:\/\/baubauwall.com\/wp-content\/uploads\/2023\/04\/51200288_BloomingBlossomWOButterflies_Baubauwall_Wallmural_room7.jpg\",\"contentUrl\":\"https:\/\/baubauwall.com\/wp-content\/uploads\/2023\/04\/51200288_BloomingBlossomWOButterflies_Baubauwall_Wallmural_room7.jpg\",\"width\":2133,\"height\":1600},{\"@type\":\"BreadcrumbList\",\"@id\":\"https:\/\/baubauwall.com\/et\/toode\/pilttapeet-kevade-oied\/#breadcrumb\",\"itemListElement\":[{\"@type\":\"ListItem\",\"position\":1,\"name\":\"Koju\",\"item\":\"https:\/\/baubauwall.com\/et\/\"},{\"@type\":\"ListItem\",\"position\":2,\"name\":\"Tapeedid\",\"item\":\"https:\/\/baubauwall.com\/et\/tapeedid\/\"},{\"@type\":\"ListItem\",\"position\":3,\"name\":\"Kevade \u00f5ied\"}]},{\"@type\":\"WebSite\",\"@id\":\"https:\/\/baubauwall.com\/et\/#website\",\"url\":\"https:\/\/baubauwall.com\/et\/\",\"name\":\"BAUBAUWALL Wallpapers\",\"description\":\"Valmis paanides tapeet Eestist!\",\"publisher\":{\"@id\":\"https:\/\/baubauwall.com\/et\/#organization\"},\"potentialAction\":[{\"@type\":\"SearchAction\",\"target\":{\"@type\":\"EntryPoint\",\"urlTemplate\":\"https:\/\/baubauwall.com\/et\/?s={search_term_string}\"},\"query-input\":{\"@type\":\"PropertyValueSpecification\",\"valueRequired\":true,\"valueName\":\"search_term_string\"}}],\"inLanguage\":\"et\"},{\"@type\":\"Organization\",\"@id\":\"https:\/\/baubauwall.com\/et\/#organization\",\"name\":\"BAUBAUWALL Wallpapers\",\"url\":\"https:\/\/baubauwall.com\/et\/\",\"logo\":{\"@type\":\"ImageObject\",\"inLanguage\":\"et\",\"@id\":\"https:\/\/baubauwall.com\/et\/#\/schema\/logo\/image\/\",\"url\":\"https:\/\/baubauwall.com\/wp-content\/uploads\/2022\/03\/logo-horizontal.svg\",\"contentUrl\":\"https:\/\/baubauwall.com\/wp-content\/uploads\/2022\/03\/logo-horizontal.svg\",\"width\":\"1024\",\"height\":\"1024\",\"caption\":\"BAUBAUWALL Wallpapers\"},\"image\":{\"@id\":\"https:\/\/baubauwall.com\/et\/#\/schema\/logo\/image\/\"},\"sameAs\":[\"https:\/\/www.facebook.com\/Baubauwall\",\"https:\/\/www.instagram.com\/baubauwall\"]}]}<\/script>\n<!-- \/ Yoast SEO plugin. -->","yoast_head_json":{"title":"Kevade lilled - imekaunis roosade \u00f5itega pilttapeet heledal taustal.","description":"Hele pilttapeet \u00f5itsvate puude \u00f5itega. Imeline p\u00f5hjamaine tapeet, mis sobib aktsentseina. Magamistuppa v\u00f5i elutoa seinale. Keskkonnas\u00f5bralikult","robots":{"index":"index","follow":"follow","max-snippet":"max-snippet:-1","max-image-preview":"max-image-preview:large","max-video-preview":"max-video-preview:-1"},"canonical":"https:\/\/baubauwall.com\/et\/toode\/pilttapeet-kevade-oied\/","og_locale":"et_EE","og_type":"article","og_title":"Kevade lilled - imekaunis roosade \u00f5itega pilttapeet heledal taustal.","og_description":"Hele pilttapeet \u00f5itsvate puude \u00f5itega. Imeline p\u00f5hjamaine tapeet, mis sobib aktsentseina. Magamistuppa v\u00f5i elutoa seinale. Keskkonnas\u00f5bralikult","og_url":"https:\/\/baubauwall.com\/et\/toode\/pilttapeet-kevade-oied\/","og_site_name":"BAUBAUWALL TAPEEDID","article_publisher":"https:\/\/www.facebook.com\/Baubauwall","article_modified_time":"2026-03-10T07:58:05+00:00","og_image":[{"width":2133,"height":1600,"url":"https:\/\/baubauwall.com\/wp-content\/uploads\/2023\/04\/51200288_BloomingBlossomWOButterflies_Baubauwall_Wallmural_room7.jpg","type":"image\/jpeg"}],"twitter_card":"summary_large_image","twitter_misc":{"Est. reading time":"1 minut"},"schema":{"@context":"https:\/\/schema.org","@graph":[{"@type":"WebPage","@id":"https:\/\/baubauwall.com\/et\/toode\/pilttapeet-kevade-oied\/","url":"https:\/\/baubauwall.com\/et\/toode\/pilttapeet-kevade-oied\/","name":"Kevade lilled - imekaunis roosade \u00f5itega pilttapeet heledal taustal.","isPartOf":{"@id":"https:\/\/baubauwall.com\/et\/#website"},"primaryImageOfPage":{"@id":"https:\/\/baubauwall.com\/et\/toode\/pilttapeet-kevade-oied\/#primaryimage"},"image":{"@id":"https:\/\/baubauwall.com\/et\/toode\/pilttapeet-kevade-oied\/#primaryimage"},"thumbnailUrl":"https:\/\/baubauwall.com\/wp-content\/uploads\/2023\/04\/51200288_BloomingBlossomWOButterflies_Baubauwall_Wallmural_room7.jpg","datePublished":"2023-04-03T09:20:04+00:00","dateModified":"2026-03-10T07:58:05+00:00","description":"Hele pilttapeet \u00f5itsvate puude \u00f5itega. Imeline p\u00f5hjamaine tapeet, mis sobib aktsentseina. Magamistuppa v\u00f5i elutoa seinale. Keskkonnas\u00f5bralikult","breadcrumb":{"@id":"https:\/\/baubauwall.com\/et\/toode\/pilttapeet-kevade-oied\/#breadcrumb"},"inLanguage":"et","potentialAction":[{"@type":"ReadAction","target":["https:\/\/baubauwall.com\/et\/toode\/pilttapeet-kevade-oied\/"]}]},{"@type":"ImageObject","inLanguage":"et","@id":"https:\/\/baubauwall.com\/et\/toode\/pilttapeet-kevade-oied\/#primaryimage","url":"https:\/\/baubauwall.com\/wp-content\/uploads\/2023\/04\/51200288_BloomingBlossomWOButterflies_Baubauwall_Wallmural_room7.jpg","contentUrl":"https:\/\/baubauwall.com\/wp-content\/uploads\/2023\/04\/51200288_BloomingBlossomWOButterflies_Baubauwall_Wallmural_room7.jpg","width":2133,"height":1600},{"@type":"BreadcrumbList","@id":"https:\/\/baubauwall.com\/et\/toode\/pilttapeet-kevade-oied\/#breadcrumb","itemListElement":[{"@type":"ListItem","position":1,"name":"Koju","item":"https:\/\/baubauwall.com\/et\/"},{"@type":"ListItem","position":2,"name":"Tapeedid","item":"https:\/\/baubauwall.com\/et\/tapeedid\/"},{"@type":"ListItem","position":3,"name":"Kevade \u00f5ied"}]},{"@type":"WebSite","@id":"https:\/\/baubauwall.com\/et\/#website","url":"https:\/\/baubauwall.com\/et\/","name":"BAUBAUWALL Wallpapers","description":"Valmis paanides tapeet Eestist!","publisher":{"@id":"https:\/\/baubauwall.com\/et\/#organization"},"potentialAction":[{"@type":"SearchAction","target":{"@type":"EntryPoint","urlTemplate":"https:\/\/baubauwall.com\/et\/?s={search_term_string}"},"query-input":{"@type":"PropertyValueSpecification","valueRequired":true,"valueName":"search_term_string"}}],"inLanguage":"et"},{"@type":"Organization","@id":"https:\/\/baubauwall.com\/et\/#organization","name":"BAUBAUWALL Wallpapers","url":"https:\/\/baubauwall.com\/et\/","logo":{"@type":"ImageObject","inLanguage":"et","@id":"https:\/\/baubauwall.com\/et\/#\/schema\/logo\/image\/","url":"https:\/\/baubauwall.com\/wp-content\/uploads\/2022\/03\/logo-horizontal.svg","contentUrl":"https:\/\/baubauwall.com\/wp-content\/uploads\/2022\/03\/logo-horizontal.svg","width":"1024","height":"1024","caption":"BAUBAUWALL Wallpapers"},"image":{"@id":"https:\/\/baubauwall.com\/et\/#\/schema\/logo\/image\/"},"sameAs":["https:\/\/www.facebook.com\/Baubauwall","https:\/\/www.instagram.com\/baubauwall"]}]}},"jetpack_sharing_enabled":true,"_links":{"self":[{"href":"https:\/\/baubauwall.com\/et\/wp-json\/wp\/v2\/product\/27223","targetHints":{"allow":["GET"]}}],"collection":[{"href":"https:\/\/baubauwall.com\/et\/wp-json\/wp\/v2\/product"}],"about":[{"href":"https:\/\/baubauwall.com\/et\/wp-json\/wp\/v2\/types\/product"}],"replies":[{"embeddable":true,"href":"https:\/\/baubauwall.com\/et\/wp-json\/wp\/v2\/comments?post=27223"}],"wp:featuredmedia":[{"embeddable":true,"href":"https:\/\/baubauwall.com\/et\/wp-json\/wp\/v2\/media\/27243"}],"wp:attachment":[{"href":"https:\/\/baubauwall.com\/et\/wp-json\/wp\/v2\/media?parent=27223"}],"wp:term":[{"taxonomy":"product_brand","embeddable":true,"href":"https:\/\/baubauwall.com\/et\/wp-json\/wp\/v2\/product_brand?post=27223"},{"taxonomy":"product_cat","embeddable":true,"href":"https:\/\/baubauwall.com\/et\/wp-json\/wp\/v2\/product_cat?post=27223"},{"taxonomy":"product_tag","embeddable":true,"href":"https:\/\/baubauwall.com\/et\/wp-json\/wp\/v2\/product_tag?post=27223"}],"curies":[{"name":"wp","href":"https:\/\/api.w.org\/{rel}","templated":true}]}}