{"id":27278,"date":"2023-04-03T12:00:20","date_gmt":"2023-04-03T10:00:20","guid":{"rendered":"https:\/\/baubauwall.com\/product\/wall-mural-ocean-wonders\/"},"modified":"2025-07-23T08:30:08","modified_gmt":"2025-07-23T06:30:08","slug":"pilttapeet-korallirahu","status":"publish","type":"product","link":"https:\/\/baubauwall.com\/et\/toode\/pilttapeet-korallirahu\/","title":{"rendered":"Korallirahu"},"content":{"rendered":"<p>Sukeldu ookeanis\u00fcgavustesse \u2013 kodust lahkumata! Veealune korallirahu ja meeletu ilu v\u00f5iks kaunistada Sinu kodu. \u00dcleelusuurused pastelsed, roosad ja hallid meretaimed ning korallid m\u00f5juvad abstraktsetena, luues sellest pilttapeedist hea tapeedivaliku mitte ainult mere\u00e4\u00e4rsesse elamisse!\u00a0Pastelne ja efektne tapeedidisain, mida magamistuppa, kodukontori seinale v\u00f5i elutoa aktsentseina &#8211; olgu Su kodu s\u00fcdalinnas v\u00f5i maal.<\/p>\n<p>Nagu k\u00f5ik meie tapeedid on ka see tapeet tr\u00fckitud keskkonnas\u00f5bralike v\u00e4rvidega hingavale, fliistapeedi materjalile. Sinu uus tapeet on l\u00f5igatud nummerdatud paanideks \u2013 t\u00e4pselt nii pikad, kui Sinu sein. Kuidas see t\u00f6\u00f6tab \u2013 loe l\u00e4hemalt\u00a0<a href=\"https:\/\/baubauwall.com\/et\/kuidas-see-tootab\/\" target=\"_blank\" rel=\"noopener\">siit.<\/a><\/p>\n<p><strong>Miks osta tapeet siit? Tapeetimine pole kunagi nii lihtne olnud!<\/strong><\/p>\n<ul>\n<li>Nummerdatud tapeedipaanid<\/li>\n<li>Just nii pikad tapeedipaanid, kui on Sinu sein<\/li>\n<li>Premium, matt <a href=\"https:\/\/baubauwall.com\/et\/nipid\/fliistapeet-voi-pabertapeet\/\" target=\"_blank\" rel=\"noopener\">fliistapeedi materjal<\/a><\/li>\n<li>M\u00fcrgivabad tr\u00fckiv\u00e4rvid, Greenguard sertifitseeritud<\/li>\n<li>Keskkonnas\u00f5bralik, j\u00e4\u00e4tmevaba tapeetimine<\/li>\n<li>Tasuta tapeediliim<\/li>\n<li>Tasuta transport ja kiire tarne 5 t\u00f6\u00f6p\u00e4evaga<\/li>\n<\/ul>\n","protected":false},"excerpt":{"rendered":"<p>Sukeldu ookeanis\u00fcgavustesse \u2013 kodust lahkumata! Veealune korallirahu ja meeletu ilu v\u00f5iks kaunistada Sinu kodu. \u00dcleelusuurused pastelsed, roosad ja hallid meretaimed ning korallid m\u00f5juvad abstraktsetena, luues sellest pilttapeedist hea tapeedivaliku mitte ainult mere\u00e4\u00e4rsesse elamisse!\u00a0Pastelne ja efektne tapeedidisain, mida magamistuppa, kodukontori seinale v\u00f5i elutoa aktsentseina &#8211; olgu Su kodu s\u00fcdalinnas v\u00f5i maal. Nagu k\u00f5ik meie tapeedid on [&hellip;]<\/p>\n","protected":false},"featured_media":43869,"comment_status":"open","ping_status":"closed","template":"","meta":{"_acf_changed":false,"inline_featured_image":false},"product_brand":[],"product_cat":[650,387,391,267,272,273,276,278,413,414,415,399,402,412,252,259],"product_tag":[345,638,646],"class_list":{"0":"post-27278","1":"product","2":"type-product","3":"status-publish","4":"has-post-thumbnail","6":"product_cat-sir-edward-pilttapeedid","7":"product_cat-pilttapeedid","8":"product_cat-vahemereline","9":"product_cat-sinised-tapeedid","10":"product_cat-hallid-tapeedid","11":"product_cat-heledad-tapeedid","12":"product_cat-pastelsed-tapeedid","13":"product_cat-roosad-tapeedid","14":"product_cat-magamistoa-tapeedid","15":"product_cat-soogitoa-tapeedid","16":"product_cat-kulalistetoa-tapeedid","17":"product_cat-kodukontori-tapeedid","18":"product_cat-elutoa-tapeedid","19":"product_cat-vannitoa-tapeedid","20":"product_cat-ookean-meri","21":"product_cat-kalad-veealune-maailm","22":"product_tag-pilttapeet","23":"product_tag-sir-edward-pilttapeedid","24":"product_tag-suured-lilled-et","25":"pa_designedby-sir-edward","27":"first","28":"instock","29":"taxable","30":"shipping-taxable","31":"purchasable","32":"product-type-simple"},"acf":[],"yoast_head":"<!-- This site is optimized with the Yoast SEO plugin v25.9 - https:\/\/yoast.com\/wordpress\/plugins\/seo\/ -->\n<title>Korallirahu - hele, pastelne korallidega pilttapeet meres\u00fcgavusest.<\/title>\n<meta name=\"description\" content=\"Pastelne, hele pilttapeet korallide ja meretaimedega. Tapeedidisain aktsentseinale. T\u00e4pselt sinu seina m\u00f5\u00f5tu l\u00f5igatud tapeedid. Keskkonnas\u00f5bralikult\" \/>\n<meta name=\"robots\" content=\"index, follow, max-snippet:-1, max-image-preview:large, max-video-preview:-1\" \/>\n<link rel=\"canonical\" href=\"https:\/\/baubauwall.com\/et\/toode\/pilttapeet-korallirahu\/\" \/>\n<meta property=\"og:locale\" content=\"et_EE\" \/>\n<meta property=\"og:type\" content=\"article\" \/>\n<meta property=\"og:title\" content=\"Korallirahu - hele, pastelne korallidega pilttapeet meres\u00fcgavusest.\" \/>\n<meta property=\"og:description\" content=\"Pastelne, hele pilttapeet korallide ja meretaimedega. Tapeedidisain aktsentseinale. T\u00e4pselt sinu seina m\u00f5\u00f5tu l\u00f5igatud tapeedid. Keskkonnas\u00f5bralikult\" \/>\n<meta property=\"og:url\" content=\"https:\/\/baubauwall.com\/et\/toode\/pilttapeet-korallirahu\/\" \/>\n<meta property=\"og:site_name\" content=\"BAUBAUWALL TAPEEDID\" \/>\n<meta property=\"article:publisher\" content=\"https:\/\/www.facebook.com\/Baubauwall\" \/>\n<meta property=\"article:modified_time\" content=\"2025-07-23T06:30:08+00:00\" \/>\n<meta property=\"og:image\" content=\"https:\/\/baubauwall.com\/wp-content\/uploads\/2025\/07\/Coral-Creatures-Wall-Mural-Baubauwall1.jpeg\" \/>\n\t<meta property=\"og:image:width\" content=\"1440\" \/>\n\t<meta property=\"og:image:height\" content=\"960\" \/>\n\t<meta property=\"og:image:type\" content=\"image\/jpeg\" \/>\n<meta name=\"twitter:card\" content=\"summary_large_image\" \/>\n<meta name=\"twitter:label1\" content=\"Est. reading time\" \/>\n\t<meta name=\"twitter:data1\" content=\"1 minut\" \/>\n<script type=\"application\/ld+json\" class=\"yoast-schema-graph\">{\"@context\":\"https:\/\/schema.org\",\"@graph\":[{\"@type\":\"WebPage\",\"@id\":\"https:\/\/baubauwall.com\/et\/toode\/pilttapeet-korallirahu\/\",\"url\":\"https:\/\/baubauwall.com\/et\/toode\/pilttapeet-korallirahu\/\",\"name\":\"Korallirahu - hele, pastelne korallidega pilttapeet meres\u00fcgavusest.\",\"isPartOf\":{\"@id\":\"https:\/\/baubauwall.com\/et\/#website\"},\"primaryImageOfPage\":{\"@id\":\"https:\/\/baubauwall.com\/et\/toode\/pilttapeet-korallirahu\/#primaryimage\"},\"image\":{\"@id\":\"https:\/\/baubauwall.com\/et\/toode\/pilttapeet-korallirahu\/#primaryimage\"},\"thumbnailUrl\":\"https:\/\/baubauwall.com\/wp-content\/uploads\/2025\/07\/Coral-Creatures-Wall-Mural-Baubauwall1.jpeg\",\"datePublished\":\"2023-04-03T10:00:20+00:00\",\"dateModified\":\"2025-07-23T06:30:08+00:00\",\"description\":\"Pastelne, hele pilttapeet korallide ja meretaimedega. Tapeedidisain aktsentseinale. T\u00e4pselt sinu seina m\u00f5\u00f5tu l\u00f5igatud tapeedid. Keskkonnas\u00f5bralikult\",\"breadcrumb\":{\"@id\":\"https:\/\/baubauwall.com\/et\/toode\/pilttapeet-korallirahu\/#breadcrumb\"},\"inLanguage\":\"et\",\"potentialAction\":[{\"@type\":\"ReadAction\",\"target\":[\"https:\/\/baubauwall.com\/et\/toode\/pilttapeet-korallirahu\/\"]}]},{\"@type\":\"ImageObject\",\"inLanguage\":\"et\",\"@id\":\"https:\/\/baubauwall.com\/et\/toode\/pilttapeet-korallirahu\/#primaryimage\",\"url\":\"https:\/\/baubauwall.com\/wp-content\/uploads\/2025\/07\/Coral-Creatures-Wall-Mural-Baubauwall1.jpeg\",\"contentUrl\":\"https:\/\/baubauwall.com\/wp-content\/uploads\/2025\/07\/Coral-Creatures-Wall-Mural-Baubauwall1.jpeg\",\"width\":1440,\"height\":960,\"caption\":\"Coral Creatures mural wallpaper at a coastal style bedroom\"},{\"@type\":\"BreadcrumbList\",\"@id\":\"https:\/\/baubauwall.com\/et\/toode\/pilttapeet-korallirahu\/#breadcrumb\",\"itemListElement\":[{\"@type\":\"ListItem\",\"position\":1,\"name\":\"Koju\",\"item\":\"https:\/\/baubauwall.com\/et\/\"},{\"@type\":\"ListItem\",\"position\":2,\"name\":\"Tapeedid\",\"item\":\"https:\/\/baubauwall.com\/et\/tapeedid\/\"},{\"@type\":\"ListItem\",\"position\":3,\"name\":\"Korallirahu\"}]},{\"@type\":\"WebSite\",\"@id\":\"https:\/\/baubauwall.com\/et\/#website\",\"url\":\"https:\/\/baubauwall.com\/et\/\",\"name\":\"BAUBAUWALL Wallpapers\",\"description\":\"Valmis paanides tapeet Eestist!\",\"publisher\":{\"@id\":\"https:\/\/baubauwall.com\/et\/#organization\"},\"potentialAction\":[{\"@type\":\"SearchAction\",\"target\":{\"@type\":\"EntryPoint\",\"urlTemplate\":\"https:\/\/baubauwall.com\/et\/?s={search_term_string}\"},\"query-input\":{\"@type\":\"PropertyValueSpecification\",\"valueRequired\":true,\"valueName\":\"search_term_string\"}}],\"inLanguage\":\"et\"},{\"@type\":\"Organization\",\"@id\":\"https:\/\/baubauwall.com\/et\/#organization\",\"name\":\"BAUBAUWALL Wallpapers\",\"url\":\"https:\/\/baubauwall.com\/et\/\",\"logo\":{\"@type\":\"ImageObject\",\"inLanguage\":\"et\",\"@id\":\"https:\/\/baubauwall.com\/et\/#\/schema\/logo\/image\/\",\"url\":\"https:\/\/baubauwall.com\/wp-content\/uploads\/2022\/03\/logo-horizontal.svg\",\"contentUrl\":\"https:\/\/baubauwall.com\/wp-content\/uploads\/2022\/03\/logo-horizontal.svg\",\"width\":\"1024\",\"height\":\"1024\",\"caption\":\"BAUBAUWALL Wallpapers\"},\"image\":{\"@id\":\"https:\/\/baubauwall.com\/et\/#\/schema\/logo\/image\/\"},\"sameAs\":[\"https:\/\/www.facebook.com\/Baubauwall\",\"https:\/\/www.instagram.com\/baubauwall\"]}]}<\/script>\n<!-- \/ Yoast SEO plugin. -->","yoast_head_json":{"title":"Korallirahu - hele, pastelne korallidega pilttapeet meres\u00fcgavusest.","description":"Pastelne, hele pilttapeet korallide ja meretaimedega. Tapeedidisain aktsentseinale. T\u00e4pselt sinu seina m\u00f5\u00f5tu l\u00f5igatud tapeedid. Keskkonnas\u00f5bralikult","robots":{"index":"index","follow":"follow","max-snippet":"max-snippet:-1","max-image-preview":"max-image-preview:large","max-video-preview":"max-video-preview:-1"},"canonical":"https:\/\/baubauwall.com\/et\/toode\/pilttapeet-korallirahu\/","og_locale":"et_EE","og_type":"article","og_title":"Korallirahu - hele, pastelne korallidega pilttapeet meres\u00fcgavusest.","og_description":"Pastelne, hele pilttapeet korallide ja meretaimedega. Tapeedidisain aktsentseinale. T\u00e4pselt sinu seina m\u00f5\u00f5tu l\u00f5igatud tapeedid. Keskkonnas\u00f5bralikult","og_url":"https:\/\/baubauwall.com\/et\/toode\/pilttapeet-korallirahu\/","og_site_name":"BAUBAUWALL TAPEEDID","article_publisher":"https:\/\/www.facebook.com\/Baubauwall","article_modified_time":"2025-07-23T06:30:08+00:00","og_image":[{"width":1440,"height":960,"url":"https:\/\/baubauwall.com\/wp-content\/uploads\/2025\/07\/Coral-Creatures-Wall-Mural-Baubauwall1.jpeg","type":"image\/jpeg"}],"twitter_card":"summary_large_image","twitter_misc":{"Est. reading time":"1 minut"},"schema":{"@context":"https:\/\/schema.org","@graph":[{"@type":"WebPage","@id":"https:\/\/baubauwall.com\/et\/toode\/pilttapeet-korallirahu\/","url":"https:\/\/baubauwall.com\/et\/toode\/pilttapeet-korallirahu\/","name":"Korallirahu - hele, pastelne korallidega pilttapeet meres\u00fcgavusest.","isPartOf":{"@id":"https:\/\/baubauwall.com\/et\/#website"},"primaryImageOfPage":{"@id":"https:\/\/baubauwall.com\/et\/toode\/pilttapeet-korallirahu\/#primaryimage"},"image":{"@id":"https:\/\/baubauwall.com\/et\/toode\/pilttapeet-korallirahu\/#primaryimage"},"thumbnailUrl":"https:\/\/baubauwall.com\/wp-content\/uploads\/2025\/07\/Coral-Creatures-Wall-Mural-Baubauwall1.jpeg","datePublished":"2023-04-03T10:00:20+00:00","dateModified":"2025-07-23T06:30:08+00:00","description":"Pastelne, hele pilttapeet korallide ja meretaimedega. Tapeedidisain aktsentseinale. T\u00e4pselt sinu seina m\u00f5\u00f5tu l\u00f5igatud tapeedid. Keskkonnas\u00f5bralikult","breadcrumb":{"@id":"https:\/\/baubauwall.com\/et\/toode\/pilttapeet-korallirahu\/#breadcrumb"},"inLanguage":"et","potentialAction":[{"@type":"ReadAction","target":["https:\/\/baubauwall.com\/et\/toode\/pilttapeet-korallirahu\/"]}]},{"@type":"ImageObject","inLanguage":"et","@id":"https:\/\/baubauwall.com\/et\/toode\/pilttapeet-korallirahu\/#primaryimage","url":"https:\/\/baubauwall.com\/wp-content\/uploads\/2025\/07\/Coral-Creatures-Wall-Mural-Baubauwall1.jpeg","contentUrl":"https:\/\/baubauwall.com\/wp-content\/uploads\/2025\/07\/Coral-Creatures-Wall-Mural-Baubauwall1.jpeg","width":1440,"height":960,"caption":"Coral Creatures mural wallpaper at a coastal style bedroom"},{"@type":"BreadcrumbList","@id":"https:\/\/baubauwall.com\/et\/toode\/pilttapeet-korallirahu\/#breadcrumb","itemListElement":[{"@type":"ListItem","position":1,"name":"Koju","item":"https:\/\/baubauwall.com\/et\/"},{"@type":"ListItem","position":2,"name":"Tapeedid","item":"https:\/\/baubauwall.com\/et\/tapeedid\/"},{"@type":"ListItem","position":3,"name":"Korallirahu"}]},{"@type":"WebSite","@id":"https:\/\/baubauwall.com\/et\/#website","url":"https:\/\/baubauwall.com\/et\/","name":"BAUBAUWALL Wallpapers","description":"Valmis paanides tapeet Eestist!","publisher":{"@id":"https:\/\/baubauwall.com\/et\/#organization"},"potentialAction":[{"@type":"SearchAction","target":{"@type":"EntryPoint","urlTemplate":"https:\/\/baubauwall.com\/et\/?s={search_term_string}"},"query-input":{"@type":"PropertyValueSpecification","valueRequired":true,"valueName":"search_term_string"}}],"inLanguage":"et"},{"@type":"Organization","@id":"https:\/\/baubauwall.com\/et\/#organization","name":"BAUBAUWALL Wallpapers","url":"https:\/\/baubauwall.com\/et\/","logo":{"@type":"ImageObject","inLanguage":"et","@id":"https:\/\/baubauwall.com\/et\/#\/schema\/logo\/image\/","url":"https:\/\/baubauwall.com\/wp-content\/uploads\/2022\/03\/logo-horizontal.svg","contentUrl":"https:\/\/baubauwall.com\/wp-content\/uploads\/2022\/03\/logo-horizontal.svg","width":"1024","height":"1024","caption":"BAUBAUWALL Wallpapers"},"image":{"@id":"https:\/\/baubauwall.com\/et\/#\/schema\/logo\/image\/"},"sameAs":["https:\/\/www.facebook.com\/Baubauwall","https:\/\/www.instagram.com\/baubauwall"]}]}},"jetpack_sharing_enabled":true,"_links":{"self":[{"href":"https:\/\/baubauwall.com\/et\/wp-json\/wp\/v2\/product\/27278","targetHints":{"allow":["GET"]}}],"collection":[{"href":"https:\/\/baubauwall.com\/et\/wp-json\/wp\/v2\/product"}],"about":[{"href":"https:\/\/baubauwall.com\/et\/wp-json\/wp\/v2\/types\/product"}],"replies":[{"embeddable":true,"href":"https:\/\/baubauwall.com\/et\/wp-json\/wp\/v2\/comments?post=27278"}],"wp:featuredmedia":[{"embeddable":true,"href":"https:\/\/baubauwall.com\/et\/wp-json\/wp\/v2\/media\/43869"}],"wp:attachment":[{"href":"https:\/\/baubauwall.com\/et\/wp-json\/wp\/v2\/media?parent=27278"}],"wp:term":[{"taxonomy":"product_brand","embeddable":true,"href":"https:\/\/baubauwall.com\/et\/wp-json\/wp\/v2\/product_brand?post=27278"},{"taxonomy":"product_cat","embeddable":true,"href":"https:\/\/baubauwall.com\/et\/wp-json\/wp\/v2\/product_cat?post=27278"},{"taxonomy":"product_tag","embeddable":true,"href":"https:\/\/baubauwall.com\/et\/wp-json\/wp\/v2\/product_tag?post=27278"}],"curies":[{"name":"wp","href":"https:\/\/api.w.org\/{rel}","templated":true}]}}