{"id":27560,"date":"2023-04-12T15:00:20","date_gmt":"2023-04-12T13:00:20","guid":{"rendered":"https:\/\/baubauwall.com\/product\/wall-mural-roaring-reef-white\/"},"modified":"2023-04-18T15:05:00","modified_gmt":"2023-04-18T13:05:00","slug":"pilttapeet-korallriff-valge","status":"publish","type":"product","link":"https:\/\/baubauwall.com\/et\/toode\/pilttapeet-korallriff-valge\/","title":{"rendered":"Korallriff &#8211; valge"},"content":{"rendered":"<p>Efektne, valgel taustal pilttapeet Koralliriff. Hele tapeedidisain, mis paneb unistama kaugetest meredest, ookeanidest ja veealuse maailma v\u00f5ludest! Veealuse maailmaga pilttapeet sobib h\u00e4sti merelise sisustusega \u2013 n\u00e4iteks teismelise tuppa, magamistoa aktsentseinale v\u00f5i koduse spa seina. Lase oma m\u00f5tetel r\u00e4nnata kaugetele maadele ja meredele, avastades iga p\u00e4ev uusi detaile sel inspireerival tapeedil.<\/p>\n<p>Nagu k\u00f5ik meie tapeedid on ka see pilttapeet tr\u00fckitud\u00a0<a href=\"https:\/\/baubauwall.com\/et\/keskkonnasobralikud-tapeedid\/\" target=\"_blank\" rel=\"noopener\">keskkonnas\u00f5bralike v\u00e4rvidega<\/a>\u00a0hingavale, fliistapeedi materjalile. Sinu uus tapeet on l\u00f5igatud nummerdatud paanideks \u2013 t\u00e4pselt nii pikad, kui Sinu sein. Kuidas see t\u00f6\u00f6tab \u2013 loe l\u00e4hemalt<a href=\"https:\/\/baubauwall.com\/et\/kuidas-see-tootab\/\" target=\"_blank\" rel=\"noopener\">\u00a0siit.<\/a><\/p>\n","protected":false},"excerpt":{"rendered":"<p>Efektne, valgel taustal pilttapeet Koralliriff. Hele tapeedidisain, mis paneb unistama kaugetest meredest, ookeanidest ja veealuse maailma v\u00f5ludest! Veealuse maailmaga pilttapeet sobib h\u00e4sti merelise sisustusega \u2013 n\u00e4iteks teismelise tuppa, magamistoa aktsentseinale v\u00f5i koduse spa seina. Lase oma m\u00f5tetel r\u00e4nnata kaugetele maadele ja meredele, avastades iga p\u00e4ev uusi detaile sel inspireerival tapeedil. Nagu k\u00f5ik meie tapeedid on [&hellip;]<\/p>\n","protected":false},"featured_media":27556,"comment_status":"open","ping_status":"closed","template":"","meta":{"_acf_changed":false,"inline_featured_image":false},"product_brand":[],"product_cat":[650,387,391,273,276,413,400,414,415,399,402,252,259],"product_tag":[345,638],"class_list":{"0":"post-27560","1":"product","2":"type-product","3":"status-publish","4":"has-post-thumbnail","6":"product_cat-sir-edward-pilttapeedid","7":"product_cat-pilttapeedid","8":"product_cat-vahemereline","9":"product_cat-heledad-tapeedid","10":"product_cat-pastelsed-tapeedid","11":"product_cat-magamistoa-tapeedid","12":"product_cat-lastetoa-tapeedid","13":"product_cat-soogitoa-tapeedid","14":"product_cat-kulalistetoa-tapeedid","15":"product_cat-kodukontori-tapeedid","16":"product_cat-elutoa-tapeedid","17":"product_cat-ookean-meri","18":"product_cat-kalad-veealune-maailm","19":"product_tag-pilttapeet","20":"product_tag-sir-edward-pilttapeedid","21":"pa_designedby-sir-edward","23":"first","24":"instock","25":"taxable","26":"shipping-taxable","27":"purchasable","28":"product-type-simple"},"acf":[],"yoast_head":"<!-- This site is optimized with the Yoast SEO plugin v25.9 - https:\/\/yoast.com\/wordpress\/plugins\/seo\/ -->\n<title>Koralliriff - hele pilttapeet. Ookean, korallid ning taimestik<\/title>\n<meta name=\"description\" content=\"Hele pilttapeet Korallriff. Valgel taustal ookean, korallid ja mere-elu. Ideaalne tapeet aktsentseinale. Tapeedid sinu seina m\u00f5\u00f5dus, tasuta liim &amp; transport\" \/>\n<meta name=\"robots\" content=\"index, follow, max-snippet:-1, max-image-preview:large, max-video-preview:-1\" \/>\n<link rel=\"canonical\" href=\"https:\/\/baubauwall.com\/et\/toode\/pilttapeet-korallriff-valge\/\" \/>\n<meta property=\"og:locale\" content=\"et_EE\" \/>\n<meta property=\"og:type\" content=\"article\" \/>\n<meta property=\"og:title\" content=\"Koralliriff - hele pilttapeet. Ookean, korallid ning taimestik\" \/>\n<meta property=\"og:description\" content=\"Hele pilttapeet Korallriff. Valgel taustal ookean, korallid ja mere-elu. Ideaalne tapeet aktsentseinale. Tapeedid sinu seina m\u00f5\u00f5dus, tasuta liim &amp; transport\" \/>\n<meta property=\"og:url\" content=\"https:\/\/baubauwall.com\/et\/toode\/pilttapeet-korallriff-valge\/\" \/>\n<meta property=\"og:site_name\" content=\"BAUBAUWALL TAPEEDID\" \/>\n<meta property=\"article:publisher\" content=\"https:\/\/www.facebook.com\/Baubauwall\" \/>\n<meta property=\"article:modified_time\" content=\"2023-04-18T13:05:00+00:00\" \/>\n<meta property=\"og:image\" content=\"https:\/\/baubauwall.com\/wp-content\/uploads\/2022\/11\/51200283_RoaringReef-White_Baubauwall_Wallmural_room8.jpg\" \/>\n\t<meta property=\"og:image:width\" content=\"2133\" \/>\n\t<meta property=\"og:image:height\" content=\"1600\" \/>\n\t<meta property=\"og:image:type\" content=\"image\/jpeg\" \/>\n<meta name=\"twitter:card\" content=\"summary_large_image\" \/>\n<meta name=\"twitter:label1\" content=\"Est. reading time\" \/>\n\t<meta name=\"twitter:data1\" content=\"1 minut\" \/>\n<script type=\"application\/ld+json\" class=\"yoast-schema-graph\">{\"@context\":\"https:\/\/schema.org\",\"@graph\":[{\"@type\":\"WebPage\",\"@id\":\"https:\/\/baubauwall.com\/et\/toode\/pilttapeet-korallriff-valge\/\",\"url\":\"https:\/\/baubauwall.com\/et\/toode\/pilttapeet-korallriff-valge\/\",\"name\":\"Koralliriff - hele pilttapeet. Ookean, korallid ning taimestik\",\"isPartOf\":{\"@id\":\"https:\/\/baubauwall.com\/et\/#website\"},\"primaryImageOfPage\":{\"@id\":\"https:\/\/baubauwall.com\/et\/toode\/pilttapeet-korallriff-valge\/#primaryimage\"},\"image\":{\"@id\":\"https:\/\/baubauwall.com\/et\/toode\/pilttapeet-korallriff-valge\/#primaryimage\"},\"thumbnailUrl\":\"https:\/\/baubauwall.com\/wp-content\/uploads\/2022\/11\/51200283_RoaringReef-White_Baubauwall_Wallmural_room8.jpg\",\"datePublished\":\"2023-04-12T13:00:20+00:00\",\"dateModified\":\"2023-04-18T13:05:00+00:00\",\"description\":\"Hele pilttapeet Korallriff. Valgel taustal ookean, korallid ja mere-elu. Ideaalne tapeet aktsentseinale. Tapeedid sinu seina m\u00f5\u00f5dus, tasuta liim & transport\",\"breadcrumb\":{\"@id\":\"https:\/\/baubauwall.com\/et\/toode\/pilttapeet-korallriff-valge\/#breadcrumb\"},\"inLanguage\":\"et\",\"potentialAction\":[{\"@type\":\"ReadAction\",\"target\":[\"https:\/\/baubauwall.com\/et\/toode\/pilttapeet-korallriff-valge\/\"]}]},{\"@type\":\"ImageObject\",\"inLanguage\":\"et\",\"@id\":\"https:\/\/baubauwall.com\/et\/toode\/pilttapeet-korallriff-valge\/#primaryimage\",\"url\":\"https:\/\/baubauwall.com\/wp-content\/uploads\/2022\/11\/51200283_RoaringReef-White_Baubauwall_Wallmural_room8.jpg\",\"contentUrl\":\"https:\/\/baubauwall.com\/wp-content\/uploads\/2022\/11\/51200283_RoaringReef-White_Baubauwall_Wallmural_room8.jpg\",\"width\":2133,\"height\":1600},{\"@type\":\"BreadcrumbList\",\"@id\":\"https:\/\/baubauwall.com\/et\/toode\/pilttapeet-korallriff-valge\/#breadcrumb\",\"itemListElement\":[{\"@type\":\"ListItem\",\"position\":1,\"name\":\"Koju\",\"item\":\"https:\/\/baubauwall.com\/et\/\"},{\"@type\":\"ListItem\",\"position\":2,\"name\":\"Tapeedid\",\"item\":\"https:\/\/baubauwall.com\/et\/tapeedid\/\"},{\"@type\":\"ListItem\",\"position\":3,\"name\":\"Korallriff &#8211; valge\"}]},{\"@type\":\"WebSite\",\"@id\":\"https:\/\/baubauwall.com\/et\/#website\",\"url\":\"https:\/\/baubauwall.com\/et\/\",\"name\":\"BAUBAUWALL Wallpapers\",\"description\":\"Valmis paanides tapeet Eestist!\",\"publisher\":{\"@id\":\"https:\/\/baubauwall.com\/et\/#organization\"},\"potentialAction\":[{\"@type\":\"SearchAction\",\"target\":{\"@type\":\"EntryPoint\",\"urlTemplate\":\"https:\/\/baubauwall.com\/et\/?s={search_term_string}\"},\"query-input\":{\"@type\":\"PropertyValueSpecification\",\"valueRequired\":true,\"valueName\":\"search_term_string\"}}],\"inLanguage\":\"et\"},{\"@type\":\"Organization\",\"@id\":\"https:\/\/baubauwall.com\/et\/#organization\",\"name\":\"BAUBAUWALL Wallpapers\",\"url\":\"https:\/\/baubauwall.com\/et\/\",\"logo\":{\"@type\":\"ImageObject\",\"inLanguage\":\"et\",\"@id\":\"https:\/\/baubauwall.com\/et\/#\/schema\/logo\/image\/\",\"url\":\"https:\/\/baubauwall.com\/wp-content\/uploads\/2022\/03\/logo-horizontal.svg\",\"contentUrl\":\"https:\/\/baubauwall.com\/wp-content\/uploads\/2022\/03\/logo-horizontal.svg\",\"width\":\"1024\",\"height\":\"1024\",\"caption\":\"BAUBAUWALL Wallpapers\"},\"image\":{\"@id\":\"https:\/\/baubauwall.com\/et\/#\/schema\/logo\/image\/\"},\"sameAs\":[\"https:\/\/www.facebook.com\/Baubauwall\",\"https:\/\/www.instagram.com\/baubauwall\"]}]}<\/script>\n<!-- \/ Yoast SEO plugin. -->","yoast_head_json":{"title":"Koralliriff - hele pilttapeet. Ookean, korallid ning taimestik","description":"Hele pilttapeet Korallriff. Valgel taustal ookean, korallid ja mere-elu. Ideaalne tapeet aktsentseinale. Tapeedid sinu seina m\u00f5\u00f5dus, tasuta liim & transport","robots":{"index":"index","follow":"follow","max-snippet":"max-snippet:-1","max-image-preview":"max-image-preview:large","max-video-preview":"max-video-preview:-1"},"canonical":"https:\/\/baubauwall.com\/et\/toode\/pilttapeet-korallriff-valge\/","og_locale":"et_EE","og_type":"article","og_title":"Koralliriff - hele pilttapeet. Ookean, korallid ning taimestik","og_description":"Hele pilttapeet Korallriff. Valgel taustal ookean, korallid ja mere-elu. Ideaalne tapeet aktsentseinale. Tapeedid sinu seina m\u00f5\u00f5dus, tasuta liim & transport","og_url":"https:\/\/baubauwall.com\/et\/toode\/pilttapeet-korallriff-valge\/","og_site_name":"BAUBAUWALL TAPEEDID","article_publisher":"https:\/\/www.facebook.com\/Baubauwall","article_modified_time":"2023-04-18T13:05:00+00:00","og_image":[{"width":2133,"height":1600,"url":"https:\/\/baubauwall.com\/wp-content\/uploads\/2022\/11\/51200283_RoaringReef-White_Baubauwall_Wallmural_room8.jpg","type":"image\/jpeg"}],"twitter_card":"summary_large_image","twitter_misc":{"Est. reading time":"1 minut"},"schema":{"@context":"https:\/\/schema.org","@graph":[{"@type":"WebPage","@id":"https:\/\/baubauwall.com\/et\/toode\/pilttapeet-korallriff-valge\/","url":"https:\/\/baubauwall.com\/et\/toode\/pilttapeet-korallriff-valge\/","name":"Koralliriff - hele pilttapeet. Ookean, korallid ning taimestik","isPartOf":{"@id":"https:\/\/baubauwall.com\/et\/#website"},"primaryImageOfPage":{"@id":"https:\/\/baubauwall.com\/et\/toode\/pilttapeet-korallriff-valge\/#primaryimage"},"image":{"@id":"https:\/\/baubauwall.com\/et\/toode\/pilttapeet-korallriff-valge\/#primaryimage"},"thumbnailUrl":"https:\/\/baubauwall.com\/wp-content\/uploads\/2022\/11\/51200283_RoaringReef-White_Baubauwall_Wallmural_room8.jpg","datePublished":"2023-04-12T13:00:20+00:00","dateModified":"2023-04-18T13:05:00+00:00","description":"Hele pilttapeet Korallriff. Valgel taustal ookean, korallid ja mere-elu. Ideaalne tapeet aktsentseinale. Tapeedid sinu seina m\u00f5\u00f5dus, tasuta liim & transport","breadcrumb":{"@id":"https:\/\/baubauwall.com\/et\/toode\/pilttapeet-korallriff-valge\/#breadcrumb"},"inLanguage":"et","potentialAction":[{"@type":"ReadAction","target":["https:\/\/baubauwall.com\/et\/toode\/pilttapeet-korallriff-valge\/"]}]},{"@type":"ImageObject","inLanguage":"et","@id":"https:\/\/baubauwall.com\/et\/toode\/pilttapeet-korallriff-valge\/#primaryimage","url":"https:\/\/baubauwall.com\/wp-content\/uploads\/2022\/11\/51200283_RoaringReef-White_Baubauwall_Wallmural_room8.jpg","contentUrl":"https:\/\/baubauwall.com\/wp-content\/uploads\/2022\/11\/51200283_RoaringReef-White_Baubauwall_Wallmural_room8.jpg","width":2133,"height":1600},{"@type":"BreadcrumbList","@id":"https:\/\/baubauwall.com\/et\/toode\/pilttapeet-korallriff-valge\/#breadcrumb","itemListElement":[{"@type":"ListItem","position":1,"name":"Koju","item":"https:\/\/baubauwall.com\/et\/"},{"@type":"ListItem","position":2,"name":"Tapeedid","item":"https:\/\/baubauwall.com\/et\/tapeedid\/"},{"@type":"ListItem","position":3,"name":"Korallriff &#8211; valge"}]},{"@type":"WebSite","@id":"https:\/\/baubauwall.com\/et\/#website","url":"https:\/\/baubauwall.com\/et\/","name":"BAUBAUWALL Wallpapers","description":"Valmis paanides tapeet Eestist!","publisher":{"@id":"https:\/\/baubauwall.com\/et\/#organization"},"potentialAction":[{"@type":"SearchAction","target":{"@type":"EntryPoint","urlTemplate":"https:\/\/baubauwall.com\/et\/?s={search_term_string}"},"query-input":{"@type":"PropertyValueSpecification","valueRequired":true,"valueName":"search_term_string"}}],"inLanguage":"et"},{"@type":"Organization","@id":"https:\/\/baubauwall.com\/et\/#organization","name":"BAUBAUWALL Wallpapers","url":"https:\/\/baubauwall.com\/et\/","logo":{"@type":"ImageObject","inLanguage":"et","@id":"https:\/\/baubauwall.com\/et\/#\/schema\/logo\/image\/","url":"https:\/\/baubauwall.com\/wp-content\/uploads\/2022\/03\/logo-horizontal.svg","contentUrl":"https:\/\/baubauwall.com\/wp-content\/uploads\/2022\/03\/logo-horizontal.svg","width":"1024","height":"1024","caption":"BAUBAUWALL Wallpapers"},"image":{"@id":"https:\/\/baubauwall.com\/et\/#\/schema\/logo\/image\/"},"sameAs":["https:\/\/www.facebook.com\/Baubauwall","https:\/\/www.instagram.com\/baubauwall"]}]}},"jetpack_sharing_enabled":true,"_links":{"self":[{"href":"https:\/\/baubauwall.com\/et\/wp-json\/wp\/v2\/product\/27560","targetHints":{"allow":["GET"]}}],"collection":[{"href":"https:\/\/baubauwall.com\/et\/wp-json\/wp\/v2\/product"}],"about":[{"href":"https:\/\/baubauwall.com\/et\/wp-json\/wp\/v2\/types\/product"}],"replies":[{"embeddable":true,"href":"https:\/\/baubauwall.com\/et\/wp-json\/wp\/v2\/comments?post=27560"}],"wp:featuredmedia":[{"embeddable":true,"href":"https:\/\/baubauwall.com\/et\/wp-json\/wp\/v2\/media\/27556"}],"wp:attachment":[{"href":"https:\/\/baubauwall.com\/et\/wp-json\/wp\/v2\/media?parent=27560"}],"wp:term":[{"taxonomy":"product_brand","embeddable":true,"href":"https:\/\/baubauwall.com\/et\/wp-json\/wp\/v2\/product_brand?post=27560"},{"taxonomy":"product_cat","embeddable":true,"href":"https:\/\/baubauwall.com\/et\/wp-json\/wp\/v2\/product_cat?post=27560"},{"taxonomy":"product_tag","embeddable":true,"href":"https:\/\/baubauwall.com\/et\/wp-json\/wp\/v2\/product_tag?post=27560"}],"curies":[{"name":"wp","href":"https:\/\/api.w.org\/{rel}","templated":true}]}}