{"id":27584,"date":"2023-04-10T17:00:20","date_gmt":"2023-04-10T15:00:20","guid":{"rendered":"https:\/\/baubauwall.com\/product\/wall-mural-monkey-sanctuary\/"},"modified":"2024-08-06T12:36:04","modified_gmt":"2024-08-06T10:36:04","slug":"pilttapeet-dzunglialbum","status":"publish","type":"product","link":"https:\/\/baubauwall.com\/et\/toode\/pilttapeet-dzunglialbum\/","title":{"rendered":"D\u017eunglialbum"},"content":{"rendered":"<p>Rohelistes toonides troopiline pilttapeet, mille inspiratsioon on ammutatud koloniaalajastu maalidelt. Salap\u00e4rane d\u017eungel, mille lopsakas troopikas elavad ulakad ahvikesed ja elegantsed paabulinnud. See maitsekas pilttapeet on efektne valik magamistuppa, s\u00f6\u00f6gitoa aktsentseina v\u00f5i mujale ja mida on lihtne sobitada muu sisustusega.<\/p>\n<p>Nagu k\u00f5ik meie kordusmustriga tapeedid ja pilttapeedid, on ka see disain tr\u00fckitud\u00a0<a href=\"https:\/\/baubauwall.com\/et\/keskkonnasobralikud-tapeedid\/\" target=\"_blank\" rel=\"noopener\">keskkonnas\u00f5bralike v\u00e4rvidega<\/a>, hingavale fliistapeedi materjalile, mis ei l\u00e4igi ja on lihtne paigaldada. Sinu uus tapeet tuleb valmis l\u00f5igatud ning nummerdatud paanides, mis on t\u00e4pselt nii k\u00f5rged, kui Sinu sein.<\/p>\n","protected":false},"excerpt":{"rendered":"<p>Rohelistes toonides troopiline pilttapeet, mille inspiratsioon on ammutatud koloniaalajastu maalidelt. Salap\u00e4rane d\u017eungel, mille lopsakas troopikas elavad ulakad ahvikesed ja elegantsed paabulinnud. See maitsekas pilttapeet on efektne valik magamistuppa, s\u00f6\u00f6gitoa aktsentseina v\u00f5i mujale ja mida on lihtne sobitada muu sisustusega. Nagu k\u00f5ik meie kordusmustriga tapeedid ja pilttapeedid, on ka see disain tr\u00fckitud\u00a0keskkonnas\u00f5bralike v\u00e4rvidega, hingavale fliistapeedi materjalile, [&hellip;]<\/p>\n","protected":false},"featured_media":27582,"comment_status":"open","ping_status":"closed","template":"","meta":{"_acf_changed":false,"inline_featured_image":false},"product_brand":[],"product_cat":[780,650,387,622,447,394,388,270,271,413,414,415,402,250,254,255],"product_tag":[345,638],"class_list":{"0":"post-27584","1":"product","2":"type-product","3":"status-publish","4":"has-post-thumbnail","6":"product_cat-pilttapeedid-lugudega","7":"product_cat-sir-edward-pilttapeedid","8":"product_cat-pilttapeedid","9":"product_cat-julged-tapeedid","10":"product_cat-maksimalistlik-et","11":"product_cat-rikkalik","12":"product_cat-vintage-et","13":"product_cat-tumedad-tapeedid","14":"product_cat-rohelised-tapeedid","15":"product_cat-magamistoa-tapeedid","16":"product_cat-soogitoa-tapeedid","17":"product_cat-kulalistetoa-tapeedid","18":"product_cat-elutoa-tapeedid","19":"product_cat-dzungel-troopika","20":"product_cat-loodus","21":"product_cat-loomad","22":"product_tag-pilttapeet","23":"product_tag-sir-edward-pilttapeedid","24":"pa_designedby-sir-edward","26":"first","27":"instock","28":"taxable","29":"shipping-taxable","30":"purchasable","31":"product-type-simple"},"acf":[],"yoast_head":"<!-- This site is optimized with the Yoast SEO plugin v25.9 - https:\/\/yoast.com\/wordpress\/plugins\/seo\/ -->\n<title>D\u017eunglialbum - troopilises stiilis ajatu pilttapeet. Sinu seina m\u00f5\u00f5tu.<\/title>\n<meta name=\"description\" content=\"Troopiline pilttapeet. Roheline tapeedidisain vaatega d\u017eunglile, kus elavad ahvid, paabulinnud. Troopiline, maitsekas aktsentseina tapeet.\" \/>\n<meta name=\"robots\" content=\"index, follow, max-snippet:-1, max-image-preview:large, max-video-preview:-1\" \/>\n<link rel=\"canonical\" href=\"https:\/\/baubauwall.com\/et\/toode\/pilttapeet-dzunglialbum\/\" \/>\n<meta property=\"og:locale\" content=\"et_EE\" \/>\n<meta property=\"og:type\" content=\"article\" \/>\n<meta property=\"og:title\" content=\"D\u017eunglialbum - troopilises stiilis ajatu pilttapeet. Sinu seina m\u00f5\u00f5tu.\" \/>\n<meta property=\"og:description\" content=\"Troopiline pilttapeet. Roheline tapeedidisain vaatega d\u017eunglile, kus elavad ahvid, paabulinnud. Troopiline, maitsekas aktsentseina tapeet.\" \/>\n<meta property=\"og:url\" content=\"https:\/\/baubauwall.com\/et\/toode\/pilttapeet-dzunglialbum\/\" \/>\n<meta property=\"og:site_name\" content=\"BAUBAUWALL TAPEEDID\" \/>\n<meta property=\"article:publisher\" content=\"https:\/\/www.facebook.com\/Baubauwall\" \/>\n<meta property=\"article:modified_time\" content=\"2024-08-06T10:36:04+00:00\" \/>\n<meta property=\"og:image\" content=\"https:\/\/baubauwall.com\/wp-content\/uploads\/2022\/11\/51200280_MonkeySanctuary_Baubauwall_Wallmural_room7.jpg\" \/>\n\t<meta property=\"og:image:width\" content=\"2268\" \/>\n\t<meta property=\"og:image:height\" content=\"1600\" \/>\n\t<meta property=\"og:image:type\" content=\"image\/jpeg\" \/>\n<meta name=\"twitter:card\" content=\"summary_large_image\" \/>\n<meta name=\"twitter:label1\" content=\"Est. reading time\" \/>\n\t<meta name=\"twitter:data1\" content=\"1 minut\" \/>\n<script type=\"application\/ld+json\" class=\"yoast-schema-graph\">{\"@context\":\"https:\/\/schema.org\",\"@graph\":[{\"@type\":\"WebPage\",\"@id\":\"https:\/\/baubauwall.com\/et\/toode\/pilttapeet-dzunglialbum\/\",\"url\":\"https:\/\/baubauwall.com\/et\/toode\/pilttapeet-dzunglialbum\/\",\"name\":\"D\u017eunglialbum - troopilises stiilis ajatu pilttapeet. Sinu seina m\u00f5\u00f5tu.\",\"isPartOf\":{\"@id\":\"https:\/\/baubauwall.com\/et\/#website\"},\"primaryImageOfPage\":{\"@id\":\"https:\/\/baubauwall.com\/et\/toode\/pilttapeet-dzunglialbum\/#primaryimage\"},\"image\":{\"@id\":\"https:\/\/baubauwall.com\/et\/toode\/pilttapeet-dzunglialbum\/#primaryimage\"},\"thumbnailUrl\":\"https:\/\/baubauwall.com\/wp-content\/uploads\/2022\/11\/51200280_MonkeySanctuary_Baubauwall_Wallmural_room7.jpg\",\"datePublished\":\"2023-04-10T15:00:20+00:00\",\"dateModified\":\"2024-08-06T10:36:04+00:00\",\"description\":\"Troopiline pilttapeet. Roheline tapeedidisain vaatega d\u017eunglile, kus elavad ahvid, paabulinnud. Troopiline, maitsekas aktsentseina tapeet.\",\"breadcrumb\":{\"@id\":\"https:\/\/baubauwall.com\/et\/toode\/pilttapeet-dzunglialbum\/#breadcrumb\"},\"inLanguage\":\"et\",\"potentialAction\":[{\"@type\":\"ReadAction\",\"target\":[\"https:\/\/baubauwall.com\/et\/toode\/pilttapeet-dzunglialbum\/\"]}]},{\"@type\":\"ImageObject\",\"inLanguage\":\"et\",\"@id\":\"https:\/\/baubauwall.com\/et\/toode\/pilttapeet-dzunglialbum\/#primaryimage\",\"url\":\"https:\/\/baubauwall.com\/wp-content\/uploads\/2022\/11\/51200280_MonkeySanctuary_Baubauwall_Wallmural_room7.jpg\",\"contentUrl\":\"https:\/\/baubauwall.com\/wp-content\/uploads\/2022\/11\/51200280_MonkeySanctuary_Baubauwall_Wallmural_room7.jpg\",\"width\":2268,\"height\":1600,\"caption\":\"Entrance feature wall wallpaper with monkeys and tropical jungle\"},{\"@type\":\"BreadcrumbList\",\"@id\":\"https:\/\/baubauwall.com\/et\/toode\/pilttapeet-dzunglialbum\/#breadcrumb\",\"itemListElement\":[{\"@type\":\"ListItem\",\"position\":1,\"name\":\"Koju\",\"item\":\"https:\/\/baubauwall.com\/et\/\"},{\"@type\":\"ListItem\",\"position\":2,\"name\":\"Tapeedid\",\"item\":\"https:\/\/baubauwall.com\/et\/tapeedid\/\"},{\"@type\":\"ListItem\",\"position\":3,\"name\":\"D\u017eunglialbum\"}]},{\"@type\":\"WebSite\",\"@id\":\"https:\/\/baubauwall.com\/et\/#website\",\"url\":\"https:\/\/baubauwall.com\/et\/\",\"name\":\"BAUBAUWALL Wallpapers\",\"description\":\"Valmis paanides tapeet Eestist!\",\"publisher\":{\"@id\":\"https:\/\/baubauwall.com\/et\/#organization\"},\"potentialAction\":[{\"@type\":\"SearchAction\",\"target\":{\"@type\":\"EntryPoint\",\"urlTemplate\":\"https:\/\/baubauwall.com\/et\/?s={search_term_string}\"},\"query-input\":{\"@type\":\"PropertyValueSpecification\",\"valueRequired\":true,\"valueName\":\"search_term_string\"}}],\"inLanguage\":\"et\"},{\"@type\":\"Organization\",\"@id\":\"https:\/\/baubauwall.com\/et\/#organization\",\"name\":\"BAUBAUWALL Wallpapers\",\"url\":\"https:\/\/baubauwall.com\/et\/\",\"logo\":{\"@type\":\"ImageObject\",\"inLanguage\":\"et\",\"@id\":\"https:\/\/baubauwall.com\/et\/#\/schema\/logo\/image\/\",\"url\":\"https:\/\/baubauwall.com\/wp-content\/uploads\/2022\/03\/logo-horizontal.svg\",\"contentUrl\":\"https:\/\/baubauwall.com\/wp-content\/uploads\/2022\/03\/logo-horizontal.svg\",\"width\":\"1024\",\"height\":\"1024\",\"caption\":\"BAUBAUWALL Wallpapers\"},\"image\":{\"@id\":\"https:\/\/baubauwall.com\/et\/#\/schema\/logo\/image\/\"},\"sameAs\":[\"https:\/\/www.facebook.com\/Baubauwall\",\"https:\/\/www.instagram.com\/baubauwall\"]}]}<\/script>\n<!-- \/ Yoast SEO plugin. -->","yoast_head_json":{"title":"D\u017eunglialbum - troopilises stiilis ajatu pilttapeet. Sinu seina m\u00f5\u00f5tu.","description":"Troopiline pilttapeet. Roheline tapeedidisain vaatega d\u017eunglile, kus elavad ahvid, paabulinnud. Troopiline, maitsekas aktsentseina tapeet.","robots":{"index":"index","follow":"follow","max-snippet":"max-snippet:-1","max-image-preview":"max-image-preview:large","max-video-preview":"max-video-preview:-1"},"canonical":"https:\/\/baubauwall.com\/et\/toode\/pilttapeet-dzunglialbum\/","og_locale":"et_EE","og_type":"article","og_title":"D\u017eunglialbum - troopilises stiilis ajatu pilttapeet. Sinu seina m\u00f5\u00f5tu.","og_description":"Troopiline pilttapeet. Roheline tapeedidisain vaatega d\u017eunglile, kus elavad ahvid, paabulinnud. Troopiline, maitsekas aktsentseina tapeet.","og_url":"https:\/\/baubauwall.com\/et\/toode\/pilttapeet-dzunglialbum\/","og_site_name":"BAUBAUWALL TAPEEDID","article_publisher":"https:\/\/www.facebook.com\/Baubauwall","article_modified_time":"2024-08-06T10:36:04+00:00","og_image":[{"width":2268,"height":1600,"url":"https:\/\/baubauwall.com\/wp-content\/uploads\/2022\/11\/51200280_MonkeySanctuary_Baubauwall_Wallmural_room7.jpg","type":"image\/jpeg"}],"twitter_card":"summary_large_image","twitter_misc":{"Est. reading time":"1 minut"},"schema":{"@context":"https:\/\/schema.org","@graph":[{"@type":"WebPage","@id":"https:\/\/baubauwall.com\/et\/toode\/pilttapeet-dzunglialbum\/","url":"https:\/\/baubauwall.com\/et\/toode\/pilttapeet-dzunglialbum\/","name":"D\u017eunglialbum - troopilises stiilis ajatu pilttapeet. Sinu seina m\u00f5\u00f5tu.","isPartOf":{"@id":"https:\/\/baubauwall.com\/et\/#website"},"primaryImageOfPage":{"@id":"https:\/\/baubauwall.com\/et\/toode\/pilttapeet-dzunglialbum\/#primaryimage"},"image":{"@id":"https:\/\/baubauwall.com\/et\/toode\/pilttapeet-dzunglialbum\/#primaryimage"},"thumbnailUrl":"https:\/\/baubauwall.com\/wp-content\/uploads\/2022\/11\/51200280_MonkeySanctuary_Baubauwall_Wallmural_room7.jpg","datePublished":"2023-04-10T15:00:20+00:00","dateModified":"2024-08-06T10:36:04+00:00","description":"Troopiline pilttapeet. Roheline tapeedidisain vaatega d\u017eunglile, kus elavad ahvid, paabulinnud. Troopiline, maitsekas aktsentseina tapeet.","breadcrumb":{"@id":"https:\/\/baubauwall.com\/et\/toode\/pilttapeet-dzunglialbum\/#breadcrumb"},"inLanguage":"et","potentialAction":[{"@type":"ReadAction","target":["https:\/\/baubauwall.com\/et\/toode\/pilttapeet-dzunglialbum\/"]}]},{"@type":"ImageObject","inLanguage":"et","@id":"https:\/\/baubauwall.com\/et\/toode\/pilttapeet-dzunglialbum\/#primaryimage","url":"https:\/\/baubauwall.com\/wp-content\/uploads\/2022\/11\/51200280_MonkeySanctuary_Baubauwall_Wallmural_room7.jpg","contentUrl":"https:\/\/baubauwall.com\/wp-content\/uploads\/2022\/11\/51200280_MonkeySanctuary_Baubauwall_Wallmural_room7.jpg","width":2268,"height":1600,"caption":"Entrance feature wall wallpaper with monkeys and tropical jungle"},{"@type":"BreadcrumbList","@id":"https:\/\/baubauwall.com\/et\/toode\/pilttapeet-dzunglialbum\/#breadcrumb","itemListElement":[{"@type":"ListItem","position":1,"name":"Koju","item":"https:\/\/baubauwall.com\/et\/"},{"@type":"ListItem","position":2,"name":"Tapeedid","item":"https:\/\/baubauwall.com\/et\/tapeedid\/"},{"@type":"ListItem","position":3,"name":"D\u017eunglialbum"}]},{"@type":"WebSite","@id":"https:\/\/baubauwall.com\/et\/#website","url":"https:\/\/baubauwall.com\/et\/","name":"BAUBAUWALL Wallpapers","description":"Valmis paanides tapeet Eestist!","publisher":{"@id":"https:\/\/baubauwall.com\/et\/#organization"},"potentialAction":[{"@type":"SearchAction","target":{"@type":"EntryPoint","urlTemplate":"https:\/\/baubauwall.com\/et\/?s={search_term_string}"},"query-input":{"@type":"PropertyValueSpecification","valueRequired":true,"valueName":"search_term_string"}}],"inLanguage":"et"},{"@type":"Organization","@id":"https:\/\/baubauwall.com\/et\/#organization","name":"BAUBAUWALL Wallpapers","url":"https:\/\/baubauwall.com\/et\/","logo":{"@type":"ImageObject","inLanguage":"et","@id":"https:\/\/baubauwall.com\/et\/#\/schema\/logo\/image\/","url":"https:\/\/baubauwall.com\/wp-content\/uploads\/2022\/03\/logo-horizontal.svg","contentUrl":"https:\/\/baubauwall.com\/wp-content\/uploads\/2022\/03\/logo-horizontal.svg","width":"1024","height":"1024","caption":"BAUBAUWALL Wallpapers"},"image":{"@id":"https:\/\/baubauwall.com\/et\/#\/schema\/logo\/image\/"},"sameAs":["https:\/\/www.facebook.com\/Baubauwall","https:\/\/www.instagram.com\/baubauwall"]}]}},"jetpack_sharing_enabled":true,"_links":{"self":[{"href":"https:\/\/baubauwall.com\/et\/wp-json\/wp\/v2\/product\/27584","targetHints":{"allow":["GET"]}}],"collection":[{"href":"https:\/\/baubauwall.com\/et\/wp-json\/wp\/v2\/product"}],"about":[{"href":"https:\/\/baubauwall.com\/et\/wp-json\/wp\/v2\/types\/product"}],"replies":[{"embeddable":true,"href":"https:\/\/baubauwall.com\/et\/wp-json\/wp\/v2\/comments?post=27584"}],"wp:featuredmedia":[{"embeddable":true,"href":"https:\/\/baubauwall.com\/et\/wp-json\/wp\/v2\/media\/27582"}],"wp:attachment":[{"href":"https:\/\/baubauwall.com\/et\/wp-json\/wp\/v2\/media?parent=27584"}],"wp:term":[{"taxonomy":"product_brand","embeddable":true,"href":"https:\/\/baubauwall.com\/et\/wp-json\/wp\/v2\/product_brand?post=27584"},{"taxonomy":"product_cat","embeddable":true,"href":"https:\/\/baubauwall.com\/et\/wp-json\/wp\/v2\/product_cat?post=27584"},{"taxonomy":"product_tag","embeddable":true,"href":"https:\/\/baubauwall.com\/et\/wp-json\/wp\/v2\/product_tag?post=27584"}],"curies":[{"name":"wp","href":"https:\/\/api.w.org\/{rel}","templated":true}]}}