{"id":27698,"date":"2023-04-13T11:46:33","date_gmt":"2023-04-13T09:46:33","guid":{"rendered":"https:\/\/baubauwall.com\/?post_type=product&#038;p=27698"},"modified":"2025-09-17T15:57:25","modified_gmt":"2025-09-17T13:57:25","slug":"pilttapeet-lillemaania","status":"publish","type":"product","link":"https:\/\/baubauwall.com\/et\/toode\/pilttapeet-lillemaania\/","title":{"rendered":"Lillemaania"},"content":{"rendered":"<p>Maksimalistlik disain tapeet, mille v\u00f5iksid panna aktsentseinale vau efektiks! Lillemaania on pilttapeet, mis on ajatut elegantne ning sobib ideaalselt kaasaegsetesse kodudesse. \u00dcleelusuurused lilled on justkui lilleplahvatus seinal v\u00f5i imeline tapeedivalik hoopis elegantses <em>walk-in\u00a0<\/em>garderoobi seinal. Tegemist on \u00f5limaali digitaliseeringuga, kus algselt v\u00e4iksem teos on t\u00f6\u00f6deldud nii, et saad seda kasutada pilttapeedina suurel seinal.<\/p>\n<p>Nagu k\u00f5ik meie kordusmustriga tapeedid ja pilttapeedid, on ka see disain tr\u00fckitud <a href=\"https:\/\/baubauwall.com\/et\/keskkonnasobralikud-tapeedid\/\" target=\"_blank\" rel=\"noopener\">keskkonnas\u00f5bralike v\u00e4rvidega<\/a>, hingavale fliistapeedi materjalile, mis ei l\u00e4igi ja on lihtne paigaldada. Sinu uus tapeet tuleb valmis l\u00f5igatud ning nummerdatud paanides, mis on t\u00e4pselt nii k\u00f5rged, kui Sinu sein.<\/p>\n","protected":false},"excerpt":{"rendered":"<p>Maksimalistlik disain tapeet, mille v\u00f5iksid panna aktsentseinale vau efektiks! Lillemaania on pilttapeet, mis on ajatut elegantne ning sobib ideaalselt kaasaegsetesse kodudesse. \u00dcleelusuurused lilled on justkui lilleplahvatus seinal v\u00f5i imeline tapeedivalik hoopis elegantses walk-in\u00a0garderoobi seinal. Tegemist on \u00f5limaali digitaliseeringuga, kus algselt v\u00e4iksem teos on t\u00f6\u00f6deldud nii, et saad seda kasutada pilttapeedina suurel seinal. Nagu k\u00f5ik meie [&hellip;]<\/p>\n","protected":false},"featured_media":44650,"comment_status":"open","ping_status":"closed","template":"","meta":{"_acf_changed":false,"inline_featured_image":false},"product_brand":[],"product_cat":[648,387,622,447,394,391,388,268,413,414,416,399,402,260],"product_tag":[563,345,638,646],"class_list":{"0":"post-27698","1":"product","2":"type-product","3":"status-publish","4":"has-post-thumbnail","6":"product_cat-pilttapeedid-madam-blanc","7":"product_cat-pilttapeedid","8":"product_cat-julged-tapeedid","9":"product_cat-maksimalistlik-et","10":"product_cat-rikkalik","11":"product_cat-vahemereline","12":"product_cat-vintage-et","13":"product_cat-kirkad-tapeedid","14":"product_cat-magamistoa-tapeedid","15":"product_cat-soogitoa-tapeedid","16":"product_cat-esiku-tapeedid","17":"product_cat-kodukontori-tapeedid","18":"product_cat-elutoa-tapeedid","19":"product_cat-lilled","20":"product_tag-biofiilia-stiil","21":"product_tag-pilttapeet","22":"product_tag-sir-edward-pilttapeedid","23":"product_tag-suured-lilled-et","25":"first","26":"instock","27":"taxable","28":"shipping-taxable","29":"purchasable","30":"product-type-simple"},"acf":[],"yoast_head":"<!-- This site is optimized with the Yoast SEO plugin v25.9 - https:\/\/yoast.com\/wordpress\/plugins\/seo\/ -->\n<title>Maksimalistlik disain tapeet Lillemaania - k\u00fclluslik pilttapeet<\/title>\n<meta name=\"description\" content=\"Suurte lilledega maksimalistlik disain tapeet, mis sobib aktsentseina. K\u00fclluslik tapeedidisain \u00fcleelusuuruste lilledega, mis maalilt j\u00f5udnud tapeedile.\" \/>\n<meta name=\"robots\" content=\"index, follow, max-snippet:-1, max-image-preview:large, max-video-preview:-1\" \/>\n<link rel=\"canonical\" href=\"https:\/\/baubauwall.com\/et\/toode\/pilttapeet-lillemaania\/\" \/>\n<meta property=\"og:locale\" content=\"et_EE\" \/>\n<meta property=\"og:type\" content=\"article\" \/>\n<meta property=\"og:title\" content=\"Maksimalistlik disain tapeet Lillemaania - k\u00fclluslik pilttapeet\" \/>\n<meta property=\"og:description\" content=\"Suurte lilledega maksimalistlik disain tapeet, mis sobib aktsentseina. K\u00fclluslik tapeedidisain \u00fcleelusuuruste lilledega, mis maalilt j\u00f5udnud tapeedile.\" \/>\n<meta property=\"og:url\" content=\"https:\/\/baubauwall.com\/et\/toode\/pilttapeet-lillemaania\/\" \/>\n<meta property=\"og:site_name\" content=\"BAUBAUWALL Wallpapers\" \/>\n<meta property=\"article:publisher\" content=\"https:\/\/www.facebook.com\/Baubauwall\" \/>\n<meta property=\"article:modified_time\" content=\"2025-09-17T13:57:25+00:00\" \/>\n<meta property=\"og:image\" content=\"https:\/\/baubauwall.com\/wp-content\/uploads\/2023\/04\/51200290_suured-lilled-tapeet-style-and-dine-stuudios-by-baubauwall.jpg\" \/>\n\t<meta property=\"og:image:width\" content=\"810\" \/>\n\t<meta property=\"og:image:height\" content=\"1013\" \/>\n\t<meta property=\"og:image:type\" content=\"image\/jpeg\" \/>\n<meta name=\"twitter:card\" content=\"summary_large_image\" \/>\n<meta name=\"twitter:label1\" content=\"Est. reading time\" \/>\n\t<meta name=\"twitter:data1\" content=\"1 minut\" \/>\n<script type=\"application\/ld+json\" class=\"yoast-schema-graph\">{\"@context\":\"https:\/\/schema.org\",\"@graph\":[{\"@type\":\"WebPage\",\"@id\":\"https:\/\/baubauwall.com\/et\/toode\/pilttapeet-lillemaania\/\",\"url\":\"https:\/\/baubauwall.com\/et\/toode\/pilttapeet-lillemaania\/\",\"name\":\"Maksimalistlik disain tapeet Lillemaania - k\u00fclluslik pilttapeet\",\"isPartOf\":{\"@id\":\"https:\/\/baubauwall.com\/et\/#website\"},\"primaryImageOfPage\":{\"@id\":\"https:\/\/baubauwall.com\/et\/toode\/pilttapeet-lillemaania\/#primaryimage\"},\"image\":{\"@id\":\"https:\/\/baubauwall.com\/et\/toode\/pilttapeet-lillemaania\/#primaryimage\"},\"thumbnailUrl\":\"https:\/\/baubauwall.com\/wp-content\/uploads\/2023\/04\/51200290_suured-lilled-tapeet-style-and-dine-stuudios-by-baubauwall.jpg\",\"datePublished\":\"2023-04-13T09:46:33+00:00\",\"dateModified\":\"2025-09-17T13:57:25+00:00\",\"description\":\"Suurte lilledega maksimalistlik disain tapeet, mis sobib aktsentseina. K\u00fclluslik tapeedidisain \u00fcleelusuuruste lilledega, mis maalilt j\u00f5udnud tapeedile.\",\"breadcrumb\":{\"@id\":\"https:\/\/baubauwall.com\/et\/toode\/pilttapeet-lillemaania\/#breadcrumb\"},\"inLanguage\":\"et\",\"potentialAction\":[{\"@type\":\"ReadAction\",\"target\":[\"https:\/\/baubauwall.com\/et\/toode\/pilttapeet-lillemaania\/\"]}]},{\"@type\":\"ImageObject\",\"inLanguage\":\"et\",\"@id\":\"https:\/\/baubauwall.com\/et\/toode\/pilttapeet-lillemaania\/#primaryimage\",\"url\":\"https:\/\/baubauwall.com\/wp-content\/uploads\/2023\/04\/51200290_suured-lilled-tapeet-style-and-dine-stuudios-by-baubauwall.jpg\",\"contentUrl\":\"https:\/\/baubauwall.com\/wp-content\/uploads\/2023\/04\/51200290_suured-lilled-tapeet-style-and-dine-stuudios-by-baubauwall.jpg\",\"width\":810,\"height\":1013,\"caption\":\"Flower Madness Wall Mural\"},{\"@type\":\"BreadcrumbList\",\"@id\":\"https:\/\/baubauwall.com\/et\/toode\/pilttapeet-lillemaania\/#breadcrumb\",\"itemListElement\":[{\"@type\":\"ListItem\",\"position\":1,\"name\":\"Koju\",\"item\":\"https:\/\/baubauwall.com\/et\/\"},{\"@type\":\"ListItem\",\"position\":2,\"name\":\"Tapeedid\",\"item\":\"https:\/\/baubauwall.com\/et\/tapeedid\/\"},{\"@type\":\"ListItem\",\"position\":3,\"name\":\"Lillemaania\"}]},{\"@type\":\"WebSite\",\"@id\":\"https:\/\/baubauwall.com\/et\/#website\",\"url\":\"https:\/\/baubauwall.com\/et\/\",\"name\":\"BAUBAUWALL Wallpapers\",\"description\":\"Valmis paanides tapeet Eestist!\",\"publisher\":{\"@id\":\"https:\/\/baubauwall.com\/et\/#organization\"},\"potentialAction\":[{\"@type\":\"SearchAction\",\"target\":{\"@type\":\"EntryPoint\",\"urlTemplate\":\"https:\/\/baubauwall.com\/et\/?s={search_term_string}\"},\"query-input\":{\"@type\":\"PropertyValueSpecification\",\"valueRequired\":true,\"valueName\":\"search_term_string\"}}],\"inLanguage\":\"et\"},{\"@type\":\"Organization\",\"@id\":\"https:\/\/baubauwall.com\/et\/#organization\",\"name\":\"BAUBAUWALL Wallpapers\",\"url\":\"https:\/\/baubauwall.com\/et\/\",\"logo\":{\"@type\":\"ImageObject\",\"inLanguage\":\"et\",\"@id\":\"https:\/\/baubauwall.com\/et\/#\/schema\/logo\/image\/\",\"url\":\"https:\/\/baubauwall.com\/wp-content\/uploads\/2022\/03\/logo-horizontal.svg\",\"contentUrl\":\"https:\/\/baubauwall.com\/wp-content\/uploads\/2022\/03\/logo-horizontal.svg\",\"width\":\"1024\",\"height\":\"1024\",\"caption\":\"BAUBAUWALL Wallpapers\"},\"image\":{\"@id\":\"https:\/\/baubauwall.com\/et\/#\/schema\/logo\/image\/\"},\"sameAs\":[\"https:\/\/www.facebook.com\/Baubauwall\",\"https:\/\/www.instagram.com\/baubauwall\"]}]}<\/script>\n<!-- \/ Yoast SEO plugin. -->","yoast_head_json":{"title":"Maksimalistlik disain tapeet Lillemaania - k\u00fclluslik pilttapeet","description":"Suurte lilledega maksimalistlik disain tapeet, mis sobib aktsentseina. K\u00fclluslik tapeedidisain \u00fcleelusuuruste lilledega, mis maalilt j\u00f5udnud tapeedile.","robots":{"index":"index","follow":"follow","max-snippet":"max-snippet:-1","max-image-preview":"max-image-preview:large","max-video-preview":"max-video-preview:-1"},"canonical":"https:\/\/baubauwall.com\/et\/toode\/pilttapeet-lillemaania\/","og_locale":"et_EE","og_type":"article","og_title":"Maksimalistlik disain tapeet Lillemaania - k\u00fclluslik pilttapeet","og_description":"Suurte lilledega maksimalistlik disain tapeet, mis sobib aktsentseina. K\u00fclluslik tapeedidisain \u00fcleelusuuruste lilledega, mis maalilt j\u00f5udnud tapeedile.","og_url":"https:\/\/baubauwall.com\/et\/toode\/pilttapeet-lillemaania\/","og_site_name":"BAUBAUWALL Wallpapers","article_publisher":"https:\/\/www.facebook.com\/Baubauwall","article_modified_time":"2025-09-17T13:57:25+00:00","og_image":[{"width":810,"height":1013,"url":"https:\/\/baubauwall.com\/wp-content\/uploads\/2023\/04\/51200290_suured-lilled-tapeet-style-and-dine-stuudios-by-baubauwall.jpg","type":"image\/jpeg"}],"twitter_card":"summary_large_image","twitter_misc":{"Est. reading time":"1 minut"},"schema":{"@context":"https:\/\/schema.org","@graph":[{"@type":"WebPage","@id":"https:\/\/baubauwall.com\/et\/toode\/pilttapeet-lillemaania\/","url":"https:\/\/baubauwall.com\/et\/toode\/pilttapeet-lillemaania\/","name":"Maksimalistlik disain tapeet Lillemaania - k\u00fclluslik pilttapeet","isPartOf":{"@id":"https:\/\/baubauwall.com\/et\/#website"},"primaryImageOfPage":{"@id":"https:\/\/baubauwall.com\/et\/toode\/pilttapeet-lillemaania\/#primaryimage"},"image":{"@id":"https:\/\/baubauwall.com\/et\/toode\/pilttapeet-lillemaania\/#primaryimage"},"thumbnailUrl":"https:\/\/baubauwall.com\/wp-content\/uploads\/2023\/04\/51200290_suured-lilled-tapeet-style-and-dine-stuudios-by-baubauwall.jpg","datePublished":"2023-04-13T09:46:33+00:00","dateModified":"2025-09-17T13:57:25+00:00","description":"Suurte lilledega maksimalistlik disain tapeet, mis sobib aktsentseina. K\u00fclluslik tapeedidisain \u00fcleelusuuruste lilledega, mis maalilt j\u00f5udnud tapeedile.","breadcrumb":{"@id":"https:\/\/baubauwall.com\/et\/toode\/pilttapeet-lillemaania\/#breadcrumb"},"inLanguage":"et","potentialAction":[{"@type":"ReadAction","target":["https:\/\/baubauwall.com\/et\/toode\/pilttapeet-lillemaania\/"]}]},{"@type":"ImageObject","inLanguage":"et","@id":"https:\/\/baubauwall.com\/et\/toode\/pilttapeet-lillemaania\/#primaryimage","url":"https:\/\/baubauwall.com\/wp-content\/uploads\/2023\/04\/51200290_suured-lilled-tapeet-style-and-dine-stuudios-by-baubauwall.jpg","contentUrl":"https:\/\/baubauwall.com\/wp-content\/uploads\/2023\/04\/51200290_suured-lilled-tapeet-style-and-dine-stuudios-by-baubauwall.jpg","width":810,"height":1013,"caption":"Flower Madness Wall Mural"},{"@type":"BreadcrumbList","@id":"https:\/\/baubauwall.com\/et\/toode\/pilttapeet-lillemaania\/#breadcrumb","itemListElement":[{"@type":"ListItem","position":1,"name":"Koju","item":"https:\/\/baubauwall.com\/et\/"},{"@type":"ListItem","position":2,"name":"Tapeedid","item":"https:\/\/baubauwall.com\/et\/tapeedid\/"},{"@type":"ListItem","position":3,"name":"Lillemaania"}]},{"@type":"WebSite","@id":"https:\/\/baubauwall.com\/et\/#website","url":"https:\/\/baubauwall.com\/et\/","name":"BAUBAUWALL Wallpapers","description":"Valmis paanides tapeet Eestist!","publisher":{"@id":"https:\/\/baubauwall.com\/et\/#organization"},"potentialAction":[{"@type":"SearchAction","target":{"@type":"EntryPoint","urlTemplate":"https:\/\/baubauwall.com\/et\/?s={search_term_string}"},"query-input":{"@type":"PropertyValueSpecification","valueRequired":true,"valueName":"search_term_string"}}],"inLanguage":"et"},{"@type":"Organization","@id":"https:\/\/baubauwall.com\/et\/#organization","name":"BAUBAUWALL Wallpapers","url":"https:\/\/baubauwall.com\/et\/","logo":{"@type":"ImageObject","inLanguage":"et","@id":"https:\/\/baubauwall.com\/et\/#\/schema\/logo\/image\/","url":"https:\/\/baubauwall.com\/wp-content\/uploads\/2022\/03\/logo-horizontal.svg","contentUrl":"https:\/\/baubauwall.com\/wp-content\/uploads\/2022\/03\/logo-horizontal.svg","width":"1024","height":"1024","caption":"BAUBAUWALL Wallpapers"},"image":{"@id":"https:\/\/baubauwall.com\/et\/#\/schema\/logo\/image\/"},"sameAs":["https:\/\/www.facebook.com\/Baubauwall","https:\/\/www.instagram.com\/baubauwall"]}]}},"jetpack_sharing_enabled":true,"_links":{"self":[{"href":"https:\/\/baubauwall.com\/et\/wp-json\/wp\/v2\/product\/27698","targetHints":{"allow":["GET"]}}],"collection":[{"href":"https:\/\/baubauwall.com\/et\/wp-json\/wp\/v2\/product"}],"about":[{"href":"https:\/\/baubauwall.com\/et\/wp-json\/wp\/v2\/types\/product"}],"replies":[{"embeddable":true,"href":"https:\/\/baubauwall.com\/et\/wp-json\/wp\/v2\/comments?post=27698"}],"wp:featuredmedia":[{"embeddable":true,"href":"https:\/\/baubauwall.com\/et\/wp-json\/wp\/v2\/media\/44650"}],"wp:attachment":[{"href":"https:\/\/baubauwall.com\/et\/wp-json\/wp\/v2\/media?parent=27698"}],"wp:term":[{"taxonomy":"product_brand","embeddable":true,"href":"https:\/\/baubauwall.com\/et\/wp-json\/wp\/v2\/product_brand?post=27698"},{"taxonomy":"product_cat","embeddable":true,"href":"https:\/\/baubauwall.com\/et\/wp-json\/wp\/v2\/product_cat?post=27698"},{"taxonomy":"product_tag","embeddable":true,"href":"https:\/\/baubauwall.com\/et\/wp-json\/wp\/v2\/product_tag?post=27698"}],"curies":[{"name":"wp","href":"https:\/\/api.w.org\/{rel}","templated":true}]}}