{"id":27780,"date":"2023-04-13T15:26:20","date_gmt":"2023-04-13T13:26:20","guid":{"rendered":"https:\/\/baubauwall.com\/?post_type=product&#038;p=27780"},"modified":"2026-03-11T12:43:17","modified_gmt":"2026-03-11T10:43:17","slug":"pilttapeety-joonistatud-botaanika-mustvalge","status":"publish","type":"product","link":"https:\/\/baubauwall.com\/et\/toode\/pilttapeety-joonistatud-botaanika-mustvalge\/","title":{"rendered":"Joonistatud botaanika &#8211; mustvalge"},"content":{"rendered":"<p>K\u00e4sitsi joonistatud tapeedidisain, mis on \u00a0t\u00f5eliselt unikaalne ja isikup\u00e4rane. Botaaniline motiiv rippuvatest taimedest tapeedi \u00fclal teeb selle heaks valikuks n\u00e4iteks magamistoa voodip\u00e4ise taha seinale. Mustvalge pilttapeet on p\u00f5hjamaine valik, mille juurde on lihtne sobitada muud m\u00f6\u00f6blit ja muster ei muutu koormavaks.<\/p>\n<p>Nagu k\u00f5ik meie tapeedid on ka see pilttapeet tr\u00fckitud\u00a0<a href=\"https:\/\/baubauwall.com\/et\/keskkonnasobralikud-tapeedid\/\" target=\"_blank\" rel=\"noopener\">keskkonnas\u00f5bralike v\u00e4rvidega<\/a>\u00a0hingavale, fliistapeedi materjalile. Sinu uus tapeet on l\u00f5igatud nummerdatud paanideks \u2013 t\u00e4pselt nii pikad, kui Sinu sein. Kuidas see t\u00f6\u00f6tab \u2013 loe l\u00e4hemalt<a href=\"https:\/\/baubauwall.com\/et\/kuidas-see-tootab\/\" target=\"_blank\" rel=\"noopener\">\u00a0siit.<\/a><\/p>\n<p>&nbsp;<\/p>\n","protected":false},"excerpt":{"rendered":"<p>K\u00e4sitsi joonistatud tapeedidisain, mis on \u00a0t\u00f5eliselt unikaalne ja isikup\u00e4rane. Botaaniline motiiv rippuvatest taimedest tapeedi \u00fclal teeb selle heaks valikuks n\u00e4iteks magamistoa voodip\u00e4ise taha seinale. Mustvalge pilttapeet on p\u00f5hjamaine valik, mille juurde on lihtne sobitada muud m\u00f6\u00f6blit ja muster ei muutu koormavaks. Nagu k\u00f5ik meie tapeedid on ka see pilttapeet tr\u00fckitud\u00a0keskkonnas\u00f5bralike v\u00e4rvidega\u00a0hingavale, fliistapeedi materjalile. Sinu uus [&hellip;]<\/p>\n","protected":false},"featured_media":27800,"comment_status":"open","ping_status":"closed","template":"","meta":{"_acf_changed":false,"inline_featured_image":false},"product_brand":[],"product_cat":[387,396,266,273,410,413,414,415,402,699,260],"product_tag":[298,695,320,294,345],"class_list":{"0":"post-27780","1":"product","2":"type-product","3":"status-publish","4":"has-post-thumbnail","6":"product_cat-pilttapeedid","7":"product_cat-skandinaavia","8":"product_cat-mustad-tapeedid","9":"product_cat-heledad-tapeedid","10":"product_cat-valge-tapeedid","11":"product_cat-magamistoa-tapeedid","12":"product_cat-soogitoa-tapeedid","13":"product_cat-kulalistetoa-tapeedid","14":"product_cat-elutoa-tapeedid","15":"product_cat-eesti-disain-tapeedid","16":"product_cat-lilled","17":"product_tag-botaaniline","18":"product_tag-eesti-disain-tapeedid","19":"product_tag-kasitoo","20":"product_tag-mustvalge","21":"product_tag-pilttapeet","23":"first","24":"instock","25":"taxable","26":"shipping-taxable","27":"purchasable","28":"product-type-simple"},"acf":[],"yoast_head":"<!-- This site is optimized with the Yoast SEO plugin v25.9 - https:\/\/yoast.com\/wordpress\/plugins\/seo\/ -->\n<title>Mustvalge tapeet botaanilise disainiga. K\u00e4sitsi joonistatud pilttapeet<\/title>\n<meta name=\"description\" content=\"Mustvalge pilttapeet taimestiku illustratsiooniga. Ilus tapeedivalik magamistoa seinale v\u00f5i elutoa aktsentseina. Tapeet sinu seina m\u00f5\u00f5dus!\" \/>\n<meta name=\"robots\" content=\"index, follow, max-snippet:-1, max-image-preview:large, max-video-preview:-1\" \/>\n<link rel=\"canonical\" href=\"https:\/\/baubauwall.com\/et\/toode\/pilttapeety-joonistatud-botaanika-mustvalge\/\" \/>\n<meta property=\"og:locale\" content=\"et_EE\" \/>\n<meta property=\"og:type\" content=\"article\" \/>\n<meta property=\"og:title\" content=\"Mustvalge tapeet botaanilise disainiga. K\u00e4sitsi joonistatud pilttapeet\" \/>\n<meta property=\"og:description\" content=\"Mustvalge pilttapeet taimestiku illustratsiooniga. Ilus tapeedivalik magamistoa seinale v\u00f5i elutoa aktsentseina. Tapeet sinu seina m\u00f5\u00f5dus!\" \/>\n<meta property=\"og:url\" content=\"https:\/\/baubauwall.com\/et\/toode\/pilttapeety-joonistatud-botaanika-mustvalge\/\" \/>\n<meta property=\"og:site_name\" content=\"BAUBAUWALL Wallpapers\" \/>\n<meta property=\"article:publisher\" content=\"https:\/\/www.facebook.com\/Baubauwall\" \/>\n<meta property=\"article:modified_time\" content=\"2026-03-11T10:43:17+00:00\" \/>\n<meta property=\"og:image\" content=\"https:\/\/baubauwall.com\/wp-content\/uploads\/2023\/04\/51200292_BotanicalBliss-blackwhite_Baubauwall_Wallmural_room9.jpg\" \/>\n\t<meta property=\"og:image:width\" content=\"2400\" \/>\n\t<meta property=\"og:image:height\" content=\"1600\" \/>\n\t<meta property=\"og:image:type\" content=\"image\/jpeg\" \/>\n<meta name=\"twitter:card\" content=\"summary_large_image\" \/>\n<meta name=\"twitter:label1\" content=\"Est. reading time\" \/>\n\t<meta name=\"twitter:data1\" content=\"1 minut\" \/>\n<script type=\"application\/ld+json\" class=\"yoast-schema-graph\">{\"@context\":\"https:\/\/schema.org\",\"@graph\":[{\"@type\":\"WebPage\",\"@id\":\"https:\/\/baubauwall.com\/et\/toode\/pilttapeety-joonistatud-botaanika-mustvalge\/\",\"url\":\"https:\/\/baubauwall.com\/et\/toode\/pilttapeety-joonistatud-botaanika-mustvalge\/\",\"name\":\"Mustvalge tapeet botaanilise disainiga. K\u00e4sitsi joonistatud pilttapeet\",\"isPartOf\":{\"@id\":\"https:\/\/baubauwall.com\/et\/#website\"},\"primaryImageOfPage\":{\"@id\":\"https:\/\/baubauwall.com\/et\/toode\/pilttapeety-joonistatud-botaanika-mustvalge\/#primaryimage\"},\"image\":{\"@id\":\"https:\/\/baubauwall.com\/et\/toode\/pilttapeety-joonistatud-botaanika-mustvalge\/#primaryimage\"},\"thumbnailUrl\":\"https:\/\/baubauwall.com\/wp-content\/uploads\/2023\/04\/51200292_BotanicalBliss-blackwhite_Baubauwall_Wallmural_room9.jpg\",\"datePublished\":\"2023-04-13T13:26:20+00:00\",\"dateModified\":\"2026-03-11T10:43:17+00:00\",\"description\":\"Mustvalge pilttapeet taimestiku illustratsiooniga. Ilus tapeedivalik magamistoa seinale v\u00f5i elutoa aktsentseina. Tapeet sinu seina m\u00f5\u00f5dus!\",\"breadcrumb\":{\"@id\":\"https:\/\/baubauwall.com\/et\/toode\/pilttapeety-joonistatud-botaanika-mustvalge\/#breadcrumb\"},\"inLanguage\":\"et\",\"potentialAction\":[{\"@type\":\"ReadAction\",\"target\":[\"https:\/\/baubauwall.com\/et\/toode\/pilttapeety-joonistatud-botaanika-mustvalge\/\"]}]},{\"@type\":\"ImageObject\",\"inLanguage\":\"et\",\"@id\":\"https:\/\/baubauwall.com\/et\/toode\/pilttapeety-joonistatud-botaanika-mustvalge\/#primaryimage\",\"url\":\"https:\/\/baubauwall.com\/wp-content\/uploads\/2023\/04\/51200292_BotanicalBliss-blackwhite_Baubauwall_Wallmural_room9.jpg\",\"contentUrl\":\"https:\/\/baubauwall.com\/wp-content\/uploads\/2023\/04\/51200292_BotanicalBliss-blackwhite_Baubauwall_Wallmural_room9.jpg\",\"width\":2400,\"height\":1600},{\"@type\":\"BreadcrumbList\",\"@id\":\"https:\/\/baubauwall.com\/et\/toode\/pilttapeety-joonistatud-botaanika-mustvalge\/#breadcrumb\",\"itemListElement\":[{\"@type\":\"ListItem\",\"position\":1,\"name\":\"Koju\",\"item\":\"https:\/\/baubauwall.com\/et\/\"},{\"@type\":\"ListItem\",\"position\":2,\"name\":\"Tapeedid\",\"item\":\"https:\/\/baubauwall.com\/et\/tapeedid\/\"},{\"@type\":\"ListItem\",\"position\":3,\"name\":\"Joonistatud botaanika &#8211; mustvalge\"}]},{\"@type\":\"WebSite\",\"@id\":\"https:\/\/baubauwall.com\/et\/#website\",\"url\":\"https:\/\/baubauwall.com\/et\/\",\"name\":\"BAUBAUWALL Wallpapers\",\"description\":\"Valmis paanides tapeet Eestist!\",\"publisher\":{\"@id\":\"https:\/\/baubauwall.com\/et\/#organization\"},\"potentialAction\":[{\"@type\":\"SearchAction\",\"target\":{\"@type\":\"EntryPoint\",\"urlTemplate\":\"https:\/\/baubauwall.com\/et\/?s={search_term_string}\"},\"query-input\":{\"@type\":\"PropertyValueSpecification\",\"valueRequired\":true,\"valueName\":\"search_term_string\"}}],\"inLanguage\":\"et\"},{\"@type\":\"Organization\",\"@id\":\"https:\/\/baubauwall.com\/et\/#organization\",\"name\":\"BAUBAUWALL Wallpapers\",\"url\":\"https:\/\/baubauwall.com\/et\/\",\"logo\":{\"@type\":\"ImageObject\",\"inLanguage\":\"et\",\"@id\":\"https:\/\/baubauwall.com\/et\/#\/schema\/logo\/image\/\",\"url\":\"https:\/\/baubauwall.com\/wp-content\/uploads\/2022\/03\/logo-horizontal.svg\",\"contentUrl\":\"https:\/\/baubauwall.com\/wp-content\/uploads\/2022\/03\/logo-horizontal.svg\",\"width\":\"1024\",\"height\":\"1024\",\"caption\":\"BAUBAUWALL Wallpapers\"},\"image\":{\"@id\":\"https:\/\/baubauwall.com\/et\/#\/schema\/logo\/image\/\"},\"sameAs\":[\"https:\/\/www.facebook.com\/Baubauwall\",\"https:\/\/www.instagram.com\/baubauwall\"]}]}<\/script>\n<!-- \/ Yoast SEO plugin. -->","yoast_head_json":{"title":"Mustvalge tapeet botaanilise disainiga. K\u00e4sitsi joonistatud pilttapeet","description":"Mustvalge pilttapeet taimestiku illustratsiooniga. Ilus tapeedivalik magamistoa seinale v\u00f5i elutoa aktsentseina. Tapeet sinu seina m\u00f5\u00f5dus!","robots":{"index":"index","follow":"follow","max-snippet":"max-snippet:-1","max-image-preview":"max-image-preview:large","max-video-preview":"max-video-preview:-1"},"canonical":"https:\/\/baubauwall.com\/et\/toode\/pilttapeety-joonistatud-botaanika-mustvalge\/","og_locale":"et_EE","og_type":"article","og_title":"Mustvalge tapeet botaanilise disainiga. K\u00e4sitsi joonistatud pilttapeet","og_description":"Mustvalge pilttapeet taimestiku illustratsiooniga. Ilus tapeedivalik magamistoa seinale v\u00f5i elutoa aktsentseina. Tapeet sinu seina m\u00f5\u00f5dus!","og_url":"https:\/\/baubauwall.com\/et\/toode\/pilttapeety-joonistatud-botaanika-mustvalge\/","og_site_name":"BAUBAUWALL Wallpapers","article_publisher":"https:\/\/www.facebook.com\/Baubauwall","article_modified_time":"2026-03-11T10:43:17+00:00","og_image":[{"width":2400,"height":1600,"url":"https:\/\/baubauwall.com\/wp-content\/uploads\/2023\/04\/51200292_BotanicalBliss-blackwhite_Baubauwall_Wallmural_room9.jpg","type":"image\/jpeg"}],"twitter_card":"summary_large_image","twitter_misc":{"Est. reading time":"1 minut"},"schema":{"@context":"https:\/\/schema.org","@graph":[{"@type":"WebPage","@id":"https:\/\/baubauwall.com\/et\/toode\/pilttapeety-joonistatud-botaanika-mustvalge\/","url":"https:\/\/baubauwall.com\/et\/toode\/pilttapeety-joonistatud-botaanika-mustvalge\/","name":"Mustvalge tapeet botaanilise disainiga. K\u00e4sitsi joonistatud pilttapeet","isPartOf":{"@id":"https:\/\/baubauwall.com\/et\/#website"},"primaryImageOfPage":{"@id":"https:\/\/baubauwall.com\/et\/toode\/pilttapeety-joonistatud-botaanika-mustvalge\/#primaryimage"},"image":{"@id":"https:\/\/baubauwall.com\/et\/toode\/pilttapeety-joonistatud-botaanika-mustvalge\/#primaryimage"},"thumbnailUrl":"https:\/\/baubauwall.com\/wp-content\/uploads\/2023\/04\/51200292_BotanicalBliss-blackwhite_Baubauwall_Wallmural_room9.jpg","datePublished":"2023-04-13T13:26:20+00:00","dateModified":"2026-03-11T10:43:17+00:00","description":"Mustvalge pilttapeet taimestiku illustratsiooniga. Ilus tapeedivalik magamistoa seinale v\u00f5i elutoa aktsentseina. Tapeet sinu seina m\u00f5\u00f5dus!","breadcrumb":{"@id":"https:\/\/baubauwall.com\/et\/toode\/pilttapeety-joonistatud-botaanika-mustvalge\/#breadcrumb"},"inLanguage":"et","potentialAction":[{"@type":"ReadAction","target":["https:\/\/baubauwall.com\/et\/toode\/pilttapeety-joonistatud-botaanika-mustvalge\/"]}]},{"@type":"ImageObject","inLanguage":"et","@id":"https:\/\/baubauwall.com\/et\/toode\/pilttapeety-joonistatud-botaanika-mustvalge\/#primaryimage","url":"https:\/\/baubauwall.com\/wp-content\/uploads\/2023\/04\/51200292_BotanicalBliss-blackwhite_Baubauwall_Wallmural_room9.jpg","contentUrl":"https:\/\/baubauwall.com\/wp-content\/uploads\/2023\/04\/51200292_BotanicalBliss-blackwhite_Baubauwall_Wallmural_room9.jpg","width":2400,"height":1600},{"@type":"BreadcrumbList","@id":"https:\/\/baubauwall.com\/et\/toode\/pilttapeety-joonistatud-botaanika-mustvalge\/#breadcrumb","itemListElement":[{"@type":"ListItem","position":1,"name":"Koju","item":"https:\/\/baubauwall.com\/et\/"},{"@type":"ListItem","position":2,"name":"Tapeedid","item":"https:\/\/baubauwall.com\/et\/tapeedid\/"},{"@type":"ListItem","position":3,"name":"Joonistatud botaanika &#8211; mustvalge"}]},{"@type":"WebSite","@id":"https:\/\/baubauwall.com\/et\/#website","url":"https:\/\/baubauwall.com\/et\/","name":"BAUBAUWALL Wallpapers","description":"Valmis paanides tapeet Eestist!","publisher":{"@id":"https:\/\/baubauwall.com\/et\/#organization"},"potentialAction":[{"@type":"SearchAction","target":{"@type":"EntryPoint","urlTemplate":"https:\/\/baubauwall.com\/et\/?s={search_term_string}"},"query-input":{"@type":"PropertyValueSpecification","valueRequired":true,"valueName":"search_term_string"}}],"inLanguage":"et"},{"@type":"Organization","@id":"https:\/\/baubauwall.com\/et\/#organization","name":"BAUBAUWALL Wallpapers","url":"https:\/\/baubauwall.com\/et\/","logo":{"@type":"ImageObject","inLanguage":"et","@id":"https:\/\/baubauwall.com\/et\/#\/schema\/logo\/image\/","url":"https:\/\/baubauwall.com\/wp-content\/uploads\/2022\/03\/logo-horizontal.svg","contentUrl":"https:\/\/baubauwall.com\/wp-content\/uploads\/2022\/03\/logo-horizontal.svg","width":"1024","height":"1024","caption":"BAUBAUWALL Wallpapers"},"image":{"@id":"https:\/\/baubauwall.com\/et\/#\/schema\/logo\/image\/"},"sameAs":["https:\/\/www.facebook.com\/Baubauwall","https:\/\/www.instagram.com\/baubauwall"]}]}},"jetpack_sharing_enabled":true,"_links":{"self":[{"href":"https:\/\/baubauwall.com\/et\/wp-json\/wp\/v2\/product\/27780","targetHints":{"allow":["GET"]}}],"collection":[{"href":"https:\/\/baubauwall.com\/et\/wp-json\/wp\/v2\/product"}],"about":[{"href":"https:\/\/baubauwall.com\/et\/wp-json\/wp\/v2\/types\/product"}],"replies":[{"embeddable":true,"href":"https:\/\/baubauwall.com\/et\/wp-json\/wp\/v2\/comments?post=27780"}],"wp:featuredmedia":[{"embeddable":true,"href":"https:\/\/baubauwall.com\/et\/wp-json\/wp\/v2\/media\/27800"}],"wp:attachment":[{"href":"https:\/\/baubauwall.com\/et\/wp-json\/wp\/v2\/media?parent=27780"}],"wp:term":[{"taxonomy":"product_brand","embeddable":true,"href":"https:\/\/baubauwall.com\/et\/wp-json\/wp\/v2\/product_brand?post=27780"},{"taxonomy":"product_cat","embeddable":true,"href":"https:\/\/baubauwall.com\/et\/wp-json\/wp\/v2\/product_cat?post=27780"},{"taxonomy":"product_tag","embeddable":true,"href":"https:\/\/baubauwall.com\/et\/wp-json\/wp\/v2\/product_tag?post=27780"}],"curies":[{"name":"wp","href":"https:\/\/api.w.org\/{rel}","templated":true}]}}