{"id":28087,"date":"2022-03-03T09:18:38","date_gmt":"2022-03-03T07:18:38","guid":{"rendered":"https:\/\/baubauwall.com\/product\/wall-mural-horoscope-capricorn-light-blue\/"},"modified":"2023-11-27T10:42:36","modified_gmt":"2023-11-27T08:42:36","slug":"pilttapeet-kaljukitse-horoskoop-helesinine","status":"publish","type":"product","link":"https:\/\/baubauwall.com\/et\/toode\/pilttapeet-kaljukitse-horoskoop-helesinine\/","title":{"rendered":"Kaljukitse horoskoop &#8211; helesinine"},"content":{"rendered":"<p>Tapeet lastetuppa Kaljukitse t\u00e4hem\u00e4rgile! Kaljukitse t\u00e4htkuju iseloomustab sihikindlus ja ambitsioonikus. Kaljukitsed p\u00fchenduvad kohusetundlikult oma eesm\u00e4rkide saavutamisele ning j\u00e4rgivad kindlat karj\u00e4\u00e4ri ja\u00a0 eluviisi. Nad on praktilised ja organiseeritud.<\/p>\n<p>Nagu k\u00f5ik meie tapeedid on ka see pilttapeet tr\u00fckitud keskkonnas\u00f5bralike v\u00e4rvidega hingavale, fliistapeedi materjalile. Sinu uus pilttapeet on l\u00f5igatud nummerdatud paanideks \u2013 t\u00e4pselt nii pikad, kui Sinu sein. Kuidas see t\u00f6\u00f6tab \u2013 loe l\u00e4hemalt<a href=\"https:\/\/baubauwall.com\/et\/kuidas-see-tootab\/\" target=\"_blank\" rel=\"noopener\">\u00a0siit.<\/a><\/p>\n","protected":false},"excerpt":{"rendered":"<p>Tapeet lastetuppa Kaljukitse t\u00e4hem\u00e4rgile! Kaljukitse t\u00e4htkuju iseloomustab sihikindlus ja ambitsioonikus. Kaljukitsed p\u00fchenduvad kohusetundlikult oma eesm\u00e4rkide saavutamisele ning j\u00e4rgivad kindlat karj\u00e4\u00e4ri ja\u00a0 eluviisi. Nad on praktilised ja organiseeritud. Nagu k\u00f5ik meie tapeedid on ka see pilttapeet tr\u00fckitud keskkonnas\u00f5bralike v\u00e4rvidega hingavale, fliistapeedi materjalile. Sinu uus pilttapeet on l\u00f5igatud nummerdatud paanideks \u2013 t\u00e4pselt nii pikad, kui Sinu sein. [&hellip;]<\/p>\n","protected":false},"featured_media":28070,"comment_status":"open","ping_status":"closed","template":"","meta":{"_acf_changed":false,"inline_featured_image":false},"product_brand":[],"product_cat":[387,267,273,276,614],"product_tag":[345,308],"class_list":{"0":"post-28087","1":"product","2":"type-product","3":"status-publish","4":"has-post-thumbnail","6":"product_cat-pilttapeedid","7":"product_cat-sinised-tapeedid","8":"product_cat-heledad-tapeedid","9":"product_cat-pastelsed-tapeedid","10":"product_cat-kosmos-galaktika-et","11":"product_tag-pilttapeet","12":"product_tag-poiste-tuba","13":"pa_designedby-baubauwall","15":"first","16":"instock","17":"taxable","18":"shipping-taxable","19":"purchasable","20":"product-type-simple"},"acf":[],"yoast_head":"<!-- This site is optimized with the Yoast SEO plugin v25.9 - https:\/\/yoast.com\/wordpress\/plugins\/seo\/ -->\n<title>Helesinine lastetoa tapeet Kaljukitse m\u00e4rgile. Horoskoobi tapeedid<\/title>\n<meta name=\"description\" content=\"Helesinine tapeet Kaljukitse horoskoobile. Hea idee poiste toa tapeediks. Tapeedid, mis on l\u00f5igatud t\u00e4pselt sinu seina m\u00f5\u00f5tu. J\u00e4\u00e4tmevabad tapeedid.\" \/>\n<meta name=\"robots\" content=\"index, follow, max-snippet:-1, max-image-preview:large, max-video-preview:-1\" \/>\n<link rel=\"canonical\" href=\"https:\/\/baubauwall.com\/et\/toode\/pilttapeet-kaljukitse-horoskoop-helesinine\/\" \/>\n<meta property=\"og:locale\" content=\"et_EE\" \/>\n<meta property=\"og:type\" content=\"article\" \/>\n<meta property=\"og:title\" content=\"Helesinine lastetoa tapeet Kaljukitse m\u00e4rgile. Horoskoobi tapeedid\" \/>\n<meta property=\"og:description\" content=\"Helesinine tapeet Kaljukitse horoskoobile. Hea idee poiste toa tapeediks. Tapeedid, mis on l\u00f5igatud t\u00e4pselt sinu seina m\u00f5\u00f5tu. J\u00e4\u00e4tmevabad tapeedid.\" \/>\n<meta property=\"og:url\" content=\"https:\/\/baubauwall.com\/et\/toode\/pilttapeet-kaljukitse-horoskoop-helesinine\/\" \/>\n<meta property=\"og:site_name\" content=\"BAUBAUWALL TAPEEDID\" \/>\n<meta property=\"article:publisher\" content=\"https:\/\/www.facebook.com\/Baubauwall\" \/>\n<meta property=\"article:modified_time\" content=\"2023-11-27T08:42:36+00:00\" \/>\n<meta property=\"og:image\" content=\"https:\/\/baubauwall.com\/wp-content\/uploads\/2022\/03\/51200141_HoroscopeCapricorn-blue_Baubauwall_Wallmural_room5.jpg\" \/>\n\t<meta property=\"og:image:width\" content=\"1517\" \/>\n\t<meta property=\"og:image:height\" content=\"800\" \/>\n\t<meta property=\"og:image:type\" content=\"image\/jpeg\" \/>\n<meta name=\"twitter:card\" content=\"summary_large_image\" \/>\n<meta name=\"twitter:label1\" content=\"Est. reading time\" \/>\n\t<meta name=\"twitter:data1\" content=\"1 minut\" \/>\n<script type=\"application\/ld+json\" class=\"yoast-schema-graph\">{\"@context\":\"https:\/\/schema.org\",\"@graph\":[{\"@type\":\"WebPage\",\"@id\":\"https:\/\/baubauwall.com\/et\/toode\/pilttapeet-kaljukitse-horoskoop-helesinine\/\",\"url\":\"https:\/\/baubauwall.com\/et\/toode\/pilttapeet-kaljukitse-horoskoop-helesinine\/\",\"name\":\"Helesinine lastetoa tapeet Kaljukitse m\u00e4rgile. Horoskoobi tapeedid\",\"isPartOf\":{\"@id\":\"https:\/\/baubauwall.com\/et\/#website\"},\"primaryImageOfPage\":{\"@id\":\"https:\/\/baubauwall.com\/et\/toode\/pilttapeet-kaljukitse-horoskoop-helesinine\/#primaryimage\"},\"image\":{\"@id\":\"https:\/\/baubauwall.com\/et\/toode\/pilttapeet-kaljukitse-horoskoop-helesinine\/#primaryimage\"},\"thumbnailUrl\":\"https:\/\/baubauwall.com\/wp-content\/uploads\/2022\/03\/51200141_HoroscopeCapricorn-blue_Baubauwall_Wallmural_room5.jpg\",\"datePublished\":\"2022-03-03T07:18:38+00:00\",\"dateModified\":\"2023-11-27T08:42:36+00:00\",\"description\":\"Helesinine tapeet Kaljukitse horoskoobile. Hea idee poiste toa tapeediks. Tapeedid, mis on l\u00f5igatud t\u00e4pselt sinu seina m\u00f5\u00f5tu. J\u00e4\u00e4tmevabad tapeedid.\",\"breadcrumb\":{\"@id\":\"https:\/\/baubauwall.com\/et\/toode\/pilttapeet-kaljukitse-horoskoop-helesinine\/#breadcrumb\"},\"inLanguage\":\"et\",\"potentialAction\":[{\"@type\":\"ReadAction\",\"target\":[\"https:\/\/baubauwall.com\/et\/toode\/pilttapeet-kaljukitse-horoskoop-helesinine\/\"]}]},{\"@type\":\"ImageObject\",\"inLanguage\":\"et\",\"@id\":\"https:\/\/baubauwall.com\/et\/toode\/pilttapeet-kaljukitse-horoskoop-helesinine\/#primaryimage\",\"url\":\"https:\/\/baubauwall.com\/wp-content\/uploads\/2022\/03\/51200141_HoroscopeCapricorn-blue_Baubauwall_Wallmural_room5.jpg\",\"contentUrl\":\"https:\/\/baubauwall.com\/wp-content\/uploads\/2022\/03\/51200141_HoroscopeCapricorn-blue_Baubauwall_Wallmural_room5.jpg\",\"width\":1517,\"height\":800},{\"@type\":\"BreadcrumbList\",\"@id\":\"https:\/\/baubauwall.com\/et\/toode\/pilttapeet-kaljukitse-horoskoop-helesinine\/#breadcrumb\",\"itemListElement\":[{\"@type\":\"ListItem\",\"position\":1,\"name\":\"Koju\",\"item\":\"https:\/\/baubauwall.com\/et\/\"},{\"@type\":\"ListItem\",\"position\":2,\"name\":\"Tapeedid\",\"item\":\"https:\/\/baubauwall.com\/et\/tapeedid\/\"},{\"@type\":\"ListItem\",\"position\":3,\"name\":\"Kaljukitse horoskoop &#8211; helesinine\"}]},{\"@type\":\"WebSite\",\"@id\":\"https:\/\/baubauwall.com\/et\/#website\",\"url\":\"https:\/\/baubauwall.com\/et\/\",\"name\":\"BAUBAUWALL Wallpapers\",\"description\":\"Valmis paanides tapeet Eestist!\",\"publisher\":{\"@id\":\"https:\/\/baubauwall.com\/et\/#organization\"},\"potentialAction\":[{\"@type\":\"SearchAction\",\"target\":{\"@type\":\"EntryPoint\",\"urlTemplate\":\"https:\/\/baubauwall.com\/et\/?s={search_term_string}\"},\"query-input\":{\"@type\":\"PropertyValueSpecification\",\"valueRequired\":true,\"valueName\":\"search_term_string\"}}],\"inLanguage\":\"et\"},{\"@type\":\"Organization\",\"@id\":\"https:\/\/baubauwall.com\/et\/#organization\",\"name\":\"BAUBAUWALL Wallpapers\",\"url\":\"https:\/\/baubauwall.com\/et\/\",\"logo\":{\"@type\":\"ImageObject\",\"inLanguage\":\"et\",\"@id\":\"https:\/\/baubauwall.com\/et\/#\/schema\/logo\/image\/\",\"url\":\"https:\/\/baubauwall.com\/wp-content\/uploads\/2022\/03\/logo-horizontal.svg\",\"contentUrl\":\"https:\/\/baubauwall.com\/wp-content\/uploads\/2022\/03\/logo-horizontal.svg\",\"width\":\"1024\",\"height\":\"1024\",\"caption\":\"BAUBAUWALL Wallpapers\"},\"image\":{\"@id\":\"https:\/\/baubauwall.com\/et\/#\/schema\/logo\/image\/\"},\"sameAs\":[\"https:\/\/www.facebook.com\/Baubauwall\",\"https:\/\/www.instagram.com\/baubauwall\"]}]}<\/script>\n<!-- \/ Yoast SEO plugin. -->","yoast_head_json":{"title":"Helesinine lastetoa tapeet Kaljukitse m\u00e4rgile. Horoskoobi tapeedid","description":"Helesinine tapeet Kaljukitse horoskoobile. Hea idee poiste toa tapeediks. Tapeedid, mis on l\u00f5igatud t\u00e4pselt sinu seina m\u00f5\u00f5tu. J\u00e4\u00e4tmevabad tapeedid.","robots":{"index":"index","follow":"follow","max-snippet":"max-snippet:-1","max-image-preview":"max-image-preview:large","max-video-preview":"max-video-preview:-1"},"canonical":"https:\/\/baubauwall.com\/et\/toode\/pilttapeet-kaljukitse-horoskoop-helesinine\/","og_locale":"et_EE","og_type":"article","og_title":"Helesinine lastetoa tapeet Kaljukitse m\u00e4rgile. Horoskoobi tapeedid","og_description":"Helesinine tapeet Kaljukitse horoskoobile. Hea idee poiste toa tapeediks. Tapeedid, mis on l\u00f5igatud t\u00e4pselt sinu seina m\u00f5\u00f5tu. J\u00e4\u00e4tmevabad tapeedid.","og_url":"https:\/\/baubauwall.com\/et\/toode\/pilttapeet-kaljukitse-horoskoop-helesinine\/","og_site_name":"BAUBAUWALL TAPEEDID","article_publisher":"https:\/\/www.facebook.com\/Baubauwall","article_modified_time":"2023-11-27T08:42:36+00:00","og_image":[{"width":1517,"height":800,"url":"https:\/\/baubauwall.com\/wp-content\/uploads\/2022\/03\/51200141_HoroscopeCapricorn-blue_Baubauwall_Wallmural_room5.jpg","type":"image\/jpeg"}],"twitter_card":"summary_large_image","twitter_misc":{"Est. reading time":"1 minut"},"schema":{"@context":"https:\/\/schema.org","@graph":[{"@type":"WebPage","@id":"https:\/\/baubauwall.com\/et\/toode\/pilttapeet-kaljukitse-horoskoop-helesinine\/","url":"https:\/\/baubauwall.com\/et\/toode\/pilttapeet-kaljukitse-horoskoop-helesinine\/","name":"Helesinine lastetoa tapeet Kaljukitse m\u00e4rgile. Horoskoobi tapeedid","isPartOf":{"@id":"https:\/\/baubauwall.com\/et\/#website"},"primaryImageOfPage":{"@id":"https:\/\/baubauwall.com\/et\/toode\/pilttapeet-kaljukitse-horoskoop-helesinine\/#primaryimage"},"image":{"@id":"https:\/\/baubauwall.com\/et\/toode\/pilttapeet-kaljukitse-horoskoop-helesinine\/#primaryimage"},"thumbnailUrl":"https:\/\/baubauwall.com\/wp-content\/uploads\/2022\/03\/51200141_HoroscopeCapricorn-blue_Baubauwall_Wallmural_room5.jpg","datePublished":"2022-03-03T07:18:38+00:00","dateModified":"2023-11-27T08:42:36+00:00","description":"Helesinine tapeet Kaljukitse horoskoobile. Hea idee poiste toa tapeediks. Tapeedid, mis on l\u00f5igatud t\u00e4pselt sinu seina m\u00f5\u00f5tu. J\u00e4\u00e4tmevabad tapeedid.","breadcrumb":{"@id":"https:\/\/baubauwall.com\/et\/toode\/pilttapeet-kaljukitse-horoskoop-helesinine\/#breadcrumb"},"inLanguage":"et","potentialAction":[{"@type":"ReadAction","target":["https:\/\/baubauwall.com\/et\/toode\/pilttapeet-kaljukitse-horoskoop-helesinine\/"]}]},{"@type":"ImageObject","inLanguage":"et","@id":"https:\/\/baubauwall.com\/et\/toode\/pilttapeet-kaljukitse-horoskoop-helesinine\/#primaryimage","url":"https:\/\/baubauwall.com\/wp-content\/uploads\/2022\/03\/51200141_HoroscopeCapricorn-blue_Baubauwall_Wallmural_room5.jpg","contentUrl":"https:\/\/baubauwall.com\/wp-content\/uploads\/2022\/03\/51200141_HoroscopeCapricorn-blue_Baubauwall_Wallmural_room5.jpg","width":1517,"height":800},{"@type":"BreadcrumbList","@id":"https:\/\/baubauwall.com\/et\/toode\/pilttapeet-kaljukitse-horoskoop-helesinine\/#breadcrumb","itemListElement":[{"@type":"ListItem","position":1,"name":"Koju","item":"https:\/\/baubauwall.com\/et\/"},{"@type":"ListItem","position":2,"name":"Tapeedid","item":"https:\/\/baubauwall.com\/et\/tapeedid\/"},{"@type":"ListItem","position":3,"name":"Kaljukitse horoskoop &#8211; helesinine"}]},{"@type":"WebSite","@id":"https:\/\/baubauwall.com\/et\/#website","url":"https:\/\/baubauwall.com\/et\/","name":"BAUBAUWALL Wallpapers","description":"Valmis paanides tapeet Eestist!","publisher":{"@id":"https:\/\/baubauwall.com\/et\/#organization"},"potentialAction":[{"@type":"SearchAction","target":{"@type":"EntryPoint","urlTemplate":"https:\/\/baubauwall.com\/et\/?s={search_term_string}"},"query-input":{"@type":"PropertyValueSpecification","valueRequired":true,"valueName":"search_term_string"}}],"inLanguage":"et"},{"@type":"Organization","@id":"https:\/\/baubauwall.com\/et\/#organization","name":"BAUBAUWALL Wallpapers","url":"https:\/\/baubauwall.com\/et\/","logo":{"@type":"ImageObject","inLanguage":"et","@id":"https:\/\/baubauwall.com\/et\/#\/schema\/logo\/image\/","url":"https:\/\/baubauwall.com\/wp-content\/uploads\/2022\/03\/logo-horizontal.svg","contentUrl":"https:\/\/baubauwall.com\/wp-content\/uploads\/2022\/03\/logo-horizontal.svg","width":"1024","height":"1024","caption":"BAUBAUWALL Wallpapers"},"image":{"@id":"https:\/\/baubauwall.com\/et\/#\/schema\/logo\/image\/"},"sameAs":["https:\/\/www.facebook.com\/Baubauwall","https:\/\/www.instagram.com\/baubauwall"]}]}},"jetpack_sharing_enabled":true,"_links":{"self":[{"href":"https:\/\/baubauwall.com\/et\/wp-json\/wp\/v2\/product\/28087","targetHints":{"allow":["GET"]}}],"collection":[{"href":"https:\/\/baubauwall.com\/et\/wp-json\/wp\/v2\/product"}],"about":[{"href":"https:\/\/baubauwall.com\/et\/wp-json\/wp\/v2\/types\/product"}],"replies":[{"embeddable":true,"href":"https:\/\/baubauwall.com\/et\/wp-json\/wp\/v2\/comments?post=28087"}],"wp:featuredmedia":[{"embeddable":true,"href":"https:\/\/baubauwall.com\/et\/wp-json\/wp\/v2\/media\/28070"}],"wp:attachment":[{"href":"https:\/\/baubauwall.com\/et\/wp-json\/wp\/v2\/media?parent=28087"}],"wp:term":[{"taxonomy":"product_brand","embeddable":true,"href":"https:\/\/baubauwall.com\/et\/wp-json\/wp\/v2\/product_brand?post=28087"},{"taxonomy":"product_cat","embeddable":true,"href":"https:\/\/baubauwall.com\/et\/wp-json\/wp\/v2\/product_cat?post=28087"},{"taxonomy":"product_tag","embeddable":true,"href":"https:\/\/baubauwall.com\/et\/wp-json\/wp\/v2\/product_tag?post=28087"}],"curies":[{"name":"wp","href":"https:\/\/api.w.org\/{rel}","templated":true}]}}