{"id":28258,"date":"2023-05-04T12:22:38","date_gmt":"2023-05-04T10:22:38","guid":{"rendered":"https:\/\/baubauwall.com\/?post_type=product&#038;p=28258"},"modified":"2023-05-04T12:32:31","modified_gmt":"2023-05-04T10:32:31","slug":"tapeet-imelised-sulelised","status":"publish","type":"product","link":"https:\/\/baubauwall.com\/et\/toode\/tapeet-imelised-sulelised\/","title":{"rendered":"Imelised sulelised"},"content":{"rendered":"<p>Kas m\u00f5te t\u00e4iesti lagedast seinast tundub veidi igav? Ent kirev, tiheda mustriga tapeet tundub hirmutav? Sel juhul vali tapeet vaid \u00fchte seina ehk loo aktsentsein. Eelista heledat, pastelset v\u00e4rvigammat &#8211; aga \u00e4ra unusta v\u00e4ikseid, ent olulisi detaile. N\u00e4iteks tapeeti p\u00f5imitud linnud ja udupehmed sulelised! Sellel originaalsel tapeedil tabad luiged, \u00f6\u00f6kullid ja palju teisi imelisi sulelisi. Pane see tapeedikaunitar elutoa v\u00f5i magamistoa aktsentseinale ning muud seinad j\u00e4ta valgeks. P\u00f5hjamaine ja maitsekas valik ongi olemas!<\/p>\n<p>Nagu k\u00f5ik meie kordusmustriga tapeedid ja pilttapeedid, on ka see disain tr\u00fckitud\u00a0<a href=\"https:\/\/baubauwall.com\/et\/keskkonnasobralikud-tapeedid\/\" target=\"_blank\" rel=\"noopener\">keskkonnas\u00f5bralike v\u00e4rvidega<\/a>, hingavale fliistapeedi materjalile, mis ei l\u00e4igi ja on lihtne paigaldada. Sinu uus tapeet tuleb valmis l\u00f5igatud ning nummerdatud paanides, mis on t\u00e4pselt nii k\u00f5rged, kui Sinu sein. Tapeedid, mis on valmis paigaldamiseks!<\/p>\n<p>&nbsp;<\/p>\n","protected":false},"excerpt":{"rendered":"<p>Kas m\u00f5te t\u00e4iesti lagedast seinast tundub veidi igav? Ent kirev, tiheda mustriga tapeet tundub hirmutav? Sel juhul vali tapeet vaid \u00fchte seina ehk loo aktsentsein. Eelista heledat, pastelset v\u00e4rvigammat &#8211; aga \u00e4ra unusta v\u00e4ikseid, ent olulisi detaile. N\u00e4iteks tapeeti p\u00f5imitud linnud ja udupehmed sulelised! Sellel originaalsel tapeedil tabad luiged, \u00f6\u00f6kullid ja palju teisi imelisi sulelisi. [&hellip;]<\/p>\n","protected":false},"featured_media":28278,"comment_status":"open","ping_status":"closed","template":"","meta":{"_acf_changed":false,"inline_featured_image":false},"product_brand":[],"product_cat":[386,395,272,273,410,413,415,402,699,257],"product_tag":[695],"class_list":{"0":"post-28258","1":"product","2":"type-product","3":"status-publish","4":"has-post-thumbnail","6":"product_cat-kordusmustriga-tapeedid","7":"product_cat-romantiline","8":"product_cat-hallid-tapeedid","9":"product_cat-heledad-tapeedid","10":"product_cat-valge-tapeedid","11":"product_cat-magamistoa-tapeedid","12":"product_cat-kulalistetoa-tapeedid","13":"product_cat-elutoa-tapeedid","14":"product_cat-eesti-disain-tapeedid","15":"product_cat-linnud","16":"product_tag-eesti-disain-tapeedid","17":"pa_designedby-baubauwall","19":"first","20":"instock","21":"taxable","22":"shipping-taxable","23":"purchasable","24":"product-type-simple"},"acf":[],"yoast_head":"<!-- This site is optimized with the Yoast SEO plugin v25.9 - https:\/\/yoast.com\/wordpress\/plugins\/seo\/ -->\n<title>Hele, sulgede ja lindudega tapeet. Ajatu ilus tapeedimuster.<\/title>\n<meta name=\"description\" content=\"P\u00f5hjamaine hele tapeet imeilusate lindude ja pehmete sulgedega. Maitsekas disain, mis sobib magamistoa tapeediks v\u00f5i mujale. Sinu seina m\u00f5\u00f5tu tapeedid.\" \/>\n<meta name=\"robots\" content=\"index, follow, max-snippet:-1, max-image-preview:large, max-video-preview:-1\" \/>\n<link rel=\"canonical\" href=\"https:\/\/baubauwall.com\/et\/toode\/tapeet-imelised-sulelised\/\" \/>\n<meta property=\"og:locale\" content=\"et_EE\" \/>\n<meta property=\"og:type\" content=\"article\" \/>\n<meta property=\"og:title\" content=\"Hele, sulgede ja lindudega tapeet. Ajatu ilus tapeedimuster.\" \/>\n<meta property=\"og:description\" content=\"P\u00f5hjamaine hele tapeet imeilusate lindude ja pehmete sulgedega. Maitsekas disain, mis sobib magamistoa tapeediks v\u00f5i mujale. Sinu seina m\u00f5\u00f5tu tapeedid.\" \/>\n<meta property=\"og:url\" content=\"https:\/\/baubauwall.com\/et\/toode\/tapeet-imelised-sulelised\/\" \/>\n<meta property=\"og:site_name\" content=\"BAUBAUWALL TAPEEDID\" \/>\n<meta property=\"article:publisher\" content=\"https:\/\/www.facebook.com\/Baubauwall\" \/>\n<meta property=\"article:modified_time\" content=\"2023-05-04T10:32:31+00:00\" \/>\n<meta property=\"og:image\" content=\"https:\/\/baubauwall.com\/wp-content\/uploads\/2023\/05\/51100330_DivinePlumage_Baubauwall_Wallpaper_room11-9.jpg\" \/>\n\t<meta property=\"og:image:width\" content=\"1261\" \/>\n\t<meta property=\"og:image:height\" content=\"800\" \/>\n\t<meta property=\"og:image:type\" content=\"image\/jpeg\" \/>\n<meta name=\"twitter:card\" content=\"summary_large_image\" \/>\n<meta name=\"twitter:label1\" content=\"Est. reading time\" \/>\n\t<meta name=\"twitter:data1\" content=\"1 minut\" \/>\n<script type=\"application\/ld+json\" class=\"yoast-schema-graph\">{\"@context\":\"https:\/\/schema.org\",\"@graph\":[{\"@type\":\"WebPage\",\"@id\":\"https:\/\/baubauwall.com\/et\/toode\/tapeet-imelised-sulelised\/\",\"url\":\"https:\/\/baubauwall.com\/et\/toode\/tapeet-imelised-sulelised\/\",\"name\":\"Hele, sulgede ja lindudega tapeet. Ajatu ilus tapeedimuster.\",\"isPartOf\":{\"@id\":\"https:\/\/baubauwall.com\/et\/#website\"},\"primaryImageOfPage\":{\"@id\":\"https:\/\/baubauwall.com\/et\/toode\/tapeet-imelised-sulelised\/#primaryimage\"},\"image\":{\"@id\":\"https:\/\/baubauwall.com\/et\/toode\/tapeet-imelised-sulelised\/#primaryimage\"},\"thumbnailUrl\":\"https:\/\/baubauwall.com\/wp-content\/uploads\/2023\/05\/51100330_DivinePlumage_Baubauwall_Wallpaper_room11-9.jpg\",\"datePublished\":\"2023-05-04T10:22:38+00:00\",\"dateModified\":\"2023-05-04T10:32:31+00:00\",\"description\":\"P\u00f5hjamaine hele tapeet imeilusate lindude ja pehmete sulgedega. Maitsekas disain, mis sobib magamistoa tapeediks v\u00f5i mujale. Sinu seina m\u00f5\u00f5tu tapeedid.\",\"breadcrumb\":{\"@id\":\"https:\/\/baubauwall.com\/et\/toode\/tapeet-imelised-sulelised\/#breadcrumb\"},\"inLanguage\":\"et\",\"potentialAction\":[{\"@type\":\"ReadAction\",\"target\":[\"https:\/\/baubauwall.com\/et\/toode\/tapeet-imelised-sulelised\/\"]}]},{\"@type\":\"ImageObject\",\"inLanguage\":\"et\",\"@id\":\"https:\/\/baubauwall.com\/et\/toode\/tapeet-imelised-sulelised\/#primaryimage\",\"url\":\"https:\/\/baubauwall.com\/wp-content\/uploads\/2023\/05\/51100330_DivinePlumage_Baubauwall_Wallpaper_room11-9.jpg\",\"contentUrl\":\"https:\/\/baubauwall.com\/wp-content\/uploads\/2023\/05\/51100330_DivinePlumage_Baubauwall_Wallpaper_room11-9.jpg\",\"width\":1261,\"height\":800},{\"@type\":\"BreadcrumbList\",\"@id\":\"https:\/\/baubauwall.com\/et\/toode\/tapeet-imelised-sulelised\/#breadcrumb\",\"itemListElement\":[{\"@type\":\"ListItem\",\"position\":1,\"name\":\"Koju\",\"item\":\"https:\/\/baubauwall.com\/et\/\"},{\"@type\":\"ListItem\",\"position\":2,\"name\":\"Tapeedid\",\"item\":\"https:\/\/baubauwall.com\/et\/tapeedid\/\"},{\"@type\":\"ListItem\",\"position\":3,\"name\":\"Imelised sulelised\"}]},{\"@type\":\"WebSite\",\"@id\":\"https:\/\/baubauwall.com\/et\/#website\",\"url\":\"https:\/\/baubauwall.com\/et\/\",\"name\":\"BAUBAUWALL Wallpapers\",\"description\":\"Valmis paanides tapeet Eestist!\",\"publisher\":{\"@id\":\"https:\/\/baubauwall.com\/et\/#organization\"},\"potentialAction\":[{\"@type\":\"SearchAction\",\"target\":{\"@type\":\"EntryPoint\",\"urlTemplate\":\"https:\/\/baubauwall.com\/et\/?s={search_term_string}\"},\"query-input\":{\"@type\":\"PropertyValueSpecification\",\"valueRequired\":true,\"valueName\":\"search_term_string\"}}],\"inLanguage\":\"et\"},{\"@type\":\"Organization\",\"@id\":\"https:\/\/baubauwall.com\/et\/#organization\",\"name\":\"BAUBAUWALL Wallpapers\",\"url\":\"https:\/\/baubauwall.com\/et\/\",\"logo\":{\"@type\":\"ImageObject\",\"inLanguage\":\"et\",\"@id\":\"https:\/\/baubauwall.com\/et\/#\/schema\/logo\/image\/\",\"url\":\"https:\/\/baubauwall.com\/wp-content\/uploads\/2022\/03\/logo-horizontal.svg\",\"contentUrl\":\"https:\/\/baubauwall.com\/wp-content\/uploads\/2022\/03\/logo-horizontal.svg\",\"width\":\"1024\",\"height\":\"1024\",\"caption\":\"BAUBAUWALL Wallpapers\"},\"image\":{\"@id\":\"https:\/\/baubauwall.com\/et\/#\/schema\/logo\/image\/\"},\"sameAs\":[\"https:\/\/www.facebook.com\/Baubauwall\",\"https:\/\/www.instagram.com\/baubauwall\"]}]}<\/script>\n<!-- \/ Yoast SEO plugin. -->","yoast_head_json":{"title":"Hele, sulgede ja lindudega tapeet. Ajatu ilus tapeedimuster.","description":"P\u00f5hjamaine hele tapeet imeilusate lindude ja pehmete sulgedega. Maitsekas disain, mis sobib magamistoa tapeediks v\u00f5i mujale. Sinu seina m\u00f5\u00f5tu tapeedid.","robots":{"index":"index","follow":"follow","max-snippet":"max-snippet:-1","max-image-preview":"max-image-preview:large","max-video-preview":"max-video-preview:-1"},"canonical":"https:\/\/baubauwall.com\/et\/toode\/tapeet-imelised-sulelised\/","og_locale":"et_EE","og_type":"article","og_title":"Hele, sulgede ja lindudega tapeet. Ajatu ilus tapeedimuster.","og_description":"P\u00f5hjamaine hele tapeet imeilusate lindude ja pehmete sulgedega. Maitsekas disain, mis sobib magamistoa tapeediks v\u00f5i mujale. Sinu seina m\u00f5\u00f5tu tapeedid.","og_url":"https:\/\/baubauwall.com\/et\/toode\/tapeet-imelised-sulelised\/","og_site_name":"BAUBAUWALL TAPEEDID","article_publisher":"https:\/\/www.facebook.com\/Baubauwall","article_modified_time":"2023-05-04T10:32:31+00:00","og_image":[{"width":1261,"height":800,"url":"https:\/\/baubauwall.com\/wp-content\/uploads\/2023\/05\/51100330_DivinePlumage_Baubauwall_Wallpaper_room11-9.jpg","type":"image\/jpeg"}],"twitter_card":"summary_large_image","twitter_misc":{"Est. reading time":"1 minut"},"schema":{"@context":"https:\/\/schema.org","@graph":[{"@type":"WebPage","@id":"https:\/\/baubauwall.com\/et\/toode\/tapeet-imelised-sulelised\/","url":"https:\/\/baubauwall.com\/et\/toode\/tapeet-imelised-sulelised\/","name":"Hele, sulgede ja lindudega tapeet. Ajatu ilus tapeedimuster.","isPartOf":{"@id":"https:\/\/baubauwall.com\/et\/#website"},"primaryImageOfPage":{"@id":"https:\/\/baubauwall.com\/et\/toode\/tapeet-imelised-sulelised\/#primaryimage"},"image":{"@id":"https:\/\/baubauwall.com\/et\/toode\/tapeet-imelised-sulelised\/#primaryimage"},"thumbnailUrl":"https:\/\/baubauwall.com\/wp-content\/uploads\/2023\/05\/51100330_DivinePlumage_Baubauwall_Wallpaper_room11-9.jpg","datePublished":"2023-05-04T10:22:38+00:00","dateModified":"2023-05-04T10:32:31+00:00","description":"P\u00f5hjamaine hele tapeet imeilusate lindude ja pehmete sulgedega. Maitsekas disain, mis sobib magamistoa tapeediks v\u00f5i mujale. Sinu seina m\u00f5\u00f5tu tapeedid.","breadcrumb":{"@id":"https:\/\/baubauwall.com\/et\/toode\/tapeet-imelised-sulelised\/#breadcrumb"},"inLanguage":"et","potentialAction":[{"@type":"ReadAction","target":["https:\/\/baubauwall.com\/et\/toode\/tapeet-imelised-sulelised\/"]}]},{"@type":"ImageObject","inLanguage":"et","@id":"https:\/\/baubauwall.com\/et\/toode\/tapeet-imelised-sulelised\/#primaryimage","url":"https:\/\/baubauwall.com\/wp-content\/uploads\/2023\/05\/51100330_DivinePlumage_Baubauwall_Wallpaper_room11-9.jpg","contentUrl":"https:\/\/baubauwall.com\/wp-content\/uploads\/2023\/05\/51100330_DivinePlumage_Baubauwall_Wallpaper_room11-9.jpg","width":1261,"height":800},{"@type":"BreadcrumbList","@id":"https:\/\/baubauwall.com\/et\/toode\/tapeet-imelised-sulelised\/#breadcrumb","itemListElement":[{"@type":"ListItem","position":1,"name":"Koju","item":"https:\/\/baubauwall.com\/et\/"},{"@type":"ListItem","position":2,"name":"Tapeedid","item":"https:\/\/baubauwall.com\/et\/tapeedid\/"},{"@type":"ListItem","position":3,"name":"Imelised sulelised"}]},{"@type":"WebSite","@id":"https:\/\/baubauwall.com\/et\/#website","url":"https:\/\/baubauwall.com\/et\/","name":"BAUBAUWALL Wallpapers","description":"Valmis paanides tapeet Eestist!","publisher":{"@id":"https:\/\/baubauwall.com\/et\/#organization"},"potentialAction":[{"@type":"SearchAction","target":{"@type":"EntryPoint","urlTemplate":"https:\/\/baubauwall.com\/et\/?s={search_term_string}"},"query-input":{"@type":"PropertyValueSpecification","valueRequired":true,"valueName":"search_term_string"}}],"inLanguage":"et"},{"@type":"Organization","@id":"https:\/\/baubauwall.com\/et\/#organization","name":"BAUBAUWALL Wallpapers","url":"https:\/\/baubauwall.com\/et\/","logo":{"@type":"ImageObject","inLanguage":"et","@id":"https:\/\/baubauwall.com\/et\/#\/schema\/logo\/image\/","url":"https:\/\/baubauwall.com\/wp-content\/uploads\/2022\/03\/logo-horizontal.svg","contentUrl":"https:\/\/baubauwall.com\/wp-content\/uploads\/2022\/03\/logo-horizontal.svg","width":"1024","height":"1024","caption":"BAUBAUWALL Wallpapers"},"image":{"@id":"https:\/\/baubauwall.com\/et\/#\/schema\/logo\/image\/"},"sameAs":["https:\/\/www.facebook.com\/Baubauwall","https:\/\/www.instagram.com\/baubauwall"]}]}},"jetpack_sharing_enabled":true,"_links":{"self":[{"href":"https:\/\/baubauwall.com\/et\/wp-json\/wp\/v2\/product\/28258","targetHints":{"allow":["GET"]}}],"collection":[{"href":"https:\/\/baubauwall.com\/et\/wp-json\/wp\/v2\/product"}],"about":[{"href":"https:\/\/baubauwall.com\/et\/wp-json\/wp\/v2\/types\/product"}],"replies":[{"embeddable":true,"href":"https:\/\/baubauwall.com\/et\/wp-json\/wp\/v2\/comments?post=28258"}],"wp:featuredmedia":[{"embeddable":true,"href":"https:\/\/baubauwall.com\/et\/wp-json\/wp\/v2\/media\/28278"}],"wp:attachment":[{"href":"https:\/\/baubauwall.com\/et\/wp-json\/wp\/v2\/media?parent=28258"}],"wp:term":[{"taxonomy":"product_brand","embeddable":true,"href":"https:\/\/baubauwall.com\/et\/wp-json\/wp\/v2\/product_brand?post=28258"},{"taxonomy":"product_cat","embeddable":true,"href":"https:\/\/baubauwall.com\/et\/wp-json\/wp\/v2\/product_cat?post=28258"},{"taxonomy":"product_tag","embeddable":true,"href":"https:\/\/baubauwall.com\/et\/wp-json\/wp\/v2\/product_tag?post=28258"}],"curies":[{"name":"wp","href":"https:\/\/api.w.org\/{rel}","templated":true}]}}