{"id":28654,"date":"2022-11-15T17:00:21","date_gmt":"2022-11-15T15:00:21","guid":{"rendered":"https:\/\/baubauwall.com\/?post_type=product&#038;p=28654"},"modified":"2024-08-06T12:36:40","modified_gmt":"2024-08-06T10:36:40","slug":"pilttapeet-bruno-lotte-albert","status":"publish","type":"product","link":"https:\/\/baubauwall.com\/et\/toode\/pilttapeet-bruno-lotte-albert\/","title":{"rendered":"Bruno, Lotte ja Albert"},"content":{"rendered":"<p>Lotte on tuntuim koerat\u00fcdruk, Leiutajatek\u00fclast! Koos oma parimate s\u00f5prade j\u00e4nku Alberti ja kassipoeg Brunoga meeldib talle k\u00f5ige rohkem m\u00e4ngida, \u00f5ppida d\u017euudot v\u00f5i lahendada m\u00f5istatusi. Kui Lotte kasvab suureks, leiutab ta kindlasti m\u00f5ned eluks vajalikud asjad. Iseliimuva tapeedi, masina, mis lennutab tapeedi seina v\u00f5i siis korraldab kursused l\u00f5busate tapeetide loomiseks lastetuppa!<\/p>\n<p>Kas on olemas m\u00f5ni laps, kes ei tunne Leiutajatek\u00fcla Lottet? Koost\u00f6\u00f6s Eesti Joonisfilmi, autorite Janno P\u00f5ldma, Heiki Ernitsa ja Baubauwalli tapeedidisainer Triinu Sillaga on ainulaadsed tegelased joonistatud lastetoa tapeetidele. Lotte tapeedid ja pilttapeedid on t\u00e4is naljakaid olukordi, headust ning \u00f5petlikkust.<\/p>\n<p>Kohe p\u00e4ris kindlasti ei meeldi Lottele \u00fcleliigne pr\u00fcgi ja \u00fcle\u00fcldse, maailmas peaks olema rohkem headust ja lihtsust. Me m\u00f5tleme samamoodi. Nii Lotte tapeedid kui ka meie muud tapeedid on\u00a0tr\u00fckitud\u00a0<a href=\"https:\/\/baubauwall.com\/et\/keskkonnasobralikud-tapeedid\/\" target=\"_blank\" rel=\"noopener\">keskkonnas\u00f5bralike v\u00e4rvidega<\/a>, hingavale fliistapeedi materjalile, mis ei l\u00e4igi ja on lihtne paigaldada. Sinu uus tapeet tuleb valmis l\u00f5igatud ning nummerdatud paanides, mis on t\u00e4pselt nii k\u00f5rged, kui Sinu sein. Ei mingit \u00fcleliigset pr\u00fcgi.<\/p>\n<p>&nbsp;<\/p>\n","protected":false},"excerpt":{"rendered":"<p>Lotte on tuntuim koerat\u00fcdruk, Leiutajatek\u00fclast! Koos oma parimate s\u00f5prade j\u00e4nku Alberti ja kassipoeg Brunoga meeldib talle k\u00f5ige rohkem m\u00e4ngida, \u00f5ppida d\u017euudot v\u00f5i lahendada m\u00f5istatusi. Kui Lotte kasvab suureks, leiutab ta kindlasti m\u00f5ned eluks vajalikud asjad. Iseliimuva tapeedi, masina, mis lennutab tapeedi seina v\u00f5i siis korraldab kursused l\u00f5busate tapeetide loomiseks lastetuppa! Kas on olemas m\u00f5ni laps, [&hellip;]<\/p>\n","protected":false},"featured_media":28631,"comment_status":"open","ping_status":"closed","template":"","meta":{"_acf_changed":false,"inline_featured_image":false},"product_brand":[],"product_cat":[652,387,268,400,699,255,715],"product_tag":[695,654,345,308,324],"class_list":{"0":"post-28654","1":"product","2":"type-product","3":"status-publish","4":"has-post-thumbnail","6":"product_cat-lotte-tapeedid","7":"product_cat-pilttapeedid","8":"product_cat-kirkad-tapeedid","9":"product_cat-lastetoa-tapeedid","10":"product_cat-eesti-disain-tapeedid","11":"product_cat-loomad","12":"product_cat-soodsad-tapeedid-leiunurk","13":"product_tag-eesti-disain-tapeedid","14":"product_tag-lotte-tapeedid-lastele","15":"product_tag-pilttapeet","16":"product_tag-poiste-tuba","17":"product_tag-tudruku-tuba","18":"pa_designedby-heiki-ernits-janno-poldma","20":"first","21":"instock","22":"sale","23":"taxable","24":"shipping-taxable","25":"purchasable","26":"product-type-simple"},"acf":[],"yoast_head":"<!-- This site is optimized with the Yoast SEO plugin v25.9 - https:\/\/yoast.com\/wordpress\/plugins\/seo\/ -->\n<title>Leiutajatek\u00fcla Lotte, Bruno ja Albert pilttapeet. Tapeet lastetuppa<\/title>\n<meta name=\"description\" content=\"Maailma tuntuim koerat\u00fcdruk Lotte ja tema s\u00f5brad Albert ja Bruno tapeedil. Pilttapeet lastetuppa, mis toob naeratuse n\u00e4ole lapsele kui Lottele!\" \/>\n<meta name=\"robots\" content=\"index, follow, max-snippet:-1, max-image-preview:large, max-video-preview:-1\" \/>\n<link rel=\"canonical\" href=\"https:\/\/baubauwall.com\/et\/toode\/pilttapeet-bruno-lotte-albert\/\" \/>\n<meta property=\"og:locale\" content=\"et_EE\" \/>\n<meta property=\"og:type\" content=\"article\" \/>\n<meta property=\"og:title\" content=\"Leiutajatek\u00fcla Lotte, Bruno ja Albert pilttapeet. Tapeet lastetuppa\" \/>\n<meta property=\"og:description\" content=\"Maailma tuntuim koerat\u00fcdruk Lotte ja tema s\u00f5brad Albert ja Bruno tapeedil. Pilttapeet lastetuppa, mis toob naeratuse n\u00e4ole lapsele kui Lottele!\" \/>\n<meta property=\"og:url\" content=\"https:\/\/baubauwall.com\/et\/toode\/pilttapeet-bruno-lotte-albert\/\" \/>\n<meta property=\"og:site_name\" content=\"BAUBAUWALL TAPEEDID\" \/>\n<meta property=\"article:publisher\" content=\"https:\/\/www.facebook.com\/Baubauwall\" \/>\n<meta property=\"article:modified_time\" content=\"2024-08-06T10:36:40+00:00\" \/>\n<meta property=\"og:image\" content=\"https:\/\/baubauwall.com\/wp-content\/uploads\/2022\/11\/51200296_BrunoLotteAndAlbert_Baubauwall_Mural_Wallpaper_room5.jpg\" \/>\n\t<meta property=\"og:image:width\" content=\"2399\" \/>\n\t<meta property=\"og:image:height\" content=\"1600\" \/>\n\t<meta property=\"og:image:type\" content=\"image\/jpeg\" \/>\n<meta name=\"twitter:card\" content=\"summary_large_image\" \/>\n<meta name=\"twitter:label1\" content=\"Est. reading time\" \/>\n\t<meta name=\"twitter:data1\" content=\"1 minut\" \/>\n<script type=\"application\/ld+json\" class=\"yoast-schema-graph\">{\"@context\":\"https:\/\/schema.org\",\"@graph\":[{\"@type\":\"WebPage\",\"@id\":\"https:\/\/baubauwall.com\/et\/toode\/pilttapeet-bruno-lotte-albert\/\",\"url\":\"https:\/\/baubauwall.com\/et\/toode\/pilttapeet-bruno-lotte-albert\/\",\"name\":\"Leiutajatek\u00fcla Lotte, Bruno ja Albert pilttapeet. Tapeet lastetuppa\",\"isPartOf\":{\"@id\":\"https:\/\/baubauwall.com\/et\/#website\"},\"primaryImageOfPage\":{\"@id\":\"https:\/\/baubauwall.com\/et\/toode\/pilttapeet-bruno-lotte-albert\/#primaryimage\"},\"image\":{\"@id\":\"https:\/\/baubauwall.com\/et\/toode\/pilttapeet-bruno-lotte-albert\/#primaryimage\"},\"thumbnailUrl\":\"https:\/\/baubauwall.com\/wp-content\/uploads\/2022\/11\/51200296_BrunoLotteAndAlbert_Baubauwall_Mural_Wallpaper_room5.jpg\",\"datePublished\":\"2022-11-15T15:00:21+00:00\",\"dateModified\":\"2024-08-06T10:36:40+00:00\",\"description\":\"Maailma tuntuim koerat\u00fcdruk Lotte ja tema s\u00f5brad Albert ja Bruno tapeedil. Pilttapeet lastetuppa, mis toob naeratuse n\u00e4ole lapsele kui Lottele!\",\"breadcrumb\":{\"@id\":\"https:\/\/baubauwall.com\/et\/toode\/pilttapeet-bruno-lotte-albert\/#breadcrumb\"},\"inLanguage\":\"et\",\"potentialAction\":[{\"@type\":\"ReadAction\",\"target\":[\"https:\/\/baubauwall.com\/et\/toode\/pilttapeet-bruno-lotte-albert\/\"]}]},{\"@type\":\"ImageObject\",\"inLanguage\":\"et\",\"@id\":\"https:\/\/baubauwall.com\/et\/toode\/pilttapeet-bruno-lotte-albert\/#primaryimage\",\"url\":\"https:\/\/baubauwall.com\/wp-content\/uploads\/2022\/11\/51200296_BrunoLotteAndAlbert_Baubauwall_Mural_Wallpaper_room5.jpg\",\"contentUrl\":\"https:\/\/baubauwall.com\/wp-content\/uploads\/2022\/11\/51200296_BrunoLotteAndAlbert_Baubauwall_Mural_Wallpaper_room5.jpg\",\"width\":2399,\"height\":1600},{\"@type\":\"BreadcrumbList\",\"@id\":\"https:\/\/baubauwall.com\/et\/toode\/pilttapeet-bruno-lotte-albert\/#breadcrumb\",\"itemListElement\":[{\"@type\":\"ListItem\",\"position\":1,\"name\":\"Koju\",\"item\":\"https:\/\/baubauwall.com\/et\/\"},{\"@type\":\"ListItem\",\"position\":2,\"name\":\"Tapeedid\",\"item\":\"https:\/\/baubauwall.com\/et\/tapeedid\/\"},{\"@type\":\"ListItem\",\"position\":3,\"name\":\"Bruno, Lotte ja Albert\"}]},{\"@type\":\"WebSite\",\"@id\":\"https:\/\/baubauwall.com\/et\/#website\",\"url\":\"https:\/\/baubauwall.com\/et\/\",\"name\":\"BAUBAUWALL Wallpapers\",\"description\":\"Valmis paanides tapeet Eestist!\",\"publisher\":{\"@id\":\"https:\/\/baubauwall.com\/et\/#organization\"},\"potentialAction\":[{\"@type\":\"SearchAction\",\"target\":{\"@type\":\"EntryPoint\",\"urlTemplate\":\"https:\/\/baubauwall.com\/et\/?s={search_term_string}\"},\"query-input\":{\"@type\":\"PropertyValueSpecification\",\"valueRequired\":true,\"valueName\":\"search_term_string\"}}],\"inLanguage\":\"et\"},{\"@type\":\"Organization\",\"@id\":\"https:\/\/baubauwall.com\/et\/#organization\",\"name\":\"BAUBAUWALL Wallpapers\",\"url\":\"https:\/\/baubauwall.com\/et\/\",\"logo\":{\"@type\":\"ImageObject\",\"inLanguage\":\"et\",\"@id\":\"https:\/\/baubauwall.com\/et\/#\/schema\/logo\/image\/\",\"url\":\"https:\/\/baubauwall.com\/wp-content\/uploads\/2022\/03\/logo-horizontal.svg\",\"contentUrl\":\"https:\/\/baubauwall.com\/wp-content\/uploads\/2022\/03\/logo-horizontal.svg\",\"width\":\"1024\",\"height\":\"1024\",\"caption\":\"BAUBAUWALL Wallpapers\"},\"image\":{\"@id\":\"https:\/\/baubauwall.com\/et\/#\/schema\/logo\/image\/\"},\"sameAs\":[\"https:\/\/www.facebook.com\/Baubauwall\",\"https:\/\/www.instagram.com\/baubauwall\"]}]}<\/script>\n<!-- \/ Yoast SEO plugin. -->","yoast_head_json":{"title":"Leiutajatek\u00fcla Lotte, Bruno ja Albert pilttapeet. Tapeet lastetuppa","description":"Maailma tuntuim koerat\u00fcdruk Lotte ja tema s\u00f5brad Albert ja Bruno tapeedil. Pilttapeet lastetuppa, mis toob naeratuse n\u00e4ole lapsele kui Lottele!","robots":{"index":"index","follow":"follow","max-snippet":"max-snippet:-1","max-image-preview":"max-image-preview:large","max-video-preview":"max-video-preview:-1"},"canonical":"https:\/\/baubauwall.com\/et\/toode\/pilttapeet-bruno-lotte-albert\/","og_locale":"et_EE","og_type":"article","og_title":"Leiutajatek\u00fcla Lotte, Bruno ja Albert pilttapeet. Tapeet lastetuppa","og_description":"Maailma tuntuim koerat\u00fcdruk Lotte ja tema s\u00f5brad Albert ja Bruno tapeedil. Pilttapeet lastetuppa, mis toob naeratuse n\u00e4ole lapsele kui Lottele!","og_url":"https:\/\/baubauwall.com\/et\/toode\/pilttapeet-bruno-lotte-albert\/","og_site_name":"BAUBAUWALL TAPEEDID","article_publisher":"https:\/\/www.facebook.com\/Baubauwall","article_modified_time":"2024-08-06T10:36:40+00:00","og_image":[{"width":2399,"height":1600,"url":"https:\/\/baubauwall.com\/wp-content\/uploads\/2022\/11\/51200296_BrunoLotteAndAlbert_Baubauwall_Mural_Wallpaper_room5.jpg","type":"image\/jpeg"}],"twitter_card":"summary_large_image","twitter_misc":{"Est. reading time":"1 minut"},"schema":{"@context":"https:\/\/schema.org","@graph":[{"@type":"WebPage","@id":"https:\/\/baubauwall.com\/et\/toode\/pilttapeet-bruno-lotte-albert\/","url":"https:\/\/baubauwall.com\/et\/toode\/pilttapeet-bruno-lotte-albert\/","name":"Leiutajatek\u00fcla Lotte, Bruno ja Albert pilttapeet. Tapeet lastetuppa","isPartOf":{"@id":"https:\/\/baubauwall.com\/et\/#website"},"primaryImageOfPage":{"@id":"https:\/\/baubauwall.com\/et\/toode\/pilttapeet-bruno-lotte-albert\/#primaryimage"},"image":{"@id":"https:\/\/baubauwall.com\/et\/toode\/pilttapeet-bruno-lotte-albert\/#primaryimage"},"thumbnailUrl":"https:\/\/baubauwall.com\/wp-content\/uploads\/2022\/11\/51200296_BrunoLotteAndAlbert_Baubauwall_Mural_Wallpaper_room5.jpg","datePublished":"2022-11-15T15:00:21+00:00","dateModified":"2024-08-06T10:36:40+00:00","description":"Maailma tuntuim koerat\u00fcdruk Lotte ja tema s\u00f5brad Albert ja Bruno tapeedil. Pilttapeet lastetuppa, mis toob naeratuse n\u00e4ole lapsele kui Lottele!","breadcrumb":{"@id":"https:\/\/baubauwall.com\/et\/toode\/pilttapeet-bruno-lotte-albert\/#breadcrumb"},"inLanguage":"et","potentialAction":[{"@type":"ReadAction","target":["https:\/\/baubauwall.com\/et\/toode\/pilttapeet-bruno-lotte-albert\/"]}]},{"@type":"ImageObject","inLanguage":"et","@id":"https:\/\/baubauwall.com\/et\/toode\/pilttapeet-bruno-lotte-albert\/#primaryimage","url":"https:\/\/baubauwall.com\/wp-content\/uploads\/2022\/11\/51200296_BrunoLotteAndAlbert_Baubauwall_Mural_Wallpaper_room5.jpg","contentUrl":"https:\/\/baubauwall.com\/wp-content\/uploads\/2022\/11\/51200296_BrunoLotteAndAlbert_Baubauwall_Mural_Wallpaper_room5.jpg","width":2399,"height":1600},{"@type":"BreadcrumbList","@id":"https:\/\/baubauwall.com\/et\/toode\/pilttapeet-bruno-lotte-albert\/#breadcrumb","itemListElement":[{"@type":"ListItem","position":1,"name":"Koju","item":"https:\/\/baubauwall.com\/et\/"},{"@type":"ListItem","position":2,"name":"Tapeedid","item":"https:\/\/baubauwall.com\/et\/tapeedid\/"},{"@type":"ListItem","position":3,"name":"Bruno, Lotte ja Albert"}]},{"@type":"WebSite","@id":"https:\/\/baubauwall.com\/et\/#website","url":"https:\/\/baubauwall.com\/et\/","name":"BAUBAUWALL Wallpapers","description":"Valmis paanides tapeet Eestist!","publisher":{"@id":"https:\/\/baubauwall.com\/et\/#organization"},"potentialAction":[{"@type":"SearchAction","target":{"@type":"EntryPoint","urlTemplate":"https:\/\/baubauwall.com\/et\/?s={search_term_string}"},"query-input":{"@type":"PropertyValueSpecification","valueRequired":true,"valueName":"search_term_string"}}],"inLanguage":"et"},{"@type":"Organization","@id":"https:\/\/baubauwall.com\/et\/#organization","name":"BAUBAUWALL Wallpapers","url":"https:\/\/baubauwall.com\/et\/","logo":{"@type":"ImageObject","inLanguage":"et","@id":"https:\/\/baubauwall.com\/et\/#\/schema\/logo\/image\/","url":"https:\/\/baubauwall.com\/wp-content\/uploads\/2022\/03\/logo-horizontal.svg","contentUrl":"https:\/\/baubauwall.com\/wp-content\/uploads\/2022\/03\/logo-horizontal.svg","width":"1024","height":"1024","caption":"BAUBAUWALL Wallpapers"},"image":{"@id":"https:\/\/baubauwall.com\/et\/#\/schema\/logo\/image\/"},"sameAs":["https:\/\/www.facebook.com\/Baubauwall","https:\/\/www.instagram.com\/baubauwall"]}]}},"jetpack_sharing_enabled":true,"_links":{"self":[{"href":"https:\/\/baubauwall.com\/et\/wp-json\/wp\/v2\/product\/28654","targetHints":{"allow":["GET"]}}],"collection":[{"href":"https:\/\/baubauwall.com\/et\/wp-json\/wp\/v2\/product"}],"about":[{"href":"https:\/\/baubauwall.com\/et\/wp-json\/wp\/v2\/types\/product"}],"replies":[{"embeddable":true,"href":"https:\/\/baubauwall.com\/et\/wp-json\/wp\/v2\/comments?post=28654"}],"wp:featuredmedia":[{"embeddable":true,"href":"https:\/\/baubauwall.com\/et\/wp-json\/wp\/v2\/media\/28631"}],"wp:attachment":[{"href":"https:\/\/baubauwall.com\/et\/wp-json\/wp\/v2\/media?parent=28654"}],"wp:term":[{"taxonomy":"product_brand","embeddable":true,"href":"https:\/\/baubauwall.com\/et\/wp-json\/wp\/v2\/product_brand?post=28654"},{"taxonomy":"product_cat","embeddable":true,"href":"https:\/\/baubauwall.com\/et\/wp-json\/wp\/v2\/product_cat?post=28654"},{"taxonomy":"product_tag","embeddable":true,"href":"https:\/\/baubauwall.com\/et\/wp-json\/wp\/v2\/product_tag?post=28654"}],"curies":[{"name":"wp","href":"https:\/\/api.w.org\/{rel}","templated":true}]}}