{"id":28682,"date":"2022-11-15T17:00:21","date_gmt":"2022-11-15T15:00:21","guid":{"rendered":"https:\/\/baubauwall.com\/?post_type=product&#038;p=28682"},"modified":"2025-05-30T11:22:51","modified_gmt":"2025-05-30T09:22:51","slug":"pilttapeet-puu-mille-otsa-ronisid-lotte-bruno","status":"publish","type":"product","link":"https:\/\/baubauwall.com\/et\/toode\/pilttapeet-puu-mille-otsa-ronisid-lotte-bruno\/","title":{"rendered":"Puu, mille otsa ronisid Lotte ja Bruno"},"content":{"rendered":"<p>Lotte pilttapeet lastele, mis on armastatuim valik!<\/p>\n<p>\u00dchel ilusal p\u00e4eval ronisid Lotte ja Bruno puu otsa. \u00dclevalt on ju ilusamad vaated Leiutajatek\u00fclale! Samamoodi on lugu seinte ja tapeediga &#8211; neilegi meeldib vaadata, mis toas toimub. Ja lastetoas toimub midagi pidevalt! See pilttapeet on m\u00f5eldud just nii, et disain j\u00e4\u00e4b seina \u00e4\u00e4rele. Hea m\u00f5te v\u00f5ib olla ka sein tinglikult poolitada ja v\u00e4rvida helehalliks v\u00f5i valgeks. V\u00f5i paigalda see tapeet toa kitsamale seinale.<\/p>\n<p>Kas on m\u00f5ni laps, kes ei tunneks Leiutajatek\u00fcla Lottet? Koost\u00f6\u00f6s Eesti Joonisfilmi, autorite Janno P\u00f5ldma, Heiki Ernitsa ja Baubauwalliga on ainulaadsed tegelased joonistatud tapeetidele. <a href=\"https:\/\/moodnekodu.delfi.ee\/artikkel\/120192106\/ahoi-suured-ja-vaiksed-lotte-sobrad-baubauwallil-valmis-maailma-koige-tuntuma-koeratudrukuga-tapeedikollektsioon\">Lotte tapeedid ja pilttapeedid<\/a> on t\u00e4is naljakaid olukordi, headust ning \u00f5petlikkust. Samasugune v\u00f5iks olla ju lastetuba, mille sentele see k\u00f5ik talletatud on!<\/p>\n<p>Kohe p\u00e4ris kindlasti ei meeldi Lottele \u00fcleliigne pr\u00fcgi ja \u00fcle\u00fcldse, maailmas peaks olema rohkem headust ja lihtsust. Me m\u00f5tleme samamoodi. Nii Lotte tapeedid kui ka meie muud tapeedid on\u00a0tr\u00fckitud\u00a0<a href=\"https:\/\/baubauwall.com\/et\/keskkonnasobralikud-tapeedid\/\" target=\"_blank\" rel=\"noopener\">keskkonnas\u00f5bralike v\u00e4rvidega<\/a>, hingavale fliistapeedi materjalile, mis ei l\u00e4igi ja on lihtne paigaldada. Sinu uus tapeet tuleb valmis l\u00f5igatud ning nummerdatud paanides, mis on t\u00e4pselt nii k\u00f5rged, kui Sinu sein. Ei mingit \u00fcleliigset pr\u00fcgi.<\/p>\n<p>&nbsp;<\/p>\n","protected":false},"excerpt":{"rendered":"<p>Lotte pilttapeet lastele, mis on armastatuim valik! \u00dchel ilusal p\u00e4eval ronisid Lotte ja Bruno puu otsa. \u00dclevalt on ju ilusamad vaated Leiutajatek\u00fclale! Samamoodi on lugu seinte ja tapeediga &#8211; neilegi meeldib vaadata, mis toas toimub. Ja lastetoas toimub midagi pidevalt! See pilttapeet on m\u00f5eldud just nii, et disain j\u00e4\u00e4b seina \u00e4\u00e4rele. Hea m\u00f5te v\u00f5ib olla [&hellip;]<\/p>\n","protected":false},"featured_media":28660,"comment_status":"open","ping_status":"closed","template":"","meta":{"_acf_changed":false,"inline_featured_image":false},"product_brand":[],"product_cat":[652,387,396,271,273,410,400,699,255,715],"product_tag":[349,695,654,345,308,324],"class_list":{"0":"post-28682","1":"product","2":"type-product","3":"status-publish","4":"has-post-thumbnail","6":"product_cat-lotte-tapeedid","7":"product_cat-pilttapeedid","8":"product_cat-skandinaavia","9":"product_cat-rohelised-tapeedid","10":"product_cat-heledad-tapeedid","11":"product_cat-valge-tapeedid","12":"product_cat-lastetoa-tapeedid","13":"product_cat-eesti-disain-tapeedid","14":"product_cat-loomad","15":"product_cat-soodsad-tapeedid-leiunurk","16":"product_tag-beebituba","17":"product_tag-eesti-disain-tapeedid","18":"product_tag-lotte-tapeedid-lastele","19":"product_tag-pilttapeet","20":"product_tag-poiste-tuba","21":"product_tag-tudruku-tuba","22":"pa_designedby-heiki-ernits-janno-poldma","24":"first","25":"instock","26":"sale","27":"taxable","28":"shipping-taxable","29":"purchasable","30":"product-type-simple"},"acf":[],"yoast_head":"<!-- This site is optimized with the Yoast SEO plugin v25.9 - https:\/\/yoast.com\/wordpress\/plugins\/seo\/ -->\n<title>Lotte pilttapeet lastele Leiutajatek\u00fcla tegelastega<\/title>\n<meta name=\"description\" content=\"Lotte pilttapeet lastele. Pane lastetoa seinale uus tapeet koerat\u00fcdruk Lotte ja tema s\u00f5prade Alberti ja Brunoga. See k\u00f5ige popim Lotte tapeet!\" \/>\n<meta name=\"robots\" content=\"index, follow, max-snippet:-1, max-image-preview:large, max-video-preview:-1\" \/>\n<link rel=\"canonical\" href=\"https:\/\/baubauwall.com\/et\/toode\/pilttapeet-puu-mille-otsa-ronisid-lotte-bruno\/\" \/>\n<meta property=\"og:locale\" content=\"et_EE\" \/>\n<meta property=\"og:type\" content=\"article\" \/>\n<meta property=\"og:title\" content=\"Lotte pilttapeet lastele Leiutajatek\u00fcla tegelastega\" \/>\n<meta property=\"og:description\" content=\"Lotte pilttapeet lastele. Pane lastetoa seinale uus tapeet koerat\u00fcdruk Lotte ja tema s\u00f5prade Alberti ja Brunoga. See k\u00f5ige popim Lotte tapeet!\" \/>\n<meta property=\"og:url\" content=\"https:\/\/baubauwall.com\/et\/toode\/pilttapeet-puu-mille-otsa-ronisid-lotte-bruno\/\" \/>\n<meta property=\"og:site_name\" content=\"BAUBAUWALL TAPEEDID\" \/>\n<meta property=\"article:publisher\" content=\"https:\/\/www.facebook.com\/Baubauwall\" \/>\n<meta property=\"article:modified_time\" content=\"2025-05-30T09:22:51+00:00\" \/>\n<meta property=\"og:image\" content=\"https:\/\/baubauwall.com\/wp-content\/uploads\/2022\/11\/51200297_WhenLotteAndBrunoClimbedTheTree_Baubauwall_Mural_Wallpaper_room7.jpg\" \/>\n\t<meta property=\"og:image:width\" content=\"2356\" \/>\n\t<meta property=\"og:image:height\" content=\"1600\" \/>\n\t<meta property=\"og:image:type\" content=\"image\/jpeg\" \/>\n<meta name=\"twitter:card\" content=\"summary_large_image\" \/>\n<meta name=\"twitter:label1\" content=\"Est. reading time\" \/>\n\t<meta name=\"twitter:data1\" content=\"1 minut\" \/>\n<script type=\"application\/ld+json\" class=\"yoast-schema-graph\">{\"@context\":\"https:\/\/schema.org\",\"@graph\":[{\"@type\":\"WebPage\",\"@id\":\"https:\/\/baubauwall.com\/et\/toode\/pilttapeet-puu-mille-otsa-ronisid-lotte-bruno\/\",\"url\":\"https:\/\/baubauwall.com\/et\/toode\/pilttapeet-puu-mille-otsa-ronisid-lotte-bruno\/\",\"name\":\"Lotte pilttapeet lastele Leiutajatek\u00fcla tegelastega\",\"isPartOf\":{\"@id\":\"https:\/\/baubauwall.com\/et\/#website\"},\"primaryImageOfPage\":{\"@id\":\"https:\/\/baubauwall.com\/et\/toode\/pilttapeet-puu-mille-otsa-ronisid-lotte-bruno\/#primaryimage\"},\"image\":{\"@id\":\"https:\/\/baubauwall.com\/et\/toode\/pilttapeet-puu-mille-otsa-ronisid-lotte-bruno\/#primaryimage\"},\"thumbnailUrl\":\"https:\/\/baubauwall.com\/wp-content\/uploads\/2022\/11\/51200297_WhenLotteAndBrunoClimbedTheTree_Baubauwall_Mural_Wallpaper_room7.jpg\",\"datePublished\":\"2022-11-15T15:00:21+00:00\",\"dateModified\":\"2025-05-30T09:22:51+00:00\",\"description\":\"Lotte pilttapeet lastele. Pane lastetoa seinale uus tapeet koerat\u00fcdruk Lotte ja tema s\u00f5prade Alberti ja Brunoga. See k\u00f5ige popim Lotte tapeet!\",\"breadcrumb\":{\"@id\":\"https:\/\/baubauwall.com\/et\/toode\/pilttapeet-puu-mille-otsa-ronisid-lotte-bruno\/#breadcrumb\"},\"inLanguage\":\"et\",\"potentialAction\":[{\"@type\":\"ReadAction\",\"target\":[\"https:\/\/baubauwall.com\/et\/toode\/pilttapeet-puu-mille-otsa-ronisid-lotte-bruno\/\"]}]},{\"@type\":\"ImageObject\",\"inLanguage\":\"et\",\"@id\":\"https:\/\/baubauwall.com\/et\/toode\/pilttapeet-puu-mille-otsa-ronisid-lotte-bruno\/#primaryimage\",\"url\":\"https:\/\/baubauwall.com\/wp-content\/uploads\/2022\/11\/51200297_WhenLotteAndBrunoClimbedTheTree_Baubauwall_Mural_Wallpaper_room7.jpg\",\"contentUrl\":\"https:\/\/baubauwall.com\/wp-content\/uploads\/2022\/11\/51200297_WhenLotteAndBrunoClimbedTheTree_Baubauwall_Mural_Wallpaper_room7.jpg\",\"width\":2356,\"height\":1600,\"caption\":\"LOTTE tapeedikollektsioon\"},{\"@type\":\"BreadcrumbList\",\"@id\":\"https:\/\/baubauwall.com\/et\/toode\/pilttapeet-puu-mille-otsa-ronisid-lotte-bruno\/#breadcrumb\",\"itemListElement\":[{\"@type\":\"ListItem\",\"position\":1,\"name\":\"Koju\",\"item\":\"https:\/\/baubauwall.com\/et\/\"},{\"@type\":\"ListItem\",\"position\":2,\"name\":\"Tapeedid\",\"item\":\"https:\/\/baubauwall.com\/et\/tapeedid\/\"},{\"@type\":\"ListItem\",\"position\":3,\"name\":\"Puu, mille otsa ronisid Lotte ja Bruno\"}]},{\"@type\":\"WebSite\",\"@id\":\"https:\/\/baubauwall.com\/et\/#website\",\"url\":\"https:\/\/baubauwall.com\/et\/\",\"name\":\"BAUBAUWALL Wallpapers\",\"description\":\"Valmis paanides tapeet Eestist!\",\"publisher\":{\"@id\":\"https:\/\/baubauwall.com\/et\/#organization\"},\"potentialAction\":[{\"@type\":\"SearchAction\",\"target\":{\"@type\":\"EntryPoint\",\"urlTemplate\":\"https:\/\/baubauwall.com\/et\/?s={search_term_string}\"},\"query-input\":{\"@type\":\"PropertyValueSpecification\",\"valueRequired\":true,\"valueName\":\"search_term_string\"}}],\"inLanguage\":\"et\"},{\"@type\":\"Organization\",\"@id\":\"https:\/\/baubauwall.com\/et\/#organization\",\"name\":\"BAUBAUWALL Wallpapers\",\"url\":\"https:\/\/baubauwall.com\/et\/\",\"logo\":{\"@type\":\"ImageObject\",\"inLanguage\":\"et\",\"@id\":\"https:\/\/baubauwall.com\/et\/#\/schema\/logo\/image\/\",\"url\":\"https:\/\/baubauwall.com\/wp-content\/uploads\/2022\/03\/logo-horizontal.svg\",\"contentUrl\":\"https:\/\/baubauwall.com\/wp-content\/uploads\/2022\/03\/logo-horizontal.svg\",\"width\":\"1024\",\"height\":\"1024\",\"caption\":\"BAUBAUWALL Wallpapers\"},\"image\":{\"@id\":\"https:\/\/baubauwall.com\/et\/#\/schema\/logo\/image\/\"},\"sameAs\":[\"https:\/\/www.facebook.com\/Baubauwall\",\"https:\/\/www.instagram.com\/baubauwall\"]}]}<\/script>\n<!-- \/ Yoast SEO plugin. -->","yoast_head_json":{"title":"Lotte pilttapeet lastele Leiutajatek\u00fcla tegelastega","description":"Lotte pilttapeet lastele. Pane lastetoa seinale uus tapeet koerat\u00fcdruk Lotte ja tema s\u00f5prade Alberti ja Brunoga. See k\u00f5ige popim Lotte tapeet!","robots":{"index":"index","follow":"follow","max-snippet":"max-snippet:-1","max-image-preview":"max-image-preview:large","max-video-preview":"max-video-preview:-1"},"canonical":"https:\/\/baubauwall.com\/et\/toode\/pilttapeet-puu-mille-otsa-ronisid-lotte-bruno\/","og_locale":"et_EE","og_type":"article","og_title":"Lotte pilttapeet lastele Leiutajatek\u00fcla tegelastega","og_description":"Lotte pilttapeet lastele. Pane lastetoa seinale uus tapeet koerat\u00fcdruk Lotte ja tema s\u00f5prade Alberti ja Brunoga. See k\u00f5ige popim Lotte tapeet!","og_url":"https:\/\/baubauwall.com\/et\/toode\/pilttapeet-puu-mille-otsa-ronisid-lotte-bruno\/","og_site_name":"BAUBAUWALL TAPEEDID","article_publisher":"https:\/\/www.facebook.com\/Baubauwall","article_modified_time":"2025-05-30T09:22:51+00:00","og_image":[{"width":2356,"height":1600,"url":"https:\/\/baubauwall.com\/wp-content\/uploads\/2022\/11\/51200297_WhenLotteAndBrunoClimbedTheTree_Baubauwall_Mural_Wallpaper_room7.jpg","type":"image\/jpeg"}],"twitter_card":"summary_large_image","twitter_misc":{"Est. reading time":"1 minut"},"schema":{"@context":"https:\/\/schema.org","@graph":[{"@type":"WebPage","@id":"https:\/\/baubauwall.com\/et\/toode\/pilttapeet-puu-mille-otsa-ronisid-lotte-bruno\/","url":"https:\/\/baubauwall.com\/et\/toode\/pilttapeet-puu-mille-otsa-ronisid-lotte-bruno\/","name":"Lotte pilttapeet lastele Leiutajatek\u00fcla tegelastega","isPartOf":{"@id":"https:\/\/baubauwall.com\/et\/#website"},"primaryImageOfPage":{"@id":"https:\/\/baubauwall.com\/et\/toode\/pilttapeet-puu-mille-otsa-ronisid-lotte-bruno\/#primaryimage"},"image":{"@id":"https:\/\/baubauwall.com\/et\/toode\/pilttapeet-puu-mille-otsa-ronisid-lotte-bruno\/#primaryimage"},"thumbnailUrl":"https:\/\/baubauwall.com\/wp-content\/uploads\/2022\/11\/51200297_WhenLotteAndBrunoClimbedTheTree_Baubauwall_Mural_Wallpaper_room7.jpg","datePublished":"2022-11-15T15:00:21+00:00","dateModified":"2025-05-30T09:22:51+00:00","description":"Lotte pilttapeet lastele. Pane lastetoa seinale uus tapeet koerat\u00fcdruk Lotte ja tema s\u00f5prade Alberti ja Brunoga. See k\u00f5ige popim Lotte tapeet!","breadcrumb":{"@id":"https:\/\/baubauwall.com\/et\/toode\/pilttapeet-puu-mille-otsa-ronisid-lotte-bruno\/#breadcrumb"},"inLanguage":"et","potentialAction":[{"@type":"ReadAction","target":["https:\/\/baubauwall.com\/et\/toode\/pilttapeet-puu-mille-otsa-ronisid-lotte-bruno\/"]}]},{"@type":"ImageObject","inLanguage":"et","@id":"https:\/\/baubauwall.com\/et\/toode\/pilttapeet-puu-mille-otsa-ronisid-lotte-bruno\/#primaryimage","url":"https:\/\/baubauwall.com\/wp-content\/uploads\/2022\/11\/51200297_WhenLotteAndBrunoClimbedTheTree_Baubauwall_Mural_Wallpaper_room7.jpg","contentUrl":"https:\/\/baubauwall.com\/wp-content\/uploads\/2022\/11\/51200297_WhenLotteAndBrunoClimbedTheTree_Baubauwall_Mural_Wallpaper_room7.jpg","width":2356,"height":1600,"caption":"LOTTE tapeedikollektsioon"},{"@type":"BreadcrumbList","@id":"https:\/\/baubauwall.com\/et\/toode\/pilttapeet-puu-mille-otsa-ronisid-lotte-bruno\/#breadcrumb","itemListElement":[{"@type":"ListItem","position":1,"name":"Koju","item":"https:\/\/baubauwall.com\/et\/"},{"@type":"ListItem","position":2,"name":"Tapeedid","item":"https:\/\/baubauwall.com\/et\/tapeedid\/"},{"@type":"ListItem","position":3,"name":"Puu, mille otsa ronisid Lotte ja Bruno"}]},{"@type":"WebSite","@id":"https:\/\/baubauwall.com\/et\/#website","url":"https:\/\/baubauwall.com\/et\/","name":"BAUBAUWALL Wallpapers","description":"Valmis paanides tapeet Eestist!","publisher":{"@id":"https:\/\/baubauwall.com\/et\/#organization"},"potentialAction":[{"@type":"SearchAction","target":{"@type":"EntryPoint","urlTemplate":"https:\/\/baubauwall.com\/et\/?s={search_term_string}"},"query-input":{"@type":"PropertyValueSpecification","valueRequired":true,"valueName":"search_term_string"}}],"inLanguage":"et"},{"@type":"Organization","@id":"https:\/\/baubauwall.com\/et\/#organization","name":"BAUBAUWALL Wallpapers","url":"https:\/\/baubauwall.com\/et\/","logo":{"@type":"ImageObject","inLanguage":"et","@id":"https:\/\/baubauwall.com\/et\/#\/schema\/logo\/image\/","url":"https:\/\/baubauwall.com\/wp-content\/uploads\/2022\/03\/logo-horizontal.svg","contentUrl":"https:\/\/baubauwall.com\/wp-content\/uploads\/2022\/03\/logo-horizontal.svg","width":"1024","height":"1024","caption":"BAUBAUWALL Wallpapers"},"image":{"@id":"https:\/\/baubauwall.com\/et\/#\/schema\/logo\/image\/"},"sameAs":["https:\/\/www.facebook.com\/Baubauwall","https:\/\/www.instagram.com\/baubauwall"]}]}},"jetpack_sharing_enabled":true,"_links":{"self":[{"href":"https:\/\/baubauwall.com\/et\/wp-json\/wp\/v2\/product\/28682","targetHints":{"allow":["GET"]}}],"collection":[{"href":"https:\/\/baubauwall.com\/et\/wp-json\/wp\/v2\/product"}],"about":[{"href":"https:\/\/baubauwall.com\/et\/wp-json\/wp\/v2\/types\/product"}],"replies":[{"embeddable":true,"href":"https:\/\/baubauwall.com\/et\/wp-json\/wp\/v2\/comments?post=28682"}],"wp:featuredmedia":[{"embeddable":true,"href":"https:\/\/baubauwall.com\/et\/wp-json\/wp\/v2\/media\/28660"}],"wp:attachment":[{"href":"https:\/\/baubauwall.com\/et\/wp-json\/wp\/v2\/media?parent=28682"}],"wp:term":[{"taxonomy":"product_brand","embeddable":true,"href":"https:\/\/baubauwall.com\/et\/wp-json\/wp\/v2\/product_brand?post=28682"},{"taxonomy":"product_cat","embeddable":true,"href":"https:\/\/baubauwall.com\/et\/wp-json\/wp\/v2\/product_cat?post=28682"},{"taxonomy":"product_tag","embeddable":true,"href":"https:\/\/baubauwall.com\/et\/wp-json\/wp\/v2\/product_tag?post=28682"}],"curies":[{"name":"wp","href":"https:\/\/api.w.org\/{rel}","templated":true}]}}