{"id":28712,"date":"2023-05-13T20:32:35","date_gmt":"2023-05-13T18:32:35","guid":{"rendered":"https:\/\/baubauwall.com\/?post_type=product&#038;p=28712"},"modified":"2023-11-27T10:40:07","modified_gmt":"2023-11-27T08:40:07","slug":"pilttapeet-lotte-kui-oues-sadas-vihma","status":"publish","type":"product","link":"https:\/\/baubauwall.com\/et\/toode\/pilttapeet-lotte-kui-oues-sadas-vihma\/","title":{"rendered":"Kui \u00f5ues sadas vihma"},"content":{"rendered":"<p>Klaus m\u00f5tles \u00fchel p\u00e4eval, et v\u00f5iks uuesti minna reisima. Sest l\u00f5ppude l\u00f5puks on ta on tervelt kaks korda \u00fcmber maailma r\u00e4nnanud, esimene kord paremalt vasakule, teine kord vasakult paremale. Siis aga hakkas vihma sadama. \u00d5nneks polnud Klaus Leiutajatek\u00fclast veel kaugemale j\u00f5udnud ning Lotte oli ligidal abistamaks vihmavarjuga!<\/p>\n<p>Kas on m\u00f5ni laps, kes ei tunne Leiutajatek\u00fcla Lottet? Koost\u00f6\u00f6s Eesti Joonisfilmi autorite Heiki Ernitsa, Janno P\u00f5ldma ja Baubauwalliga on ainulaadsed tegelased joonistatud tapeetidele. Lotte tapeedid ja pilttapeedid on t\u00e4is naljakaid olukordi, headust ning \u00f5petlikkust. Samasugune v\u00f5iks olla ju tapeet lastetuppa, millele see k\u00f5ik talletada.<\/p>\n<p>Kohe p\u00e4ris kindlasti ei meeldi Lottele \u00fcleliigne pr\u00fcgi ja \u00fcle\u00fcldse, maailmas peaks olema rohkem headust ning lihtsust. Me m\u00f5tleme samamoodi. Nii Lotte tapeedid kui ka meie muud tapeedid on tr\u00fckitud <a href=\"https:\/\/baubauwall.com\/et\/keskkonnasobralikud-tapeedid\/\" target=\"_blank\" rel=\"noopener\">keskkonnas\u00f5bralike v\u00e4rvidega<\/a>, hingavale fliistapeedi materjalile, mis ei l\u00e4igi ja on lihtne paigaldada. Sinu uus Lotte tapeet tuleb valmis l\u00f5igatud ning nummerdatud paanides, mis on t\u00e4pselt nii k\u00f5rged, kui Sinu sein. Ei mingit \u00fcleliigset pr\u00fcgi.<\/p>\n","protected":false},"excerpt":{"rendered":"<p>Klaus m\u00f5tles \u00fchel p\u00e4eval, et v\u00f5iks uuesti minna reisima. Sest l\u00f5ppude l\u00f5puks on ta on tervelt kaks korda \u00fcmber maailma r\u00e4nnanud, esimene kord paremalt vasakule, teine kord vasakult paremale. Siis aga hakkas vihma sadama. \u00d5nneks polnud Klaus Leiutajatek\u00fclast veel kaugemale j\u00f5udnud ning Lotte oli ligidal abistamaks vihmavarjuga! Kas on m\u00f5ni laps, kes ei tunne Leiutajatek\u00fcla [&hellip;]<\/p>\n","protected":false},"featured_media":28735,"comment_status":"open","ping_status":"closed","template":"","meta":{"_acf_changed":false,"inline_featured_image":false},"product_brand":[],"product_cat":[652,387,396,273,418,410,400,699,255,715],"product_tag":[695,654,345,308,324],"class_list":{"0":"post-28712","1":"product","2":"type-product","3":"status-publish","4":"has-post-thumbnail","6":"product_cat-lotte-tapeedid","7":"product_cat-pilttapeedid","8":"product_cat-skandinaavia","9":"product_cat-heledad-tapeedid","10":"product_cat-punased-tapeedid","11":"product_cat-valge-tapeedid","12":"product_cat-lastetoa-tapeedid","13":"product_cat-eesti-disain-tapeedid","14":"product_cat-loomad","15":"product_cat-soodsad-tapeedid-leiunurk","16":"product_tag-eesti-disain-tapeedid","17":"product_tag-lotte-tapeedid-lastele","18":"product_tag-pilttapeet","19":"product_tag-poiste-tuba","20":"product_tag-tudruku-tuba","21":"pa_designedby-heiki-ernits-janno-poldma","23":"first","24":"instock","25":"sale","26":"taxable","27":"shipping-taxable","28":"purchasable","29":"product-type-simple"},"acf":[],"yoast_head":"<!-- This site is optimized with the Yoast SEO plugin v25.9 - https:\/\/yoast.com\/wordpress\/plugins\/seo\/ -->\n<title>Lotte ja Klaus vihmavarjuga. Lastetoa tapeet. Lotte tapeedid<\/title>\n<meta name=\"description\" content=\"Lastetoa tapeet koerat\u00fcdruk Lotte ja r\u00e4ndur koer Klaus. Pilttapeet lastetuppa, mis toob naeratuse n\u00e4ole lapsele, sulle ja Lottele!\" \/>\n<meta name=\"robots\" content=\"index, follow, max-snippet:-1, max-image-preview:large, max-video-preview:-1\" \/>\n<link rel=\"canonical\" href=\"https:\/\/baubauwall.com\/et\/toode\/pilttapeet-lotte-kui-oues-sadas-vihma\/\" \/>\n<meta property=\"og:locale\" content=\"et_EE\" \/>\n<meta property=\"og:type\" content=\"article\" \/>\n<meta property=\"og:title\" content=\"Lotte ja Klaus vihmavarjuga. Lastetoa tapeet. Lotte tapeedid\" \/>\n<meta property=\"og:description\" content=\"Lastetoa tapeet koerat\u00fcdruk Lotte ja r\u00e4ndur koer Klaus. Pilttapeet lastetuppa, mis toob naeratuse n\u00e4ole lapsele, sulle ja Lottele!\" \/>\n<meta property=\"og:url\" content=\"https:\/\/baubauwall.com\/et\/toode\/pilttapeet-lotte-kui-oues-sadas-vihma\/\" \/>\n<meta property=\"og:site_name\" content=\"BAUBAUWALL TAPEEDID\" \/>\n<meta property=\"article:publisher\" content=\"https:\/\/www.facebook.com\/Baubauwall\" \/>\n<meta property=\"article:modified_time\" content=\"2023-11-27T08:40:07+00:00\" \/>\n<meta property=\"og:image\" content=\"https:\/\/baubauwall.com\/wp-content\/uploads\/2023\/05\/51200299_WhenItRained_Baubauwall_Mural_Wallpaper_room3.jpg\" \/>\n\t<meta property=\"og:image:width\" content=\"1395\" \/>\n\t<meta property=\"og:image:height\" content=\"1600\" \/>\n\t<meta property=\"og:image:type\" content=\"image\/jpeg\" \/>\n<meta name=\"twitter:card\" content=\"summary_large_image\" \/>\n<meta name=\"twitter:label1\" content=\"Est. reading time\" \/>\n\t<meta name=\"twitter:data1\" content=\"1 minut\" \/>\n<script type=\"application\/ld+json\" class=\"yoast-schema-graph\">{\"@context\":\"https:\/\/schema.org\",\"@graph\":[{\"@type\":\"WebPage\",\"@id\":\"https:\/\/baubauwall.com\/et\/toode\/pilttapeet-lotte-kui-oues-sadas-vihma\/\",\"url\":\"https:\/\/baubauwall.com\/et\/toode\/pilttapeet-lotte-kui-oues-sadas-vihma\/\",\"name\":\"Lotte ja Klaus vihmavarjuga. Lastetoa tapeet. Lotte tapeedid\",\"isPartOf\":{\"@id\":\"https:\/\/baubauwall.com\/et\/#website\"},\"primaryImageOfPage\":{\"@id\":\"https:\/\/baubauwall.com\/et\/toode\/pilttapeet-lotte-kui-oues-sadas-vihma\/#primaryimage\"},\"image\":{\"@id\":\"https:\/\/baubauwall.com\/et\/toode\/pilttapeet-lotte-kui-oues-sadas-vihma\/#primaryimage\"},\"thumbnailUrl\":\"https:\/\/baubauwall.com\/wp-content\/uploads\/2023\/05\/51200299_WhenItRained_Baubauwall_Mural_Wallpaper_room3.jpg\",\"datePublished\":\"2023-05-13T18:32:35+00:00\",\"dateModified\":\"2023-11-27T08:40:07+00:00\",\"description\":\"Lastetoa tapeet koerat\u00fcdruk Lotte ja r\u00e4ndur koer Klaus. Pilttapeet lastetuppa, mis toob naeratuse n\u00e4ole lapsele, sulle ja Lottele!\",\"breadcrumb\":{\"@id\":\"https:\/\/baubauwall.com\/et\/toode\/pilttapeet-lotte-kui-oues-sadas-vihma\/#breadcrumb\"},\"inLanguage\":\"et\",\"potentialAction\":[{\"@type\":\"ReadAction\",\"target\":[\"https:\/\/baubauwall.com\/et\/toode\/pilttapeet-lotte-kui-oues-sadas-vihma\/\"]}]},{\"@type\":\"ImageObject\",\"inLanguage\":\"et\",\"@id\":\"https:\/\/baubauwall.com\/et\/toode\/pilttapeet-lotte-kui-oues-sadas-vihma\/#primaryimage\",\"url\":\"https:\/\/baubauwall.com\/wp-content\/uploads\/2023\/05\/51200299_WhenItRained_Baubauwall_Mural_Wallpaper_room3.jpg\",\"contentUrl\":\"https:\/\/baubauwall.com\/wp-content\/uploads\/2023\/05\/51200299_WhenItRained_Baubauwall_Mural_Wallpaper_room3.jpg\",\"width\":1395,\"height\":1600},{\"@type\":\"BreadcrumbList\",\"@id\":\"https:\/\/baubauwall.com\/et\/toode\/pilttapeet-lotte-kui-oues-sadas-vihma\/#breadcrumb\",\"itemListElement\":[{\"@type\":\"ListItem\",\"position\":1,\"name\":\"Koju\",\"item\":\"https:\/\/baubauwall.com\/et\/\"},{\"@type\":\"ListItem\",\"position\":2,\"name\":\"Tapeedid\",\"item\":\"https:\/\/baubauwall.com\/et\/tapeedid\/\"},{\"@type\":\"ListItem\",\"position\":3,\"name\":\"Kui \u00f5ues sadas vihma\"}]},{\"@type\":\"WebSite\",\"@id\":\"https:\/\/baubauwall.com\/et\/#website\",\"url\":\"https:\/\/baubauwall.com\/et\/\",\"name\":\"BAUBAUWALL Wallpapers\",\"description\":\"Valmis paanides tapeet Eestist!\",\"publisher\":{\"@id\":\"https:\/\/baubauwall.com\/et\/#organization\"},\"potentialAction\":[{\"@type\":\"SearchAction\",\"target\":{\"@type\":\"EntryPoint\",\"urlTemplate\":\"https:\/\/baubauwall.com\/et\/?s={search_term_string}\"},\"query-input\":{\"@type\":\"PropertyValueSpecification\",\"valueRequired\":true,\"valueName\":\"search_term_string\"}}],\"inLanguage\":\"et\"},{\"@type\":\"Organization\",\"@id\":\"https:\/\/baubauwall.com\/et\/#organization\",\"name\":\"BAUBAUWALL Wallpapers\",\"url\":\"https:\/\/baubauwall.com\/et\/\",\"logo\":{\"@type\":\"ImageObject\",\"inLanguage\":\"et\",\"@id\":\"https:\/\/baubauwall.com\/et\/#\/schema\/logo\/image\/\",\"url\":\"https:\/\/baubauwall.com\/wp-content\/uploads\/2022\/03\/logo-horizontal.svg\",\"contentUrl\":\"https:\/\/baubauwall.com\/wp-content\/uploads\/2022\/03\/logo-horizontal.svg\",\"width\":\"1024\",\"height\":\"1024\",\"caption\":\"BAUBAUWALL Wallpapers\"},\"image\":{\"@id\":\"https:\/\/baubauwall.com\/et\/#\/schema\/logo\/image\/\"},\"sameAs\":[\"https:\/\/www.facebook.com\/Baubauwall\",\"https:\/\/www.instagram.com\/baubauwall\"]}]}<\/script>\n<!-- \/ Yoast SEO plugin. -->","yoast_head_json":{"title":"Lotte ja Klaus vihmavarjuga. Lastetoa tapeet. Lotte tapeedid","description":"Lastetoa tapeet koerat\u00fcdruk Lotte ja r\u00e4ndur koer Klaus. Pilttapeet lastetuppa, mis toob naeratuse n\u00e4ole lapsele, sulle ja Lottele!","robots":{"index":"index","follow":"follow","max-snippet":"max-snippet:-1","max-image-preview":"max-image-preview:large","max-video-preview":"max-video-preview:-1"},"canonical":"https:\/\/baubauwall.com\/et\/toode\/pilttapeet-lotte-kui-oues-sadas-vihma\/","og_locale":"et_EE","og_type":"article","og_title":"Lotte ja Klaus vihmavarjuga. Lastetoa tapeet. Lotte tapeedid","og_description":"Lastetoa tapeet koerat\u00fcdruk Lotte ja r\u00e4ndur koer Klaus. Pilttapeet lastetuppa, mis toob naeratuse n\u00e4ole lapsele, sulle ja Lottele!","og_url":"https:\/\/baubauwall.com\/et\/toode\/pilttapeet-lotte-kui-oues-sadas-vihma\/","og_site_name":"BAUBAUWALL TAPEEDID","article_publisher":"https:\/\/www.facebook.com\/Baubauwall","article_modified_time":"2023-11-27T08:40:07+00:00","og_image":[{"width":1395,"height":1600,"url":"https:\/\/baubauwall.com\/wp-content\/uploads\/2023\/05\/51200299_WhenItRained_Baubauwall_Mural_Wallpaper_room3.jpg","type":"image\/jpeg"}],"twitter_card":"summary_large_image","twitter_misc":{"Est. reading time":"1 minut"},"schema":{"@context":"https:\/\/schema.org","@graph":[{"@type":"WebPage","@id":"https:\/\/baubauwall.com\/et\/toode\/pilttapeet-lotte-kui-oues-sadas-vihma\/","url":"https:\/\/baubauwall.com\/et\/toode\/pilttapeet-lotte-kui-oues-sadas-vihma\/","name":"Lotte ja Klaus vihmavarjuga. Lastetoa tapeet. Lotte tapeedid","isPartOf":{"@id":"https:\/\/baubauwall.com\/et\/#website"},"primaryImageOfPage":{"@id":"https:\/\/baubauwall.com\/et\/toode\/pilttapeet-lotte-kui-oues-sadas-vihma\/#primaryimage"},"image":{"@id":"https:\/\/baubauwall.com\/et\/toode\/pilttapeet-lotte-kui-oues-sadas-vihma\/#primaryimage"},"thumbnailUrl":"https:\/\/baubauwall.com\/wp-content\/uploads\/2023\/05\/51200299_WhenItRained_Baubauwall_Mural_Wallpaper_room3.jpg","datePublished":"2023-05-13T18:32:35+00:00","dateModified":"2023-11-27T08:40:07+00:00","description":"Lastetoa tapeet koerat\u00fcdruk Lotte ja r\u00e4ndur koer Klaus. Pilttapeet lastetuppa, mis toob naeratuse n\u00e4ole lapsele, sulle ja Lottele!","breadcrumb":{"@id":"https:\/\/baubauwall.com\/et\/toode\/pilttapeet-lotte-kui-oues-sadas-vihma\/#breadcrumb"},"inLanguage":"et","potentialAction":[{"@type":"ReadAction","target":["https:\/\/baubauwall.com\/et\/toode\/pilttapeet-lotte-kui-oues-sadas-vihma\/"]}]},{"@type":"ImageObject","inLanguage":"et","@id":"https:\/\/baubauwall.com\/et\/toode\/pilttapeet-lotte-kui-oues-sadas-vihma\/#primaryimage","url":"https:\/\/baubauwall.com\/wp-content\/uploads\/2023\/05\/51200299_WhenItRained_Baubauwall_Mural_Wallpaper_room3.jpg","contentUrl":"https:\/\/baubauwall.com\/wp-content\/uploads\/2023\/05\/51200299_WhenItRained_Baubauwall_Mural_Wallpaper_room3.jpg","width":1395,"height":1600},{"@type":"BreadcrumbList","@id":"https:\/\/baubauwall.com\/et\/toode\/pilttapeet-lotte-kui-oues-sadas-vihma\/#breadcrumb","itemListElement":[{"@type":"ListItem","position":1,"name":"Koju","item":"https:\/\/baubauwall.com\/et\/"},{"@type":"ListItem","position":2,"name":"Tapeedid","item":"https:\/\/baubauwall.com\/et\/tapeedid\/"},{"@type":"ListItem","position":3,"name":"Kui \u00f5ues sadas vihma"}]},{"@type":"WebSite","@id":"https:\/\/baubauwall.com\/et\/#website","url":"https:\/\/baubauwall.com\/et\/","name":"BAUBAUWALL Wallpapers","description":"Valmis paanides tapeet Eestist!","publisher":{"@id":"https:\/\/baubauwall.com\/et\/#organization"},"potentialAction":[{"@type":"SearchAction","target":{"@type":"EntryPoint","urlTemplate":"https:\/\/baubauwall.com\/et\/?s={search_term_string}"},"query-input":{"@type":"PropertyValueSpecification","valueRequired":true,"valueName":"search_term_string"}}],"inLanguage":"et"},{"@type":"Organization","@id":"https:\/\/baubauwall.com\/et\/#organization","name":"BAUBAUWALL Wallpapers","url":"https:\/\/baubauwall.com\/et\/","logo":{"@type":"ImageObject","inLanguage":"et","@id":"https:\/\/baubauwall.com\/et\/#\/schema\/logo\/image\/","url":"https:\/\/baubauwall.com\/wp-content\/uploads\/2022\/03\/logo-horizontal.svg","contentUrl":"https:\/\/baubauwall.com\/wp-content\/uploads\/2022\/03\/logo-horizontal.svg","width":"1024","height":"1024","caption":"BAUBAUWALL Wallpapers"},"image":{"@id":"https:\/\/baubauwall.com\/et\/#\/schema\/logo\/image\/"},"sameAs":["https:\/\/www.facebook.com\/Baubauwall","https:\/\/www.instagram.com\/baubauwall"]}]}},"jetpack_sharing_enabled":true,"_links":{"self":[{"href":"https:\/\/baubauwall.com\/et\/wp-json\/wp\/v2\/product\/28712","targetHints":{"allow":["GET"]}}],"collection":[{"href":"https:\/\/baubauwall.com\/et\/wp-json\/wp\/v2\/product"}],"about":[{"href":"https:\/\/baubauwall.com\/et\/wp-json\/wp\/v2\/types\/product"}],"replies":[{"embeddable":true,"href":"https:\/\/baubauwall.com\/et\/wp-json\/wp\/v2\/comments?post=28712"}],"wp:featuredmedia":[{"embeddable":true,"href":"https:\/\/baubauwall.com\/et\/wp-json\/wp\/v2\/media\/28735"}],"wp:attachment":[{"href":"https:\/\/baubauwall.com\/et\/wp-json\/wp\/v2\/media?parent=28712"}],"wp:term":[{"taxonomy":"product_brand","embeddable":true,"href":"https:\/\/baubauwall.com\/et\/wp-json\/wp\/v2\/product_brand?post=28712"},{"taxonomy":"product_cat","embeddable":true,"href":"https:\/\/baubauwall.com\/et\/wp-json\/wp\/v2\/product_cat?post=28712"},{"taxonomy":"product_tag","embeddable":true,"href":"https:\/\/baubauwall.com\/et\/wp-json\/wp\/v2\/product_tag?post=28712"}],"curies":[{"name":"wp","href":"https:\/\/api.w.org\/{rel}","templated":true}]}}