{"id":28764,"date":"2023-05-15T20:48:41","date_gmt":"2023-05-15T18:48:41","guid":{"rendered":"https:\/\/baubauwall.com\/?post_type=product&#038;p=28764"},"modified":"2024-09-30T12:32:13","modified_gmt":"2024-09-30T10:32:13","slug":"pilttapeet-kui-lotte-ja-sobrad-pimesi-joonistasid","status":"publish","type":"product","link":"https:\/\/baubauwall.com\/et\/toode\/pilttapeet-kui-lotte-ja-sobrad-pimesi-joonistasid\/","title":{"rendered":"Kui Lotte ja s\u00f5brad pimesi joonistasid"},"content":{"rendered":"<p>Oled kunagi proovinud joonistada nii, et silmad on kinni seotud? Sohki ei tohi teha, nagu siin tapeedil Albert! Igatahes tasub j\u00e4rgi proovida! Kas just tapeedile, aga alustuseks joonistuspaberile. Sellele l\u00f5busal lastetoa pilttapeedil joonistavad Bruno, Albert ja Lotte midagi. Maakaarti? L\u00f5ngakera? Uuri j\u00e4rele!<\/p>\n<p>Kas on m\u00f5ni laps, kes ei tunneks Leiutajatek\u00fcla Lottet? Koost\u00f6\u00f6s Eesti Joonisfilmi, autor Heiki Ernitsa, Janno P\u00f5ldma ja Baubauwalliga on ainulaadsed tegelased joonistatud tapeetidele. Lotte tapeedid ja pilttapeedid on t\u00e4is naljakaid olukordi, headust ning \u00f5petlikkust. Samasugune v\u00f5iks olla ju lastetuba, mille sentele see k\u00f5ik talletatud on!<\/p>\n<p>Kohe p\u00e4ris kindlasti ei meeldi Lottele \u00fcleliigne pr\u00fcgi ja \u00fcle\u00fcldse, maailmas peaks olema rohkem headust ning lihtsust. Me m\u00f5tleme samamoodi. Nii Lotte tapeedid kui ka meie muud tapeedid on tr\u00fckitud <a href=\"https:\/\/baubauwall.com\/et\/keskkonnasobralikud-tapeedid\/\" target=\"_blank\" rel=\"noopener\">keskkonnas\u00f5bralike v\u00e4rvidega<\/a>, hingavale fliistapeedi materjalile, mis ei l\u00e4igi ja on lihtne paigaldada. Sinu uus Lotte tapeet tuleb valmis l\u00f5igatud ning nummerdatud paanides, mis on t\u00e4pselt nii k\u00f5rged, kui Sinu sein. Ei mingit \u00fcleliigset pr\u00fcgi.<\/p>\n","protected":false},"excerpt":{"rendered":"<p>Oled kunagi proovinud joonistada nii, et silmad on kinni seotud? Sohki ei tohi teha, nagu siin tapeedil Albert! Igatahes tasub j\u00e4rgi proovida! Kas just tapeedile, aga alustuseks joonistuspaberile. Sellele l\u00f5busal lastetoa pilttapeedil joonistavad Bruno, Albert ja Lotte midagi. Maakaarti? L\u00f5ngakera? Uuri j\u00e4rele! Kas on m\u00f5ni laps, kes ei tunneks Leiutajatek\u00fcla Lottet? Koost\u00f6\u00f6s Eesti Joonisfilmi, autor [&hellip;]<\/p>\n","protected":false},"featured_media":28769,"comment_status":"open","ping_status":"closed","template":"","meta":{"_acf_changed":false,"inline_featured_image":false},"product_brand":[],"product_cat":[652,387,396,273,410,400,699,255,715],"product_tag":[695,654,345,308,324],"class_list":{"0":"post-28764","1":"product","2":"type-product","3":"status-publish","4":"has-post-thumbnail","6":"product_cat-lotte-tapeedid","7":"product_cat-pilttapeedid","8":"product_cat-skandinaavia","9":"product_cat-heledad-tapeedid","10":"product_cat-valge-tapeedid","11":"product_cat-lastetoa-tapeedid","12":"product_cat-eesti-disain-tapeedid","13":"product_cat-loomad","14":"product_cat-soodsad-tapeedid-leiunurk","15":"product_tag-eesti-disain-tapeedid","16":"product_tag-lotte-tapeedid-lastele","17":"product_tag-pilttapeet","18":"product_tag-poiste-tuba","19":"product_tag-tudruku-tuba","20":"pa_designedby-heiki-ernits-janno-poldma","22":"first","23":"instock","24":"sale","25":"taxable","26":"shipping-taxable","27":"purchasable","28":"product-type-simple"},"acf":[],"yoast_head":"<!-- This site is optimized with the Yoast SEO plugin v25.9 - https:\/\/yoast.com\/wordpress\/plugins\/seo\/ -->\n<title>Lastetoa tapeet Lotte &amp; s\u00f5brad joonistavad. Lotte tapeedid<\/title>\n<meta name=\"description\" content=\"Lastetota tapeet koerat\u00fcdruk Lotte, Albert ja Bruno joonistamas. Pilttapeet lastetuppa, mis toob naeratuse n\u00e4ole lapsele, sulle ja Lottele!\" \/>\n<meta name=\"robots\" content=\"index, follow, max-snippet:-1, max-image-preview:large, max-video-preview:-1\" \/>\n<link rel=\"canonical\" href=\"https:\/\/baubauwall.com\/et\/toode\/pilttapeet-kui-lotte-ja-sobrad-pimesi-joonistasid\/\" \/>\n<meta property=\"og:locale\" content=\"et_EE\" \/>\n<meta property=\"og:type\" content=\"article\" \/>\n<meta property=\"og:title\" content=\"Lastetoa tapeet Lotte &amp; s\u00f5brad joonistavad. Lotte tapeedid\" \/>\n<meta property=\"og:description\" content=\"Lastetota tapeet koerat\u00fcdruk Lotte, Albert ja Bruno joonistamas. Pilttapeet lastetuppa, mis toob naeratuse n\u00e4ole lapsele, sulle ja Lottele!\" \/>\n<meta property=\"og:url\" content=\"https:\/\/baubauwall.com\/et\/toode\/pilttapeet-kui-lotte-ja-sobrad-pimesi-joonistasid\/\" \/>\n<meta property=\"og:site_name\" content=\"BAUBAUWALL TAPEEDID\" \/>\n<meta property=\"article:publisher\" content=\"https:\/\/www.facebook.com\/Baubauwall\" \/>\n<meta property=\"article:modified_time\" content=\"2024-09-30T10:32:13+00:00\" \/>\n<meta property=\"og:image\" content=\"https:\/\/baubauwall.com\/wp-content\/uploads\/2023\/05\/51200301_WhenLotteAndFriendsWereDrawing_Baubauwall_Mural_Wallpaper_room3.jpg\" \/>\n\t<meta property=\"og:image:width\" content=\"2240\" \/>\n\t<meta property=\"og:image:height\" content=\"1600\" \/>\n\t<meta property=\"og:image:type\" content=\"image\/jpeg\" \/>\n<meta name=\"twitter:card\" content=\"summary_large_image\" \/>\n<meta name=\"twitter:label1\" content=\"Est. reading time\" \/>\n\t<meta name=\"twitter:data1\" content=\"1 minut\" \/>\n<script type=\"application\/ld+json\" class=\"yoast-schema-graph\">{\"@context\":\"https:\/\/schema.org\",\"@graph\":[{\"@type\":\"WebPage\",\"@id\":\"https:\/\/baubauwall.com\/et\/toode\/pilttapeet-kui-lotte-ja-sobrad-pimesi-joonistasid\/\",\"url\":\"https:\/\/baubauwall.com\/et\/toode\/pilttapeet-kui-lotte-ja-sobrad-pimesi-joonistasid\/\",\"name\":\"Lastetoa tapeet Lotte & s\u00f5brad joonistavad. Lotte tapeedid\",\"isPartOf\":{\"@id\":\"https:\/\/baubauwall.com\/et\/#website\"},\"primaryImageOfPage\":{\"@id\":\"https:\/\/baubauwall.com\/et\/toode\/pilttapeet-kui-lotte-ja-sobrad-pimesi-joonistasid\/#primaryimage\"},\"image\":{\"@id\":\"https:\/\/baubauwall.com\/et\/toode\/pilttapeet-kui-lotte-ja-sobrad-pimesi-joonistasid\/#primaryimage\"},\"thumbnailUrl\":\"https:\/\/baubauwall.com\/wp-content\/uploads\/2023\/05\/51200301_WhenLotteAndFriendsWereDrawing_Baubauwall_Mural_Wallpaper_room3.jpg\",\"datePublished\":\"2023-05-15T18:48:41+00:00\",\"dateModified\":\"2024-09-30T10:32:13+00:00\",\"description\":\"Lastetota tapeet koerat\u00fcdruk Lotte, Albert ja Bruno joonistamas. Pilttapeet lastetuppa, mis toob naeratuse n\u00e4ole lapsele, sulle ja Lottele!\",\"breadcrumb\":{\"@id\":\"https:\/\/baubauwall.com\/et\/toode\/pilttapeet-kui-lotte-ja-sobrad-pimesi-joonistasid\/#breadcrumb\"},\"inLanguage\":\"et\",\"potentialAction\":[{\"@type\":\"ReadAction\",\"target\":[\"https:\/\/baubauwall.com\/et\/toode\/pilttapeet-kui-lotte-ja-sobrad-pimesi-joonistasid\/\"]}]},{\"@type\":\"ImageObject\",\"inLanguage\":\"et\",\"@id\":\"https:\/\/baubauwall.com\/et\/toode\/pilttapeet-kui-lotte-ja-sobrad-pimesi-joonistasid\/#primaryimage\",\"url\":\"https:\/\/baubauwall.com\/wp-content\/uploads\/2023\/05\/51200301_WhenLotteAndFriendsWereDrawing_Baubauwall_Mural_Wallpaper_room3.jpg\",\"contentUrl\":\"https:\/\/baubauwall.com\/wp-content\/uploads\/2023\/05\/51200301_WhenLotteAndFriendsWereDrawing_Baubauwall_Mural_Wallpaper_room3.jpg\",\"width\":2240,\"height\":1600},{\"@type\":\"BreadcrumbList\",\"@id\":\"https:\/\/baubauwall.com\/et\/toode\/pilttapeet-kui-lotte-ja-sobrad-pimesi-joonistasid\/#breadcrumb\",\"itemListElement\":[{\"@type\":\"ListItem\",\"position\":1,\"name\":\"Koju\",\"item\":\"https:\/\/baubauwall.com\/et\/\"},{\"@type\":\"ListItem\",\"position\":2,\"name\":\"Tapeedid\",\"item\":\"https:\/\/baubauwall.com\/et\/tapeedid\/\"},{\"@type\":\"ListItem\",\"position\":3,\"name\":\"Kui Lotte ja s\u00f5brad pimesi joonistasid\"}]},{\"@type\":\"WebSite\",\"@id\":\"https:\/\/baubauwall.com\/et\/#website\",\"url\":\"https:\/\/baubauwall.com\/et\/\",\"name\":\"BAUBAUWALL Wallpapers\",\"description\":\"Valmis paanides tapeet Eestist!\",\"publisher\":{\"@id\":\"https:\/\/baubauwall.com\/et\/#organization\"},\"potentialAction\":[{\"@type\":\"SearchAction\",\"target\":{\"@type\":\"EntryPoint\",\"urlTemplate\":\"https:\/\/baubauwall.com\/et\/?s={search_term_string}\"},\"query-input\":{\"@type\":\"PropertyValueSpecification\",\"valueRequired\":true,\"valueName\":\"search_term_string\"}}],\"inLanguage\":\"et\"},{\"@type\":\"Organization\",\"@id\":\"https:\/\/baubauwall.com\/et\/#organization\",\"name\":\"BAUBAUWALL Wallpapers\",\"url\":\"https:\/\/baubauwall.com\/et\/\",\"logo\":{\"@type\":\"ImageObject\",\"inLanguage\":\"et\",\"@id\":\"https:\/\/baubauwall.com\/et\/#\/schema\/logo\/image\/\",\"url\":\"https:\/\/baubauwall.com\/wp-content\/uploads\/2022\/03\/logo-horizontal.svg\",\"contentUrl\":\"https:\/\/baubauwall.com\/wp-content\/uploads\/2022\/03\/logo-horizontal.svg\",\"width\":\"1024\",\"height\":\"1024\",\"caption\":\"BAUBAUWALL Wallpapers\"},\"image\":{\"@id\":\"https:\/\/baubauwall.com\/et\/#\/schema\/logo\/image\/\"},\"sameAs\":[\"https:\/\/www.facebook.com\/Baubauwall\",\"https:\/\/www.instagram.com\/baubauwall\"]}]}<\/script>\n<!-- \/ Yoast SEO plugin. -->","yoast_head_json":{"title":"Lastetoa tapeet Lotte & s\u00f5brad joonistavad. Lotte tapeedid","description":"Lastetota tapeet koerat\u00fcdruk Lotte, Albert ja Bruno joonistamas. Pilttapeet lastetuppa, mis toob naeratuse n\u00e4ole lapsele, sulle ja Lottele!","robots":{"index":"index","follow":"follow","max-snippet":"max-snippet:-1","max-image-preview":"max-image-preview:large","max-video-preview":"max-video-preview:-1"},"canonical":"https:\/\/baubauwall.com\/et\/toode\/pilttapeet-kui-lotte-ja-sobrad-pimesi-joonistasid\/","og_locale":"et_EE","og_type":"article","og_title":"Lastetoa tapeet Lotte & s\u00f5brad joonistavad. Lotte tapeedid","og_description":"Lastetota tapeet koerat\u00fcdruk Lotte, Albert ja Bruno joonistamas. Pilttapeet lastetuppa, mis toob naeratuse n\u00e4ole lapsele, sulle ja Lottele!","og_url":"https:\/\/baubauwall.com\/et\/toode\/pilttapeet-kui-lotte-ja-sobrad-pimesi-joonistasid\/","og_site_name":"BAUBAUWALL TAPEEDID","article_publisher":"https:\/\/www.facebook.com\/Baubauwall","article_modified_time":"2024-09-30T10:32:13+00:00","og_image":[{"width":2240,"height":1600,"url":"https:\/\/baubauwall.com\/wp-content\/uploads\/2023\/05\/51200301_WhenLotteAndFriendsWereDrawing_Baubauwall_Mural_Wallpaper_room3.jpg","type":"image\/jpeg"}],"twitter_card":"summary_large_image","twitter_misc":{"Est. reading time":"1 minut"},"schema":{"@context":"https:\/\/schema.org","@graph":[{"@type":"WebPage","@id":"https:\/\/baubauwall.com\/et\/toode\/pilttapeet-kui-lotte-ja-sobrad-pimesi-joonistasid\/","url":"https:\/\/baubauwall.com\/et\/toode\/pilttapeet-kui-lotte-ja-sobrad-pimesi-joonistasid\/","name":"Lastetoa tapeet Lotte & s\u00f5brad joonistavad. Lotte tapeedid","isPartOf":{"@id":"https:\/\/baubauwall.com\/et\/#website"},"primaryImageOfPage":{"@id":"https:\/\/baubauwall.com\/et\/toode\/pilttapeet-kui-lotte-ja-sobrad-pimesi-joonistasid\/#primaryimage"},"image":{"@id":"https:\/\/baubauwall.com\/et\/toode\/pilttapeet-kui-lotte-ja-sobrad-pimesi-joonistasid\/#primaryimage"},"thumbnailUrl":"https:\/\/baubauwall.com\/wp-content\/uploads\/2023\/05\/51200301_WhenLotteAndFriendsWereDrawing_Baubauwall_Mural_Wallpaper_room3.jpg","datePublished":"2023-05-15T18:48:41+00:00","dateModified":"2024-09-30T10:32:13+00:00","description":"Lastetota tapeet koerat\u00fcdruk Lotte, Albert ja Bruno joonistamas. Pilttapeet lastetuppa, mis toob naeratuse n\u00e4ole lapsele, sulle ja Lottele!","breadcrumb":{"@id":"https:\/\/baubauwall.com\/et\/toode\/pilttapeet-kui-lotte-ja-sobrad-pimesi-joonistasid\/#breadcrumb"},"inLanguage":"et","potentialAction":[{"@type":"ReadAction","target":["https:\/\/baubauwall.com\/et\/toode\/pilttapeet-kui-lotte-ja-sobrad-pimesi-joonistasid\/"]}]},{"@type":"ImageObject","inLanguage":"et","@id":"https:\/\/baubauwall.com\/et\/toode\/pilttapeet-kui-lotte-ja-sobrad-pimesi-joonistasid\/#primaryimage","url":"https:\/\/baubauwall.com\/wp-content\/uploads\/2023\/05\/51200301_WhenLotteAndFriendsWereDrawing_Baubauwall_Mural_Wallpaper_room3.jpg","contentUrl":"https:\/\/baubauwall.com\/wp-content\/uploads\/2023\/05\/51200301_WhenLotteAndFriendsWereDrawing_Baubauwall_Mural_Wallpaper_room3.jpg","width":2240,"height":1600},{"@type":"BreadcrumbList","@id":"https:\/\/baubauwall.com\/et\/toode\/pilttapeet-kui-lotte-ja-sobrad-pimesi-joonistasid\/#breadcrumb","itemListElement":[{"@type":"ListItem","position":1,"name":"Koju","item":"https:\/\/baubauwall.com\/et\/"},{"@type":"ListItem","position":2,"name":"Tapeedid","item":"https:\/\/baubauwall.com\/et\/tapeedid\/"},{"@type":"ListItem","position":3,"name":"Kui Lotte ja s\u00f5brad pimesi joonistasid"}]},{"@type":"WebSite","@id":"https:\/\/baubauwall.com\/et\/#website","url":"https:\/\/baubauwall.com\/et\/","name":"BAUBAUWALL Wallpapers","description":"Valmis paanides tapeet Eestist!","publisher":{"@id":"https:\/\/baubauwall.com\/et\/#organization"},"potentialAction":[{"@type":"SearchAction","target":{"@type":"EntryPoint","urlTemplate":"https:\/\/baubauwall.com\/et\/?s={search_term_string}"},"query-input":{"@type":"PropertyValueSpecification","valueRequired":true,"valueName":"search_term_string"}}],"inLanguage":"et"},{"@type":"Organization","@id":"https:\/\/baubauwall.com\/et\/#organization","name":"BAUBAUWALL Wallpapers","url":"https:\/\/baubauwall.com\/et\/","logo":{"@type":"ImageObject","inLanguage":"et","@id":"https:\/\/baubauwall.com\/et\/#\/schema\/logo\/image\/","url":"https:\/\/baubauwall.com\/wp-content\/uploads\/2022\/03\/logo-horizontal.svg","contentUrl":"https:\/\/baubauwall.com\/wp-content\/uploads\/2022\/03\/logo-horizontal.svg","width":"1024","height":"1024","caption":"BAUBAUWALL Wallpapers"},"image":{"@id":"https:\/\/baubauwall.com\/et\/#\/schema\/logo\/image\/"},"sameAs":["https:\/\/www.facebook.com\/Baubauwall","https:\/\/www.instagram.com\/baubauwall"]}]}},"jetpack_sharing_enabled":true,"_links":{"self":[{"href":"https:\/\/baubauwall.com\/et\/wp-json\/wp\/v2\/product\/28764","targetHints":{"allow":["GET"]}}],"collection":[{"href":"https:\/\/baubauwall.com\/et\/wp-json\/wp\/v2\/product"}],"about":[{"href":"https:\/\/baubauwall.com\/et\/wp-json\/wp\/v2\/types\/product"}],"replies":[{"embeddable":true,"href":"https:\/\/baubauwall.com\/et\/wp-json\/wp\/v2\/comments?post=28764"}],"wp:featuredmedia":[{"embeddable":true,"href":"https:\/\/baubauwall.com\/et\/wp-json\/wp\/v2\/media\/28769"}],"wp:attachment":[{"href":"https:\/\/baubauwall.com\/et\/wp-json\/wp\/v2\/media?parent=28764"}],"wp:term":[{"taxonomy":"product_brand","embeddable":true,"href":"https:\/\/baubauwall.com\/et\/wp-json\/wp\/v2\/product_brand?post=28764"},{"taxonomy":"product_cat","embeddable":true,"href":"https:\/\/baubauwall.com\/et\/wp-json\/wp\/v2\/product_cat?post=28764"},{"taxonomy":"product_tag","embeddable":true,"href":"https:\/\/baubauwall.com\/et\/wp-json\/wp\/v2\/product_tag?post=28764"}],"curies":[{"name":"wp","href":"https:\/\/api.w.org\/{rel}","templated":true}]}}