{"id":29123,"date":"2023-05-15T09:41:46","date_gmt":"2023-05-15T07:41:46","guid":{"rendered":"https:\/\/baubauwall.com\/?post_type=product&#038;p=29123"},"modified":"2023-11-27T10:41:06","modified_gmt":"2023-11-27T08:41:06","slug":"tapeet-lotte-mangib-pimesikku","status":"publish","type":"product","link":"https:\/\/baubauwall.com\/et\/toode\/tapeet-lotte-mangib-pimesikku\/","title":{"rendered":"Lotte m\u00e4ngib pimesikku"},"content":{"rendered":"<p>Kordusmustriga tapeet lastetuppa, millelt leiad nii tuttavad ja armastatud Lotte, tema parimad s\u00f5brad kassipoja Bruno, j\u00e4nku Alberti ja p\u00f5rsapoja. See tapeet on valgel taustal peaaegu \u00fcleni mustvalge. Kas oled julge ja lased lapsel oma toa tapeeti veidi v\u00e4rvida? V\u00f5ib, aga ei pea.<\/p>\n<p>Kas on m\u00f5ni laps, kes ei tunneks Leiutajatek\u00fcla Lottet? Koost\u00f6\u00f6s Eesti Joonisfilmi, autorite Heiki Ernitsa, Janno P\u00f5ldma ja Baubauwalliga on ainulaadsed tegelased joonistatud lastetoa tapeetidele. Lotte tapeedid ja pilttapeedid lastele on t\u00e4is naljakaid olukordi, headust ning \u00f5petlikkust. Samasugune v\u00f5iks olla ju lastetuba, mille sentele see k\u00f5ik talletatud on!<\/p>\n<p>Kohe p\u00e4ris kindlasti ei meeldi Lottele \u00fcleliigne pr\u00fcgi ja \u00fcle\u00fcldse, maailmas peaks olema rohkem headust ning lihtsust. Me m\u00f5tleme samamoodi. Nii Lotte tapeedid kui ka meie muud tapeedid on tr\u00fckitud <a href=\"https:\/\/baubauwall.com\/et\/keskkonnasobralikud-tapeedid\/\" target=\"_blank\" rel=\"noopener\">keskkonnas\u00f5bralike v\u00e4rvidega<\/a>, hingavale fliistapeedi materjalile, mis ei l\u00e4igi ja on lihtne paigaldada. Sinu uus Lotte tapeet tuleb valmis l\u00f5igatud ning nummerdatud paanides, mis on t\u00e4pselt nii k\u00f5rged, kui Sinu sein. Ei mingit \u00fcleliigset pr\u00fcgi.<\/p>\n<p>&nbsp;<\/p>\n","protected":false},"excerpt":{"rendered":"<p>Kordusmustriga tapeet lastetuppa, millelt leiad nii tuttavad ja armastatud Lotte, tema parimad s\u00f5brad kassipoja Bruno, j\u00e4nku Alberti ja p\u00f5rsapoja. See tapeet on valgel taustal peaaegu \u00fcleni mustvalge. Kas oled julge ja lased lapsel oma toa tapeeti veidi v\u00e4rvida? V\u00f5ib, aga ei pea. Kas on m\u00f5ni laps, kes ei tunneks Leiutajatek\u00fcla Lottet? Koost\u00f6\u00f6s Eesti Joonisfilmi, autorite [&hellip;]<\/p>\n","protected":false},"featured_media":29149,"comment_status":"open","ping_status":"closed","template":"","meta":{"_acf_changed":false,"inline_featured_image":false},"product_brand":[],"product_cat":[652,386,396,273,410,400,699,255,715],"product_tag":[695,654,308,324],"class_list":{"0":"post-29123","1":"product","2":"type-product","3":"status-publish","4":"has-post-thumbnail","6":"product_cat-lotte-tapeedid","7":"product_cat-kordusmustriga-tapeedid","8":"product_cat-skandinaavia","9":"product_cat-heledad-tapeedid","10":"product_cat-valge-tapeedid","11":"product_cat-lastetoa-tapeedid","12":"product_cat-eesti-disain-tapeedid","13":"product_cat-loomad","14":"product_cat-soodsad-tapeedid-leiunurk","15":"product_tag-eesti-disain-tapeedid","16":"product_tag-lotte-tapeedid-lastele","17":"product_tag-poiste-tuba","18":"product_tag-tudruku-tuba","19":"pa_designedby-heiki-ernits-janno-poldma","21":"first","22":"instock","23":"sale","24":"taxable","25":"shipping-taxable","26":"purchasable","27":"product-type-simple"},"acf":[],"yoast_head":"<!-- This site is optimized with the Yoast SEO plugin v25.9 - https:\/\/yoast.com\/wordpress\/plugins\/seo\/ -->\n<title>Lastetoa tapeet Lotte m\u00e4ngimas pimesikku. Lotte tapeedid lastele<\/title>\n<meta name=\"description\" content=\"Lastetoa tapeet koerat\u00fcdruk Lotte ja parimad s\u00f5brad m\u00e4ngimas. Mustvalge pilttapeet lastetuppa, mis toob naeratuse n\u00e4ole! Julged tapeet ise v\u00e4rvida?\" \/>\n<meta name=\"robots\" content=\"index, follow, max-snippet:-1, max-image-preview:large, max-video-preview:-1\" \/>\n<link rel=\"canonical\" href=\"https:\/\/baubauwall.com\/et\/toode\/tapeet-lotte-mangib-pimesikku\/\" \/>\n<meta property=\"og:locale\" content=\"et_EE\" \/>\n<meta property=\"og:type\" content=\"article\" \/>\n<meta property=\"og:title\" content=\"Lastetoa tapeet Lotte m\u00e4ngimas pimesikku. Lotte tapeedid lastele\" \/>\n<meta property=\"og:description\" content=\"Lastetoa tapeet koerat\u00fcdruk Lotte ja parimad s\u00f5brad m\u00e4ngimas. Mustvalge pilttapeet lastetuppa, mis toob naeratuse n\u00e4ole! Julged tapeet ise v\u00e4rvida?\" \/>\n<meta property=\"og:url\" content=\"https:\/\/baubauwall.com\/et\/toode\/tapeet-lotte-mangib-pimesikku\/\" \/>\n<meta property=\"og:site_name\" content=\"BAUBAUWALL TAPEEDID\" \/>\n<meta property=\"article:publisher\" content=\"https:\/\/www.facebook.com\/Baubauwall\" \/>\n<meta property=\"article:modified_time\" content=\"2023-11-27T08:41:06+00:00\" \/>\n<meta property=\"og:image\" content=\"https:\/\/baubauwall.com\/wp-content\/uploads\/2023\/05\/51100355_LottePlaysHideAndSeek_Baubauwall_Wallpaper_room8.jpg\" \/>\n\t<meta property=\"og:image:width\" content=\"2400\" \/>\n\t<meta property=\"og:image:height\" content=\"1600\" \/>\n\t<meta property=\"og:image:type\" content=\"image\/jpeg\" \/>\n<meta name=\"twitter:card\" content=\"summary_large_image\" \/>\n<meta name=\"twitter:label1\" content=\"Est. reading time\" \/>\n\t<meta name=\"twitter:data1\" content=\"1 minut\" \/>\n<script type=\"application\/ld+json\" class=\"yoast-schema-graph\">{\"@context\":\"https:\/\/schema.org\",\"@graph\":[{\"@type\":\"WebPage\",\"@id\":\"https:\/\/baubauwall.com\/et\/toode\/tapeet-lotte-mangib-pimesikku\/\",\"url\":\"https:\/\/baubauwall.com\/et\/toode\/tapeet-lotte-mangib-pimesikku\/\",\"name\":\"Lastetoa tapeet Lotte m\u00e4ngimas pimesikku. Lotte tapeedid lastele\",\"isPartOf\":{\"@id\":\"https:\/\/baubauwall.com\/et\/#website\"},\"primaryImageOfPage\":{\"@id\":\"https:\/\/baubauwall.com\/et\/toode\/tapeet-lotte-mangib-pimesikku\/#primaryimage\"},\"image\":{\"@id\":\"https:\/\/baubauwall.com\/et\/toode\/tapeet-lotte-mangib-pimesikku\/#primaryimage\"},\"thumbnailUrl\":\"https:\/\/baubauwall.com\/wp-content\/uploads\/2023\/05\/51100355_LottePlaysHideAndSeek_Baubauwall_Wallpaper_room8.jpg\",\"datePublished\":\"2023-05-15T07:41:46+00:00\",\"dateModified\":\"2023-11-27T08:41:06+00:00\",\"description\":\"Lastetoa tapeet koerat\u00fcdruk Lotte ja parimad s\u00f5brad m\u00e4ngimas. Mustvalge pilttapeet lastetuppa, mis toob naeratuse n\u00e4ole! Julged tapeet ise v\u00e4rvida?\",\"breadcrumb\":{\"@id\":\"https:\/\/baubauwall.com\/et\/toode\/tapeet-lotte-mangib-pimesikku\/#breadcrumb\"},\"inLanguage\":\"et\",\"potentialAction\":[{\"@type\":\"ReadAction\",\"target\":[\"https:\/\/baubauwall.com\/et\/toode\/tapeet-lotte-mangib-pimesikku\/\"]}]},{\"@type\":\"ImageObject\",\"inLanguage\":\"et\",\"@id\":\"https:\/\/baubauwall.com\/et\/toode\/tapeet-lotte-mangib-pimesikku\/#primaryimage\",\"url\":\"https:\/\/baubauwall.com\/wp-content\/uploads\/2023\/05\/51100355_LottePlaysHideAndSeek_Baubauwall_Wallpaper_room8.jpg\",\"contentUrl\":\"https:\/\/baubauwall.com\/wp-content\/uploads\/2023\/05\/51100355_LottePlaysHideAndSeek_Baubauwall_Wallpaper_room8.jpg\",\"width\":2400,\"height\":1600},{\"@type\":\"BreadcrumbList\",\"@id\":\"https:\/\/baubauwall.com\/et\/toode\/tapeet-lotte-mangib-pimesikku\/#breadcrumb\",\"itemListElement\":[{\"@type\":\"ListItem\",\"position\":1,\"name\":\"Koju\",\"item\":\"https:\/\/baubauwall.com\/et\/\"},{\"@type\":\"ListItem\",\"position\":2,\"name\":\"Tapeedid\",\"item\":\"https:\/\/baubauwall.com\/et\/tapeedid\/\"},{\"@type\":\"ListItem\",\"position\":3,\"name\":\"Lotte m\u00e4ngib pimesikku\"}]},{\"@type\":\"WebSite\",\"@id\":\"https:\/\/baubauwall.com\/et\/#website\",\"url\":\"https:\/\/baubauwall.com\/et\/\",\"name\":\"BAUBAUWALL Wallpapers\",\"description\":\"Valmis paanides tapeet Eestist!\",\"publisher\":{\"@id\":\"https:\/\/baubauwall.com\/et\/#organization\"},\"potentialAction\":[{\"@type\":\"SearchAction\",\"target\":{\"@type\":\"EntryPoint\",\"urlTemplate\":\"https:\/\/baubauwall.com\/et\/?s={search_term_string}\"},\"query-input\":{\"@type\":\"PropertyValueSpecification\",\"valueRequired\":true,\"valueName\":\"search_term_string\"}}],\"inLanguage\":\"et\"},{\"@type\":\"Organization\",\"@id\":\"https:\/\/baubauwall.com\/et\/#organization\",\"name\":\"BAUBAUWALL Wallpapers\",\"url\":\"https:\/\/baubauwall.com\/et\/\",\"logo\":{\"@type\":\"ImageObject\",\"inLanguage\":\"et\",\"@id\":\"https:\/\/baubauwall.com\/et\/#\/schema\/logo\/image\/\",\"url\":\"https:\/\/baubauwall.com\/wp-content\/uploads\/2022\/03\/logo-horizontal.svg\",\"contentUrl\":\"https:\/\/baubauwall.com\/wp-content\/uploads\/2022\/03\/logo-horizontal.svg\",\"width\":\"1024\",\"height\":\"1024\",\"caption\":\"BAUBAUWALL Wallpapers\"},\"image\":{\"@id\":\"https:\/\/baubauwall.com\/et\/#\/schema\/logo\/image\/\"},\"sameAs\":[\"https:\/\/www.facebook.com\/Baubauwall\",\"https:\/\/www.instagram.com\/baubauwall\"]}]}<\/script>\n<!-- \/ Yoast SEO plugin. -->","yoast_head_json":{"title":"Lastetoa tapeet Lotte m\u00e4ngimas pimesikku. Lotte tapeedid lastele","description":"Lastetoa tapeet koerat\u00fcdruk Lotte ja parimad s\u00f5brad m\u00e4ngimas. Mustvalge pilttapeet lastetuppa, mis toob naeratuse n\u00e4ole! Julged tapeet ise v\u00e4rvida?","robots":{"index":"index","follow":"follow","max-snippet":"max-snippet:-1","max-image-preview":"max-image-preview:large","max-video-preview":"max-video-preview:-1"},"canonical":"https:\/\/baubauwall.com\/et\/toode\/tapeet-lotte-mangib-pimesikku\/","og_locale":"et_EE","og_type":"article","og_title":"Lastetoa tapeet Lotte m\u00e4ngimas pimesikku. Lotte tapeedid lastele","og_description":"Lastetoa tapeet koerat\u00fcdruk Lotte ja parimad s\u00f5brad m\u00e4ngimas. Mustvalge pilttapeet lastetuppa, mis toob naeratuse n\u00e4ole! Julged tapeet ise v\u00e4rvida?","og_url":"https:\/\/baubauwall.com\/et\/toode\/tapeet-lotte-mangib-pimesikku\/","og_site_name":"BAUBAUWALL TAPEEDID","article_publisher":"https:\/\/www.facebook.com\/Baubauwall","article_modified_time":"2023-11-27T08:41:06+00:00","og_image":[{"width":2400,"height":1600,"url":"https:\/\/baubauwall.com\/wp-content\/uploads\/2023\/05\/51100355_LottePlaysHideAndSeek_Baubauwall_Wallpaper_room8.jpg","type":"image\/jpeg"}],"twitter_card":"summary_large_image","twitter_misc":{"Est. reading time":"1 minut"},"schema":{"@context":"https:\/\/schema.org","@graph":[{"@type":"WebPage","@id":"https:\/\/baubauwall.com\/et\/toode\/tapeet-lotte-mangib-pimesikku\/","url":"https:\/\/baubauwall.com\/et\/toode\/tapeet-lotte-mangib-pimesikku\/","name":"Lastetoa tapeet Lotte m\u00e4ngimas pimesikku. Lotte tapeedid lastele","isPartOf":{"@id":"https:\/\/baubauwall.com\/et\/#website"},"primaryImageOfPage":{"@id":"https:\/\/baubauwall.com\/et\/toode\/tapeet-lotte-mangib-pimesikku\/#primaryimage"},"image":{"@id":"https:\/\/baubauwall.com\/et\/toode\/tapeet-lotte-mangib-pimesikku\/#primaryimage"},"thumbnailUrl":"https:\/\/baubauwall.com\/wp-content\/uploads\/2023\/05\/51100355_LottePlaysHideAndSeek_Baubauwall_Wallpaper_room8.jpg","datePublished":"2023-05-15T07:41:46+00:00","dateModified":"2023-11-27T08:41:06+00:00","description":"Lastetoa tapeet koerat\u00fcdruk Lotte ja parimad s\u00f5brad m\u00e4ngimas. Mustvalge pilttapeet lastetuppa, mis toob naeratuse n\u00e4ole! Julged tapeet ise v\u00e4rvida?","breadcrumb":{"@id":"https:\/\/baubauwall.com\/et\/toode\/tapeet-lotte-mangib-pimesikku\/#breadcrumb"},"inLanguage":"et","potentialAction":[{"@type":"ReadAction","target":["https:\/\/baubauwall.com\/et\/toode\/tapeet-lotte-mangib-pimesikku\/"]}]},{"@type":"ImageObject","inLanguage":"et","@id":"https:\/\/baubauwall.com\/et\/toode\/tapeet-lotte-mangib-pimesikku\/#primaryimage","url":"https:\/\/baubauwall.com\/wp-content\/uploads\/2023\/05\/51100355_LottePlaysHideAndSeek_Baubauwall_Wallpaper_room8.jpg","contentUrl":"https:\/\/baubauwall.com\/wp-content\/uploads\/2023\/05\/51100355_LottePlaysHideAndSeek_Baubauwall_Wallpaper_room8.jpg","width":2400,"height":1600},{"@type":"BreadcrumbList","@id":"https:\/\/baubauwall.com\/et\/toode\/tapeet-lotte-mangib-pimesikku\/#breadcrumb","itemListElement":[{"@type":"ListItem","position":1,"name":"Koju","item":"https:\/\/baubauwall.com\/et\/"},{"@type":"ListItem","position":2,"name":"Tapeedid","item":"https:\/\/baubauwall.com\/et\/tapeedid\/"},{"@type":"ListItem","position":3,"name":"Lotte m\u00e4ngib pimesikku"}]},{"@type":"WebSite","@id":"https:\/\/baubauwall.com\/et\/#website","url":"https:\/\/baubauwall.com\/et\/","name":"BAUBAUWALL Wallpapers","description":"Valmis paanides tapeet Eestist!","publisher":{"@id":"https:\/\/baubauwall.com\/et\/#organization"},"potentialAction":[{"@type":"SearchAction","target":{"@type":"EntryPoint","urlTemplate":"https:\/\/baubauwall.com\/et\/?s={search_term_string}"},"query-input":{"@type":"PropertyValueSpecification","valueRequired":true,"valueName":"search_term_string"}}],"inLanguage":"et"},{"@type":"Organization","@id":"https:\/\/baubauwall.com\/et\/#organization","name":"BAUBAUWALL Wallpapers","url":"https:\/\/baubauwall.com\/et\/","logo":{"@type":"ImageObject","inLanguage":"et","@id":"https:\/\/baubauwall.com\/et\/#\/schema\/logo\/image\/","url":"https:\/\/baubauwall.com\/wp-content\/uploads\/2022\/03\/logo-horizontal.svg","contentUrl":"https:\/\/baubauwall.com\/wp-content\/uploads\/2022\/03\/logo-horizontal.svg","width":"1024","height":"1024","caption":"BAUBAUWALL Wallpapers"},"image":{"@id":"https:\/\/baubauwall.com\/et\/#\/schema\/logo\/image\/"},"sameAs":["https:\/\/www.facebook.com\/Baubauwall","https:\/\/www.instagram.com\/baubauwall"]}]}},"jetpack_sharing_enabled":true,"_links":{"self":[{"href":"https:\/\/baubauwall.com\/et\/wp-json\/wp\/v2\/product\/29123","targetHints":{"allow":["GET"]}}],"collection":[{"href":"https:\/\/baubauwall.com\/et\/wp-json\/wp\/v2\/product"}],"about":[{"href":"https:\/\/baubauwall.com\/et\/wp-json\/wp\/v2\/types\/product"}],"replies":[{"embeddable":true,"href":"https:\/\/baubauwall.com\/et\/wp-json\/wp\/v2\/comments?post=29123"}],"wp:featuredmedia":[{"embeddable":true,"href":"https:\/\/baubauwall.com\/et\/wp-json\/wp\/v2\/media\/29149"}],"wp:attachment":[{"href":"https:\/\/baubauwall.com\/et\/wp-json\/wp\/v2\/media?parent=29123"}],"wp:term":[{"taxonomy":"product_brand","embeddable":true,"href":"https:\/\/baubauwall.com\/et\/wp-json\/wp\/v2\/product_brand?post=29123"},{"taxonomy":"product_cat","embeddable":true,"href":"https:\/\/baubauwall.com\/et\/wp-json\/wp\/v2\/product_cat?post=29123"},{"taxonomy":"product_tag","embeddable":true,"href":"https:\/\/baubauwall.com\/et\/wp-json\/wp\/v2\/product_tag?post=29123"}],"curies":[{"name":"wp","href":"https:\/\/api.w.org\/{rel}","templated":true}]}}