{"id":29205,"date":"2022-11-07T15:15:11","date_gmt":"2022-11-07T13:15:11","guid":{"rendered":"https:\/\/baubauwall.com\/?post_type=product&#038;p=29205"},"modified":"2025-05-30T11:16:04","modified_gmt":"2025-05-30T09:16:04","slug":"tapeet-lotte-laheb-peole","status":"publish","type":"product","link":"https:\/\/baubauwall.com\/et\/toode\/tapeet-lotte-laheb-peole\/","title":{"rendered":"Lotte l\u00e4heb peole"},"content":{"rendered":"<p>Lotte tapeet lastetuppa. Sest armastatud Lotte v\u00f5iks tantsida Sinu lapse toa tapeedil! Kordusmustriga tapeet valgel taustal, millelt leiad koerat\u00fcdruk Lotte teele peole. Kas ta viib helesinise \u00f5hupalli Albertile, Brunole, v\u00f5i Sulle kingituseks? Otsusta ise. See on tapeet, mis sobib h\u00e4sti v\u00e4iksesse nurka, aktsentseinale v\u00f5i kahele seinale. Toa muud seinad j\u00e4ta valgeks.<\/p>\n<p>Kas on m\u00f5ni laps, kes ei tunne <a href=\"https:\/\/moodnekodu.delfi.ee\/artikkel\/120192106\/ahoi-suured-ja-vaiksed-lotte-sobrad-baubauwallil-valmis-maailma-koige-tuntuma-koeratudrukuga-tapeedikollektsioon\">Leiutajatek\u00fcla Lottet<\/a>? Koost\u00f6\u00f6s Eesti Joonisfilmi, autorite Heiki Ernitsa, Janno P\u00f5ldma ja Baubauwalliga on ainulaadsed tegelased joonistatud tapeetidele. Lotte tapeedid on t\u00e4is naljakaid olukordi, headust ning \u00f5petlikkust. Samasugune v\u00f5iks olla ju lastetuba, mille sentele see k\u00f5ik talletatud on!<\/p>\n<p>Kohe p\u00e4ris kindlasti ei meeldi Lottele \u00fcleliigne pr\u00fcgi ja \u00fcle\u00fcldse, maailmas peaks olema rohkem headust ning lihtsust. Me m\u00f5tleme samamoodi. Nii Lotte tapeedid kui ka meie muud tapeedid on tr\u00fckitud k<a href=\"https:\/\/baubauwall.com\/et\/keskkonnasobralikud-tapeedid\/\" target=\"_blank\" rel=\"noopener\">eskkonnas\u00f5bralike v\u00e4rvidega<\/a>, hingavale fliistapeedi materjalile, mis ei l\u00e4igi ja on lihtne paigaldada. Sinu uus Lotte tapeet tuleb valmis l\u00f5igatud ning nummerdatud paanides, mis on t\u00e4pselt nii k\u00f5rged, kui Sinu sein. Ei mingit \u00fcleliigset pr\u00fcgi.<\/p>\n<p>&nbsp;<\/p>\n","protected":false},"excerpt":{"rendered":"<p>Lotte tapeet lastetuppa. Sest armastatud Lotte v\u00f5iks tantsida Sinu lapse toa tapeedil! Kordusmustriga tapeet valgel taustal, millelt leiad koerat\u00fcdruk Lotte teele peole. Kas ta viib helesinise \u00f5hupalli Albertile, Brunole, v\u00f5i Sulle kingituseks? Otsusta ise. See on tapeet, mis sobib h\u00e4sti v\u00e4iksesse nurka, aktsentseinale v\u00f5i kahele seinale. Toa muud seinad j\u00e4ta valgeks. Kas on m\u00f5ni laps, [&hellip;]<\/p>\n","protected":false},"featured_media":29188,"comment_status":"open","ping_status":"closed","template":"","meta":{"_acf_changed":false,"inline_featured_image":false},"product_brand":[],"product_cat":[652,386,418,410,400,699,255,715],"product_tag":[349,695,654,324],"class_list":{"0":"post-29205","1":"product","2":"type-product","3":"status-publish","4":"has-post-thumbnail","6":"product_cat-lotte-tapeedid","7":"product_cat-kordusmustriga-tapeedid","8":"product_cat-punased-tapeedid","9":"product_cat-valge-tapeedid","10":"product_cat-lastetoa-tapeedid","11":"product_cat-eesti-disain-tapeedid","12":"product_cat-loomad","13":"product_cat-soodsad-tapeedid-leiunurk","14":"product_tag-beebituba","15":"product_tag-eesti-disain-tapeedid","16":"product_tag-lotte-tapeedid-lastele","17":"product_tag-tudruku-tuba","18":"pa_designedby-heiki-ernits-janno-poldma","20":"first","21":"instock","22":"sale","23":"taxable","24":"shipping-taxable","25":"purchasable","26":"product-type-simple"},"acf":[],"yoast_head":"<!-- This site is optimized with the Yoast SEO plugin v25.9 - https:\/\/yoast.com\/wordpress\/plugins\/seo\/ -->\n<title>Lotte tapeet lastetuppa. Disaintapeet Lotte l\u00e4heb peole<\/title>\n<meta name=\"description\" content=\"Lotte tapeet lastetuppa. Valgel taustal, kordusmustriga lastetoa tapeet. L\u00f6\u00f6 oma lastetoa sein lapselikult s\u00e4rama! Nutikad tapeedid nagu Lotte.\" \/>\n<meta name=\"robots\" content=\"index, follow, max-snippet:-1, max-image-preview:large, max-video-preview:-1\" \/>\n<link rel=\"canonical\" href=\"https:\/\/baubauwall.com\/et\/toode\/tapeet-lotte-laheb-peole\/\" \/>\n<meta property=\"og:locale\" content=\"et_EE\" \/>\n<meta property=\"og:type\" content=\"article\" \/>\n<meta property=\"og:title\" content=\"Lotte tapeet lastetuppa. Disaintapeet Lotte l\u00e4heb peole\" \/>\n<meta property=\"og:description\" content=\"Lotte tapeet lastetuppa. Valgel taustal, kordusmustriga lastetoa tapeet. L\u00f6\u00f6 oma lastetoa sein lapselikult s\u00e4rama! Nutikad tapeedid nagu Lotte.\" \/>\n<meta property=\"og:url\" content=\"https:\/\/baubauwall.com\/et\/toode\/tapeet-lotte-laheb-peole\/\" \/>\n<meta property=\"og:site_name\" content=\"BAUBAUWALL TAPEEDID\" \/>\n<meta property=\"article:publisher\" content=\"https:\/\/www.facebook.com\/Baubauwall\" \/>\n<meta property=\"article:modified_time\" content=\"2025-05-30T09:16:04+00:00\" \/>\n<meta property=\"og:image\" content=\"https:\/\/baubauwall.com\/wp-content\/uploads\/2022\/11\/51100365_LotteGoesPartying_Baubauwall_Wallpaper_room7.jpg\" \/>\n\t<meta property=\"og:image:width\" content=\"2407\" \/>\n\t<meta property=\"og:image:height\" content=\"1600\" \/>\n\t<meta property=\"og:image:type\" content=\"image\/jpeg\" \/>\n<meta name=\"twitter:card\" content=\"summary_large_image\" \/>\n<meta name=\"twitter:label1\" content=\"Est. reading time\" \/>\n\t<meta name=\"twitter:data1\" content=\"1 minut\" \/>\n<script type=\"application\/ld+json\" class=\"yoast-schema-graph\">{\"@context\":\"https:\/\/schema.org\",\"@graph\":[{\"@type\":\"WebPage\",\"@id\":\"https:\/\/baubauwall.com\/et\/toode\/tapeet-lotte-laheb-peole\/\",\"url\":\"https:\/\/baubauwall.com\/et\/toode\/tapeet-lotte-laheb-peole\/\",\"name\":\"Lotte tapeet lastetuppa. Disaintapeet Lotte l\u00e4heb peole\",\"isPartOf\":{\"@id\":\"https:\/\/baubauwall.com\/et\/#website\"},\"primaryImageOfPage\":{\"@id\":\"https:\/\/baubauwall.com\/et\/toode\/tapeet-lotte-laheb-peole\/#primaryimage\"},\"image\":{\"@id\":\"https:\/\/baubauwall.com\/et\/toode\/tapeet-lotte-laheb-peole\/#primaryimage\"},\"thumbnailUrl\":\"https:\/\/baubauwall.com\/wp-content\/uploads\/2022\/11\/51100365_LotteGoesPartying_Baubauwall_Wallpaper_room7.jpg\",\"datePublished\":\"2022-11-07T13:15:11+00:00\",\"dateModified\":\"2025-05-30T09:16:04+00:00\",\"description\":\"Lotte tapeet lastetuppa. Valgel taustal, kordusmustriga lastetoa tapeet. L\u00f6\u00f6 oma lastetoa sein lapselikult s\u00e4rama! Nutikad tapeedid nagu Lotte.\",\"breadcrumb\":{\"@id\":\"https:\/\/baubauwall.com\/et\/toode\/tapeet-lotte-laheb-peole\/#breadcrumb\"},\"inLanguage\":\"et\",\"potentialAction\":[{\"@type\":\"ReadAction\",\"target\":[\"https:\/\/baubauwall.com\/et\/toode\/tapeet-lotte-laheb-peole\/\"]}]},{\"@type\":\"ImageObject\",\"inLanguage\":\"et\",\"@id\":\"https:\/\/baubauwall.com\/et\/toode\/tapeet-lotte-laheb-peole\/#primaryimage\",\"url\":\"https:\/\/baubauwall.com\/wp-content\/uploads\/2022\/11\/51100365_LotteGoesPartying_Baubauwall_Wallpaper_room7.jpg\",\"contentUrl\":\"https:\/\/baubauwall.com\/wp-content\/uploads\/2022\/11\/51100365_LotteGoesPartying_Baubauwall_Wallpaper_room7.jpg\",\"width\":2407,\"height\":1600},{\"@type\":\"BreadcrumbList\",\"@id\":\"https:\/\/baubauwall.com\/et\/toode\/tapeet-lotte-laheb-peole\/#breadcrumb\",\"itemListElement\":[{\"@type\":\"ListItem\",\"position\":1,\"name\":\"Koju\",\"item\":\"https:\/\/baubauwall.com\/et\/\"},{\"@type\":\"ListItem\",\"position\":2,\"name\":\"Tapeedid\",\"item\":\"https:\/\/baubauwall.com\/et\/tapeedid\/\"},{\"@type\":\"ListItem\",\"position\":3,\"name\":\"Lotte l\u00e4heb peole\"}]},{\"@type\":\"WebSite\",\"@id\":\"https:\/\/baubauwall.com\/et\/#website\",\"url\":\"https:\/\/baubauwall.com\/et\/\",\"name\":\"BAUBAUWALL Wallpapers\",\"description\":\"Valmis paanides tapeet Eestist!\",\"publisher\":{\"@id\":\"https:\/\/baubauwall.com\/et\/#organization\"},\"potentialAction\":[{\"@type\":\"SearchAction\",\"target\":{\"@type\":\"EntryPoint\",\"urlTemplate\":\"https:\/\/baubauwall.com\/et\/?s={search_term_string}\"},\"query-input\":{\"@type\":\"PropertyValueSpecification\",\"valueRequired\":true,\"valueName\":\"search_term_string\"}}],\"inLanguage\":\"et\"},{\"@type\":\"Organization\",\"@id\":\"https:\/\/baubauwall.com\/et\/#organization\",\"name\":\"BAUBAUWALL Wallpapers\",\"url\":\"https:\/\/baubauwall.com\/et\/\",\"logo\":{\"@type\":\"ImageObject\",\"inLanguage\":\"et\",\"@id\":\"https:\/\/baubauwall.com\/et\/#\/schema\/logo\/image\/\",\"url\":\"https:\/\/baubauwall.com\/wp-content\/uploads\/2022\/03\/logo-horizontal.svg\",\"contentUrl\":\"https:\/\/baubauwall.com\/wp-content\/uploads\/2022\/03\/logo-horizontal.svg\",\"width\":\"1024\",\"height\":\"1024\",\"caption\":\"BAUBAUWALL Wallpapers\"},\"image\":{\"@id\":\"https:\/\/baubauwall.com\/et\/#\/schema\/logo\/image\/\"},\"sameAs\":[\"https:\/\/www.facebook.com\/Baubauwall\",\"https:\/\/www.instagram.com\/baubauwall\"]}]}<\/script>\n<!-- \/ Yoast SEO plugin. -->","yoast_head_json":{"title":"Lotte tapeet lastetuppa. Disaintapeet Lotte l\u00e4heb peole","description":"Lotte tapeet lastetuppa. Valgel taustal, kordusmustriga lastetoa tapeet. L\u00f6\u00f6 oma lastetoa sein lapselikult s\u00e4rama! Nutikad tapeedid nagu Lotte.","robots":{"index":"index","follow":"follow","max-snippet":"max-snippet:-1","max-image-preview":"max-image-preview:large","max-video-preview":"max-video-preview:-1"},"canonical":"https:\/\/baubauwall.com\/et\/toode\/tapeet-lotte-laheb-peole\/","og_locale":"et_EE","og_type":"article","og_title":"Lotte tapeet lastetuppa. Disaintapeet Lotte l\u00e4heb peole","og_description":"Lotte tapeet lastetuppa. Valgel taustal, kordusmustriga lastetoa tapeet. L\u00f6\u00f6 oma lastetoa sein lapselikult s\u00e4rama! Nutikad tapeedid nagu Lotte.","og_url":"https:\/\/baubauwall.com\/et\/toode\/tapeet-lotte-laheb-peole\/","og_site_name":"BAUBAUWALL TAPEEDID","article_publisher":"https:\/\/www.facebook.com\/Baubauwall","article_modified_time":"2025-05-30T09:16:04+00:00","og_image":[{"width":2407,"height":1600,"url":"https:\/\/baubauwall.com\/wp-content\/uploads\/2022\/11\/51100365_LotteGoesPartying_Baubauwall_Wallpaper_room7.jpg","type":"image\/jpeg"}],"twitter_card":"summary_large_image","twitter_misc":{"Est. reading time":"1 minut"},"schema":{"@context":"https:\/\/schema.org","@graph":[{"@type":"WebPage","@id":"https:\/\/baubauwall.com\/et\/toode\/tapeet-lotte-laheb-peole\/","url":"https:\/\/baubauwall.com\/et\/toode\/tapeet-lotte-laheb-peole\/","name":"Lotte tapeet lastetuppa. Disaintapeet Lotte l\u00e4heb peole","isPartOf":{"@id":"https:\/\/baubauwall.com\/et\/#website"},"primaryImageOfPage":{"@id":"https:\/\/baubauwall.com\/et\/toode\/tapeet-lotte-laheb-peole\/#primaryimage"},"image":{"@id":"https:\/\/baubauwall.com\/et\/toode\/tapeet-lotte-laheb-peole\/#primaryimage"},"thumbnailUrl":"https:\/\/baubauwall.com\/wp-content\/uploads\/2022\/11\/51100365_LotteGoesPartying_Baubauwall_Wallpaper_room7.jpg","datePublished":"2022-11-07T13:15:11+00:00","dateModified":"2025-05-30T09:16:04+00:00","description":"Lotte tapeet lastetuppa. Valgel taustal, kordusmustriga lastetoa tapeet. L\u00f6\u00f6 oma lastetoa sein lapselikult s\u00e4rama! Nutikad tapeedid nagu Lotte.","breadcrumb":{"@id":"https:\/\/baubauwall.com\/et\/toode\/tapeet-lotte-laheb-peole\/#breadcrumb"},"inLanguage":"et","potentialAction":[{"@type":"ReadAction","target":["https:\/\/baubauwall.com\/et\/toode\/tapeet-lotte-laheb-peole\/"]}]},{"@type":"ImageObject","inLanguage":"et","@id":"https:\/\/baubauwall.com\/et\/toode\/tapeet-lotte-laheb-peole\/#primaryimage","url":"https:\/\/baubauwall.com\/wp-content\/uploads\/2022\/11\/51100365_LotteGoesPartying_Baubauwall_Wallpaper_room7.jpg","contentUrl":"https:\/\/baubauwall.com\/wp-content\/uploads\/2022\/11\/51100365_LotteGoesPartying_Baubauwall_Wallpaper_room7.jpg","width":2407,"height":1600},{"@type":"BreadcrumbList","@id":"https:\/\/baubauwall.com\/et\/toode\/tapeet-lotte-laheb-peole\/#breadcrumb","itemListElement":[{"@type":"ListItem","position":1,"name":"Koju","item":"https:\/\/baubauwall.com\/et\/"},{"@type":"ListItem","position":2,"name":"Tapeedid","item":"https:\/\/baubauwall.com\/et\/tapeedid\/"},{"@type":"ListItem","position":3,"name":"Lotte l\u00e4heb peole"}]},{"@type":"WebSite","@id":"https:\/\/baubauwall.com\/et\/#website","url":"https:\/\/baubauwall.com\/et\/","name":"BAUBAUWALL Wallpapers","description":"Valmis paanides tapeet Eestist!","publisher":{"@id":"https:\/\/baubauwall.com\/et\/#organization"},"potentialAction":[{"@type":"SearchAction","target":{"@type":"EntryPoint","urlTemplate":"https:\/\/baubauwall.com\/et\/?s={search_term_string}"},"query-input":{"@type":"PropertyValueSpecification","valueRequired":true,"valueName":"search_term_string"}}],"inLanguage":"et"},{"@type":"Organization","@id":"https:\/\/baubauwall.com\/et\/#organization","name":"BAUBAUWALL Wallpapers","url":"https:\/\/baubauwall.com\/et\/","logo":{"@type":"ImageObject","inLanguage":"et","@id":"https:\/\/baubauwall.com\/et\/#\/schema\/logo\/image\/","url":"https:\/\/baubauwall.com\/wp-content\/uploads\/2022\/03\/logo-horizontal.svg","contentUrl":"https:\/\/baubauwall.com\/wp-content\/uploads\/2022\/03\/logo-horizontal.svg","width":"1024","height":"1024","caption":"BAUBAUWALL Wallpapers"},"image":{"@id":"https:\/\/baubauwall.com\/et\/#\/schema\/logo\/image\/"},"sameAs":["https:\/\/www.facebook.com\/Baubauwall","https:\/\/www.instagram.com\/baubauwall"]}]}},"jetpack_sharing_enabled":true,"_links":{"self":[{"href":"https:\/\/baubauwall.com\/et\/wp-json\/wp\/v2\/product\/29205","targetHints":{"allow":["GET"]}}],"collection":[{"href":"https:\/\/baubauwall.com\/et\/wp-json\/wp\/v2\/product"}],"about":[{"href":"https:\/\/baubauwall.com\/et\/wp-json\/wp\/v2\/types\/product"}],"replies":[{"embeddable":true,"href":"https:\/\/baubauwall.com\/et\/wp-json\/wp\/v2\/comments?post=29205"}],"wp:featuredmedia":[{"embeddable":true,"href":"https:\/\/baubauwall.com\/et\/wp-json\/wp\/v2\/media\/29188"}],"wp:attachment":[{"href":"https:\/\/baubauwall.com\/et\/wp-json\/wp\/v2\/media?parent=29205"}],"wp:term":[{"taxonomy":"product_brand","embeddable":true,"href":"https:\/\/baubauwall.com\/et\/wp-json\/wp\/v2\/product_brand?post=29205"},{"taxonomy":"product_cat","embeddable":true,"href":"https:\/\/baubauwall.com\/et\/wp-json\/wp\/v2\/product_cat?post=29205"},{"taxonomy":"product_tag","embeddable":true,"href":"https:\/\/baubauwall.com\/et\/wp-json\/wp\/v2\/product_tag?post=29205"}],"curies":[{"name":"wp","href":"https:\/\/api.w.org\/{rel}","templated":true}]}}