{"id":29224,"date":"2023-05-13T10:53:20","date_gmt":"2023-05-13T08:53:20","guid":{"rendered":"https:\/\/baubauwall.com\/?post_type=product&#038;p=29224"},"modified":"2023-06-02T11:55:45","modified_gmt":"2023-06-02T09:55:45","slug":"tapeet-lotte-laheb-tantsima-beez","status":"publish","type":"product","link":"https:\/\/baubauwall.com\/et\/toode\/tapeet-lotte-laheb-tantsima-beez\/","title":{"rendered":"Lotte l\u00e4heb tantsima &#8211; bee\u017e"},"content":{"rendered":"<p>Armastatud Lotte v\u00f5iks olla Sinu lapse toa tapeedil! Kordusmustriga tapeet lastetuppa bee\u017eil taustal, millelt leiad koerat\u00fcdruk Lotte. Kordusmustriga bee\u017e tapeet sobib h\u00e4sti nii mitmele seinale kui \u00fchele v\u00e4iksemale seinale aktsendiks.<\/p>\n<p>Kas on m\u00f5ni laps, kes ei tunne Leiutajatek\u00fcla Lottet? Koost\u00f6\u00f6s Eesti Joonisfilmi, autorite Heiki Ernitsa, Janno P\u00f5ldma ja Baubauwalliga on ainulaadsed tegelased joonistatud lastetoa tapeetidele. Lotte tapeedid lastele on t\u00e4is naljakaid olukordi, headust ning \u00f5petlikkust. Samasugune v\u00f5iks olla ju lastetuba, mille sentele see k\u00f5ik talletatud on!<\/p>\n<p>Kohe p\u00e4ris kindlasti ei meeldi Lottele \u00fcleliigne pr\u00fcgi ja \u00fcle\u00fcldse, maailmas peaks olema rohkem headust ning lihtsust. Me m\u00f5tleme samamoodi. Nii Lotte tapeedid kui ka meie muud tapeedid on tr\u00fckitud k<a href=\"https:\/\/baubauwall.com\/et\/keskkonnasobralikud-tapeedid\/\" target=\"_blank\" rel=\"noopener\">eskkonnas\u00f5bralike v\u00e4rvidega<\/a>, hingavale fliistapeedi materjalile, mis ei l\u00e4igi ja on lihtne paigaldada. Sinu uus Lotte tapeet tuleb valmis l\u00f5igatud ning nummerdatud paanides, mis on t\u00e4pselt nii k\u00f5rged, kui Sinu sein. Ei mingit \u00fcleliigset pr\u00fcgi.<\/p>\n<p>&nbsp;<\/p>\n","protected":false},"excerpt":{"rendered":"<p>Armastatud Lotte v\u00f5iks olla Sinu lapse toa tapeedil! Kordusmustriga tapeet lastetuppa bee\u017eil taustal, millelt leiad koerat\u00fcdruk Lotte. Kordusmustriga bee\u017e tapeet sobib h\u00e4sti nii mitmele seinale kui \u00fchele v\u00e4iksemale seinale aktsendiks. Kas on m\u00f5ni laps, kes ei tunne Leiutajatek\u00fcla Lottet? Koost\u00f6\u00f6s Eesti Joonisfilmi, autorite Heiki Ernitsa, Janno P\u00f5ldma ja Baubauwalliga on ainulaadsed tegelased joonistatud lastetoa tapeetidele. [&hellip;]<\/p>\n","protected":false},"featured_media":29238,"comment_status":"open","ping_status":"closed","template":"","meta":{"_acf_changed":false,"inline_featured_image":false},"product_brand":[],"product_cat":[652,386,273,410,400,699,255,715],"product_tag":[349,695,654,324],"class_list":{"0":"post-29224","1":"product","2":"type-product","3":"status-publish","4":"has-post-thumbnail","6":"product_cat-lotte-tapeedid","7":"product_cat-kordusmustriga-tapeedid","8":"product_cat-heledad-tapeedid","9":"product_cat-valge-tapeedid","10":"product_cat-lastetoa-tapeedid","11":"product_cat-eesti-disain-tapeedid","12":"product_cat-loomad","13":"product_cat-soodsad-tapeedid-leiunurk","14":"product_tag-beebituba","15":"product_tag-eesti-disain-tapeedid","16":"product_tag-lotte-tapeedid-lastele","17":"product_tag-tudruku-tuba","18":"pa_designedby-heiki-ernits-janno-poldma","20":"first","21":"instock","22":"sale","23":"taxable","24":"shipping-taxable","25":"purchasable","26":"product-type-simple"},"acf":[],"yoast_head":"<!-- This site is optimized with the Yoast SEO plugin v25.9 - https:\/\/yoast.com\/wordpress\/plugins\/seo\/ -->\n<title>Lotte tapeedikollektsioon. Lotte l\u00e4heb tantsima tapeet. Bee\u017e<\/title>\n<meta name=\"description\" content=\"Lotte tapeet bee\u017eil taustal. Kordusmustriga tapeet lastetuppa. L\u00f6\u00f6 oma lastetoa sein lapselikult s\u00e4rama uue Lotte tapeediga. Nutikad tapeedid nagu Lotte.\" \/>\n<meta name=\"robots\" content=\"index, follow, max-snippet:-1, max-image-preview:large, max-video-preview:-1\" \/>\n<link rel=\"canonical\" href=\"https:\/\/baubauwall.com\/et\/toode\/tapeet-lotte-laheb-tantsima-beez\/\" \/>\n<meta property=\"og:locale\" content=\"et_EE\" \/>\n<meta property=\"og:type\" content=\"article\" \/>\n<meta property=\"og:title\" content=\"Lotte tapeedikollektsioon. Lotte l\u00e4heb tantsima tapeet. Bee\u017e\" \/>\n<meta property=\"og:description\" content=\"Lotte tapeet bee\u017eil taustal. Kordusmustriga tapeet lastetuppa. L\u00f6\u00f6 oma lastetoa sein lapselikult s\u00e4rama uue Lotte tapeediga. Nutikad tapeedid nagu Lotte.\" \/>\n<meta property=\"og:url\" content=\"https:\/\/baubauwall.com\/et\/toode\/tapeet-lotte-laheb-tantsima-beez\/\" \/>\n<meta property=\"og:site_name\" content=\"BAUBAUWALL TAPEEDID\" \/>\n<meta property=\"article:publisher\" content=\"https:\/\/www.facebook.com\/Baubauwall\" \/>\n<meta property=\"article:modified_time\" content=\"2023-06-02T09:55:45+00:00\" \/>\n<meta property=\"og:image\" content=\"https:\/\/baubauwall.com\/wp-content\/uploads\/2023\/05\/51100363_LotteGoesDancing-beige_Baubauwall_Wallpaper_room6.jpg\" \/>\n\t<meta property=\"og:image:width\" content=\"2350\" \/>\n\t<meta property=\"og:image:height\" content=\"1600\" \/>\n\t<meta property=\"og:image:type\" content=\"image\/jpeg\" \/>\n<meta name=\"twitter:card\" content=\"summary_large_image\" \/>\n<meta name=\"twitter:label1\" content=\"Est. reading time\" \/>\n\t<meta name=\"twitter:data1\" content=\"1 minut\" \/>\n<script type=\"application\/ld+json\" class=\"yoast-schema-graph\">{\"@context\":\"https:\/\/schema.org\",\"@graph\":[{\"@type\":\"WebPage\",\"@id\":\"https:\/\/baubauwall.com\/et\/toode\/tapeet-lotte-laheb-tantsima-beez\/\",\"url\":\"https:\/\/baubauwall.com\/et\/toode\/tapeet-lotte-laheb-tantsima-beez\/\",\"name\":\"Lotte tapeedikollektsioon. Lotte l\u00e4heb tantsima tapeet. Bee\u017e\",\"isPartOf\":{\"@id\":\"https:\/\/baubauwall.com\/et\/#website\"},\"primaryImageOfPage\":{\"@id\":\"https:\/\/baubauwall.com\/et\/toode\/tapeet-lotte-laheb-tantsima-beez\/#primaryimage\"},\"image\":{\"@id\":\"https:\/\/baubauwall.com\/et\/toode\/tapeet-lotte-laheb-tantsima-beez\/#primaryimage\"},\"thumbnailUrl\":\"https:\/\/baubauwall.com\/wp-content\/uploads\/2023\/05\/51100363_LotteGoesDancing-beige_Baubauwall_Wallpaper_room6.jpg\",\"datePublished\":\"2023-05-13T08:53:20+00:00\",\"dateModified\":\"2023-06-02T09:55:45+00:00\",\"description\":\"Lotte tapeet bee\u017eil taustal. Kordusmustriga tapeet lastetuppa. L\u00f6\u00f6 oma lastetoa sein lapselikult s\u00e4rama uue Lotte tapeediga. Nutikad tapeedid nagu Lotte.\",\"breadcrumb\":{\"@id\":\"https:\/\/baubauwall.com\/et\/toode\/tapeet-lotte-laheb-tantsima-beez\/#breadcrumb\"},\"inLanguage\":\"et\",\"potentialAction\":[{\"@type\":\"ReadAction\",\"target\":[\"https:\/\/baubauwall.com\/et\/toode\/tapeet-lotte-laheb-tantsima-beez\/\"]}]},{\"@type\":\"ImageObject\",\"inLanguage\":\"et\",\"@id\":\"https:\/\/baubauwall.com\/et\/toode\/tapeet-lotte-laheb-tantsima-beez\/#primaryimage\",\"url\":\"https:\/\/baubauwall.com\/wp-content\/uploads\/2023\/05\/51100363_LotteGoesDancing-beige_Baubauwall_Wallpaper_room6.jpg\",\"contentUrl\":\"https:\/\/baubauwall.com\/wp-content\/uploads\/2023\/05\/51100363_LotteGoesDancing-beige_Baubauwall_Wallpaper_room6.jpg\",\"width\":2350,\"height\":1600},{\"@type\":\"BreadcrumbList\",\"@id\":\"https:\/\/baubauwall.com\/et\/toode\/tapeet-lotte-laheb-tantsima-beez\/#breadcrumb\",\"itemListElement\":[{\"@type\":\"ListItem\",\"position\":1,\"name\":\"Koju\",\"item\":\"https:\/\/baubauwall.com\/et\/\"},{\"@type\":\"ListItem\",\"position\":2,\"name\":\"Tapeedid\",\"item\":\"https:\/\/baubauwall.com\/et\/tapeedid\/\"},{\"@type\":\"ListItem\",\"position\":3,\"name\":\"Lotte l\u00e4heb tantsima &#8211; bee\u017e\"}]},{\"@type\":\"WebSite\",\"@id\":\"https:\/\/baubauwall.com\/et\/#website\",\"url\":\"https:\/\/baubauwall.com\/et\/\",\"name\":\"BAUBAUWALL Wallpapers\",\"description\":\"Valmis paanides tapeet Eestist!\",\"publisher\":{\"@id\":\"https:\/\/baubauwall.com\/et\/#organization\"},\"potentialAction\":[{\"@type\":\"SearchAction\",\"target\":{\"@type\":\"EntryPoint\",\"urlTemplate\":\"https:\/\/baubauwall.com\/et\/?s={search_term_string}\"},\"query-input\":{\"@type\":\"PropertyValueSpecification\",\"valueRequired\":true,\"valueName\":\"search_term_string\"}}],\"inLanguage\":\"et\"},{\"@type\":\"Organization\",\"@id\":\"https:\/\/baubauwall.com\/et\/#organization\",\"name\":\"BAUBAUWALL Wallpapers\",\"url\":\"https:\/\/baubauwall.com\/et\/\",\"logo\":{\"@type\":\"ImageObject\",\"inLanguage\":\"et\",\"@id\":\"https:\/\/baubauwall.com\/et\/#\/schema\/logo\/image\/\",\"url\":\"https:\/\/baubauwall.com\/wp-content\/uploads\/2022\/03\/logo-horizontal.svg\",\"contentUrl\":\"https:\/\/baubauwall.com\/wp-content\/uploads\/2022\/03\/logo-horizontal.svg\",\"width\":\"1024\",\"height\":\"1024\",\"caption\":\"BAUBAUWALL Wallpapers\"},\"image\":{\"@id\":\"https:\/\/baubauwall.com\/et\/#\/schema\/logo\/image\/\"},\"sameAs\":[\"https:\/\/www.facebook.com\/Baubauwall\",\"https:\/\/www.instagram.com\/baubauwall\"]}]}<\/script>\n<!-- \/ Yoast SEO plugin. -->","yoast_head_json":{"title":"Lotte tapeedikollektsioon. Lotte l\u00e4heb tantsima tapeet. Bee\u017e","description":"Lotte tapeet bee\u017eil taustal. Kordusmustriga tapeet lastetuppa. L\u00f6\u00f6 oma lastetoa sein lapselikult s\u00e4rama uue Lotte tapeediga. Nutikad tapeedid nagu Lotte.","robots":{"index":"index","follow":"follow","max-snippet":"max-snippet:-1","max-image-preview":"max-image-preview:large","max-video-preview":"max-video-preview:-1"},"canonical":"https:\/\/baubauwall.com\/et\/toode\/tapeet-lotte-laheb-tantsima-beez\/","og_locale":"et_EE","og_type":"article","og_title":"Lotte tapeedikollektsioon. Lotte l\u00e4heb tantsima tapeet. Bee\u017e","og_description":"Lotte tapeet bee\u017eil taustal. Kordusmustriga tapeet lastetuppa. L\u00f6\u00f6 oma lastetoa sein lapselikult s\u00e4rama uue Lotte tapeediga. Nutikad tapeedid nagu Lotte.","og_url":"https:\/\/baubauwall.com\/et\/toode\/tapeet-lotte-laheb-tantsima-beez\/","og_site_name":"BAUBAUWALL TAPEEDID","article_publisher":"https:\/\/www.facebook.com\/Baubauwall","article_modified_time":"2023-06-02T09:55:45+00:00","og_image":[{"width":2350,"height":1600,"url":"https:\/\/baubauwall.com\/wp-content\/uploads\/2023\/05\/51100363_LotteGoesDancing-beige_Baubauwall_Wallpaper_room6.jpg","type":"image\/jpeg"}],"twitter_card":"summary_large_image","twitter_misc":{"Est. reading time":"1 minut"},"schema":{"@context":"https:\/\/schema.org","@graph":[{"@type":"WebPage","@id":"https:\/\/baubauwall.com\/et\/toode\/tapeet-lotte-laheb-tantsima-beez\/","url":"https:\/\/baubauwall.com\/et\/toode\/tapeet-lotte-laheb-tantsima-beez\/","name":"Lotte tapeedikollektsioon. Lotte l\u00e4heb tantsima tapeet. Bee\u017e","isPartOf":{"@id":"https:\/\/baubauwall.com\/et\/#website"},"primaryImageOfPage":{"@id":"https:\/\/baubauwall.com\/et\/toode\/tapeet-lotte-laheb-tantsima-beez\/#primaryimage"},"image":{"@id":"https:\/\/baubauwall.com\/et\/toode\/tapeet-lotte-laheb-tantsima-beez\/#primaryimage"},"thumbnailUrl":"https:\/\/baubauwall.com\/wp-content\/uploads\/2023\/05\/51100363_LotteGoesDancing-beige_Baubauwall_Wallpaper_room6.jpg","datePublished":"2023-05-13T08:53:20+00:00","dateModified":"2023-06-02T09:55:45+00:00","description":"Lotte tapeet bee\u017eil taustal. Kordusmustriga tapeet lastetuppa. L\u00f6\u00f6 oma lastetoa sein lapselikult s\u00e4rama uue Lotte tapeediga. Nutikad tapeedid nagu Lotte.","breadcrumb":{"@id":"https:\/\/baubauwall.com\/et\/toode\/tapeet-lotte-laheb-tantsima-beez\/#breadcrumb"},"inLanguage":"et","potentialAction":[{"@type":"ReadAction","target":["https:\/\/baubauwall.com\/et\/toode\/tapeet-lotte-laheb-tantsima-beez\/"]}]},{"@type":"ImageObject","inLanguage":"et","@id":"https:\/\/baubauwall.com\/et\/toode\/tapeet-lotte-laheb-tantsima-beez\/#primaryimage","url":"https:\/\/baubauwall.com\/wp-content\/uploads\/2023\/05\/51100363_LotteGoesDancing-beige_Baubauwall_Wallpaper_room6.jpg","contentUrl":"https:\/\/baubauwall.com\/wp-content\/uploads\/2023\/05\/51100363_LotteGoesDancing-beige_Baubauwall_Wallpaper_room6.jpg","width":2350,"height":1600},{"@type":"BreadcrumbList","@id":"https:\/\/baubauwall.com\/et\/toode\/tapeet-lotte-laheb-tantsima-beez\/#breadcrumb","itemListElement":[{"@type":"ListItem","position":1,"name":"Koju","item":"https:\/\/baubauwall.com\/et\/"},{"@type":"ListItem","position":2,"name":"Tapeedid","item":"https:\/\/baubauwall.com\/et\/tapeedid\/"},{"@type":"ListItem","position":3,"name":"Lotte l\u00e4heb tantsima &#8211; bee\u017e"}]},{"@type":"WebSite","@id":"https:\/\/baubauwall.com\/et\/#website","url":"https:\/\/baubauwall.com\/et\/","name":"BAUBAUWALL Wallpapers","description":"Valmis paanides tapeet Eestist!","publisher":{"@id":"https:\/\/baubauwall.com\/et\/#organization"},"potentialAction":[{"@type":"SearchAction","target":{"@type":"EntryPoint","urlTemplate":"https:\/\/baubauwall.com\/et\/?s={search_term_string}"},"query-input":{"@type":"PropertyValueSpecification","valueRequired":true,"valueName":"search_term_string"}}],"inLanguage":"et"},{"@type":"Organization","@id":"https:\/\/baubauwall.com\/et\/#organization","name":"BAUBAUWALL Wallpapers","url":"https:\/\/baubauwall.com\/et\/","logo":{"@type":"ImageObject","inLanguage":"et","@id":"https:\/\/baubauwall.com\/et\/#\/schema\/logo\/image\/","url":"https:\/\/baubauwall.com\/wp-content\/uploads\/2022\/03\/logo-horizontal.svg","contentUrl":"https:\/\/baubauwall.com\/wp-content\/uploads\/2022\/03\/logo-horizontal.svg","width":"1024","height":"1024","caption":"BAUBAUWALL Wallpapers"},"image":{"@id":"https:\/\/baubauwall.com\/et\/#\/schema\/logo\/image\/"},"sameAs":["https:\/\/www.facebook.com\/Baubauwall","https:\/\/www.instagram.com\/baubauwall"]}]}},"jetpack_sharing_enabled":true,"_links":{"self":[{"href":"https:\/\/baubauwall.com\/et\/wp-json\/wp\/v2\/product\/29224","targetHints":{"allow":["GET"]}}],"collection":[{"href":"https:\/\/baubauwall.com\/et\/wp-json\/wp\/v2\/product"}],"about":[{"href":"https:\/\/baubauwall.com\/et\/wp-json\/wp\/v2\/types\/product"}],"replies":[{"embeddable":true,"href":"https:\/\/baubauwall.com\/et\/wp-json\/wp\/v2\/comments?post=29224"}],"wp:featuredmedia":[{"embeddable":true,"href":"https:\/\/baubauwall.com\/et\/wp-json\/wp\/v2\/media\/29238"}],"wp:attachment":[{"href":"https:\/\/baubauwall.com\/et\/wp-json\/wp\/v2\/media?parent=29224"}],"wp:term":[{"taxonomy":"product_brand","embeddable":true,"href":"https:\/\/baubauwall.com\/et\/wp-json\/wp\/v2\/product_brand?post=29224"},{"taxonomy":"product_cat","embeddable":true,"href":"https:\/\/baubauwall.com\/et\/wp-json\/wp\/v2\/product_cat?post=29224"},{"taxonomy":"product_tag","embeddable":true,"href":"https:\/\/baubauwall.com\/et\/wp-json\/wp\/v2\/product_tag?post=29224"}],"curies":[{"name":"wp","href":"https:\/\/api.w.org\/{rel}","templated":true}]}}