{"id":29339,"date":"2023-05-15T12:30:09","date_gmt":"2023-05-15T10:30:09","guid":{"rendered":"https:\/\/baubauwall.com\/?post_type=product&#038;p=29339"},"modified":"2023-06-02T12:00:34","modified_gmt":"2023-06-02T10:00:34","slug":"tapeet-lotte-ja-parimad-sobrad-beez","status":"publish","type":"product","link":"https:\/\/baubauwall.com\/et\/toode\/tapeet-lotte-ja-parimad-sobrad-beez\/","title":{"rendered":"Lotte ja parimad s\u00f5brad &#8211; bee\u017e"},"content":{"rendered":"<p>Kordusmustriga bee\u017e tapeet lastetuppa, millelt leiad nii tuttavad ja armastatud Lotte, tema parimad s\u00f5brad kassipoja Bruno, j\u00e4nku Alberti ning p\u00f5rsapoja. Lastetoa tapeet, mis on disainitud universaalse bee\u017ei tooniga sobimaks toa muu sisustusega. Sest tihti on just lastetuba t\u00e4is m\u00e4nguasju ja muid kirjuid elemente.<\/p>\n<p>Kas on m\u00f5ni laps, kes ei tunneks Leiutajatek\u00fcla Lottet? Koost\u00f6\u00f6s Eesti Joonisfilmi, autorite Heiki Ernitsa, Janno P\u00f5ldma ja Baubauwalliga on ainulaadsed tegelased joonistatud lastetoa tapeetidele. Lotte tapeedid ja pilttapeedid lastele on t\u00e4is naljakaid olukordi, headust ning \u00f5petlikkust. Samasugune v\u00f5iks olla ju lastetuba, mille sentele see k\u00f5ik talletatud on!<\/p>\n<p>Kohe p\u00e4ris kindlasti ei meeldi Lottele \u00fcleliigne pr\u00fcgi ja \u00fcle\u00fcldse, maailmas peaks olema rohkem headust ning lihtsust. Me m\u00f5tleme samamoodi. Nii Lotte tapeedid kui ka meie muud tapeedid on tr\u00fckitud <a href=\"https:\/\/baubauwall.com\/et\/keskkonnasobralikud-tapeedid\/\" target=\"_blank\" rel=\"noopener\">keskkonnas\u00f5bralike v\u00e4rvidega<\/a>, hingavale fliistapeedi materjalile, mis ei l\u00e4igi ja on lihtne paigaldada. Sinu uus Lotte tapeet tuleb valmis l\u00f5igatud ning nummerdatud paanides, mis on t\u00e4pselt nii k\u00f5rged, kui Sinu sein. Ei mingit \u00fcleliigset pr\u00fcgi.<\/p>\n<p>&nbsp;<\/p>\n","protected":false},"excerpt":{"rendered":"<p>Kordusmustriga bee\u017e tapeet lastetuppa, millelt leiad nii tuttavad ja armastatud Lotte, tema parimad s\u00f5brad kassipoja Bruno, j\u00e4nku Alberti ning p\u00f5rsapoja. Lastetoa tapeet, mis on disainitud universaalse bee\u017ei tooniga sobimaks toa muu sisustusega. Sest tihti on just lastetuba t\u00e4is m\u00e4nguasju ja muid kirjuid elemente. Kas on m\u00f5ni laps, kes ei tunneks Leiutajatek\u00fcla Lottet? Koost\u00f6\u00f6s Eesti Joonisfilmi, [&hellip;]<\/p>\n","protected":false},"featured_media":29359,"comment_status":"open","ping_status":"closed","template":"","meta":{"_acf_changed":false,"inline_featured_image":false},"product_brand":[],"product_cat":[652,386,396,265,273,400,699,255,715],"product_tag":[349,695,654,308,324],"class_list":{"0":"post-29339","1":"product","2":"type-product","3":"status-publish","4":"has-post-thumbnail","6":"product_cat-lotte-tapeedid","7":"product_cat-kordusmustriga-tapeedid","8":"product_cat-skandinaavia","9":"product_cat-beezid-tapeedid","10":"product_cat-heledad-tapeedid","11":"product_cat-lastetoa-tapeedid","12":"product_cat-eesti-disain-tapeedid","13":"product_cat-loomad","14":"product_cat-soodsad-tapeedid-leiunurk","15":"product_tag-beebituba","16":"product_tag-eesti-disain-tapeedid","17":"product_tag-lotte-tapeedid-lastele","18":"product_tag-poiste-tuba","19":"product_tag-tudruku-tuba","20":"pa_designedby-heiki-ernits-janno-poldma","22":"first","23":"instock","24":"sale","25":"taxable","26":"shipping-taxable","27":"purchasable","28":"product-type-simple"},"acf":[],"yoast_head":"<!-- This site is optimized with the Yoast SEO plugin v25.9 - https:\/\/yoast.com\/wordpress\/plugins\/seo\/ -->\n<title>Bee\u017e lastetoa tapeet Bruno, Lotte ja Albert. Lotte tapeedid<\/title>\n<meta name=\"description\" content=\"Lastetoa tapeet koerat\u00fcdruk Lotte ja parimad s\u00f5brad. Bee\u017e tapeet lastetuppa, mis toob naeratuse n\u00e4ole ka Lottele! Valmis paigalduseks tapeedid\" \/>\n<meta name=\"robots\" content=\"index, follow, max-snippet:-1, max-image-preview:large, max-video-preview:-1\" \/>\n<link rel=\"canonical\" href=\"https:\/\/baubauwall.com\/et\/toode\/tapeet-lotte-ja-parimad-sobrad-beez\/\" \/>\n<meta property=\"og:locale\" content=\"et_EE\" \/>\n<meta property=\"og:type\" content=\"article\" \/>\n<meta property=\"og:title\" content=\"Bee\u017e lastetoa tapeet Bruno, Lotte ja Albert. Lotte tapeedid\" \/>\n<meta property=\"og:description\" content=\"Lastetoa tapeet koerat\u00fcdruk Lotte ja parimad s\u00f5brad. Bee\u017e tapeet lastetuppa, mis toob naeratuse n\u00e4ole ka Lottele! Valmis paigalduseks tapeedid\" \/>\n<meta property=\"og:url\" content=\"https:\/\/baubauwall.com\/et\/toode\/tapeet-lotte-ja-parimad-sobrad-beez\/\" \/>\n<meta property=\"og:site_name\" content=\"BAUBAUWALL TAPEEDID\" \/>\n<meta property=\"article:publisher\" content=\"https:\/\/www.facebook.com\/Baubauwall\" \/>\n<meta property=\"article:modified_time\" content=\"2023-06-02T10:00:34+00:00\" \/>\n<meta property=\"og:image\" content=\"https:\/\/baubauwall.com\/wp-content\/uploads\/2023\/05\/51100357_LotteAndBestFriends-beige_Baubauwall_Wallpaper_room09.jpg\" \/>\n\t<meta property=\"og:image:width\" content=\"2400\" \/>\n\t<meta property=\"og:image:height\" content=\"1600\" \/>\n\t<meta property=\"og:image:type\" content=\"image\/jpeg\" \/>\n<meta name=\"twitter:card\" content=\"summary_large_image\" \/>\n<meta name=\"twitter:label1\" content=\"Est. reading time\" \/>\n\t<meta name=\"twitter:data1\" content=\"1 minut\" \/>\n<script type=\"application\/ld+json\" class=\"yoast-schema-graph\">{\"@context\":\"https:\/\/schema.org\",\"@graph\":[{\"@type\":\"WebPage\",\"@id\":\"https:\/\/baubauwall.com\/et\/toode\/tapeet-lotte-ja-parimad-sobrad-beez\/\",\"url\":\"https:\/\/baubauwall.com\/et\/toode\/tapeet-lotte-ja-parimad-sobrad-beez\/\",\"name\":\"Bee\u017e lastetoa tapeet Bruno, Lotte ja Albert. Lotte tapeedid\",\"isPartOf\":{\"@id\":\"https:\/\/baubauwall.com\/et\/#website\"},\"primaryImageOfPage\":{\"@id\":\"https:\/\/baubauwall.com\/et\/toode\/tapeet-lotte-ja-parimad-sobrad-beez\/#primaryimage\"},\"image\":{\"@id\":\"https:\/\/baubauwall.com\/et\/toode\/tapeet-lotte-ja-parimad-sobrad-beez\/#primaryimage\"},\"thumbnailUrl\":\"https:\/\/baubauwall.com\/wp-content\/uploads\/2023\/05\/51100357_LotteAndBestFriends-beige_Baubauwall_Wallpaper_room09.jpg\",\"datePublished\":\"2023-05-15T10:30:09+00:00\",\"dateModified\":\"2023-06-02T10:00:34+00:00\",\"description\":\"Lastetoa tapeet koerat\u00fcdruk Lotte ja parimad s\u00f5brad. Bee\u017e tapeet lastetuppa, mis toob naeratuse n\u00e4ole ka Lottele! Valmis paigalduseks tapeedid\",\"breadcrumb\":{\"@id\":\"https:\/\/baubauwall.com\/et\/toode\/tapeet-lotte-ja-parimad-sobrad-beez\/#breadcrumb\"},\"inLanguage\":\"et\",\"potentialAction\":[{\"@type\":\"ReadAction\",\"target\":[\"https:\/\/baubauwall.com\/et\/toode\/tapeet-lotte-ja-parimad-sobrad-beez\/\"]}]},{\"@type\":\"ImageObject\",\"inLanguage\":\"et\",\"@id\":\"https:\/\/baubauwall.com\/et\/toode\/tapeet-lotte-ja-parimad-sobrad-beez\/#primaryimage\",\"url\":\"https:\/\/baubauwall.com\/wp-content\/uploads\/2023\/05\/51100357_LotteAndBestFriends-beige_Baubauwall_Wallpaper_room09.jpg\",\"contentUrl\":\"https:\/\/baubauwall.com\/wp-content\/uploads\/2023\/05\/51100357_LotteAndBestFriends-beige_Baubauwall_Wallpaper_room09.jpg\",\"width\":2400,\"height\":1600},{\"@type\":\"BreadcrumbList\",\"@id\":\"https:\/\/baubauwall.com\/et\/toode\/tapeet-lotte-ja-parimad-sobrad-beez\/#breadcrumb\",\"itemListElement\":[{\"@type\":\"ListItem\",\"position\":1,\"name\":\"Koju\",\"item\":\"https:\/\/baubauwall.com\/et\/\"},{\"@type\":\"ListItem\",\"position\":2,\"name\":\"Tapeedid\",\"item\":\"https:\/\/baubauwall.com\/et\/tapeedid\/\"},{\"@type\":\"ListItem\",\"position\":3,\"name\":\"Lotte ja parimad s\u00f5brad &#8211; bee\u017e\"}]},{\"@type\":\"WebSite\",\"@id\":\"https:\/\/baubauwall.com\/et\/#website\",\"url\":\"https:\/\/baubauwall.com\/et\/\",\"name\":\"BAUBAUWALL Wallpapers\",\"description\":\"Valmis paanides tapeet Eestist!\",\"publisher\":{\"@id\":\"https:\/\/baubauwall.com\/et\/#organization\"},\"potentialAction\":[{\"@type\":\"SearchAction\",\"target\":{\"@type\":\"EntryPoint\",\"urlTemplate\":\"https:\/\/baubauwall.com\/et\/?s={search_term_string}\"},\"query-input\":{\"@type\":\"PropertyValueSpecification\",\"valueRequired\":true,\"valueName\":\"search_term_string\"}}],\"inLanguage\":\"et\"},{\"@type\":\"Organization\",\"@id\":\"https:\/\/baubauwall.com\/et\/#organization\",\"name\":\"BAUBAUWALL Wallpapers\",\"url\":\"https:\/\/baubauwall.com\/et\/\",\"logo\":{\"@type\":\"ImageObject\",\"inLanguage\":\"et\",\"@id\":\"https:\/\/baubauwall.com\/et\/#\/schema\/logo\/image\/\",\"url\":\"https:\/\/baubauwall.com\/wp-content\/uploads\/2022\/03\/logo-horizontal.svg\",\"contentUrl\":\"https:\/\/baubauwall.com\/wp-content\/uploads\/2022\/03\/logo-horizontal.svg\",\"width\":\"1024\",\"height\":\"1024\",\"caption\":\"BAUBAUWALL Wallpapers\"},\"image\":{\"@id\":\"https:\/\/baubauwall.com\/et\/#\/schema\/logo\/image\/\"},\"sameAs\":[\"https:\/\/www.facebook.com\/Baubauwall\",\"https:\/\/www.instagram.com\/baubauwall\"]}]}<\/script>\n<!-- \/ Yoast SEO plugin. -->","yoast_head_json":{"title":"Bee\u017e lastetoa tapeet Bruno, Lotte ja Albert. Lotte tapeedid","description":"Lastetoa tapeet koerat\u00fcdruk Lotte ja parimad s\u00f5brad. Bee\u017e tapeet lastetuppa, mis toob naeratuse n\u00e4ole ka Lottele! Valmis paigalduseks tapeedid","robots":{"index":"index","follow":"follow","max-snippet":"max-snippet:-1","max-image-preview":"max-image-preview:large","max-video-preview":"max-video-preview:-1"},"canonical":"https:\/\/baubauwall.com\/et\/toode\/tapeet-lotte-ja-parimad-sobrad-beez\/","og_locale":"et_EE","og_type":"article","og_title":"Bee\u017e lastetoa tapeet Bruno, Lotte ja Albert. Lotte tapeedid","og_description":"Lastetoa tapeet koerat\u00fcdruk Lotte ja parimad s\u00f5brad. Bee\u017e tapeet lastetuppa, mis toob naeratuse n\u00e4ole ka Lottele! Valmis paigalduseks tapeedid","og_url":"https:\/\/baubauwall.com\/et\/toode\/tapeet-lotte-ja-parimad-sobrad-beez\/","og_site_name":"BAUBAUWALL TAPEEDID","article_publisher":"https:\/\/www.facebook.com\/Baubauwall","article_modified_time":"2023-06-02T10:00:34+00:00","og_image":[{"width":2400,"height":1600,"url":"https:\/\/baubauwall.com\/wp-content\/uploads\/2023\/05\/51100357_LotteAndBestFriends-beige_Baubauwall_Wallpaper_room09.jpg","type":"image\/jpeg"}],"twitter_card":"summary_large_image","twitter_misc":{"Est. reading time":"1 minut"},"schema":{"@context":"https:\/\/schema.org","@graph":[{"@type":"WebPage","@id":"https:\/\/baubauwall.com\/et\/toode\/tapeet-lotte-ja-parimad-sobrad-beez\/","url":"https:\/\/baubauwall.com\/et\/toode\/tapeet-lotte-ja-parimad-sobrad-beez\/","name":"Bee\u017e lastetoa tapeet Bruno, Lotte ja Albert. Lotte tapeedid","isPartOf":{"@id":"https:\/\/baubauwall.com\/et\/#website"},"primaryImageOfPage":{"@id":"https:\/\/baubauwall.com\/et\/toode\/tapeet-lotte-ja-parimad-sobrad-beez\/#primaryimage"},"image":{"@id":"https:\/\/baubauwall.com\/et\/toode\/tapeet-lotte-ja-parimad-sobrad-beez\/#primaryimage"},"thumbnailUrl":"https:\/\/baubauwall.com\/wp-content\/uploads\/2023\/05\/51100357_LotteAndBestFriends-beige_Baubauwall_Wallpaper_room09.jpg","datePublished":"2023-05-15T10:30:09+00:00","dateModified":"2023-06-02T10:00:34+00:00","description":"Lastetoa tapeet koerat\u00fcdruk Lotte ja parimad s\u00f5brad. Bee\u017e tapeet lastetuppa, mis toob naeratuse n\u00e4ole ka Lottele! Valmis paigalduseks tapeedid","breadcrumb":{"@id":"https:\/\/baubauwall.com\/et\/toode\/tapeet-lotte-ja-parimad-sobrad-beez\/#breadcrumb"},"inLanguage":"et","potentialAction":[{"@type":"ReadAction","target":["https:\/\/baubauwall.com\/et\/toode\/tapeet-lotte-ja-parimad-sobrad-beez\/"]}]},{"@type":"ImageObject","inLanguage":"et","@id":"https:\/\/baubauwall.com\/et\/toode\/tapeet-lotte-ja-parimad-sobrad-beez\/#primaryimage","url":"https:\/\/baubauwall.com\/wp-content\/uploads\/2023\/05\/51100357_LotteAndBestFriends-beige_Baubauwall_Wallpaper_room09.jpg","contentUrl":"https:\/\/baubauwall.com\/wp-content\/uploads\/2023\/05\/51100357_LotteAndBestFriends-beige_Baubauwall_Wallpaper_room09.jpg","width":2400,"height":1600},{"@type":"BreadcrumbList","@id":"https:\/\/baubauwall.com\/et\/toode\/tapeet-lotte-ja-parimad-sobrad-beez\/#breadcrumb","itemListElement":[{"@type":"ListItem","position":1,"name":"Koju","item":"https:\/\/baubauwall.com\/et\/"},{"@type":"ListItem","position":2,"name":"Tapeedid","item":"https:\/\/baubauwall.com\/et\/tapeedid\/"},{"@type":"ListItem","position":3,"name":"Lotte ja parimad s\u00f5brad &#8211; bee\u017e"}]},{"@type":"WebSite","@id":"https:\/\/baubauwall.com\/et\/#website","url":"https:\/\/baubauwall.com\/et\/","name":"BAUBAUWALL Wallpapers","description":"Valmis paanides tapeet Eestist!","publisher":{"@id":"https:\/\/baubauwall.com\/et\/#organization"},"potentialAction":[{"@type":"SearchAction","target":{"@type":"EntryPoint","urlTemplate":"https:\/\/baubauwall.com\/et\/?s={search_term_string}"},"query-input":{"@type":"PropertyValueSpecification","valueRequired":true,"valueName":"search_term_string"}}],"inLanguage":"et"},{"@type":"Organization","@id":"https:\/\/baubauwall.com\/et\/#organization","name":"BAUBAUWALL Wallpapers","url":"https:\/\/baubauwall.com\/et\/","logo":{"@type":"ImageObject","inLanguage":"et","@id":"https:\/\/baubauwall.com\/et\/#\/schema\/logo\/image\/","url":"https:\/\/baubauwall.com\/wp-content\/uploads\/2022\/03\/logo-horizontal.svg","contentUrl":"https:\/\/baubauwall.com\/wp-content\/uploads\/2022\/03\/logo-horizontal.svg","width":"1024","height":"1024","caption":"BAUBAUWALL Wallpapers"},"image":{"@id":"https:\/\/baubauwall.com\/et\/#\/schema\/logo\/image\/"},"sameAs":["https:\/\/www.facebook.com\/Baubauwall","https:\/\/www.instagram.com\/baubauwall"]}]}},"jetpack_sharing_enabled":true,"_links":{"self":[{"href":"https:\/\/baubauwall.com\/et\/wp-json\/wp\/v2\/product\/29339","targetHints":{"allow":["GET"]}}],"collection":[{"href":"https:\/\/baubauwall.com\/et\/wp-json\/wp\/v2\/product"}],"about":[{"href":"https:\/\/baubauwall.com\/et\/wp-json\/wp\/v2\/types\/product"}],"replies":[{"embeddable":true,"href":"https:\/\/baubauwall.com\/et\/wp-json\/wp\/v2\/comments?post=29339"}],"wp:featuredmedia":[{"embeddable":true,"href":"https:\/\/baubauwall.com\/et\/wp-json\/wp\/v2\/media\/29359"}],"wp:attachment":[{"href":"https:\/\/baubauwall.com\/et\/wp-json\/wp\/v2\/media?parent=29339"}],"wp:term":[{"taxonomy":"product_brand","embeddable":true,"href":"https:\/\/baubauwall.com\/et\/wp-json\/wp\/v2\/product_brand?post=29339"},{"taxonomy":"product_cat","embeddable":true,"href":"https:\/\/baubauwall.com\/et\/wp-json\/wp\/v2\/product_cat?post=29339"},{"taxonomy":"product_tag","embeddable":true,"href":"https:\/\/baubauwall.com\/et\/wp-json\/wp\/v2\/product_tag?post=29339"}],"curies":[{"name":"wp","href":"https:\/\/api.w.org\/{rel}","templated":true}]}}