{"id":29977,"date":"2023-06-29T15:15:30","date_gmt":"2023-06-29T13:15:30","guid":{"rendered":"https:\/\/baubauwall.com\/product\/photo-wallpaper-milky-way\/"},"modified":"2024-11-04T11:47:47","modified_gmt":"2024-11-04T09:47:47","slug":"fototapeet-linnutee","status":"publish","type":"product","link":"https:\/\/baubauwall.com\/et\/toode\/fototapeet-linnutee\/","title":{"rendered":"Fototapeet Linnutee"},"content":{"rendered":"<p>Lihtne ja s\u00f5na otseses m\u00f5ttes kosmiline fototapeet astronoomiahuvilisele! Tumesinise fototapeedi \u00f6\u00f6taevas siravad kirkad t\u00e4hed ja Linnutee. Linnutee on \u00e4ge fototapeet, mis sobib magamistuppa aktsentseinale v\u00f5i miks mitte kahele seinale. Olgu Sa t\u00e4htede v\u00f5i kosmose huviline, see fototapeet on Sulle! Uuri ka l\u00e4hemalt <a href=\"https:\/\/baubauwall.com\/et\/nipid\/mis-on-fototapeet\/\" target=\"_blank\" rel=\"noopener\">fototapeetide kohta meie blogist.<\/a><\/p>\n<p>Nagu k\u00f5ik meie tapeedid on ka see tapeet tr\u00fckitud keskkonnas\u00f5bralike v\u00e4rvidega hingavale, fliistapeedi materjalile. Sinu uus tapeet on l\u00f5igatud nummerdatud paanideks \u2013 t\u00e4pselt nii pikad, kui Sinu sein. Kuidas see t\u00f6\u00f6tab \u2013 loe l\u00e4hemalt<a href=\"https:\/\/baubauwall.com\/et\/kuidas-see-tootab\/\" target=\"_blank\" rel=\"noopener\">\u00a0siit.<\/a><\/p>\n<p>&nbsp;<\/p>\n","protected":false},"excerpt":{"rendered":"<p>Lihtne ja s\u00f5na otseses m\u00f5ttes kosmiline fototapeet astronoomiahuvilisele! Tumesinise fototapeedi \u00f6\u00f6taevas siravad kirkad t\u00e4hed ja Linnutee. Linnutee on \u00e4ge fototapeet, mis sobib magamistuppa aktsentseinale v\u00f5i miks mitte kahele seinale. Olgu Sa t\u00e4htede v\u00f5i kosmose huviline, see fototapeet on Sulle! Uuri ka l\u00e4hemalt fototapeetide kohta meie blogist. Nagu k\u00f5ik meie tapeedid on ka see tapeet tr\u00fckitud [&hellip;]<\/p>\n","protected":false},"featured_media":29954,"comment_status":"open","ping_status":"closed","template":"","meta":{"_acf_changed":false,"inline_featured_image":false},"product_brand":[],"product_cat":[433,266,267,270,413,400,399,465,614],"product_tag":[454,430],"class_list":{"0":"post-29977","1":"product","2":"type-product","3":"status-publish","4":"has-post-thumbnail","6":"product_cat-fototapeedid","7":"product_cat-mustad-tapeedid","8":"product_cat-sinised-tapeedid","9":"product_cat-tumedad-tapeedid","10":"product_cat-magamistoa-tapeedid","11":"product_cat-lastetoa-tapeedid","12":"product_cat-kodukontori-tapeedid","13":"product_cat-taevas-ja-pilved","14":"product_cat-kosmos-galaktika-et","15":"product_tag-fototapeet-et","16":"product_tag-kosmos","17":"pa_designedby-baubauwall","19":"first","20":"instock","21":"taxable","22":"shipping-taxable","23":"purchasable","24":"product-type-simple"},"acf":[],"yoast_head":"<!-- This site is optimized with the Yoast SEO plugin v25.9 - https:\/\/yoast.com\/wordpress\/plugins\/seo\/ -->\n<title>Fototapeet Linnutee. Tumesinisel tapeedil t\u00e4hed ja kosmos.<\/title>\n<meta name=\"description\" content=\"Fototapeet t\u00e4histaeva, t\u00e4htede ja Linnuteega. Koge kauget kosmost oma kodus. Linnutee fototapeet tr\u00fckitakse t\u00e4psetes paanides, mis on sinu seina m\u00f5\u00f5tu.\" \/>\n<meta name=\"robots\" content=\"index, follow, max-snippet:-1, max-image-preview:large, max-video-preview:-1\" \/>\n<link rel=\"canonical\" href=\"https:\/\/baubauwall.com\/et\/toode\/fototapeet-linnutee\/\" \/>\n<meta property=\"og:locale\" content=\"et_EE\" \/>\n<meta property=\"og:type\" content=\"article\" \/>\n<meta property=\"og:title\" content=\"Fototapeet Linnutee. Tumesinisel tapeedil t\u00e4hed ja kosmos.\" \/>\n<meta property=\"og:description\" content=\"Fototapeet t\u00e4histaeva, t\u00e4htede ja Linnuteega. Koge kauget kosmost oma kodus. Linnutee fototapeet tr\u00fckitakse t\u00e4psetes paanides, mis on sinu seina m\u00f5\u00f5tu.\" \/>\n<meta property=\"og:url\" content=\"https:\/\/baubauwall.com\/et\/toode\/fototapeet-linnutee\/\" \/>\n<meta property=\"og:site_name\" content=\"BAUBAUWALL TAPEEDID\" \/>\n<meta property=\"article:publisher\" content=\"https:\/\/www.facebook.com\/Baubauwall\" \/>\n<meta property=\"article:modified_time\" content=\"2024-11-04T09:47:47+00:00\" \/>\n<meta property=\"og:image\" content=\"https:\/\/baubauwall.com\/wp-content\/uploads\/2022\/03\/image-from-rawpixel-id-5919494-original.jpg\" \/>\n\t<meta property=\"og:image:width\" content=\"2399\" \/>\n\t<meta property=\"og:image:height\" content=\"1600\" \/>\n\t<meta property=\"og:image:type\" content=\"image\/jpeg\" \/>\n<meta name=\"twitter:card\" content=\"summary_large_image\" \/>\n<meta name=\"twitter:label1\" content=\"Est. reading time\" \/>\n\t<meta name=\"twitter:data1\" content=\"1 minut\" \/>\n<script type=\"application\/ld+json\" class=\"yoast-schema-graph\">{\"@context\":\"https:\/\/schema.org\",\"@graph\":[{\"@type\":\"WebPage\",\"@id\":\"https:\/\/baubauwall.com\/et\/toode\/fototapeet-linnutee\/\",\"url\":\"https:\/\/baubauwall.com\/et\/toode\/fototapeet-linnutee\/\",\"name\":\"Fototapeet Linnutee. Tumesinisel tapeedil t\u00e4hed ja kosmos.\",\"isPartOf\":{\"@id\":\"https:\/\/baubauwall.com\/et\/#website\"},\"primaryImageOfPage\":{\"@id\":\"https:\/\/baubauwall.com\/et\/toode\/fototapeet-linnutee\/#primaryimage\"},\"image\":{\"@id\":\"https:\/\/baubauwall.com\/et\/toode\/fototapeet-linnutee\/#primaryimage\"},\"thumbnailUrl\":\"https:\/\/baubauwall.com\/wp-content\/uploads\/2022\/03\/image-from-rawpixel-id-5919494-original.jpg\",\"datePublished\":\"2023-06-29T13:15:30+00:00\",\"dateModified\":\"2024-11-04T09:47:47+00:00\",\"description\":\"Fototapeet t\u00e4histaeva, t\u00e4htede ja Linnuteega. Koge kauget kosmost oma kodus. Linnutee fototapeet tr\u00fckitakse t\u00e4psetes paanides, mis on sinu seina m\u00f5\u00f5tu.\",\"breadcrumb\":{\"@id\":\"https:\/\/baubauwall.com\/et\/toode\/fototapeet-linnutee\/#breadcrumb\"},\"inLanguage\":\"et\",\"potentialAction\":[{\"@type\":\"ReadAction\",\"target\":[\"https:\/\/baubauwall.com\/et\/toode\/fototapeet-linnutee\/\"]}]},{\"@type\":\"ImageObject\",\"inLanguage\":\"et\",\"@id\":\"https:\/\/baubauwall.com\/et\/toode\/fototapeet-linnutee\/#primaryimage\",\"url\":\"https:\/\/baubauwall.com\/wp-content\/uploads\/2022\/03\/image-from-rawpixel-id-5919494-original.jpg\",\"contentUrl\":\"https:\/\/baubauwall.com\/wp-content\/uploads\/2022\/03\/image-from-rawpixel-id-5919494-original.jpg\",\"width\":2399,\"height\":1600},{\"@type\":\"BreadcrumbList\",\"@id\":\"https:\/\/baubauwall.com\/et\/toode\/fototapeet-linnutee\/#breadcrumb\",\"itemListElement\":[{\"@type\":\"ListItem\",\"position\":1,\"name\":\"Koju\",\"item\":\"https:\/\/baubauwall.com\/et\/\"},{\"@type\":\"ListItem\",\"position\":2,\"name\":\"Tapeedid\",\"item\":\"https:\/\/baubauwall.com\/et\/tapeedid\/\"},{\"@type\":\"ListItem\",\"position\":3,\"name\":\"Fototapeet Linnutee\"}]},{\"@type\":\"WebSite\",\"@id\":\"https:\/\/baubauwall.com\/et\/#website\",\"url\":\"https:\/\/baubauwall.com\/et\/\",\"name\":\"BAUBAUWALL Wallpapers\",\"description\":\"Valmis paanides tapeet Eestist!\",\"publisher\":{\"@id\":\"https:\/\/baubauwall.com\/et\/#organization\"},\"potentialAction\":[{\"@type\":\"SearchAction\",\"target\":{\"@type\":\"EntryPoint\",\"urlTemplate\":\"https:\/\/baubauwall.com\/et\/?s={search_term_string}\"},\"query-input\":{\"@type\":\"PropertyValueSpecification\",\"valueRequired\":true,\"valueName\":\"search_term_string\"}}],\"inLanguage\":\"et\"},{\"@type\":\"Organization\",\"@id\":\"https:\/\/baubauwall.com\/et\/#organization\",\"name\":\"BAUBAUWALL Wallpapers\",\"url\":\"https:\/\/baubauwall.com\/et\/\",\"logo\":{\"@type\":\"ImageObject\",\"inLanguage\":\"et\",\"@id\":\"https:\/\/baubauwall.com\/et\/#\/schema\/logo\/image\/\",\"url\":\"https:\/\/baubauwall.com\/wp-content\/uploads\/2022\/03\/logo-horizontal.svg\",\"contentUrl\":\"https:\/\/baubauwall.com\/wp-content\/uploads\/2022\/03\/logo-horizontal.svg\",\"width\":\"1024\",\"height\":\"1024\",\"caption\":\"BAUBAUWALL Wallpapers\"},\"image\":{\"@id\":\"https:\/\/baubauwall.com\/et\/#\/schema\/logo\/image\/\"},\"sameAs\":[\"https:\/\/www.facebook.com\/Baubauwall\",\"https:\/\/www.instagram.com\/baubauwall\"]}]}<\/script>\n<!-- \/ Yoast SEO plugin. -->","yoast_head_json":{"title":"Fototapeet Linnutee. Tumesinisel tapeedil t\u00e4hed ja kosmos.","description":"Fototapeet t\u00e4histaeva, t\u00e4htede ja Linnuteega. Koge kauget kosmost oma kodus. Linnutee fototapeet tr\u00fckitakse t\u00e4psetes paanides, mis on sinu seina m\u00f5\u00f5tu.","robots":{"index":"index","follow":"follow","max-snippet":"max-snippet:-1","max-image-preview":"max-image-preview:large","max-video-preview":"max-video-preview:-1"},"canonical":"https:\/\/baubauwall.com\/et\/toode\/fototapeet-linnutee\/","og_locale":"et_EE","og_type":"article","og_title":"Fototapeet Linnutee. Tumesinisel tapeedil t\u00e4hed ja kosmos.","og_description":"Fototapeet t\u00e4histaeva, t\u00e4htede ja Linnuteega. Koge kauget kosmost oma kodus. Linnutee fototapeet tr\u00fckitakse t\u00e4psetes paanides, mis on sinu seina m\u00f5\u00f5tu.","og_url":"https:\/\/baubauwall.com\/et\/toode\/fototapeet-linnutee\/","og_site_name":"BAUBAUWALL TAPEEDID","article_publisher":"https:\/\/www.facebook.com\/Baubauwall","article_modified_time":"2024-11-04T09:47:47+00:00","og_image":[{"width":2399,"height":1600,"url":"https:\/\/baubauwall.com\/wp-content\/uploads\/2022\/03\/image-from-rawpixel-id-5919494-original.jpg","type":"image\/jpeg"}],"twitter_card":"summary_large_image","twitter_misc":{"Est. reading time":"1 minut"},"schema":{"@context":"https:\/\/schema.org","@graph":[{"@type":"WebPage","@id":"https:\/\/baubauwall.com\/et\/toode\/fototapeet-linnutee\/","url":"https:\/\/baubauwall.com\/et\/toode\/fototapeet-linnutee\/","name":"Fototapeet Linnutee. Tumesinisel tapeedil t\u00e4hed ja kosmos.","isPartOf":{"@id":"https:\/\/baubauwall.com\/et\/#website"},"primaryImageOfPage":{"@id":"https:\/\/baubauwall.com\/et\/toode\/fototapeet-linnutee\/#primaryimage"},"image":{"@id":"https:\/\/baubauwall.com\/et\/toode\/fototapeet-linnutee\/#primaryimage"},"thumbnailUrl":"https:\/\/baubauwall.com\/wp-content\/uploads\/2022\/03\/image-from-rawpixel-id-5919494-original.jpg","datePublished":"2023-06-29T13:15:30+00:00","dateModified":"2024-11-04T09:47:47+00:00","description":"Fototapeet t\u00e4histaeva, t\u00e4htede ja Linnuteega. Koge kauget kosmost oma kodus. Linnutee fototapeet tr\u00fckitakse t\u00e4psetes paanides, mis on sinu seina m\u00f5\u00f5tu.","breadcrumb":{"@id":"https:\/\/baubauwall.com\/et\/toode\/fototapeet-linnutee\/#breadcrumb"},"inLanguage":"et","potentialAction":[{"@type":"ReadAction","target":["https:\/\/baubauwall.com\/et\/toode\/fototapeet-linnutee\/"]}]},{"@type":"ImageObject","inLanguage":"et","@id":"https:\/\/baubauwall.com\/et\/toode\/fototapeet-linnutee\/#primaryimage","url":"https:\/\/baubauwall.com\/wp-content\/uploads\/2022\/03\/image-from-rawpixel-id-5919494-original.jpg","contentUrl":"https:\/\/baubauwall.com\/wp-content\/uploads\/2022\/03\/image-from-rawpixel-id-5919494-original.jpg","width":2399,"height":1600},{"@type":"BreadcrumbList","@id":"https:\/\/baubauwall.com\/et\/toode\/fototapeet-linnutee\/#breadcrumb","itemListElement":[{"@type":"ListItem","position":1,"name":"Koju","item":"https:\/\/baubauwall.com\/et\/"},{"@type":"ListItem","position":2,"name":"Tapeedid","item":"https:\/\/baubauwall.com\/et\/tapeedid\/"},{"@type":"ListItem","position":3,"name":"Fototapeet Linnutee"}]},{"@type":"WebSite","@id":"https:\/\/baubauwall.com\/et\/#website","url":"https:\/\/baubauwall.com\/et\/","name":"BAUBAUWALL Wallpapers","description":"Valmis paanides tapeet Eestist!","publisher":{"@id":"https:\/\/baubauwall.com\/et\/#organization"},"potentialAction":[{"@type":"SearchAction","target":{"@type":"EntryPoint","urlTemplate":"https:\/\/baubauwall.com\/et\/?s={search_term_string}"},"query-input":{"@type":"PropertyValueSpecification","valueRequired":true,"valueName":"search_term_string"}}],"inLanguage":"et"},{"@type":"Organization","@id":"https:\/\/baubauwall.com\/et\/#organization","name":"BAUBAUWALL Wallpapers","url":"https:\/\/baubauwall.com\/et\/","logo":{"@type":"ImageObject","inLanguage":"et","@id":"https:\/\/baubauwall.com\/et\/#\/schema\/logo\/image\/","url":"https:\/\/baubauwall.com\/wp-content\/uploads\/2022\/03\/logo-horizontal.svg","contentUrl":"https:\/\/baubauwall.com\/wp-content\/uploads\/2022\/03\/logo-horizontal.svg","width":"1024","height":"1024","caption":"BAUBAUWALL Wallpapers"},"image":{"@id":"https:\/\/baubauwall.com\/et\/#\/schema\/logo\/image\/"},"sameAs":["https:\/\/www.facebook.com\/Baubauwall","https:\/\/www.instagram.com\/baubauwall"]}]}},"jetpack_sharing_enabled":true,"_links":{"self":[{"href":"https:\/\/baubauwall.com\/et\/wp-json\/wp\/v2\/product\/29977","targetHints":{"allow":["GET"]}}],"collection":[{"href":"https:\/\/baubauwall.com\/et\/wp-json\/wp\/v2\/product"}],"about":[{"href":"https:\/\/baubauwall.com\/et\/wp-json\/wp\/v2\/types\/product"}],"replies":[{"embeddable":true,"href":"https:\/\/baubauwall.com\/et\/wp-json\/wp\/v2\/comments?post=29977"}],"wp:featuredmedia":[{"embeddable":true,"href":"https:\/\/baubauwall.com\/et\/wp-json\/wp\/v2\/media\/29954"}],"wp:attachment":[{"href":"https:\/\/baubauwall.com\/et\/wp-json\/wp\/v2\/media?parent=29977"}],"wp:term":[{"taxonomy":"product_brand","embeddable":true,"href":"https:\/\/baubauwall.com\/et\/wp-json\/wp\/v2\/product_brand?post=29977"},{"taxonomy":"product_cat","embeddable":true,"href":"https:\/\/baubauwall.com\/et\/wp-json\/wp\/v2\/product_cat?post=29977"},{"taxonomy":"product_tag","embeddable":true,"href":"https:\/\/baubauwall.com\/et\/wp-json\/wp\/v2\/product_tag?post=29977"}],"curies":[{"name":"wp","href":"https:\/\/api.w.org\/{rel}","templated":true}]}}