{"id":30006,"date":"2023-06-29T15:15:31","date_gmt":"2023-06-29T13:15:31","guid":{"rendered":"https:\/\/baubauwall.com\/product\/photo-wallpaper-misty-morning-by-the-lake\/"},"modified":"2024-10-23T09:32:10","modified_gmt":"2024-10-23T07:32:10","slug":"fototapeet-hommikuudus-jarv","status":"publish","type":"product","link":"https:\/\/baubauwall.com\/et\/toode\/fototapeet-hommikuudus-jarv\/","title":{"rendered":"Fototapeet Sume hommik j\u00e4rvekaldal"},"content":{"rendered":"<p>Fototapeet, mille vaade on pildistatud imeilusa P\u00f5hjamaise j\u00e4rve kaldal. Tapeedidisain, mis on romantiline ja unelev ning sobib h\u00e4sti \u00fchele aktsentseinale. Ja kellele ei meeldiks p\u00e4ikeset\u00f5usud? Hommikup\u00e4ikese sume valgus sellel fototapeedil v\u00f5iks paista Sinu magamistoas, elutoas, koduspaas v\u00f5i sauna eesruumis.<\/p>\n<p>Nagu k\u00f5ik meie tapeedid on ka see fototapeet tr\u00fckitud keskkonnas\u00f5bralike v\u00e4rvidega hingavale, fliistapeedi materjalile. Sinu uus fototapeet on l\u00f5igatud nummerdatud paanideks \u2013 t\u00e4pselt nii pikad, kui Sinu sein. Kuidas see t\u00f6\u00f6tab \u2013 loe l\u00e4hemalt<a href=\"https:\/\/baubauwall.com\/et\/kuidas-see-tootab\/\" target=\"_blank\" rel=\"noopener\">\u00a0siit.<\/a><\/p>\n<p>&nbsp;<\/p>\n","protected":false},"excerpt":{"rendered":"<p>Fototapeet, mille vaade on pildistatud imeilusa P\u00f5hjamaise j\u00e4rve kaldal. Tapeedidisain, mis on romantiline ja unelev ning sobib h\u00e4sti \u00fchele aktsentseinale. Ja kellele ei meeldiks p\u00e4ikeset\u00f5usud? Hommikup\u00e4ikese sume valgus sellel fototapeedil v\u00f5iks paista Sinu magamistoas, elutoas, koduspaas v\u00f5i sauna eesruumis. Nagu k\u00f5ik meie tapeedid on ka see fototapeet tr\u00fckitud keskkonnas\u00f5bralike v\u00e4rvidega hingavale, fliistapeedi materjalile. Sinu uus [&hellip;]<\/p>\n","protected":false},"featured_media":29992,"comment_status":"open","ping_status":"closed","template":"","meta":{"_acf_changed":false,"inline_featured_image":false},"product_brand":[],"product_cat":[433,395,396,267,273,413,416,399,412,253,254,561],"product_tag":[486,454],"class_list":{"0":"post-30006","1":"product","2":"type-product","3":"status-publish","4":"has-post-thumbnail","6":"product_cat-fototapeedid","7":"product_cat-romantiline","8":"product_cat-skandinaavia","9":"product_cat-sinised-tapeedid","10":"product_cat-heledad-tapeedid","11":"product_cat-magamistoa-tapeedid","12":"product_cat-esiku-tapeedid","13":"product_cat-kodukontori-tapeedid","14":"product_cat-vannitoa-tapeedid","15":"product_cat-joed-jarved","16":"product_cat-loodus","17":"product_cat-suvised-tapeedid","18":"product_tag-fotograafia-et","19":"product_tag-fototapeet-et","20":"pa_designedby-baubauwall","22":"first","23":"instock","24":"taxable","25":"shipping-taxable","26":"purchasable","27":"product-type-simple"},"acf":[],"yoast_head":"<!-- This site is optimized with the Yoast SEO plugin v25.9 - https:\/\/yoast.com\/wordpress\/plugins\/seo\/ -->\n<title>Fototapeet - imeilus j\u00e4rvevaade p\u00e4ikeset\u00f5usul<\/title>\n<meta name=\"description\" content=\"Fototapeet, mis sobib aktsentseinale. P\u00e4ikeset\u00f5us udus maalilise j\u00e4rve kaldal. Tapeet, mis paneb su tundma, et oledki looduses.\" \/>\n<meta name=\"robots\" content=\"index, follow, max-snippet:-1, max-image-preview:large, max-video-preview:-1\" \/>\n<link rel=\"canonical\" href=\"https:\/\/baubauwall.com\/et\/toode\/fototapeet-hommikuudus-jarv\/\" \/>\n<meta property=\"og:locale\" content=\"et_EE\" \/>\n<meta property=\"og:type\" content=\"article\" \/>\n<meta property=\"og:title\" content=\"Fototapeet - imeilus j\u00e4rvevaade p\u00e4ikeset\u00f5usul\" \/>\n<meta property=\"og:description\" content=\"Fototapeet, mis sobib aktsentseinale. P\u00e4ikeset\u00f5us udus maalilise j\u00e4rve kaldal. Tapeet, mis paneb su tundma, et oledki looduses.\" \/>\n<meta property=\"og:url\" content=\"https:\/\/baubauwall.com\/et\/toode\/fototapeet-hommikuudus-jarv\/\" \/>\n<meta property=\"og:site_name\" content=\"BAUBAUWALL TAPEEDID\" \/>\n<meta property=\"article:publisher\" content=\"https:\/\/www.facebook.com\/Baubauwall\" \/>\n<meta property=\"article:modified_time\" content=\"2024-10-23T07:32:10+00:00\" \/>\n<meta property=\"og:image\" content=\"https:\/\/baubauwall.com\/wp-content\/uploads\/2022\/03\/51300017_MistyMorningByTheLake_Baubauwall_Photo_Wallpaper_room4.jpg\" \/>\n\t<meta property=\"og:image:width\" content=\"1600\" \/>\n\t<meta property=\"og:image:height\" content=\"1600\" \/>\n\t<meta property=\"og:image:type\" content=\"image\/jpeg\" \/>\n<meta name=\"twitter:card\" content=\"summary_large_image\" \/>\n<meta name=\"twitter:label1\" content=\"Est. reading time\" \/>\n\t<meta name=\"twitter:data1\" content=\"1 minut\" \/>\n<script type=\"application\/ld+json\" class=\"yoast-schema-graph\">{\"@context\":\"https:\/\/schema.org\",\"@graph\":[{\"@type\":\"WebPage\",\"@id\":\"https:\/\/baubauwall.com\/et\/toode\/fototapeet-hommikuudus-jarv\/\",\"url\":\"https:\/\/baubauwall.com\/et\/toode\/fototapeet-hommikuudus-jarv\/\",\"name\":\"Fototapeet - imeilus j\u00e4rvevaade p\u00e4ikeset\u00f5usul\",\"isPartOf\":{\"@id\":\"https:\/\/baubauwall.com\/et\/#website\"},\"primaryImageOfPage\":{\"@id\":\"https:\/\/baubauwall.com\/et\/toode\/fototapeet-hommikuudus-jarv\/#primaryimage\"},\"image\":{\"@id\":\"https:\/\/baubauwall.com\/et\/toode\/fototapeet-hommikuudus-jarv\/#primaryimage\"},\"thumbnailUrl\":\"https:\/\/baubauwall.com\/wp-content\/uploads\/2022\/03\/51300017_MistyMorningByTheLake_Baubauwall_Photo_Wallpaper_room4.jpg\",\"datePublished\":\"2023-06-29T13:15:31+00:00\",\"dateModified\":\"2024-10-23T07:32:10+00:00\",\"description\":\"Fototapeet, mis sobib aktsentseinale. P\u00e4ikeset\u00f5us udus maalilise j\u00e4rve kaldal. Tapeet, mis paneb su tundma, et oledki looduses.\",\"breadcrumb\":{\"@id\":\"https:\/\/baubauwall.com\/et\/toode\/fototapeet-hommikuudus-jarv\/#breadcrumb\"},\"inLanguage\":\"et\",\"potentialAction\":[{\"@type\":\"ReadAction\",\"target\":[\"https:\/\/baubauwall.com\/et\/toode\/fototapeet-hommikuudus-jarv\/\"]}]},{\"@type\":\"ImageObject\",\"inLanguage\":\"et\",\"@id\":\"https:\/\/baubauwall.com\/et\/toode\/fototapeet-hommikuudus-jarv\/#primaryimage\",\"url\":\"https:\/\/baubauwall.com\/wp-content\/uploads\/2022\/03\/51300017_MistyMorningByTheLake_Baubauwall_Photo_Wallpaper_room4.jpg\",\"contentUrl\":\"https:\/\/baubauwall.com\/wp-content\/uploads\/2022\/03\/51300017_MistyMorningByTheLake_Baubauwall_Photo_Wallpaper_room4.jpg\",\"width\":1600,\"height\":1600,\"caption\":\"Fototapeet Sume hommik j\u00e4rvekaldal\"},{\"@type\":\"BreadcrumbList\",\"@id\":\"https:\/\/baubauwall.com\/et\/toode\/fototapeet-hommikuudus-jarv\/#breadcrumb\",\"itemListElement\":[{\"@type\":\"ListItem\",\"position\":1,\"name\":\"Koju\",\"item\":\"https:\/\/baubauwall.com\/et\/\"},{\"@type\":\"ListItem\",\"position\":2,\"name\":\"Tapeedid\",\"item\":\"https:\/\/baubauwall.com\/et\/tapeedid\/\"},{\"@type\":\"ListItem\",\"position\":3,\"name\":\"Fototapeet Sume hommik j\u00e4rvekaldal\"}]},{\"@type\":\"WebSite\",\"@id\":\"https:\/\/baubauwall.com\/et\/#website\",\"url\":\"https:\/\/baubauwall.com\/et\/\",\"name\":\"BAUBAUWALL Wallpapers\",\"description\":\"Valmis paanides tapeet Eestist!\",\"publisher\":{\"@id\":\"https:\/\/baubauwall.com\/et\/#organization\"},\"potentialAction\":[{\"@type\":\"SearchAction\",\"target\":{\"@type\":\"EntryPoint\",\"urlTemplate\":\"https:\/\/baubauwall.com\/et\/?s={search_term_string}\"},\"query-input\":{\"@type\":\"PropertyValueSpecification\",\"valueRequired\":true,\"valueName\":\"search_term_string\"}}],\"inLanguage\":\"et\"},{\"@type\":\"Organization\",\"@id\":\"https:\/\/baubauwall.com\/et\/#organization\",\"name\":\"BAUBAUWALL Wallpapers\",\"url\":\"https:\/\/baubauwall.com\/et\/\",\"logo\":{\"@type\":\"ImageObject\",\"inLanguage\":\"et\",\"@id\":\"https:\/\/baubauwall.com\/et\/#\/schema\/logo\/image\/\",\"url\":\"https:\/\/baubauwall.com\/wp-content\/uploads\/2022\/03\/logo-horizontal.svg\",\"contentUrl\":\"https:\/\/baubauwall.com\/wp-content\/uploads\/2022\/03\/logo-horizontal.svg\",\"width\":\"1024\",\"height\":\"1024\",\"caption\":\"BAUBAUWALL Wallpapers\"},\"image\":{\"@id\":\"https:\/\/baubauwall.com\/et\/#\/schema\/logo\/image\/\"},\"sameAs\":[\"https:\/\/www.facebook.com\/Baubauwall\",\"https:\/\/www.instagram.com\/baubauwall\"]}]}<\/script>\n<!-- \/ Yoast SEO plugin. -->","yoast_head_json":{"title":"Fototapeet - imeilus j\u00e4rvevaade p\u00e4ikeset\u00f5usul","description":"Fototapeet, mis sobib aktsentseinale. P\u00e4ikeset\u00f5us udus maalilise j\u00e4rve kaldal. Tapeet, mis paneb su tundma, et oledki looduses.","robots":{"index":"index","follow":"follow","max-snippet":"max-snippet:-1","max-image-preview":"max-image-preview:large","max-video-preview":"max-video-preview:-1"},"canonical":"https:\/\/baubauwall.com\/et\/toode\/fototapeet-hommikuudus-jarv\/","og_locale":"et_EE","og_type":"article","og_title":"Fototapeet - imeilus j\u00e4rvevaade p\u00e4ikeset\u00f5usul","og_description":"Fototapeet, mis sobib aktsentseinale. P\u00e4ikeset\u00f5us udus maalilise j\u00e4rve kaldal. Tapeet, mis paneb su tundma, et oledki looduses.","og_url":"https:\/\/baubauwall.com\/et\/toode\/fototapeet-hommikuudus-jarv\/","og_site_name":"BAUBAUWALL TAPEEDID","article_publisher":"https:\/\/www.facebook.com\/Baubauwall","article_modified_time":"2024-10-23T07:32:10+00:00","og_image":[{"width":1600,"height":1600,"url":"https:\/\/baubauwall.com\/wp-content\/uploads\/2022\/03\/51300017_MistyMorningByTheLake_Baubauwall_Photo_Wallpaper_room4.jpg","type":"image\/jpeg"}],"twitter_card":"summary_large_image","twitter_misc":{"Est. reading time":"1 minut"},"schema":{"@context":"https:\/\/schema.org","@graph":[{"@type":"WebPage","@id":"https:\/\/baubauwall.com\/et\/toode\/fototapeet-hommikuudus-jarv\/","url":"https:\/\/baubauwall.com\/et\/toode\/fototapeet-hommikuudus-jarv\/","name":"Fototapeet - imeilus j\u00e4rvevaade p\u00e4ikeset\u00f5usul","isPartOf":{"@id":"https:\/\/baubauwall.com\/et\/#website"},"primaryImageOfPage":{"@id":"https:\/\/baubauwall.com\/et\/toode\/fototapeet-hommikuudus-jarv\/#primaryimage"},"image":{"@id":"https:\/\/baubauwall.com\/et\/toode\/fototapeet-hommikuudus-jarv\/#primaryimage"},"thumbnailUrl":"https:\/\/baubauwall.com\/wp-content\/uploads\/2022\/03\/51300017_MistyMorningByTheLake_Baubauwall_Photo_Wallpaper_room4.jpg","datePublished":"2023-06-29T13:15:31+00:00","dateModified":"2024-10-23T07:32:10+00:00","description":"Fototapeet, mis sobib aktsentseinale. P\u00e4ikeset\u00f5us udus maalilise j\u00e4rve kaldal. Tapeet, mis paneb su tundma, et oledki looduses.","breadcrumb":{"@id":"https:\/\/baubauwall.com\/et\/toode\/fototapeet-hommikuudus-jarv\/#breadcrumb"},"inLanguage":"et","potentialAction":[{"@type":"ReadAction","target":["https:\/\/baubauwall.com\/et\/toode\/fototapeet-hommikuudus-jarv\/"]}]},{"@type":"ImageObject","inLanguage":"et","@id":"https:\/\/baubauwall.com\/et\/toode\/fototapeet-hommikuudus-jarv\/#primaryimage","url":"https:\/\/baubauwall.com\/wp-content\/uploads\/2022\/03\/51300017_MistyMorningByTheLake_Baubauwall_Photo_Wallpaper_room4.jpg","contentUrl":"https:\/\/baubauwall.com\/wp-content\/uploads\/2022\/03\/51300017_MistyMorningByTheLake_Baubauwall_Photo_Wallpaper_room4.jpg","width":1600,"height":1600,"caption":"Fototapeet Sume hommik j\u00e4rvekaldal"},{"@type":"BreadcrumbList","@id":"https:\/\/baubauwall.com\/et\/toode\/fototapeet-hommikuudus-jarv\/#breadcrumb","itemListElement":[{"@type":"ListItem","position":1,"name":"Koju","item":"https:\/\/baubauwall.com\/et\/"},{"@type":"ListItem","position":2,"name":"Tapeedid","item":"https:\/\/baubauwall.com\/et\/tapeedid\/"},{"@type":"ListItem","position":3,"name":"Fototapeet Sume hommik j\u00e4rvekaldal"}]},{"@type":"WebSite","@id":"https:\/\/baubauwall.com\/et\/#website","url":"https:\/\/baubauwall.com\/et\/","name":"BAUBAUWALL Wallpapers","description":"Valmis paanides tapeet Eestist!","publisher":{"@id":"https:\/\/baubauwall.com\/et\/#organization"},"potentialAction":[{"@type":"SearchAction","target":{"@type":"EntryPoint","urlTemplate":"https:\/\/baubauwall.com\/et\/?s={search_term_string}"},"query-input":{"@type":"PropertyValueSpecification","valueRequired":true,"valueName":"search_term_string"}}],"inLanguage":"et"},{"@type":"Organization","@id":"https:\/\/baubauwall.com\/et\/#organization","name":"BAUBAUWALL Wallpapers","url":"https:\/\/baubauwall.com\/et\/","logo":{"@type":"ImageObject","inLanguage":"et","@id":"https:\/\/baubauwall.com\/et\/#\/schema\/logo\/image\/","url":"https:\/\/baubauwall.com\/wp-content\/uploads\/2022\/03\/logo-horizontal.svg","contentUrl":"https:\/\/baubauwall.com\/wp-content\/uploads\/2022\/03\/logo-horizontal.svg","width":"1024","height":"1024","caption":"BAUBAUWALL Wallpapers"},"image":{"@id":"https:\/\/baubauwall.com\/et\/#\/schema\/logo\/image\/"},"sameAs":["https:\/\/www.facebook.com\/Baubauwall","https:\/\/www.instagram.com\/baubauwall"]}]}},"jetpack_sharing_enabled":true,"_links":{"self":[{"href":"https:\/\/baubauwall.com\/et\/wp-json\/wp\/v2\/product\/30006","targetHints":{"allow":["GET"]}}],"collection":[{"href":"https:\/\/baubauwall.com\/et\/wp-json\/wp\/v2\/product"}],"about":[{"href":"https:\/\/baubauwall.com\/et\/wp-json\/wp\/v2\/types\/product"}],"replies":[{"embeddable":true,"href":"https:\/\/baubauwall.com\/et\/wp-json\/wp\/v2\/comments?post=30006"}],"wp:featuredmedia":[{"embeddable":true,"href":"https:\/\/baubauwall.com\/et\/wp-json\/wp\/v2\/media\/29992"}],"wp:attachment":[{"href":"https:\/\/baubauwall.com\/et\/wp-json\/wp\/v2\/media?parent=30006"}],"wp:term":[{"taxonomy":"product_brand","embeddable":true,"href":"https:\/\/baubauwall.com\/et\/wp-json\/wp\/v2\/product_brand?post=30006"},{"taxonomy":"product_cat","embeddable":true,"href":"https:\/\/baubauwall.com\/et\/wp-json\/wp\/v2\/product_cat?post=30006"},{"taxonomy":"product_tag","embeddable":true,"href":"https:\/\/baubauwall.com\/et\/wp-json\/wp\/v2\/product_tag?post=30006"}],"curies":[{"name":"wp","href":"https:\/\/api.w.org\/{rel}","templated":true}]}}