{"id":30044,"date":"2023-07-06T10:00:33","date_gmt":"2023-07-06T08:00:33","guid":{"rendered":"https:\/\/baubauwall.com\/?post_type=product&#038;p=30044"},"modified":"2024-10-23T09:45:03","modified_gmt":"2024-10-23T07:45:03","slug":"fototapeet-paikeseloojang-maestikus","status":"publish","type":"product","link":"https:\/\/baubauwall.com\/et\/toode\/fototapeet-paikeseloojang-maestikus\/","title":{"rendered":"Fototapeet P\u00e4ikeseloojang m\u00e4estikus"},"content":{"rendered":"<p>Rahulik ja soojades toonides fototapeet, mis sobib nii kodukontori seinale loovateks m\u00f5teteks kui ka magamistuppa v\u00f5i elutuppa aktsentseinale. P\u00e4ikeseloojangutest ei saa ju ometi iialgi k\u00fcll! Loodusmotiiviga fototapeet toob maailma loodusimede vaatem\u00e4ngu koju k\u00e4tte! Ja pole vahet, kas oled hingelt kirglik r\u00e4ndur v\u00f5i oled matkamaastike p\u00fcsiklient &#8211; see tapeet on Sulle.<\/p>\n<p>Nagu k\u00f5ik meie tapeedid on ka see fototapeet tr\u00fckitud keskkonnas\u00f5bralike v\u00e4rvidega hingavale, fliistapeedi materjalile. Sinu uus fototapeet on l\u00f5igatud nummerdatud paanideks \u2013 t\u00e4pselt nii pikad, kui Sinu sein. Kuidas see t\u00f6\u00f6tab \u2013 loe l\u00e4hemalt<a href=\"https:\/\/baubauwall.com\/et\/kuidas-see-tootab\/\" target=\"_blank\" rel=\"noopener\">\u00a0siit.<\/a><\/p>\n","protected":false},"excerpt":{"rendered":"<p>Rahulik ja soojades toonides fototapeet, mis sobib nii kodukontori seinale loovateks m\u00f5teteks kui ka magamistuppa v\u00f5i elutuppa aktsentseinale. P\u00e4ikeseloojangutest ei saa ju ometi iialgi k\u00fcll! Loodusmotiiviga fototapeet toob maailma loodusimede vaatem\u00e4ngu koju k\u00e4tte! Ja pole vahet, kas oled hingelt kirglik r\u00e4ndur v\u00f5i oled matkamaastike p\u00fcsiklient &#8211; see tapeet on Sulle. Nagu k\u00f5ik meie tapeedid on [&hellip;]<\/p>\n","protected":false},"featured_media":30024,"comment_status":"open","ping_status":"closed","template":"","meta":{"_acf_changed":false,"inline_featured_image":false},"product_brand":[],"product_cat":[433,265,269,270,411,413,399,402,245,251,254],"product_tag":[486,454],"class_list":{"0":"post-30044","1":"product","2":"type-product","3":"status-publish","4":"has-post-thumbnail","6":"product_cat-fototapeedid","7":"product_cat-beezid-tapeedid","8":"product_cat-pruunid-tapeedid","9":"product_cat-tumedad-tapeedid","10":"product_cat-kollased-tapeedid","11":"product_cat-magamistoa-tapeedid","12":"product_cat-kodukontori-tapeedid","13":"product_cat-elutoa-tapeedid","14":"product_cat-maastik","15":"product_cat-maed","16":"product_cat-loodus","17":"product_tag-fotograafia-et","18":"product_tag-fototapeet-et","19":"pa_designedby-baubauwall","21":"first","22":"instock","23":"taxable","24":"shipping-taxable","25":"purchasable","26":"product-type-simple"},"acf":[],"yoast_head":"<!-- This site is optimized with the Yoast SEO plugin v25.9 - https:\/\/yoast.com\/wordpress\/plugins\/seo\/ -->\n<title>Efektne fototapeet aktsentseina. P\u00e4ikeseloojang tapeedil<\/title>\n<meta name=\"description\" content=\"P\u00e4ikeseloojang m\u00e4estikus fototapeet. Too loodus kodu seintele! R\u00e4tsepat\u00f6\u00f6na valmivad fototapeedid, mis valmivad sinu seina m\u00f5\u00f5dus.\" \/>\n<meta name=\"robots\" content=\"index, follow, max-snippet:-1, max-image-preview:large, max-video-preview:-1\" \/>\n<link rel=\"canonical\" href=\"https:\/\/baubauwall.com\/et\/toode\/fototapeet-paikeseloojang-maestikus\/\" \/>\n<meta property=\"og:locale\" content=\"et_EE\" \/>\n<meta property=\"og:type\" content=\"article\" \/>\n<meta property=\"og:title\" content=\"Efektne fototapeet aktsentseina. P\u00e4ikeseloojang tapeedil\" \/>\n<meta property=\"og:description\" content=\"P\u00e4ikeseloojang m\u00e4estikus fototapeet. Too loodus kodu seintele! R\u00e4tsepat\u00f6\u00f6na valmivad fototapeedid, mis valmivad sinu seina m\u00f5\u00f5dus.\" \/>\n<meta property=\"og:url\" content=\"https:\/\/baubauwall.com\/et\/toode\/fototapeet-paikeseloojang-maestikus\/\" \/>\n<meta property=\"og:site_name\" content=\"BAUBAUWALL TAPEEDID\" \/>\n<meta property=\"article:publisher\" content=\"https:\/\/www.facebook.com\/Baubauwall\" \/>\n<meta property=\"article:modified_time\" content=\"2024-10-23T07:45:03+00:00\" \/>\n<meta property=\"og:image\" content=\"https:\/\/baubauwall.com\/wp-content\/uploads\/2022\/03\/51300018_SunsetAtMountainRange_Baubauwall_Photo_Wallpaper_room4.jpg\" \/>\n\t<meta property=\"og:image:width\" content=\"1777\" \/>\n\t<meta property=\"og:image:height\" content=\"1600\" \/>\n\t<meta property=\"og:image:type\" content=\"image\/jpeg\" \/>\n<meta name=\"twitter:card\" content=\"summary_large_image\" \/>\n<meta name=\"twitter:label1\" content=\"Est. reading time\" \/>\n\t<meta name=\"twitter:data1\" content=\"1 minut\" \/>\n<script type=\"application\/ld+json\" class=\"yoast-schema-graph\">{\"@context\":\"https:\/\/schema.org\",\"@graph\":[{\"@type\":\"WebPage\",\"@id\":\"https:\/\/baubauwall.com\/et\/toode\/fototapeet-paikeseloojang-maestikus\/\",\"url\":\"https:\/\/baubauwall.com\/et\/toode\/fototapeet-paikeseloojang-maestikus\/\",\"name\":\"Efektne fototapeet aktsentseina. P\u00e4ikeseloojang tapeedil\",\"isPartOf\":{\"@id\":\"https:\/\/baubauwall.com\/et\/#website\"},\"primaryImageOfPage\":{\"@id\":\"https:\/\/baubauwall.com\/et\/toode\/fototapeet-paikeseloojang-maestikus\/#primaryimage\"},\"image\":{\"@id\":\"https:\/\/baubauwall.com\/et\/toode\/fototapeet-paikeseloojang-maestikus\/#primaryimage\"},\"thumbnailUrl\":\"https:\/\/baubauwall.com\/wp-content\/uploads\/2022\/03\/51300018_SunsetAtMountainRange_Baubauwall_Photo_Wallpaper_room4.jpg\",\"datePublished\":\"2023-07-06T08:00:33+00:00\",\"dateModified\":\"2024-10-23T07:45:03+00:00\",\"description\":\"P\u00e4ikeseloojang m\u00e4estikus fototapeet. Too loodus kodu seintele! R\u00e4tsepat\u00f6\u00f6na valmivad fototapeedid, mis valmivad sinu seina m\u00f5\u00f5dus.\",\"breadcrumb\":{\"@id\":\"https:\/\/baubauwall.com\/et\/toode\/fototapeet-paikeseloojang-maestikus\/#breadcrumb\"},\"inLanguage\":\"et\",\"potentialAction\":[{\"@type\":\"ReadAction\",\"target\":[\"https:\/\/baubauwall.com\/et\/toode\/fototapeet-paikeseloojang-maestikus\/\"]}]},{\"@type\":\"ImageObject\",\"inLanguage\":\"et\",\"@id\":\"https:\/\/baubauwall.com\/et\/toode\/fototapeet-paikeseloojang-maestikus\/#primaryimage\",\"url\":\"https:\/\/baubauwall.com\/wp-content\/uploads\/2022\/03\/51300018_SunsetAtMountainRange_Baubauwall_Photo_Wallpaper_room4.jpg\",\"contentUrl\":\"https:\/\/baubauwall.com\/wp-content\/uploads\/2022\/03\/51300018_SunsetAtMountainRange_Baubauwall_Photo_Wallpaper_room4.jpg\",\"width\":1777,\"height\":1600,\"caption\":\"Fototoapeet m\u00e4gedes. Valik fototapeete koju v\u00f5i avalikku ruumi Eesti tootjalt\"},{\"@type\":\"BreadcrumbList\",\"@id\":\"https:\/\/baubauwall.com\/et\/toode\/fototapeet-paikeseloojang-maestikus\/#breadcrumb\",\"itemListElement\":[{\"@type\":\"ListItem\",\"position\":1,\"name\":\"Koju\",\"item\":\"https:\/\/baubauwall.com\/et\/\"},{\"@type\":\"ListItem\",\"position\":2,\"name\":\"Tapeedid\",\"item\":\"https:\/\/baubauwall.com\/et\/tapeedid\/\"},{\"@type\":\"ListItem\",\"position\":3,\"name\":\"Fototapeet P\u00e4ikeseloojang m\u00e4estikus\"}]},{\"@type\":\"WebSite\",\"@id\":\"https:\/\/baubauwall.com\/et\/#website\",\"url\":\"https:\/\/baubauwall.com\/et\/\",\"name\":\"BAUBAUWALL Wallpapers\",\"description\":\"Valmis paanides tapeet Eestist!\",\"publisher\":{\"@id\":\"https:\/\/baubauwall.com\/et\/#organization\"},\"potentialAction\":[{\"@type\":\"SearchAction\",\"target\":{\"@type\":\"EntryPoint\",\"urlTemplate\":\"https:\/\/baubauwall.com\/et\/?s={search_term_string}\"},\"query-input\":{\"@type\":\"PropertyValueSpecification\",\"valueRequired\":true,\"valueName\":\"search_term_string\"}}],\"inLanguage\":\"et\"},{\"@type\":\"Organization\",\"@id\":\"https:\/\/baubauwall.com\/et\/#organization\",\"name\":\"BAUBAUWALL Wallpapers\",\"url\":\"https:\/\/baubauwall.com\/et\/\",\"logo\":{\"@type\":\"ImageObject\",\"inLanguage\":\"et\",\"@id\":\"https:\/\/baubauwall.com\/et\/#\/schema\/logo\/image\/\",\"url\":\"https:\/\/baubauwall.com\/wp-content\/uploads\/2022\/03\/logo-horizontal.svg\",\"contentUrl\":\"https:\/\/baubauwall.com\/wp-content\/uploads\/2022\/03\/logo-horizontal.svg\",\"width\":\"1024\",\"height\":\"1024\",\"caption\":\"BAUBAUWALL Wallpapers\"},\"image\":{\"@id\":\"https:\/\/baubauwall.com\/et\/#\/schema\/logo\/image\/\"},\"sameAs\":[\"https:\/\/www.facebook.com\/Baubauwall\",\"https:\/\/www.instagram.com\/baubauwall\"]}]}<\/script>\n<!-- \/ Yoast SEO plugin. -->","yoast_head_json":{"title":"Efektne fototapeet aktsentseina. P\u00e4ikeseloojang tapeedil","description":"P\u00e4ikeseloojang m\u00e4estikus fototapeet. Too loodus kodu seintele! R\u00e4tsepat\u00f6\u00f6na valmivad fototapeedid, mis valmivad sinu seina m\u00f5\u00f5dus.","robots":{"index":"index","follow":"follow","max-snippet":"max-snippet:-1","max-image-preview":"max-image-preview:large","max-video-preview":"max-video-preview:-1"},"canonical":"https:\/\/baubauwall.com\/et\/toode\/fototapeet-paikeseloojang-maestikus\/","og_locale":"et_EE","og_type":"article","og_title":"Efektne fototapeet aktsentseina. P\u00e4ikeseloojang tapeedil","og_description":"P\u00e4ikeseloojang m\u00e4estikus fototapeet. Too loodus kodu seintele! R\u00e4tsepat\u00f6\u00f6na valmivad fototapeedid, mis valmivad sinu seina m\u00f5\u00f5dus.","og_url":"https:\/\/baubauwall.com\/et\/toode\/fototapeet-paikeseloojang-maestikus\/","og_site_name":"BAUBAUWALL TAPEEDID","article_publisher":"https:\/\/www.facebook.com\/Baubauwall","article_modified_time":"2024-10-23T07:45:03+00:00","og_image":[{"width":1777,"height":1600,"url":"https:\/\/baubauwall.com\/wp-content\/uploads\/2022\/03\/51300018_SunsetAtMountainRange_Baubauwall_Photo_Wallpaper_room4.jpg","type":"image\/jpeg"}],"twitter_card":"summary_large_image","twitter_misc":{"Est. reading time":"1 minut"},"schema":{"@context":"https:\/\/schema.org","@graph":[{"@type":"WebPage","@id":"https:\/\/baubauwall.com\/et\/toode\/fototapeet-paikeseloojang-maestikus\/","url":"https:\/\/baubauwall.com\/et\/toode\/fototapeet-paikeseloojang-maestikus\/","name":"Efektne fototapeet aktsentseina. P\u00e4ikeseloojang tapeedil","isPartOf":{"@id":"https:\/\/baubauwall.com\/et\/#website"},"primaryImageOfPage":{"@id":"https:\/\/baubauwall.com\/et\/toode\/fototapeet-paikeseloojang-maestikus\/#primaryimage"},"image":{"@id":"https:\/\/baubauwall.com\/et\/toode\/fototapeet-paikeseloojang-maestikus\/#primaryimage"},"thumbnailUrl":"https:\/\/baubauwall.com\/wp-content\/uploads\/2022\/03\/51300018_SunsetAtMountainRange_Baubauwall_Photo_Wallpaper_room4.jpg","datePublished":"2023-07-06T08:00:33+00:00","dateModified":"2024-10-23T07:45:03+00:00","description":"P\u00e4ikeseloojang m\u00e4estikus fototapeet. Too loodus kodu seintele! R\u00e4tsepat\u00f6\u00f6na valmivad fototapeedid, mis valmivad sinu seina m\u00f5\u00f5dus.","breadcrumb":{"@id":"https:\/\/baubauwall.com\/et\/toode\/fototapeet-paikeseloojang-maestikus\/#breadcrumb"},"inLanguage":"et","potentialAction":[{"@type":"ReadAction","target":["https:\/\/baubauwall.com\/et\/toode\/fototapeet-paikeseloojang-maestikus\/"]}]},{"@type":"ImageObject","inLanguage":"et","@id":"https:\/\/baubauwall.com\/et\/toode\/fototapeet-paikeseloojang-maestikus\/#primaryimage","url":"https:\/\/baubauwall.com\/wp-content\/uploads\/2022\/03\/51300018_SunsetAtMountainRange_Baubauwall_Photo_Wallpaper_room4.jpg","contentUrl":"https:\/\/baubauwall.com\/wp-content\/uploads\/2022\/03\/51300018_SunsetAtMountainRange_Baubauwall_Photo_Wallpaper_room4.jpg","width":1777,"height":1600,"caption":"Fototoapeet m\u00e4gedes. Valik fototapeete koju v\u00f5i avalikku ruumi Eesti tootjalt"},{"@type":"BreadcrumbList","@id":"https:\/\/baubauwall.com\/et\/toode\/fototapeet-paikeseloojang-maestikus\/#breadcrumb","itemListElement":[{"@type":"ListItem","position":1,"name":"Koju","item":"https:\/\/baubauwall.com\/et\/"},{"@type":"ListItem","position":2,"name":"Tapeedid","item":"https:\/\/baubauwall.com\/et\/tapeedid\/"},{"@type":"ListItem","position":3,"name":"Fototapeet P\u00e4ikeseloojang m\u00e4estikus"}]},{"@type":"WebSite","@id":"https:\/\/baubauwall.com\/et\/#website","url":"https:\/\/baubauwall.com\/et\/","name":"BAUBAUWALL Wallpapers","description":"Valmis paanides tapeet Eestist!","publisher":{"@id":"https:\/\/baubauwall.com\/et\/#organization"},"potentialAction":[{"@type":"SearchAction","target":{"@type":"EntryPoint","urlTemplate":"https:\/\/baubauwall.com\/et\/?s={search_term_string}"},"query-input":{"@type":"PropertyValueSpecification","valueRequired":true,"valueName":"search_term_string"}}],"inLanguage":"et"},{"@type":"Organization","@id":"https:\/\/baubauwall.com\/et\/#organization","name":"BAUBAUWALL Wallpapers","url":"https:\/\/baubauwall.com\/et\/","logo":{"@type":"ImageObject","inLanguage":"et","@id":"https:\/\/baubauwall.com\/et\/#\/schema\/logo\/image\/","url":"https:\/\/baubauwall.com\/wp-content\/uploads\/2022\/03\/logo-horizontal.svg","contentUrl":"https:\/\/baubauwall.com\/wp-content\/uploads\/2022\/03\/logo-horizontal.svg","width":"1024","height":"1024","caption":"BAUBAUWALL Wallpapers"},"image":{"@id":"https:\/\/baubauwall.com\/et\/#\/schema\/logo\/image\/"},"sameAs":["https:\/\/www.facebook.com\/Baubauwall","https:\/\/www.instagram.com\/baubauwall"]}]}},"jetpack_sharing_enabled":true,"_links":{"self":[{"href":"https:\/\/baubauwall.com\/et\/wp-json\/wp\/v2\/product\/30044","targetHints":{"allow":["GET"]}}],"collection":[{"href":"https:\/\/baubauwall.com\/et\/wp-json\/wp\/v2\/product"}],"about":[{"href":"https:\/\/baubauwall.com\/et\/wp-json\/wp\/v2\/types\/product"}],"replies":[{"embeddable":true,"href":"https:\/\/baubauwall.com\/et\/wp-json\/wp\/v2\/comments?post=30044"}],"wp:featuredmedia":[{"embeddable":true,"href":"https:\/\/baubauwall.com\/et\/wp-json\/wp\/v2\/media\/30024"}],"wp:attachment":[{"href":"https:\/\/baubauwall.com\/et\/wp-json\/wp\/v2\/media?parent=30044"}],"wp:term":[{"taxonomy":"product_brand","embeddable":true,"href":"https:\/\/baubauwall.com\/et\/wp-json\/wp\/v2\/product_brand?post=30044"},{"taxonomy":"product_cat","embeddable":true,"href":"https:\/\/baubauwall.com\/et\/wp-json\/wp\/v2\/product_cat?post=30044"},{"taxonomy":"product_tag","embeddable":true,"href":"https:\/\/baubauwall.com\/et\/wp-json\/wp\/v2\/product_tag?post=30044"}],"curies":[{"name":"wp","href":"https:\/\/api.w.org\/{rel}","templated":true}]}}