{"id":30053,"date":"2023-07-05T10:40:35","date_gmt":"2023-07-05T08:40:35","guid":{"rendered":"https:\/\/baubauwall.com\/?post_type=product&#038;p=30053"},"modified":"2024-09-09T14:18:28","modified_gmt":"2024-09-09T12:18:28","slug":"fototapeet-taevalik-merevaade","status":"publish","type":"product","link":"https:\/\/baubauwall.com\/et\/toode\/fototapeet-taevalik-merevaade\/","title":{"rendered":"Fototapeet Taevalik merevaade"},"content":{"rendered":"<p>Fototapeet, millele on j\u00e4\u00e4dvustatud s\u00f5na otsese m\u00f5ttes taevalik merevaade!\u00a0 Loo oma kodus lummav \u00f5hkkond selle fototapeediga, kus loodusj\u00f5ud sulanduvad harmooniliselt kokku. Kaunis merevaade v\u00f5ib olla just see, mida vajad oma kodus aktsentseina jaoks. Suurep\u00e4rane tapeedivalik elutoa ja magamistoa seintele, samuti ideaalne vaade koduspaa v\u00f5i kodukontori seinal.<\/p>\n<p>Nagu k\u00f5ik meie tapeedid on ka see fototapeet tr\u00fckitud keskkonnas\u00f5bralike v\u00e4rvidega hingavale, fliistapeedi materjalile. Sinu uus fototapeet on l\u00f5igatud nummerdatud paanideks \u2013 t\u00e4pselt nii pikad, kui Sinu sein. Kuidas see t\u00f6\u00f6tab \u2013 loe l\u00e4hemalt<a href=\"https:\/\/baubauwall.com\/et\/kuidas-see-tootab\/\" target=\"_blank\" rel=\"noopener\">\u00a0siit.<\/a><\/p>\n<p>&nbsp;<\/p>\n","protected":false},"excerpt":{"rendered":"<p>Fototapeet, millele on j\u00e4\u00e4dvustatud s\u00f5na otsese m\u00f5ttes taevalik merevaade!\u00a0 Loo oma kodus lummav \u00f5hkkond selle fototapeediga, kus loodusj\u00f5ud sulanduvad harmooniliselt kokku. Kaunis merevaade v\u00f5ib olla just see, mida vajad oma kodus aktsentseina jaoks. Suurep\u00e4rane tapeedivalik elutoa ja magamistoa seintele, samuti ideaalne vaade koduspaa v\u00f5i kodukontori seinal. Nagu k\u00f5ik meie tapeedid on ka see fototapeet tr\u00fckitud [&hellip;]<\/p>\n","protected":false},"featured_media":30051,"comment_status":"open","ping_status":"closed","template":"","meta":{"_acf_changed":false,"inline_featured_image":false},"product_brand":[],"product_cat":[433,395,396,267,273,276,413,414,415,416,399,402,465,252,254],"product_tag":[563,486,454],"class_list":{"0":"post-30053","1":"product","2":"type-product","3":"status-publish","4":"has-post-thumbnail","6":"product_cat-fototapeedid","7":"product_cat-romantiline","8":"product_cat-skandinaavia","9":"product_cat-sinised-tapeedid","10":"product_cat-heledad-tapeedid","11":"product_cat-pastelsed-tapeedid","12":"product_cat-magamistoa-tapeedid","13":"product_cat-soogitoa-tapeedid","14":"product_cat-kulalistetoa-tapeedid","15":"product_cat-esiku-tapeedid","16":"product_cat-kodukontori-tapeedid","17":"product_cat-elutoa-tapeedid","18":"product_cat-taevas-ja-pilved","19":"product_cat-ookean-meri","20":"product_cat-loodus","21":"product_tag-biofiilia-stiil","22":"product_tag-fotograafia-et","23":"product_tag-fototapeet-et","24":"pa_designedby-baubauwall","26":"first","27":"instock","28":"taxable","29":"shipping-taxable","30":"purchasable","31":"product-type-simple"},"acf":[],"yoast_head":"<!-- This site is optimized with the Yoast SEO plugin v25.9 - https:\/\/yoast.com\/wordpress\/plugins\/seo\/ -->\n<title>Fototapeet Taevalik Merevaade. Tapeet magamistuppa<\/title>\n<meta name=\"description\" content=\"Fototapeet koju v\u00f5i mujale interj\u00f6\u00f6ri. Imetle dramaatilist merevaadet ja p\u00e4ikesekiiri l\u00e4bi pilvede. Fototapeet, mis toob merevaate koju k\u00e4tte aastaringselt.\" \/>\n<meta name=\"robots\" content=\"index, follow, max-snippet:-1, max-image-preview:large, max-video-preview:-1\" \/>\n<link rel=\"canonical\" href=\"https:\/\/baubauwall.com\/et\/toode\/fototapeet-taevalik-merevaade\/\" \/>\n<meta property=\"og:locale\" content=\"et_EE\" \/>\n<meta property=\"og:type\" content=\"article\" \/>\n<meta property=\"og:title\" content=\"Fototapeet Taevalik Merevaade. Tapeet magamistuppa\" \/>\n<meta property=\"og:description\" content=\"Fototapeet koju v\u00f5i mujale interj\u00f6\u00f6ri. Imetle dramaatilist merevaadet ja p\u00e4ikesekiiri l\u00e4bi pilvede. Fototapeet, mis toob merevaate koju k\u00e4tte aastaringselt.\" \/>\n<meta property=\"og:url\" content=\"https:\/\/baubauwall.com\/et\/toode\/fototapeet-taevalik-merevaade\/\" \/>\n<meta property=\"og:site_name\" content=\"BAUBAUWALL TAPEEDID\" \/>\n<meta property=\"article:publisher\" content=\"https:\/\/www.facebook.com\/Baubauwall\" \/>\n<meta property=\"article:modified_time\" content=\"2024-09-09T12:18:28+00:00\" \/>\n<meta property=\"og:image\" content=\"https:\/\/baubauwall.com\/wp-content\/uploads\/2022\/03\/51300019_CelestialSeascape_Baubauwall_Photo_Wallpaper_room4.jpg\" \/>\n\t<meta property=\"og:image:width\" content=\"2280\" \/>\n\t<meta property=\"og:image:height\" content=\"1600\" \/>\n\t<meta property=\"og:image:type\" content=\"image\/jpeg\" \/>\n<meta name=\"twitter:card\" content=\"summary_large_image\" \/>\n<meta name=\"twitter:label1\" content=\"Est. reading time\" \/>\n\t<meta name=\"twitter:data1\" content=\"1 minut\" \/>\n<script type=\"application\/ld+json\" class=\"yoast-schema-graph\">{\"@context\":\"https:\/\/schema.org\",\"@graph\":[{\"@type\":\"WebPage\",\"@id\":\"https:\/\/baubauwall.com\/et\/toode\/fototapeet-taevalik-merevaade\/\",\"url\":\"https:\/\/baubauwall.com\/et\/toode\/fototapeet-taevalik-merevaade\/\",\"name\":\"Fototapeet Taevalik Merevaade. Tapeet magamistuppa\",\"isPartOf\":{\"@id\":\"https:\/\/baubauwall.com\/et\/#website\"},\"primaryImageOfPage\":{\"@id\":\"https:\/\/baubauwall.com\/et\/toode\/fototapeet-taevalik-merevaade\/#primaryimage\"},\"image\":{\"@id\":\"https:\/\/baubauwall.com\/et\/toode\/fototapeet-taevalik-merevaade\/#primaryimage\"},\"thumbnailUrl\":\"https:\/\/baubauwall.com\/wp-content\/uploads\/2022\/03\/51300019_CelestialSeascape_Baubauwall_Photo_Wallpaper_room4.jpg\",\"datePublished\":\"2023-07-05T08:40:35+00:00\",\"dateModified\":\"2024-09-09T12:18:28+00:00\",\"description\":\"Fototapeet koju v\u00f5i mujale interj\u00f6\u00f6ri. Imetle dramaatilist merevaadet ja p\u00e4ikesekiiri l\u00e4bi pilvede. Fototapeet, mis toob merevaate koju k\u00e4tte aastaringselt.\",\"breadcrumb\":{\"@id\":\"https:\/\/baubauwall.com\/et\/toode\/fototapeet-taevalik-merevaade\/#breadcrumb\"},\"inLanguage\":\"et\",\"potentialAction\":[{\"@type\":\"ReadAction\",\"target\":[\"https:\/\/baubauwall.com\/et\/toode\/fototapeet-taevalik-merevaade\/\"]}]},{\"@type\":\"ImageObject\",\"inLanguage\":\"et\",\"@id\":\"https:\/\/baubauwall.com\/et\/toode\/fototapeet-taevalik-merevaade\/#primaryimage\",\"url\":\"https:\/\/baubauwall.com\/wp-content\/uploads\/2022\/03\/51300019_CelestialSeascape_Baubauwall_Photo_Wallpaper_room4.jpg\",\"contentUrl\":\"https:\/\/baubauwall.com\/wp-content\/uploads\/2022\/03\/51300019_CelestialSeascape_Baubauwall_Photo_Wallpaper_room4.jpg\",\"width\":2280,\"height\":1600,\"caption\":\"Dining room photo wallpaper with sea and clouds\"},{\"@type\":\"BreadcrumbList\",\"@id\":\"https:\/\/baubauwall.com\/et\/toode\/fototapeet-taevalik-merevaade\/#breadcrumb\",\"itemListElement\":[{\"@type\":\"ListItem\",\"position\":1,\"name\":\"Koju\",\"item\":\"https:\/\/baubauwall.com\/et\/\"},{\"@type\":\"ListItem\",\"position\":2,\"name\":\"Tapeedid\",\"item\":\"https:\/\/baubauwall.com\/et\/tapeedid\/\"},{\"@type\":\"ListItem\",\"position\":3,\"name\":\"Fototapeet Taevalik merevaade\"}]},{\"@type\":\"WebSite\",\"@id\":\"https:\/\/baubauwall.com\/et\/#website\",\"url\":\"https:\/\/baubauwall.com\/et\/\",\"name\":\"BAUBAUWALL Wallpapers\",\"description\":\"Valmis paanides tapeet Eestist!\",\"publisher\":{\"@id\":\"https:\/\/baubauwall.com\/et\/#organization\"},\"potentialAction\":[{\"@type\":\"SearchAction\",\"target\":{\"@type\":\"EntryPoint\",\"urlTemplate\":\"https:\/\/baubauwall.com\/et\/?s={search_term_string}\"},\"query-input\":{\"@type\":\"PropertyValueSpecification\",\"valueRequired\":true,\"valueName\":\"search_term_string\"}}],\"inLanguage\":\"et\"},{\"@type\":\"Organization\",\"@id\":\"https:\/\/baubauwall.com\/et\/#organization\",\"name\":\"BAUBAUWALL Wallpapers\",\"url\":\"https:\/\/baubauwall.com\/et\/\",\"logo\":{\"@type\":\"ImageObject\",\"inLanguage\":\"et\",\"@id\":\"https:\/\/baubauwall.com\/et\/#\/schema\/logo\/image\/\",\"url\":\"https:\/\/baubauwall.com\/wp-content\/uploads\/2022\/03\/logo-horizontal.svg\",\"contentUrl\":\"https:\/\/baubauwall.com\/wp-content\/uploads\/2022\/03\/logo-horizontal.svg\",\"width\":\"1024\",\"height\":\"1024\",\"caption\":\"BAUBAUWALL Wallpapers\"},\"image\":{\"@id\":\"https:\/\/baubauwall.com\/et\/#\/schema\/logo\/image\/\"},\"sameAs\":[\"https:\/\/www.facebook.com\/Baubauwall\",\"https:\/\/www.instagram.com\/baubauwall\"]}]}<\/script>\n<!-- \/ Yoast SEO plugin. -->","yoast_head_json":{"title":"Fototapeet Taevalik Merevaade. Tapeet magamistuppa","description":"Fototapeet koju v\u00f5i mujale interj\u00f6\u00f6ri. Imetle dramaatilist merevaadet ja p\u00e4ikesekiiri l\u00e4bi pilvede. Fototapeet, mis toob merevaate koju k\u00e4tte aastaringselt.","robots":{"index":"index","follow":"follow","max-snippet":"max-snippet:-1","max-image-preview":"max-image-preview:large","max-video-preview":"max-video-preview:-1"},"canonical":"https:\/\/baubauwall.com\/et\/toode\/fototapeet-taevalik-merevaade\/","og_locale":"et_EE","og_type":"article","og_title":"Fototapeet Taevalik Merevaade. Tapeet magamistuppa","og_description":"Fototapeet koju v\u00f5i mujale interj\u00f6\u00f6ri. Imetle dramaatilist merevaadet ja p\u00e4ikesekiiri l\u00e4bi pilvede. Fototapeet, mis toob merevaate koju k\u00e4tte aastaringselt.","og_url":"https:\/\/baubauwall.com\/et\/toode\/fototapeet-taevalik-merevaade\/","og_site_name":"BAUBAUWALL TAPEEDID","article_publisher":"https:\/\/www.facebook.com\/Baubauwall","article_modified_time":"2024-09-09T12:18:28+00:00","og_image":[{"width":2280,"height":1600,"url":"https:\/\/baubauwall.com\/wp-content\/uploads\/2022\/03\/51300019_CelestialSeascape_Baubauwall_Photo_Wallpaper_room4.jpg","type":"image\/jpeg"}],"twitter_card":"summary_large_image","twitter_misc":{"Est. reading time":"1 minut"},"schema":{"@context":"https:\/\/schema.org","@graph":[{"@type":"WebPage","@id":"https:\/\/baubauwall.com\/et\/toode\/fototapeet-taevalik-merevaade\/","url":"https:\/\/baubauwall.com\/et\/toode\/fototapeet-taevalik-merevaade\/","name":"Fototapeet Taevalik Merevaade. Tapeet magamistuppa","isPartOf":{"@id":"https:\/\/baubauwall.com\/et\/#website"},"primaryImageOfPage":{"@id":"https:\/\/baubauwall.com\/et\/toode\/fototapeet-taevalik-merevaade\/#primaryimage"},"image":{"@id":"https:\/\/baubauwall.com\/et\/toode\/fototapeet-taevalik-merevaade\/#primaryimage"},"thumbnailUrl":"https:\/\/baubauwall.com\/wp-content\/uploads\/2022\/03\/51300019_CelestialSeascape_Baubauwall_Photo_Wallpaper_room4.jpg","datePublished":"2023-07-05T08:40:35+00:00","dateModified":"2024-09-09T12:18:28+00:00","description":"Fototapeet koju v\u00f5i mujale interj\u00f6\u00f6ri. Imetle dramaatilist merevaadet ja p\u00e4ikesekiiri l\u00e4bi pilvede. Fototapeet, mis toob merevaate koju k\u00e4tte aastaringselt.","breadcrumb":{"@id":"https:\/\/baubauwall.com\/et\/toode\/fototapeet-taevalik-merevaade\/#breadcrumb"},"inLanguage":"et","potentialAction":[{"@type":"ReadAction","target":["https:\/\/baubauwall.com\/et\/toode\/fototapeet-taevalik-merevaade\/"]}]},{"@type":"ImageObject","inLanguage":"et","@id":"https:\/\/baubauwall.com\/et\/toode\/fototapeet-taevalik-merevaade\/#primaryimage","url":"https:\/\/baubauwall.com\/wp-content\/uploads\/2022\/03\/51300019_CelestialSeascape_Baubauwall_Photo_Wallpaper_room4.jpg","contentUrl":"https:\/\/baubauwall.com\/wp-content\/uploads\/2022\/03\/51300019_CelestialSeascape_Baubauwall_Photo_Wallpaper_room4.jpg","width":2280,"height":1600,"caption":"Dining room photo wallpaper with sea and clouds"},{"@type":"BreadcrumbList","@id":"https:\/\/baubauwall.com\/et\/toode\/fototapeet-taevalik-merevaade\/#breadcrumb","itemListElement":[{"@type":"ListItem","position":1,"name":"Koju","item":"https:\/\/baubauwall.com\/et\/"},{"@type":"ListItem","position":2,"name":"Tapeedid","item":"https:\/\/baubauwall.com\/et\/tapeedid\/"},{"@type":"ListItem","position":3,"name":"Fototapeet Taevalik merevaade"}]},{"@type":"WebSite","@id":"https:\/\/baubauwall.com\/et\/#website","url":"https:\/\/baubauwall.com\/et\/","name":"BAUBAUWALL Wallpapers","description":"Valmis paanides tapeet Eestist!","publisher":{"@id":"https:\/\/baubauwall.com\/et\/#organization"},"potentialAction":[{"@type":"SearchAction","target":{"@type":"EntryPoint","urlTemplate":"https:\/\/baubauwall.com\/et\/?s={search_term_string}"},"query-input":{"@type":"PropertyValueSpecification","valueRequired":true,"valueName":"search_term_string"}}],"inLanguage":"et"},{"@type":"Organization","@id":"https:\/\/baubauwall.com\/et\/#organization","name":"BAUBAUWALL Wallpapers","url":"https:\/\/baubauwall.com\/et\/","logo":{"@type":"ImageObject","inLanguage":"et","@id":"https:\/\/baubauwall.com\/et\/#\/schema\/logo\/image\/","url":"https:\/\/baubauwall.com\/wp-content\/uploads\/2022\/03\/logo-horizontal.svg","contentUrl":"https:\/\/baubauwall.com\/wp-content\/uploads\/2022\/03\/logo-horizontal.svg","width":"1024","height":"1024","caption":"BAUBAUWALL Wallpapers"},"image":{"@id":"https:\/\/baubauwall.com\/et\/#\/schema\/logo\/image\/"},"sameAs":["https:\/\/www.facebook.com\/Baubauwall","https:\/\/www.instagram.com\/baubauwall"]}]}},"jetpack_sharing_enabled":true,"_links":{"self":[{"href":"https:\/\/baubauwall.com\/et\/wp-json\/wp\/v2\/product\/30053","targetHints":{"allow":["GET"]}}],"collection":[{"href":"https:\/\/baubauwall.com\/et\/wp-json\/wp\/v2\/product"}],"about":[{"href":"https:\/\/baubauwall.com\/et\/wp-json\/wp\/v2\/types\/product"}],"replies":[{"embeddable":true,"href":"https:\/\/baubauwall.com\/et\/wp-json\/wp\/v2\/comments?post=30053"}],"wp:featuredmedia":[{"embeddable":true,"href":"https:\/\/baubauwall.com\/et\/wp-json\/wp\/v2\/media\/30051"}],"wp:attachment":[{"href":"https:\/\/baubauwall.com\/et\/wp-json\/wp\/v2\/media?parent=30053"}],"wp:term":[{"taxonomy":"product_brand","embeddable":true,"href":"https:\/\/baubauwall.com\/et\/wp-json\/wp\/v2\/product_brand?post=30053"},{"taxonomy":"product_cat","embeddable":true,"href":"https:\/\/baubauwall.com\/et\/wp-json\/wp\/v2\/product_cat?post=30053"},{"taxonomy":"product_tag","embeddable":true,"href":"https:\/\/baubauwall.com\/et\/wp-json\/wp\/v2\/product_tag?post=30053"}],"curies":[{"name":"wp","href":"https:\/\/api.w.org\/{rel}","templated":true}]}}