{"id":30134,"date":"2023-07-05T17:00:22","date_gmt":"2023-07-05T15:00:22","guid":{"rendered":"https:\/\/baubauwall.com\/product\/mural-wallpaper-zodiac-signs-in-the-starry-sky\/"},"modified":"2023-07-07T15:20:33","modified_gmt":"2023-07-07T13:20:33","slug":"pilttapeet-sodiaagimargid-ootaevas","status":"publish","type":"product","link":"https:\/\/baubauwall.com\/et\/toode\/pilttapeet-sodiaagimargid-ootaevas\/","title":{"rendered":"Sodiaagim\u00e4rgid \u00f6\u00f6taevas"},"content":{"rendered":"<p>Tumesinine pilttapeet, millel s\u00e4ravad t\u00e4hed ja k\u00f5ik horoskoobid! S\u00f5na otseses m\u00f5ttes kosmiline fototapeet astroloogiahuvilisele! Tumesinise fototapeedi \u00f6\u00f6taevas siravad kirkad t\u00e4hed ja erinevad sodiaagim\u00e4rgi. \u00c4ge pilttapeet, mis sobib lastetuppa, enda magamistuppa aktsentseinale v\u00f5i miks mitte kahele seinale. Olgu Sa t\u00e4htede, horoskoopide v\u00f5i kosmose huviline, see fototapeet on Sulle!<\/p>\n<p>Nagu k\u00f5ik meie tapeedid on ka see pilttapeet tr\u00fckitud keskkonnas\u00f5bralike v\u00e4rvidega hingavale, fliistapeedi materjalile. Sinu uus pilttapeet on l\u00f5igatud nummerdatud paanideks \u2013 t\u00e4pselt nii pikad, kui Sinu sein. Kuidas see t\u00f6\u00f6tab \u2013 loe l\u00e4hemalt<a href=\"https:\/\/baubauwall.com\/et\/kuidas-see-tootab\/\" target=\"_blank\" rel=\"noopener\">\u00a0siit.<\/a><\/p>\n","protected":false},"excerpt":{"rendered":"<p>Tumesinine pilttapeet, millel s\u00e4ravad t\u00e4hed ja k\u00f5ik horoskoobid! S\u00f5na otseses m\u00f5ttes kosmiline fototapeet astroloogiahuvilisele! Tumesinise fototapeedi \u00f6\u00f6taevas siravad kirkad t\u00e4hed ja erinevad sodiaagim\u00e4rgi. \u00c4ge pilttapeet, mis sobib lastetuppa, enda magamistuppa aktsentseinale v\u00f5i miks mitte kahele seinale. Olgu Sa t\u00e4htede, horoskoopide v\u00f5i kosmose huviline, see fototapeet on Sulle! Nagu k\u00f5ik meie tapeedid on ka see pilttapeet [&hellip;]<\/p>\n","protected":false},"featured_media":30123,"comment_status":"open","ping_status":"closed","template":"","meta":{"_acf_changed":false,"inline_featured_image":false},"product_brand":[],"product_cat":[387,266,267,270,413,400,399,614],"product_tag":[430,345,616],"class_list":{"0":"post-30134","1":"product","2":"type-product","3":"status-publish","4":"has-post-thumbnail","6":"product_cat-pilttapeedid","7":"product_cat-mustad-tapeedid","8":"product_cat-sinised-tapeedid","9":"product_cat-tumedad-tapeedid","10":"product_cat-magamistoa-tapeedid","11":"product_cat-lastetoa-tapeedid","12":"product_cat-kodukontori-tapeedid","13":"product_cat-kosmos-galaktika-et","14":"product_tag-kosmos","15":"product_tag-pilttapeet","16":"product_tag-tahtkuju","17":"pa_designedby-baubauwall","19":"first","20":"instock","21":"taxable","22":"shipping-taxable","23":"purchasable","24":"product-type-simple"},"acf":[],"yoast_head":"<!-- This site is optimized with the Yoast SEO plugin v25.9 - https:\/\/yoast.com\/wordpress\/plugins\/seo\/ -->\n<title>Efektne, tumesinine pilttapeet sodiaagim\u00e4rgid t\u00e4htedega \u00f6\u00f6taevas<\/title>\n<meta name=\"description\" content=\"Leia pilttapeedilt oma horoskoobim\u00e4rk! Tumesinine pilttapeet kosmosehuvilistele ja mitte vaid lastele! T\u00e4pselt sinu seina m\u00f5\u00f5dus tapeedid\" \/>\n<meta name=\"robots\" content=\"index, follow, max-snippet:-1, max-image-preview:large, max-video-preview:-1\" \/>\n<link rel=\"canonical\" href=\"https:\/\/baubauwall.com\/et\/toode\/pilttapeet-sodiaagimargid-ootaevas\/\" \/>\n<meta property=\"og:locale\" content=\"et_EE\" \/>\n<meta property=\"og:type\" content=\"article\" \/>\n<meta property=\"og:title\" content=\"Efektne, tumesinine pilttapeet sodiaagim\u00e4rgid t\u00e4htedega \u00f6\u00f6taevas\" \/>\n<meta property=\"og:description\" content=\"Leia pilttapeedilt oma horoskoobim\u00e4rk! Tumesinine pilttapeet kosmosehuvilistele ja mitte vaid lastele! T\u00e4pselt sinu seina m\u00f5\u00f5dus tapeedid\" \/>\n<meta property=\"og:url\" content=\"https:\/\/baubauwall.com\/et\/toode\/pilttapeet-sodiaagimargid-ootaevas\/\" \/>\n<meta property=\"og:site_name\" content=\"BAUBAUWALL Wallpapers\" \/>\n<meta property=\"article:publisher\" content=\"https:\/\/www.facebook.com\/Baubauwall\" \/>\n<meta property=\"article:modified_time\" content=\"2023-07-07T13:20:33+00:00\" \/>\n<meta property=\"og:image\" content=\"https:\/\/baubauwall.com\/wp-content\/uploads\/2022\/11\/51200314_ZodiacSigns_in_the_StarryNight_Baubauwall_Mural_Wallpaper_room1-9.jpg\" \/>\n\t<meta property=\"og:image:width\" content=\"2263\" \/>\n\t<meta property=\"og:image:height\" content=\"1600\" \/>\n\t<meta property=\"og:image:type\" content=\"image\/jpeg\" \/>\n<meta name=\"twitter:card\" content=\"summary_large_image\" \/>\n<meta name=\"twitter:label1\" content=\"Est. reading time\" \/>\n\t<meta name=\"twitter:data1\" content=\"1 minut\" \/>\n<script type=\"application\/ld+json\" class=\"yoast-schema-graph\">{\"@context\":\"https:\/\/schema.org\",\"@graph\":[{\"@type\":\"WebPage\",\"@id\":\"https:\/\/baubauwall.com\/et\/toode\/pilttapeet-sodiaagimargid-ootaevas\/\",\"url\":\"https:\/\/baubauwall.com\/et\/toode\/pilttapeet-sodiaagimargid-ootaevas\/\",\"name\":\"Efektne, tumesinine pilttapeet sodiaagim\u00e4rgid t\u00e4htedega \u00f6\u00f6taevas\",\"isPartOf\":{\"@id\":\"https:\/\/baubauwall.com\/et\/#website\"},\"primaryImageOfPage\":{\"@id\":\"https:\/\/baubauwall.com\/et\/toode\/pilttapeet-sodiaagimargid-ootaevas\/#primaryimage\"},\"image\":{\"@id\":\"https:\/\/baubauwall.com\/et\/toode\/pilttapeet-sodiaagimargid-ootaevas\/#primaryimage\"},\"thumbnailUrl\":\"https:\/\/baubauwall.com\/wp-content\/uploads\/2022\/11\/51200314_ZodiacSigns_in_the_StarryNight_Baubauwall_Mural_Wallpaper_room1-9.jpg\",\"datePublished\":\"2023-07-05T15:00:22+00:00\",\"dateModified\":\"2023-07-07T13:20:33+00:00\",\"description\":\"Leia pilttapeedilt oma horoskoobim\u00e4rk! Tumesinine pilttapeet kosmosehuvilistele ja mitte vaid lastele! T\u00e4pselt sinu seina m\u00f5\u00f5dus tapeedid\",\"breadcrumb\":{\"@id\":\"https:\/\/baubauwall.com\/et\/toode\/pilttapeet-sodiaagimargid-ootaevas\/#breadcrumb\"},\"inLanguage\":\"et\",\"potentialAction\":[{\"@type\":\"ReadAction\",\"target\":[\"https:\/\/baubauwall.com\/et\/toode\/pilttapeet-sodiaagimargid-ootaevas\/\"]}]},{\"@type\":\"ImageObject\",\"inLanguage\":\"et\",\"@id\":\"https:\/\/baubauwall.com\/et\/toode\/pilttapeet-sodiaagimargid-ootaevas\/#primaryimage\",\"url\":\"https:\/\/baubauwall.com\/wp-content\/uploads\/2022\/11\/51200314_ZodiacSigns_in_the_StarryNight_Baubauwall_Mural_Wallpaper_room1-9.jpg\",\"contentUrl\":\"https:\/\/baubauwall.com\/wp-content\/uploads\/2022\/11\/51200314_ZodiacSigns_in_the_StarryNight_Baubauwall_Mural_Wallpaper_room1-9.jpg\",\"width\":2263,\"height\":1600},{\"@type\":\"BreadcrumbList\",\"@id\":\"https:\/\/baubauwall.com\/et\/toode\/pilttapeet-sodiaagimargid-ootaevas\/#breadcrumb\",\"itemListElement\":[{\"@type\":\"ListItem\",\"position\":1,\"name\":\"Koju\",\"item\":\"https:\/\/baubauwall.com\/et\/\"},{\"@type\":\"ListItem\",\"position\":2,\"name\":\"Tapeedid\",\"item\":\"https:\/\/baubauwall.com\/et\/tapeedid\/\"},{\"@type\":\"ListItem\",\"position\":3,\"name\":\"Sodiaagim\u00e4rgid \u00f6\u00f6taevas\"}]},{\"@type\":\"WebSite\",\"@id\":\"https:\/\/baubauwall.com\/et\/#website\",\"url\":\"https:\/\/baubauwall.com\/et\/\",\"name\":\"BAUBAUWALL Wallpapers\",\"description\":\"Valmis paanides tapeet Eestist!\",\"publisher\":{\"@id\":\"https:\/\/baubauwall.com\/et\/#organization\"},\"potentialAction\":[{\"@type\":\"SearchAction\",\"target\":{\"@type\":\"EntryPoint\",\"urlTemplate\":\"https:\/\/baubauwall.com\/et\/?s={search_term_string}\"},\"query-input\":{\"@type\":\"PropertyValueSpecification\",\"valueRequired\":true,\"valueName\":\"search_term_string\"}}],\"inLanguage\":\"et\"},{\"@type\":\"Organization\",\"@id\":\"https:\/\/baubauwall.com\/et\/#organization\",\"name\":\"BAUBAUWALL Wallpapers\",\"url\":\"https:\/\/baubauwall.com\/et\/\",\"logo\":{\"@type\":\"ImageObject\",\"inLanguage\":\"et\",\"@id\":\"https:\/\/baubauwall.com\/et\/#\/schema\/logo\/image\/\",\"url\":\"https:\/\/baubauwall.com\/wp-content\/uploads\/2022\/03\/logo-horizontal.svg\",\"contentUrl\":\"https:\/\/baubauwall.com\/wp-content\/uploads\/2022\/03\/logo-horizontal.svg\",\"width\":\"1024\",\"height\":\"1024\",\"caption\":\"BAUBAUWALL Wallpapers\"},\"image\":{\"@id\":\"https:\/\/baubauwall.com\/et\/#\/schema\/logo\/image\/\"},\"sameAs\":[\"https:\/\/www.facebook.com\/Baubauwall\",\"https:\/\/www.instagram.com\/baubauwall\"]}]}<\/script>\n<!-- \/ Yoast SEO plugin. -->","yoast_head_json":{"title":"Efektne, tumesinine pilttapeet sodiaagim\u00e4rgid t\u00e4htedega \u00f6\u00f6taevas","description":"Leia pilttapeedilt oma horoskoobim\u00e4rk! Tumesinine pilttapeet kosmosehuvilistele ja mitte vaid lastele! T\u00e4pselt sinu seina m\u00f5\u00f5dus tapeedid","robots":{"index":"index","follow":"follow","max-snippet":"max-snippet:-1","max-image-preview":"max-image-preview:large","max-video-preview":"max-video-preview:-1"},"canonical":"https:\/\/baubauwall.com\/et\/toode\/pilttapeet-sodiaagimargid-ootaevas\/","og_locale":"et_EE","og_type":"article","og_title":"Efektne, tumesinine pilttapeet sodiaagim\u00e4rgid t\u00e4htedega \u00f6\u00f6taevas","og_description":"Leia pilttapeedilt oma horoskoobim\u00e4rk! Tumesinine pilttapeet kosmosehuvilistele ja mitte vaid lastele! T\u00e4pselt sinu seina m\u00f5\u00f5dus tapeedid","og_url":"https:\/\/baubauwall.com\/et\/toode\/pilttapeet-sodiaagimargid-ootaevas\/","og_site_name":"BAUBAUWALL Wallpapers","article_publisher":"https:\/\/www.facebook.com\/Baubauwall","article_modified_time":"2023-07-07T13:20:33+00:00","og_image":[{"width":2263,"height":1600,"url":"https:\/\/baubauwall.com\/wp-content\/uploads\/2022\/11\/51200314_ZodiacSigns_in_the_StarryNight_Baubauwall_Mural_Wallpaper_room1-9.jpg","type":"image\/jpeg"}],"twitter_card":"summary_large_image","twitter_misc":{"Est. reading time":"1 minut"},"schema":{"@context":"https:\/\/schema.org","@graph":[{"@type":"WebPage","@id":"https:\/\/baubauwall.com\/et\/toode\/pilttapeet-sodiaagimargid-ootaevas\/","url":"https:\/\/baubauwall.com\/et\/toode\/pilttapeet-sodiaagimargid-ootaevas\/","name":"Efektne, tumesinine pilttapeet sodiaagim\u00e4rgid t\u00e4htedega \u00f6\u00f6taevas","isPartOf":{"@id":"https:\/\/baubauwall.com\/et\/#website"},"primaryImageOfPage":{"@id":"https:\/\/baubauwall.com\/et\/toode\/pilttapeet-sodiaagimargid-ootaevas\/#primaryimage"},"image":{"@id":"https:\/\/baubauwall.com\/et\/toode\/pilttapeet-sodiaagimargid-ootaevas\/#primaryimage"},"thumbnailUrl":"https:\/\/baubauwall.com\/wp-content\/uploads\/2022\/11\/51200314_ZodiacSigns_in_the_StarryNight_Baubauwall_Mural_Wallpaper_room1-9.jpg","datePublished":"2023-07-05T15:00:22+00:00","dateModified":"2023-07-07T13:20:33+00:00","description":"Leia pilttapeedilt oma horoskoobim\u00e4rk! Tumesinine pilttapeet kosmosehuvilistele ja mitte vaid lastele! T\u00e4pselt sinu seina m\u00f5\u00f5dus tapeedid","breadcrumb":{"@id":"https:\/\/baubauwall.com\/et\/toode\/pilttapeet-sodiaagimargid-ootaevas\/#breadcrumb"},"inLanguage":"et","potentialAction":[{"@type":"ReadAction","target":["https:\/\/baubauwall.com\/et\/toode\/pilttapeet-sodiaagimargid-ootaevas\/"]}]},{"@type":"ImageObject","inLanguage":"et","@id":"https:\/\/baubauwall.com\/et\/toode\/pilttapeet-sodiaagimargid-ootaevas\/#primaryimage","url":"https:\/\/baubauwall.com\/wp-content\/uploads\/2022\/11\/51200314_ZodiacSigns_in_the_StarryNight_Baubauwall_Mural_Wallpaper_room1-9.jpg","contentUrl":"https:\/\/baubauwall.com\/wp-content\/uploads\/2022\/11\/51200314_ZodiacSigns_in_the_StarryNight_Baubauwall_Mural_Wallpaper_room1-9.jpg","width":2263,"height":1600},{"@type":"BreadcrumbList","@id":"https:\/\/baubauwall.com\/et\/toode\/pilttapeet-sodiaagimargid-ootaevas\/#breadcrumb","itemListElement":[{"@type":"ListItem","position":1,"name":"Koju","item":"https:\/\/baubauwall.com\/et\/"},{"@type":"ListItem","position":2,"name":"Tapeedid","item":"https:\/\/baubauwall.com\/et\/tapeedid\/"},{"@type":"ListItem","position":3,"name":"Sodiaagim\u00e4rgid \u00f6\u00f6taevas"}]},{"@type":"WebSite","@id":"https:\/\/baubauwall.com\/et\/#website","url":"https:\/\/baubauwall.com\/et\/","name":"BAUBAUWALL Wallpapers","description":"Valmis paanides tapeet Eestist!","publisher":{"@id":"https:\/\/baubauwall.com\/et\/#organization"},"potentialAction":[{"@type":"SearchAction","target":{"@type":"EntryPoint","urlTemplate":"https:\/\/baubauwall.com\/et\/?s={search_term_string}"},"query-input":{"@type":"PropertyValueSpecification","valueRequired":true,"valueName":"search_term_string"}}],"inLanguage":"et"},{"@type":"Organization","@id":"https:\/\/baubauwall.com\/et\/#organization","name":"BAUBAUWALL Wallpapers","url":"https:\/\/baubauwall.com\/et\/","logo":{"@type":"ImageObject","inLanguage":"et","@id":"https:\/\/baubauwall.com\/et\/#\/schema\/logo\/image\/","url":"https:\/\/baubauwall.com\/wp-content\/uploads\/2022\/03\/logo-horizontal.svg","contentUrl":"https:\/\/baubauwall.com\/wp-content\/uploads\/2022\/03\/logo-horizontal.svg","width":"1024","height":"1024","caption":"BAUBAUWALL Wallpapers"},"image":{"@id":"https:\/\/baubauwall.com\/et\/#\/schema\/logo\/image\/"},"sameAs":["https:\/\/www.facebook.com\/Baubauwall","https:\/\/www.instagram.com\/baubauwall"]}]}},"jetpack_sharing_enabled":true,"_links":{"self":[{"href":"https:\/\/baubauwall.com\/et\/wp-json\/wp\/v2\/product\/30134","targetHints":{"allow":["GET"]}}],"collection":[{"href":"https:\/\/baubauwall.com\/et\/wp-json\/wp\/v2\/product"}],"about":[{"href":"https:\/\/baubauwall.com\/et\/wp-json\/wp\/v2\/types\/product"}],"replies":[{"embeddable":true,"href":"https:\/\/baubauwall.com\/et\/wp-json\/wp\/v2\/comments?post=30134"}],"wp:featuredmedia":[{"embeddable":true,"href":"https:\/\/baubauwall.com\/et\/wp-json\/wp\/v2\/media\/30123"}],"wp:attachment":[{"href":"https:\/\/baubauwall.com\/et\/wp-json\/wp\/v2\/media?parent=30134"}],"wp:term":[{"taxonomy":"product_brand","embeddable":true,"href":"https:\/\/baubauwall.com\/et\/wp-json\/wp\/v2\/product_brand?post=30134"},{"taxonomy":"product_cat","embeddable":true,"href":"https:\/\/baubauwall.com\/et\/wp-json\/wp\/v2\/product_cat?post=30134"},{"taxonomy":"product_tag","embeddable":true,"href":"https:\/\/baubauwall.com\/et\/wp-json\/wp\/v2\/product_tag?post=30134"}],"curies":[{"name":"wp","href":"https:\/\/api.w.org\/{rel}","templated":true}]}}