{"id":30408,"date":"2023-07-15T17:00:22","date_gmt":"2023-07-15T15:00:22","guid":{"rendered":"https:\/\/baubauwall.com\/product\/mural-wallpaper-wild-meadow-light-grey\/"},"modified":"2023-07-20T11:35:26","modified_gmt":"2023-07-20T09:35:26","slug":"pilttapeet-lillede-kuningriik-helehall","status":"publish","type":"product","link":"https:\/\/baubauwall.com\/et\/toode\/pilttapeet-lillede-kuningriik-helehall\/","title":{"rendered":"Lillede kuningriik &#8211; helehall"},"content":{"rendered":"<p>See helehall tapeet on justkui Sinu p\u00e4ris oma haldjalik lillede kuningriik! Hiigelsuurte taimede ja lilledega hall pilttapeet toob p\u00f5hjamaise looduse tuppa. Heledates toonides efektne tapeet on disain, mis loob interj\u00f6\u00f6ris vau-efekti. Tapeeti on lihtne sobitada heleda v\u00f5i just veidi tumedama m\u00f6\u00f6bli ja muude aksessuaaridega. Disain, mis flirdib trendika biofiilia stiiliga ja hoiab lillede v\u00e4rskuse ja aroomi toas aastaringselt.<\/p>\n<p>Nagu k\u00f5ik meie tapeedid on ka see pilttapeet tr\u00fckitud keskkonnas\u00f5bralike v\u00e4rvidega hingavale, fliistapeedi materjalile. Sinu uus tapeet on l\u00f5igatud nummerdatud paanideks \u2013 t\u00e4pselt nii pikad, kui Sinu sein. Kuidas see t\u00f6\u00f6tab \u2013 loe l\u00e4hemalt<a href=\"https:\/\/baubauwall.com\/et\/kuidas-see-tootab\/\" target=\"_blank\" rel=\"noopener\">\u00a0siit.<\/a><\/p>\n<p>&nbsp;<\/p>\n","protected":false},"excerpt":{"rendered":"<p>See helehall tapeet on justkui Sinu p\u00e4ris oma haldjalik lillede kuningriik! Hiigelsuurte taimede ja lilledega hall pilttapeet toob p\u00f5hjamaise looduse tuppa. Heledates toonides efektne tapeet on disain, mis loob interj\u00f6\u00f6ris vau-efekti. Tapeeti on lihtne sobitada heleda v\u00f5i just veidi tumedama m\u00f6\u00f6bli ja muude aksessuaaridega. Disain, mis flirdib trendika biofiilia stiiliga ja hoiab lillede v\u00e4rskuse ja [&hellip;]<\/p>\n","protected":false},"featured_media":30394,"comment_status":"open","ping_status":"closed","template":"","meta":{"_acf_changed":false,"inline_featured_image":false},"product_brand":[],"product_cat":[650,387,395,406,396,272,273,410,413,414,415,402,583,260,561],"product_tag":[563,294,638,646],"class_list":{"0":"post-30408","1":"product","2":"type-product","3":"status-publish","4":"has-post-thumbnail","6":"product_cat-sir-edward-pilttapeedid","7":"product_cat-pilttapeedid","8":"product_cat-romantiline","9":"product_cat-klassika","10":"product_cat-skandinaavia","11":"product_cat-hallid-tapeedid","12":"product_cat-heledad-tapeedid","13":"product_cat-valge-tapeedid","14":"product_cat-magamistoa-tapeedid","15":"product_cat-soogitoa-tapeedid","16":"product_cat-kulalistetoa-tapeedid","17":"product_cat-elutoa-tapeedid","18":"product_cat-vesivarv","19":"product_cat-lilled","20":"product_cat-suvised-tapeedid","21":"product_tag-biofiilia-stiil","22":"product_tag-mustvalge","23":"product_tag-sir-edward-pilttapeedid","24":"product_tag-suured-lilled-et","25":"pa_designedby-sir-edward","27":"first","28":"instock","29":"taxable","30":"shipping-taxable","31":"purchasable","32":"product-type-simple"},"acf":[],"yoast_head":"<!-- This site is optimized with the Yoast SEO plugin v25.9 - https:\/\/yoast.com\/wordpress\/plugins\/seo\/ -->\n<title>Pilttapeet suurte, helehallide lilledega - Lillede kuningriik.<\/title>\n<meta name=\"description\" content=\"Hall, mahe pilttapeet suurte lilledega. Biofiilia stiilis efektne p\u00f5hjamaine hele tapeet, mis sobib aktsentseina. Magamistoa v\u00f5i elutoa seinale tapeet.\" \/>\n<meta name=\"robots\" content=\"index, follow, max-snippet:-1, max-image-preview:large, max-video-preview:-1\" \/>\n<link rel=\"canonical\" href=\"https:\/\/baubauwall.com\/et\/toode\/pilttapeet-lillede-kuningriik-helehall\/\" \/>\n<meta property=\"og:locale\" content=\"et_EE\" \/>\n<meta property=\"og:type\" content=\"article\" \/>\n<meta property=\"og:title\" content=\"Pilttapeet suurte, helehallide lilledega - Lillede kuningriik.\" \/>\n<meta property=\"og:description\" content=\"Hall, mahe pilttapeet suurte lilledega. Biofiilia stiilis efektne p\u00f5hjamaine hele tapeet, mis sobib aktsentseina. Magamistoa v\u00f5i elutoa seinale tapeet.\" \/>\n<meta property=\"og:url\" content=\"https:\/\/baubauwall.com\/et\/toode\/pilttapeet-lillede-kuningriik-helehall\/\" \/>\n<meta property=\"og:site_name\" content=\"BAUBAUWALL TAPEEDID\" \/>\n<meta property=\"article:publisher\" content=\"https:\/\/www.facebook.com\/Baubauwall\" \/>\n<meta property=\"article:modified_time\" content=\"2023-07-20T09:35:26+00:00\" \/>\n<meta property=\"og:image\" content=\"https:\/\/baubauwall.com\/wp-content\/uploads\/2022\/11\/51200313_WildMeadow-blackwhite_Baubauwall_Mural_Wallpaper_room7-4.jpg\" \/>\n\t<meta property=\"og:image:width\" content=\"2407\" \/>\n\t<meta property=\"og:image:height\" content=\"1600\" \/>\n\t<meta property=\"og:image:type\" content=\"image\/jpeg\" \/>\n<meta name=\"twitter:card\" content=\"summary_large_image\" \/>\n<meta name=\"twitter:label1\" content=\"Est. reading time\" \/>\n\t<meta name=\"twitter:data1\" content=\"1 minut\" \/>\n<script type=\"application\/ld+json\" class=\"yoast-schema-graph\">{\"@context\":\"https:\/\/schema.org\",\"@graph\":[{\"@type\":\"WebPage\",\"@id\":\"https:\/\/baubauwall.com\/et\/toode\/pilttapeet-lillede-kuningriik-helehall\/\",\"url\":\"https:\/\/baubauwall.com\/et\/toode\/pilttapeet-lillede-kuningriik-helehall\/\",\"name\":\"Pilttapeet suurte, helehallide lilledega - Lillede kuningriik.\",\"isPartOf\":{\"@id\":\"https:\/\/baubauwall.com\/et\/#website\"},\"primaryImageOfPage\":{\"@id\":\"https:\/\/baubauwall.com\/et\/toode\/pilttapeet-lillede-kuningriik-helehall\/#primaryimage\"},\"image\":{\"@id\":\"https:\/\/baubauwall.com\/et\/toode\/pilttapeet-lillede-kuningriik-helehall\/#primaryimage\"},\"thumbnailUrl\":\"https:\/\/baubauwall.com\/wp-content\/uploads\/2022\/11\/51200313_WildMeadow-blackwhite_Baubauwall_Mural_Wallpaper_room7-4.jpg\",\"datePublished\":\"2023-07-15T15:00:22+00:00\",\"dateModified\":\"2023-07-20T09:35:26+00:00\",\"description\":\"Hall, mahe pilttapeet suurte lilledega. Biofiilia stiilis efektne p\u00f5hjamaine hele tapeet, mis sobib aktsentseina. Magamistoa v\u00f5i elutoa seinale tapeet.\",\"breadcrumb\":{\"@id\":\"https:\/\/baubauwall.com\/et\/toode\/pilttapeet-lillede-kuningriik-helehall\/#breadcrumb\"},\"inLanguage\":\"et\",\"potentialAction\":[{\"@type\":\"ReadAction\",\"target\":[\"https:\/\/baubauwall.com\/et\/toode\/pilttapeet-lillede-kuningriik-helehall\/\"]}]},{\"@type\":\"ImageObject\",\"inLanguage\":\"et\",\"@id\":\"https:\/\/baubauwall.com\/et\/toode\/pilttapeet-lillede-kuningriik-helehall\/#primaryimage\",\"url\":\"https:\/\/baubauwall.com\/wp-content\/uploads\/2022\/11\/51200313_WildMeadow-blackwhite_Baubauwall_Mural_Wallpaper_room7-4.jpg\",\"contentUrl\":\"https:\/\/baubauwall.com\/wp-content\/uploads\/2022\/11\/51200313_WildMeadow-blackwhite_Baubauwall_Mural_Wallpaper_room7-4.jpg\",\"width\":2407,\"height\":1600},{\"@type\":\"BreadcrumbList\",\"@id\":\"https:\/\/baubauwall.com\/et\/toode\/pilttapeet-lillede-kuningriik-helehall\/#breadcrumb\",\"itemListElement\":[{\"@type\":\"ListItem\",\"position\":1,\"name\":\"Koju\",\"item\":\"https:\/\/baubauwall.com\/et\/\"},{\"@type\":\"ListItem\",\"position\":2,\"name\":\"Tapeedid\",\"item\":\"https:\/\/baubauwall.com\/et\/tapeedid\/\"},{\"@type\":\"ListItem\",\"position\":3,\"name\":\"Lillede kuningriik &#8211; helehall\"}]},{\"@type\":\"WebSite\",\"@id\":\"https:\/\/baubauwall.com\/et\/#website\",\"url\":\"https:\/\/baubauwall.com\/et\/\",\"name\":\"BAUBAUWALL Wallpapers\",\"description\":\"Valmis paanides tapeet Eestist!\",\"publisher\":{\"@id\":\"https:\/\/baubauwall.com\/et\/#organization\"},\"potentialAction\":[{\"@type\":\"SearchAction\",\"target\":{\"@type\":\"EntryPoint\",\"urlTemplate\":\"https:\/\/baubauwall.com\/et\/?s={search_term_string}\"},\"query-input\":{\"@type\":\"PropertyValueSpecification\",\"valueRequired\":true,\"valueName\":\"search_term_string\"}}],\"inLanguage\":\"et\"},{\"@type\":\"Organization\",\"@id\":\"https:\/\/baubauwall.com\/et\/#organization\",\"name\":\"BAUBAUWALL Wallpapers\",\"url\":\"https:\/\/baubauwall.com\/et\/\",\"logo\":{\"@type\":\"ImageObject\",\"inLanguage\":\"et\",\"@id\":\"https:\/\/baubauwall.com\/et\/#\/schema\/logo\/image\/\",\"url\":\"https:\/\/baubauwall.com\/wp-content\/uploads\/2022\/03\/logo-horizontal.svg\",\"contentUrl\":\"https:\/\/baubauwall.com\/wp-content\/uploads\/2022\/03\/logo-horizontal.svg\",\"width\":\"1024\",\"height\":\"1024\",\"caption\":\"BAUBAUWALL Wallpapers\"},\"image\":{\"@id\":\"https:\/\/baubauwall.com\/et\/#\/schema\/logo\/image\/\"},\"sameAs\":[\"https:\/\/www.facebook.com\/Baubauwall\",\"https:\/\/www.instagram.com\/baubauwall\"]}]}<\/script>\n<!-- \/ Yoast SEO plugin. -->","yoast_head_json":{"title":"Pilttapeet suurte, helehallide lilledega - Lillede kuningriik.","description":"Hall, mahe pilttapeet suurte lilledega. Biofiilia stiilis efektne p\u00f5hjamaine hele tapeet, mis sobib aktsentseina. Magamistoa v\u00f5i elutoa seinale tapeet.","robots":{"index":"index","follow":"follow","max-snippet":"max-snippet:-1","max-image-preview":"max-image-preview:large","max-video-preview":"max-video-preview:-1"},"canonical":"https:\/\/baubauwall.com\/et\/toode\/pilttapeet-lillede-kuningriik-helehall\/","og_locale":"et_EE","og_type":"article","og_title":"Pilttapeet suurte, helehallide lilledega - Lillede kuningriik.","og_description":"Hall, mahe pilttapeet suurte lilledega. Biofiilia stiilis efektne p\u00f5hjamaine hele tapeet, mis sobib aktsentseina. Magamistoa v\u00f5i elutoa seinale tapeet.","og_url":"https:\/\/baubauwall.com\/et\/toode\/pilttapeet-lillede-kuningriik-helehall\/","og_site_name":"BAUBAUWALL TAPEEDID","article_publisher":"https:\/\/www.facebook.com\/Baubauwall","article_modified_time":"2023-07-20T09:35:26+00:00","og_image":[{"width":2407,"height":1600,"url":"https:\/\/baubauwall.com\/wp-content\/uploads\/2022\/11\/51200313_WildMeadow-blackwhite_Baubauwall_Mural_Wallpaper_room7-4.jpg","type":"image\/jpeg"}],"twitter_card":"summary_large_image","twitter_misc":{"Est. reading time":"1 minut"},"schema":{"@context":"https:\/\/schema.org","@graph":[{"@type":"WebPage","@id":"https:\/\/baubauwall.com\/et\/toode\/pilttapeet-lillede-kuningriik-helehall\/","url":"https:\/\/baubauwall.com\/et\/toode\/pilttapeet-lillede-kuningriik-helehall\/","name":"Pilttapeet suurte, helehallide lilledega - Lillede kuningriik.","isPartOf":{"@id":"https:\/\/baubauwall.com\/et\/#website"},"primaryImageOfPage":{"@id":"https:\/\/baubauwall.com\/et\/toode\/pilttapeet-lillede-kuningriik-helehall\/#primaryimage"},"image":{"@id":"https:\/\/baubauwall.com\/et\/toode\/pilttapeet-lillede-kuningriik-helehall\/#primaryimage"},"thumbnailUrl":"https:\/\/baubauwall.com\/wp-content\/uploads\/2022\/11\/51200313_WildMeadow-blackwhite_Baubauwall_Mural_Wallpaper_room7-4.jpg","datePublished":"2023-07-15T15:00:22+00:00","dateModified":"2023-07-20T09:35:26+00:00","description":"Hall, mahe pilttapeet suurte lilledega. Biofiilia stiilis efektne p\u00f5hjamaine hele tapeet, mis sobib aktsentseina. Magamistoa v\u00f5i elutoa seinale tapeet.","breadcrumb":{"@id":"https:\/\/baubauwall.com\/et\/toode\/pilttapeet-lillede-kuningriik-helehall\/#breadcrumb"},"inLanguage":"et","potentialAction":[{"@type":"ReadAction","target":["https:\/\/baubauwall.com\/et\/toode\/pilttapeet-lillede-kuningriik-helehall\/"]}]},{"@type":"ImageObject","inLanguage":"et","@id":"https:\/\/baubauwall.com\/et\/toode\/pilttapeet-lillede-kuningriik-helehall\/#primaryimage","url":"https:\/\/baubauwall.com\/wp-content\/uploads\/2022\/11\/51200313_WildMeadow-blackwhite_Baubauwall_Mural_Wallpaper_room7-4.jpg","contentUrl":"https:\/\/baubauwall.com\/wp-content\/uploads\/2022\/11\/51200313_WildMeadow-blackwhite_Baubauwall_Mural_Wallpaper_room7-4.jpg","width":2407,"height":1600},{"@type":"BreadcrumbList","@id":"https:\/\/baubauwall.com\/et\/toode\/pilttapeet-lillede-kuningriik-helehall\/#breadcrumb","itemListElement":[{"@type":"ListItem","position":1,"name":"Koju","item":"https:\/\/baubauwall.com\/et\/"},{"@type":"ListItem","position":2,"name":"Tapeedid","item":"https:\/\/baubauwall.com\/et\/tapeedid\/"},{"@type":"ListItem","position":3,"name":"Lillede kuningriik &#8211; helehall"}]},{"@type":"WebSite","@id":"https:\/\/baubauwall.com\/et\/#website","url":"https:\/\/baubauwall.com\/et\/","name":"BAUBAUWALL Wallpapers","description":"Valmis paanides tapeet Eestist!","publisher":{"@id":"https:\/\/baubauwall.com\/et\/#organization"},"potentialAction":[{"@type":"SearchAction","target":{"@type":"EntryPoint","urlTemplate":"https:\/\/baubauwall.com\/et\/?s={search_term_string}"},"query-input":{"@type":"PropertyValueSpecification","valueRequired":true,"valueName":"search_term_string"}}],"inLanguage":"et"},{"@type":"Organization","@id":"https:\/\/baubauwall.com\/et\/#organization","name":"BAUBAUWALL Wallpapers","url":"https:\/\/baubauwall.com\/et\/","logo":{"@type":"ImageObject","inLanguage":"et","@id":"https:\/\/baubauwall.com\/et\/#\/schema\/logo\/image\/","url":"https:\/\/baubauwall.com\/wp-content\/uploads\/2022\/03\/logo-horizontal.svg","contentUrl":"https:\/\/baubauwall.com\/wp-content\/uploads\/2022\/03\/logo-horizontal.svg","width":"1024","height":"1024","caption":"BAUBAUWALL Wallpapers"},"image":{"@id":"https:\/\/baubauwall.com\/et\/#\/schema\/logo\/image\/"},"sameAs":["https:\/\/www.facebook.com\/Baubauwall","https:\/\/www.instagram.com\/baubauwall"]}]}},"jetpack_sharing_enabled":true,"_links":{"self":[{"href":"https:\/\/baubauwall.com\/et\/wp-json\/wp\/v2\/product\/30408","targetHints":{"allow":["GET"]}}],"collection":[{"href":"https:\/\/baubauwall.com\/et\/wp-json\/wp\/v2\/product"}],"about":[{"href":"https:\/\/baubauwall.com\/et\/wp-json\/wp\/v2\/types\/product"}],"replies":[{"embeddable":true,"href":"https:\/\/baubauwall.com\/et\/wp-json\/wp\/v2\/comments?post=30408"}],"wp:featuredmedia":[{"embeddable":true,"href":"https:\/\/baubauwall.com\/et\/wp-json\/wp\/v2\/media\/30394"}],"wp:attachment":[{"href":"https:\/\/baubauwall.com\/et\/wp-json\/wp\/v2\/media?parent=30408"}],"wp:term":[{"taxonomy":"product_brand","embeddable":true,"href":"https:\/\/baubauwall.com\/et\/wp-json\/wp\/v2\/product_brand?post=30408"},{"taxonomy":"product_cat","embeddable":true,"href":"https:\/\/baubauwall.com\/et\/wp-json\/wp\/v2\/product_cat?post=30408"},{"taxonomy":"product_tag","embeddable":true,"href":"https:\/\/baubauwall.com\/et\/wp-json\/wp\/v2\/product_tag?post=30408"}],"curies":[{"name":"wp","href":"https:\/\/api.w.org\/{rel}","templated":true}]}}