{"id":30528,"date":"2023-08-01T13:42:39","date_gmt":"2023-08-01T11:42:39","guid":{"rendered":"https:\/\/baubauwall.com\/?post_type=product&#038;p=30528"},"modified":"2024-10-23T09:54:30","modified_gmt":"2024-10-23T07:54:30","slug":"fototapeet-udune-kuusemets","status":"publish","type":"product","link":"https:\/\/baubauwall.com\/et\/toode\/fototapeet-udune-kuusemets\/","title":{"rendered":"Fototapeet Udune kuusemets"},"content":{"rendered":"<p>Populaarne fototapeet uduse metsavaatega. Hommikuudus kuusemets fototapeet on rahulik ja P\u00f5hjamaine disain, mis on ideaalne valik aktsentseinale magamistoas, elutoas v\u00f5i hoopis kodukontori seinale. Tapeedi roheline v\u00e4rvitoon on rahulik ja rahustav. Lase udune metsavaade ja h\u00f5ng oma tuppa! <a href=\"https:\/\/i0.wp.com\/baubauwall.com\/wp-content\/uploads\/2024\/05\/Foggy-Forest-Photo-Mural-Wallpaper-baubauwall-home-view-2.jpg?ssl=1\">Vaata galeriist<\/a>, kuidas seda tapeeti on oskuslikult kasutatud interj\u00f6\u00f6ris.<\/p>\n<p>Nagu k\u00f5ik meie tapeedid on ka see fototapeet tr\u00fckitud keskkonnas\u00f5bralike v\u00e4rvidega hingavale, fliistapeedi materjalile. Sinu uus efektne fototapeet on l\u00f5igatud nummerdatud paanideks \u2013 t\u00e4pselt nii pikad, kui Sinu sein. Kuidas see t\u00f6\u00f6tab \u2013 loe l\u00e4hemalt<a href=\"https:\/\/baubauwall.com\/et\/kuidas-see-tootab\/\" target=\"_blank\" rel=\"noopener\">\u00a0siit.<\/a><\/p>\n<p>&nbsp;<\/p>\n","protected":false},"excerpt":{"rendered":"<p>Populaarne fototapeet uduse metsavaatega. Hommikuudus kuusemets fototapeet on rahulik ja P\u00f5hjamaine disain, mis on ideaalne valik aktsentseinale magamistoas, elutoas v\u00f5i hoopis kodukontori seinale. Tapeedi roheline v\u00e4rvitoon on rahulik ja rahustav. Lase udune metsavaade ja h\u00f5ng oma tuppa! Vaata galeriist, kuidas seda tapeeti on oskuslikult kasutatud interj\u00f6\u00f6ris. Nagu k\u00f5ik meie tapeedid on ka see fototapeet tr\u00fckitud [&hellip;]<\/p>\n","protected":false},"featured_media":30618,"comment_status":"open","ping_status":"closed","template":"","meta":{"_acf_changed":false,"inline_featured_image":false},"product_brand":[],"product_cat":[433,406,396,271,413,414,399,402,245,248,254],"product_tag":[563,454,328],"class_list":{"0":"post-30528","1":"product","2":"type-product","3":"status-publish","4":"has-post-thumbnail","6":"product_cat-fototapeedid","7":"product_cat-klassika","8":"product_cat-skandinaavia","9":"product_cat-rohelised-tapeedid","10":"product_cat-magamistoa-tapeedid","11":"product_cat-soogitoa-tapeedid","12":"product_cat-kodukontori-tapeedid","13":"product_cat-elutoa-tapeedid","14":"product_cat-maastik","15":"product_cat-mets","16":"product_cat-loodus","17":"product_tag-biofiilia-stiil","18":"product_tag-fototapeet-et","19":"product_tag-udune","20":"pa_designedby-baubauwall","22":"first","23":"instock","24":"taxable","25":"shipping-taxable","26":"purchasable","27":"product-type-simple"},"acf":[],"yoast_head":"<!-- This site is optimized with the Yoast SEO plugin v25.9 - https:\/\/yoast.com\/wordpress\/plugins\/seo\/ -->\n<title>Fototapeet vaatega udusele metsale hommikul.<\/title>\n<meta name=\"description\" content=\"Roheline, udune mets fototapeet magamistuppa, elutoa seinale. Udune mets fototapeet on hea valik aktsentseinale. Roheline v\u00e4rv rahustab, toob looduse koju!\" \/>\n<meta name=\"robots\" content=\"index, follow, max-snippet:-1, max-image-preview:large, max-video-preview:-1\" \/>\n<link rel=\"canonical\" href=\"https:\/\/baubauwall.com\/et\/toode\/fototapeet-udune-kuusemets\/\" \/>\n<meta property=\"og:locale\" content=\"et_EE\" \/>\n<meta property=\"og:type\" content=\"article\" \/>\n<meta property=\"og:title\" content=\"Fototapeet vaatega udusele metsale hommikul.\" \/>\n<meta property=\"og:description\" content=\"Roheline, udune mets fototapeet magamistuppa, elutoa seinale. Udune mets fototapeet on hea valik aktsentseinale. Roheline v\u00e4rv rahustab, toob looduse koju!\" \/>\n<meta property=\"og:url\" content=\"https:\/\/baubauwall.com\/et\/toode\/fototapeet-udune-kuusemets\/\" \/>\n<meta property=\"og:site_name\" content=\"BAUBAUWALL TAPEEDID\" \/>\n<meta property=\"article:publisher\" content=\"https:\/\/www.facebook.com\/Baubauwall\" \/>\n<meta property=\"article:modified_time\" content=\"2024-10-23T07:54:30+00:00\" \/>\n<meta property=\"og:image\" content=\"https:\/\/baubauwall.com\/wp-content\/uploads\/2023\/08\/51300022_Foggy_Fir_Forest_Baubauwall_Photol_Wallpaper_room6-8.jpg\" \/>\n\t<meta property=\"og:image:width\" content=\"2400\" \/>\n\t<meta property=\"og:image:height\" content=\"1600\" \/>\n\t<meta property=\"og:image:type\" content=\"image\/jpeg\" \/>\n<meta name=\"twitter:card\" content=\"summary_large_image\" \/>\n<meta name=\"twitter:label1\" content=\"Est. reading time\" \/>\n\t<meta name=\"twitter:data1\" content=\"1 minut\" \/>\n<script type=\"application\/ld+json\" class=\"yoast-schema-graph\">{\"@context\":\"https:\/\/schema.org\",\"@graph\":[{\"@type\":\"WebPage\",\"@id\":\"https:\/\/baubauwall.com\/et\/toode\/fototapeet-udune-kuusemets\/\",\"url\":\"https:\/\/baubauwall.com\/et\/toode\/fototapeet-udune-kuusemets\/\",\"name\":\"Fototapeet vaatega udusele metsale hommikul.\",\"isPartOf\":{\"@id\":\"https:\/\/baubauwall.com\/et\/#website\"},\"primaryImageOfPage\":{\"@id\":\"https:\/\/baubauwall.com\/et\/toode\/fototapeet-udune-kuusemets\/#primaryimage\"},\"image\":{\"@id\":\"https:\/\/baubauwall.com\/et\/toode\/fototapeet-udune-kuusemets\/#primaryimage\"},\"thumbnailUrl\":\"https:\/\/baubauwall.com\/wp-content\/uploads\/2023\/08\/51300022_Foggy_Fir_Forest_Baubauwall_Photol_Wallpaper_room6-8.jpg\",\"datePublished\":\"2023-08-01T11:42:39+00:00\",\"dateModified\":\"2024-10-23T07:54:30+00:00\",\"description\":\"Roheline, udune mets fototapeet magamistuppa, elutoa seinale. Udune mets fototapeet on hea valik aktsentseinale. Roheline v\u00e4rv rahustab, toob looduse koju!\",\"breadcrumb\":{\"@id\":\"https:\/\/baubauwall.com\/et\/toode\/fototapeet-udune-kuusemets\/#breadcrumb\"},\"inLanguage\":\"et\",\"potentialAction\":[{\"@type\":\"ReadAction\",\"target\":[\"https:\/\/baubauwall.com\/et\/toode\/fototapeet-udune-kuusemets\/\"]}]},{\"@type\":\"ImageObject\",\"inLanguage\":\"et\",\"@id\":\"https:\/\/baubauwall.com\/et\/toode\/fototapeet-udune-kuusemets\/#primaryimage\",\"url\":\"https:\/\/baubauwall.com\/wp-content\/uploads\/2023\/08\/51300022_Foggy_Fir_Forest_Baubauwall_Photol_Wallpaper_room6-8.jpg\",\"contentUrl\":\"https:\/\/baubauwall.com\/wp-content\/uploads\/2023\/08\/51300022_Foggy_Fir_Forest_Baubauwall_Photol_Wallpaper_room6-8.jpg\",\"width\":2400,\"height\":1600,\"caption\":\"Fototapeet udune roheline mets. Imeline tapeet koju\"},{\"@type\":\"BreadcrumbList\",\"@id\":\"https:\/\/baubauwall.com\/et\/toode\/fototapeet-udune-kuusemets\/#breadcrumb\",\"itemListElement\":[{\"@type\":\"ListItem\",\"position\":1,\"name\":\"Koju\",\"item\":\"https:\/\/baubauwall.com\/et\/\"},{\"@type\":\"ListItem\",\"position\":2,\"name\":\"Tapeedid\",\"item\":\"https:\/\/baubauwall.com\/et\/tapeedid\/\"},{\"@type\":\"ListItem\",\"position\":3,\"name\":\"Fototapeet Udune kuusemets\"}]},{\"@type\":\"WebSite\",\"@id\":\"https:\/\/baubauwall.com\/et\/#website\",\"url\":\"https:\/\/baubauwall.com\/et\/\",\"name\":\"BAUBAUWALL Wallpapers\",\"description\":\"Valmis paanides tapeet Eestist!\",\"publisher\":{\"@id\":\"https:\/\/baubauwall.com\/et\/#organization\"},\"potentialAction\":[{\"@type\":\"SearchAction\",\"target\":{\"@type\":\"EntryPoint\",\"urlTemplate\":\"https:\/\/baubauwall.com\/et\/?s={search_term_string}\"},\"query-input\":{\"@type\":\"PropertyValueSpecification\",\"valueRequired\":true,\"valueName\":\"search_term_string\"}}],\"inLanguage\":\"et\"},{\"@type\":\"Organization\",\"@id\":\"https:\/\/baubauwall.com\/et\/#organization\",\"name\":\"BAUBAUWALL Wallpapers\",\"url\":\"https:\/\/baubauwall.com\/et\/\",\"logo\":{\"@type\":\"ImageObject\",\"inLanguage\":\"et\",\"@id\":\"https:\/\/baubauwall.com\/et\/#\/schema\/logo\/image\/\",\"url\":\"https:\/\/baubauwall.com\/wp-content\/uploads\/2022\/03\/logo-horizontal.svg\",\"contentUrl\":\"https:\/\/baubauwall.com\/wp-content\/uploads\/2022\/03\/logo-horizontal.svg\",\"width\":\"1024\",\"height\":\"1024\",\"caption\":\"BAUBAUWALL Wallpapers\"},\"image\":{\"@id\":\"https:\/\/baubauwall.com\/et\/#\/schema\/logo\/image\/\"},\"sameAs\":[\"https:\/\/www.facebook.com\/Baubauwall\",\"https:\/\/www.instagram.com\/baubauwall\"]}]}<\/script>\n<!-- \/ Yoast SEO plugin. -->","yoast_head_json":{"title":"Fototapeet vaatega udusele metsale hommikul.","description":"Roheline, udune mets fototapeet magamistuppa, elutoa seinale. Udune mets fototapeet on hea valik aktsentseinale. Roheline v\u00e4rv rahustab, toob looduse koju!","robots":{"index":"index","follow":"follow","max-snippet":"max-snippet:-1","max-image-preview":"max-image-preview:large","max-video-preview":"max-video-preview:-1"},"canonical":"https:\/\/baubauwall.com\/et\/toode\/fototapeet-udune-kuusemets\/","og_locale":"et_EE","og_type":"article","og_title":"Fototapeet vaatega udusele metsale hommikul.","og_description":"Roheline, udune mets fototapeet magamistuppa, elutoa seinale. Udune mets fototapeet on hea valik aktsentseinale. Roheline v\u00e4rv rahustab, toob looduse koju!","og_url":"https:\/\/baubauwall.com\/et\/toode\/fototapeet-udune-kuusemets\/","og_site_name":"BAUBAUWALL TAPEEDID","article_publisher":"https:\/\/www.facebook.com\/Baubauwall","article_modified_time":"2024-10-23T07:54:30+00:00","og_image":[{"width":2400,"height":1600,"url":"https:\/\/baubauwall.com\/wp-content\/uploads\/2023\/08\/51300022_Foggy_Fir_Forest_Baubauwall_Photol_Wallpaper_room6-8.jpg","type":"image\/jpeg"}],"twitter_card":"summary_large_image","twitter_misc":{"Est. reading time":"1 minut"},"schema":{"@context":"https:\/\/schema.org","@graph":[{"@type":"WebPage","@id":"https:\/\/baubauwall.com\/et\/toode\/fototapeet-udune-kuusemets\/","url":"https:\/\/baubauwall.com\/et\/toode\/fototapeet-udune-kuusemets\/","name":"Fototapeet vaatega udusele metsale hommikul.","isPartOf":{"@id":"https:\/\/baubauwall.com\/et\/#website"},"primaryImageOfPage":{"@id":"https:\/\/baubauwall.com\/et\/toode\/fototapeet-udune-kuusemets\/#primaryimage"},"image":{"@id":"https:\/\/baubauwall.com\/et\/toode\/fototapeet-udune-kuusemets\/#primaryimage"},"thumbnailUrl":"https:\/\/baubauwall.com\/wp-content\/uploads\/2023\/08\/51300022_Foggy_Fir_Forest_Baubauwall_Photol_Wallpaper_room6-8.jpg","datePublished":"2023-08-01T11:42:39+00:00","dateModified":"2024-10-23T07:54:30+00:00","description":"Roheline, udune mets fototapeet magamistuppa, elutoa seinale. Udune mets fototapeet on hea valik aktsentseinale. Roheline v\u00e4rv rahustab, toob looduse koju!","breadcrumb":{"@id":"https:\/\/baubauwall.com\/et\/toode\/fototapeet-udune-kuusemets\/#breadcrumb"},"inLanguage":"et","potentialAction":[{"@type":"ReadAction","target":["https:\/\/baubauwall.com\/et\/toode\/fototapeet-udune-kuusemets\/"]}]},{"@type":"ImageObject","inLanguage":"et","@id":"https:\/\/baubauwall.com\/et\/toode\/fototapeet-udune-kuusemets\/#primaryimage","url":"https:\/\/baubauwall.com\/wp-content\/uploads\/2023\/08\/51300022_Foggy_Fir_Forest_Baubauwall_Photol_Wallpaper_room6-8.jpg","contentUrl":"https:\/\/baubauwall.com\/wp-content\/uploads\/2023\/08\/51300022_Foggy_Fir_Forest_Baubauwall_Photol_Wallpaper_room6-8.jpg","width":2400,"height":1600,"caption":"Fototapeet udune roheline mets. Imeline tapeet koju"},{"@type":"BreadcrumbList","@id":"https:\/\/baubauwall.com\/et\/toode\/fototapeet-udune-kuusemets\/#breadcrumb","itemListElement":[{"@type":"ListItem","position":1,"name":"Koju","item":"https:\/\/baubauwall.com\/et\/"},{"@type":"ListItem","position":2,"name":"Tapeedid","item":"https:\/\/baubauwall.com\/et\/tapeedid\/"},{"@type":"ListItem","position":3,"name":"Fototapeet Udune kuusemets"}]},{"@type":"WebSite","@id":"https:\/\/baubauwall.com\/et\/#website","url":"https:\/\/baubauwall.com\/et\/","name":"BAUBAUWALL Wallpapers","description":"Valmis paanides tapeet Eestist!","publisher":{"@id":"https:\/\/baubauwall.com\/et\/#organization"},"potentialAction":[{"@type":"SearchAction","target":{"@type":"EntryPoint","urlTemplate":"https:\/\/baubauwall.com\/et\/?s={search_term_string}"},"query-input":{"@type":"PropertyValueSpecification","valueRequired":true,"valueName":"search_term_string"}}],"inLanguage":"et"},{"@type":"Organization","@id":"https:\/\/baubauwall.com\/et\/#organization","name":"BAUBAUWALL Wallpapers","url":"https:\/\/baubauwall.com\/et\/","logo":{"@type":"ImageObject","inLanguage":"et","@id":"https:\/\/baubauwall.com\/et\/#\/schema\/logo\/image\/","url":"https:\/\/baubauwall.com\/wp-content\/uploads\/2022\/03\/logo-horizontal.svg","contentUrl":"https:\/\/baubauwall.com\/wp-content\/uploads\/2022\/03\/logo-horizontal.svg","width":"1024","height":"1024","caption":"BAUBAUWALL Wallpapers"},"image":{"@id":"https:\/\/baubauwall.com\/et\/#\/schema\/logo\/image\/"},"sameAs":["https:\/\/www.facebook.com\/Baubauwall","https:\/\/www.instagram.com\/baubauwall"]}]}},"jetpack_sharing_enabled":true,"_links":{"self":[{"href":"https:\/\/baubauwall.com\/et\/wp-json\/wp\/v2\/product\/30528","targetHints":{"allow":["GET"]}}],"collection":[{"href":"https:\/\/baubauwall.com\/et\/wp-json\/wp\/v2\/product"}],"about":[{"href":"https:\/\/baubauwall.com\/et\/wp-json\/wp\/v2\/types\/product"}],"replies":[{"embeddable":true,"href":"https:\/\/baubauwall.com\/et\/wp-json\/wp\/v2\/comments?post=30528"}],"wp:featuredmedia":[{"embeddable":true,"href":"https:\/\/baubauwall.com\/et\/wp-json\/wp\/v2\/media\/30618"}],"wp:attachment":[{"href":"https:\/\/baubauwall.com\/et\/wp-json\/wp\/v2\/media?parent=30528"}],"wp:term":[{"taxonomy":"product_brand","embeddable":true,"href":"https:\/\/baubauwall.com\/et\/wp-json\/wp\/v2\/product_brand?post=30528"},{"taxonomy":"product_cat","embeddable":true,"href":"https:\/\/baubauwall.com\/et\/wp-json\/wp\/v2\/product_cat?post=30528"},{"taxonomy":"product_tag","embeddable":true,"href":"https:\/\/baubauwall.com\/et\/wp-json\/wp\/v2\/product_tag?post=30528"}],"curies":[{"name":"wp","href":"https:\/\/api.w.org\/{rel}","templated":true}]}}