{"id":30631,"date":"2023-08-07T11:19:08","date_gmt":"2023-08-07T09:19:08","guid":{"rendered":"https:\/\/baubauwall.com\/?post_type=product&#038;p=30631"},"modified":"2025-01-06T12:15:23","modified_gmt":"2025-01-06T10:15:23","slug":"pilttapeet-akvarellipisarad-helehall","status":"publish","type":"product","link":"https:\/\/baubauwall.com\/et\/toode\/pilttapeet-akvarellipisarad-helehall\/","title":{"rendered":"Akvarellipisarad &#8211; helehall"},"content":{"rendered":"<p>Hall tapeet, millelt leiad abstraktsed vesiv\u00e4rvide laigud. Halli v\u00e4rvi tapeet on rahulik ja maalitud P\u00f5hjamaises stiilis. Seega &#8211; ideaalne valik tapeedile, millega sisustad magamistuba, kodukontorit v\u00f5i elutuba. Mitmetahulisel akvarellidega maalitud pilttapeedil on halli rahulikkust ja pintslit\u00f5mmete draamat. P\u00f5hjamaine disain, mis on oman\u00e4oline ja stiilne tapeedivalik. Vesiv\u00e4rvide stiil on tapeedimoes valik, mis on ajatu.<\/p>\n<p>Nagu k\u00f5ik meie tapeedid, fototapeedid ja pilttapeedid, on ka see disain tr\u00fckitud hingavale, keskkonnas\u00f5bralike v\u00e4rvidega fliistapeedi materjalile. Sinu uus tapeet on nummerdatud paanides, mida on lihtne paigaldada. Loe lisaks j\u00e4\u00e4tmevabast ja innovaatilisest <a href=\"https:\/\/baubauwall.com\/et\/keskkonnasobralikud-tapeedid\/\" target=\"_blank\" rel=\"noopener\">tapeeditootmisest siin.<\/a><\/p>\n<p>&nbsp;<\/p>\n<p>&nbsp;<\/p>\n","protected":false},"excerpt":{"rendered":"<p>Hall tapeet, millelt leiad abstraktsed vesiv\u00e4rvide laigud. Halli v\u00e4rvi tapeet on rahulik ja maalitud P\u00f5hjamaises stiilis. Seega &#8211; ideaalne valik tapeedile, millega sisustad magamistuba, kodukontorit v\u00f5i elutuba. Mitmetahulisel akvarellidega maalitud pilttapeedil on halli rahulikkust ja pintslit\u00f5mmete draamat. P\u00f5hjamaine disain, mis on oman\u00e4oline ja stiilne tapeedivalik. Vesiv\u00e4rvide stiil on tapeedimoes valik, mis on ajatu. Nagu k\u00f5ik [&hellip;]<\/p>\n","protected":false},"featured_media":30648,"comment_status":"open","ping_status":"closed","template":"","meta":{"_acf_changed":false,"inline_featured_image":false},"product_brand":[],"product_cat":[387,404,396,272,273,276,413,414,399,402,583],"product_tag":[314,345,381],"class_list":{"0":"post-30631","1":"product","2":"type-product","3":"status-publish","4":"has-post-thumbnail","6":"product_cat-pilttapeedid","7":"product_cat-abstraktne","8":"product_cat-skandinaavia","9":"product_cat-hallid-tapeedid","10":"product_cat-heledad-tapeedid","11":"product_cat-pastelsed-tapeedid","12":"product_cat-magamistoa-tapeedid","13":"product_cat-soogitoa-tapeedid","14":"product_cat-kodukontori-tapeedid","15":"product_cat-elutoa-tapeedid","16":"product_cat-vesivarv","17":"product_tag-faux-surface-et","18":"product_tag-pilttapeet","19":"product_tag-vesivarv","20":"pa_designedby-baubauwall","22":"first","23":"instock","24":"taxable","25":"shipping-taxable","26":"purchasable","27":"product-type-simple"},"acf":[],"yoast_head":"<!-- This site is optimized with the Yoast SEO plugin v25.9 - https:\/\/yoast.com\/wordpress\/plugins\/seo\/ -->\n<title>Hall vesiv\u00e4rvi, hele pilttapeet. Sinu seina m\u00f5\u00f5tu tapeedid.<\/title>\n<meta name=\"description\" content=\"Kunstip\u00e4rane, halli vesiv\u00e4rvi pilttapeet elutoa v\u00f5i magamistoa seinale. Tapeedidisain, mis loob vau-efekti. T\u00e4pselt seina m\u00f5\u00f5tu l\u00f5igatud tapeedid.\" \/>\n<meta name=\"robots\" content=\"index, follow, max-snippet:-1, max-image-preview:large, max-video-preview:-1\" \/>\n<link rel=\"canonical\" href=\"https:\/\/baubauwall.com\/et\/toode\/pilttapeet-akvarellipisarad-helehall\/\" \/>\n<meta property=\"og:locale\" content=\"et_EE\" \/>\n<meta property=\"og:type\" content=\"article\" \/>\n<meta property=\"og:title\" content=\"Akvarellipisarad - helehall\" \/>\n<meta property=\"og:description\" content=\"BAUBAUWALL TAPEEDID\" \/>\n<meta property=\"og:url\" content=\"https:\/\/baubauwall.com\/et\/toode\/pilttapeet-akvarellipisarad-helehall\/\" \/>\n<meta property=\"og:site_name\" content=\"BAUBAUWALL TAPEEDID\" \/>\n<meta property=\"article:publisher\" content=\"https:\/\/www.facebook.com\/Baubauwall\" \/>\n<meta property=\"article:modified_time\" content=\"2025-01-06T10:15:23+00:00\" \/>\n<meta property=\"og:image\" content=\"https:\/\/baubauwall.com\/wp-content\/uploads\/2022\/03\/51200103_WaterColorDream_beige_Baubauwall_Wallmural_room7-5.jpg\" \/>\n\t<meta property=\"og:image:width\" content=\"1041\" \/>\n\t<meta property=\"og:image:height\" content=\"800\" \/>\n\t<meta property=\"og:image:type\" content=\"image\/jpeg\" \/>\n<meta name=\"twitter:card\" content=\"summary_large_image\" \/>\n<meta name=\"twitter:label1\" content=\"Est. reading time\" \/>\n\t<meta name=\"twitter:data1\" content=\"1 minut\" \/>\n<script type=\"application\/ld+json\" class=\"yoast-schema-graph\">{\"@context\":\"https:\/\/schema.org\",\"@graph\":[{\"@type\":\"WebPage\",\"@id\":\"https:\/\/baubauwall.com\/et\/toode\/pilttapeet-akvarellipisarad-helehall\/\",\"url\":\"https:\/\/baubauwall.com\/et\/toode\/pilttapeet-akvarellipisarad-helehall\/\",\"name\":\"Hall vesiv\u00e4rvi, hele pilttapeet. Sinu seina m\u00f5\u00f5tu tapeedid.\",\"isPartOf\":{\"@id\":\"https:\/\/baubauwall.com\/et\/#website\"},\"primaryImageOfPage\":{\"@id\":\"https:\/\/baubauwall.com\/et\/toode\/pilttapeet-akvarellipisarad-helehall\/#primaryimage\"},\"image\":{\"@id\":\"https:\/\/baubauwall.com\/et\/toode\/pilttapeet-akvarellipisarad-helehall\/#primaryimage\"},\"thumbnailUrl\":\"https:\/\/baubauwall.com\/wp-content\/uploads\/2023\/08\/51200328_WaterColorDrops-grey_Baubauwall_Mural_Wallpaper_room5.jpg\",\"datePublished\":\"2023-08-07T09:19:08+00:00\",\"dateModified\":\"2025-01-06T10:15:23+00:00\",\"description\":\"Kunstip\u00e4rane, halli vesiv\u00e4rvi pilttapeet elutoa v\u00f5i magamistoa seinale. Tapeedidisain, mis loob vau-efekti. T\u00e4pselt seina m\u00f5\u00f5tu l\u00f5igatud tapeedid.\",\"breadcrumb\":{\"@id\":\"https:\/\/baubauwall.com\/et\/toode\/pilttapeet-akvarellipisarad-helehall\/#breadcrumb\"},\"inLanguage\":\"et\",\"potentialAction\":[{\"@type\":\"ReadAction\",\"target\":[\"https:\/\/baubauwall.com\/et\/toode\/pilttapeet-akvarellipisarad-helehall\/\"]}]},{\"@type\":\"ImageObject\",\"inLanguage\":\"et\",\"@id\":\"https:\/\/baubauwall.com\/et\/toode\/pilttapeet-akvarellipisarad-helehall\/#primaryimage\",\"url\":\"https:\/\/baubauwall.com\/wp-content\/uploads\/2023\/08\/51200328_WaterColorDrops-grey_Baubauwall_Mural_Wallpaper_room5.jpg\",\"contentUrl\":\"https:\/\/baubauwall.com\/wp-content\/uploads\/2023\/08\/51200328_WaterColorDrops-grey_Baubauwall_Mural_Wallpaper_room5.jpg\",\"width\":2537,\"height\":1600},{\"@type\":\"BreadcrumbList\",\"@id\":\"https:\/\/baubauwall.com\/et\/toode\/pilttapeet-akvarellipisarad-helehall\/#breadcrumb\",\"itemListElement\":[{\"@type\":\"ListItem\",\"position\":1,\"name\":\"Koju\",\"item\":\"https:\/\/baubauwall.com\/et\/\"},{\"@type\":\"ListItem\",\"position\":2,\"name\":\"Tapeedid\",\"item\":\"https:\/\/baubauwall.com\/et\/tapeedid\/\"},{\"@type\":\"ListItem\",\"position\":3,\"name\":\"Akvarellipisarad &#8211; helehall\"}]},{\"@type\":\"WebSite\",\"@id\":\"https:\/\/baubauwall.com\/et\/#website\",\"url\":\"https:\/\/baubauwall.com\/et\/\",\"name\":\"BAUBAUWALL Wallpapers\",\"description\":\"Valmis paanides tapeet Eestist!\",\"publisher\":{\"@id\":\"https:\/\/baubauwall.com\/et\/#organization\"},\"potentialAction\":[{\"@type\":\"SearchAction\",\"target\":{\"@type\":\"EntryPoint\",\"urlTemplate\":\"https:\/\/baubauwall.com\/et\/?s={search_term_string}\"},\"query-input\":{\"@type\":\"PropertyValueSpecification\",\"valueRequired\":true,\"valueName\":\"search_term_string\"}}],\"inLanguage\":\"et\"},{\"@type\":\"Organization\",\"@id\":\"https:\/\/baubauwall.com\/et\/#organization\",\"name\":\"BAUBAUWALL Wallpapers\",\"url\":\"https:\/\/baubauwall.com\/et\/\",\"logo\":{\"@type\":\"ImageObject\",\"inLanguage\":\"et\",\"@id\":\"https:\/\/baubauwall.com\/et\/#\/schema\/logo\/image\/\",\"url\":\"https:\/\/baubauwall.com\/wp-content\/uploads\/2022\/03\/logo-horizontal.svg\",\"contentUrl\":\"https:\/\/baubauwall.com\/wp-content\/uploads\/2022\/03\/logo-horizontal.svg\",\"width\":\"1024\",\"height\":\"1024\",\"caption\":\"BAUBAUWALL Wallpapers\"},\"image\":{\"@id\":\"https:\/\/baubauwall.com\/et\/#\/schema\/logo\/image\/\"},\"sameAs\":[\"https:\/\/www.facebook.com\/Baubauwall\",\"https:\/\/www.instagram.com\/baubauwall\"]}]}<\/script>\n<!-- \/ Yoast SEO plugin. -->","yoast_head_json":{"title":"Hall vesiv\u00e4rvi, hele pilttapeet. Sinu seina m\u00f5\u00f5tu tapeedid.","description":"Kunstip\u00e4rane, halli vesiv\u00e4rvi pilttapeet elutoa v\u00f5i magamistoa seinale. Tapeedidisain, mis loob vau-efekti. T\u00e4pselt seina m\u00f5\u00f5tu l\u00f5igatud tapeedid.","robots":{"index":"index","follow":"follow","max-snippet":"max-snippet:-1","max-image-preview":"max-image-preview:large","max-video-preview":"max-video-preview:-1"},"canonical":"https:\/\/baubauwall.com\/et\/toode\/pilttapeet-akvarellipisarad-helehall\/","og_locale":"et_EE","og_type":"article","og_title":"Akvarellipisarad - helehall","og_description":"BAUBAUWALL TAPEEDID","og_url":"https:\/\/baubauwall.com\/et\/toode\/pilttapeet-akvarellipisarad-helehall\/","og_site_name":"BAUBAUWALL TAPEEDID","article_publisher":"https:\/\/www.facebook.com\/Baubauwall","article_modified_time":"2025-01-06T10:15:23+00:00","og_image":[{"width":1041,"height":800,"url":"https:\/\/baubauwall.com\/wp-content\/uploads\/2022\/03\/51200103_WaterColorDream_beige_Baubauwall_Wallmural_room7-5.jpg","type":"image\/jpeg"}],"twitter_card":"summary_large_image","twitter_misc":{"Est. reading time":"1 minut"},"schema":{"@context":"https:\/\/schema.org","@graph":[{"@type":"WebPage","@id":"https:\/\/baubauwall.com\/et\/toode\/pilttapeet-akvarellipisarad-helehall\/","url":"https:\/\/baubauwall.com\/et\/toode\/pilttapeet-akvarellipisarad-helehall\/","name":"Hall vesiv\u00e4rvi, hele pilttapeet. Sinu seina m\u00f5\u00f5tu tapeedid.","isPartOf":{"@id":"https:\/\/baubauwall.com\/et\/#website"},"primaryImageOfPage":{"@id":"https:\/\/baubauwall.com\/et\/toode\/pilttapeet-akvarellipisarad-helehall\/#primaryimage"},"image":{"@id":"https:\/\/baubauwall.com\/et\/toode\/pilttapeet-akvarellipisarad-helehall\/#primaryimage"},"thumbnailUrl":"https:\/\/baubauwall.com\/wp-content\/uploads\/2023\/08\/51200328_WaterColorDrops-grey_Baubauwall_Mural_Wallpaper_room5.jpg","datePublished":"2023-08-07T09:19:08+00:00","dateModified":"2025-01-06T10:15:23+00:00","description":"Kunstip\u00e4rane, halli vesiv\u00e4rvi pilttapeet elutoa v\u00f5i magamistoa seinale. Tapeedidisain, mis loob vau-efekti. T\u00e4pselt seina m\u00f5\u00f5tu l\u00f5igatud tapeedid.","breadcrumb":{"@id":"https:\/\/baubauwall.com\/et\/toode\/pilttapeet-akvarellipisarad-helehall\/#breadcrumb"},"inLanguage":"et","potentialAction":[{"@type":"ReadAction","target":["https:\/\/baubauwall.com\/et\/toode\/pilttapeet-akvarellipisarad-helehall\/"]}]},{"@type":"ImageObject","inLanguage":"et","@id":"https:\/\/baubauwall.com\/et\/toode\/pilttapeet-akvarellipisarad-helehall\/#primaryimage","url":"https:\/\/baubauwall.com\/wp-content\/uploads\/2023\/08\/51200328_WaterColorDrops-grey_Baubauwall_Mural_Wallpaper_room5.jpg","contentUrl":"https:\/\/baubauwall.com\/wp-content\/uploads\/2023\/08\/51200328_WaterColorDrops-grey_Baubauwall_Mural_Wallpaper_room5.jpg","width":2537,"height":1600},{"@type":"BreadcrumbList","@id":"https:\/\/baubauwall.com\/et\/toode\/pilttapeet-akvarellipisarad-helehall\/#breadcrumb","itemListElement":[{"@type":"ListItem","position":1,"name":"Koju","item":"https:\/\/baubauwall.com\/et\/"},{"@type":"ListItem","position":2,"name":"Tapeedid","item":"https:\/\/baubauwall.com\/et\/tapeedid\/"},{"@type":"ListItem","position":3,"name":"Akvarellipisarad &#8211; helehall"}]},{"@type":"WebSite","@id":"https:\/\/baubauwall.com\/et\/#website","url":"https:\/\/baubauwall.com\/et\/","name":"BAUBAUWALL Wallpapers","description":"Valmis paanides tapeet Eestist!","publisher":{"@id":"https:\/\/baubauwall.com\/et\/#organization"},"potentialAction":[{"@type":"SearchAction","target":{"@type":"EntryPoint","urlTemplate":"https:\/\/baubauwall.com\/et\/?s={search_term_string}"},"query-input":{"@type":"PropertyValueSpecification","valueRequired":true,"valueName":"search_term_string"}}],"inLanguage":"et"},{"@type":"Organization","@id":"https:\/\/baubauwall.com\/et\/#organization","name":"BAUBAUWALL Wallpapers","url":"https:\/\/baubauwall.com\/et\/","logo":{"@type":"ImageObject","inLanguage":"et","@id":"https:\/\/baubauwall.com\/et\/#\/schema\/logo\/image\/","url":"https:\/\/baubauwall.com\/wp-content\/uploads\/2022\/03\/logo-horizontal.svg","contentUrl":"https:\/\/baubauwall.com\/wp-content\/uploads\/2022\/03\/logo-horizontal.svg","width":"1024","height":"1024","caption":"BAUBAUWALL Wallpapers"},"image":{"@id":"https:\/\/baubauwall.com\/et\/#\/schema\/logo\/image\/"},"sameAs":["https:\/\/www.facebook.com\/Baubauwall","https:\/\/www.instagram.com\/baubauwall"]}]}},"jetpack_sharing_enabled":true,"_links":{"self":[{"href":"https:\/\/baubauwall.com\/et\/wp-json\/wp\/v2\/product\/30631","targetHints":{"allow":["GET"]}}],"collection":[{"href":"https:\/\/baubauwall.com\/et\/wp-json\/wp\/v2\/product"}],"about":[{"href":"https:\/\/baubauwall.com\/et\/wp-json\/wp\/v2\/types\/product"}],"replies":[{"embeddable":true,"href":"https:\/\/baubauwall.com\/et\/wp-json\/wp\/v2\/comments?post=30631"}],"wp:featuredmedia":[{"embeddable":true,"href":"https:\/\/baubauwall.com\/et\/wp-json\/wp\/v2\/media\/30648"}],"wp:attachment":[{"href":"https:\/\/baubauwall.com\/et\/wp-json\/wp\/v2\/media?parent=30631"}],"wp:term":[{"taxonomy":"product_brand","embeddable":true,"href":"https:\/\/baubauwall.com\/et\/wp-json\/wp\/v2\/product_brand?post=30631"},{"taxonomy":"product_cat","embeddable":true,"href":"https:\/\/baubauwall.com\/et\/wp-json\/wp\/v2\/product_cat?post=30631"},{"taxonomy":"product_tag","embeddable":true,"href":"https:\/\/baubauwall.com\/et\/wp-json\/wp\/v2\/product_tag?post=30631"}],"curies":[{"name":"wp","href":"https:\/\/api.w.org\/{rel}","templated":true}]}}