{"id":30756,"date":"2023-08-01T17:00:19","date_gmt":"2023-08-01T15:00:19","guid":{"rendered":"https:\/\/baubauwall.com\/product\/mural-wallpaper-blooming-blossoms-butterflies\/"},"modified":"2023-08-14T13:36:42","modified_gmt":"2023-08-14T11:36:42","slug":"pilttapeet-kevade-oied-liblikad","status":"publish","type":"product","link":"https:\/\/baubauwall.com\/et\/toode\/pilttapeet-kevade-oied-liblikad\/","title":{"rendered":"Kevade \u00f5ied ja liblikad"},"content":{"rendered":"<p>Tapeet lastetuppa, mis sobib eriti h\u00e4sti v\u00e4ikeste printsesside seinale! Sest \u00f5hus on aastaringne kevad, liblikad ja l\u00f5hnad. Tapeedi taust on \u00f5rnalt kreemikas, millelt leiad roosad kirsipuu \u00f5ied ja \u00f5hulised liblikad. Pilttapeedi disain on fookusega \u00fclemine osa, seet\u00f5ttu on seda tapeeti hea kasutada n\u00e4iteks voodi seinal v\u00f5i mujal, kus all on rohkem m\u00f6\u00f6blit. Nii j\u00e4\u00e4b tapeet tuba igal juhul kaunistama!<\/p>\n<p>Nagu k\u00f5ik meie tapeedid, fototapeedid ja pilttapeedid, on ka see disain tr\u00fckitud hingavale, keskkonnas\u00f5bralike v\u00e4rvidega fliistapeedi materjalile. Sinu uus tapeet on nummerdatud paanides, mida on lihtne paigaldada. Loe lisaks j\u00e4\u00e4tmevabast ja innovaatilisest\u00a0<a href=\"https:\/\/baubauwall.com\/et\/keskkonnasobralikud-tapeedid\/\" target=\"_blank\" rel=\"noopener\">tapeeditootmisest siin.<\/a><\/p>\n<p>&nbsp;<\/p>\n","protected":false},"excerpt":{"rendered":"<p>Tapeet lastetuppa, mis sobib eriti h\u00e4sti v\u00e4ikeste printsesside seinale! Sest \u00f5hus on aastaringne kevad, liblikad ja l\u00f5hnad. Tapeedi taust on \u00f5rnalt kreemikas, millelt leiad roosad kirsipuu \u00f5ied ja \u00f5hulised liblikad. Pilttapeedi disain on fookusega \u00fclemine osa, seet\u00f5ttu on seda tapeeti hea kasutada n\u00e4iteks voodi seinal v\u00f5i mujal, kus all on rohkem m\u00f6\u00f6blit. Nii j\u00e4\u00e4b tapeet [&hellip;]<\/p>\n","protected":false},"featured_media":30753,"comment_status":"open","ping_status":"closed","template":"","meta":{"_acf_changed":false,"inline_featured_image":false},"product_brand":[],"product_cat":[629,387,395,406,265,273,276,278,400,254,258],"product_tag":[306,638,324],"class_list":{"0":"post-30756","1":"product","2":"type-product","3":"status-publish","4":"has-post-thumbnail","6":"product_cat-kikki-belle-tapeedid","7":"product_cat-pilttapeedid","8":"product_cat-romantiline","9":"product_cat-klassika","10":"product_cat-beezid-tapeedid","11":"product_cat-heledad-tapeedid","12":"product_cat-pastelsed-tapeedid","13":"product_cat-roosad-tapeedid","14":"product_cat-lastetoa-tapeedid","15":"product_cat-loodus","16":"product_cat-putukad-liblikad","17":"product_tag-liblikas","18":"product_tag-sir-edward-pilttapeedid","19":"product_tag-tudruku-tuba","20":"pa_designedby-sir-edward","22":"first","23":"instock","24":"taxable","25":"shipping-taxable","26":"purchasable","27":"product-type-simple"},"acf":[],"yoast_head":"<!-- This site is optimized with the Yoast SEO plugin v25.9 - https:\/\/yoast.com\/wordpress\/plugins\/seo\/ -->\n<title>Armas tapeedi disain lastele. T\u00fcdruku toa tapeet liblikate ja \u00f5itega<\/title>\n<meta name=\"description\" content=\"Tapeet lastetoa seinale. Tapeedidisain, mis loob vau-efekti t\u00fcdruku toas. Armas kujundus kirsi\u00f5ite ja liblikatega. T\u00e4pselt seina m\u00f5\u00f5tu l\u00f5igatud tapeedid.\" \/>\n<meta name=\"robots\" content=\"index, follow, max-snippet:-1, max-image-preview:large, max-video-preview:-1\" \/>\n<link rel=\"canonical\" href=\"https:\/\/baubauwall.com\/et\/toode\/pilttapeet-kevade-oied-liblikad\/\" \/>\n<meta property=\"og:locale\" content=\"et_EE\" \/>\n<meta property=\"og:type\" content=\"article\" \/>\n<meta property=\"og:title\" content=\"Armas tapeedi disain lastele. T\u00fcdruku toa tapeet liblikate ja \u00f5itega\" \/>\n<meta property=\"og:description\" content=\"Tapeet lastetoa seinale. Tapeedidisain, mis loob vau-efekti t\u00fcdruku toas. Armas kujundus kirsi\u00f5ite ja liblikatega. T\u00e4pselt seina m\u00f5\u00f5tu l\u00f5igatud tapeedid.\" \/>\n<meta property=\"og:url\" content=\"https:\/\/baubauwall.com\/et\/toode\/pilttapeet-kevade-oied-liblikad\/\" \/>\n<meta property=\"og:site_name\" content=\"BAUBAUWALL TAPEEDID\" \/>\n<meta property=\"article:publisher\" content=\"https:\/\/www.facebook.com\/Baubauwall\" \/>\n<meta property=\"article:modified_time\" content=\"2023-08-14T11:36:42+00:00\" \/>\n<meta property=\"og:image\" content=\"https:\/\/baubauwall.com\/wp-content\/uploads\/2022\/11\/51200259_BloomingBlossom_Baubauwall_Wallmural_room10.jpg\" \/>\n\t<meta property=\"og:image:width\" content=\"2133\" \/>\n\t<meta property=\"og:image:height\" content=\"1600\" \/>\n\t<meta property=\"og:image:type\" content=\"image\/jpeg\" \/>\n<meta name=\"twitter:card\" content=\"summary_large_image\" \/>\n<meta name=\"twitter:label1\" content=\"Est. reading time\" \/>\n\t<meta name=\"twitter:data1\" content=\"1 minut\" \/>\n<script type=\"application\/ld+json\" class=\"yoast-schema-graph\">{\"@context\":\"https:\/\/schema.org\",\"@graph\":[{\"@type\":\"WebPage\",\"@id\":\"https:\/\/baubauwall.com\/et\/toode\/pilttapeet-kevade-oied-liblikad\/\",\"url\":\"https:\/\/baubauwall.com\/et\/toode\/pilttapeet-kevade-oied-liblikad\/\",\"name\":\"Armas tapeedi disain lastele. T\u00fcdruku toa tapeet liblikate ja \u00f5itega\",\"isPartOf\":{\"@id\":\"https:\/\/baubauwall.com\/et\/#website\"},\"primaryImageOfPage\":{\"@id\":\"https:\/\/baubauwall.com\/et\/toode\/pilttapeet-kevade-oied-liblikad\/#primaryimage\"},\"image\":{\"@id\":\"https:\/\/baubauwall.com\/et\/toode\/pilttapeet-kevade-oied-liblikad\/#primaryimage\"},\"thumbnailUrl\":\"https:\/\/baubauwall.com\/wp-content\/uploads\/2022\/11\/51200259_BloomingBlossom_Baubauwall_Wallmural_room10.jpg\",\"datePublished\":\"2023-08-01T15:00:19+00:00\",\"dateModified\":\"2023-08-14T11:36:42+00:00\",\"description\":\"Tapeet lastetoa seinale. Tapeedidisain, mis loob vau-efekti t\u00fcdruku toas. Armas kujundus kirsi\u00f5ite ja liblikatega. T\u00e4pselt seina m\u00f5\u00f5tu l\u00f5igatud tapeedid.\",\"breadcrumb\":{\"@id\":\"https:\/\/baubauwall.com\/et\/toode\/pilttapeet-kevade-oied-liblikad\/#breadcrumb\"},\"inLanguage\":\"et\",\"potentialAction\":[{\"@type\":\"ReadAction\",\"target\":[\"https:\/\/baubauwall.com\/et\/toode\/pilttapeet-kevade-oied-liblikad\/\"]}]},{\"@type\":\"ImageObject\",\"inLanguage\":\"et\",\"@id\":\"https:\/\/baubauwall.com\/et\/toode\/pilttapeet-kevade-oied-liblikad\/#primaryimage\",\"url\":\"https:\/\/baubauwall.com\/wp-content\/uploads\/2022\/11\/51200259_BloomingBlossom_Baubauwall_Wallmural_room10.jpg\",\"contentUrl\":\"https:\/\/baubauwall.com\/wp-content\/uploads\/2022\/11\/51200259_BloomingBlossom_Baubauwall_Wallmural_room10.jpg\",\"width\":2133,\"height\":1600},{\"@type\":\"BreadcrumbList\",\"@id\":\"https:\/\/baubauwall.com\/et\/toode\/pilttapeet-kevade-oied-liblikad\/#breadcrumb\",\"itemListElement\":[{\"@type\":\"ListItem\",\"position\":1,\"name\":\"Koju\",\"item\":\"https:\/\/baubauwall.com\/et\/\"},{\"@type\":\"ListItem\",\"position\":2,\"name\":\"Tapeedid\",\"item\":\"https:\/\/baubauwall.com\/et\/tapeedid\/\"},{\"@type\":\"ListItem\",\"position\":3,\"name\":\"Kevade \u00f5ied ja liblikad\"}]},{\"@type\":\"WebSite\",\"@id\":\"https:\/\/baubauwall.com\/et\/#website\",\"url\":\"https:\/\/baubauwall.com\/et\/\",\"name\":\"BAUBAUWALL Wallpapers\",\"description\":\"Valmis paanides tapeet Eestist!\",\"publisher\":{\"@id\":\"https:\/\/baubauwall.com\/et\/#organization\"},\"potentialAction\":[{\"@type\":\"SearchAction\",\"target\":{\"@type\":\"EntryPoint\",\"urlTemplate\":\"https:\/\/baubauwall.com\/et\/?s={search_term_string}\"},\"query-input\":{\"@type\":\"PropertyValueSpecification\",\"valueRequired\":true,\"valueName\":\"search_term_string\"}}],\"inLanguage\":\"et\"},{\"@type\":\"Organization\",\"@id\":\"https:\/\/baubauwall.com\/et\/#organization\",\"name\":\"BAUBAUWALL Wallpapers\",\"url\":\"https:\/\/baubauwall.com\/et\/\",\"logo\":{\"@type\":\"ImageObject\",\"inLanguage\":\"et\",\"@id\":\"https:\/\/baubauwall.com\/et\/#\/schema\/logo\/image\/\",\"url\":\"https:\/\/baubauwall.com\/wp-content\/uploads\/2022\/03\/logo-horizontal.svg\",\"contentUrl\":\"https:\/\/baubauwall.com\/wp-content\/uploads\/2022\/03\/logo-horizontal.svg\",\"width\":\"1024\",\"height\":\"1024\",\"caption\":\"BAUBAUWALL Wallpapers\"},\"image\":{\"@id\":\"https:\/\/baubauwall.com\/et\/#\/schema\/logo\/image\/\"},\"sameAs\":[\"https:\/\/www.facebook.com\/Baubauwall\",\"https:\/\/www.instagram.com\/baubauwall\"]}]}<\/script>\n<!-- \/ Yoast SEO plugin. -->","yoast_head_json":{"title":"Armas tapeedi disain lastele. T\u00fcdruku toa tapeet liblikate ja \u00f5itega","description":"Tapeet lastetoa seinale. Tapeedidisain, mis loob vau-efekti t\u00fcdruku toas. Armas kujundus kirsi\u00f5ite ja liblikatega. T\u00e4pselt seina m\u00f5\u00f5tu l\u00f5igatud tapeedid.","robots":{"index":"index","follow":"follow","max-snippet":"max-snippet:-1","max-image-preview":"max-image-preview:large","max-video-preview":"max-video-preview:-1"},"canonical":"https:\/\/baubauwall.com\/et\/toode\/pilttapeet-kevade-oied-liblikad\/","og_locale":"et_EE","og_type":"article","og_title":"Armas tapeedi disain lastele. T\u00fcdruku toa tapeet liblikate ja \u00f5itega","og_description":"Tapeet lastetoa seinale. Tapeedidisain, mis loob vau-efekti t\u00fcdruku toas. Armas kujundus kirsi\u00f5ite ja liblikatega. T\u00e4pselt seina m\u00f5\u00f5tu l\u00f5igatud tapeedid.","og_url":"https:\/\/baubauwall.com\/et\/toode\/pilttapeet-kevade-oied-liblikad\/","og_site_name":"BAUBAUWALL TAPEEDID","article_publisher":"https:\/\/www.facebook.com\/Baubauwall","article_modified_time":"2023-08-14T11:36:42+00:00","og_image":[{"width":2133,"height":1600,"url":"https:\/\/baubauwall.com\/wp-content\/uploads\/2022\/11\/51200259_BloomingBlossom_Baubauwall_Wallmural_room10.jpg","type":"image\/jpeg"}],"twitter_card":"summary_large_image","twitter_misc":{"Est. reading time":"1 minut"},"schema":{"@context":"https:\/\/schema.org","@graph":[{"@type":"WebPage","@id":"https:\/\/baubauwall.com\/et\/toode\/pilttapeet-kevade-oied-liblikad\/","url":"https:\/\/baubauwall.com\/et\/toode\/pilttapeet-kevade-oied-liblikad\/","name":"Armas tapeedi disain lastele. T\u00fcdruku toa tapeet liblikate ja \u00f5itega","isPartOf":{"@id":"https:\/\/baubauwall.com\/et\/#website"},"primaryImageOfPage":{"@id":"https:\/\/baubauwall.com\/et\/toode\/pilttapeet-kevade-oied-liblikad\/#primaryimage"},"image":{"@id":"https:\/\/baubauwall.com\/et\/toode\/pilttapeet-kevade-oied-liblikad\/#primaryimage"},"thumbnailUrl":"https:\/\/baubauwall.com\/wp-content\/uploads\/2022\/11\/51200259_BloomingBlossom_Baubauwall_Wallmural_room10.jpg","datePublished":"2023-08-01T15:00:19+00:00","dateModified":"2023-08-14T11:36:42+00:00","description":"Tapeet lastetoa seinale. Tapeedidisain, mis loob vau-efekti t\u00fcdruku toas. Armas kujundus kirsi\u00f5ite ja liblikatega. T\u00e4pselt seina m\u00f5\u00f5tu l\u00f5igatud tapeedid.","breadcrumb":{"@id":"https:\/\/baubauwall.com\/et\/toode\/pilttapeet-kevade-oied-liblikad\/#breadcrumb"},"inLanguage":"et","potentialAction":[{"@type":"ReadAction","target":["https:\/\/baubauwall.com\/et\/toode\/pilttapeet-kevade-oied-liblikad\/"]}]},{"@type":"ImageObject","inLanguage":"et","@id":"https:\/\/baubauwall.com\/et\/toode\/pilttapeet-kevade-oied-liblikad\/#primaryimage","url":"https:\/\/baubauwall.com\/wp-content\/uploads\/2022\/11\/51200259_BloomingBlossom_Baubauwall_Wallmural_room10.jpg","contentUrl":"https:\/\/baubauwall.com\/wp-content\/uploads\/2022\/11\/51200259_BloomingBlossom_Baubauwall_Wallmural_room10.jpg","width":2133,"height":1600},{"@type":"BreadcrumbList","@id":"https:\/\/baubauwall.com\/et\/toode\/pilttapeet-kevade-oied-liblikad\/#breadcrumb","itemListElement":[{"@type":"ListItem","position":1,"name":"Koju","item":"https:\/\/baubauwall.com\/et\/"},{"@type":"ListItem","position":2,"name":"Tapeedid","item":"https:\/\/baubauwall.com\/et\/tapeedid\/"},{"@type":"ListItem","position":3,"name":"Kevade \u00f5ied ja liblikad"}]},{"@type":"WebSite","@id":"https:\/\/baubauwall.com\/et\/#website","url":"https:\/\/baubauwall.com\/et\/","name":"BAUBAUWALL Wallpapers","description":"Valmis paanides tapeet Eestist!","publisher":{"@id":"https:\/\/baubauwall.com\/et\/#organization"},"potentialAction":[{"@type":"SearchAction","target":{"@type":"EntryPoint","urlTemplate":"https:\/\/baubauwall.com\/et\/?s={search_term_string}"},"query-input":{"@type":"PropertyValueSpecification","valueRequired":true,"valueName":"search_term_string"}}],"inLanguage":"et"},{"@type":"Organization","@id":"https:\/\/baubauwall.com\/et\/#organization","name":"BAUBAUWALL Wallpapers","url":"https:\/\/baubauwall.com\/et\/","logo":{"@type":"ImageObject","inLanguage":"et","@id":"https:\/\/baubauwall.com\/et\/#\/schema\/logo\/image\/","url":"https:\/\/baubauwall.com\/wp-content\/uploads\/2022\/03\/logo-horizontal.svg","contentUrl":"https:\/\/baubauwall.com\/wp-content\/uploads\/2022\/03\/logo-horizontal.svg","width":"1024","height":"1024","caption":"BAUBAUWALL Wallpapers"},"image":{"@id":"https:\/\/baubauwall.com\/et\/#\/schema\/logo\/image\/"},"sameAs":["https:\/\/www.facebook.com\/Baubauwall","https:\/\/www.instagram.com\/baubauwall"]}]}},"jetpack_sharing_enabled":true,"_links":{"self":[{"href":"https:\/\/baubauwall.com\/et\/wp-json\/wp\/v2\/product\/30756","targetHints":{"allow":["GET"]}}],"collection":[{"href":"https:\/\/baubauwall.com\/et\/wp-json\/wp\/v2\/product"}],"about":[{"href":"https:\/\/baubauwall.com\/et\/wp-json\/wp\/v2\/types\/product"}],"replies":[{"embeddable":true,"href":"https:\/\/baubauwall.com\/et\/wp-json\/wp\/v2\/comments?post=30756"}],"wp:featuredmedia":[{"embeddable":true,"href":"https:\/\/baubauwall.com\/et\/wp-json\/wp\/v2\/media\/30753"}],"wp:attachment":[{"href":"https:\/\/baubauwall.com\/et\/wp-json\/wp\/v2\/media?parent=30756"}],"wp:term":[{"taxonomy":"product_brand","embeddable":true,"href":"https:\/\/baubauwall.com\/et\/wp-json\/wp\/v2\/product_brand?post=30756"},{"taxonomy":"product_cat","embeddable":true,"href":"https:\/\/baubauwall.com\/et\/wp-json\/wp\/v2\/product_cat?post=30756"},{"taxonomy":"product_tag","embeddable":true,"href":"https:\/\/baubauwall.com\/et\/wp-json\/wp\/v2\/product_tag?post=30756"}],"curies":[{"name":"wp","href":"https:\/\/api.w.org\/{rel}","templated":true}]}}