{"id":30855,"date":"2023-08-21T15:39:17","date_gmt":"2023-08-21T13:39:17","guid":{"rendered":"https:\/\/baubauwall.com\/?post_type=product&#038;p=30855"},"modified":"2023-08-21T15:48:06","modified_gmt":"2023-08-21T13:48:06","slug":"tapeet-vesivarvi-sonaat-helesinine-kollane","status":"publish","type":"product","link":"https:\/\/baubauwall.com\/et\/toode\/tapeet-vesivarvi-sonaat-helesinine-kollane\/","title":{"rendered":"Vesiv\u00e4rvi sonaat &#8211; helesinine &#038; kollakas"},"content":{"rendered":"<p>Huvitav tapeet, mille disain on k\u00e4sitsi maalitud vesiv\u00e4rvidega. Helekollase ja helesinise sulam on akvarellidega loodud hele tapeet, mis sobib imeliselt magamistuppa, elutoa seinale v\u00f5i hoopis kodukontorit elavdama. Helesinine ei ole vaid poiste magamistoa v\u00e4rv! Sellel vesiv\u00e4rvidega maalitud tapeedil on kasutatud lisaks kalasoomuse mustrit \u2013 veidi <em>art deco<\/em> stiil on lihtsalt tapeediklassika!<\/p>\n<p>Nagu k\u00f5ik meie tapeedid, fototapeedid ja pilttapeedid, on ka see kordusumustriga tapeet tr\u00fckitud hingavale, keskkonnas\u00f5bralike v\u00e4rvidega fliistapeedi materjalile. Loe lisaks j\u00e4\u00e4tmevabast ja innovaatilisest tapeeditootmisest <a href=\"https:\/\/baubauwall.com\/et\/ideed\/jaatmevaba-tapeetimine-nutikalt\/\" target=\"_blank\" rel=\"noopener\">siin<\/a>.<\/p>\n","protected":false},"excerpt":{"rendered":"<p>Huvitav tapeet, mille disain on k\u00e4sitsi maalitud vesiv\u00e4rvidega. Helekollase ja helesinise sulam on akvarellidega loodud hele tapeet, mis sobib imeliselt magamistuppa, elutoa seinale v\u00f5i hoopis kodukontorit elavdama. Helesinine ei ole vaid poiste magamistoa v\u00e4rv! Sellel vesiv\u00e4rvidega maalitud tapeedil on kasutatud lisaks kalasoomuse mustrit \u2013 veidi art deco stiil on lihtsalt tapeediklassika! Nagu k\u00f5ik meie tapeedid, [&hellip;]<\/p>\n","protected":false},"featured_media":30863,"comment_status":"open","ping_status":"closed","template":"","meta":{"_acf_changed":false,"inline_featured_image":false},"product_brand":[],"product_cat":[386,404,405,267,273,276,413,414,415,416,402,583],"product_tag":[381],"class_list":{"0":"post-30855","1":"product","2":"type-product","3":"status-publish","4":"has-post-thumbnail","6":"product_cat-kordusmustriga-tapeedid","7":"product_cat-abstraktne","8":"product_cat-art-deco","9":"product_cat-sinised-tapeedid","10":"product_cat-heledad-tapeedid","11":"product_cat-pastelsed-tapeedid","12":"product_cat-magamistoa-tapeedid","13":"product_cat-soogitoa-tapeedid","14":"product_cat-kulalistetoa-tapeedid","15":"product_cat-esiku-tapeedid","16":"product_cat-elutoa-tapeedid","17":"product_cat-vesivarv","18":"product_tag-vesivarv","19":"pa_designedby-baubauwall","21":"first","22":"instock","23":"taxable","24":"shipping-taxable","25":"purchasable","26":"product-type-simple"},"acf":[],"yoast_head":"<!-- This site is optimized with the Yoast SEO plugin v25.9 - https:\/\/yoast.com\/wordpress\/plugins\/seo\/ -->\n<title>Helesinine tapeet magamistoa seina. Akvarellidega maalitud disain.<\/title>\n<meta name=\"description\" content=\"Helesinine vesiv\u00e4rvi tapeet, mis on akvarellidega maalitud. Magamistoa seina mujale. Tapeedid - valmis paigalduseks, kiire tr\u00fckk 5 p\u00e4evaga.\" \/>\n<meta name=\"robots\" content=\"index, follow, max-snippet:-1, max-image-preview:large, max-video-preview:-1\" \/>\n<link rel=\"canonical\" href=\"https:\/\/baubauwall.com\/et\/toode\/tapeet-vesivarvi-sonaat-helesinine-kollane\/\" \/>\n<meta property=\"og:locale\" content=\"et_EE\" \/>\n<meta property=\"og:type\" content=\"article\" \/>\n<meta property=\"og:title\" content=\"Helesinine tapeet magamistoa seina. Akvarellidega maalitud disain.\" \/>\n<meta property=\"og:description\" content=\"Helesinine vesiv\u00e4rvi tapeet, mis on akvarellidega maalitud. Magamistoa seina mujale. Tapeedid - valmis paigalduseks, kiire tr\u00fckk 5 p\u00e4evaga.\" \/>\n<meta property=\"og:url\" content=\"https:\/\/baubauwall.com\/et\/toode\/tapeet-vesivarvi-sonaat-helesinine-kollane\/\" \/>\n<meta property=\"og:site_name\" content=\"BAUBAUWALL TAPEEDID\" \/>\n<meta property=\"article:publisher\" content=\"https:\/\/www.facebook.com\/Baubauwall\" \/>\n<meta property=\"article:modified_time\" content=\"2023-08-21T13:48:06+00:00\" \/>\n<meta property=\"og:image\" content=\"https:\/\/baubauwall.com\/wp-content\/uploads\/2023\/08\/51100254_WatercolorScale-bluenyellow_Baubauwall_Wallpaper_preview.jpg\" \/>\n\t<meta property=\"og:image:width\" content=\"800\" \/>\n\t<meta property=\"og:image:height\" content=\"800\" \/>\n\t<meta property=\"og:image:type\" content=\"image\/jpeg\" \/>\n<meta name=\"twitter:card\" content=\"summary_large_image\" \/>\n<meta name=\"twitter:label1\" content=\"Est. reading time\" \/>\n\t<meta name=\"twitter:data1\" content=\"1 minut\" \/>\n<script type=\"application\/ld+json\" class=\"yoast-schema-graph\">{\"@context\":\"https:\/\/schema.org\",\"@graph\":[{\"@type\":\"WebPage\",\"@id\":\"https:\/\/baubauwall.com\/et\/toode\/tapeet-vesivarvi-sonaat-helesinine-kollane\/\",\"url\":\"https:\/\/baubauwall.com\/et\/toode\/tapeet-vesivarvi-sonaat-helesinine-kollane\/\",\"name\":\"Helesinine tapeet magamistoa seina. Akvarellidega maalitud disain.\",\"isPartOf\":{\"@id\":\"https:\/\/baubauwall.com\/et\/#website\"},\"primaryImageOfPage\":{\"@id\":\"https:\/\/baubauwall.com\/et\/toode\/tapeet-vesivarvi-sonaat-helesinine-kollane\/#primaryimage\"},\"image\":{\"@id\":\"https:\/\/baubauwall.com\/et\/toode\/tapeet-vesivarvi-sonaat-helesinine-kollane\/#primaryimage\"},\"thumbnailUrl\":\"https:\/\/baubauwall.com\/wp-content\/uploads\/2023\/08\/51100254_WatercolorScale-bluenyellow_Baubauwall_Wallpaper_preview.jpg\",\"datePublished\":\"2023-08-21T13:39:17+00:00\",\"dateModified\":\"2023-08-21T13:48:06+00:00\",\"description\":\"Helesinine vesiv\u00e4rvi tapeet, mis on akvarellidega maalitud. Magamistoa seina mujale. Tapeedid - valmis paigalduseks, kiire tr\u00fckk 5 p\u00e4evaga.\",\"breadcrumb\":{\"@id\":\"https:\/\/baubauwall.com\/et\/toode\/tapeet-vesivarvi-sonaat-helesinine-kollane\/#breadcrumb\"},\"inLanguage\":\"et\",\"potentialAction\":[{\"@type\":\"ReadAction\",\"target\":[\"https:\/\/baubauwall.com\/et\/toode\/tapeet-vesivarvi-sonaat-helesinine-kollane\/\"]}]},{\"@type\":\"ImageObject\",\"inLanguage\":\"et\",\"@id\":\"https:\/\/baubauwall.com\/et\/toode\/tapeet-vesivarvi-sonaat-helesinine-kollane\/#primaryimage\",\"url\":\"https:\/\/baubauwall.com\/wp-content\/uploads\/2023\/08\/51100254_WatercolorScale-bluenyellow_Baubauwall_Wallpaper_preview.jpg\",\"contentUrl\":\"https:\/\/baubauwall.com\/wp-content\/uploads\/2023\/08\/51100254_WatercolorScale-bluenyellow_Baubauwall_Wallpaper_preview.jpg\",\"width\":800,\"height\":800},{\"@type\":\"BreadcrumbList\",\"@id\":\"https:\/\/baubauwall.com\/et\/toode\/tapeet-vesivarvi-sonaat-helesinine-kollane\/#breadcrumb\",\"itemListElement\":[{\"@type\":\"ListItem\",\"position\":1,\"name\":\"Koju\",\"item\":\"https:\/\/baubauwall.com\/et\/\"},{\"@type\":\"ListItem\",\"position\":2,\"name\":\"Tapeedid\",\"item\":\"https:\/\/baubauwall.com\/et\/tapeedid\/\"},{\"@type\":\"ListItem\",\"position\":3,\"name\":\"Vesiv\u00e4rvi sonaat &#8211; helesinine &#038; kollakas\"}]},{\"@type\":\"WebSite\",\"@id\":\"https:\/\/baubauwall.com\/et\/#website\",\"url\":\"https:\/\/baubauwall.com\/et\/\",\"name\":\"BAUBAUWALL Wallpapers\",\"description\":\"Valmis paanides tapeet Eestist!\",\"publisher\":{\"@id\":\"https:\/\/baubauwall.com\/et\/#organization\"},\"potentialAction\":[{\"@type\":\"SearchAction\",\"target\":{\"@type\":\"EntryPoint\",\"urlTemplate\":\"https:\/\/baubauwall.com\/et\/?s={search_term_string}\"},\"query-input\":{\"@type\":\"PropertyValueSpecification\",\"valueRequired\":true,\"valueName\":\"search_term_string\"}}],\"inLanguage\":\"et\"},{\"@type\":\"Organization\",\"@id\":\"https:\/\/baubauwall.com\/et\/#organization\",\"name\":\"BAUBAUWALL Wallpapers\",\"url\":\"https:\/\/baubauwall.com\/et\/\",\"logo\":{\"@type\":\"ImageObject\",\"inLanguage\":\"et\",\"@id\":\"https:\/\/baubauwall.com\/et\/#\/schema\/logo\/image\/\",\"url\":\"https:\/\/baubauwall.com\/wp-content\/uploads\/2022\/03\/logo-horizontal.svg\",\"contentUrl\":\"https:\/\/baubauwall.com\/wp-content\/uploads\/2022\/03\/logo-horizontal.svg\",\"width\":\"1024\",\"height\":\"1024\",\"caption\":\"BAUBAUWALL Wallpapers\"},\"image\":{\"@id\":\"https:\/\/baubauwall.com\/et\/#\/schema\/logo\/image\/\"},\"sameAs\":[\"https:\/\/www.facebook.com\/Baubauwall\",\"https:\/\/www.instagram.com\/baubauwall\"]}]}<\/script>\n<!-- \/ Yoast SEO plugin. -->","yoast_head_json":{"title":"Helesinine tapeet magamistoa seina. Akvarellidega maalitud disain.","description":"Helesinine vesiv\u00e4rvi tapeet, mis on akvarellidega maalitud. Magamistoa seina mujale. Tapeedid - valmis paigalduseks, kiire tr\u00fckk 5 p\u00e4evaga.","robots":{"index":"index","follow":"follow","max-snippet":"max-snippet:-1","max-image-preview":"max-image-preview:large","max-video-preview":"max-video-preview:-1"},"canonical":"https:\/\/baubauwall.com\/et\/toode\/tapeet-vesivarvi-sonaat-helesinine-kollane\/","og_locale":"et_EE","og_type":"article","og_title":"Helesinine tapeet magamistoa seina. Akvarellidega maalitud disain.","og_description":"Helesinine vesiv\u00e4rvi tapeet, mis on akvarellidega maalitud. Magamistoa seina mujale. Tapeedid - valmis paigalduseks, kiire tr\u00fckk 5 p\u00e4evaga.","og_url":"https:\/\/baubauwall.com\/et\/toode\/tapeet-vesivarvi-sonaat-helesinine-kollane\/","og_site_name":"BAUBAUWALL TAPEEDID","article_publisher":"https:\/\/www.facebook.com\/Baubauwall","article_modified_time":"2023-08-21T13:48:06+00:00","og_image":[{"width":800,"height":800,"url":"https:\/\/baubauwall.com\/wp-content\/uploads\/2023\/08\/51100254_WatercolorScale-bluenyellow_Baubauwall_Wallpaper_preview.jpg","type":"image\/jpeg"}],"twitter_card":"summary_large_image","twitter_misc":{"Est. reading time":"1 minut"},"schema":{"@context":"https:\/\/schema.org","@graph":[{"@type":"WebPage","@id":"https:\/\/baubauwall.com\/et\/toode\/tapeet-vesivarvi-sonaat-helesinine-kollane\/","url":"https:\/\/baubauwall.com\/et\/toode\/tapeet-vesivarvi-sonaat-helesinine-kollane\/","name":"Helesinine tapeet magamistoa seina. Akvarellidega maalitud disain.","isPartOf":{"@id":"https:\/\/baubauwall.com\/et\/#website"},"primaryImageOfPage":{"@id":"https:\/\/baubauwall.com\/et\/toode\/tapeet-vesivarvi-sonaat-helesinine-kollane\/#primaryimage"},"image":{"@id":"https:\/\/baubauwall.com\/et\/toode\/tapeet-vesivarvi-sonaat-helesinine-kollane\/#primaryimage"},"thumbnailUrl":"https:\/\/baubauwall.com\/wp-content\/uploads\/2023\/08\/51100254_WatercolorScale-bluenyellow_Baubauwall_Wallpaper_preview.jpg","datePublished":"2023-08-21T13:39:17+00:00","dateModified":"2023-08-21T13:48:06+00:00","description":"Helesinine vesiv\u00e4rvi tapeet, mis on akvarellidega maalitud. Magamistoa seina mujale. Tapeedid - valmis paigalduseks, kiire tr\u00fckk 5 p\u00e4evaga.","breadcrumb":{"@id":"https:\/\/baubauwall.com\/et\/toode\/tapeet-vesivarvi-sonaat-helesinine-kollane\/#breadcrumb"},"inLanguage":"et","potentialAction":[{"@type":"ReadAction","target":["https:\/\/baubauwall.com\/et\/toode\/tapeet-vesivarvi-sonaat-helesinine-kollane\/"]}]},{"@type":"ImageObject","inLanguage":"et","@id":"https:\/\/baubauwall.com\/et\/toode\/tapeet-vesivarvi-sonaat-helesinine-kollane\/#primaryimage","url":"https:\/\/baubauwall.com\/wp-content\/uploads\/2023\/08\/51100254_WatercolorScale-bluenyellow_Baubauwall_Wallpaper_preview.jpg","contentUrl":"https:\/\/baubauwall.com\/wp-content\/uploads\/2023\/08\/51100254_WatercolorScale-bluenyellow_Baubauwall_Wallpaper_preview.jpg","width":800,"height":800},{"@type":"BreadcrumbList","@id":"https:\/\/baubauwall.com\/et\/toode\/tapeet-vesivarvi-sonaat-helesinine-kollane\/#breadcrumb","itemListElement":[{"@type":"ListItem","position":1,"name":"Koju","item":"https:\/\/baubauwall.com\/et\/"},{"@type":"ListItem","position":2,"name":"Tapeedid","item":"https:\/\/baubauwall.com\/et\/tapeedid\/"},{"@type":"ListItem","position":3,"name":"Vesiv\u00e4rvi sonaat &#8211; helesinine &#038; kollakas"}]},{"@type":"WebSite","@id":"https:\/\/baubauwall.com\/et\/#website","url":"https:\/\/baubauwall.com\/et\/","name":"BAUBAUWALL Wallpapers","description":"Valmis paanides tapeet Eestist!","publisher":{"@id":"https:\/\/baubauwall.com\/et\/#organization"},"potentialAction":[{"@type":"SearchAction","target":{"@type":"EntryPoint","urlTemplate":"https:\/\/baubauwall.com\/et\/?s={search_term_string}"},"query-input":{"@type":"PropertyValueSpecification","valueRequired":true,"valueName":"search_term_string"}}],"inLanguage":"et"},{"@type":"Organization","@id":"https:\/\/baubauwall.com\/et\/#organization","name":"BAUBAUWALL Wallpapers","url":"https:\/\/baubauwall.com\/et\/","logo":{"@type":"ImageObject","inLanguage":"et","@id":"https:\/\/baubauwall.com\/et\/#\/schema\/logo\/image\/","url":"https:\/\/baubauwall.com\/wp-content\/uploads\/2022\/03\/logo-horizontal.svg","contentUrl":"https:\/\/baubauwall.com\/wp-content\/uploads\/2022\/03\/logo-horizontal.svg","width":"1024","height":"1024","caption":"BAUBAUWALL Wallpapers"},"image":{"@id":"https:\/\/baubauwall.com\/et\/#\/schema\/logo\/image\/"},"sameAs":["https:\/\/www.facebook.com\/Baubauwall","https:\/\/www.instagram.com\/baubauwall"]}]}},"jetpack_sharing_enabled":true,"_links":{"self":[{"href":"https:\/\/baubauwall.com\/et\/wp-json\/wp\/v2\/product\/30855","targetHints":{"allow":["GET"]}}],"collection":[{"href":"https:\/\/baubauwall.com\/et\/wp-json\/wp\/v2\/product"}],"about":[{"href":"https:\/\/baubauwall.com\/et\/wp-json\/wp\/v2\/types\/product"}],"replies":[{"embeddable":true,"href":"https:\/\/baubauwall.com\/et\/wp-json\/wp\/v2\/comments?post=30855"}],"wp:featuredmedia":[{"embeddable":true,"href":"https:\/\/baubauwall.com\/et\/wp-json\/wp\/v2\/media\/30863"}],"wp:attachment":[{"href":"https:\/\/baubauwall.com\/et\/wp-json\/wp\/v2\/media?parent=30855"}],"wp:term":[{"taxonomy":"product_brand","embeddable":true,"href":"https:\/\/baubauwall.com\/et\/wp-json\/wp\/v2\/product_brand?post=30855"},{"taxonomy":"product_cat","embeddable":true,"href":"https:\/\/baubauwall.com\/et\/wp-json\/wp\/v2\/product_cat?post=30855"},{"taxonomy":"product_tag","embeddable":true,"href":"https:\/\/baubauwall.com\/et\/wp-json\/wp\/v2\/product_tag?post=30855"}],"curies":[{"name":"wp","href":"https:\/\/api.w.org\/{rel}","templated":true}]}}