{"id":30911,"date":"2023-08-22T09:20:05","date_gmt":"2023-08-22T07:20:05","guid":{"rendered":"https:\/\/baubauwall.com\/?post_type=product&#038;p=30911"},"modified":"2023-08-22T09:26:46","modified_gmt":"2023-08-22T07:26:46","slug":"tapeet-vesivarvi-horisont-helesinine-kollane","status":"publish","type":"product","link":"https:\/\/baubauwall.com\/et\/toode\/tapeet-vesivarvi-horisont-helesinine-kollane\/","title":{"rendered":"Vesiv\u00e4rvi horisont &#8211; helesinine &#038; kollane"},"content":{"rendered":"<p>Neutraalne ja samas efektne disaintapeet, mis on k\u00e4sitsi maalitud vesiv\u00e4rvidega. Tulemuseks on kaunis tapeet, mis sobib h\u00e4sti s\u00f6\u00f6gituppa, magamistuppa v\u00f5i P\u00f5hjamaisesse elutuppa. Sobita see kordusmustriga tapeet eklektilise sisustusega v\u00f5i vastandliku moodsa minimalismiga. Vesiv\u00e4rvides, kollaste ja helesiniste horisontaalsete triipudega tapeet on see tapeet, mis ei n\u00f5ua seinal lisaks kunstiteoseid, sest ongi ise see \u2013 kunst!<\/p>\n<p>Nagu k\u00f5ik meie tapeedid on ka see tapeet tr\u00fckitud keskkonnas\u00f5bralike v\u00e4rvidega hingavale, fliistapeedi materjalile. Loe edasi nutikatest, j\u00e4tkusuutlikest tapeetidest<a href=\"https:\/\/baubauwall.com\/et\/keskkonnasobralikud-tapeedid\/\" target=\"_blank\" rel=\"noopener\">\u00a0siin.\u00a0<\/a><\/p>\n","protected":false},"excerpt":{"rendered":"<p>Neutraalne ja samas efektne disaintapeet, mis on k\u00e4sitsi maalitud vesiv\u00e4rvidega. Tulemuseks on kaunis tapeet, mis sobib h\u00e4sti s\u00f6\u00f6gituppa, magamistuppa v\u00f5i P\u00f5hjamaisesse elutuppa. Sobita see kordusmustriga tapeet eklektilise sisustusega v\u00f5i vastandliku moodsa minimalismiga. Vesiv\u00e4rvides, kollaste ja helesiniste horisontaalsete triipudega tapeet on see tapeet, mis ei n\u00f5ua seinal lisaks kunstiteoseid, sest ongi ise see \u2013 kunst! Nagu [&hellip;]<\/p>\n","protected":false},"featured_media":30916,"comment_status":"open","ping_status":"closed","template":"","meta":{"_acf_changed":false,"inline_featured_image":false},"product_brand":[],"product_cat":[386,820,404,408,396,388,267,273,411,413,414,415,416,401,402,583],"product_tag":[381],"class_list":{"0":"post-30911","1":"product","2":"type-product","3":"status-publish","4":"has-post-thumbnail","6":"product_cat-kordusmustriga-tapeedid","7":"product_cat-triibulised-ruudulised","8":"product_cat-abstraktne","9":"product_cat-geomeetriline","10":"product_cat-skandinaavia","11":"product_cat-vintage-et","12":"product_cat-sinised-tapeedid","13":"product_cat-heledad-tapeedid","14":"product_cat-kollased-tapeedid","15":"product_cat-magamistoa-tapeedid","16":"product_cat-soogitoa-tapeedid","17":"product_cat-kulalistetoa-tapeedid","18":"product_cat-esiku-tapeedid","19":"product_cat-koogi-tapeedid","20":"product_cat-elutoa-tapeedid","21":"product_cat-vesivarv","22":"product_tag-vesivarv","23":"pa_designedby-baubauwall","25":"first","26":"instock","27":"taxable","28":"shipping-taxable","29":"purchasable","30":"product-type-simple"},"acf":[],"yoast_head":"<!-- This site is optimized with the Yoast SEO plugin v25.9 - https:\/\/yoast.com\/wordpress\/plugins\/seo\/ -->\n<title>Helesinine triibuline tapeet. Disaintapeet t\u00e4pselt seina m\u00f5\u00f5tudes<\/title>\n<meta name=\"description\" content=\"Triibuline, helesinine, vesiv\u00e4rvi elegantne tapeet magamistoa, elutoa v\u00f5i koridori seintele. Akvarellidega k\u00e4sitsi maalitud disaintapeet on ilus valik.\" \/>\n<meta name=\"robots\" content=\"index, follow, max-snippet:-1, max-image-preview:large, max-video-preview:-1\" \/>\n<link rel=\"canonical\" href=\"https:\/\/baubauwall.com\/et\/toode\/tapeet-vesivarvi-horisont-helesinine-kollane\/\" \/>\n<meta property=\"og:locale\" content=\"et_EE\" \/>\n<meta property=\"og:type\" content=\"article\" \/>\n<meta property=\"og:title\" content=\"Helesinine triibuline tapeet. Disaintapeet t\u00e4pselt seina m\u00f5\u00f5tudes\" \/>\n<meta property=\"og:description\" content=\"Triibuline, helesinine, vesiv\u00e4rvi elegantne tapeet magamistoa, elutoa v\u00f5i koridori seintele. Akvarellidega k\u00e4sitsi maalitud disaintapeet on ilus valik.\" \/>\n<meta property=\"og:url\" content=\"https:\/\/baubauwall.com\/et\/toode\/tapeet-vesivarvi-horisont-helesinine-kollane\/\" \/>\n<meta property=\"og:site_name\" content=\"BAUBAUWALL TAPEEDID\" \/>\n<meta property=\"article:publisher\" content=\"https:\/\/www.facebook.com\/Baubauwall\" \/>\n<meta property=\"article:modified_time\" content=\"2023-08-22T07:26:46+00:00\" \/>\n<meta property=\"og:image\" content=\"https:\/\/baubauwall.com\/wp-content\/uploads\/2023\/08\/51100257_WatercolorHorizon-bluenyellow_Baubauwall_Wallpaper_room0.jpg\" \/>\n\t<meta property=\"og:image:width\" content=\"1140\" \/>\n\t<meta property=\"og:image:height\" content=\"800\" \/>\n\t<meta property=\"og:image:type\" content=\"image\/jpeg\" \/>\n<meta name=\"twitter:card\" content=\"summary_large_image\" \/>\n<meta name=\"twitter:label1\" content=\"Est. reading time\" \/>\n\t<meta name=\"twitter:data1\" content=\"1 minut\" \/>\n<script type=\"application\/ld+json\" class=\"yoast-schema-graph\">{\"@context\":\"https:\/\/schema.org\",\"@graph\":[{\"@type\":\"WebPage\",\"@id\":\"https:\/\/baubauwall.com\/et\/toode\/tapeet-vesivarvi-horisont-helesinine-kollane\/\",\"url\":\"https:\/\/baubauwall.com\/et\/toode\/tapeet-vesivarvi-horisont-helesinine-kollane\/\",\"name\":\"Helesinine triibuline tapeet. Disaintapeet t\u00e4pselt seina m\u00f5\u00f5tudes\",\"isPartOf\":{\"@id\":\"https:\/\/baubauwall.com\/et\/#website\"},\"primaryImageOfPage\":{\"@id\":\"https:\/\/baubauwall.com\/et\/toode\/tapeet-vesivarvi-horisont-helesinine-kollane\/#primaryimage\"},\"image\":{\"@id\":\"https:\/\/baubauwall.com\/et\/toode\/tapeet-vesivarvi-horisont-helesinine-kollane\/#primaryimage\"},\"thumbnailUrl\":\"https:\/\/baubauwall.com\/wp-content\/uploads\/2023\/08\/51100257_WatercolorHorizon-bluenyellow_Baubauwall_Wallpaper_room0.jpg\",\"datePublished\":\"2023-08-22T07:20:05+00:00\",\"dateModified\":\"2023-08-22T07:26:46+00:00\",\"description\":\"Triibuline, helesinine, vesiv\u00e4rvi elegantne tapeet magamistoa, elutoa v\u00f5i koridori seintele. Akvarellidega k\u00e4sitsi maalitud disaintapeet on ilus valik.\",\"breadcrumb\":{\"@id\":\"https:\/\/baubauwall.com\/et\/toode\/tapeet-vesivarvi-horisont-helesinine-kollane\/#breadcrumb\"},\"inLanguage\":\"et\",\"potentialAction\":[{\"@type\":\"ReadAction\",\"target\":[\"https:\/\/baubauwall.com\/et\/toode\/tapeet-vesivarvi-horisont-helesinine-kollane\/\"]}]},{\"@type\":\"ImageObject\",\"inLanguage\":\"et\",\"@id\":\"https:\/\/baubauwall.com\/et\/toode\/tapeet-vesivarvi-horisont-helesinine-kollane\/#primaryimage\",\"url\":\"https:\/\/baubauwall.com\/wp-content\/uploads\/2023\/08\/51100257_WatercolorHorizon-bluenyellow_Baubauwall_Wallpaper_room0.jpg\",\"contentUrl\":\"https:\/\/baubauwall.com\/wp-content\/uploads\/2023\/08\/51100257_WatercolorHorizon-bluenyellow_Baubauwall_Wallpaper_room0.jpg\",\"width\":1140,\"height\":800},{\"@type\":\"BreadcrumbList\",\"@id\":\"https:\/\/baubauwall.com\/et\/toode\/tapeet-vesivarvi-horisont-helesinine-kollane\/#breadcrumb\",\"itemListElement\":[{\"@type\":\"ListItem\",\"position\":1,\"name\":\"Koju\",\"item\":\"https:\/\/baubauwall.com\/et\/\"},{\"@type\":\"ListItem\",\"position\":2,\"name\":\"Tapeedid\",\"item\":\"https:\/\/baubauwall.com\/et\/tapeedid\/\"},{\"@type\":\"ListItem\",\"position\":3,\"name\":\"Vesiv\u00e4rvi horisont &#8211; helesinine &#038; kollane\"}]},{\"@type\":\"WebSite\",\"@id\":\"https:\/\/baubauwall.com\/et\/#website\",\"url\":\"https:\/\/baubauwall.com\/et\/\",\"name\":\"BAUBAUWALL Wallpapers\",\"description\":\"Valmis paanides tapeet Eestist!\",\"publisher\":{\"@id\":\"https:\/\/baubauwall.com\/et\/#organization\"},\"potentialAction\":[{\"@type\":\"SearchAction\",\"target\":{\"@type\":\"EntryPoint\",\"urlTemplate\":\"https:\/\/baubauwall.com\/et\/?s={search_term_string}\"},\"query-input\":{\"@type\":\"PropertyValueSpecification\",\"valueRequired\":true,\"valueName\":\"search_term_string\"}}],\"inLanguage\":\"et\"},{\"@type\":\"Organization\",\"@id\":\"https:\/\/baubauwall.com\/et\/#organization\",\"name\":\"BAUBAUWALL Wallpapers\",\"url\":\"https:\/\/baubauwall.com\/et\/\",\"logo\":{\"@type\":\"ImageObject\",\"inLanguage\":\"et\",\"@id\":\"https:\/\/baubauwall.com\/et\/#\/schema\/logo\/image\/\",\"url\":\"https:\/\/baubauwall.com\/wp-content\/uploads\/2022\/03\/logo-horizontal.svg\",\"contentUrl\":\"https:\/\/baubauwall.com\/wp-content\/uploads\/2022\/03\/logo-horizontal.svg\",\"width\":\"1024\",\"height\":\"1024\",\"caption\":\"BAUBAUWALL Wallpapers\"},\"image\":{\"@id\":\"https:\/\/baubauwall.com\/et\/#\/schema\/logo\/image\/\"},\"sameAs\":[\"https:\/\/www.facebook.com\/Baubauwall\",\"https:\/\/www.instagram.com\/baubauwall\"]}]}<\/script>\n<!-- \/ Yoast SEO plugin. -->","yoast_head_json":{"title":"Helesinine triibuline tapeet. Disaintapeet t\u00e4pselt seina m\u00f5\u00f5tudes","description":"Triibuline, helesinine, vesiv\u00e4rvi elegantne tapeet magamistoa, elutoa v\u00f5i koridori seintele. Akvarellidega k\u00e4sitsi maalitud disaintapeet on ilus valik.","robots":{"index":"index","follow":"follow","max-snippet":"max-snippet:-1","max-image-preview":"max-image-preview:large","max-video-preview":"max-video-preview:-1"},"canonical":"https:\/\/baubauwall.com\/et\/toode\/tapeet-vesivarvi-horisont-helesinine-kollane\/","og_locale":"et_EE","og_type":"article","og_title":"Helesinine triibuline tapeet. Disaintapeet t\u00e4pselt seina m\u00f5\u00f5tudes","og_description":"Triibuline, helesinine, vesiv\u00e4rvi elegantne tapeet magamistoa, elutoa v\u00f5i koridori seintele. Akvarellidega k\u00e4sitsi maalitud disaintapeet on ilus valik.","og_url":"https:\/\/baubauwall.com\/et\/toode\/tapeet-vesivarvi-horisont-helesinine-kollane\/","og_site_name":"BAUBAUWALL TAPEEDID","article_publisher":"https:\/\/www.facebook.com\/Baubauwall","article_modified_time":"2023-08-22T07:26:46+00:00","og_image":[{"width":1140,"height":800,"url":"https:\/\/baubauwall.com\/wp-content\/uploads\/2023\/08\/51100257_WatercolorHorizon-bluenyellow_Baubauwall_Wallpaper_room0.jpg","type":"image\/jpeg"}],"twitter_card":"summary_large_image","twitter_misc":{"Est. reading time":"1 minut"},"schema":{"@context":"https:\/\/schema.org","@graph":[{"@type":"WebPage","@id":"https:\/\/baubauwall.com\/et\/toode\/tapeet-vesivarvi-horisont-helesinine-kollane\/","url":"https:\/\/baubauwall.com\/et\/toode\/tapeet-vesivarvi-horisont-helesinine-kollane\/","name":"Helesinine triibuline tapeet. Disaintapeet t\u00e4pselt seina m\u00f5\u00f5tudes","isPartOf":{"@id":"https:\/\/baubauwall.com\/et\/#website"},"primaryImageOfPage":{"@id":"https:\/\/baubauwall.com\/et\/toode\/tapeet-vesivarvi-horisont-helesinine-kollane\/#primaryimage"},"image":{"@id":"https:\/\/baubauwall.com\/et\/toode\/tapeet-vesivarvi-horisont-helesinine-kollane\/#primaryimage"},"thumbnailUrl":"https:\/\/baubauwall.com\/wp-content\/uploads\/2023\/08\/51100257_WatercolorHorizon-bluenyellow_Baubauwall_Wallpaper_room0.jpg","datePublished":"2023-08-22T07:20:05+00:00","dateModified":"2023-08-22T07:26:46+00:00","description":"Triibuline, helesinine, vesiv\u00e4rvi elegantne tapeet magamistoa, elutoa v\u00f5i koridori seintele. Akvarellidega k\u00e4sitsi maalitud disaintapeet on ilus valik.","breadcrumb":{"@id":"https:\/\/baubauwall.com\/et\/toode\/tapeet-vesivarvi-horisont-helesinine-kollane\/#breadcrumb"},"inLanguage":"et","potentialAction":[{"@type":"ReadAction","target":["https:\/\/baubauwall.com\/et\/toode\/tapeet-vesivarvi-horisont-helesinine-kollane\/"]}]},{"@type":"ImageObject","inLanguage":"et","@id":"https:\/\/baubauwall.com\/et\/toode\/tapeet-vesivarvi-horisont-helesinine-kollane\/#primaryimage","url":"https:\/\/baubauwall.com\/wp-content\/uploads\/2023\/08\/51100257_WatercolorHorizon-bluenyellow_Baubauwall_Wallpaper_room0.jpg","contentUrl":"https:\/\/baubauwall.com\/wp-content\/uploads\/2023\/08\/51100257_WatercolorHorizon-bluenyellow_Baubauwall_Wallpaper_room0.jpg","width":1140,"height":800},{"@type":"BreadcrumbList","@id":"https:\/\/baubauwall.com\/et\/toode\/tapeet-vesivarvi-horisont-helesinine-kollane\/#breadcrumb","itemListElement":[{"@type":"ListItem","position":1,"name":"Koju","item":"https:\/\/baubauwall.com\/et\/"},{"@type":"ListItem","position":2,"name":"Tapeedid","item":"https:\/\/baubauwall.com\/et\/tapeedid\/"},{"@type":"ListItem","position":3,"name":"Vesiv\u00e4rvi horisont &#8211; helesinine &#038; kollane"}]},{"@type":"WebSite","@id":"https:\/\/baubauwall.com\/et\/#website","url":"https:\/\/baubauwall.com\/et\/","name":"BAUBAUWALL Wallpapers","description":"Valmis paanides tapeet Eestist!","publisher":{"@id":"https:\/\/baubauwall.com\/et\/#organization"},"potentialAction":[{"@type":"SearchAction","target":{"@type":"EntryPoint","urlTemplate":"https:\/\/baubauwall.com\/et\/?s={search_term_string}"},"query-input":{"@type":"PropertyValueSpecification","valueRequired":true,"valueName":"search_term_string"}}],"inLanguage":"et"},{"@type":"Organization","@id":"https:\/\/baubauwall.com\/et\/#organization","name":"BAUBAUWALL Wallpapers","url":"https:\/\/baubauwall.com\/et\/","logo":{"@type":"ImageObject","inLanguage":"et","@id":"https:\/\/baubauwall.com\/et\/#\/schema\/logo\/image\/","url":"https:\/\/baubauwall.com\/wp-content\/uploads\/2022\/03\/logo-horizontal.svg","contentUrl":"https:\/\/baubauwall.com\/wp-content\/uploads\/2022\/03\/logo-horizontal.svg","width":"1024","height":"1024","caption":"BAUBAUWALL Wallpapers"},"image":{"@id":"https:\/\/baubauwall.com\/et\/#\/schema\/logo\/image\/"},"sameAs":["https:\/\/www.facebook.com\/Baubauwall","https:\/\/www.instagram.com\/baubauwall"]}]}},"jetpack_sharing_enabled":true,"_links":{"self":[{"href":"https:\/\/baubauwall.com\/et\/wp-json\/wp\/v2\/product\/30911","targetHints":{"allow":["GET"]}}],"collection":[{"href":"https:\/\/baubauwall.com\/et\/wp-json\/wp\/v2\/product"}],"about":[{"href":"https:\/\/baubauwall.com\/et\/wp-json\/wp\/v2\/types\/product"}],"replies":[{"embeddable":true,"href":"https:\/\/baubauwall.com\/et\/wp-json\/wp\/v2\/comments?post=30911"}],"wp:featuredmedia":[{"embeddable":true,"href":"https:\/\/baubauwall.com\/et\/wp-json\/wp\/v2\/media\/30916"}],"wp:attachment":[{"href":"https:\/\/baubauwall.com\/et\/wp-json\/wp\/v2\/media?parent=30911"}],"wp:term":[{"taxonomy":"product_brand","embeddable":true,"href":"https:\/\/baubauwall.com\/et\/wp-json\/wp\/v2\/product_brand?post=30911"},{"taxonomy":"product_cat","embeddable":true,"href":"https:\/\/baubauwall.com\/et\/wp-json\/wp\/v2\/product_cat?post=30911"},{"taxonomy":"product_tag","embeddable":true,"href":"https:\/\/baubauwall.com\/et\/wp-json\/wp\/v2\/product_tag?post=30911"}],"curies":[{"name":"wp","href":"https:\/\/api.w.org\/{rel}","templated":true}]}}