{"id":30938,"date":"2023-08-22T09:40:51","date_gmt":"2023-08-22T07:40:51","guid":{"rendered":"https:\/\/baubauwall.com\/?post_type=product&#038;p=30938"},"modified":"2025-08-15T14:25:52","modified_gmt":"2025-08-15T12:25:52","slug":"tapeet-beez-roniroos","status":"publish","type":"product","link":"https:\/\/baubauwall.com\/et\/toode\/tapeet-beez-roniroos\/","title":{"rendered":"Bee\u017e roniroos"},"content":{"rendered":"<p>Bee\u017e, pastelne tapeet. Kas Sulle meeldivad roosid? Roositeemalised tapeedid ei l\u00e4he kunagi moest ja sobivad v\u00e4ga erinevate interj\u00f6\u00f6ri stiilidega. V\u00f5ib-olla on see k\u00f5ige klassikalisem stiil maamaja jaoks, millega kunagi alt ei l\u00e4he. V\u00f5i siis vintage\u2019st inspireeritud tapeedilahendus elegantsema kodu jaoks. \u00d5rnad roosi\u00f5ied on hea valik ja panevad \u00f5hku nuusutama \u2013 kas siin ei l\u00f5hna lihtsalt imeliselt?<\/p>\n<p>Nagu k\u00f5ik meie kordusmustriga tapeedid ja fototapeedid, on ka see disain tr\u00fckitud <a href=\"https:\/\/baubauwall.com\/et\/keskkonnasobralikud-tapeedid\/\" target=\"_blank\" rel=\"noopener\">keskkonnas\u00f5bralike v\u00e4rvidega<\/a>, hingavale fliistapeedi materjalile, mis ei l\u00e4igi ja on lihtne paigaldada. Sinu uus tapeet tuleb valmis l\u00f5igatud ning nummerdatud paanides, mis on t\u00e4pselt nii k\u00f5rged, kui Sinu sein.<\/p>\n<p>&nbsp;<\/p>\n","protected":false},"excerpt":{"rendered":"<p>Bee\u017e, pastelne tapeet. Kas Sulle meeldivad roosid? Roositeemalised tapeedid ei l\u00e4he kunagi moest ja sobivad v\u00e4ga erinevate interj\u00f6\u00f6ri stiilidega. V\u00f5ib-olla on see k\u00f5ige klassikalisem stiil maamaja jaoks, millega kunagi alt ei l\u00e4he. V\u00f5i siis vintage\u2019st inspireeritud tapeedilahendus elegantsema kodu jaoks. \u00d5rnad roosi\u00f5ied on hea valik ja panevad \u00f5hku nuusutama \u2013 kas siin ei l\u00f5hna lihtsalt [&hellip;]<\/p>\n","protected":false},"featured_media":30961,"comment_status":"open","ping_status":"closed","template":"","meta":{"_acf_changed":false,"inline_featured_image":false},"product_brand":[],"product_cat":[386,395,406,388,265,413,414,415,402,412,260,561],"product_tag":[832],"class_list":{"0":"post-30938","1":"product","2":"type-product","3":"status-publish","4":"has-post-thumbnail","6":"product_cat-kordusmustriga-tapeedid","7":"product_cat-romantiline","8":"product_cat-klassika","9":"product_cat-vintage-et","10":"product_cat-beezid-tapeedid","11":"product_cat-magamistoa-tapeedid","12":"product_cat-soogitoa-tapeedid","13":"product_cat-kulalistetoa-tapeedid","14":"product_cat-elutoa-tapeedid","15":"product_cat-vannitoa-tapeedid","16":"product_cat-lilled","17":"product_cat-suvised-tapeedid","18":"product_tag-kordusmustriga-tapeedid","19":"pa_designedby-baubauwall","21":"first","22":"instock","23":"taxable","24":"shipping-taxable","25":"purchasable","26":"product-type-simple"},"acf":[],"yoast_head":"<!-- This site is optimized with the Yoast SEO plugin v25.9 - https:\/\/yoast.com\/wordpress\/plugins\/seo\/ -->\n<title>Bee\u017e tapeet roosidega. Vintage h\u00f5nguline muster ja tapeedidisain.<\/title>\n<meta name=\"description\" content=\"Bee\u017e, roosidega imeilus tapeet. Hele muster, ilus tapeedivalik elutuppa, magamistuppa. Sinu seina m\u00f5\u00f5tu l\u00f5igatud tapeedipaanid.\" \/>\n<meta name=\"robots\" content=\"index, follow, max-snippet:-1, max-image-preview:large, max-video-preview:-1\" \/>\n<link rel=\"canonical\" href=\"https:\/\/baubauwall.com\/et\/toode\/tapeet-beez-roniroos\/\" \/>\n<meta property=\"og:locale\" content=\"et_EE\" \/>\n<meta property=\"og:type\" content=\"article\" \/>\n<meta property=\"og:title\" content=\"Bee\u017e tapeet roosidega. Vintage h\u00f5nguline muster ja tapeedidisain.\" \/>\n<meta property=\"og:description\" content=\"Bee\u017e, roosidega imeilus tapeet. Hele muster, ilus tapeedivalik elutuppa, magamistuppa. Sinu seina m\u00f5\u00f5tu l\u00f5igatud tapeedipaanid.\" \/>\n<meta property=\"og:url\" content=\"https:\/\/baubauwall.com\/et\/toode\/tapeet-beez-roniroos\/\" \/>\n<meta property=\"og:site_name\" content=\"BAUBAUWALL Wallpapers\" \/>\n<meta property=\"article:publisher\" content=\"https:\/\/www.facebook.com\/Baubauwall\" \/>\n<meta property=\"article:modified_time\" content=\"2025-08-15T12:25:52+00:00\" \/>\n<meta property=\"og:image\" content=\"https:\/\/baubauwall.com\/wp-content\/uploads\/2023\/08\/51100337_RoseNovel-beige_Baubauwall_Wallpaper_room09.jpg\" \/>\n\t<meta property=\"og:image:width\" content=\"1200\" \/>\n\t<meta property=\"og:image:height\" content=\"800\" \/>\n\t<meta property=\"og:image:type\" content=\"image\/jpeg\" \/>\n<meta name=\"twitter:card\" content=\"summary_large_image\" \/>\n<meta name=\"twitter:label1\" content=\"Est. reading time\" \/>\n\t<meta name=\"twitter:data1\" content=\"1 minut\" \/>\n<script type=\"application\/ld+json\" class=\"yoast-schema-graph\">{\"@context\":\"https:\/\/schema.org\",\"@graph\":[{\"@type\":\"WebPage\",\"@id\":\"https:\/\/baubauwall.com\/et\/toode\/tapeet-beez-roniroos\/\",\"url\":\"https:\/\/baubauwall.com\/et\/toode\/tapeet-beez-roniroos\/\",\"name\":\"Bee\u017e tapeet roosidega. Vintage h\u00f5nguline muster ja tapeedidisain.\",\"isPartOf\":{\"@id\":\"https:\/\/baubauwall.com\/et\/#website\"},\"primaryImageOfPage\":{\"@id\":\"https:\/\/baubauwall.com\/et\/toode\/tapeet-beez-roniroos\/#primaryimage\"},\"image\":{\"@id\":\"https:\/\/baubauwall.com\/et\/toode\/tapeet-beez-roniroos\/#primaryimage\"},\"thumbnailUrl\":\"https:\/\/baubauwall.com\/wp-content\/uploads\/2023\/08\/51100337_RoseNovel-beige_Baubauwall_Wallpaper_room09.jpg\",\"datePublished\":\"2023-08-22T07:40:51+00:00\",\"dateModified\":\"2025-08-15T12:25:52+00:00\",\"description\":\"Bee\u017e, roosidega imeilus tapeet. Hele muster, ilus tapeedivalik elutuppa, magamistuppa. Sinu seina m\u00f5\u00f5tu l\u00f5igatud tapeedipaanid.\",\"breadcrumb\":{\"@id\":\"https:\/\/baubauwall.com\/et\/toode\/tapeet-beez-roniroos\/#breadcrumb\"},\"inLanguage\":\"et\",\"potentialAction\":[{\"@type\":\"ReadAction\",\"target\":[\"https:\/\/baubauwall.com\/et\/toode\/tapeet-beez-roniroos\/\"]}]},{\"@type\":\"ImageObject\",\"inLanguage\":\"et\",\"@id\":\"https:\/\/baubauwall.com\/et\/toode\/tapeet-beez-roniroos\/#primaryimage\",\"url\":\"https:\/\/baubauwall.com\/wp-content\/uploads\/2023\/08\/51100337_RoseNovel-beige_Baubauwall_Wallpaper_room09.jpg\",\"contentUrl\":\"https:\/\/baubauwall.com\/wp-content\/uploads\/2023\/08\/51100337_RoseNovel-beige_Baubauwall_Wallpaper_room09.jpg\",\"width\":1200,\"height\":800},{\"@type\":\"BreadcrumbList\",\"@id\":\"https:\/\/baubauwall.com\/et\/toode\/tapeet-beez-roniroos\/#breadcrumb\",\"itemListElement\":[{\"@type\":\"ListItem\",\"position\":1,\"name\":\"Koju\",\"item\":\"https:\/\/baubauwall.com\/et\/\"},{\"@type\":\"ListItem\",\"position\":2,\"name\":\"Tapeedid\",\"item\":\"https:\/\/baubauwall.com\/et\/tapeedid\/\"},{\"@type\":\"ListItem\",\"position\":3,\"name\":\"Bee\u017e roniroos\"}]},{\"@type\":\"WebSite\",\"@id\":\"https:\/\/baubauwall.com\/et\/#website\",\"url\":\"https:\/\/baubauwall.com\/et\/\",\"name\":\"BAUBAUWALL Wallpapers\",\"description\":\"Valmis paanides tapeet Eestist!\",\"publisher\":{\"@id\":\"https:\/\/baubauwall.com\/et\/#organization\"},\"potentialAction\":[{\"@type\":\"SearchAction\",\"target\":{\"@type\":\"EntryPoint\",\"urlTemplate\":\"https:\/\/baubauwall.com\/et\/?s={search_term_string}\"},\"query-input\":{\"@type\":\"PropertyValueSpecification\",\"valueRequired\":true,\"valueName\":\"search_term_string\"}}],\"inLanguage\":\"et\"},{\"@type\":\"Organization\",\"@id\":\"https:\/\/baubauwall.com\/et\/#organization\",\"name\":\"BAUBAUWALL Wallpapers\",\"url\":\"https:\/\/baubauwall.com\/et\/\",\"logo\":{\"@type\":\"ImageObject\",\"inLanguage\":\"et\",\"@id\":\"https:\/\/baubauwall.com\/et\/#\/schema\/logo\/image\/\",\"url\":\"https:\/\/baubauwall.com\/wp-content\/uploads\/2022\/03\/logo-horizontal.svg\",\"contentUrl\":\"https:\/\/baubauwall.com\/wp-content\/uploads\/2022\/03\/logo-horizontal.svg\",\"width\":\"1024\",\"height\":\"1024\",\"caption\":\"BAUBAUWALL Wallpapers\"},\"image\":{\"@id\":\"https:\/\/baubauwall.com\/et\/#\/schema\/logo\/image\/\"},\"sameAs\":[\"https:\/\/www.facebook.com\/Baubauwall\",\"https:\/\/www.instagram.com\/baubauwall\"]}]}<\/script>\n<!-- \/ Yoast SEO plugin. -->","yoast_head_json":{"title":"Bee\u017e tapeet roosidega. Vintage h\u00f5nguline muster ja tapeedidisain.","description":"Bee\u017e, roosidega imeilus tapeet. Hele muster, ilus tapeedivalik elutuppa, magamistuppa. Sinu seina m\u00f5\u00f5tu l\u00f5igatud tapeedipaanid.","robots":{"index":"index","follow":"follow","max-snippet":"max-snippet:-1","max-image-preview":"max-image-preview:large","max-video-preview":"max-video-preview:-1"},"canonical":"https:\/\/baubauwall.com\/et\/toode\/tapeet-beez-roniroos\/","og_locale":"et_EE","og_type":"article","og_title":"Bee\u017e tapeet roosidega. Vintage h\u00f5nguline muster ja tapeedidisain.","og_description":"Bee\u017e, roosidega imeilus tapeet. Hele muster, ilus tapeedivalik elutuppa, magamistuppa. Sinu seina m\u00f5\u00f5tu l\u00f5igatud tapeedipaanid.","og_url":"https:\/\/baubauwall.com\/et\/toode\/tapeet-beez-roniroos\/","og_site_name":"BAUBAUWALL Wallpapers","article_publisher":"https:\/\/www.facebook.com\/Baubauwall","article_modified_time":"2025-08-15T12:25:52+00:00","og_image":[{"width":1200,"height":800,"url":"https:\/\/baubauwall.com\/wp-content\/uploads\/2023\/08\/51100337_RoseNovel-beige_Baubauwall_Wallpaper_room09.jpg","type":"image\/jpeg"}],"twitter_card":"summary_large_image","twitter_misc":{"Est. reading time":"1 minut"},"schema":{"@context":"https:\/\/schema.org","@graph":[{"@type":"WebPage","@id":"https:\/\/baubauwall.com\/et\/toode\/tapeet-beez-roniroos\/","url":"https:\/\/baubauwall.com\/et\/toode\/tapeet-beez-roniroos\/","name":"Bee\u017e tapeet roosidega. Vintage h\u00f5nguline muster ja tapeedidisain.","isPartOf":{"@id":"https:\/\/baubauwall.com\/et\/#website"},"primaryImageOfPage":{"@id":"https:\/\/baubauwall.com\/et\/toode\/tapeet-beez-roniroos\/#primaryimage"},"image":{"@id":"https:\/\/baubauwall.com\/et\/toode\/tapeet-beez-roniroos\/#primaryimage"},"thumbnailUrl":"https:\/\/baubauwall.com\/wp-content\/uploads\/2023\/08\/51100337_RoseNovel-beige_Baubauwall_Wallpaper_room09.jpg","datePublished":"2023-08-22T07:40:51+00:00","dateModified":"2025-08-15T12:25:52+00:00","description":"Bee\u017e, roosidega imeilus tapeet. Hele muster, ilus tapeedivalik elutuppa, magamistuppa. Sinu seina m\u00f5\u00f5tu l\u00f5igatud tapeedipaanid.","breadcrumb":{"@id":"https:\/\/baubauwall.com\/et\/toode\/tapeet-beez-roniroos\/#breadcrumb"},"inLanguage":"et","potentialAction":[{"@type":"ReadAction","target":["https:\/\/baubauwall.com\/et\/toode\/tapeet-beez-roniroos\/"]}]},{"@type":"ImageObject","inLanguage":"et","@id":"https:\/\/baubauwall.com\/et\/toode\/tapeet-beez-roniroos\/#primaryimage","url":"https:\/\/baubauwall.com\/wp-content\/uploads\/2023\/08\/51100337_RoseNovel-beige_Baubauwall_Wallpaper_room09.jpg","contentUrl":"https:\/\/baubauwall.com\/wp-content\/uploads\/2023\/08\/51100337_RoseNovel-beige_Baubauwall_Wallpaper_room09.jpg","width":1200,"height":800},{"@type":"BreadcrumbList","@id":"https:\/\/baubauwall.com\/et\/toode\/tapeet-beez-roniroos\/#breadcrumb","itemListElement":[{"@type":"ListItem","position":1,"name":"Koju","item":"https:\/\/baubauwall.com\/et\/"},{"@type":"ListItem","position":2,"name":"Tapeedid","item":"https:\/\/baubauwall.com\/et\/tapeedid\/"},{"@type":"ListItem","position":3,"name":"Bee\u017e roniroos"}]},{"@type":"WebSite","@id":"https:\/\/baubauwall.com\/et\/#website","url":"https:\/\/baubauwall.com\/et\/","name":"BAUBAUWALL Wallpapers","description":"Valmis paanides tapeet Eestist!","publisher":{"@id":"https:\/\/baubauwall.com\/et\/#organization"},"potentialAction":[{"@type":"SearchAction","target":{"@type":"EntryPoint","urlTemplate":"https:\/\/baubauwall.com\/et\/?s={search_term_string}"},"query-input":{"@type":"PropertyValueSpecification","valueRequired":true,"valueName":"search_term_string"}}],"inLanguage":"et"},{"@type":"Organization","@id":"https:\/\/baubauwall.com\/et\/#organization","name":"BAUBAUWALL Wallpapers","url":"https:\/\/baubauwall.com\/et\/","logo":{"@type":"ImageObject","inLanguage":"et","@id":"https:\/\/baubauwall.com\/et\/#\/schema\/logo\/image\/","url":"https:\/\/baubauwall.com\/wp-content\/uploads\/2022\/03\/logo-horizontal.svg","contentUrl":"https:\/\/baubauwall.com\/wp-content\/uploads\/2022\/03\/logo-horizontal.svg","width":"1024","height":"1024","caption":"BAUBAUWALL Wallpapers"},"image":{"@id":"https:\/\/baubauwall.com\/et\/#\/schema\/logo\/image\/"},"sameAs":["https:\/\/www.facebook.com\/Baubauwall","https:\/\/www.instagram.com\/baubauwall"]}]}},"jetpack_sharing_enabled":true,"_links":{"self":[{"href":"https:\/\/baubauwall.com\/et\/wp-json\/wp\/v2\/product\/30938","targetHints":{"allow":["GET"]}}],"collection":[{"href":"https:\/\/baubauwall.com\/et\/wp-json\/wp\/v2\/product"}],"about":[{"href":"https:\/\/baubauwall.com\/et\/wp-json\/wp\/v2\/types\/product"}],"replies":[{"embeddable":true,"href":"https:\/\/baubauwall.com\/et\/wp-json\/wp\/v2\/comments?post=30938"}],"wp:featuredmedia":[{"embeddable":true,"href":"https:\/\/baubauwall.com\/et\/wp-json\/wp\/v2\/media\/30961"}],"wp:attachment":[{"href":"https:\/\/baubauwall.com\/et\/wp-json\/wp\/v2\/media?parent=30938"}],"wp:term":[{"taxonomy":"product_brand","embeddable":true,"href":"https:\/\/baubauwall.com\/et\/wp-json\/wp\/v2\/product_brand?post=30938"},{"taxonomy":"product_cat","embeddable":true,"href":"https:\/\/baubauwall.com\/et\/wp-json\/wp\/v2\/product_cat?post=30938"},{"taxonomy":"product_tag","embeddable":true,"href":"https:\/\/baubauwall.com\/et\/wp-json\/wp\/v2\/product_tag?post=30938"}],"curies":[{"name":"wp","href":"https:\/\/api.w.org\/{rel}","templated":true}]}}