{"id":30987,"date":"2022-11-07T15:15:09","date_gmt":"2022-11-07T13:15:09","guid":{"rendered":"https:\/\/baubauwall.com\/?post_type=product&#038;p=30987"},"modified":"2023-08-22T10:12:48","modified_gmt":"2023-08-22T08:12:48","slug":"tapeet-linnulehestik-roosa","status":"publish","type":"product","link":"https:\/\/baubauwall.com\/et\/toode\/tapeet-linnulehestik-roosa\/","title":{"rendered":"Linnulehestik &#8211; roosa"},"content":{"rendered":"<p>Lastetoa tapeet v\u00e4ikese printsessi seinale! Roosa tapeet sobiks ehk just v\u00e4ikese t\u00fcdruku tuppa? Mahedalt roosa, linnumustriline tapeet on ajatu valik ja loob sinu kodu interj\u00f6\u00f6rist stiilse mulje, mis kestab aastaid. Lastetoa tapeet ei pea olema ju l\u00f5ppude l\u00f5puks liiga lapsik, vaid v\u00f5ib vabalt olla ka midagi klassikalist, mis p\u00fcsib aastaid.<\/p>\n<p>Nagu k\u00f5ik meie kordusmustriga tapeedid ja pilttapeedid, on ka see disain tr\u00fckitud keskkonnas\u00f5bralike v\u00e4rvidega, hingavale fliistapeedi materjalile. Kuidas see t\u00f6\u00f6tab? Loe l\u00e4hemalt\u00a0<a href=\"https:\/\/baubauwall.com\/et\/kuidas-see-tootab\/\" target=\"_blank\" rel=\"noopener\">siit.\u00a0<\/a><\/p>\n","protected":false},"excerpt":{"rendered":"<p>Lastetoa tapeet v\u00e4ikese printsessi seinale! Roosa tapeet sobiks ehk just v\u00e4ikese t\u00fcdruku tuppa? Mahedalt roosa, linnumustriline tapeet on ajatu valik ja loob sinu kodu interj\u00f6\u00f6rist stiilse mulje, mis kestab aastaid. Lastetoa tapeet ei pea olema ju l\u00f5ppude l\u00f5puks liiga lapsik, vaid v\u00f5ib vabalt olla ka midagi klassikalist, mis p\u00fcsib aastaid. Nagu k\u00f5ik meie kordusmustriga tapeedid [&hellip;]<\/p>\n","protected":false},"featured_media":30973,"comment_status":"open","ping_status":"closed","template":"","meta":{"_acf_changed":false,"inline_featured_image":false},"product_brand":[],"product_cat":[386,395,406,273,276,278,400,254,257,260],"product_tag":[349,324],"class_list":{"0":"post-30987","1":"product","2":"type-product","3":"status-publish","4":"has-post-thumbnail","6":"product_cat-kordusmustriga-tapeedid","7":"product_cat-romantiline","8":"product_cat-klassika","9":"product_cat-heledad-tapeedid","10":"product_cat-pastelsed-tapeedid","11":"product_cat-roosad-tapeedid","12":"product_cat-lastetoa-tapeedid","13":"product_cat-loodus","14":"product_cat-linnud","15":"product_cat-lilled","16":"product_tag-beebituba","17":"product_tag-tudruku-tuba","18":"pa_designedby-baubauwall","20":"first","21":"instock","22":"taxable","23":"shipping-taxable","24":"purchasable","25":"product-type-simple"},"acf":[],"yoast_head":"<!-- This site is optimized with the Yoast SEO plugin v25.9 - https:\/\/yoast.com\/wordpress\/plugins\/seo\/ -->\n<title>Roosa tapeet t\u00fcdruku tuppa. Lastetoa tapeet<\/title>\n<meta name=\"description\" content=\"Lastetoa tapeet, ehk just t\u00fcdruku toa seinale. Roosa tapeet P\u00f5hjamaises stiilis. Lastetoa tapeedid, mis panevad naeratama\" \/>\n<meta name=\"robots\" content=\"index, follow, max-snippet:-1, max-image-preview:large, max-video-preview:-1\" \/>\n<link rel=\"canonical\" href=\"https:\/\/baubauwall.com\/et\/toode\/tapeet-linnulehestik-roosa\/\" \/>\n<meta property=\"og:locale\" content=\"et_EE\" \/>\n<meta property=\"og:type\" content=\"article\" \/>\n<meta property=\"og:title\" content=\"Roosa tapeet t\u00fcdruku tuppa. Lastetoa tapeet\" \/>\n<meta property=\"og:description\" content=\"Lastetoa tapeet, ehk just t\u00fcdruku toa seinale. Roosa tapeet P\u00f5hjamaises stiilis. Lastetoa tapeedid, mis panevad naeratama\" \/>\n<meta property=\"og:url\" content=\"https:\/\/baubauwall.com\/et\/toode\/tapeet-linnulehestik-roosa\/\" \/>\n<meta property=\"og:site_name\" content=\"BAUBAUWALL TAPEEDID\" \/>\n<meta property=\"article:publisher\" content=\"https:\/\/www.facebook.com\/Baubauwall\" \/>\n<meta property=\"article:modified_time\" content=\"2023-08-22T08:12:48+00:00\" \/>\n<meta property=\"og:image\" content=\"https:\/\/baubauwall.com\/wp-content\/uploads\/2022\/11\/51100343_BirdsInFoliage-pink_Baubauwall_Wallpaper_room2-Copy.jpg\" \/>\n\t<meta property=\"og:image:width\" content=\"2133\" \/>\n\t<meta property=\"og:image:height\" content=\"1600\" \/>\n\t<meta property=\"og:image:type\" content=\"image\/jpeg\" \/>\n<meta name=\"twitter:card\" content=\"summary_large_image\" \/>\n<meta name=\"twitter:label1\" content=\"Est. reading time\" \/>\n\t<meta name=\"twitter:data1\" content=\"1 minut\" \/>\n<script type=\"application\/ld+json\" class=\"yoast-schema-graph\">{\"@context\":\"https:\/\/schema.org\",\"@graph\":[{\"@type\":\"WebPage\",\"@id\":\"https:\/\/baubauwall.com\/et\/toode\/tapeet-linnulehestik-roosa\/\",\"url\":\"https:\/\/baubauwall.com\/et\/toode\/tapeet-linnulehestik-roosa\/\",\"name\":\"Roosa tapeet t\u00fcdruku tuppa. Lastetoa tapeet\",\"isPartOf\":{\"@id\":\"https:\/\/baubauwall.com\/et\/#website\"},\"primaryImageOfPage\":{\"@id\":\"https:\/\/baubauwall.com\/et\/toode\/tapeet-linnulehestik-roosa\/#primaryimage\"},\"image\":{\"@id\":\"https:\/\/baubauwall.com\/et\/toode\/tapeet-linnulehestik-roosa\/#primaryimage\"},\"thumbnailUrl\":\"https:\/\/baubauwall.com\/wp-content\/uploads\/2022\/11\/51100343_BirdsInFoliage-pink_Baubauwall_Wallpaper_room2-Copy.jpg\",\"datePublished\":\"2022-11-07T13:15:09+00:00\",\"dateModified\":\"2023-08-22T08:12:48+00:00\",\"description\":\"Lastetoa tapeet, ehk just t\u00fcdruku toa seinale. Roosa tapeet P\u00f5hjamaises stiilis. Lastetoa tapeedid, mis panevad naeratama\",\"breadcrumb\":{\"@id\":\"https:\/\/baubauwall.com\/et\/toode\/tapeet-linnulehestik-roosa\/#breadcrumb\"},\"inLanguage\":\"et\",\"potentialAction\":[{\"@type\":\"ReadAction\",\"target\":[\"https:\/\/baubauwall.com\/et\/toode\/tapeet-linnulehestik-roosa\/\"]}]},{\"@type\":\"ImageObject\",\"inLanguage\":\"et\",\"@id\":\"https:\/\/baubauwall.com\/et\/toode\/tapeet-linnulehestik-roosa\/#primaryimage\",\"url\":\"https:\/\/baubauwall.com\/wp-content\/uploads\/2022\/11\/51100343_BirdsInFoliage-pink_Baubauwall_Wallpaper_room2-Copy.jpg\",\"contentUrl\":\"https:\/\/baubauwall.com\/wp-content\/uploads\/2022\/11\/51100343_BirdsInFoliage-pink_Baubauwall_Wallpaper_room2-Copy.jpg\",\"width\":2133,\"height\":1600},{\"@type\":\"BreadcrumbList\",\"@id\":\"https:\/\/baubauwall.com\/et\/toode\/tapeet-linnulehestik-roosa\/#breadcrumb\",\"itemListElement\":[{\"@type\":\"ListItem\",\"position\":1,\"name\":\"Koju\",\"item\":\"https:\/\/baubauwall.com\/et\/\"},{\"@type\":\"ListItem\",\"position\":2,\"name\":\"Tapeedid\",\"item\":\"https:\/\/baubauwall.com\/et\/tapeedid\/\"},{\"@type\":\"ListItem\",\"position\":3,\"name\":\"Linnulehestik &#8211; roosa\"}]},{\"@type\":\"WebSite\",\"@id\":\"https:\/\/baubauwall.com\/et\/#website\",\"url\":\"https:\/\/baubauwall.com\/et\/\",\"name\":\"BAUBAUWALL Wallpapers\",\"description\":\"Valmis paanides tapeet Eestist!\",\"publisher\":{\"@id\":\"https:\/\/baubauwall.com\/et\/#organization\"},\"potentialAction\":[{\"@type\":\"SearchAction\",\"target\":{\"@type\":\"EntryPoint\",\"urlTemplate\":\"https:\/\/baubauwall.com\/et\/?s={search_term_string}\"},\"query-input\":{\"@type\":\"PropertyValueSpecification\",\"valueRequired\":true,\"valueName\":\"search_term_string\"}}],\"inLanguage\":\"et\"},{\"@type\":\"Organization\",\"@id\":\"https:\/\/baubauwall.com\/et\/#organization\",\"name\":\"BAUBAUWALL Wallpapers\",\"url\":\"https:\/\/baubauwall.com\/et\/\",\"logo\":{\"@type\":\"ImageObject\",\"inLanguage\":\"et\",\"@id\":\"https:\/\/baubauwall.com\/et\/#\/schema\/logo\/image\/\",\"url\":\"https:\/\/baubauwall.com\/wp-content\/uploads\/2022\/03\/logo-horizontal.svg\",\"contentUrl\":\"https:\/\/baubauwall.com\/wp-content\/uploads\/2022\/03\/logo-horizontal.svg\",\"width\":\"1024\",\"height\":\"1024\",\"caption\":\"BAUBAUWALL Wallpapers\"},\"image\":{\"@id\":\"https:\/\/baubauwall.com\/et\/#\/schema\/logo\/image\/\"},\"sameAs\":[\"https:\/\/www.facebook.com\/Baubauwall\",\"https:\/\/www.instagram.com\/baubauwall\"]}]}<\/script>\n<!-- \/ Yoast SEO plugin. -->","yoast_head_json":{"title":"Roosa tapeet t\u00fcdruku tuppa. Lastetoa tapeet","description":"Lastetoa tapeet, ehk just t\u00fcdruku toa seinale. Roosa tapeet P\u00f5hjamaises stiilis. Lastetoa tapeedid, mis panevad naeratama","robots":{"index":"index","follow":"follow","max-snippet":"max-snippet:-1","max-image-preview":"max-image-preview:large","max-video-preview":"max-video-preview:-1"},"canonical":"https:\/\/baubauwall.com\/et\/toode\/tapeet-linnulehestik-roosa\/","og_locale":"et_EE","og_type":"article","og_title":"Roosa tapeet t\u00fcdruku tuppa. Lastetoa tapeet","og_description":"Lastetoa tapeet, ehk just t\u00fcdruku toa seinale. Roosa tapeet P\u00f5hjamaises stiilis. Lastetoa tapeedid, mis panevad naeratama","og_url":"https:\/\/baubauwall.com\/et\/toode\/tapeet-linnulehestik-roosa\/","og_site_name":"BAUBAUWALL TAPEEDID","article_publisher":"https:\/\/www.facebook.com\/Baubauwall","article_modified_time":"2023-08-22T08:12:48+00:00","og_image":[{"width":2133,"height":1600,"url":"https:\/\/baubauwall.com\/wp-content\/uploads\/2022\/11\/51100343_BirdsInFoliage-pink_Baubauwall_Wallpaper_room2-Copy.jpg","type":"image\/jpeg"}],"twitter_card":"summary_large_image","twitter_misc":{"Est. reading time":"1 minut"},"schema":{"@context":"https:\/\/schema.org","@graph":[{"@type":"WebPage","@id":"https:\/\/baubauwall.com\/et\/toode\/tapeet-linnulehestik-roosa\/","url":"https:\/\/baubauwall.com\/et\/toode\/tapeet-linnulehestik-roosa\/","name":"Roosa tapeet t\u00fcdruku tuppa. Lastetoa tapeet","isPartOf":{"@id":"https:\/\/baubauwall.com\/et\/#website"},"primaryImageOfPage":{"@id":"https:\/\/baubauwall.com\/et\/toode\/tapeet-linnulehestik-roosa\/#primaryimage"},"image":{"@id":"https:\/\/baubauwall.com\/et\/toode\/tapeet-linnulehestik-roosa\/#primaryimage"},"thumbnailUrl":"https:\/\/baubauwall.com\/wp-content\/uploads\/2022\/11\/51100343_BirdsInFoliage-pink_Baubauwall_Wallpaper_room2-Copy.jpg","datePublished":"2022-11-07T13:15:09+00:00","dateModified":"2023-08-22T08:12:48+00:00","description":"Lastetoa tapeet, ehk just t\u00fcdruku toa seinale. Roosa tapeet P\u00f5hjamaises stiilis. Lastetoa tapeedid, mis panevad naeratama","breadcrumb":{"@id":"https:\/\/baubauwall.com\/et\/toode\/tapeet-linnulehestik-roosa\/#breadcrumb"},"inLanguage":"et","potentialAction":[{"@type":"ReadAction","target":["https:\/\/baubauwall.com\/et\/toode\/tapeet-linnulehestik-roosa\/"]}]},{"@type":"ImageObject","inLanguage":"et","@id":"https:\/\/baubauwall.com\/et\/toode\/tapeet-linnulehestik-roosa\/#primaryimage","url":"https:\/\/baubauwall.com\/wp-content\/uploads\/2022\/11\/51100343_BirdsInFoliage-pink_Baubauwall_Wallpaper_room2-Copy.jpg","contentUrl":"https:\/\/baubauwall.com\/wp-content\/uploads\/2022\/11\/51100343_BirdsInFoliage-pink_Baubauwall_Wallpaper_room2-Copy.jpg","width":2133,"height":1600},{"@type":"BreadcrumbList","@id":"https:\/\/baubauwall.com\/et\/toode\/tapeet-linnulehestik-roosa\/#breadcrumb","itemListElement":[{"@type":"ListItem","position":1,"name":"Koju","item":"https:\/\/baubauwall.com\/et\/"},{"@type":"ListItem","position":2,"name":"Tapeedid","item":"https:\/\/baubauwall.com\/et\/tapeedid\/"},{"@type":"ListItem","position":3,"name":"Linnulehestik &#8211; roosa"}]},{"@type":"WebSite","@id":"https:\/\/baubauwall.com\/et\/#website","url":"https:\/\/baubauwall.com\/et\/","name":"BAUBAUWALL Wallpapers","description":"Valmis paanides tapeet Eestist!","publisher":{"@id":"https:\/\/baubauwall.com\/et\/#organization"},"potentialAction":[{"@type":"SearchAction","target":{"@type":"EntryPoint","urlTemplate":"https:\/\/baubauwall.com\/et\/?s={search_term_string}"},"query-input":{"@type":"PropertyValueSpecification","valueRequired":true,"valueName":"search_term_string"}}],"inLanguage":"et"},{"@type":"Organization","@id":"https:\/\/baubauwall.com\/et\/#organization","name":"BAUBAUWALL Wallpapers","url":"https:\/\/baubauwall.com\/et\/","logo":{"@type":"ImageObject","inLanguage":"et","@id":"https:\/\/baubauwall.com\/et\/#\/schema\/logo\/image\/","url":"https:\/\/baubauwall.com\/wp-content\/uploads\/2022\/03\/logo-horizontal.svg","contentUrl":"https:\/\/baubauwall.com\/wp-content\/uploads\/2022\/03\/logo-horizontal.svg","width":"1024","height":"1024","caption":"BAUBAUWALL Wallpapers"},"image":{"@id":"https:\/\/baubauwall.com\/et\/#\/schema\/logo\/image\/"},"sameAs":["https:\/\/www.facebook.com\/Baubauwall","https:\/\/www.instagram.com\/baubauwall"]}]}},"jetpack_sharing_enabled":true,"_links":{"self":[{"href":"https:\/\/baubauwall.com\/et\/wp-json\/wp\/v2\/product\/30987","targetHints":{"allow":["GET"]}}],"collection":[{"href":"https:\/\/baubauwall.com\/et\/wp-json\/wp\/v2\/product"}],"about":[{"href":"https:\/\/baubauwall.com\/et\/wp-json\/wp\/v2\/types\/product"}],"replies":[{"embeddable":true,"href":"https:\/\/baubauwall.com\/et\/wp-json\/wp\/v2\/comments?post=30987"}],"wp:featuredmedia":[{"embeddable":true,"href":"https:\/\/baubauwall.com\/et\/wp-json\/wp\/v2\/media\/30973"}],"wp:attachment":[{"href":"https:\/\/baubauwall.com\/et\/wp-json\/wp\/v2\/media?parent=30987"}],"wp:term":[{"taxonomy":"product_brand","embeddable":true,"href":"https:\/\/baubauwall.com\/et\/wp-json\/wp\/v2\/product_brand?post=30987"},{"taxonomy":"product_cat","embeddable":true,"href":"https:\/\/baubauwall.com\/et\/wp-json\/wp\/v2\/product_cat?post=30987"},{"taxonomy":"product_tag","embeddable":true,"href":"https:\/\/baubauwall.com\/et\/wp-json\/wp\/v2\/product_tag?post=30987"}],"curies":[{"name":"wp","href":"https:\/\/api.w.org\/{rel}","templated":true}]}}