{"id":30990,"date":"2023-08-22T10:22:15","date_gmt":"2023-08-22T08:22:15","guid":{"rendered":"https:\/\/baubauwall.com\/?post_type=product&#038;p=30990"},"modified":"2023-11-27T10:42:22","modified_gmt":"2023-11-27T08:42:22","slug":"helesinine-tapeet-linnulehestik","status":"publish","type":"product","link":"https:\/\/baubauwall.com\/et\/toode\/helesinine-tapeet-linnulehestik\/","title":{"rendered":"Linnulehestik &#8211; helesinine"},"content":{"rendered":"<p>Lastetoa tapeet v\u00e4ikeste linnukestega! Helesinine, P\u00f5hjamaine disain tapeet sobiks ehk just vasts\u00fcndinu tuppa? Samas on mahedalt helesinine linnumustriline tapeet ajatu valik ja loob sinu kodu interj\u00f6\u00f6rist stiilse mulje, mis kestab aastaid. Lastetoa tapeet ei pea olema ju l\u00f5ppude l\u00f5puks liiga lapsik, vaid v\u00f5ib vabalt olla ka midagi klassikalist, mis p\u00fcsib aastaid.<\/p>\n<p>Nagu k\u00f5ik meie kordusmustriga tapeedid ja pilttapeedid, on ka see lastetoa disain tapeet tr\u00fckitud keskkonnas\u00f5bralike v\u00e4rvidega, hingavale fliistapeedi materjalile. Kuidas see t\u00f6\u00f6tab? Loe l\u00e4hemalt <a href=\"https:\/\/baubauwall.com\/et\/kuidas-see-tootab\/\" target=\"_blank\" rel=\"noopener\">siit.\u00a0<\/a><\/p>\n","protected":false},"excerpt":{"rendered":"<p>Lastetoa tapeet v\u00e4ikeste linnukestega! Helesinine, P\u00f5hjamaine disain tapeet sobiks ehk just vasts\u00fcndinu tuppa? Samas on mahedalt helesinine linnumustriline tapeet ajatu valik ja loob sinu kodu interj\u00f6\u00f6rist stiilse mulje, mis kestab aastaid. Lastetoa tapeet ei pea olema ju l\u00f5ppude l\u00f5puks liiga lapsik, vaid v\u00f5ib vabalt olla ka midagi klassikalist, mis p\u00fcsib aastaid. Nagu k\u00f5ik meie kordusmustriga [&hellip;]<\/p>\n","protected":false},"featured_media":30995,"comment_status":"open","ping_status":"closed","template":"","meta":{"_acf_changed":false,"inline_featured_image":false},"product_brand":[],"product_cat":[386,395,406,267,273,276,400,254,257,260],"product_tag":[349,308],"class_list":{"0":"post-30990","1":"product","2":"type-product","3":"status-publish","4":"has-post-thumbnail","6":"product_cat-kordusmustriga-tapeedid","7":"product_cat-romantiline","8":"product_cat-klassika","9":"product_cat-sinised-tapeedid","10":"product_cat-heledad-tapeedid","11":"product_cat-pastelsed-tapeedid","12":"product_cat-lastetoa-tapeedid","13":"product_cat-loodus","14":"product_cat-linnud","15":"product_cat-lilled","16":"product_tag-beebituba","17":"product_tag-poiste-tuba","18":"pa_designedby-baubauwall","20":"first","21":"instock","22":"taxable","23":"shipping-taxable","24":"purchasable","25":"product-type-simple"},"acf":[],"yoast_head":"<!-- This site is optimized with the Yoast SEO plugin v25.9 - https:\/\/yoast.com\/wordpress\/plugins\/seo\/ -->\n<title>Helesinine tapeet lastetuppa. Lastetoa tapeet<\/title>\n<meta name=\"description\" content=\"Lastetoa tapeet, ehk just beebitoa seinale. Helesinine tapeet lastetuppa P\u00f5hjamaises stiilis. Lastetoa tapeedid, mis panevad naeratama\" \/>\n<meta name=\"robots\" content=\"index, follow, max-snippet:-1, max-image-preview:large, max-video-preview:-1\" \/>\n<link rel=\"canonical\" href=\"https:\/\/baubauwall.com\/et\/toode\/helesinine-tapeet-linnulehestik\/\" \/>\n<meta property=\"og:locale\" content=\"et_EE\" \/>\n<meta property=\"og:type\" content=\"article\" \/>\n<meta property=\"og:title\" content=\"Helesinine tapeet lastetuppa. Lastetoa tapeet\" \/>\n<meta property=\"og:description\" content=\"Lastetoa tapeet, ehk just beebitoa seinale. Helesinine tapeet lastetuppa P\u00f5hjamaises stiilis. Lastetoa tapeedid, mis panevad naeratama\" \/>\n<meta property=\"og:url\" content=\"https:\/\/baubauwall.com\/et\/toode\/helesinine-tapeet-linnulehestik\/\" \/>\n<meta property=\"og:site_name\" content=\"BAUBAUWALL TAPEEDID\" \/>\n<meta property=\"article:publisher\" content=\"https:\/\/www.facebook.com\/Baubauwall\" \/>\n<meta property=\"article:modified_time\" content=\"2023-11-27T08:42:22+00:00\" \/>\n<meta property=\"og:image\" content=\"https:\/\/baubauwall.com\/wp-content\/uploads\/2023\/08\/51100344_BirdsInFoliage-blue_Baubauwall_Wallpaper_preview.jpg\" \/>\n\t<meta property=\"og:image:width\" content=\"800\" \/>\n\t<meta property=\"og:image:height\" content=\"800\" \/>\n\t<meta property=\"og:image:type\" content=\"image\/jpeg\" \/>\n<meta name=\"twitter:card\" content=\"summary_large_image\" \/>\n<meta name=\"twitter:label1\" content=\"Est. reading time\" \/>\n\t<meta name=\"twitter:data1\" content=\"1 minut\" \/>\n<script type=\"application\/ld+json\" class=\"yoast-schema-graph\">{\"@context\":\"https:\/\/schema.org\",\"@graph\":[{\"@type\":\"WebPage\",\"@id\":\"https:\/\/baubauwall.com\/et\/toode\/helesinine-tapeet-linnulehestik\/\",\"url\":\"https:\/\/baubauwall.com\/et\/toode\/helesinine-tapeet-linnulehestik\/\",\"name\":\"Helesinine tapeet lastetuppa. Lastetoa tapeet\",\"isPartOf\":{\"@id\":\"https:\/\/baubauwall.com\/et\/#website\"},\"primaryImageOfPage\":{\"@id\":\"https:\/\/baubauwall.com\/et\/toode\/helesinine-tapeet-linnulehestik\/#primaryimage\"},\"image\":{\"@id\":\"https:\/\/baubauwall.com\/et\/toode\/helesinine-tapeet-linnulehestik\/#primaryimage\"},\"thumbnailUrl\":\"https:\/\/baubauwall.com\/wp-content\/uploads\/2023\/08\/51100344_BirdsInFoliage-blue_Baubauwall_Wallpaper_preview.jpg\",\"datePublished\":\"2023-08-22T08:22:15+00:00\",\"dateModified\":\"2023-11-27T08:42:22+00:00\",\"description\":\"Lastetoa tapeet, ehk just beebitoa seinale. Helesinine tapeet lastetuppa P\u00f5hjamaises stiilis. Lastetoa tapeedid, mis panevad naeratama\",\"breadcrumb\":{\"@id\":\"https:\/\/baubauwall.com\/et\/toode\/helesinine-tapeet-linnulehestik\/#breadcrumb\"},\"inLanguage\":\"et\",\"potentialAction\":[{\"@type\":\"ReadAction\",\"target\":[\"https:\/\/baubauwall.com\/et\/toode\/helesinine-tapeet-linnulehestik\/\"]}]},{\"@type\":\"ImageObject\",\"inLanguage\":\"et\",\"@id\":\"https:\/\/baubauwall.com\/et\/toode\/helesinine-tapeet-linnulehestik\/#primaryimage\",\"url\":\"https:\/\/baubauwall.com\/wp-content\/uploads\/2023\/08\/51100344_BirdsInFoliage-blue_Baubauwall_Wallpaper_preview.jpg\",\"contentUrl\":\"https:\/\/baubauwall.com\/wp-content\/uploads\/2023\/08\/51100344_BirdsInFoliage-blue_Baubauwall_Wallpaper_preview.jpg\",\"width\":800,\"height\":800},{\"@type\":\"BreadcrumbList\",\"@id\":\"https:\/\/baubauwall.com\/et\/toode\/helesinine-tapeet-linnulehestik\/#breadcrumb\",\"itemListElement\":[{\"@type\":\"ListItem\",\"position\":1,\"name\":\"Koju\",\"item\":\"https:\/\/baubauwall.com\/et\/\"},{\"@type\":\"ListItem\",\"position\":2,\"name\":\"Tapeedid\",\"item\":\"https:\/\/baubauwall.com\/et\/tapeedid\/\"},{\"@type\":\"ListItem\",\"position\":3,\"name\":\"Linnulehestik &#8211; helesinine\"}]},{\"@type\":\"WebSite\",\"@id\":\"https:\/\/baubauwall.com\/et\/#website\",\"url\":\"https:\/\/baubauwall.com\/et\/\",\"name\":\"BAUBAUWALL Wallpapers\",\"description\":\"Valmis paanides tapeet Eestist!\",\"publisher\":{\"@id\":\"https:\/\/baubauwall.com\/et\/#organization\"},\"potentialAction\":[{\"@type\":\"SearchAction\",\"target\":{\"@type\":\"EntryPoint\",\"urlTemplate\":\"https:\/\/baubauwall.com\/et\/?s={search_term_string}\"},\"query-input\":{\"@type\":\"PropertyValueSpecification\",\"valueRequired\":true,\"valueName\":\"search_term_string\"}}],\"inLanguage\":\"et\"},{\"@type\":\"Organization\",\"@id\":\"https:\/\/baubauwall.com\/et\/#organization\",\"name\":\"BAUBAUWALL Wallpapers\",\"url\":\"https:\/\/baubauwall.com\/et\/\",\"logo\":{\"@type\":\"ImageObject\",\"inLanguage\":\"et\",\"@id\":\"https:\/\/baubauwall.com\/et\/#\/schema\/logo\/image\/\",\"url\":\"https:\/\/baubauwall.com\/wp-content\/uploads\/2022\/03\/logo-horizontal.svg\",\"contentUrl\":\"https:\/\/baubauwall.com\/wp-content\/uploads\/2022\/03\/logo-horizontal.svg\",\"width\":\"1024\",\"height\":\"1024\",\"caption\":\"BAUBAUWALL Wallpapers\"},\"image\":{\"@id\":\"https:\/\/baubauwall.com\/et\/#\/schema\/logo\/image\/\"},\"sameAs\":[\"https:\/\/www.facebook.com\/Baubauwall\",\"https:\/\/www.instagram.com\/baubauwall\"]}]}<\/script>\n<!-- \/ Yoast SEO plugin. -->","yoast_head_json":{"title":"Helesinine tapeet lastetuppa. Lastetoa tapeet","description":"Lastetoa tapeet, ehk just beebitoa seinale. Helesinine tapeet lastetuppa P\u00f5hjamaises stiilis. Lastetoa tapeedid, mis panevad naeratama","robots":{"index":"index","follow":"follow","max-snippet":"max-snippet:-1","max-image-preview":"max-image-preview:large","max-video-preview":"max-video-preview:-1"},"canonical":"https:\/\/baubauwall.com\/et\/toode\/helesinine-tapeet-linnulehestik\/","og_locale":"et_EE","og_type":"article","og_title":"Helesinine tapeet lastetuppa. Lastetoa tapeet","og_description":"Lastetoa tapeet, ehk just beebitoa seinale. Helesinine tapeet lastetuppa P\u00f5hjamaises stiilis. Lastetoa tapeedid, mis panevad naeratama","og_url":"https:\/\/baubauwall.com\/et\/toode\/helesinine-tapeet-linnulehestik\/","og_site_name":"BAUBAUWALL TAPEEDID","article_publisher":"https:\/\/www.facebook.com\/Baubauwall","article_modified_time":"2023-11-27T08:42:22+00:00","og_image":[{"width":800,"height":800,"url":"https:\/\/baubauwall.com\/wp-content\/uploads\/2023\/08\/51100344_BirdsInFoliage-blue_Baubauwall_Wallpaper_preview.jpg","type":"image\/jpeg"}],"twitter_card":"summary_large_image","twitter_misc":{"Est. reading time":"1 minut"},"schema":{"@context":"https:\/\/schema.org","@graph":[{"@type":"WebPage","@id":"https:\/\/baubauwall.com\/et\/toode\/helesinine-tapeet-linnulehestik\/","url":"https:\/\/baubauwall.com\/et\/toode\/helesinine-tapeet-linnulehestik\/","name":"Helesinine tapeet lastetuppa. Lastetoa tapeet","isPartOf":{"@id":"https:\/\/baubauwall.com\/et\/#website"},"primaryImageOfPage":{"@id":"https:\/\/baubauwall.com\/et\/toode\/helesinine-tapeet-linnulehestik\/#primaryimage"},"image":{"@id":"https:\/\/baubauwall.com\/et\/toode\/helesinine-tapeet-linnulehestik\/#primaryimage"},"thumbnailUrl":"https:\/\/baubauwall.com\/wp-content\/uploads\/2023\/08\/51100344_BirdsInFoliage-blue_Baubauwall_Wallpaper_preview.jpg","datePublished":"2023-08-22T08:22:15+00:00","dateModified":"2023-11-27T08:42:22+00:00","description":"Lastetoa tapeet, ehk just beebitoa seinale. Helesinine tapeet lastetuppa P\u00f5hjamaises stiilis. Lastetoa tapeedid, mis panevad naeratama","breadcrumb":{"@id":"https:\/\/baubauwall.com\/et\/toode\/helesinine-tapeet-linnulehestik\/#breadcrumb"},"inLanguage":"et","potentialAction":[{"@type":"ReadAction","target":["https:\/\/baubauwall.com\/et\/toode\/helesinine-tapeet-linnulehestik\/"]}]},{"@type":"ImageObject","inLanguage":"et","@id":"https:\/\/baubauwall.com\/et\/toode\/helesinine-tapeet-linnulehestik\/#primaryimage","url":"https:\/\/baubauwall.com\/wp-content\/uploads\/2023\/08\/51100344_BirdsInFoliage-blue_Baubauwall_Wallpaper_preview.jpg","contentUrl":"https:\/\/baubauwall.com\/wp-content\/uploads\/2023\/08\/51100344_BirdsInFoliage-blue_Baubauwall_Wallpaper_preview.jpg","width":800,"height":800},{"@type":"BreadcrumbList","@id":"https:\/\/baubauwall.com\/et\/toode\/helesinine-tapeet-linnulehestik\/#breadcrumb","itemListElement":[{"@type":"ListItem","position":1,"name":"Koju","item":"https:\/\/baubauwall.com\/et\/"},{"@type":"ListItem","position":2,"name":"Tapeedid","item":"https:\/\/baubauwall.com\/et\/tapeedid\/"},{"@type":"ListItem","position":3,"name":"Linnulehestik &#8211; helesinine"}]},{"@type":"WebSite","@id":"https:\/\/baubauwall.com\/et\/#website","url":"https:\/\/baubauwall.com\/et\/","name":"BAUBAUWALL Wallpapers","description":"Valmis paanides tapeet Eestist!","publisher":{"@id":"https:\/\/baubauwall.com\/et\/#organization"},"potentialAction":[{"@type":"SearchAction","target":{"@type":"EntryPoint","urlTemplate":"https:\/\/baubauwall.com\/et\/?s={search_term_string}"},"query-input":{"@type":"PropertyValueSpecification","valueRequired":true,"valueName":"search_term_string"}}],"inLanguage":"et"},{"@type":"Organization","@id":"https:\/\/baubauwall.com\/et\/#organization","name":"BAUBAUWALL Wallpapers","url":"https:\/\/baubauwall.com\/et\/","logo":{"@type":"ImageObject","inLanguage":"et","@id":"https:\/\/baubauwall.com\/et\/#\/schema\/logo\/image\/","url":"https:\/\/baubauwall.com\/wp-content\/uploads\/2022\/03\/logo-horizontal.svg","contentUrl":"https:\/\/baubauwall.com\/wp-content\/uploads\/2022\/03\/logo-horizontal.svg","width":"1024","height":"1024","caption":"BAUBAUWALL Wallpapers"},"image":{"@id":"https:\/\/baubauwall.com\/et\/#\/schema\/logo\/image\/"},"sameAs":["https:\/\/www.facebook.com\/Baubauwall","https:\/\/www.instagram.com\/baubauwall"]}]}},"jetpack_sharing_enabled":true,"_links":{"self":[{"href":"https:\/\/baubauwall.com\/et\/wp-json\/wp\/v2\/product\/30990","targetHints":{"allow":["GET"]}}],"collection":[{"href":"https:\/\/baubauwall.com\/et\/wp-json\/wp\/v2\/product"}],"about":[{"href":"https:\/\/baubauwall.com\/et\/wp-json\/wp\/v2\/types\/product"}],"replies":[{"embeddable":true,"href":"https:\/\/baubauwall.com\/et\/wp-json\/wp\/v2\/comments?post=30990"}],"wp:featuredmedia":[{"embeddable":true,"href":"https:\/\/baubauwall.com\/et\/wp-json\/wp\/v2\/media\/30995"}],"wp:attachment":[{"href":"https:\/\/baubauwall.com\/et\/wp-json\/wp\/v2\/media?parent=30990"}],"wp:term":[{"taxonomy":"product_brand","embeddable":true,"href":"https:\/\/baubauwall.com\/et\/wp-json\/wp\/v2\/product_brand?post=30990"},{"taxonomy":"product_cat","embeddable":true,"href":"https:\/\/baubauwall.com\/et\/wp-json\/wp\/v2\/product_cat?post=30990"},{"taxonomy":"product_tag","embeddable":true,"href":"https:\/\/baubauwall.com\/et\/wp-json\/wp\/v2\/product_tag?post=30990"}],"curies":[{"name":"wp","href":"https:\/\/api.w.org\/{rel}","templated":true}]}}