{"id":31031,"date":"2022-11-07T15:15:09","date_gmt":"2022-11-07T13:15:09","guid":{"rendered":"https:\/\/baubauwall.com\/product\/wallpaper-willow-tree-light-yellow\/"},"modified":"2023-08-22T10:54:08","modified_gmt":"2023-08-22T08:54:08","slug":"tapeet-pajutudud-helekollane","status":"publish","type":"product","link":"https:\/\/baubauwall.com\/et\/toode\/tapeet-pajutudud-helekollane\/","title":{"rendered":"Pajutudud &#8211; helekollane"},"content":{"rendered":"<p>Helekollane tapeet lindudega, mis t\u00e4iendab sujuvalt mitmesuguseid sisekujunduse stiile alates moodsast P\u00f5hjamaade esteetikast kuni traditsiooniliste stiilideni. \u00d5rnalt veetlev disain koos muretute lindudega puudel teeb sellest ideaalse tapeedivaliku magamistubadesse, elutubadesse v\u00f5i s\u00f6\u00f6gitubadesse kuhu sooviksid tuua uut v\u00e4rskust. T\u00e4iuslik tapeet mitmele seinale v\u00f5i lihtsalt \u00fchele, esile t\u00f5stetud aktsentseinale.<\/p>\n<p>Nagu k\u00f5ik meie kordusmustriga tapeedid ja pilttapeedid, on ka see disain tr\u00fckitud\u00a0<a href=\"https:\/\/baubauwall.com\/et\/keskkonnasobralikud-tapeedid\/\" target=\"_blank\" rel=\"noopener\">keskkonnas\u00f5bralike v\u00e4rvidega<\/a>, hingavale fliistapeedi materjalile, mis ei l\u00e4igi ja on lihtne paigaldada. Sinu uus tapeet tuleb valmis l\u00f5igatud ning nummerdatud paanides, mis on t\u00e4pselt nii k\u00f5rged, kui Sinu sein.<\/p>\n","protected":false},"excerpt":{"rendered":"<p>Helekollane tapeet lindudega, mis t\u00e4iendab sujuvalt mitmesuguseid sisekujunduse stiile alates moodsast P\u00f5hjamaade esteetikast kuni traditsiooniliste stiilideni. \u00d5rnalt veetlev disain koos muretute lindudega puudel teeb sellest ideaalse tapeedivaliku magamistubadesse, elutubadesse v\u00f5i s\u00f6\u00f6gitubadesse kuhu sooviksid tuua uut v\u00e4rskust. T\u00e4iuslik tapeet mitmele seinale v\u00f5i lihtsalt \u00fchele, esile t\u00f5stetud aktsentseinale. Nagu k\u00f5ik meie kordusmustriga tapeedid ja pilttapeedid, on ka [&hellip;]<\/p>\n","protected":false},"featured_media":31020,"comment_status":"open","ping_status":"closed","template":"","meta":{"_acf_changed":false,"inline_featured_image":false},"product_brand":[],"product_cat":[386,395,273,276,411,413,400,416,402,254,257],"product_tag":[],"class_list":{"0":"post-31031","1":"product","2":"type-product","3":"status-publish","4":"has-post-thumbnail","6":"product_cat-kordusmustriga-tapeedid","7":"product_cat-romantiline","8":"product_cat-heledad-tapeedid","9":"product_cat-pastelsed-tapeedid","10":"product_cat-kollased-tapeedid","11":"product_cat-magamistoa-tapeedid","12":"product_cat-lastetoa-tapeedid","13":"product_cat-esiku-tapeedid","14":"product_cat-elutoa-tapeedid","15":"product_cat-loodus","16":"product_cat-linnud","17":"pa_designedby-baubauwall","19":"first","20":"instock","21":"taxable","22":"shipping-taxable","23":"purchasable","24":"product-type-simple"},"acf":[],"yoast_head":"<!-- This site is optimized with the Yoast SEO plugin v25.9 - https:\/\/yoast.com\/wordpress\/plugins\/seo\/ -->\n<title>Helekollane tapeet lindudega. Ilus tapeet elutuppa v\u00f5i mujale.<\/title>\n<meta name=\"description\" content=\"Tapeedid, mis tr\u00fckitakse sinu seina m\u00f5\u00f5dus! Helekollane tapeet mitmele seinale v\u00f5i \u00fchele aktsentseinale. Lindudega tapeet on aja valik.\" \/>\n<meta name=\"robots\" content=\"index, follow, max-snippet:-1, max-image-preview:large, max-video-preview:-1\" \/>\n<link rel=\"canonical\" href=\"https:\/\/baubauwall.com\/et\/toode\/tapeet-pajutudud-helekollane\/\" \/>\n<meta property=\"og:locale\" content=\"et_EE\" \/>\n<meta property=\"og:type\" content=\"article\" \/>\n<meta property=\"og:title\" content=\"Helekollane tapeet lindudega. Ilus tapeet elutuppa v\u00f5i mujale.\" \/>\n<meta property=\"og:description\" content=\"Tapeedid, mis tr\u00fckitakse sinu seina m\u00f5\u00f5dus! Helekollane tapeet mitmele seinale v\u00f5i \u00fchele aktsentseinale. Lindudega tapeet on aja valik.\" \/>\n<meta property=\"og:url\" content=\"https:\/\/baubauwall.com\/et\/toode\/tapeet-pajutudud-helekollane\/\" \/>\n<meta property=\"og:site_name\" content=\"BAUBAUWALL TAPEEDID\" \/>\n<meta property=\"article:publisher\" content=\"https:\/\/www.facebook.com\/Baubauwall\" \/>\n<meta property=\"article:modified_time\" content=\"2023-08-22T08:54:08+00:00\" \/>\n<meta property=\"og:image\" content=\"https:\/\/i0.wp.com\/baubauwall.com\/wp-content\/uploads\/2022\/11\/51100345_BirdsOnWillow-yellow_Baubauwall_Wallpaper_room2.jpg?fit=2397%2C1600&ssl=1\" \/>\n\t<meta property=\"og:image:width\" content=\"2397\" \/>\n\t<meta property=\"og:image:height\" content=\"1600\" \/>\n\t<meta property=\"og:image:type\" content=\"image\/jpeg\" \/>\n<meta name=\"twitter:card\" content=\"summary_large_image\" \/>\n<meta name=\"twitter:label1\" content=\"Est. reading time\" \/>\n\t<meta name=\"twitter:data1\" content=\"1 minut\" \/>\n<script type=\"application\/ld+json\" class=\"yoast-schema-graph\">{\"@context\":\"https:\/\/schema.org\",\"@graph\":[{\"@type\":\"WebPage\",\"@id\":\"https:\/\/baubauwall.com\/et\/toode\/tapeet-pajutudud-helekollane\/\",\"url\":\"https:\/\/baubauwall.com\/et\/toode\/tapeet-pajutudud-helekollane\/\",\"name\":\"Helekollane tapeet lindudega. Ilus tapeet elutuppa v\u00f5i mujale.\",\"isPartOf\":{\"@id\":\"https:\/\/baubauwall.com\/et\/#website\"},\"primaryImageOfPage\":{\"@id\":\"https:\/\/baubauwall.com\/et\/toode\/tapeet-pajutudud-helekollane\/#primaryimage\"},\"image\":{\"@id\":\"https:\/\/baubauwall.com\/et\/toode\/tapeet-pajutudud-helekollane\/#primaryimage\"},\"thumbnailUrl\":\"https:\/\/baubauwall.com\/wp-content\/uploads\/2022\/11\/51100345_BirdsOnWillow-yellow_Baubauwall_Wallpaper_room2.jpg\",\"datePublished\":\"2022-11-07T13:15:09+00:00\",\"dateModified\":\"2023-08-22T08:54:08+00:00\",\"description\":\"Tapeedid, mis tr\u00fckitakse sinu seina m\u00f5\u00f5dus! Helekollane tapeet mitmele seinale v\u00f5i \u00fchele aktsentseinale. Lindudega tapeet on aja valik.\",\"breadcrumb\":{\"@id\":\"https:\/\/baubauwall.com\/et\/toode\/tapeet-pajutudud-helekollane\/#breadcrumb\"},\"inLanguage\":\"et\",\"potentialAction\":[{\"@type\":\"ReadAction\",\"target\":[\"https:\/\/baubauwall.com\/et\/toode\/tapeet-pajutudud-helekollane\/\"]}]},{\"@type\":\"ImageObject\",\"inLanguage\":\"et\",\"@id\":\"https:\/\/baubauwall.com\/et\/toode\/tapeet-pajutudud-helekollane\/#primaryimage\",\"url\":\"https:\/\/baubauwall.com\/wp-content\/uploads\/2022\/11\/51100345_BirdsOnWillow-yellow_Baubauwall_Wallpaper_room2.jpg\",\"contentUrl\":\"https:\/\/baubauwall.com\/wp-content\/uploads\/2022\/11\/51100345_BirdsOnWillow-yellow_Baubauwall_Wallpaper_room2.jpg\",\"width\":2397,\"height\":1600},{\"@type\":\"BreadcrumbList\",\"@id\":\"https:\/\/baubauwall.com\/et\/toode\/tapeet-pajutudud-helekollane\/#breadcrumb\",\"itemListElement\":[{\"@type\":\"ListItem\",\"position\":1,\"name\":\"Koju\",\"item\":\"https:\/\/baubauwall.com\/et\/\"},{\"@type\":\"ListItem\",\"position\":2,\"name\":\"Tapeedid\",\"item\":\"https:\/\/baubauwall.com\/et\/tapeedid\/\"},{\"@type\":\"ListItem\",\"position\":3,\"name\":\"Pajutudud &#8211; helekollane\"}]},{\"@type\":\"WebSite\",\"@id\":\"https:\/\/baubauwall.com\/et\/#website\",\"url\":\"https:\/\/baubauwall.com\/et\/\",\"name\":\"BAUBAUWALL Wallpapers\",\"description\":\"Valmis paanides tapeet Eestist!\",\"publisher\":{\"@id\":\"https:\/\/baubauwall.com\/et\/#organization\"},\"potentialAction\":[{\"@type\":\"SearchAction\",\"target\":{\"@type\":\"EntryPoint\",\"urlTemplate\":\"https:\/\/baubauwall.com\/et\/?s={search_term_string}\"},\"query-input\":{\"@type\":\"PropertyValueSpecification\",\"valueRequired\":true,\"valueName\":\"search_term_string\"}}],\"inLanguage\":\"et\"},{\"@type\":\"Organization\",\"@id\":\"https:\/\/baubauwall.com\/et\/#organization\",\"name\":\"BAUBAUWALL Wallpapers\",\"url\":\"https:\/\/baubauwall.com\/et\/\",\"logo\":{\"@type\":\"ImageObject\",\"inLanguage\":\"et\",\"@id\":\"https:\/\/baubauwall.com\/et\/#\/schema\/logo\/image\/\",\"url\":\"https:\/\/baubauwall.com\/wp-content\/uploads\/2022\/03\/logo-horizontal.svg\",\"contentUrl\":\"https:\/\/baubauwall.com\/wp-content\/uploads\/2022\/03\/logo-horizontal.svg\",\"width\":\"1024\",\"height\":\"1024\",\"caption\":\"BAUBAUWALL Wallpapers\"},\"image\":{\"@id\":\"https:\/\/baubauwall.com\/et\/#\/schema\/logo\/image\/\"},\"sameAs\":[\"https:\/\/www.facebook.com\/Baubauwall\",\"https:\/\/www.instagram.com\/baubauwall\"]}]}<\/script>\n<!-- \/ Yoast SEO plugin. -->","yoast_head_json":{"title":"Helekollane tapeet lindudega. Ilus tapeet elutuppa v\u00f5i mujale.","description":"Tapeedid, mis tr\u00fckitakse sinu seina m\u00f5\u00f5dus! Helekollane tapeet mitmele seinale v\u00f5i \u00fchele aktsentseinale. Lindudega tapeet on aja valik.","robots":{"index":"index","follow":"follow","max-snippet":"max-snippet:-1","max-image-preview":"max-image-preview:large","max-video-preview":"max-video-preview:-1"},"canonical":"https:\/\/baubauwall.com\/et\/toode\/tapeet-pajutudud-helekollane\/","og_locale":"et_EE","og_type":"article","og_title":"Helekollane tapeet lindudega. Ilus tapeet elutuppa v\u00f5i mujale.","og_description":"Tapeedid, mis tr\u00fckitakse sinu seina m\u00f5\u00f5dus! Helekollane tapeet mitmele seinale v\u00f5i \u00fchele aktsentseinale. Lindudega tapeet on aja valik.","og_url":"https:\/\/baubauwall.com\/et\/toode\/tapeet-pajutudud-helekollane\/","og_site_name":"BAUBAUWALL TAPEEDID","article_publisher":"https:\/\/www.facebook.com\/Baubauwall","article_modified_time":"2023-08-22T08:54:08+00:00","og_image":[{"width":2397,"height":1600,"url":"https:\/\/i0.wp.com\/baubauwall.com\/wp-content\/uploads\/2022\/11\/51100345_BirdsOnWillow-yellow_Baubauwall_Wallpaper_room2.jpg?fit=2397%2C1600&ssl=1","type":"image\/jpeg"}],"twitter_card":"summary_large_image","twitter_misc":{"Est. reading time":"1 minut"},"schema":{"@context":"https:\/\/schema.org","@graph":[{"@type":"WebPage","@id":"https:\/\/baubauwall.com\/et\/toode\/tapeet-pajutudud-helekollane\/","url":"https:\/\/baubauwall.com\/et\/toode\/tapeet-pajutudud-helekollane\/","name":"Helekollane tapeet lindudega. Ilus tapeet elutuppa v\u00f5i mujale.","isPartOf":{"@id":"https:\/\/baubauwall.com\/et\/#website"},"primaryImageOfPage":{"@id":"https:\/\/baubauwall.com\/et\/toode\/tapeet-pajutudud-helekollane\/#primaryimage"},"image":{"@id":"https:\/\/baubauwall.com\/et\/toode\/tapeet-pajutudud-helekollane\/#primaryimage"},"thumbnailUrl":"https:\/\/baubauwall.com\/wp-content\/uploads\/2022\/11\/51100345_BirdsOnWillow-yellow_Baubauwall_Wallpaper_room2.jpg","datePublished":"2022-11-07T13:15:09+00:00","dateModified":"2023-08-22T08:54:08+00:00","description":"Tapeedid, mis tr\u00fckitakse sinu seina m\u00f5\u00f5dus! Helekollane tapeet mitmele seinale v\u00f5i \u00fchele aktsentseinale. Lindudega tapeet on aja valik.","breadcrumb":{"@id":"https:\/\/baubauwall.com\/et\/toode\/tapeet-pajutudud-helekollane\/#breadcrumb"},"inLanguage":"et","potentialAction":[{"@type":"ReadAction","target":["https:\/\/baubauwall.com\/et\/toode\/tapeet-pajutudud-helekollane\/"]}]},{"@type":"ImageObject","inLanguage":"et","@id":"https:\/\/baubauwall.com\/et\/toode\/tapeet-pajutudud-helekollane\/#primaryimage","url":"https:\/\/baubauwall.com\/wp-content\/uploads\/2022\/11\/51100345_BirdsOnWillow-yellow_Baubauwall_Wallpaper_room2.jpg","contentUrl":"https:\/\/baubauwall.com\/wp-content\/uploads\/2022\/11\/51100345_BirdsOnWillow-yellow_Baubauwall_Wallpaper_room2.jpg","width":2397,"height":1600},{"@type":"BreadcrumbList","@id":"https:\/\/baubauwall.com\/et\/toode\/tapeet-pajutudud-helekollane\/#breadcrumb","itemListElement":[{"@type":"ListItem","position":1,"name":"Koju","item":"https:\/\/baubauwall.com\/et\/"},{"@type":"ListItem","position":2,"name":"Tapeedid","item":"https:\/\/baubauwall.com\/et\/tapeedid\/"},{"@type":"ListItem","position":3,"name":"Pajutudud &#8211; helekollane"}]},{"@type":"WebSite","@id":"https:\/\/baubauwall.com\/et\/#website","url":"https:\/\/baubauwall.com\/et\/","name":"BAUBAUWALL Wallpapers","description":"Valmis paanides tapeet Eestist!","publisher":{"@id":"https:\/\/baubauwall.com\/et\/#organization"},"potentialAction":[{"@type":"SearchAction","target":{"@type":"EntryPoint","urlTemplate":"https:\/\/baubauwall.com\/et\/?s={search_term_string}"},"query-input":{"@type":"PropertyValueSpecification","valueRequired":true,"valueName":"search_term_string"}}],"inLanguage":"et"},{"@type":"Organization","@id":"https:\/\/baubauwall.com\/et\/#organization","name":"BAUBAUWALL Wallpapers","url":"https:\/\/baubauwall.com\/et\/","logo":{"@type":"ImageObject","inLanguage":"et","@id":"https:\/\/baubauwall.com\/et\/#\/schema\/logo\/image\/","url":"https:\/\/baubauwall.com\/wp-content\/uploads\/2022\/03\/logo-horizontal.svg","contentUrl":"https:\/\/baubauwall.com\/wp-content\/uploads\/2022\/03\/logo-horizontal.svg","width":"1024","height":"1024","caption":"BAUBAUWALL Wallpapers"},"image":{"@id":"https:\/\/baubauwall.com\/et\/#\/schema\/logo\/image\/"},"sameAs":["https:\/\/www.facebook.com\/Baubauwall","https:\/\/www.instagram.com\/baubauwall"]}]}},"jetpack_sharing_enabled":true,"_links":{"self":[{"href":"https:\/\/baubauwall.com\/et\/wp-json\/wp\/v2\/product\/31031","targetHints":{"allow":["GET"]}}],"collection":[{"href":"https:\/\/baubauwall.com\/et\/wp-json\/wp\/v2\/product"}],"about":[{"href":"https:\/\/baubauwall.com\/et\/wp-json\/wp\/v2\/types\/product"}],"replies":[{"embeddable":true,"href":"https:\/\/baubauwall.com\/et\/wp-json\/wp\/v2\/comments?post=31031"}],"wp:featuredmedia":[{"embeddable":true,"href":"https:\/\/baubauwall.com\/et\/wp-json\/wp\/v2\/media\/31020"}],"wp:attachment":[{"href":"https:\/\/baubauwall.com\/et\/wp-json\/wp\/v2\/media?parent=31031"}],"wp:term":[{"taxonomy":"product_brand","embeddable":true,"href":"https:\/\/baubauwall.com\/et\/wp-json\/wp\/v2\/product_brand?post=31031"},{"taxonomy":"product_cat","embeddable":true,"href":"https:\/\/baubauwall.com\/et\/wp-json\/wp\/v2\/product_cat?post=31031"},{"taxonomy":"product_tag","embeddable":true,"href":"https:\/\/baubauwall.com\/et\/wp-json\/wp\/v2\/product_tag?post=31031"}],"curies":[{"name":"wp","href":"https:\/\/api.w.org\/{rel}","templated":true}]}}