{"id":31034,"date":"2023-08-22T10:55:19","date_gmt":"2023-08-22T08:55:19","guid":{"rendered":"https:\/\/baubauwall.com\/?post_type=product&#038;p=31034"},"modified":"2023-08-22T11:01:31","modified_gmt":"2023-08-22T09:01:31","slug":"tapeet-pajutudud-helesinine","status":"publish","type":"product","link":"https:\/\/baubauwall.com\/et\/toode\/tapeet-pajutudud-helesinine\/","title":{"rendered":"Pajutudud &#8211; helesinine"},"content":{"rendered":"<p>Helesinine tapeet lindudega, mis t\u00e4iendab sujuvalt mitmesuguseid sisekujunduse stiile alates moodsast P\u00f5hjamaade esteetikast kuni traditsiooniliste stiilideni. \u00d5rnalt veetlev disain koos muretute lindudega puudel teeb sellest ideaalse tapeedivaliku lastetuppa,\u00a0 magamistubadesse, elutubadesse v\u00f5i s\u00f6\u00f6gitubadesse kuhu sooviksid tuua uut v\u00e4rskust. T\u00e4iuslik tapeet mitmele seinale v\u00f5i lihtsalt \u00fchele, esile t\u00f5stetud aktsentseinale.<\/p>\n<p>Nagu k\u00f5ik meie kordusmustriga tapeedid ja pilttapeedid, on ka see disain tr\u00fckitud\u00a0<a href=\"https:\/\/baubauwall.com\/et\/keskkonnasobralikud-tapeedid\/\" target=\"_blank\" rel=\"noopener\">keskkonnas\u00f5bralike v\u00e4rvidega<\/a>, hingavale fliistapeedi materjalile, mis ei l\u00e4igi ja on lihtne paigaldada. Sinu uus tapeet tuleb valmis l\u00f5igatud ning nummerdatud paanides, mis on t\u00e4pselt nii k\u00f5rged, kui Sinu sein.<\/p>\n","protected":false},"excerpt":{"rendered":"<p>Helesinine tapeet lindudega, mis t\u00e4iendab sujuvalt mitmesuguseid sisekujunduse stiile alates moodsast P\u00f5hjamaade esteetikast kuni traditsiooniliste stiilideni. \u00d5rnalt veetlev disain koos muretute lindudega puudel teeb sellest ideaalse tapeedivaliku lastetuppa,\u00a0 magamistubadesse, elutubadesse v\u00f5i s\u00f6\u00f6gitubadesse kuhu sooviksid tuua uut v\u00e4rskust. T\u00e4iuslik tapeet mitmele seinale v\u00f5i lihtsalt \u00fchele, esile t\u00f5stetud aktsentseinale. Nagu k\u00f5ik meie kordusmustriga tapeedid ja pilttapeedid, on [&hellip;]<\/p>\n","protected":false},"featured_media":31039,"comment_status":"open","ping_status":"closed","template":"","meta":{"_acf_changed":false,"inline_featured_image":false},"product_brand":[],"product_cat":[386,395,267,273,276,413,400,416,402,254,257],"product_tag":[],"class_list":{"0":"post-31034","1":"product","2":"type-product","3":"status-publish","4":"has-post-thumbnail","6":"product_cat-kordusmustriga-tapeedid","7":"product_cat-romantiline","8":"product_cat-sinised-tapeedid","9":"product_cat-heledad-tapeedid","10":"product_cat-pastelsed-tapeedid","11":"product_cat-magamistoa-tapeedid","12":"product_cat-lastetoa-tapeedid","13":"product_cat-esiku-tapeedid","14":"product_cat-elutoa-tapeedid","15":"product_cat-loodus","16":"product_cat-linnud","17":"pa_designedby-baubauwall","19":"first","20":"instock","21":"taxable","22":"shipping-taxable","23":"purchasable","24":"product-type-simple"},"acf":[],"yoast_head":"<!-- This site is optimized with the Yoast SEO plugin v25.9 - https:\/\/yoast.com\/wordpress\/plugins\/seo\/ -->\n<title>Helesinine tapeet lindudega. Ilus tapeet elutuppa v\u00f5i mujale.<\/title>\n<meta name=\"description\" content=\"Tapeedid, mis tr\u00fckitakse sinu seina m\u00f5\u00f5dus! Helesinine tapeet mitmele seinale v\u00f5i \u00fchele aktsentseinale. Lindudega tapeet on aja valik.\" \/>\n<meta name=\"robots\" content=\"index, follow, max-snippet:-1, max-image-preview:large, max-video-preview:-1\" \/>\n<link rel=\"canonical\" href=\"https:\/\/baubauwall.com\/et\/toode\/tapeet-pajutudud-helesinine\/\" \/>\n<meta property=\"og:locale\" content=\"et_EE\" \/>\n<meta property=\"og:type\" content=\"article\" \/>\n<meta property=\"og:title\" content=\"Helesinine tapeet lindudega. Ilus tapeet elutuppa v\u00f5i mujale.\" \/>\n<meta property=\"og:description\" content=\"Tapeedid, mis tr\u00fckitakse sinu seina m\u00f5\u00f5dus! Helesinine tapeet mitmele seinale v\u00f5i \u00fchele aktsentseinale. Lindudega tapeet on aja valik.\" \/>\n<meta property=\"og:url\" content=\"https:\/\/baubauwall.com\/et\/toode\/tapeet-pajutudud-helesinine\/\" \/>\n<meta property=\"og:site_name\" content=\"BAUBAUWALL TAPEEDID\" \/>\n<meta property=\"article:publisher\" content=\"https:\/\/www.facebook.com\/Baubauwall\" \/>\n<meta property=\"article:modified_time\" content=\"2023-08-22T09:01:31+00:00\" \/>\n<meta property=\"og:image\" content=\"https:\/\/baubauwall.com\/wp-content\/uploads\/2023\/08\/51100346_BirdsOnWillow-mutedblue_Baubauwall_Wallpaper_room5.jpg\" \/>\n\t<meta property=\"og:image:width\" content=\"1203\" \/>\n\t<meta property=\"og:image:height\" content=\"1600\" \/>\n\t<meta property=\"og:image:type\" content=\"image\/jpeg\" \/>\n<meta name=\"twitter:card\" content=\"summary_large_image\" \/>\n<meta name=\"twitter:label1\" content=\"Est. reading time\" \/>\n\t<meta name=\"twitter:data1\" content=\"1 minut\" \/>\n<script type=\"application\/ld+json\" class=\"yoast-schema-graph\">{\"@context\":\"https:\/\/schema.org\",\"@graph\":[{\"@type\":\"WebPage\",\"@id\":\"https:\/\/baubauwall.com\/et\/toode\/tapeet-pajutudud-helesinine\/\",\"url\":\"https:\/\/baubauwall.com\/et\/toode\/tapeet-pajutudud-helesinine\/\",\"name\":\"Helesinine tapeet lindudega. Ilus tapeet elutuppa v\u00f5i mujale.\",\"isPartOf\":{\"@id\":\"https:\/\/baubauwall.com\/et\/#website\"},\"primaryImageOfPage\":{\"@id\":\"https:\/\/baubauwall.com\/et\/toode\/tapeet-pajutudud-helesinine\/#primaryimage\"},\"image\":{\"@id\":\"https:\/\/baubauwall.com\/et\/toode\/tapeet-pajutudud-helesinine\/#primaryimage\"},\"thumbnailUrl\":\"https:\/\/baubauwall.com\/wp-content\/uploads\/2023\/08\/51100346_BirdsOnWillow-mutedblue_Baubauwall_Wallpaper_room5.jpg\",\"datePublished\":\"2023-08-22T08:55:19+00:00\",\"dateModified\":\"2023-08-22T09:01:31+00:00\",\"description\":\"Tapeedid, mis tr\u00fckitakse sinu seina m\u00f5\u00f5dus! Helesinine tapeet mitmele seinale v\u00f5i \u00fchele aktsentseinale. Lindudega tapeet on aja valik.\",\"breadcrumb\":{\"@id\":\"https:\/\/baubauwall.com\/et\/toode\/tapeet-pajutudud-helesinine\/#breadcrumb\"},\"inLanguage\":\"et\",\"potentialAction\":[{\"@type\":\"ReadAction\",\"target\":[\"https:\/\/baubauwall.com\/et\/toode\/tapeet-pajutudud-helesinine\/\"]}]},{\"@type\":\"ImageObject\",\"inLanguage\":\"et\",\"@id\":\"https:\/\/baubauwall.com\/et\/toode\/tapeet-pajutudud-helesinine\/#primaryimage\",\"url\":\"https:\/\/baubauwall.com\/wp-content\/uploads\/2023\/08\/51100346_BirdsOnWillow-mutedblue_Baubauwall_Wallpaper_room5.jpg\",\"contentUrl\":\"https:\/\/baubauwall.com\/wp-content\/uploads\/2023\/08\/51100346_BirdsOnWillow-mutedblue_Baubauwall_Wallpaper_room5.jpg\",\"width\":1203,\"height\":1600},{\"@type\":\"BreadcrumbList\",\"@id\":\"https:\/\/baubauwall.com\/et\/toode\/tapeet-pajutudud-helesinine\/#breadcrumb\",\"itemListElement\":[{\"@type\":\"ListItem\",\"position\":1,\"name\":\"Koju\",\"item\":\"https:\/\/baubauwall.com\/et\/\"},{\"@type\":\"ListItem\",\"position\":2,\"name\":\"Tapeedid\",\"item\":\"https:\/\/baubauwall.com\/et\/tapeedid\/\"},{\"@type\":\"ListItem\",\"position\":3,\"name\":\"Pajutudud &#8211; helesinine\"}]},{\"@type\":\"WebSite\",\"@id\":\"https:\/\/baubauwall.com\/et\/#website\",\"url\":\"https:\/\/baubauwall.com\/et\/\",\"name\":\"BAUBAUWALL Wallpapers\",\"description\":\"Valmis paanides tapeet Eestist!\",\"publisher\":{\"@id\":\"https:\/\/baubauwall.com\/et\/#organization\"},\"potentialAction\":[{\"@type\":\"SearchAction\",\"target\":{\"@type\":\"EntryPoint\",\"urlTemplate\":\"https:\/\/baubauwall.com\/et\/?s={search_term_string}\"},\"query-input\":{\"@type\":\"PropertyValueSpecification\",\"valueRequired\":true,\"valueName\":\"search_term_string\"}}],\"inLanguage\":\"et\"},{\"@type\":\"Organization\",\"@id\":\"https:\/\/baubauwall.com\/et\/#organization\",\"name\":\"BAUBAUWALL Wallpapers\",\"url\":\"https:\/\/baubauwall.com\/et\/\",\"logo\":{\"@type\":\"ImageObject\",\"inLanguage\":\"et\",\"@id\":\"https:\/\/baubauwall.com\/et\/#\/schema\/logo\/image\/\",\"url\":\"https:\/\/baubauwall.com\/wp-content\/uploads\/2022\/03\/logo-horizontal.svg\",\"contentUrl\":\"https:\/\/baubauwall.com\/wp-content\/uploads\/2022\/03\/logo-horizontal.svg\",\"width\":\"1024\",\"height\":\"1024\",\"caption\":\"BAUBAUWALL Wallpapers\"},\"image\":{\"@id\":\"https:\/\/baubauwall.com\/et\/#\/schema\/logo\/image\/\"},\"sameAs\":[\"https:\/\/www.facebook.com\/Baubauwall\",\"https:\/\/www.instagram.com\/baubauwall\"]}]}<\/script>\n<!-- \/ Yoast SEO plugin. -->","yoast_head_json":{"title":"Helesinine tapeet lindudega. Ilus tapeet elutuppa v\u00f5i mujale.","description":"Tapeedid, mis tr\u00fckitakse sinu seina m\u00f5\u00f5dus! Helesinine tapeet mitmele seinale v\u00f5i \u00fchele aktsentseinale. Lindudega tapeet on aja valik.","robots":{"index":"index","follow":"follow","max-snippet":"max-snippet:-1","max-image-preview":"max-image-preview:large","max-video-preview":"max-video-preview:-1"},"canonical":"https:\/\/baubauwall.com\/et\/toode\/tapeet-pajutudud-helesinine\/","og_locale":"et_EE","og_type":"article","og_title":"Helesinine tapeet lindudega. Ilus tapeet elutuppa v\u00f5i mujale.","og_description":"Tapeedid, mis tr\u00fckitakse sinu seina m\u00f5\u00f5dus! Helesinine tapeet mitmele seinale v\u00f5i \u00fchele aktsentseinale. Lindudega tapeet on aja valik.","og_url":"https:\/\/baubauwall.com\/et\/toode\/tapeet-pajutudud-helesinine\/","og_site_name":"BAUBAUWALL TAPEEDID","article_publisher":"https:\/\/www.facebook.com\/Baubauwall","article_modified_time":"2023-08-22T09:01:31+00:00","og_image":[{"width":1203,"height":1600,"url":"https:\/\/baubauwall.com\/wp-content\/uploads\/2023\/08\/51100346_BirdsOnWillow-mutedblue_Baubauwall_Wallpaper_room5.jpg","type":"image\/jpeg"}],"twitter_card":"summary_large_image","twitter_misc":{"Est. reading time":"1 minut"},"schema":{"@context":"https:\/\/schema.org","@graph":[{"@type":"WebPage","@id":"https:\/\/baubauwall.com\/et\/toode\/tapeet-pajutudud-helesinine\/","url":"https:\/\/baubauwall.com\/et\/toode\/tapeet-pajutudud-helesinine\/","name":"Helesinine tapeet lindudega. Ilus tapeet elutuppa v\u00f5i mujale.","isPartOf":{"@id":"https:\/\/baubauwall.com\/et\/#website"},"primaryImageOfPage":{"@id":"https:\/\/baubauwall.com\/et\/toode\/tapeet-pajutudud-helesinine\/#primaryimage"},"image":{"@id":"https:\/\/baubauwall.com\/et\/toode\/tapeet-pajutudud-helesinine\/#primaryimage"},"thumbnailUrl":"https:\/\/baubauwall.com\/wp-content\/uploads\/2023\/08\/51100346_BirdsOnWillow-mutedblue_Baubauwall_Wallpaper_room5.jpg","datePublished":"2023-08-22T08:55:19+00:00","dateModified":"2023-08-22T09:01:31+00:00","description":"Tapeedid, mis tr\u00fckitakse sinu seina m\u00f5\u00f5dus! Helesinine tapeet mitmele seinale v\u00f5i \u00fchele aktsentseinale. Lindudega tapeet on aja valik.","breadcrumb":{"@id":"https:\/\/baubauwall.com\/et\/toode\/tapeet-pajutudud-helesinine\/#breadcrumb"},"inLanguage":"et","potentialAction":[{"@type":"ReadAction","target":["https:\/\/baubauwall.com\/et\/toode\/tapeet-pajutudud-helesinine\/"]}]},{"@type":"ImageObject","inLanguage":"et","@id":"https:\/\/baubauwall.com\/et\/toode\/tapeet-pajutudud-helesinine\/#primaryimage","url":"https:\/\/baubauwall.com\/wp-content\/uploads\/2023\/08\/51100346_BirdsOnWillow-mutedblue_Baubauwall_Wallpaper_room5.jpg","contentUrl":"https:\/\/baubauwall.com\/wp-content\/uploads\/2023\/08\/51100346_BirdsOnWillow-mutedblue_Baubauwall_Wallpaper_room5.jpg","width":1203,"height":1600},{"@type":"BreadcrumbList","@id":"https:\/\/baubauwall.com\/et\/toode\/tapeet-pajutudud-helesinine\/#breadcrumb","itemListElement":[{"@type":"ListItem","position":1,"name":"Koju","item":"https:\/\/baubauwall.com\/et\/"},{"@type":"ListItem","position":2,"name":"Tapeedid","item":"https:\/\/baubauwall.com\/et\/tapeedid\/"},{"@type":"ListItem","position":3,"name":"Pajutudud &#8211; helesinine"}]},{"@type":"WebSite","@id":"https:\/\/baubauwall.com\/et\/#website","url":"https:\/\/baubauwall.com\/et\/","name":"BAUBAUWALL Wallpapers","description":"Valmis paanides tapeet Eestist!","publisher":{"@id":"https:\/\/baubauwall.com\/et\/#organization"},"potentialAction":[{"@type":"SearchAction","target":{"@type":"EntryPoint","urlTemplate":"https:\/\/baubauwall.com\/et\/?s={search_term_string}"},"query-input":{"@type":"PropertyValueSpecification","valueRequired":true,"valueName":"search_term_string"}}],"inLanguage":"et"},{"@type":"Organization","@id":"https:\/\/baubauwall.com\/et\/#organization","name":"BAUBAUWALL Wallpapers","url":"https:\/\/baubauwall.com\/et\/","logo":{"@type":"ImageObject","inLanguage":"et","@id":"https:\/\/baubauwall.com\/et\/#\/schema\/logo\/image\/","url":"https:\/\/baubauwall.com\/wp-content\/uploads\/2022\/03\/logo-horizontal.svg","contentUrl":"https:\/\/baubauwall.com\/wp-content\/uploads\/2022\/03\/logo-horizontal.svg","width":"1024","height":"1024","caption":"BAUBAUWALL Wallpapers"},"image":{"@id":"https:\/\/baubauwall.com\/et\/#\/schema\/logo\/image\/"},"sameAs":["https:\/\/www.facebook.com\/Baubauwall","https:\/\/www.instagram.com\/baubauwall"]}]}},"jetpack_sharing_enabled":true,"_links":{"self":[{"href":"https:\/\/baubauwall.com\/et\/wp-json\/wp\/v2\/product\/31034","targetHints":{"allow":["GET"]}}],"collection":[{"href":"https:\/\/baubauwall.com\/et\/wp-json\/wp\/v2\/product"}],"about":[{"href":"https:\/\/baubauwall.com\/et\/wp-json\/wp\/v2\/types\/product"}],"replies":[{"embeddable":true,"href":"https:\/\/baubauwall.com\/et\/wp-json\/wp\/v2\/comments?post=31034"}],"wp:featuredmedia":[{"embeddable":true,"href":"https:\/\/baubauwall.com\/et\/wp-json\/wp\/v2\/media\/31039"}],"wp:attachment":[{"href":"https:\/\/baubauwall.com\/et\/wp-json\/wp\/v2\/media?parent=31034"}],"wp:term":[{"taxonomy":"product_brand","embeddable":true,"href":"https:\/\/baubauwall.com\/et\/wp-json\/wp\/v2\/product_brand?post=31034"},{"taxonomy":"product_cat","embeddable":true,"href":"https:\/\/baubauwall.com\/et\/wp-json\/wp\/v2\/product_cat?post=31034"},{"taxonomy":"product_tag","embeddable":true,"href":"https:\/\/baubauwall.com\/et\/wp-json\/wp\/v2\/product_tag?post=31034"}],"curies":[{"name":"wp","href":"https:\/\/api.w.org\/{rel}","templated":true}]}}