{"id":31460,"date":"2023-08-17T15:15:08","date_gmt":"2023-08-17T13:15:08","guid":{"rendered":"https:\/\/baubauwall.com\/product\/wallpaper-deco-elegance-emerald-green\/"},"modified":"2025-11-10T14:53:31","modified_gmt":"2025-11-10T12:53:31","slug":"tapeet-deko-elegants-smaragdroheline","status":"publish","type":"product","link":"https:\/\/baubauwall.com\/et\/toode\/tapeet-deko-elegants-smaragdroheline\/","title":{"rendered":"Deko elegants &#8211; smaragdroheline"},"content":{"rendered":"<p>Roheline tapeet, milles on ajatut Art Deco ajastu elegantsi.\u00a0Selle tapeedi mitmek\u00fclgne disain v\u00f5imaldab tal s\u00e4rada erinevates interj\u00f6\u00f6rides. Kusjuures, pole oluline, kas Sinu sisekujunduse stiil on kaasaegne v\u00f5i romantiline <em>vintage.<\/em> Klassikaline nn soomusmuster on inspireeritud\u00a0 elegantsest art deco ajastust 20ndatel. \u00dcmarad vormid, julgelt roheline toon &#8211; see tapeet on maitsekas valik. Muster, mis s\u00e4rab Sinu mugava elutoa, klassikalise magamistoa v\u00f5i inspireeriva kodukontori seintel.<\/p>\n<p>Nagu k\u00f5ik meie kordusmustriga tapeedid ja pilttapeedid, on ka see disain tr\u00fckitud keskkonnas\u00f5bralike v\u00e4rvidega, hingavale fliistapeedi materjalile. Sinu uus tapeet on nummerdatud paanides, mida on lihtne paigaldada. Loe l\u00e4hemalt nutikatest tapeetidest <a href=\"https:\/\/baubauwall.com\/et\/keskkonnasobralikud-tapeedid\/\" target=\"_blank\" rel=\"noopener\">siit.<\/a><\/p>\n<p>&nbsp;<\/p>\n<p>&nbsp;<\/p>\n","protected":false},"excerpt":{"rendered":"<p>Roheline tapeet, milles on ajatut Art Deco ajastu elegantsi.\u00a0Selle tapeedi mitmek\u00fclgne disain v\u00f5imaldab tal s\u00e4rada erinevates interj\u00f6\u00f6rides. Kusjuures, pole oluline, kas Sinu sisekujunduse stiil on kaasaegne v\u00f5i romantiline vintage. Klassikaline nn soomusmuster on inspireeritud\u00a0 elegantsest art deco ajastust 20ndatel. \u00dcmarad vormid, julgelt roheline toon &#8211; see tapeet on maitsekas valik. Muster, mis s\u00e4rab Sinu mugava [&hellip;]<\/p>\n","protected":false},"featured_media":47359,"comment_status":"open","ping_status":"closed","template":"","meta":{"_acf_changed":false,"inline_featured_image":false},"product_brand":[],"product_cat":[386,406,408,405,270,271,413,414,399,402],"product_tag":[],"class_list":{"0":"post-31460","1":"product","2":"type-product","3":"status-publish","4":"has-post-thumbnail","6":"product_cat-kordusmustriga-tapeedid","7":"product_cat-klassika","8":"product_cat-geomeetriline","9":"product_cat-art-deco","10":"product_cat-tumedad-tapeedid","11":"product_cat-rohelised-tapeedid","12":"product_cat-magamistoa-tapeedid","13":"product_cat-soogitoa-tapeedid","14":"product_cat-kodukontori-tapeedid","15":"product_cat-elutoa-tapeedid","17":"first","18":"instock","19":"taxable","20":"shipping-taxable","21":"purchasable","22":"product-type-simple"},"acf":[],"yoast_head":"<!-- This site is optimized with the Yoast SEO plugin v25.9 - https:\/\/yoast.com\/wordpress\/plugins\/seo\/ -->\n<title>Elegantne Art Deco stiilis tapeet. Roheline, ajatu muster<\/title>\n<meta name=\"description\" content=\"Elegantne tapeet art deco ajastu kalasaba mustriga. Roheline tapeet, mille muster sobib klassikalise interj\u00f6\u00f6riga ja pakub veidi draamat.\" \/>\n<meta name=\"robots\" content=\"index, follow, max-snippet:-1, max-image-preview:large, max-video-preview:-1\" \/>\n<link rel=\"canonical\" href=\"https:\/\/baubauwall.com\/et\/toode\/tapeet-deko-elegants-smaragdroheline\/\" \/>\n<meta property=\"og:locale\" content=\"et_EE\" \/>\n<meta property=\"og:type\" content=\"article\" \/>\n<meta property=\"og:title\" content=\"Elegantne Art Deco stiilis tapeet. Roheline, ajatu muster\" \/>\n<meta property=\"og:description\" content=\"Elegantne tapeet art deco ajastu kalasaba mustriga. Roheline tapeet, mille muster sobib klassikalise interj\u00f6\u00f6riga ja pakub veidi draamat.\" \/>\n<meta property=\"og:url\" content=\"https:\/\/baubauwall.com\/et\/toode\/tapeet-deko-elegants-smaragdroheline\/\" \/>\n<meta property=\"og:site_name\" content=\"BAUBAUWALL Wallpapers\" \/>\n<meta property=\"article:publisher\" content=\"https:\/\/www.facebook.com\/Baubauwall\" \/>\n<meta property=\"article:modified_time\" content=\"2025-11-10T12:53:31+00:00\" \/>\n<meta property=\"og:image\" content=\"https:\/\/baubauwall.com\/wp-content\/uploads\/2022\/11\/51100323_DecoElegance-Emerald_Baubauwall_Wallpaper_room1.jpg\" \/>\n\t<meta property=\"og:image:width\" content=\"1067\" \/>\n\t<meta property=\"og:image:height\" content=\"1600\" \/>\n\t<meta property=\"og:image:type\" content=\"image\/jpeg\" \/>\n<meta name=\"twitter:card\" content=\"summary_large_image\" \/>\n<meta name=\"twitter:label1\" content=\"Est. reading time\" \/>\n\t<meta name=\"twitter:data1\" content=\"1 minut\" \/>\n<script type=\"application\/ld+json\" class=\"yoast-schema-graph\">{\"@context\":\"https:\/\/schema.org\",\"@graph\":[{\"@type\":\"WebPage\",\"@id\":\"https:\/\/baubauwall.com\/et\/toode\/tapeet-deko-elegants-smaragdroheline\/\",\"url\":\"https:\/\/baubauwall.com\/et\/toode\/tapeet-deko-elegants-smaragdroheline\/\",\"name\":\"Elegantne Art Deco stiilis tapeet. Roheline, ajatu muster\",\"isPartOf\":{\"@id\":\"https:\/\/baubauwall.com\/et\/#website\"},\"primaryImageOfPage\":{\"@id\":\"https:\/\/baubauwall.com\/et\/toode\/tapeet-deko-elegants-smaragdroheline\/#primaryimage\"},\"image\":{\"@id\":\"https:\/\/baubauwall.com\/et\/toode\/tapeet-deko-elegants-smaragdroheline\/#primaryimage\"},\"thumbnailUrl\":\"https:\/\/baubauwall.com\/wp-content\/uploads\/2022\/11\/51100323_DecoElegance-Emerald_Baubauwall_Wallpaper_room1.jpg\",\"datePublished\":\"2023-08-17T13:15:08+00:00\",\"dateModified\":\"2025-11-10T12:53:31+00:00\",\"description\":\"Elegantne tapeet art deco ajastu kalasaba mustriga. Roheline tapeet, mille muster sobib klassikalise interj\u00f6\u00f6riga ja pakub veidi draamat.\",\"breadcrumb\":{\"@id\":\"https:\/\/baubauwall.com\/et\/toode\/tapeet-deko-elegants-smaragdroheline\/#breadcrumb\"},\"inLanguage\":\"et\",\"potentialAction\":[{\"@type\":\"ReadAction\",\"target\":[\"https:\/\/baubauwall.com\/et\/toode\/tapeet-deko-elegants-smaragdroheline\/\"]}]},{\"@type\":\"ImageObject\",\"inLanguage\":\"et\",\"@id\":\"https:\/\/baubauwall.com\/et\/toode\/tapeet-deko-elegants-smaragdroheline\/#primaryimage\",\"url\":\"https:\/\/baubauwall.com\/wp-content\/uploads\/2022\/11\/51100323_DecoElegance-Emerald_Baubauwall_Wallpaper_room1.jpg\",\"contentUrl\":\"https:\/\/baubauwall.com\/wp-content\/uploads\/2022\/11\/51100323_DecoElegance-Emerald_Baubauwall_Wallpaper_room1.jpg\",\"width\":1067,\"height\":1600},{\"@type\":\"BreadcrumbList\",\"@id\":\"https:\/\/baubauwall.com\/et\/toode\/tapeet-deko-elegants-smaragdroheline\/#breadcrumb\",\"itemListElement\":[{\"@type\":\"ListItem\",\"position\":1,\"name\":\"Koju\",\"item\":\"https:\/\/baubauwall.com\/et\/\"},{\"@type\":\"ListItem\",\"position\":2,\"name\":\"Tapeedid\",\"item\":\"https:\/\/baubauwall.com\/et\/tapeedid\/\"},{\"@type\":\"ListItem\",\"position\":3,\"name\":\"Deko elegants &#8211; smaragdroheline\"}]},{\"@type\":\"WebSite\",\"@id\":\"https:\/\/baubauwall.com\/et\/#website\",\"url\":\"https:\/\/baubauwall.com\/et\/\",\"name\":\"BAUBAUWALL Wallpapers\",\"description\":\"Valmis paanides tapeet Eestist!\",\"publisher\":{\"@id\":\"https:\/\/baubauwall.com\/et\/#organization\"},\"potentialAction\":[{\"@type\":\"SearchAction\",\"target\":{\"@type\":\"EntryPoint\",\"urlTemplate\":\"https:\/\/baubauwall.com\/et\/?s={search_term_string}\"},\"query-input\":{\"@type\":\"PropertyValueSpecification\",\"valueRequired\":true,\"valueName\":\"search_term_string\"}}],\"inLanguage\":\"et\"},{\"@type\":\"Organization\",\"@id\":\"https:\/\/baubauwall.com\/et\/#organization\",\"name\":\"BAUBAUWALL Wallpapers\",\"url\":\"https:\/\/baubauwall.com\/et\/\",\"logo\":{\"@type\":\"ImageObject\",\"inLanguage\":\"et\",\"@id\":\"https:\/\/baubauwall.com\/et\/#\/schema\/logo\/image\/\",\"url\":\"https:\/\/baubauwall.com\/wp-content\/uploads\/2022\/03\/logo-horizontal.svg\",\"contentUrl\":\"https:\/\/baubauwall.com\/wp-content\/uploads\/2022\/03\/logo-horizontal.svg\",\"width\":\"1024\",\"height\":\"1024\",\"caption\":\"BAUBAUWALL Wallpapers\"},\"image\":{\"@id\":\"https:\/\/baubauwall.com\/et\/#\/schema\/logo\/image\/\"},\"sameAs\":[\"https:\/\/www.facebook.com\/Baubauwall\",\"https:\/\/www.instagram.com\/baubauwall\"]}]}<\/script>\n<!-- \/ Yoast SEO plugin. -->","yoast_head_json":{"title":"Elegantne Art Deco stiilis tapeet. Roheline, ajatu muster","description":"Elegantne tapeet art deco ajastu kalasaba mustriga. Roheline tapeet, mille muster sobib klassikalise interj\u00f6\u00f6riga ja pakub veidi draamat.","robots":{"index":"index","follow":"follow","max-snippet":"max-snippet:-1","max-image-preview":"max-image-preview:large","max-video-preview":"max-video-preview:-1"},"canonical":"https:\/\/baubauwall.com\/et\/toode\/tapeet-deko-elegants-smaragdroheline\/","og_locale":"et_EE","og_type":"article","og_title":"Elegantne Art Deco stiilis tapeet. Roheline, ajatu muster","og_description":"Elegantne tapeet art deco ajastu kalasaba mustriga. Roheline tapeet, mille muster sobib klassikalise interj\u00f6\u00f6riga ja pakub veidi draamat.","og_url":"https:\/\/baubauwall.com\/et\/toode\/tapeet-deko-elegants-smaragdroheline\/","og_site_name":"BAUBAUWALL Wallpapers","article_publisher":"https:\/\/www.facebook.com\/Baubauwall","article_modified_time":"2025-11-10T12:53:31+00:00","og_image":[{"width":1067,"height":1600,"url":"https:\/\/baubauwall.com\/wp-content\/uploads\/2022\/11\/51100323_DecoElegance-Emerald_Baubauwall_Wallpaper_room1.jpg","type":"image\/jpeg"}],"twitter_card":"summary_large_image","twitter_misc":{"Est. reading time":"1 minut"},"schema":{"@context":"https:\/\/schema.org","@graph":[{"@type":"WebPage","@id":"https:\/\/baubauwall.com\/et\/toode\/tapeet-deko-elegants-smaragdroheline\/","url":"https:\/\/baubauwall.com\/et\/toode\/tapeet-deko-elegants-smaragdroheline\/","name":"Elegantne Art Deco stiilis tapeet. Roheline, ajatu muster","isPartOf":{"@id":"https:\/\/baubauwall.com\/et\/#website"},"primaryImageOfPage":{"@id":"https:\/\/baubauwall.com\/et\/toode\/tapeet-deko-elegants-smaragdroheline\/#primaryimage"},"image":{"@id":"https:\/\/baubauwall.com\/et\/toode\/tapeet-deko-elegants-smaragdroheline\/#primaryimage"},"thumbnailUrl":"https:\/\/baubauwall.com\/wp-content\/uploads\/2022\/11\/51100323_DecoElegance-Emerald_Baubauwall_Wallpaper_room1.jpg","datePublished":"2023-08-17T13:15:08+00:00","dateModified":"2025-11-10T12:53:31+00:00","description":"Elegantne tapeet art deco ajastu kalasaba mustriga. Roheline tapeet, mille muster sobib klassikalise interj\u00f6\u00f6riga ja pakub veidi draamat.","breadcrumb":{"@id":"https:\/\/baubauwall.com\/et\/toode\/tapeet-deko-elegants-smaragdroheline\/#breadcrumb"},"inLanguage":"et","potentialAction":[{"@type":"ReadAction","target":["https:\/\/baubauwall.com\/et\/toode\/tapeet-deko-elegants-smaragdroheline\/"]}]},{"@type":"ImageObject","inLanguage":"et","@id":"https:\/\/baubauwall.com\/et\/toode\/tapeet-deko-elegants-smaragdroheline\/#primaryimage","url":"https:\/\/baubauwall.com\/wp-content\/uploads\/2022\/11\/51100323_DecoElegance-Emerald_Baubauwall_Wallpaper_room1.jpg","contentUrl":"https:\/\/baubauwall.com\/wp-content\/uploads\/2022\/11\/51100323_DecoElegance-Emerald_Baubauwall_Wallpaper_room1.jpg","width":1067,"height":1600},{"@type":"BreadcrumbList","@id":"https:\/\/baubauwall.com\/et\/toode\/tapeet-deko-elegants-smaragdroheline\/#breadcrumb","itemListElement":[{"@type":"ListItem","position":1,"name":"Koju","item":"https:\/\/baubauwall.com\/et\/"},{"@type":"ListItem","position":2,"name":"Tapeedid","item":"https:\/\/baubauwall.com\/et\/tapeedid\/"},{"@type":"ListItem","position":3,"name":"Deko elegants &#8211; smaragdroheline"}]},{"@type":"WebSite","@id":"https:\/\/baubauwall.com\/et\/#website","url":"https:\/\/baubauwall.com\/et\/","name":"BAUBAUWALL Wallpapers","description":"Valmis paanides tapeet Eestist!","publisher":{"@id":"https:\/\/baubauwall.com\/et\/#organization"},"potentialAction":[{"@type":"SearchAction","target":{"@type":"EntryPoint","urlTemplate":"https:\/\/baubauwall.com\/et\/?s={search_term_string}"},"query-input":{"@type":"PropertyValueSpecification","valueRequired":true,"valueName":"search_term_string"}}],"inLanguage":"et"},{"@type":"Organization","@id":"https:\/\/baubauwall.com\/et\/#organization","name":"BAUBAUWALL Wallpapers","url":"https:\/\/baubauwall.com\/et\/","logo":{"@type":"ImageObject","inLanguage":"et","@id":"https:\/\/baubauwall.com\/et\/#\/schema\/logo\/image\/","url":"https:\/\/baubauwall.com\/wp-content\/uploads\/2022\/03\/logo-horizontal.svg","contentUrl":"https:\/\/baubauwall.com\/wp-content\/uploads\/2022\/03\/logo-horizontal.svg","width":"1024","height":"1024","caption":"BAUBAUWALL Wallpapers"},"image":{"@id":"https:\/\/baubauwall.com\/et\/#\/schema\/logo\/image\/"},"sameAs":["https:\/\/www.facebook.com\/Baubauwall","https:\/\/www.instagram.com\/baubauwall"]}]}},"jetpack_sharing_enabled":true,"_links":{"self":[{"href":"https:\/\/baubauwall.com\/et\/wp-json\/wp\/v2\/product\/31460","targetHints":{"allow":["GET"]}}],"collection":[{"href":"https:\/\/baubauwall.com\/et\/wp-json\/wp\/v2\/product"}],"about":[{"href":"https:\/\/baubauwall.com\/et\/wp-json\/wp\/v2\/types\/product"}],"replies":[{"embeddable":true,"href":"https:\/\/baubauwall.com\/et\/wp-json\/wp\/v2\/comments?post=31460"}],"wp:featuredmedia":[{"embeddable":true,"href":"https:\/\/baubauwall.com\/et\/wp-json\/wp\/v2\/media\/47359"}],"wp:attachment":[{"href":"https:\/\/baubauwall.com\/et\/wp-json\/wp\/v2\/media?parent=31460"}],"wp:term":[{"taxonomy":"product_brand","embeddable":true,"href":"https:\/\/baubauwall.com\/et\/wp-json\/wp\/v2\/product_brand?post=31460"},{"taxonomy":"product_cat","embeddable":true,"href":"https:\/\/baubauwall.com\/et\/wp-json\/wp\/v2\/product_cat?post=31460"},{"taxonomy":"product_tag","embeddable":true,"href":"https:\/\/baubauwall.com\/et\/wp-json\/wp\/v2\/product_tag?post=31460"}],"curies":[{"name":"wp","href":"https:\/\/api.w.org\/{rel}","templated":true}]}}