{"id":31816,"date":"2023-10-07T13:57:29","date_gmt":"2023-10-07T11:57:29","guid":{"rendered":"https:\/\/baubauwall.com\/product\/wallpaper-watercolor-horizon-light-grey\/"},"modified":"2023-10-10T14:46:11","modified_gmt":"2023-10-10T12:46:11","slug":"tapeet-vesivarvi-horisont-helehall","status":"publish","type":"product","link":"https:\/\/baubauwall.com\/et\/toode\/tapeet-vesivarvi-horisont-helehall\/","title":{"rendered":"Vesiv\u00e4rvi horisont &#8211; helehall"},"content":{"rendered":"<p>Helehall tapeet, mis on neutraalne ja samas efektne disaintapeet, mis on k\u00e4sitsi maalitud vesiv\u00e4rvidega. Tulemuseks on kaunis tapeet, mis sobib h\u00e4sti magamistuppa v\u00f5i P\u00f5hjamaisesse elutuppa. Sobita see kordusmustriga tapeet eklektilise sisustusega v\u00f5i vastandliku moodsa minimalismiga. Vesiv\u00e4rvides, hall tapeet on see seinakate, mis ei n\u00f5ua seinal lisaks kunstiteoseid, sest ongi ise see \u2013 kunst!<\/p>\n<p>Nagu k\u00f5ik meie tapeedid on ka see tapeet tr\u00fckitud keskkonnas\u00f5bralike v\u00e4rvidega hingavale, fliistapeedi materjalile. Loe edasi nutikatest, j\u00e4tkusuutlikest tapeetidest<a href=\"https:\/\/baubauwall.com\/et\/keskkonnasobralikud-tapeedid\/\" target=\"_blank\" rel=\"noopener\">\u00a0siin.\u00a0<\/a><\/p>\n","protected":false},"excerpt":{"rendered":"<p>Helehall tapeet, mis on neutraalne ja samas efektne disaintapeet, mis on k\u00e4sitsi maalitud vesiv\u00e4rvidega. Tulemuseks on kaunis tapeet, mis sobib h\u00e4sti magamistuppa v\u00f5i P\u00f5hjamaisesse elutuppa. Sobita see kordusmustriga tapeet eklektilise sisustusega v\u00f5i vastandliku moodsa minimalismiga. Vesiv\u00e4rvides, hall tapeet on see seinakate, mis ei n\u00f5ua seinal lisaks kunstiteoseid, sest ongi ise see \u2013 kunst! Nagu k\u00f5ik [&hellip;]<\/p>\n","protected":false},"featured_media":31814,"comment_status":"open","ping_status":"closed","template":"","meta":{"_acf_changed":false,"inline_featured_image":false},"product_brand":[],"product_cat":[386,406,392,388,272,273,413,415,402,583],"product_tag":[584,381],"class_list":{"0":"post-31816","1":"product","2":"type-product","3":"status-publish","4":"has-post-thumbnail","6":"product_cat-kordusmustriga-tapeedid","7":"product_cat-klassika","8":"product_cat-minimalistlik","9":"product_cat-vintage-et","10":"product_cat-hallid-tapeedid","11":"product_cat-heledad-tapeedid","12":"product_cat-magamistoa-tapeedid","13":"product_cat-kulalistetoa-tapeedid","14":"product_cat-elutoa-tapeedid","15":"product_cat-vesivarv","16":"product_tag-boho-et","17":"product_tag-vesivarv","18":"pa_designedby-baubauwall","20":"first","21":"instock","22":"taxable","23":"shipping-taxable","24":"purchasable","25":"product-type-simple"},"acf":[],"yoast_head":"<!-- This site is optimized with the Yoast SEO plugin v25.9 - https:\/\/yoast.com\/wordpress\/plugins\/seo\/ -->\n<title>Hall tapeet magamistuppa. Vesiv\u00e4rvi horisont disaintapeet.<\/title>\n<meta name=\"description\" content=\"Hall tapeet elutuppa v\u00f5i magamistoa seinale. K\u00e4sitsi maalitud vesiv\u00e4rvidega disaintapeet. Tr\u00fckitud j\u00e4tkusuutlikult, sinu seina m\u00f5\u00f5dus tapeedid.\" \/>\n<meta name=\"robots\" content=\"index, follow, max-snippet:-1, max-image-preview:large, max-video-preview:-1\" \/>\n<link rel=\"canonical\" href=\"https:\/\/baubauwall.com\/et\/toode\/tapeet-vesivarvi-horisont-helehall\/\" \/>\n<meta property=\"og:locale\" content=\"et_EE\" \/>\n<meta property=\"og:type\" content=\"article\" \/>\n<meta property=\"og:title\" content=\"Hall tapeet magamistuppa. Vesiv\u00e4rvi horisont disaintapeet.\" \/>\n<meta property=\"og:description\" content=\"Hall tapeet elutuppa v\u00f5i magamistoa seinale. K\u00e4sitsi maalitud vesiv\u00e4rvidega disaintapeet. Tr\u00fckitud j\u00e4tkusuutlikult, sinu seina m\u00f5\u00f5dus tapeedid.\" \/>\n<meta property=\"og:url\" content=\"https:\/\/baubauwall.com\/et\/toode\/tapeet-vesivarvi-horisont-helehall\/\" \/>\n<meta property=\"og:site_name\" content=\"BAUBAUWALL TAPEEDID\" \/>\n<meta property=\"article:publisher\" content=\"https:\/\/www.facebook.com\/Baubauwall\" \/>\n<meta property=\"article:modified_time\" content=\"2023-10-10T12:46:11+00:00\" \/>\n<meta property=\"og:image\" content=\"https:\/\/baubauwall.com\/wp-content\/uploads\/2023\/10\/51100256_WatercolorHorizon-grey_Baubauwall_Wallpaper_room8.jpg\" \/>\n\t<meta property=\"og:image:width\" content=\"1200\" \/>\n\t<meta property=\"og:image:height\" content=\"800\" \/>\n\t<meta property=\"og:image:type\" content=\"image\/jpeg\" \/>\n<meta name=\"twitter:card\" content=\"summary_large_image\" \/>\n<meta name=\"twitter:label1\" content=\"Est. reading time\" \/>\n\t<meta name=\"twitter:data1\" content=\"1 minut\" \/>\n<script type=\"application\/ld+json\" class=\"yoast-schema-graph\">{\"@context\":\"https:\/\/schema.org\",\"@graph\":[{\"@type\":\"WebPage\",\"@id\":\"https:\/\/baubauwall.com\/et\/toode\/tapeet-vesivarvi-horisont-helehall\/\",\"url\":\"https:\/\/baubauwall.com\/et\/toode\/tapeet-vesivarvi-horisont-helehall\/\",\"name\":\"Hall tapeet magamistuppa. Vesiv\u00e4rvi horisont disaintapeet.\",\"isPartOf\":{\"@id\":\"https:\/\/baubauwall.com\/et\/#website\"},\"primaryImageOfPage\":{\"@id\":\"https:\/\/baubauwall.com\/et\/toode\/tapeet-vesivarvi-horisont-helehall\/#primaryimage\"},\"image\":{\"@id\":\"https:\/\/baubauwall.com\/et\/toode\/tapeet-vesivarvi-horisont-helehall\/#primaryimage\"},\"thumbnailUrl\":\"https:\/\/baubauwall.com\/wp-content\/uploads\/2023\/10\/51100256_WatercolorHorizon-grey_Baubauwall_Wallpaper_room8.jpg\",\"datePublished\":\"2023-10-07T11:57:29+00:00\",\"dateModified\":\"2023-10-10T12:46:11+00:00\",\"description\":\"Hall tapeet elutuppa v\u00f5i magamistoa seinale. K\u00e4sitsi maalitud vesiv\u00e4rvidega disaintapeet. Tr\u00fckitud j\u00e4tkusuutlikult, sinu seina m\u00f5\u00f5dus tapeedid.\",\"breadcrumb\":{\"@id\":\"https:\/\/baubauwall.com\/et\/toode\/tapeet-vesivarvi-horisont-helehall\/#breadcrumb\"},\"inLanguage\":\"et\",\"potentialAction\":[{\"@type\":\"ReadAction\",\"target\":[\"https:\/\/baubauwall.com\/et\/toode\/tapeet-vesivarvi-horisont-helehall\/\"]}]},{\"@type\":\"ImageObject\",\"inLanguage\":\"et\",\"@id\":\"https:\/\/baubauwall.com\/et\/toode\/tapeet-vesivarvi-horisont-helehall\/#primaryimage\",\"url\":\"https:\/\/baubauwall.com\/wp-content\/uploads\/2023\/10\/51100256_WatercolorHorizon-grey_Baubauwall_Wallpaper_room8.jpg\",\"contentUrl\":\"https:\/\/baubauwall.com\/wp-content\/uploads\/2023\/10\/51100256_WatercolorHorizon-grey_Baubauwall_Wallpaper_room8.jpg\",\"width\":1200,\"height\":800},{\"@type\":\"BreadcrumbList\",\"@id\":\"https:\/\/baubauwall.com\/et\/toode\/tapeet-vesivarvi-horisont-helehall\/#breadcrumb\",\"itemListElement\":[{\"@type\":\"ListItem\",\"position\":1,\"name\":\"Koju\",\"item\":\"https:\/\/baubauwall.com\/et\/\"},{\"@type\":\"ListItem\",\"position\":2,\"name\":\"Tapeedid\",\"item\":\"https:\/\/baubauwall.com\/et\/tapeedid\/\"},{\"@type\":\"ListItem\",\"position\":3,\"name\":\"Vesiv\u00e4rvi horisont &#8211; helehall\"}]},{\"@type\":\"WebSite\",\"@id\":\"https:\/\/baubauwall.com\/et\/#website\",\"url\":\"https:\/\/baubauwall.com\/et\/\",\"name\":\"BAUBAUWALL Wallpapers\",\"description\":\"Valmis paanides tapeet Eestist!\",\"publisher\":{\"@id\":\"https:\/\/baubauwall.com\/et\/#organization\"},\"potentialAction\":[{\"@type\":\"SearchAction\",\"target\":{\"@type\":\"EntryPoint\",\"urlTemplate\":\"https:\/\/baubauwall.com\/et\/?s={search_term_string}\"},\"query-input\":{\"@type\":\"PropertyValueSpecification\",\"valueRequired\":true,\"valueName\":\"search_term_string\"}}],\"inLanguage\":\"et\"},{\"@type\":\"Organization\",\"@id\":\"https:\/\/baubauwall.com\/et\/#organization\",\"name\":\"BAUBAUWALL Wallpapers\",\"url\":\"https:\/\/baubauwall.com\/et\/\",\"logo\":{\"@type\":\"ImageObject\",\"inLanguage\":\"et\",\"@id\":\"https:\/\/baubauwall.com\/et\/#\/schema\/logo\/image\/\",\"url\":\"https:\/\/baubauwall.com\/wp-content\/uploads\/2022\/03\/logo-horizontal.svg\",\"contentUrl\":\"https:\/\/baubauwall.com\/wp-content\/uploads\/2022\/03\/logo-horizontal.svg\",\"width\":\"1024\",\"height\":\"1024\",\"caption\":\"BAUBAUWALL Wallpapers\"},\"image\":{\"@id\":\"https:\/\/baubauwall.com\/et\/#\/schema\/logo\/image\/\"},\"sameAs\":[\"https:\/\/www.facebook.com\/Baubauwall\",\"https:\/\/www.instagram.com\/baubauwall\"]}]}<\/script>\n<!-- \/ Yoast SEO plugin. -->","yoast_head_json":{"title":"Hall tapeet magamistuppa. Vesiv\u00e4rvi horisont disaintapeet.","description":"Hall tapeet elutuppa v\u00f5i magamistoa seinale. K\u00e4sitsi maalitud vesiv\u00e4rvidega disaintapeet. Tr\u00fckitud j\u00e4tkusuutlikult, sinu seina m\u00f5\u00f5dus tapeedid.","robots":{"index":"index","follow":"follow","max-snippet":"max-snippet:-1","max-image-preview":"max-image-preview:large","max-video-preview":"max-video-preview:-1"},"canonical":"https:\/\/baubauwall.com\/et\/toode\/tapeet-vesivarvi-horisont-helehall\/","og_locale":"et_EE","og_type":"article","og_title":"Hall tapeet magamistuppa. Vesiv\u00e4rvi horisont disaintapeet.","og_description":"Hall tapeet elutuppa v\u00f5i magamistoa seinale. K\u00e4sitsi maalitud vesiv\u00e4rvidega disaintapeet. Tr\u00fckitud j\u00e4tkusuutlikult, sinu seina m\u00f5\u00f5dus tapeedid.","og_url":"https:\/\/baubauwall.com\/et\/toode\/tapeet-vesivarvi-horisont-helehall\/","og_site_name":"BAUBAUWALL TAPEEDID","article_publisher":"https:\/\/www.facebook.com\/Baubauwall","article_modified_time":"2023-10-10T12:46:11+00:00","og_image":[{"width":1200,"height":800,"url":"https:\/\/baubauwall.com\/wp-content\/uploads\/2023\/10\/51100256_WatercolorHorizon-grey_Baubauwall_Wallpaper_room8.jpg","type":"image\/jpeg"}],"twitter_card":"summary_large_image","twitter_misc":{"Est. reading time":"1 minut"},"schema":{"@context":"https:\/\/schema.org","@graph":[{"@type":"WebPage","@id":"https:\/\/baubauwall.com\/et\/toode\/tapeet-vesivarvi-horisont-helehall\/","url":"https:\/\/baubauwall.com\/et\/toode\/tapeet-vesivarvi-horisont-helehall\/","name":"Hall tapeet magamistuppa. Vesiv\u00e4rvi horisont disaintapeet.","isPartOf":{"@id":"https:\/\/baubauwall.com\/et\/#website"},"primaryImageOfPage":{"@id":"https:\/\/baubauwall.com\/et\/toode\/tapeet-vesivarvi-horisont-helehall\/#primaryimage"},"image":{"@id":"https:\/\/baubauwall.com\/et\/toode\/tapeet-vesivarvi-horisont-helehall\/#primaryimage"},"thumbnailUrl":"https:\/\/baubauwall.com\/wp-content\/uploads\/2023\/10\/51100256_WatercolorHorizon-grey_Baubauwall_Wallpaper_room8.jpg","datePublished":"2023-10-07T11:57:29+00:00","dateModified":"2023-10-10T12:46:11+00:00","description":"Hall tapeet elutuppa v\u00f5i magamistoa seinale. K\u00e4sitsi maalitud vesiv\u00e4rvidega disaintapeet. Tr\u00fckitud j\u00e4tkusuutlikult, sinu seina m\u00f5\u00f5dus tapeedid.","breadcrumb":{"@id":"https:\/\/baubauwall.com\/et\/toode\/tapeet-vesivarvi-horisont-helehall\/#breadcrumb"},"inLanguage":"et","potentialAction":[{"@type":"ReadAction","target":["https:\/\/baubauwall.com\/et\/toode\/tapeet-vesivarvi-horisont-helehall\/"]}]},{"@type":"ImageObject","inLanguage":"et","@id":"https:\/\/baubauwall.com\/et\/toode\/tapeet-vesivarvi-horisont-helehall\/#primaryimage","url":"https:\/\/baubauwall.com\/wp-content\/uploads\/2023\/10\/51100256_WatercolorHorizon-grey_Baubauwall_Wallpaper_room8.jpg","contentUrl":"https:\/\/baubauwall.com\/wp-content\/uploads\/2023\/10\/51100256_WatercolorHorizon-grey_Baubauwall_Wallpaper_room8.jpg","width":1200,"height":800},{"@type":"BreadcrumbList","@id":"https:\/\/baubauwall.com\/et\/toode\/tapeet-vesivarvi-horisont-helehall\/#breadcrumb","itemListElement":[{"@type":"ListItem","position":1,"name":"Koju","item":"https:\/\/baubauwall.com\/et\/"},{"@type":"ListItem","position":2,"name":"Tapeedid","item":"https:\/\/baubauwall.com\/et\/tapeedid\/"},{"@type":"ListItem","position":3,"name":"Vesiv\u00e4rvi horisont &#8211; helehall"}]},{"@type":"WebSite","@id":"https:\/\/baubauwall.com\/et\/#website","url":"https:\/\/baubauwall.com\/et\/","name":"BAUBAUWALL Wallpapers","description":"Valmis paanides tapeet Eestist!","publisher":{"@id":"https:\/\/baubauwall.com\/et\/#organization"},"potentialAction":[{"@type":"SearchAction","target":{"@type":"EntryPoint","urlTemplate":"https:\/\/baubauwall.com\/et\/?s={search_term_string}"},"query-input":{"@type":"PropertyValueSpecification","valueRequired":true,"valueName":"search_term_string"}}],"inLanguage":"et"},{"@type":"Organization","@id":"https:\/\/baubauwall.com\/et\/#organization","name":"BAUBAUWALL Wallpapers","url":"https:\/\/baubauwall.com\/et\/","logo":{"@type":"ImageObject","inLanguage":"et","@id":"https:\/\/baubauwall.com\/et\/#\/schema\/logo\/image\/","url":"https:\/\/baubauwall.com\/wp-content\/uploads\/2022\/03\/logo-horizontal.svg","contentUrl":"https:\/\/baubauwall.com\/wp-content\/uploads\/2022\/03\/logo-horizontal.svg","width":"1024","height":"1024","caption":"BAUBAUWALL Wallpapers"},"image":{"@id":"https:\/\/baubauwall.com\/et\/#\/schema\/logo\/image\/"},"sameAs":["https:\/\/www.facebook.com\/Baubauwall","https:\/\/www.instagram.com\/baubauwall"]}]}},"jetpack_sharing_enabled":true,"_links":{"self":[{"href":"https:\/\/baubauwall.com\/et\/wp-json\/wp\/v2\/product\/31816","targetHints":{"allow":["GET"]}}],"collection":[{"href":"https:\/\/baubauwall.com\/et\/wp-json\/wp\/v2\/product"}],"about":[{"href":"https:\/\/baubauwall.com\/et\/wp-json\/wp\/v2\/types\/product"}],"replies":[{"embeddable":true,"href":"https:\/\/baubauwall.com\/et\/wp-json\/wp\/v2\/comments?post=31816"}],"wp:featuredmedia":[{"embeddable":true,"href":"https:\/\/baubauwall.com\/et\/wp-json\/wp\/v2\/media\/31814"}],"wp:attachment":[{"href":"https:\/\/baubauwall.com\/et\/wp-json\/wp\/v2\/media?parent=31816"}],"wp:term":[{"taxonomy":"product_brand","embeddable":true,"href":"https:\/\/baubauwall.com\/et\/wp-json\/wp\/v2\/product_brand?post=31816"},{"taxonomy":"product_cat","embeddable":true,"href":"https:\/\/baubauwall.com\/et\/wp-json\/wp\/v2\/product_cat?post=31816"},{"taxonomy":"product_tag","embeddable":true,"href":"https:\/\/baubauwall.com\/et\/wp-json\/wp\/v2\/product_tag?post=31816"}],"curies":[{"name":"wp","href":"https:\/\/api.w.org\/{rel}","templated":true}]}}