{"id":31952,"date":"2022-11-15T17:00:12","date_gmt":"2022-11-15T15:00:12","guid":{"rendered":"https:\/\/baubauwall.com\/product\/mural-wallpaper-horoscope-taurus-beige\/"},"modified":"2023-10-12T13:18:05","modified_gmt":"2023-10-12T11:18:05","slug":"lastetoa-pilttapeet-sonni-horoskoop-beez","status":"publish","type":"product","link":"https:\/\/baubauwall.com\/et\/toode\/lastetoa-pilttapeet-sonni-horoskoop-beez\/","title":{"rendered":"S\u00f5nni horoskoop \u2013 bee\u017e"},"content":{"rendered":"<p>Bee\u017e tapeet lastetuppa S\u00f5nni m\u00e4rgi all s\u00fcndinud lapsele! S\u00f5nni t\u00e4htkujus s\u00fcndinud lapsele sobib rahulik ja hubane lastetuba, mis kajastab nende praktilist ja loodusl\u00e4hedast olemust.\u00a0 S\u00f5nn on usaldusv\u00e4\u00e4rse ja visa iseloomuga, eelistades stabiilsust ja kindlust ning hoidudes suurematest muutustest. Ehk on t\u00e4pselt samamoodi ka lastetoa tapeediga! Loe lisaks tapeetidest erinevatele t\u00e4htkujudele <a href=\"https:\/\/baubauwall.com\/et\/ideed\/parimad-tapeedid-varvid-sodiaagimargid\/\" target=\"_blank\" rel=\"noopener\">Baubau ajakirjast.<\/a><\/p>\n<p>Nagu k\u00f5ik meie tapeedid, on ka see pilttapeet tr\u00fckitud keskkonnas\u00f5bralike v\u00e4rvidega hingavale, fliistapeedi materjalile. Sinu uus tapeet on l\u00f5igatud nummerdatud paanideks \u2013 t\u00e4pselt nii pikad, kui Sinu sein. Kuidas see t\u00f6\u00f6tab \u2013 loe l\u00e4hemalt<a href=\"https:\/\/baubauwall.com\/et\/kuidas-see-tootab\/\" target=\"_blank\" rel=\"noopener\">\u00a0siit.<\/a><\/p>\n","protected":false},"excerpt":{"rendered":"<p>Bee\u017e tapeet lastetuppa S\u00f5nni m\u00e4rgi all s\u00fcndinud lapsele! S\u00f5nni t\u00e4htkujus s\u00fcndinud lapsele sobib rahulik ja hubane lastetuba, mis kajastab nende praktilist ja loodusl\u00e4hedast olemust.\u00a0 S\u00f5nn on usaldusv\u00e4\u00e4rse ja visa iseloomuga, eelistades stabiilsust ja kindlust ning hoidudes suurematest muutustest. Ehk on t\u00e4pselt samamoodi ka lastetoa tapeediga! Loe lisaks tapeetidest erinevatele t\u00e4htkujudele Baubau ajakirjast. Nagu k\u00f5ik meie [&hellip;]<\/p>\n","protected":false},"featured_media":31941,"comment_status":"open","ping_status":"closed","template":"","meta":{"_acf_changed":false,"inline_featured_image":false},"product_brand":[],"product_cat":[387,396,265,273,400],"product_tag":[],"class_list":{"0":"post-31952","1":"product","2":"type-product","3":"status-publish","4":"has-post-thumbnail","6":"product_cat-pilttapeedid","7":"product_cat-skandinaavia","8":"product_cat-beezid-tapeedid","9":"product_cat-heledad-tapeedid","10":"product_cat-lastetoa-tapeedid","11":"pa_designedby-baubauwall","13":"first","14":"instock","15":"taxable","16":"shipping-taxable","17":"purchasable","18":"product-type-simple"},"acf":[],"yoast_head":"<!-- This site is optimized with the Yoast SEO plugin v25.9 - https:\/\/yoast.com\/wordpress\/plugins\/seo\/ -->\n<title>Pilttapeet lastele. Lastetoa tapeet S\u00f5nni horoskoop bee\u017eil taustal<\/title>\n<meta name=\"description\" content=\"Bee\u017e tapeet lastetuppa S\u00f5nni horoskoobile. Lastetoa tapeediidee aktsentseinale just S\u00f5nni t\u00e4htkujule. Pilttapeet tr\u00fckitud sinu seina m\u00f5\u00f5dus!\" \/>\n<meta name=\"robots\" content=\"index, follow, max-snippet:-1, max-image-preview:large, max-video-preview:-1\" \/>\n<link rel=\"canonical\" href=\"https:\/\/baubauwall.com\/et\/toode\/lastetoa-pilttapeet-sonni-horoskoop-beez\/\" \/>\n<meta property=\"og:locale\" content=\"et_EE\" \/>\n<meta property=\"og:type\" content=\"article\" \/>\n<meta property=\"og:title\" content=\"Pilttapeet lastele. Lastetoa tapeet S\u00f5nni horoskoop bee\u017eil taustal\" \/>\n<meta property=\"og:description\" content=\"Bee\u017e tapeet lastetuppa S\u00f5nni horoskoobile. Lastetoa tapeediidee aktsentseinale just S\u00f5nni t\u00e4htkujule. Pilttapeet tr\u00fckitud sinu seina m\u00f5\u00f5dus!\" \/>\n<meta property=\"og:url\" content=\"https:\/\/baubauwall.com\/et\/toode\/lastetoa-pilttapeet-sonni-horoskoop-beez\/\" \/>\n<meta property=\"og:site_name\" content=\"BAUBAUWALL TAPEEDID\" \/>\n<meta property=\"article:publisher\" content=\"https:\/\/www.facebook.com\/Baubauwall\" \/>\n<meta property=\"article:modified_time\" content=\"2023-10-12T11:18:05+00:00\" \/>\n<meta property=\"og:image\" content=\"https:\/\/baubauwall.com\/wp-content\/uploads\/2022\/11\/51200161_HoroscopeTaurus-beige_Baubauwall_Wallmural_room4.jpg\" \/>\n\t<meta property=\"og:image:width\" content=\"1200\" \/>\n\t<meta property=\"og:image:height\" content=\"800\" \/>\n\t<meta property=\"og:image:type\" content=\"image\/jpeg\" \/>\n<meta name=\"twitter:card\" content=\"summary_large_image\" \/>\n<meta name=\"twitter:label1\" content=\"Est. reading time\" \/>\n\t<meta name=\"twitter:data1\" content=\"1 minut\" \/>\n<script type=\"application\/ld+json\" class=\"yoast-schema-graph\">{\"@context\":\"https:\/\/schema.org\",\"@graph\":[{\"@type\":\"WebPage\",\"@id\":\"https:\/\/baubauwall.com\/et\/toode\/lastetoa-pilttapeet-sonni-horoskoop-beez\/\",\"url\":\"https:\/\/baubauwall.com\/et\/toode\/lastetoa-pilttapeet-sonni-horoskoop-beez\/\",\"name\":\"Pilttapeet lastele. Lastetoa tapeet S\u00f5nni horoskoop bee\u017eil taustal\",\"isPartOf\":{\"@id\":\"https:\/\/baubauwall.com\/et\/#website\"},\"primaryImageOfPage\":{\"@id\":\"https:\/\/baubauwall.com\/et\/toode\/lastetoa-pilttapeet-sonni-horoskoop-beez\/#primaryimage\"},\"image\":{\"@id\":\"https:\/\/baubauwall.com\/et\/toode\/lastetoa-pilttapeet-sonni-horoskoop-beez\/#primaryimage\"},\"thumbnailUrl\":\"https:\/\/baubauwall.com\/wp-content\/uploads\/2022\/11\/51200161_HoroscopeTaurus-beige_Baubauwall_Wallmural_room4.jpg\",\"datePublished\":\"2022-11-15T15:00:12+00:00\",\"dateModified\":\"2023-10-12T11:18:05+00:00\",\"description\":\"Bee\u017e tapeet lastetuppa S\u00f5nni horoskoobile. Lastetoa tapeediidee aktsentseinale just S\u00f5nni t\u00e4htkujule. Pilttapeet tr\u00fckitud sinu seina m\u00f5\u00f5dus!\",\"breadcrumb\":{\"@id\":\"https:\/\/baubauwall.com\/et\/toode\/lastetoa-pilttapeet-sonni-horoskoop-beez\/#breadcrumb\"},\"inLanguage\":\"et\",\"potentialAction\":[{\"@type\":\"ReadAction\",\"target\":[\"https:\/\/baubauwall.com\/et\/toode\/lastetoa-pilttapeet-sonni-horoskoop-beez\/\"]}]},{\"@type\":\"ImageObject\",\"inLanguage\":\"et\",\"@id\":\"https:\/\/baubauwall.com\/et\/toode\/lastetoa-pilttapeet-sonni-horoskoop-beez\/#primaryimage\",\"url\":\"https:\/\/baubauwall.com\/wp-content\/uploads\/2022\/11\/51200161_HoroscopeTaurus-beige_Baubauwall_Wallmural_room4.jpg\",\"contentUrl\":\"https:\/\/baubauwall.com\/wp-content\/uploads\/2022\/11\/51200161_HoroscopeTaurus-beige_Baubauwall_Wallmural_room4.jpg\",\"width\":1200,\"height\":800},{\"@type\":\"BreadcrumbList\",\"@id\":\"https:\/\/baubauwall.com\/et\/toode\/lastetoa-pilttapeet-sonni-horoskoop-beez\/#breadcrumb\",\"itemListElement\":[{\"@type\":\"ListItem\",\"position\":1,\"name\":\"Koju\",\"item\":\"https:\/\/baubauwall.com\/et\/\"},{\"@type\":\"ListItem\",\"position\":2,\"name\":\"Tapeedid\",\"item\":\"https:\/\/baubauwall.com\/et\/tapeedid\/\"},{\"@type\":\"ListItem\",\"position\":3,\"name\":\"S\u00f5nni horoskoop \u2013 bee\u017e\"}]},{\"@type\":\"WebSite\",\"@id\":\"https:\/\/baubauwall.com\/et\/#website\",\"url\":\"https:\/\/baubauwall.com\/et\/\",\"name\":\"BAUBAUWALL Wallpapers\",\"description\":\"Valmis paanides tapeet Eestist!\",\"publisher\":{\"@id\":\"https:\/\/baubauwall.com\/et\/#organization\"},\"potentialAction\":[{\"@type\":\"SearchAction\",\"target\":{\"@type\":\"EntryPoint\",\"urlTemplate\":\"https:\/\/baubauwall.com\/et\/?s={search_term_string}\"},\"query-input\":{\"@type\":\"PropertyValueSpecification\",\"valueRequired\":true,\"valueName\":\"search_term_string\"}}],\"inLanguage\":\"et\"},{\"@type\":\"Organization\",\"@id\":\"https:\/\/baubauwall.com\/et\/#organization\",\"name\":\"BAUBAUWALL Wallpapers\",\"url\":\"https:\/\/baubauwall.com\/et\/\",\"logo\":{\"@type\":\"ImageObject\",\"inLanguage\":\"et\",\"@id\":\"https:\/\/baubauwall.com\/et\/#\/schema\/logo\/image\/\",\"url\":\"https:\/\/baubauwall.com\/wp-content\/uploads\/2022\/03\/logo-horizontal.svg\",\"contentUrl\":\"https:\/\/baubauwall.com\/wp-content\/uploads\/2022\/03\/logo-horizontal.svg\",\"width\":\"1024\",\"height\":\"1024\",\"caption\":\"BAUBAUWALL Wallpapers\"},\"image\":{\"@id\":\"https:\/\/baubauwall.com\/et\/#\/schema\/logo\/image\/\"},\"sameAs\":[\"https:\/\/www.facebook.com\/Baubauwall\",\"https:\/\/www.instagram.com\/baubauwall\"]}]}<\/script>\n<!-- \/ Yoast SEO plugin. -->","yoast_head_json":{"title":"Pilttapeet lastele. Lastetoa tapeet S\u00f5nni horoskoop bee\u017eil taustal","description":"Bee\u017e tapeet lastetuppa S\u00f5nni horoskoobile. Lastetoa tapeediidee aktsentseinale just S\u00f5nni t\u00e4htkujule. Pilttapeet tr\u00fckitud sinu seina m\u00f5\u00f5dus!","robots":{"index":"index","follow":"follow","max-snippet":"max-snippet:-1","max-image-preview":"max-image-preview:large","max-video-preview":"max-video-preview:-1"},"canonical":"https:\/\/baubauwall.com\/et\/toode\/lastetoa-pilttapeet-sonni-horoskoop-beez\/","og_locale":"et_EE","og_type":"article","og_title":"Pilttapeet lastele. Lastetoa tapeet S\u00f5nni horoskoop bee\u017eil taustal","og_description":"Bee\u017e tapeet lastetuppa S\u00f5nni horoskoobile. Lastetoa tapeediidee aktsentseinale just S\u00f5nni t\u00e4htkujule. Pilttapeet tr\u00fckitud sinu seina m\u00f5\u00f5dus!","og_url":"https:\/\/baubauwall.com\/et\/toode\/lastetoa-pilttapeet-sonni-horoskoop-beez\/","og_site_name":"BAUBAUWALL TAPEEDID","article_publisher":"https:\/\/www.facebook.com\/Baubauwall","article_modified_time":"2023-10-12T11:18:05+00:00","og_image":[{"width":1200,"height":800,"url":"https:\/\/baubauwall.com\/wp-content\/uploads\/2022\/11\/51200161_HoroscopeTaurus-beige_Baubauwall_Wallmural_room4.jpg","type":"image\/jpeg"}],"twitter_card":"summary_large_image","twitter_misc":{"Est. reading time":"1 minut"},"schema":{"@context":"https:\/\/schema.org","@graph":[{"@type":"WebPage","@id":"https:\/\/baubauwall.com\/et\/toode\/lastetoa-pilttapeet-sonni-horoskoop-beez\/","url":"https:\/\/baubauwall.com\/et\/toode\/lastetoa-pilttapeet-sonni-horoskoop-beez\/","name":"Pilttapeet lastele. Lastetoa tapeet S\u00f5nni horoskoop bee\u017eil taustal","isPartOf":{"@id":"https:\/\/baubauwall.com\/et\/#website"},"primaryImageOfPage":{"@id":"https:\/\/baubauwall.com\/et\/toode\/lastetoa-pilttapeet-sonni-horoskoop-beez\/#primaryimage"},"image":{"@id":"https:\/\/baubauwall.com\/et\/toode\/lastetoa-pilttapeet-sonni-horoskoop-beez\/#primaryimage"},"thumbnailUrl":"https:\/\/baubauwall.com\/wp-content\/uploads\/2022\/11\/51200161_HoroscopeTaurus-beige_Baubauwall_Wallmural_room4.jpg","datePublished":"2022-11-15T15:00:12+00:00","dateModified":"2023-10-12T11:18:05+00:00","description":"Bee\u017e tapeet lastetuppa S\u00f5nni horoskoobile. Lastetoa tapeediidee aktsentseinale just S\u00f5nni t\u00e4htkujule. Pilttapeet tr\u00fckitud sinu seina m\u00f5\u00f5dus!","breadcrumb":{"@id":"https:\/\/baubauwall.com\/et\/toode\/lastetoa-pilttapeet-sonni-horoskoop-beez\/#breadcrumb"},"inLanguage":"et","potentialAction":[{"@type":"ReadAction","target":["https:\/\/baubauwall.com\/et\/toode\/lastetoa-pilttapeet-sonni-horoskoop-beez\/"]}]},{"@type":"ImageObject","inLanguage":"et","@id":"https:\/\/baubauwall.com\/et\/toode\/lastetoa-pilttapeet-sonni-horoskoop-beez\/#primaryimage","url":"https:\/\/baubauwall.com\/wp-content\/uploads\/2022\/11\/51200161_HoroscopeTaurus-beige_Baubauwall_Wallmural_room4.jpg","contentUrl":"https:\/\/baubauwall.com\/wp-content\/uploads\/2022\/11\/51200161_HoroscopeTaurus-beige_Baubauwall_Wallmural_room4.jpg","width":1200,"height":800},{"@type":"BreadcrumbList","@id":"https:\/\/baubauwall.com\/et\/toode\/lastetoa-pilttapeet-sonni-horoskoop-beez\/#breadcrumb","itemListElement":[{"@type":"ListItem","position":1,"name":"Koju","item":"https:\/\/baubauwall.com\/et\/"},{"@type":"ListItem","position":2,"name":"Tapeedid","item":"https:\/\/baubauwall.com\/et\/tapeedid\/"},{"@type":"ListItem","position":3,"name":"S\u00f5nni horoskoop \u2013 bee\u017e"}]},{"@type":"WebSite","@id":"https:\/\/baubauwall.com\/et\/#website","url":"https:\/\/baubauwall.com\/et\/","name":"BAUBAUWALL Wallpapers","description":"Valmis paanides tapeet Eestist!","publisher":{"@id":"https:\/\/baubauwall.com\/et\/#organization"},"potentialAction":[{"@type":"SearchAction","target":{"@type":"EntryPoint","urlTemplate":"https:\/\/baubauwall.com\/et\/?s={search_term_string}"},"query-input":{"@type":"PropertyValueSpecification","valueRequired":true,"valueName":"search_term_string"}}],"inLanguage":"et"},{"@type":"Organization","@id":"https:\/\/baubauwall.com\/et\/#organization","name":"BAUBAUWALL Wallpapers","url":"https:\/\/baubauwall.com\/et\/","logo":{"@type":"ImageObject","inLanguage":"et","@id":"https:\/\/baubauwall.com\/et\/#\/schema\/logo\/image\/","url":"https:\/\/baubauwall.com\/wp-content\/uploads\/2022\/03\/logo-horizontal.svg","contentUrl":"https:\/\/baubauwall.com\/wp-content\/uploads\/2022\/03\/logo-horizontal.svg","width":"1024","height":"1024","caption":"BAUBAUWALL Wallpapers"},"image":{"@id":"https:\/\/baubauwall.com\/et\/#\/schema\/logo\/image\/"},"sameAs":["https:\/\/www.facebook.com\/Baubauwall","https:\/\/www.instagram.com\/baubauwall"]}]}},"jetpack_sharing_enabled":true,"_links":{"self":[{"href":"https:\/\/baubauwall.com\/et\/wp-json\/wp\/v2\/product\/31952","targetHints":{"allow":["GET"]}}],"collection":[{"href":"https:\/\/baubauwall.com\/et\/wp-json\/wp\/v2\/product"}],"about":[{"href":"https:\/\/baubauwall.com\/et\/wp-json\/wp\/v2\/types\/product"}],"replies":[{"embeddable":true,"href":"https:\/\/baubauwall.com\/et\/wp-json\/wp\/v2\/comments?post=31952"}],"wp:featuredmedia":[{"embeddable":true,"href":"https:\/\/baubauwall.com\/et\/wp-json\/wp\/v2\/media\/31941"}],"wp:attachment":[{"href":"https:\/\/baubauwall.com\/et\/wp-json\/wp\/v2\/media?parent=31952"}],"wp:term":[{"taxonomy":"product_brand","embeddable":true,"href":"https:\/\/baubauwall.com\/et\/wp-json\/wp\/v2\/product_brand?post=31952"},{"taxonomy":"product_cat","embeddable":true,"href":"https:\/\/baubauwall.com\/et\/wp-json\/wp\/v2\/product_cat?post=31952"},{"taxonomy":"product_tag","embeddable":true,"href":"https:\/\/baubauwall.com\/et\/wp-json\/wp\/v2\/product_tag?post=31952"}],"curies":[{"name":"wp","href":"https:\/\/api.w.org\/{rel}","templated":true}]}}