{"id":32624,"date":"2023-10-19T15:15:11","date_gmt":"2023-10-19T13:15:11","guid":{"rendered":"https:\/\/baubauwall.com\/product\/wallpaper-stripey-artistry-terracotta\/"},"modified":"2023-10-30T10:21:38","modified_gmt":"2023-10-30T08:21:38","slug":"taepeet-triibuline-kunstimeisterlikkus-terrakota","status":"publish","type":"product","link":"https:\/\/baubauwall.com\/et\/toode\/taepeet-triibuline-kunstimeisterlikkus-terrakota\/","title":{"rendered":"Triibuline kunstimeisterlikkus &#8211; terrakota"},"content":{"rendered":"<p>Triibuline tapeet, mis m\u00e4ngib geomeetria ja tekstuuridega. Soojades, terrakota v\u00e4rvides tapeedidisain loob visuaalselt efektse terviku ja huvitava interj\u00f6\u00f6ri. R\u00e4\u00e4kimata hubasusest. Triibud loovad interj\u00f6\u00f6ris alati visuaalselt k\u00f5rge efekti. Samuti on triibulist tapeeti hea m\u00f5te kasutada koridoris, kus tapeet muudab ruumi hetkega s\u00fcgavamaks!<\/p>\n<p><strong>Miks osta tapeet siit? Tapeetimine pole kunagi nii lihtne olnud!<\/strong><\/p>\n<ul>\n<li>Eesti disain<\/li>\n<li>Nummerdatud tapeedipaanid<\/li>\n<li>Just nii pikad tapeedipaanid, kui on Sinu sein<\/li>\n<li>Premium, matt fliistapeedi materjal<\/li>\n<li>M\u00fcrgivabad tr\u00fckiv\u00e4rvid, Greenguard sertifitseeritud<\/li>\n<li>Keskkonnas\u00f5bralik, j\u00e4\u00e4tmevaba tapeetimine<\/li>\n<li>Tasuta tapeediliim<\/li>\n<li>Tasuta transport ja kiire tarne 5 t\u00f6\u00f6p\u00e4evaga<\/li>\n<\/ul>\n<p>Loe l\u00e4hemalt nutikatest, eritellimust\u00f6\u00f6na valmivatest tapeetidest\u00a0<a href=\"https:\/\/baubauwall.com\/et\/keskkonnasobralikud-tapeedid\/\">siit.<\/a><\/p>\n<p>&nbsp;<\/p>\n","protected":false},"excerpt":{"rendered":"<p>Triibuline tapeet, mis m\u00e4ngib geomeetria ja tekstuuridega. Soojades, terrakota v\u00e4rvides tapeedidisain loob visuaalselt efektse terviku ja huvitava interj\u00f6\u00f6ri. R\u00e4\u00e4kimata hubasusest. Triibud loovad interj\u00f6\u00f6ris alati visuaalselt k\u00f5rge efekti. Samuti on triibulist tapeeti hea m\u00f5te kasutada koridoris, kus tapeet muudab ruumi hetkega s\u00fcgavamaks! Miks osta tapeet siit? Tapeetimine pole kunagi nii lihtne olnud! Eesti disain Nummerdatud tapeedipaanid [&hellip;]<\/p>\n","protected":false},"featured_media":33762,"comment_status":"open","ping_status":"closed","template":"","meta":{"_acf_changed":false,"inline_featured_image":false},"product_brand":[],"product_cat":[386,820,404,408,388,265,269,413,414,415,416,399,402,699],"product_tag":[584],"class_list":{"0":"post-32624","1":"product","2":"type-product","3":"status-publish","4":"has-post-thumbnail","6":"product_cat-kordusmustriga-tapeedid","7":"product_cat-triibulised-ruudulised","8":"product_cat-abstraktne","9":"product_cat-geomeetriline","10":"product_cat-vintage-et","11":"product_cat-beezid-tapeedid","12":"product_cat-pruunid-tapeedid","13":"product_cat-magamistoa-tapeedid","14":"product_cat-soogitoa-tapeedid","15":"product_cat-kulalistetoa-tapeedid","16":"product_cat-esiku-tapeedid","17":"product_cat-kodukontori-tapeedid","18":"product_cat-elutoa-tapeedid","19":"product_cat-eesti-disain-tapeedid","20":"product_tag-boho-et","21":"pa_designedby-triinu-silla","23":"first","24":"instock","25":"taxable","26":"shipping-taxable","27":"purchasable","28":"product-type-simple"},"acf":[],"yoast_head":"<!-- This site is optimized with the Yoast SEO plugin v25.9 - https:\/\/yoast.com\/wordpress\/plugins\/seo\/ -->\n<title>Triibuline tapeet terrakota toonides. Kordusmustriga tapeet<\/title>\n<meta name=\"description\" content=\"Triibuline tapeet soojades terrakota toonides. Kordusmuster, mis sobib aktsentseinale v\u00f5i mitmele. Lihtne tapeetimine, valmis paanides tapeet.\" \/>\n<meta name=\"robots\" content=\"index, follow, max-snippet:-1, max-image-preview:large, max-video-preview:-1\" \/>\n<link rel=\"canonical\" href=\"https:\/\/baubauwall.com\/et\/toode\/taepeet-triibuline-kunstimeisterlikkus-terrakota\/\" \/>\n<meta property=\"og:locale\" content=\"et_EE\" \/>\n<meta property=\"og:type\" content=\"article\" \/>\n<meta property=\"og:title\" content=\"Triibuline tapeet terrakota toonides. Kordusmustriga tapeet\" \/>\n<meta property=\"og:description\" content=\"Triibuline tapeet soojades terrakota toonides. Kordusmuster, mis sobib aktsentseinale v\u00f5i mitmele. Lihtne tapeetimine, valmis paanides tapeet.\" \/>\n<meta property=\"og:url\" content=\"https:\/\/baubauwall.com\/et\/toode\/taepeet-triibuline-kunstimeisterlikkus-terrakota\/\" \/>\n<meta property=\"og:site_name\" content=\"BAUBAUWALL TAPEEDID\" \/>\n<meta property=\"article:publisher\" content=\"https:\/\/www.facebook.com\/Baubauwall\" \/>\n<meta property=\"article:modified_time\" content=\"2023-10-30T08:21:38+00:00\" \/>\n<meta property=\"og:image\" content=\"https:\/\/baubauwall.com\/wp-content\/uploads\/2022\/11\/51100366_StripeyArtistry-Terracota_Baubauwall_Wallpaper_room_preview.jpg\" \/>\n\t<meta property=\"og:image:width\" content=\"800\" \/>\n\t<meta property=\"og:image:height\" content=\"800\" \/>\n\t<meta property=\"og:image:type\" content=\"image\/jpeg\" \/>\n<meta name=\"twitter:card\" content=\"summary_large_image\" \/>\n<meta name=\"twitter:label1\" content=\"Est. reading time\" \/>\n\t<meta name=\"twitter:data1\" content=\"1 minut\" \/>\n<script type=\"application\/ld+json\" class=\"yoast-schema-graph\">{\"@context\":\"https:\/\/schema.org\",\"@graph\":[{\"@type\":\"WebPage\",\"@id\":\"https:\/\/baubauwall.com\/et\/toode\/taepeet-triibuline-kunstimeisterlikkus-terrakota\/\",\"url\":\"https:\/\/baubauwall.com\/et\/toode\/taepeet-triibuline-kunstimeisterlikkus-terrakota\/\",\"name\":\"Triibuline tapeet terrakota toonides. Kordusmustriga tapeet\",\"isPartOf\":{\"@id\":\"https:\/\/baubauwall.com\/et\/#website\"},\"primaryImageOfPage\":{\"@id\":\"https:\/\/baubauwall.com\/et\/toode\/taepeet-triibuline-kunstimeisterlikkus-terrakota\/#primaryimage\"},\"image\":{\"@id\":\"https:\/\/baubauwall.com\/et\/toode\/taepeet-triibuline-kunstimeisterlikkus-terrakota\/#primaryimage\"},\"thumbnailUrl\":\"https:\/\/baubauwall.com\/wp-content\/uploads\/2023\/10\/51100366_StripeyArtistry-Terracota_Baubauwall_Wallpaper_room2-scaled.jpg\",\"datePublished\":\"2023-10-19T13:15:11+00:00\",\"dateModified\":\"2023-10-30T08:21:38+00:00\",\"description\":\"Triibuline tapeet soojades terrakota toonides. Kordusmuster, mis sobib aktsentseinale v\u00f5i mitmele. Lihtne tapeetimine, valmis paanides tapeet.\",\"breadcrumb\":{\"@id\":\"https:\/\/baubauwall.com\/et\/toode\/taepeet-triibuline-kunstimeisterlikkus-terrakota\/#breadcrumb\"},\"inLanguage\":\"et\",\"potentialAction\":[{\"@type\":\"ReadAction\",\"target\":[\"https:\/\/baubauwall.com\/et\/toode\/taepeet-triibuline-kunstimeisterlikkus-terrakota\/\"]}]},{\"@type\":\"ImageObject\",\"inLanguage\":\"et\",\"@id\":\"https:\/\/baubauwall.com\/et\/toode\/taepeet-triibuline-kunstimeisterlikkus-terrakota\/#primaryimage\",\"url\":\"https:\/\/baubauwall.com\/wp-content\/uploads\/2023\/10\/51100366_StripeyArtistry-Terracota_Baubauwall_Wallpaper_room2-scaled.jpg\",\"contentUrl\":\"https:\/\/baubauwall.com\/wp-content\/uploads\/2023\/10\/51100366_StripeyArtistry-Terracota_Baubauwall_Wallpaper_room2-scaled.jpg\",\"width\":2560,\"height\":1440},{\"@type\":\"BreadcrumbList\",\"@id\":\"https:\/\/baubauwall.com\/et\/toode\/taepeet-triibuline-kunstimeisterlikkus-terrakota\/#breadcrumb\",\"itemListElement\":[{\"@type\":\"ListItem\",\"position\":1,\"name\":\"Koju\",\"item\":\"https:\/\/baubauwall.com\/et\/\"},{\"@type\":\"ListItem\",\"position\":2,\"name\":\"Tapeedid\",\"item\":\"https:\/\/baubauwall.com\/et\/tapeedid\/\"},{\"@type\":\"ListItem\",\"position\":3,\"name\":\"Triibuline kunstimeisterlikkus &#8211; terrakota\"}]},{\"@type\":\"WebSite\",\"@id\":\"https:\/\/baubauwall.com\/et\/#website\",\"url\":\"https:\/\/baubauwall.com\/et\/\",\"name\":\"BAUBAUWALL Wallpapers\",\"description\":\"Valmis paanides tapeet Eestist!\",\"publisher\":{\"@id\":\"https:\/\/baubauwall.com\/et\/#organization\"},\"potentialAction\":[{\"@type\":\"SearchAction\",\"target\":{\"@type\":\"EntryPoint\",\"urlTemplate\":\"https:\/\/baubauwall.com\/et\/?s={search_term_string}\"},\"query-input\":{\"@type\":\"PropertyValueSpecification\",\"valueRequired\":true,\"valueName\":\"search_term_string\"}}],\"inLanguage\":\"et\"},{\"@type\":\"Organization\",\"@id\":\"https:\/\/baubauwall.com\/et\/#organization\",\"name\":\"BAUBAUWALL Wallpapers\",\"url\":\"https:\/\/baubauwall.com\/et\/\",\"logo\":{\"@type\":\"ImageObject\",\"inLanguage\":\"et\",\"@id\":\"https:\/\/baubauwall.com\/et\/#\/schema\/logo\/image\/\",\"url\":\"https:\/\/baubauwall.com\/wp-content\/uploads\/2022\/03\/logo-horizontal.svg\",\"contentUrl\":\"https:\/\/baubauwall.com\/wp-content\/uploads\/2022\/03\/logo-horizontal.svg\",\"width\":\"1024\",\"height\":\"1024\",\"caption\":\"BAUBAUWALL Wallpapers\"},\"image\":{\"@id\":\"https:\/\/baubauwall.com\/et\/#\/schema\/logo\/image\/\"},\"sameAs\":[\"https:\/\/www.facebook.com\/Baubauwall\",\"https:\/\/www.instagram.com\/baubauwall\"]}]}<\/script>\n<!-- \/ Yoast SEO plugin. -->","yoast_head_json":{"title":"Triibuline tapeet terrakota toonides. Kordusmustriga tapeet","description":"Triibuline tapeet soojades terrakota toonides. Kordusmuster, mis sobib aktsentseinale v\u00f5i mitmele. Lihtne tapeetimine, valmis paanides tapeet.","robots":{"index":"index","follow":"follow","max-snippet":"max-snippet:-1","max-image-preview":"max-image-preview:large","max-video-preview":"max-video-preview:-1"},"canonical":"https:\/\/baubauwall.com\/et\/toode\/taepeet-triibuline-kunstimeisterlikkus-terrakota\/","og_locale":"et_EE","og_type":"article","og_title":"Triibuline tapeet terrakota toonides. Kordusmustriga tapeet","og_description":"Triibuline tapeet soojades terrakota toonides. Kordusmuster, mis sobib aktsentseinale v\u00f5i mitmele. Lihtne tapeetimine, valmis paanides tapeet.","og_url":"https:\/\/baubauwall.com\/et\/toode\/taepeet-triibuline-kunstimeisterlikkus-terrakota\/","og_site_name":"BAUBAUWALL TAPEEDID","article_publisher":"https:\/\/www.facebook.com\/Baubauwall","article_modified_time":"2023-10-30T08:21:38+00:00","og_image":[{"width":800,"height":800,"url":"https:\/\/baubauwall.com\/wp-content\/uploads\/2022\/11\/51100366_StripeyArtistry-Terracota_Baubauwall_Wallpaper_room_preview.jpg","type":"image\/jpeg"}],"twitter_card":"summary_large_image","twitter_misc":{"Est. reading time":"1 minut"},"schema":{"@context":"https:\/\/schema.org","@graph":[{"@type":"WebPage","@id":"https:\/\/baubauwall.com\/et\/toode\/taepeet-triibuline-kunstimeisterlikkus-terrakota\/","url":"https:\/\/baubauwall.com\/et\/toode\/taepeet-triibuline-kunstimeisterlikkus-terrakota\/","name":"Triibuline tapeet terrakota toonides. Kordusmustriga tapeet","isPartOf":{"@id":"https:\/\/baubauwall.com\/et\/#website"},"primaryImageOfPage":{"@id":"https:\/\/baubauwall.com\/et\/toode\/taepeet-triibuline-kunstimeisterlikkus-terrakota\/#primaryimage"},"image":{"@id":"https:\/\/baubauwall.com\/et\/toode\/taepeet-triibuline-kunstimeisterlikkus-terrakota\/#primaryimage"},"thumbnailUrl":"https:\/\/baubauwall.com\/wp-content\/uploads\/2023\/10\/51100366_StripeyArtistry-Terracota_Baubauwall_Wallpaper_room2-scaled.jpg","datePublished":"2023-10-19T13:15:11+00:00","dateModified":"2023-10-30T08:21:38+00:00","description":"Triibuline tapeet soojades terrakota toonides. Kordusmuster, mis sobib aktsentseinale v\u00f5i mitmele. Lihtne tapeetimine, valmis paanides tapeet.","breadcrumb":{"@id":"https:\/\/baubauwall.com\/et\/toode\/taepeet-triibuline-kunstimeisterlikkus-terrakota\/#breadcrumb"},"inLanguage":"et","potentialAction":[{"@type":"ReadAction","target":["https:\/\/baubauwall.com\/et\/toode\/taepeet-triibuline-kunstimeisterlikkus-terrakota\/"]}]},{"@type":"ImageObject","inLanguage":"et","@id":"https:\/\/baubauwall.com\/et\/toode\/taepeet-triibuline-kunstimeisterlikkus-terrakota\/#primaryimage","url":"https:\/\/baubauwall.com\/wp-content\/uploads\/2023\/10\/51100366_StripeyArtistry-Terracota_Baubauwall_Wallpaper_room2-scaled.jpg","contentUrl":"https:\/\/baubauwall.com\/wp-content\/uploads\/2023\/10\/51100366_StripeyArtistry-Terracota_Baubauwall_Wallpaper_room2-scaled.jpg","width":2560,"height":1440},{"@type":"BreadcrumbList","@id":"https:\/\/baubauwall.com\/et\/toode\/taepeet-triibuline-kunstimeisterlikkus-terrakota\/#breadcrumb","itemListElement":[{"@type":"ListItem","position":1,"name":"Koju","item":"https:\/\/baubauwall.com\/et\/"},{"@type":"ListItem","position":2,"name":"Tapeedid","item":"https:\/\/baubauwall.com\/et\/tapeedid\/"},{"@type":"ListItem","position":3,"name":"Triibuline kunstimeisterlikkus &#8211; terrakota"}]},{"@type":"WebSite","@id":"https:\/\/baubauwall.com\/et\/#website","url":"https:\/\/baubauwall.com\/et\/","name":"BAUBAUWALL Wallpapers","description":"Valmis paanides tapeet Eestist!","publisher":{"@id":"https:\/\/baubauwall.com\/et\/#organization"},"potentialAction":[{"@type":"SearchAction","target":{"@type":"EntryPoint","urlTemplate":"https:\/\/baubauwall.com\/et\/?s={search_term_string}"},"query-input":{"@type":"PropertyValueSpecification","valueRequired":true,"valueName":"search_term_string"}}],"inLanguage":"et"},{"@type":"Organization","@id":"https:\/\/baubauwall.com\/et\/#organization","name":"BAUBAUWALL Wallpapers","url":"https:\/\/baubauwall.com\/et\/","logo":{"@type":"ImageObject","inLanguage":"et","@id":"https:\/\/baubauwall.com\/et\/#\/schema\/logo\/image\/","url":"https:\/\/baubauwall.com\/wp-content\/uploads\/2022\/03\/logo-horizontal.svg","contentUrl":"https:\/\/baubauwall.com\/wp-content\/uploads\/2022\/03\/logo-horizontal.svg","width":"1024","height":"1024","caption":"BAUBAUWALL Wallpapers"},"image":{"@id":"https:\/\/baubauwall.com\/et\/#\/schema\/logo\/image\/"},"sameAs":["https:\/\/www.facebook.com\/Baubauwall","https:\/\/www.instagram.com\/baubauwall"]}]}},"jetpack_sharing_enabled":true,"_links":{"self":[{"href":"https:\/\/baubauwall.com\/et\/wp-json\/wp\/v2\/product\/32624","targetHints":{"allow":["GET"]}}],"collection":[{"href":"https:\/\/baubauwall.com\/et\/wp-json\/wp\/v2\/product"}],"about":[{"href":"https:\/\/baubauwall.com\/et\/wp-json\/wp\/v2\/types\/product"}],"replies":[{"embeddable":true,"href":"https:\/\/baubauwall.com\/et\/wp-json\/wp\/v2\/comments?post=32624"}],"wp:featuredmedia":[{"embeddable":true,"href":"https:\/\/baubauwall.com\/et\/wp-json\/wp\/v2\/media\/33762"}],"wp:attachment":[{"href":"https:\/\/baubauwall.com\/et\/wp-json\/wp\/v2\/media?parent=32624"}],"wp:term":[{"taxonomy":"product_brand","embeddable":true,"href":"https:\/\/baubauwall.com\/et\/wp-json\/wp\/v2\/product_brand?post=32624"},{"taxonomy":"product_cat","embeddable":true,"href":"https:\/\/baubauwall.com\/et\/wp-json\/wp\/v2\/product_cat?post=32624"},{"taxonomy":"product_tag","embeddable":true,"href":"https:\/\/baubauwall.com\/et\/wp-json\/wp\/v2\/product_tag?post=32624"}],"curies":[{"name":"wp","href":"https:\/\/api.w.org\/{rel}","templated":true}]}}