{"id":32645,"date":"2023-10-20T11:45:39","date_gmt":"2023-10-20T09:45:39","guid":{"rendered":"https:\/\/baubauwall.com\/product\/tapeet-orhideede-aas-heleroheline\/"},"modified":"2024-01-05T13:27:21","modified_gmt":"2024-01-05T11:27:21","slug":"tapeet-orhideede-aas-heleroheline","status":"publish","type":"product","link":"https:\/\/baubauwall.com\/et\/toode\/tapeet-orhideede-aas-heleroheline\/","title":{"rendered":"Orhideede aas &#8211; heleroheline"},"content":{"rendered":"<p>Kas tabad tapeedilt orhideed? V\u00f5i on see kordusmuster <em>trompe l&#8217;oeil <\/em>stiilis, mis m\u00e4ngib n\u00e4gemismeelega? Heleroheline tapeet &#8220;Orhideede aas&#8221; on mitmetahuline, kihiline tapeedidisain, mis sunnib m\u00f5tlema, mida autor l\u00f5uendit (tapeeti) maalides kujutas. Paljastamaks saladust, panime selle m\u00f5tte j\u00e4rgi tapeedi nimeks just nimelt Orhideede aas! Orhideeside nimetatakse tihti ka lilleaedade kuningannadeks. Seega &#8211; olgu sumeda magamistoa v\u00f5i elutoa seintega, see tapeet loob maitseka \u00f5hkkonna. Tapeet, mida saab edukalt kasutada \u00fcksikul aktsentseinal kui ka mitmel seinal korraga.<\/p>\n<p><a href=\"https:\/\/baubauwall.com\/et\/tootekategooria\/tapeedi-kollektsioonid\/ateljee-tapeedid\/\" target=\"_blank\" rel=\"noopener\"><strong>Tapeedikollektsioon \u201cAteljee\u201d<\/strong>\u00a0<\/a>on inspireeritud P\u00f5hjamaa looduse tekstuuridest ja arhitektuursetest joontest. Need on efektsed pilttapeedid ja elegantsed kordusmustriga tapeedid, mis m\u00e4nglevalt p\u00f5imivad geomeetria ning detailid metsadest lilleaasadeni. \u201cAteljee\u201d tapeedid pakuvad avastushetki ja detailirohkust ning sobivad imeliselt nii avaliku ruumi seintele kui ka kodustesse interj\u00f6\u00f6ridesse. Kollektsiooni autor on tapeedidisainer\u00a0<strong>Triinu Silla,\u00a0<\/strong>kelle detailirohke k\u00e4ekiri maalis mustrid tapeedil\u00f5uenditele.<\/p>\n<p><strong>Miks osta tapeet siit? Tapeetimine pole kunagi nii lihtne olnud!<\/strong><\/p>\n<ul>\n<li>Eesti disain<\/li>\n<li>Nummerdatud tapeedipaanid<\/li>\n<li>Just nii pikad tapeedipaanid, kui on Sinu sein<\/li>\n<li>Premium, matt fliistapeedi materjal<\/li>\n<li>M\u00fcrgivabad tr\u00fckiv\u00e4rvid, Greenguard sertifitseeritud<\/li>\n<li>Keskkonnas\u00f5bralik, j\u00e4\u00e4tmevaba tapeetimine<\/li>\n<li>Tasuta tapeediliim<\/li>\n<li>Tasuta transport ja kiire tarne 5 t\u00f6\u00f6p\u00e4evaga<\/li>\n<\/ul>\n<p>Loe l\u00e4hemalt nutikatest, eritellimust\u00f6\u00f6na valmivatest tapeetidest\u00a0<a href=\"https:\/\/baubauwall.com\/et\/keskkonnasobralikud-tapeedid\/\">siit.<\/a><\/p>\n<p>&nbsp;<\/p>\n","protected":false},"excerpt":{"rendered":"<p>Kas tabad tapeedilt orhideed? V\u00f5i on see kordusmuster trompe l&#8217;oeil stiilis, mis m\u00e4ngib n\u00e4gemismeelega? Heleroheline tapeet &#8220;Orhideede aas&#8221; on mitmetahuline, kihiline tapeedidisain, mis sunnib m\u00f5tlema, mida autor l\u00f5uendit (tapeeti) maalides kujutas. Paljastamaks saladust, panime selle m\u00f5tte j\u00e4rgi tapeedi nimeks just nimelt Orhideede aas! Orhideeside nimetatakse tihti ka lilleaedade kuningannadeks. Seega &#8211; olgu sumeda magamistoa v\u00f5i [&hellip;]<\/p>\n","protected":false},"featured_media":33197,"comment_status":"open","ping_status":"closed","template":"","meta":{"_acf_changed":false,"inline_featured_image":false},"product_brand":[],"product_cat":[680,386,395,404,396,271,276,752,413,414,415,416,399,402,412,699,254,260],"product_tag":[681,695,608],"class_list":{"0":"post-32645","1":"product","2":"type-product","3":"status-publish","4":"has-post-thumbnail","6":"product_cat-ateljee-tapeedid","7":"product_cat-kordusmustriga-tapeedid","8":"product_cat-romantiline","9":"product_cat-abstraktne","10":"product_cat-skandinaavia","11":"product_cat-rohelised-tapeedid","12":"product_cat-pastelsed-tapeedid","13":"product_cat-avalik-ruum","14":"product_cat-magamistoa-tapeedid","15":"product_cat-soogitoa-tapeedid","16":"product_cat-kulalistetoa-tapeedid","17":"product_cat-esiku-tapeedid","18":"product_cat-kodukontori-tapeedid","19":"product_cat-elutoa-tapeedid","20":"product_cat-vannitoa-tapeedid","21":"product_cat-eesti-disain-tapeedid","22":"product_cat-loodus","23":"product_cat-lilled","24":"product_tag-ateljee-tapeedikollektsioon-et","25":"product_tag-eesti-disain-tapeedid","26":"product_tag-sage-et","27":"pa_designedby-triinu-silla","29":"first","30":"instock","31":"taxable","32":"shipping-taxable","33":"purchasable","34":"product-type-simple"},"acf":[],"yoast_head":"<!-- This site is optimized with the Yoast SEO plugin v25.9 - https:\/\/yoast.com\/wordpress\/plugins\/seo\/ -->\n<title>Tapeet orhideede aas. Heleroheline tapeedidisain interj\u00f6\u00f6ri<\/title>\n<meta name=\"description\" content=\"Heleroheline, peidetud orhidee\u00f5itega tapeet disainkollektsioonist Ateljee. Tapeet elutuppa v\u00f5i magamistuppa, t\u00e4psetes tapeedipaanides. Keskkonnas\u00f5bralik\" \/>\n<meta name=\"robots\" content=\"index, follow, max-snippet:-1, max-image-preview:large, max-video-preview:-1\" \/>\n<link rel=\"canonical\" href=\"https:\/\/baubauwall.com\/et\/toode\/tapeet-orhideede-aas-heleroheline\/\" \/>\n<meta property=\"og:locale\" content=\"et_EE\" \/>\n<meta property=\"og:type\" content=\"article\" \/>\n<meta property=\"og:title\" content=\"Tapeet orhideede aas. Heleroheline tapeedidisain interj\u00f6\u00f6ri\" \/>\n<meta property=\"og:description\" content=\"Heleroheline, peidetud orhidee\u00f5itega tapeet disainkollektsioonist Ateljee. Tapeet elutuppa v\u00f5i magamistuppa, t\u00e4psetes tapeedipaanides. Keskkonnas\u00f5bralik\" \/>\n<meta property=\"og:url\" content=\"https:\/\/baubauwall.com\/et\/toode\/tapeet-orhideede-aas-heleroheline\/\" \/>\n<meta property=\"og:site_name\" content=\"BAUBAUWALL TAPEEDID\" \/>\n<meta property=\"article:publisher\" content=\"https:\/\/www.facebook.com\/Baubauwall\" \/>\n<meta property=\"article:modified_time\" content=\"2024-01-05T11:27:21+00:00\" \/>\n<meta property=\"og:image\" content=\"https:\/\/i0.wp.com\/baubauwall.com\/wp-content\/uploads\/2023\/10\/51100374_OrchidField-Sage_Baubauwall_Wallpaper_room_preview.jpg?fit=800%2C800&ssl=1\" \/>\n\t<meta property=\"og:image:width\" content=\"800\" \/>\n\t<meta property=\"og:image:height\" content=\"800\" \/>\n\t<meta property=\"og:image:type\" content=\"image\/jpeg\" \/>\n<meta name=\"twitter:card\" content=\"summary_large_image\" \/>\n<meta name=\"twitter:label1\" content=\"Est. reading time\" \/>\n\t<meta name=\"twitter:data1\" content=\"1 minut\" \/>\n<script type=\"application\/ld+json\" class=\"yoast-schema-graph\">{\"@context\":\"https:\/\/schema.org\",\"@graph\":[{\"@type\":\"WebPage\",\"@id\":\"https:\/\/baubauwall.com\/et\/toode\/tapeet-orhideede-aas-heleroheline\/\",\"url\":\"https:\/\/baubauwall.com\/et\/toode\/tapeet-orhideede-aas-heleroheline\/\",\"name\":\"Tapeet orhideede aas. Heleroheline tapeedidisain interj\u00f6\u00f6ri\",\"isPartOf\":{\"@id\":\"https:\/\/baubauwall.com\/et\/#website\"},\"primaryImageOfPage\":{\"@id\":\"https:\/\/baubauwall.com\/et\/toode\/tapeet-orhideede-aas-heleroheline\/#primaryimage\"},\"image\":{\"@id\":\"https:\/\/baubauwall.com\/et\/toode\/tapeet-orhideede-aas-heleroheline\/#primaryimage\"},\"thumbnailUrl\":\"https:\/\/baubauwall.com\/wp-content\/uploads\/2023\/10\/51100374_OrchidField-Sage_Baubauwall_Wallpaper_room2.jpg\",\"datePublished\":\"2023-10-20T09:45:39+00:00\",\"dateModified\":\"2024-01-05T11:27:21+00:00\",\"description\":\"Heleroheline, peidetud orhidee\u00f5itega tapeet disainkollektsioonist Ateljee. Tapeet elutuppa v\u00f5i magamistuppa, t\u00e4psetes tapeedipaanides. Keskkonnas\u00f5bralik\",\"breadcrumb\":{\"@id\":\"https:\/\/baubauwall.com\/et\/toode\/tapeet-orhideede-aas-heleroheline\/#breadcrumb\"},\"inLanguage\":\"et\",\"potentialAction\":[{\"@type\":\"ReadAction\",\"target\":[\"https:\/\/baubauwall.com\/et\/toode\/tapeet-orhideede-aas-heleroheline\/\"]}]},{\"@type\":\"ImageObject\",\"inLanguage\":\"et\",\"@id\":\"https:\/\/baubauwall.com\/et\/toode\/tapeet-orhideede-aas-heleroheline\/#primaryimage\",\"url\":\"https:\/\/baubauwall.com\/wp-content\/uploads\/2023\/10\/51100374_OrchidField-Sage_Baubauwall_Wallpaper_room2.jpg\",\"contentUrl\":\"https:\/\/baubauwall.com\/wp-content\/uploads\/2023\/10\/51100374_OrchidField-Sage_Baubauwall_Wallpaper_room2.jpg\",\"width\":2400,\"height\":1600,\"caption\":\"Sage green wallpaper for home or commercial space walls. Orchid Field\"},{\"@type\":\"BreadcrumbList\",\"@id\":\"https:\/\/baubauwall.com\/et\/toode\/tapeet-orhideede-aas-heleroheline\/#breadcrumb\",\"itemListElement\":[{\"@type\":\"ListItem\",\"position\":1,\"name\":\"Koju\",\"item\":\"https:\/\/baubauwall.com\/et\/\"},{\"@type\":\"ListItem\",\"position\":2,\"name\":\"Tapeedid\",\"item\":\"https:\/\/baubauwall.com\/et\/tapeedid\/\"},{\"@type\":\"ListItem\",\"position\":3,\"name\":\"Orhideede aas &#8211; heleroheline\"}]},{\"@type\":\"WebSite\",\"@id\":\"https:\/\/baubauwall.com\/et\/#website\",\"url\":\"https:\/\/baubauwall.com\/et\/\",\"name\":\"BAUBAUWALL Wallpapers\",\"description\":\"Valmis paanides tapeet Eestist!\",\"publisher\":{\"@id\":\"https:\/\/baubauwall.com\/et\/#organization\"},\"potentialAction\":[{\"@type\":\"SearchAction\",\"target\":{\"@type\":\"EntryPoint\",\"urlTemplate\":\"https:\/\/baubauwall.com\/et\/?s={search_term_string}\"},\"query-input\":{\"@type\":\"PropertyValueSpecification\",\"valueRequired\":true,\"valueName\":\"search_term_string\"}}],\"inLanguage\":\"et\"},{\"@type\":\"Organization\",\"@id\":\"https:\/\/baubauwall.com\/et\/#organization\",\"name\":\"BAUBAUWALL Wallpapers\",\"url\":\"https:\/\/baubauwall.com\/et\/\",\"logo\":{\"@type\":\"ImageObject\",\"inLanguage\":\"et\",\"@id\":\"https:\/\/baubauwall.com\/et\/#\/schema\/logo\/image\/\",\"url\":\"https:\/\/baubauwall.com\/wp-content\/uploads\/2022\/03\/logo-horizontal.svg\",\"contentUrl\":\"https:\/\/baubauwall.com\/wp-content\/uploads\/2022\/03\/logo-horizontal.svg\",\"width\":\"1024\",\"height\":\"1024\",\"caption\":\"BAUBAUWALL Wallpapers\"},\"image\":{\"@id\":\"https:\/\/baubauwall.com\/et\/#\/schema\/logo\/image\/\"},\"sameAs\":[\"https:\/\/www.facebook.com\/Baubauwall\",\"https:\/\/www.instagram.com\/baubauwall\"]}]}<\/script>\n<!-- \/ Yoast SEO plugin. -->","yoast_head_json":{"title":"Tapeet orhideede aas. Heleroheline tapeedidisain interj\u00f6\u00f6ri","description":"Heleroheline, peidetud orhidee\u00f5itega tapeet disainkollektsioonist Ateljee. Tapeet elutuppa v\u00f5i magamistuppa, t\u00e4psetes tapeedipaanides. Keskkonnas\u00f5bralik","robots":{"index":"index","follow":"follow","max-snippet":"max-snippet:-1","max-image-preview":"max-image-preview:large","max-video-preview":"max-video-preview:-1"},"canonical":"https:\/\/baubauwall.com\/et\/toode\/tapeet-orhideede-aas-heleroheline\/","og_locale":"et_EE","og_type":"article","og_title":"Tapeet orhideede aas. Heleroheline tapeedidisain interj\u00f6\u00f6ri","og_description":"Heleroheline, peidetud orhidee\u00f5itega tapeet disainkollektsioonist Ateljee. Tapeet elutuppa v\u00f5i magamistuppa, t\u00e4psetes tapeedipaanides. Keskkonnas\u00f5bralik","og_url":"https:\/\/baubauwall.com\/et\/toode\/tapeet-orhideede-aas-heleroheline\/","og_site_name":"BAUBAUWALL TAPEEDID","article_publisher":"https:\/\/www.facebook.com\/Baubauwall","article_modified_time":"2024-01-05T11:27:21+00:00","og_image":[{"width":800,"height":800,"url":"https:\/\/i0.wp.com\/baubauwall.com\/wp-content\/uploads\/2023\/10\/51100374_OrchidField-Sage_Baubauwall_Wallpaper_room_preview.jpg?fit=800%2C800&ssl=1","type":"image\/jpeg"}],"twitter_card":"summary_large_image","twitter_misc":{"Est. reading time":"1 minut"},"schema":{"@context":"https:\/\/schema.org","@graph":[{"@type":"WebPage","@id":"https:\/\/baubauwall.com\/et\/toode\/tapeet-orhideede-aas-heleroheline\/","url":"https:\/\/baubauwall.com\/et\/toode\/tapeet-orhideede-aas-heleroheline\/","name":"Tapeet orhideede aas. Heleroheline tapeedidisain interj\u00f6\u00f6ri","isPartOf":{"@id":"https:\/\/baubauwall.com\/et\/#website"},"primaryImageOfPage":{"@id":"https:\/\/baubauwall.com\/et\/toode\/tapeet-orhideede-aas-heleroheline\/#primaryimage"},"image":{"@id":"https:\/\/baubauwall.com\/et\/toode\/tapeet-orhideede-aas-heleroheline\/#primaryimage"},"thumbnailUrl":"https:\/\/baubauwall.com\/wp-content\/uploads\/2023\/10\/51100374_OrchidField-Sage_Baubauwall_Wallpaper_room2.jpg","datePublished":"2023-10-20T09:45:39+00:00","dateModified":"2024-01-05T11:27:21+00:00","description":"Heleroheline, peidetud orhidee\u00f5itega tapeet disainkollektsioonist Ateljee. Tapeet elutuppa v\u00f5i magamistuppa, t\u00e4psetes tapeedipaanides. Keskkonnas\u00f5bralik","breadcrumb":{"@id":"https:\/\/baubauwall.com\/et\/toode\/tapeet-orhideede-aas-heleroheline\/#breadcrumb"},"inLanguage":"et","potentialAction":[{"@type":"ReadAction","target":["https:\/\/baubauwall.com\/et\/toode\/tapeet-orhideede-aas-heleroheline\/"]}]},{"@type":"ImageObject","inLanguage":"et","@id":"https:\/\/baubauwall.com\/et\/toode\/tapeet-orhideede-aas-heleroheline\/#primaryimage","url":"https:\/\/baubauwall.com\/wp-content\/uploads\/2023\/10\/51100374_OrchidField-Sage_Baubauwall_Wallpaper_room2.jpg","contentUrl":"https:\/\/baubauwall.com\/wp-content\/uploads\/2023\/10\/51100374_OrchidField-Sage_Baubauwall_Wallpaper_room2.jpg","width":2400,"height":1600,"caption":"Sage green wallpaper for home or commercial space walls. Orchid Field"},{"@type":"BreadcrumbList","@id":"https:\/\/baubauwall.com\/et\/toode\/tapeet-orhideede-aas-heleroheline\/#breadcrumb","itemListElement":[{"@type":"ListItem","position":1,"name":"Koju","item":"https:\/\/baubauwall.com\/et\/"},{"@type":"ListItem","position":2,"name":"Tapeedid","item":"https:\/\/baubauwall.com\/et\/tapeedid\/"},{"@type":"ListItem","position":3,"name":"Orhideede aas &#8211; heleroheline"}]},{"@type":"WebSite","@id":"https:\/\/baubauwall.com\/et\/#website","url":"https:\/\/baubauwall.com\/et\/","name":"BAUBAUWALL Wallpapers","description":"Valmis paanides tapeet Eestist!","publisher":{"@id":"https:\/\/baubauwall.com\/et\/#organization"},"potentialAction":[{"@type":"SearchAction","target":{"@type":"EntryPoint","urlTemplate":"https:\/\/baubauwall.com\/et\/?s={search_term_string}"},"query-input":{"@type":"PropertyValueSpecification","valueRequired":true,"valueName":"search_term_string"}}],"inLanguage":"et"},{"@type":"Organization","@id":"https:\/\/baubauwall.com\/et\/#organization","name":"BAUBAUWALL Wallpapers","url":"https:\/\/baubauwall.com\/et\/","logo":{"@type":"ImageObject","inLanguage":"et","@id":"https:\/\/baubauwall.com\/et\/#\/schema\/logo\/image\/","url":"https:\/\/baubauwall.com\/wp-content\/uploads\/2022\/03\/logo-horizontal.svg","contentUrl":"https:\/\/baubauwall.com\/wp-content\/uploads\/2022\/03\/logo-horizontal.svg","width":"1024","height":"1024","caption":"BAUBAUWALL Wallpapers"},"image":{"@id":"https:\/\/baubauwall.com\/et\/#\/schema\/logo\/image\/"},"sameAs":["https:\/\/www.facebook.com\/Baubauwall","https:\/\/www.instagram.com\/baubauwall"]}]}},"jetpack_sharing_enabled":true,"_links":{"self":[{"href":"https:\/\/baubauwall.com\/et\/wp-json\/wp\/v2\/product\/32645","targetHints":{"allow":["GET"]}}],"collection":[{"href":"https:\/\/baubauwall.com\/et\/wp-json\/wp\/v2\/product"}],"about":[{"href":"https:\/\/baubauwall.com\/et\/wp-json\/wp\/v2\/types\/product"}],"replies":[{"embeddable":true,"href":"https:\/\/baubauwall.com\/et\/wp-json\/wp\/v2\/comments?post=32645"}],"wp:featuredmedia":[{"embeddable":true,"href":"https:\/\/baubauwall.com\/et\/wp-json\/wp\/v2\/media\/33197"}],"wp:attachment":[{"href":"https:\/\/baubauwall.com\/et\/wp-json\/wp\/v2\/media?parent=32645"}],"wp:term":[{"taxonomy":"product_brand","embeddable":true,"href":"https:\/\/baubauwall.com\/et\/wp-json\/wp\/v2\/product_brand?post=32645"},{"taxonomy":"product_cat","embeddable":true,"href":"https:\/\/baubauwall.com\/et\/wp-json\/wp\/v2\/product_cat?post=32645"},{"taxonomy":"product_tag","embeddable":true,"href":"https:\/\/baubauwall.com\/et\/wp-json\/wp\/v2\/product_tag?post=32645"}],"curies":[{"name":"wp","href":"https:\/\/api.w.org\/{rel}","templated":true}]}}