{"id":32657,"date":"2023-10-20T13:17:54","date_gmt":"2023-10-20T11:17:54","guid":{"rendered":"https:\/\/baubauwall.com\/product\/tapeet-kubismilouend-sinine\/"},"modified":"2023-11-06T14:57:15","modified_gmt":"2023-11-06T12:57:15","slug":"tapeet-kubismilouend-sinine","status":"publish","type":"product","link":"https:\/\/baubauwall.com\/et\/toode\/tapeet-kubismilouend-sinine\/","title":{"rendered":"Kubismil\u00f5uend &#8211; sinine"},"content":{"rendered":"<p>Kubismist m\u00f5jutatud tapeedidisain P\u00f5hjamaistes hallides ja sinistes toonides. Iga nelinurk on hoolikalt sobitatud j\u00e4rgmisega ning hall v\u00e4rv harmoneerub sinisega. Kordusmustriga tapeet, mis toob looduse v\u00e4rvid interj\u00f6\u00f6ri ning loob hubase tunde. Ilus tapeedivalik elutoa seinale, \u00fchele v\u00f5i mitmele. Sinistes ja hallides toonides tapeedid on Eesti sisustajate \u00fched lemmikud, mille juurde on h\u00f5lbus sobitada muud m\u00f6\u00f6blit.<\/p>\n<p><strong>Tapeedikollektsioon \u201cAteljee\u201d<\/strong>\u00a0on inspireeritud P\u00f5hjamaa looduse tekstuuridest ja arhitektuursetest joontest. Need on efektsed pilttapeedid ja elegantsed kordusmustriga tapeedid, mis m\u00e4nglevalt p\u00f5imivad geomeetria ning detailid metsadest lilleaasadeni. \u201cAteljee\u201d tapeedid pakuvad avastushetki ja detailirohkust ning sobivad imeliselt nii avaliku ruumi seintele kui ka kodustesse interj\u00f6\u00f6ridesse. Kollektsiooni autor on tapeedidisainer\u00a0<strong>Triinu Silla,\u00a0<\/strong>kelle detailirohke k\u00e4ekiri maalis mustrid tapeedil\u00f5uenditele.<\/p>\n<p><strong>Miks osta tapeet siit? Tapeetimine pole kunagi nii lihtne olnud!<\/strong><\/p>\n<ul>\n<li>Eesti disain<\/li>\n<li>Nummerdatud tapeedipaanid<\/li>\n<li>Just nii pikad tapeedipaanid, kui on Sinu sein<\/li>\n<li>Premium, matt fliistapeedi materjal<\/li>\n<li>M\u00fcrgivabad tr\u00fckiv\u00e4rvid, Greenguard sertifitseeritud<\/li>\n<li>Keskkonnas\u00f5bralik, j\u00e4\u00e4tmevaba tapeetimine<\/li>\n<li>Tasuta tapeediliim<\/li>\n<li>Tasuta transport ja kiire tarne 5 t\u00f6\u00f6p\u00e4evaga<\/li>\n<\/ul>\n<p>Loe l\u00e4hemalt nutikatest, eritellimust\u00f6\u00f6na valmivatest tapeetidest\u00a0<a href=\"https:\/\/baubauwall.com\/et\/keskkonnasobralikud-tapeedid\/\">siit.<\/a><\/p>\n","protected":false},"excerpt":{"rendered":"<p>Kubismist m\u00f5jutatud tapeedidisain P\u00f5hjamaistes hallides ja sinistes toonides. Iga nelinurk on hoolikalt sobitatud j\u00e4rgmisega ning hall v\u00e4rv harmoneerub sinisega. Kordusmustriga tapeet, mis toob looduse v\u00e4rvid interj\u00f6\u00f6ri ning loob hubase tunde. Ilus tapeedivalik elutoa seinale, \u00fchele v\u00f5i mitmele. Sinistes ja hallides toonides tapeedid on Eesti sisustajate \u00fched lemmikud, mille juurde on h\u00f5lbus sobitada muud m\u00f6\u00f6blit. Tapeedikollektsioon [&hellip;]<\/p>\n","protected":false},"featured_media":32177,"comment_status":"open","ping_status":"closed","template":"","meta":{"_acf_changed":false,"inline_featured_image":false},"product_brand":[],"product_cat":[680,386,406,408,396,267,272,273,752,413,414,415,399,402,699],"product_tag":[681,695,832],"class_list":{"0":"post-32657","1":"product","2":"type-product","3":"status-publish","4":"has-post-thumbnail","6":"product_cat-ateljee-tapeedid","7":"product_cat-kordusmustriga-tapeedid","8":"product_cat-klassika","9":"product_cat-geomeetriline","10":"product_cat-skandinaavia","11":"product_cat-sinised-tapeedid","12":"product_cat-hallid-tapeedid","13":"product_cat-heledad-tapeedid","14":"product_cat-avalik-ruum","15":"product_cat-magamistoa-tapeedid","16":"product_cat-soogitoa-tapeedid","17":"product_cat-kulalistetoa-tapeedid","18":"product_cat-kodukontori-tapeedid","19":"product_cat-elutoa-tapeedid","20":"product_cat-eesti-disain-tapeedid","21":"product_tag-ateljee-tapeedikollektsioon-et","22":"product_tag-eesti-disain-tapeedid","23":"product_tag-kordusmustriga-tapeedid","24":"pa_designedby-triinu-silla","26":"first","27":"instock","28":"taxable","29":"shipping-taxable","30":"purchasable","31":"product-type-simple"},"acf":[],"yoast_head":"<!-- This site is optimized with the Yoast SEO plugin v25.9 - https:\/\/yoast.com\/wordpress\/plugins\/seo\/ -->\n<title>Sinistes toonides geomeetriline tapeet. Eesti disain tapeedid.<\/title>\n<meta name=\"description\" content=\"Ateljee tapeedikollektsioon Eesti disaintapeete. Esteetiliselt kaunid, tekstuursed mustrid. Tapeedid nii elu- kui \u00e4riruumidesse. Lihtsalt paigaldatavad.\" \/>\n<meta name=\"robots\" content=\"index, follow, max-snippet:-1, max-image-preview:large, max-video-preview:-1\" \/>\n<link rel=\"canonical\" href=\"https:\/\/baubauwall.com\/et\/toode\/tapeet-kubismilouend-sinine\/\" \/>\n<meta property=\"og:locale\" content=\"et_EE\" \/>\n<meta property=\"og:type\" content=\"article\" \/>\n<meta property=\"og:title\" content=\"Sinistes toonides geomeetriline tapeet. Eesti disain tapeedid.\" \/>\n<meta property=\"og:description\" content=\"Ateljee tapeedikollektsioon Eesti disaintapeete. Esteetiliselt kaunid, tekstuursed mustrid. Tapeedid nii elu- kui \u00e4riruumidesse. Lihtsalt paigaldatavad.\" \/>\n<meta property=\"og:url\" content=\"https:\/\/baubauwall.com\/et\/toode\/tapeet-kubismilouend-sinine\/\" \/>\n<meta property=\"og:site_name\" content=\"BAUBAUWALL Wallpapers\" \/>\n<meta property=\"article:publisher\" content=\"https:\/\/www.facebook.com\/Baubauwall\" \/>\n<meta property=\"article:modified_time\" content=\"2023-11-06T12:57:15+00:00\" \/>\n<meta property=\"og:image\" content=\"https:\/\/baubauwall.com\/wp-content\/uploads\/2023\/10\/51100384_CubismCanvas-Blue_Baubauwall_Wallpaper_room_preview.jpg\" \/>\n\t<meta property=\"og:image:width\" content=\"800\" \/>\n\t<meta property=\"og:image:height\" content=\"800\" \/>\n\t<meta property=\"og:image:type\" content=\"image\/jpeg\" \/>\n<meta name=\"twitter:card\" content=\"summary_large_image\" \/>\n<meta name=\"twitter:label1\" content=\"Est. reading time\" \/>\n\t<meta name=\"twitter:data1\" content=\"1 minut\" \/>\n<script type=\"application\/ld+json\" class=\"yoast-schema-graph\">{\"@context\":\"https:\/\/schema.org\",\"@graph\":[{\"@type\":\"WebPage\",\"@id\":\"https:\/\/baubauwall.com\/et\/toode\/tapeet-kubismilouend-sinine\/\",\"url\":\"https:\/\/baubauwall.com\/et\/toode\/tapeet-kubismilouend-sinine\/\",\"name\":\"Sinistes toonides geomeetriline tapeet. Eesti disain tapeedid.\",\"isPartOf\":{\"@id\":\"https:\/\/baubauwall.com\/et\/#website\"},\"primaryImageOfPage\":{\"@id\":\"https:\/\/baubauwall.com\/et\/toode\/tapeet-kubismilouend-sinine\/#primaryimage\"},\"image\":{\"@id\":\"https:\/\/baubauwall.com\/et\/toode\/tapeet-kubismilouend-sinine\/#primaryimage\"},\"thumbnailUrl\":\"https:\/\/baubauwall.com\/wp-content\/uploads\/2023\/10\/51100384_CubismCanvas-Blue_Baubauwall_Wallpaper_room_preview.jpg\",\"datePublished\":\"2023-10-20T11:17:54+00:00\",\"dateModified\":\"2023-11-06T12:57:15+00:00\",\"description\":\"Ateljee tapeedikollektsioon Eesti disaintapeete. Esteetiliselt kaunid, tekstuursed mustrid. Tapeedid nii elu- kui \u00e4riruumidesse. Lihtsalt paigaldatavad.\",\"breadcrumb\":{\"@id\":\"https:\/\/baubauwall.com\/et\/toode\/tapeet-kubismilouend-sinine\/#breadcrumb\"},\"inLanguage\":\"et\",\"potentialAction\":[{\"@type\":\"ReadAction\",\"target\":[\"https:\/\/baubauwall.com\/et\/toode\/tapeet-kubismilouend-sinine\/\"]}]},{\"@type\":\"ImageObject\",\"inLanguage\":\"et\",\"@id\":\"https:\/\/baubauwall.com\/et\/toode\/tapeet-kubismilouend-sinine\/#primaryimage\",\"url\":\"https:\/\/baubauwall.com\/wp-content\/uploads\/2023\/10\/51100384_CubismCanvas-Blue_Baubauwall_Wallpaper_room_preview.jpg\",\"contentUrl\":\"https:\/\/baubauwall.com\/wp-content\/uploads\/2023\/10\/51100384_CubismCanvas-Blue_Baubauwall_Wallpaper_room_preview.jpg\",\"width\":800,\"height\":800},{\"@type\":\"BreadcrumbList\",\"@id\":\"https:\/\/baubauwall.com\/et\/toode\/tapeet-kubismilouend-sinine\/#breadcrumb\",\"itemListElement\":[{\"@type\":\"ListItem\",\"position\":1,\"name\":\"Koju\",\"item\":\"https:\/\/baubauwall.com\/et\/\"},{\"@type\":\"ListItem\",\"position\":2,\"name\":\"Tapeedid\",\"item\":\"https:\/\/baubauwall.com\/et\/tapeedid\/\"},{\"@type\":\"ListItem\",\"position\":3,\"name\":\"Kubismil\u00f5uend &#8211; sinine\"}]},{\"@type\":\"WebSite\",\"@id\":\"https:\/\/baubauwall.com\/et\/#website\",\"url\":\"https:\/\/baubauwall.com\/et\/\",\"name\":\"BAUBAUWALL Wallpapers\",\"description\":\"Valmis paanides tapeet Eestist!\",\"publisher\":{\"@id\":\"https:\/\/baubauwall.com\/et\/#organization\"},\"potentialAction\":[{\"@type\":\"SearchAction\",\"target\":{\"@type\":\"EntryPoint\",\"urlTemplate\":\"https:\/\/baubauwall.com\/et\/?s={search_term_string}\"},\"query-input\":{\"@type\":\"PropertyValueSpecification\",\"valueRequired\":true,\"valueName\":\"search_term_string\"}}],\"inLanguage\":\"et\"},{\"@type\":\"Organization\",\"@id\":\"https:\/\/baubauwall.com\/et\/#organization\",\"name\":\"BAUBAUWALL Wallpapers\",\"url\":\"https:\/\/baubauwall.com\/et\/\",\"logo\":{\"@type\":\"ImageObject\",\"inLanguage\":\"et\",\"@id\":\"https:\/\/baubauwall.com\/et\/#\/schema\/logo\/image\/\",\"url\":\"https:\/\/baubauwall.com\/wp-content\/uploads\/2022\/03\/logo-horizontal.svg\",\"contentUrl\":\"https:\/\/baubauwall.com\/wp-content\/uploads\/2022\/03\/logo-horizontal.svg\",\"width\":\"1024\",\"height\":\"1024\",\"caption\":\"BAUBAUWALL Wallpapers\"},\"image\":{\"@id\":\"https:\/\/baubauwall.com\/et\/#\/schema\/logo\/image\/\"},\"sameAs\":[\"https:\/\/www.facebook.com\/Baubauwall\",\"https:\/\/www.instagram.com\/baubauwall\"]}]}<\/script>\n<!-- \/ Yoast SEO plugin. -->","yoast_head_json":{"title":"Sinistes toonides geomeetriline tapeet. Eesti disain tapeedid.","description":"Ateljee tapeedikollektsioon Eesti disaintapeete. Esteetiliselt kaunid, tekstuursed mustrid. Tapeedid nii elu- kui \u00e4riruumidesse. Lihtsalt paigaldatavad.","robots":{"index":"index","follow":"follow","max-snippet":"max-snippet:-1","max-image-preview":"max-image-preview:large","max-video-preview":"max-video-preview:-1"},"canonical":"https:\/\/baubauwall.com\/et\/toode\/tapeet-kubismilouend-sinine\/","og_locale":"et_EE","og_type":"article","og_title":"Sinistes toonides geomeetriline tapeet. Eesti disain tapeedid.","og_description":"Ateljee tapeedikollektsioon Eesti disaintapeete. Esteetiliselt kaunid, tekstuursed mustrid. Tapeedid nii elu- kui \u00e4riruumidesse. Lihtsalt paigaldatavad.","og_url":"https:\/\/baubauwall.com\/et\/toode\/tapeet-kubismilouend-sinine\/","og_site_name":"BAUBAUWALL Wallpapers","article_publisher":"https:\/\/www.facebook.com\/Baubauwall","article_modified_time":"2023-11-06T12:57:15+00:00","og_image":[{"width":800,"height":800,"url":"https:\/\/baubauwall.com\/wp-content\/uploads\/2023\/10\/51100384_CubismCanvas-Blue_Baubauwall_Wallpaper_room_preview.jpg","type":"image\/jpeg"}],"twitter_card":"summary_large_image","twitter_misc":{"Est. reading time":"1 minut"},"schema":{"@context":"https:\/\/schema.org","@graph":[{"@type":"WebPage","@id":"https:\/\/baubauwall.com\/et\/toode\/tapeet-kubismilouend-sinine\/","url":"https:\/\/baubauwall.com\/et\/toode\/tapeet-kubismilouend-sinine\/","name":"Sinistes toonides geomeetriline tapeet. Eesti disain tapeedid.","isPartOf":{"@id":"https:\/\/baubauwall.com\/et\/#website"},"primaryImageOfPage":{"@id":"https:\/\/baubauwall.com\/et\/toode\/tapeet-kubismilouend-sinine\/#primaryimage"},"image":{"@id":"https:\/\/baubauwall.com\/et\/toode\/tapeet-kubismilouend-sinine\/#primaryimage"},"thumbnailUrl":"https:\/\/baubauwall.com\/wp-content\/uploads\/2023\/10\/51100384_CubismCanvas-Blue_Baubauwall_Wallpaper_room_preview.jpg","datePublished":"2023-10-20T11:17:54+00:00","dateModified":"2023-11-06T12:57:15+00:00","description":"Ateljee tapeedikollektsioon Eesti disaintapeete. Esteetiliselt kaunid, tekstuursed mustrid. Tapeedid nii elu- kui \u00e4riruumidesse. Lihtsalt paigaldatavad.","breadcrumb":{"@id":"https:\/\/baubauwall.com\/et\/toode\/tapeet-kubismilouend-sinine\/#breadcrumb"},"inLanguage":"et","potentialAction":[{"@type":"ReadAction","target":["https:\/\/baubauwall.com\/et\/toode\/tapeet-kubismilouend-sinine\/"]}]},{"@type":"ImageObject","inLanguage":"et","@id":"https:\/\/baubauwall.com\/et\/toode\/tapeet-kubismilouend-sinine\/#primaryimage","url":"https:\/\/baubauwall.com\/wp-content\/uploads\/2023\/10\/51100384_CubismCanvas-Blue_Baubauwall_Wallpaper_room_preview.jpg","contentUrl":"https:\/\/baubauwall.com\/wp-content\/uploads\/2023\/10\/51100384_CubismCanvas-Blue_Baubauwall_Wallpaper_room_preview.jpg","width":800,"height":800},{"@type":"BreadcrumbList","@id":"https:\/\/baubauwall.com\/et\/toode\/tapeet-kubismilouend-sinine\/#breadcrumb","itemListElement":[{"@type":"ListItem","position":1,"name":"Koju","item":"https:\/\/baubauwall.com\/et\/"},{"@type":"ListItem","position":2,"name":"Tapeedid","item":"https:\/\/baubauwall.com\/et\/tapeedid\/"},{"@type":"ListItem","position":3,"name":"Kubismil\u00f5uend &#8211; sinine"}]},{"@type":"WebSite","@id":"https:\/\/baubauwall.com\/et\/#website","url":"https:\/\/baubauwall.com\/et\/","name":"BAUBAUWALL Wallpapers","description":"Valmis paanides tapeet Eestist!","publisher":{"@id":"https:\/\/baubauwall.com\/et\/#organization"},"potentialAction":[{"@type":"SearchAction","target":{"@type":"EntryPoint","urlTemplate":"https:\/\/baubauwall.com\/et\/?s={search_term_string}"},"query-input":{"@type":"PropertyValueSpecification","valueRequired":true,"valueName":"search_term_string"}}],"inLanguage":"et"},{"@type":"Organization","@id":"https:\/\/baubauwall.com\/et\/#organization","name":"BAUBAUWALL Wallpapers","url":"https:\/\/baubauwall.com\/et\/","logo":{"@type":"ImageObject","inLanguage":"et","@id":"https:\/\/baubauwall.com\/et\/#\/schema\/logo\/image\/","url":"https:\/\/baubauwall.com\/wp-content\/uploads\/2022\/03\/logo-horizontal.svg","contentUrl":"https:\/\/baubauwall.com\/wp-content\/uploads\/2022\/03\/logo-horizontal.svg","width":"1024","height":"1024","caption":"BAUBAUWALL Wallpapers"},"image":{"@id":"https:\/\/baubauwall.com\/et\/#\/schema\/logo\/image\/"},"sameAs":["https:\/\/www.facebook.com\/Baubauwall","https:\/\/www.instagram.com\/baubauwall"]}]}},"jetpack_sharing_enabled":true,"_links":{"self":[{"href":"https:\/\/baubauwall.com\/et\/wp-json\/wp\/v2\/product\/32657","targetHints":{"allow":["GET"]}}],"collection":[{"href":"https:\/\/baubauwall.com\/et\/wp-json\/wp\/v2\/product"}],"about":[{"href":"https:\/\/baubauwall.com\/et\/wp-json\/wp\/v2\/types\/product"}],"replies":[{"embeddable":true,"href":"https:\/\/baubauwall.com\/et\/wp-json\/wp\/v2\/comments?post=32657"}],"wp:featuredmedia":[{"embeddable":true,"href":"https:\/\/baubauwall.com\/et\/wp-json\/wp\/v2\/media\/32177"}],"wp:attachment":[{"href":"https:\/\/baubauwall.com\/et\/wp-json\/wp\/v2\/media?parent=32657"}],"wp:term":[{"taxonomy":"product_brand","embeddable":true,"href":"https:\/\/baubauwall.com\/et\/wp-json\/wp\/v2\/product_brand?post=32657"},{"taxonomy":"product_cat","embeddable":true,"href":"https:\/\/baubauwall.com\/et\/wp-json\/wp\/v2\/product_cat?post=32657"},{"taxonomy":"product_tag","embeddable":true,"href":"https:\/\/baubauwall.com\/et\/wp-json\/wp\/v2\/product_tag?post=32657"}],"curies":[{"name":"wp","href":"https:\/\/api.w.org\/{rel}","templated":true}]}}