{"id":32661,"date":"2023-10-23T12:40:58","date_gmt":"2023-10-23T10:40:58","guid":{"rendered":"https:\/\/baubauwall.com\/product\/ruuduline-geomeetria-beez-tapeet\/"},"modified":"2023-11-06T11:18:12","modified_gmt":"2023-11-06T09:18:12","slug":"ruuduline-geomeetria-beez-tapeet","status":"publish","type":"product","link":"https:\/\/baubauwall.com\/et\/toode\/ruuduline-geomeetria-beez-tapeet\/","title":{"rendered":"Ruuduline geomeetria &#8211; bee\u017e"},"content":{"rendered":"<p>Ruuduline tapeet bee\u017eides toonides, mis v\u00f5iks kaunistada kodu mitut seina kui ka avaliku ruumi. Tapeedi muster moodustab bee\u017ee ruute, kolmnurki ja nelinurki, tekitades huvitava geomeetrilise efekti. Kui eelistad geomeetrilisi mustreid ja vorme, siis see kordusmustriga tapeet v\u00f5iks kuuluda Sulle. See on geomeetrilise, P\u00f5hjamaise kargusega tapeet, mida on lihtne sobitada interj\u00f6\u00f6ri muu sisustusega. Olemata kuidagi koormav, ei &#8211; see tapeet on interj\u00f6\u00f6ri maitsekas taust.<\/p>\n<p><strong>Tapeedikollektsioon \u201cAteljee\u201d<\/strong> on inspireeritud P\u00f5hjamaa looduse tekstuuridest ja arhitektuursetest joontest. Need on efektsed pilttapeedid ja elegantsed kordusmustriga tapeedid, mis m\u00e4nglevalt p\u00f5imivad geomeetria ning detailid metsadest lilleaasadeni. \u201cAteljee\u201d tapeedid pakuvad avastushetki ja detailirohkust ning sobivad nii avaliku ruumi seintele kui ka kodustesse interj\u00f6\u00f6ridesse. Kollektsiooni autor on tapeedidisainer <strong>Triinu Silla,\u00a0<\/strong>kelle detailirohke k\u00e4ekiri maalis mustrid tapeedil\u00f5uenditele.<\/p>\n<p><strong>Miks osta tapeet siit? Tapeetimine pole kunagi nii lihtne olnud!<\/strong><\/p>\n<ul>\n<li>Eesti disain<\/li>\n<li>Nummerdatud tapeedipaanid<\/li>\n<li>Just nii pikad tapeedipaanid, kui on Sinu sein<\/li>\n<li>Premium, matt fliistapeedi materjal<\/li>\n<li>M\u00fcrgivabad tr\u00fckiv\u00e4rvid, Greenguard sertifitseeritud<\/li>\n<li>Keskkonnas\u00f5bralik, j\u00e4\u00e4tmevaba tapeetimine<\/li>\n<li>Tasuta tapeediliim<\/li>\n<li>Tasuta transport ja kiire tarne 5 t\u00f6\u00f6p\u00e4evaga<\/li>\n<\/ul>\n<p>Loe l\u00e4hemalt nutikatest, eritellimust\u00f6\u00f6na valmivatest tapeetidest\u00a0<a href=\"https:\/\/baubauwall.com\/et\/keskkonnasobralikud-tapeedid\/\">siit.<\/a><\/p>\n","protected":false},"excerpt":{"rendered":"<p>Ruuduline tapeet bee\u017eides toonides, mis v\u00f5iks kaunistada kodu mitut seina kui ka avaliku ruumi. Tapeedi muster moodustab bee\u017ee ruute, kolmnurki ja nelinurki, tekitades huvitava geomeetrilise efekti. Kui eelistad geomeetrilisi mustreid ja vorme, siis see kordusmustriga tapeet v\u00f5iks kuuluda Sulle. See on geomeetrilise, P\u00f5hjamaise kargusega tapeet, mida on lihtne sobitada interj\u00f6\u00f6ri muu sisustusega. Olemata kuidagi koormav, [&hellip;]<\/p>\n","protected":false},"featured_media":33265,"comment_status":"open","ping_status":"closed","template":"","meta":{"_acf_changed":false,"inline_featured_image":false},"product_brand":[],"product_cat":[680,386,820,408,396,265,272,273,276,752,413,414,415,399,402,699],"product_tag":[681,695,719],"class_list":{"0":"post-32661","1":"product","2":"type-product","3":"status-publish","4":"has-post-thumbnail","6":"product_cat-ateljee-tapeedid","7":"product_cat-kordusmustriga-tapeedid","8":"product_cat-triibulised-ruudulised","9":"product_cat-geomeetriline","10":"product_cat-skandinaavia","11":"product_cat-beezid-tapeedid","12":"product_cat-hallid-tapeedid","13":"product_cat-heledad-tapeedid","14":"product_cat-pastelsed-tapeedid","15":"product_cat-avalik-ruum","16":"product_cat-magamistoa-tapeedid","17":"product_cat-soogitoa-tapeedid","18":"product_cat-kulalistetoa-tapeedid","19":"product_cat-kodukontori-tapeedid","20":"product_cat-elutoa-tapeedid","21":"product_cat-eesti-disain-tapeedid","22":"product_tag-ateljee-tapeedikollektsioon-et","23":"product_tag-eesti-disain-tapeedid","24":"product_tag-vaikne-luksus","25":"pa_designedby-triinu-silla","27":"first","28":"instock","29":"taxable","30":"shipping-taxable","31":"purchasable","32":"product-type-simple"},"acf":[],"yoast_head":"<!-- This site is optimized with the Yoast SEO plugin v25.9 - https:\/\/yoast.com\/wordpress\/plugins\/seo\/ -->\n<title>Tapeet geomeetrilise ruudumustriga. Ruuduline, bee\u017e disaintapeet<\/title>\n<meta name=\"description\" content=\"Ateljee tapeedikollektsioon Eesti disaintapeete. Esteetiliselt kaunid, tekstuursed mustrid. Tapeedid nii elu- kui \u00e4riruumidesse. Lihtsalt paigaldatavad.\" \/>\n<meta name=\"robots\" content=\"index, follow, max-snippet:-1, max-image-preview:large, max-video-preview:-1\" \/>\n<link rel=\"canonical\" href=\"https:\/\/baubauwall.com\/et\/toode\/ruuduline-geomeetria-beez-tapeet\/\" \/>\n<meta property=\"og:locale\" content=\"et_EE\" \/>\n<meta property=\"og:type\" content=\"article\" \/>\n<meta property=\"og:title\" content=\"Tapeet geomeetrilise ruudumustriga. Ruuduline, bee\u017e disaintapeet\" \/>\n<meta property=\"og:description\" content=\"Ateljee tapeedikollektsioon Eesti disaintapeete. Esteetiliselt kaunid, tekstuursed mustrid. Tapeedid nii elu- kui \u00e4riruumidesse. Lihtsalt paigaldatavad.\" \/>\n<meta property=\"og:url\" content=\"https:\/\/baubauwall.com\/et\/toode\/ruuduline-geomeetria-beez-tapeet\/\" \/>\n<meta property=\"og:site_name\" content=\"BAUBAUWALL TAPEEDID\" \/>\n<meta property=\"article:publisher\" content=\"https:\/\/www.facebook.com\/Baubauwall\" \/>\n<meta property=\"article:modified_time\" content=\"2023-11-06T09:18:12+00:00\" \/>\n<meta name=\"twitter:card\" content=\"summary_large_image\" \/>\n<meta name=\"twitter:label1\" content=\"Est. reading time\" \/>\n\t<meta name=\"twitter:data1\" content=\"1 minut\" \/>\n<script type=\"application\/ld+json\" class=\"yoast-schema-graph\">{\"@context\":\"https:\/\/schema.org\",\"@graph\":[{\"@type\":\"WebPage\",\"@id\":\"https:\/\/baubauwall.com\/et\/toode\/ruuduline-geomeetria-beez-tapeet\/\",\"url\":\"https:\/\/baubauwall.com\/et\/toode\/ruuduline-geomeetria-beez-tapeet\/\",\"name\":\"Tapeet geomeetrilise ruudumustriga. Ruuduline, bee\u017e disaintapeet\",\"isPartOf\":{\"@id\":\"https:\/\/baubauwall.com\/et\/#website\"},\"primaryImageOfPage\":{\"@id\":\"https:\/\/baubauwall.com\/et\/toode\/ruuduline-geomeetria-beez-tapeet\/#primaryimage\"},\"image\":{\"@id\":\"https:\/\/baubauwall.com\/et\/toode\/ruuduline-geomeetria-beez-tapeet\/#primaryimage\"},\"thumbnailUrl\":\"https:\/\/baubauwall.com\/wp-content\/uploads\/2023\/10\/51100388_CheckeredGeometry-Beige_Baubauwall_Wallpaper_room1-1.jpg\",\"datePublished\":\"2023-10-23T10:40:58+00:00\",\"dateModified\":\"2023-11-06T09:18:12+00:00\",\"description\":\"Ateljee tapeedikollektsioon Eesti disaintapeete. Esteetiliselt kaunid, tekstuursed mustrid. Tapeedid nii elu- kui \u00e4riruumidesse. Lihtsalt paigaldatavad.\",\"breadcrumb\":{\"@id\":\"https:\/\/baubauwall.com\/et\/toode\/ruuduline-geomeetria-beez-tapeet\/#breadcrumb\"},\"inLanguage\":\"et\",\"potentialAction\":[{\"@type\":\"ReadAction\",\"target\":[\"https:\/\/baubauwall.com\/et\/toode\/ruuduline-geomeetria-beez-tapeet\/\"]}]},{\"@type\":\"ImageObject\",\"inLanguage\":\"et\",\"@id\":\"https:\/\/baubauwall.com\/et\/toode\/ruuduline-geomeetria-beez-tapeet\/#primaryimage\",\"url\":\"https:\/\/baubauwall.com\/wp-content\/uploads\/2023\/10\/51100388_CheckeredGeometry-Beige_Baubauwall_Wallpaper_room1-1.jpg\",\"contentUrl\":\"https:\/\/baubauwall.com\/wp-content\/uploads\/2023\/10\/51100388_CheckeredGeometry-Beige_Baubauwall_Wallpaper_room1-1.jpg\",\"width\":2305,\"height\":1600},{\"@type\":\"BreadcrumbList\",\"@id\":\"https:\/\/baubauwall.com\/et\/toode\/ruuduline-geomeetria-beez-tapeet\/#breadcrumb\",\"itemListElement\":[{\"@type\":\"ListItem\",\"position\":1,\"name\":\"Koju\",\"item\":\"https:\/\/baubauwall.com\/et\/\"},{\"@type\":\"ListItem\",\"position\":2,\"name\":\"Tapeedid\",\"item\":\"https:\/\/baubauwall.com\/et\/tapeedid\/\"},{\"@type\":\"ListItem\",\"position\":3,\"name\":\"Ruuduline geomeetria &#8211; bee\u017e\"}]},{\"@type\":\"WebSite\",\"@id\":\"https:\/\/baubauwall.com\/et\/#website\",\"url\":\"https:\/\/baubauwall.com\/et\/\",\"name\":\"BAUBAUWALL Wallpapers\",\"description\":\"Valmis paanides tapeet Eestist!\",\"publisher\":{\"@id\":\"https:\/\/baubauwall.com\/et\/#organization\"},\"potentialAction\":[{\"@type\":\"SearchAction\",\"target\":{\"@type\":\"EntryPoint\",\"urlTemplate\":\"https:\/\/baubauwall.com\/et\/?s={search_term_string}\"},\"query-input\":{\"@type\":\"PropertyValueSpecification\",\"valueRequired\":true,\"valueName\":\"search_term_string\"}}],\"inLanguage\":\"et\"},{\"@type\":\"Organization\",\"@id\":\"https:\/\/baubauwall.com\/et\/#organization\",\"name\":\"BAUBAUWALL Wallpapers\",\"url\":\"https:\/\/baubauwall.com\/et\/\",\"logo\":{\"@type\":\"ImageObject\",\"inLanguage\":\"et\",\"@id\":\"https:\/\/baubauwall.com\/et\/#\/schema\/logo\/image\/\",\"url\":\"https:\/\/baubauwall.com\/wp-content\/uploads\/2022\/03\/logo-horizontal.svg\",\"contentUrl\":\"https:\/\/baubauwall.com\/wp-content\/uploads\/2022\/03\/logo-horizontal.svg\",\"width\":\"1024\",\"height\":\"1024\",\"caption\":\"BAUBAUWALL Wallpapers\"},\"image\":{\"@id\":\"https:\/\/baubauwall.com\/et\/#\/schema\/logo\/image\/\"},\"sameAs\":[\"https:\/\/www.facebook.com\/Baubauwall\",\"https:\/\/www.instagram.com\/baubauwall\"]}]}<\/script>\n<!-- \/ Yoast SEO plugin. -->","yoast_head_json":{"title":"Tapeet geomeetrilise ruudumustriga. Ruuduline, bee\u017e disaintapeet","description":"Ateljee tapeedikollektsioon Eesti disaintapeete. Esteetiliselt kaunid, tekstuursed mustrid. Tapeedid nii elu- kui \u00e4riruumidesse. Lihtsalt paigaldatavad.","robots":{"index":"index","follow":"follow","max-snippet":"max-snippet:-1","max-image-preview":"max-image-preview:large","max-video-preview":"max-video-preview:-1"},"canonical":"https:\/\/baubauwall.com\/et\/toode\/ruuduline-geomeetria-beez-tapeet\/","og_locale":"et_EE","og_type":"article","og_title":"Tapeet geomeetrilise ruudumustriga. Ruuduline, bee\u017e disaintapeet","og_description":"Ateljee tapeedikollektsioon Eesti disaintapeete. Esteetiliselt kaunid, tekstuursed mustrid. Tapeedid nii elu- kui \u00e4riruumidesse. Lihtsalt paigaldatavad.","og_url":"https:\/\/baubauwall.com\/et\/toode\/ruuduline-geomeetria-beez-tapeet\/","og_site_name":"BAUBAUWALL TAPEEDID","article_publisher":"https:\/\/www.facebook.com\/Baubauwall","article_modified_time":"2023-11-06T09:18:12+00:00","twitter_card":"summary_large_image","twitter_misc":{"Est. reading time":"1 minut"},"schema":{"@context":"https:\/\/schema.org","@graph":[{"@type":"WebPage","@id":"https:\/\/baubauwall.com\/et\/toode\/ruuduline-geomeetria-beez-tapeet\/","url":"https:\/\/baubauwall.com\/et\/toode\/ruuduline-geomeetria-beez-tapeet\/","name":"Tapeet geomeetrilise ruudumustriga. Ruuduline, bee\u017e disaintapeet","isPartOf":{"@id":"https:\/\/baubauwall.com\/et\/#website"},"primaryImageOfPage":{"@id":"https:\/\/baubauwall.com\/et\/toode\/ruuduline-geomeetria-beez-tapeet\/#primaryimage"},"image":{"@id":"https:\/\/baubauwall.com\/et\/toode\/ruuduline-geomeetria-beez-tapeet\/#primaryimage"},"thumbnailUrl":"https:\/\/baubauwall.com\/wp-content\/uploads\/2023\/10\/51100388_CheckeredGeometry-Beige_Baubauwall_Wallpaper_room1-1.jpg","datePublished":"2023-10-23T10:40:58+00:00","dateModified":"2023-11-06T09:18:12+00:00","description":"Ateljee tapeedikollektsioon Eesti disaintapeete. Esteetiliselt kaunid, tekstuursed mustrid. Tapeedid nii elu- kui \u00e4riruumidesse. Lihtsalt paigaldatavad.","breadcrumb":{"@id":"https:\/\/baubauwall.com\/et\/toode\/ruuduline-geomeetria-beez-tapeet\/#breadcrumb"},"inLanguage":"et","potentialAction":[{"@type":"ReadAction","target":["https:\/\/baubauwall.com\/et\/toode\/ruuduline-geomeetria-beez-tapeet\/"]}]},{"@type":"ImageObject","inLanguage":"et","@id":"https:\/\/baubauwall.com\/et\/toode\/ruuduline-geomeetria-beez-tapeet\/#primaryimage","url":"https:\/\/baubauwall.com\/wp-content\/uploads\/2023\/10\/51100388_CheckeredGeometry-Beige_Baubauwall_Wallpaper_room1-1.jpg","contentUrl":"https:\/\/baubauwall.com\/wp-content\/uploads\/2023\/10\/51100388_CheckeredGeometry-Beige_Baubauwall_Wallpaper_room1-1.jpg","width":2305,"height":1600},{"@type":"BreadcrumbList","@id":"https:\/\/baubauwall.com\/et\/toode\/ruuduline-geomeetria-beez-tapeet\/#breadcrumb","itemListElement":[{"@type":"ListItem","position":1,"name":"Koju","item":"https:\/\/baubauwall.com\/et\/"},{"@type":"ListItem","position":2,"name":"Tapeedid","item":"https:\/\/baubauwall.com\/et\/tapeedid\/"},{"@type":"ListItem","position":3,"name":"Ruuduline geomeetria &#8211; bee\u017e"}]},{"@type":"WebSite","@id":"https:\/\/baubauwall.com\/et\/#website","url":"https:\/\/baubauwall.com\/et\/","name":"BAUBAUWALL Wallpapers","description":"Valmis paanides tapeet Eestist!","publisher":{"@id":"https:\/\/baubauwall.com\/et\/#organization"},"potentialAction":[{"@type":"SearchAction","target":{"@type":"EntryPoint","urlTemplate":"https:\/\/baubauwall.com\/et\/?s={search_term_string}"},"query-input":{"@type":"PropertyValueSpecification","valueRequired":true,"valueName":"search_term_string"}}],"inLanguage":"et"},{"@type":"Organization","@id":"https:\/\/baubauwall.com\/et\/#organization","name":"BAUBAUWALL Wallpapers","url":"https:\/\/baubauwall.com\/et\/","logo":{"@type":"ImageObject","inLanguage":"et","@id":"https:\/\/baubauwall.com\/et\/#\/schema\/logo\/image\/","url":"https:\/\/baubauwall.com\/wp-content\/uploads\/2022\/03\/logo-horizontal.svg","contentUrl":"https:\/\/baubauwall.com\/wp-content\/uploads\/2022\/03\/logo-horizontal.svg","width":"1024","height":"1024","caption":"BAUBAUWALL Wallpapers"},"image":{"@id":"https:\/\/baubauwall.com\/et\/#\/schema\/logo\/image\/"},"sameAs":["https:\/\/www.facebook.com\/Baubauwall","https:\/\/www.instagram.com\/baubauwall"]}]}},"jetpack_sharing_enabled":true,"_links":{"self":[{"href":"https:\/\/baubauwall.com\/et\/wp-json\/wp\/v2\/product\/32661","targetHints":{"allow":["GET"]}}],"collection":[{"href":"https:\/\/baubauwall.com\/et\/wp-json\/wp\/v2\/product"}],"about":[{"href":"https:\/\/baubauwall.com\/et\/wp-json\/wp\/v2\/types\/product"}],"replies":[{"embeddable":true,"href":"https:\/\/baubauwall.com\/et\/wp-json\/wp\/v2\/comments?post=32661"}],"wp:featuredmedia":[{"embeddable":true,"href":"https:\/\/baubauwall.com\/et\/wp-json\/wp\/v2\/media\/33265"}],"wp:attachment":[{"href":"https:\/\/baubauwall.com\/et\/wp-json\/wp\/v2\/media?parent=32661"}],"wp:term":[{"taxonomy":"product_brand","embeddable":true,"href":"https:\/\/baubauwall.com\/et\/wp-json\/wp\/v2\/product_brand?post=32661"},{"taxonomy":"product_cat","embeddable":true,"href":"https:\/\/baubauwall.com\/et\/wp-json\/wp\/v2\/product_cat?post=32661"},{"taxonomy":"product_tag","embeddable":true,"href":"https:\/\/baubauwall.com\/et\/wp-json\/wp\/v2\/product_tag?post=32661"}],"curies":[{"name":"wp","href":"https:\/\/api.w.org\/{rel}","templated":true}]}}