{"id":32666,"date":"2023-10-23T14:11:00","date_gmt":"2023-10-23T12:11:00","guid":{"rendered":"https:\/\/baubauwall.com\/product\/tapeet-peidetud-aknad-beez\/"},"modified":"2023-10-30T17:14:13","modified_gmt":"2023-10-30T15:14:13","slug":"tapeet-peidetud-aknad-beez","status":"publish","type":"product","link":"https:\/\/baubauwall.com\/et\/toode\/tapeet-peidetud-aknad-beez\/","title":{"rendered":"Peidetud aknad &#8211; bee\u017e"},"content":{"rendered":"<p>Bee\u017e tapeet, mille kihiline disain k\u00e4tkeb endas nii m\u00f5ndagi. Kas m\u00e4rkad esmalt diagonaalseid jooni v\u00f5i hoopis peidetud ruudukesi, mis m\u00f5juvad tapeedil kui \u00f5htused aknad majadel? Bee\u017eikas-hall tapeedidisain, mis m\u00e4ngib geomeetriliste vormidega. See on kordusmustriga tapeet, mis sobib \u00fchtviisi h\u00e4sti magamistoa aktsenseinale kui ka sumeda magamistoa seintele. Bee\u017e tapeet, lisaks geomeetrilised vormid &#8211; see on ajatu sisustuse lemmik kombinatsioon.<\/p>\n<p><strong>Tapeedikollektsioon \u201cAteljee\u201d<\/strong>\u00a0on inspireeritud P\u00f5hjamaa looduse tekstuuridest ja arhitektuursetest joontest. Need on efektsed pilttapeedid ja elegantsed kordusmustriga tapeedid, mis m\u00e4nglevalt p\u00f5imivad geomeetria ning detailid metsadest lilleaasadeni. \u201cAteljee\u201d tapeedid pakuvad avastushetki ja detailirohkust ning sobivad imeliselt nii avaliku ruumi seintele kui ka kodustesse interj\u00f6\u00f6ridesse. Kollektsiooni autor on tapeedidisainer\u00a0<strong>Triinu Silla,\u00a0<\/strong>kelle detailirohke k\u00e4ekiri maalis mustrid tapeedil\u00f5uenditele.<\/p>\n<p><strong>Miks osta tapeet siit? Tapeetimine pole kunagi nii lihtne olnud!<\/strong><\/p>\n<ul>\n<li>Eesti disain<\/li>\n<li><a href=\"https:\/\/baubauwall.com\/et\/kuidas-see-tootab\/\" target=\"_blank\" rel=\"noopener\">Nummerdatud tapeedipaanid<\/a><\/li>\n<li>Just nii pikad tapeedipaanid, kui on Sinu sein<\/li>\n<li>Premium, matt fliistapeedi materjal<\/li>\n<li>M\u00fcrgivabad tr\u00fckiv\u00e4rvid, Greenguard sertifitseeritud<\/li>\n<li>Keskkonnas\u00f5bralik, j\u00e4\u00e4tmevaba tapeetimine<\/li>\n<li>Tasuta tapeediliim<\/li>\n<li>Tasuta transport ja kiire tarne 5 t\u00f6\u00f6p\u00e4evaga<\/li>\n<\/ul>\n<p>Loe l\u00e4hemalt nutikatest, eritellimust\u00f6\u00f6na valmivatest tapeetidest\u00a0<a href=\"https:\/\/baubauwall.com\/et\/keskkonnasobralikud-tapeedid\/\">siit.<\/a><\/p>\n","protected":false},"excerpt":{"rendered":"<p>Bee\u017e tapeet, mille kihiline disain k\u00e4tkeb endas nii m\u00f5ndagi. Kas m\u00e4rkad esmalt diagonaalseid jooni v\u00f5i hoopis peidetud ruudukesi, mis m\u00f5juvad tapeedil kui \u00f5htused aknad majadel? Bee\u017eikas-hall tapeedidisain, mis m\u00e4ngib geomeetriliste vormidega. See on kordusmustriga tapeet, mis sobib \u00fchtviisi h\u00e4sti magamistoa aktsenseinale kui ka sumeda magamistoa seintele. Bee\u017e tapeet, lisaks geomeetrilised vormid &#8211; see on ajatu [&hellip;]<\/p>\n","protected":false},"featured_media":33464,"comment_status":"open","ping_status":"closed","template":"","meta":{"_acf_changed":false,"inline_featured_image":false},"product_brand":[],"product_cat":[680,386,404,408,392,396,265,273,276,752,413,414,415,399,402,699],"product_tag":[681,584,695,719],"class_list":{"0":"post-32666","1":"product","2":"type-product","3":"status-publish","4":"has-post-thumbnail","6":"product_cat-ateljee-tapeedid","7":"product_cat-kordusmustriga-tapeedid","8":"product_cat-abstraktne","9":"product_cat-geomeetriline","10":"product_cat-minimalistlik","11":"product_cat-skandinaavia","12":"product_cat-beezid-tapeedid","13":"product_cat-heledad-tapeedid","14":"product_cat-pastelsed-tapeedid","15":"product_cat-avalik-ruum","16":"product_cat-magamistoa-tapeedid","17":"product_cat-soogitoa-tapeedid","18":"product_cat-kulalistetoa-tapeedid","19":"product_cat-kodukontori-tapeedid","20":"product_cat-elutoa-tapeedid","21":"product_cat-eesti-disain-tapeedid","22":"product_tag-ateljee-tapeedikollektsioon-et","23":"product_tag-boho-et","24":"product_tag-eesti-disain-tapeedid","25":"product_tag-vaikne-luksus","26":"pa_designedby-triinu-silla","28":"first","29":"instock","30":"taxable","31":"shipping-taxable","32":"purchasable","33":"product-type-simple"},"acf":[],"yoast_head":"<!-- This site is optimized with the Yoast SEO plugin v25.9 - https:\/\/yoast.com\/wordpress\/plugins\/seo\/ -->\n<title>Disaintapeet Peidetud aknad. Ateljee kollektsiooni tapeet<\/title>\n<meta name=\"description\" content=\"Bee\u017e tapeet isikup\u00e4rase interj\u00f6\u00f6ri kujundamiseks. Geomeetrilise mustriga disaintapeet. Valmis paigalduseks fliistapeedid. Lihtne tapeetimine.\" \/>\n<meta name=\"robots\" content=\"index, follow, max-snippet:-1, max-image-preview:large, max-video-preview:-1\" \/>\n<link rel=\"canonical\" href=\"https:\/\/baubauwall.com\/et\/toode\/tapeet-peidetud-aknad-beez\/\" \/>\n<meta property=\"og:locale\" content=\"et_EE\" \/>\n<meta property=\"og:type\" content=\"article\" \/>\n<meta property=\"og:title\" content=\"Disaintapeet Peidetud aknad. Ateljee kollektsiooni tapeet\" \/>\n<meta property=\"og:description\" content=\"Bee\u017e tapeet isikup\u00e4rase interj\u00f6\u00f6ri kujundamiseks. Geomeetrilise mustriga disaintapeet. Valmis paigalduseks fliistapeedid. Lihtne tapeetimine.\" \/>\n<meta property=\"og:url\" content=\"https:\/\/baubauwall.com\/et\/toode\/tapeet-peidetud-aknad-beez\/\" \/>\n<meta property=\"og:site_name\" content=\"BAUBAUWALL TAPEEDID\" \/>\n<meta property=\"article:publisher\" content=\"https:\/\/www.facebook.com\/Baubauwall\" \/>\n<meta property=\"article:modified_time\" content=\"2023-10-30T15:14:13+00:00\" \/>\n<meta property=\"og:image\" content=\"https:\/\/baubauwall.com\/wp-content\/uploads\/2023\/10\/51100393_CachedWindows-Beige_Baubauwall_Wallpaper_room_preview.jpg\" \/>\n\t<meta property=\"og:image:width\" content=\"800\" \/>\n\t<meta property=\"og:image:height\" content=\"800\" \/>\n\t<meta property=\"og:image:type\" content=\"image\/jpeg\" \/>\n<meta name=\"twitter:card\" content=\"summary_large_image\" \/>\n<meta name=\"twitter:label1\" content=\"Est. reading time\" \/>\n\t<meta name=\"twitter:data1\" content=\"1 minut\" \/>\n<script type=\"application\/ld+json\" class=\"yoast-schema-graph\">{\"@context\":\"https:\/\/schema.org\",\"@graph\":[{\"@type\":\"WebPage\",\"@id\":\"https:\/\/baubauwall.com\/et\/toode\/tapeet-peidetud-aknad-beez\/\",\"url\":\"https:\/\/baubauwall.com\/et\/toode\/tapeet-peidetud-aknad-beez\/\",\"name\":\"Disaintapeet Peidetud aknad. Ateljee kollektsiooni tapeet\",\"isPartOf\":{\"@id\":\"https:\/\/baubauwall.com\/et\/#website\"},\"primaryImageOfPage\":{\"@id\":\"https:\/\/baubauwall.com\/et\/toode\/tapeet-peidetud-aknad-beez\/#primaryimage\"},\"image\":{\"@id\":\"https:\/\/baubauwall.com\/et\/toode\/tapeet-peidetud-aknad-beez\/#primaryimage\"},\"thumbnailUrl\":\"https:\/\/baubauwall.com\/wp-content\/uploads\/2023\/10\/51100393_CachedWindows-Beige_Baubauwall_Wallpaper_room3.jpg\",\"datePublished\":\"2023-10-23T12:11:00+00:00\",\"dateModified\":\"2023-10-30T15:14:13+00:00\",\"description\":\"Bee\u017e tapeet isikup\u00e4rase interj\u00f6\u00f6ri kujundamiseks. Geomeetrilise mustriga disaintapeet. Valmis paigalduseks fliistapeedid. Lihtne tapeetimine.\",\"breadcrumb\":{\"@id\":\"https:\/\/baubauwall.com\/et\/toode\/tapeet-peidetud-aknad-beez\/#breadcrumb\"},\"inLanguage\":\"et\",\"potentialAction\":[{\"@type\":\"ReadAction\",\"target\":[\"https:\/\/baubauwall.com\/et\/toode\/tapeet-peidetud-aknad-beez\/\"]}]},{\"@type\":\"ImageObject\",\"inLanguage\":\"et\",\"@id\":\"https:\/\/baubauwall.com\/et\/toode\/tapeet-peidetud-aknad-beez\/#primaryimage\",\"url\":\"https:\/\/baubauwall.com\/wp-content\/uploads\/2023\/10\/51100393_CachedWindows-Beige_Baubauwall_Wallpaper_room3.jpg\",\"contentUrl\":\"https:\/\/baubauwall.com\/wp-content\/uploads\/2023\/10\/51100393_CachedWindows-Beige_Baubauwall_Wallpaper_room3.jpg\",\"width\":2400,\"height\":1600},{\"@type\":\"BreadcrumbList\",\"@id\":\"https:\/\/baubauwall.com\/et\/toode\/tapeet-peidetud-aknad-beez\/#breadcrumb\",\"itemListElement\":[{\"@type\":\"ListItem\",\"position\":1,\"name\":\"Koju\",\"item\":\"https:\/\/baubauwall.com\/et\/\"},{\"@type\":\"ListItem\",\"position\":2,\"name\":\"Tapeedid\",\"item\":\"https:\/\/baubauwall.com\/et\/tapeedid\/\"},{\"@type\":\"ListItem\",\"position\":3,\"name\":\"Peidetud aknad &#8211; bee\u017e\"}]},{\"@type\":\"WebSite\",\"@id\":\"https:\/\/baubauwall.com\/et\/#website\",\"url\":\"https:\/\/baubauwall.com\/et\/\",\"name\":\"BAUBAUWALL Wallpapers\",\"description\":\"Valmis paanides tapeet Eestist!\",\"publisher\":{\"@id\":\"https:\/\/baubauwall.com\/et\/#organization\"},\"potentialAction\":[{\"@type\":\"SearchAction\",\"target\":{\"@type\":\"EntryPoint\",\"urlTemplate\":\"https:\/\/baubauwall.com\/et\/?s={search_term_string}\"},\"query-input\":{\"@type\":\"PropertyValueSpecification\",\"valueRequired\":true,\"valueName\":\"search_term_string\"}}],\"inLanguage\":\"et\"},{\"@type\":\"Organization\",\"@id\":\"https:\/\/baubauwall.com\/et\/#organization\",\"name\":\"BAUBAUWALL Wallpapers\",\"url\":\"https:\/\/baubauwall.com\/et\/\",\"logo\":{\"@type\":\"ImageObject\",\"inLanguage\":\"et\",\"@id\":\"https:\/\/baubauwall.com\/et\/#\/schema\/logo\/image\/\",\"url\":\"https:\/\/baubauwall.com\/wp-content\/uploads\/2022\/03\/logo-horizontal.svg\",\"contentUrl\":\"https:\/\/baubauwall.com\/wp-content\/uploads\/2022\/03\/logo-horizontal.svg\",\"width\":\"1024\",\"height\":\"1024\",\"caption\":\"BAUBAUWALL Wallpapers\"},\"image\":{\"@id\":\"https:\/\/baubauwall.com\/et\/#\/schema\/logo\/image\/\"},\"sameAs\":[\"https:\/\/www.facebook.com\/Baubauwall\",\"https:\/\/www.instagram.com\/baubauwall\"]}]}<\/script>\n<!-- \/ Yoast SEO plugin. -->","yoast_head_json":{"title":"Disaintapeet Peidetud aknad. Ateljee kollektsiooni tapeet","description":"Bee\u017e tapeet isikup\u00e4rase interj\u00f6\u00f6ri kujundamiseks. Geomeetrilise mustriga disaintapeet. Valmis paigalduseks fliistapeedid. Lihtne tapeetimine.","robots":{"index":"index","follow":"follow","max-snippet":"max-snippet:-1","max-image-preview":"max-image-preview:large","max-video-preview":"max-video-preview:-1"},"canonical":"https:\/\/baubauwall.com\/et\/toode\/tapeet-peidetud-aknad-beez\/","og_locale":"et_EE","og_type":"article","og_title":"Disaintapeet Peidetud aknad. Ateljee kollektsiooni tapeet","og_description":"Bee\u017e tapeet isikup\u00e4rase interj\u00f6\u00f6ri kujundamiseks. Geomeetrilise mustriga disaintapeet. Valmis paigalduseks fliistapeedid. Lihtne tapeetimine.","og_url":"https:\/\/baubauwall.com\/et\/toode\/tapeet-peidetud-aknad-beez\/","og_site_name":"BAUBAUWALL TAPEEDID","article_publisher":"https:\/\/www.facebook.com\/Baubauwall","article_modified_time":"2023-10-30T15:14:13+00:00","og_image":[{"width":800,"height":800,"url":"https:\/\/baubauwall.com\/wp-content\/uploads\/2023\/10\/51100393_CachedWindows-Beige_Baubauwall_Wallpaper_room_preview.jpg","type":"image\/jpeg"}],"twitter_card":"summary_large_image","twitter_misc":{"Est. reading time":"1 minut"},"schema":{"@context":"https:\/\/schema.org","@graph":[{"@type":"WebPage","@id":"https:\/\/baubauwall.com\/et\/toode\/tapeet-peidetud-aknad-beez\/","url":"https:\/\/baubauwall.com\/et\/toode\/tapeet-peidetud-aknad-beez\/","name":"Disaintapeet Peidetud aknad. Ateljee kollektsiooni tapeet","isPartOf":{"@id":"https:\/\/baubauwall.com\/et\/#website"},"primaryImageOfPage":{"@id":"https:\/\/baubauwall.com\/et\/toode\/tapeet-peidetud-aknad-beez\/#primaryimage"},"image":{"@id":"https:\/\/baubauwall.com\/et\/toode\/tapeet-peidetud-aknad-beez\/#primaryimage"},"thumbnailUrl":"https:\/\/baubauwall.com\/wp-content\/uploads\/2023\/10\/51100393_CachedWindows-Beige_Baubauwall_Wallpaper_room3.jpg","datePublished":"2023-10-23T12:11:00+00:00","dateModified":"2023-10-30T15:14:13+00:00","description":"Bee\u017e tapeet isikup\u00e4rase interj\u00f6\u00f6ri kujundamiseks. Geomeetrilise mustriga disaintapeet. Valmis paigalduseks fliistapeedid. Lihtne tapeetimine.","breadcrumb":{"@id":"https:\/\/baubauwall.com\/et\/toode\/tapeet-peidetud-aknad-beez\/#breadcrumb"},"inLanguage":"et","potentialAction":[{"@type":"ReadAction","target":["https:\/\/baubauwall.com\/et\/toode\/tapeet-peidetud-aknad-beez\/"]}]},{"@type":"ImageObject","inLanguage":"et","@id":"https:\/\/baubauwall.com\/et\/toode\/tapeet-peidetud-aknad-beez\/#primaryimage","url":"https:\/\/baubauwall.com\/wp-content\/uploads\/2023\/10\/51100393_CachedWindows-Beige_Baubauwall_Wallpaper_room3.jpg","contentUrl":"https:\/\/baubauwall.com\/wp-content\/uploads\/2023\/10\/51100393_CachedWindows-Beige_Baubauwall_Wallpaper_room3.jpg","width":2400,"height":1600},{"@type":"BreadcrumbList","@id":"https:\/\/baubauwall.com\/et\/toode\/tapeet-peidetud-aknad-beez\/#breadcrumb","itemListElement":[{"@type":"ListItem","position":1,"name":"Koju","item":"https:\/\/baubauwall.com\/et\/"},{"@type":"ListItem","position":2,"name":"Tapeedid","item":"https:\/\/baubauwall.com\/et\/tapeedid\/"},{"@type":"ListItem","position":3,"name":"Peidetud aknad &#8211; bee\u017e"}]},{"@type":"WebSite","@id":"https:\/\/baubauwall.com\/et\/#website","url":"https:\/\/baubauwall.com\/et\/","name":"BAUBAUWALL Wallpapers","description":"Valmis paanides tapeet Eestist!","publisher":{"@id":"https:\/\/baubauwall.com\/et\/#organization"},"potentialAction":[{"@type":"SearchAction","target":{"@type":"EntryPoint","urlTemplate":"https:\/\/baubauwall.com\/et\/?s={search_term_string}"},"query-input":{"@type":"PropertyValueSpecification","valueRequired":true,"valueName":"search_term_string"}}],"inLanguage":"et"},{"@type":"Organization","@id":"https:\/\/baubauwall.com\/et\/#organization","name":"BAUBAUWALL Wallpapers","url":"https:\/\/baubauwall.com\/et\/","logo":{"@type":"ImageObject","inLanguage":"et","@id":"https:\/\/baubauwall.com\/et\/#\/schema\/logo\/image\/","url":"https:\/\/baubauwall.com\/wp-content\/uploads\/2022\/03\/logo-horizontal.svg","contentUrl":"https:\/\/baubauwall.com\/wp-content\/uploads\/2022\/03\/logo-horizontal.svg","width":"1024","height":"1024","caption":"BAUBAUWALL Wallpapers"},"image":{"@id":"https:\/\/baubauwall.com\/et\/#\/schema\/logo\/image\/"},"sameAs":["https:\/\/www.facebook.com\/Baubauwall","https:\/\/www.instagram.com\/baubauwall"]}]}},"jetpack_sharing_enabled":true,"_links":{"self":[{"href":"https:\/\/baubauwall.com\/et\/wp-json\/wp\/v2\/product\/32666","targetHints":{"allow":["GET"]}}],"collection":[{"href":"https:\/\/baubauwall.com\/et\/wp-json\/wp\/v2\/product"}],"about":[{"href":"https:\/\/baubauwall.com\/et\/wp-json\/wp\/v2\/types\/product"}],"replies":[{"embeddable":true,"href":"https:\/\/baubauwall.com\/et\/wp-json\/wp\/v2\/comments?post=32666"}],"wp:featuredmedia":[{"embeddable":true,"href":"https:\/\/baubauwall.com\/et\/wp-json\/wp\/v2\/media\/33464"}],"wp:attachment":[{"href":"https:\/\/baubauwall.com\/et\/wp-json\/wp\/v2\/media?parent=32666"}],"wp:term":[{"taxonomy":"product_brand","embeddable":true,"href":"https:\/\/baubauwall.com\/et\/wp-json\/wp\/v2\/product_brand?post=32666"},{"taxonomy":"product_cat","embeddable":true,"href":"https:\/\/baubauwall.com\/et\/wp-json\/wp\/v2\/product_cat?post=32666"},{"taxonomy":"product_tag","embeddable":true,"href":"https:\/\/baubauwall.com\/et\/wp-json\/wp\/v2\/product_tag?post=32666"}],"curies":[{"name":"wp","href":"https:\/\/api.w.org\/{rel}","templated":true}]}}