{"id":32675,"date":"2023-10-24T08:46:13","date_gmt":"2023-10-24T06:46:13","guid":{"rendered":"https:\/\/baubauwall.com\/product\/mural-wallpaper-charcoal-stripes-ivory\/"},"modified":"2023-10-27T13:09:16","modified_gmt":"2023-10-27T11:09:16","slug":"tapeet-susitriibud-elevandiluu","status":"publish","type":"product","link":"https:\/\/baubauwall.com\/et\/toode\/tapeet-susitriibud-elevandiluu\/","title":{"rendered":"S\u00fcsitriibud &#8211; elevandiluu"},"content":{"rendered":"<p>Triibuline, hele pilttapeet, millel kohtuvad P\u00f5hjamaade minimalistlik disain ja arhitektuurist tuttavad ranged jooned. Geomeetrilise mustriga tapeet on kindel valik, mis p\u00fcsib intej\u00f6\u00f6ris ajatuna aastaid. Samuti on heledat, elevandiluu tooni tapeeti lihtne sobitada muu sisustusega. S\u00fcsitriibud on pilttapeet, mis sobib h\u00e4sti aktsentseinale v\u00f5i interj\u00f6\u00f6ri mitmele seinale loomaks geomeetrilist efekti.<\/p>\n<p><a href=\"https:\/\/baubauwall.com\/et\/tootekategooria\/tapeedi-kollektsioonid\/ateljee-tapeedid\/\" target=\"_blank\" rel=\"noopener\"><strong>Tapeedikollektsioon \u201cAteljee\u201d<\/strong><\/a>\u00a0on inspireeritud P\u00f5hjamaa looduse tekstuuridest ja arhitektuursetest joontest. Need on efektsed pilttapeedid ja elegantsed kordusmustriga tapeedid, mis m\u00e4nglevalt p\u00f5imivad geomeetria ning detailid metsadest lilleaasadeni. \u201cAteljee\u201d tapeedid pakuvad avastushetki ja detailirohkust ning sobivad imeliselt nii avaliku ruumi seintele kui ka kodustesse interj\u00f6\u00f6ridesse. Kollektsiooni autor on tapeedidisainer\u00a0<strong>Triinu Silla,\u00a0<\/strong>kelle detailirohke k\u00e4ekiri maalis mustrid tapeedil\u00f5uenditele.<\/p>\n<p><strong>Miks osta tapeet siit? Tapeetimine pole kunagi nii lihtne olnud!<\/strong><\/p>\n<ul>\n<li>Eesti disain<\/li>\n<li>Nummerdatud tapeedipaanid<\/li>\n<li>Just nii pikad tapeedipaanid, kui on Sinu sein<\/li>\n<li>Premium, matt fliistapeedi materjal<\/li>\n<li>M\u00fcrgivabad tr\u00fckiv\u00e4rvid, Greenguard sertifitseeritud<\/li>\n<li>Keskkonnas\u00f5bralik, j\u00e4\u00e4tmevaba tapeetimine<\/li>\n<li>Tasuta tapeediliim<\/li>\n<li>Tasuta transport ja kiire tarne 5 t\u00f6\u00f6p\u00e4evaga<\/li>\n<\/ul>\n<p>Loe l\u00e4hemalt nutikatest, eritellimust\u00f6\u00f6na valmivatest tapeetidest\u00a0<a href=\"https:\/\/baubauwall.com\/et\/keskkonnasobralikud-tapeedid\/\">siit.<\/a><\/p>\n","protected":false},"excerpt":{"rendered":"<p>Triibuline, hele pilttapeet, millel kohtuvad P\u00f5hjamaade minimalistlik disain ja arhitektuurist tuttavad ranged jooned. Geomeetrilise mustriga tapeet on kindel valik, mis p\u00fcsib intej\u00f6\u00f6ris ajatuna aastaid. Samuti on heledat, elevandiluu tooni tapeeti lihtne sobitada muu sisustusega. S\u00fcsitriibud on pilttapeet, mis sobib h\u00e4sti aktsentseinale v\u00f5i interj\u00f6\u00f6ri mitmele seinale loomaks geomeetrilist efekti. Tapeedikollektsioon \u201cAteljee\u201d\u00a0on inspireeritud P\u00f5hjamaa looduse tekstuuridest ja [&hellip;]<\/p>\n","protected":false},"featured_media":32838,"comment_status":"open","ping_status":"closed","template":"","meta":{"_acf_changed":false,"inline_featured_image":false},"product_brand":[],"product_cat":[680,387,820,404,408,396,267,273,752,413,414,415,416,399,402,699],"product_tag":[681,695,345,719],"class_list":{"0":"post-32675","1":"product","2":"type-product","3":"status-publish","4":"has-post-thumbnail","6":"product_cat-ateljee-tapeedid","7":"product_cat-pilttapeedid","8":"product_cat-triibulised-ruudulised","9":"product_cat-abstraktne","10":"product_cat-geomeetriline","11":"product_cat-skandinaavia","12":"product_cat-sinised-tapeedid","13":"product_cat-heledad-tapeedid","14":"product_cat-avalik-ruum","15":"product_cat-magamistoa-tapeedid","16":"product_cat-soogitoa-tapeedid","17":"product_cat-kulalistetoa-tapeedid","18":"product_cat-esiku-tapeedid","19":"product_cat-kodukontori-tapeedid","20":"product_cat-elutoa-tapeedid","21":"product_cat-eesti-disain-tapeedid","22":"product_tag-ateljee-tapeedikollektsioon-et","23":"product_tag-eesti-disain-tapeedid","24":"product_tag-pilttapeet","25":"product_tag-vaikne-luksus","26":"pa_designedby-triinu-silla","28":"first","29":"instock","30":"taxable","31":"shipping-taxable","32":"purchasable","33":"product-type-simple"},"acf":[],"yoast_head":"<!-- This site is optimized with the Yoast SEO plugin v25.9 - https:\/\/yoast.com\/wordpress\/plugins\/seo\/ -->\n<title>Hele, pilttapeet mahedates toonides. Bee\u017eikas triibuline disain<\/title>\n<meta name=\"description\" content=\"Efektne pilttapeet bee\u017eides toonides. Triibuline, hele pilttapeet moodsas v\u00f5tmes. Disaintapeet aktsentseinale v\u00f5i mitmele. Valmis paigalduseks tapeedid.\" \/>\n<meta name=\"robots\" content=\"index, follow, max-snippet:-1, max-image-preview:large, max-video-preview:-1\" \/>\n<link rel=\"canonical\" href=\"https:\/\/baubauwall.com\/et\/toode\/tapeet-susitriibud-elevandiluu\/\" \/>\n<meta property=\"og:locale\" content=\"et_EE\" \/>\n<meta property=\"og:type\" content=\"article\" \/>\n<meta property=\"og:title\" content=\"Hele, pilttapeet mahedates toonides. Bee\u017eikas triibuline disain\" \/>\n<meta property=\"og:description\" content=\"Efektne pilttapeet bee\u017eides toonides. Triibuline, hele pilttapeet moodsas v\u00f5tmes. Disaintapeet aktsentseinale v\u00f5i mitmele. Valmis paigalduseks tapeedid.\" \/>\n<meta property=\"og:url\" content=\"https:\/\/baubauwall.com\/et\/toode\/tapeet-susitriibud-elevandiluu\/\" \/>\n<meta property=\"og:site_name\" content=\"BAUBAUWALL Wallpapers\" \/>\n<meta property=\"article:publisher\" content=\"https:\/\/www.facebook.com\/Baubauwall\" \/>\n<meta property=\"article:modified_time\" content=\"2023-10-27T11:09:16+00:00\" \/>\n<meta property=\"og:image\" content=\"https:\/\/baubauwall.com\/wp-content\/uploads\/2023\/10\/51200333_CharcoalStripes_Ivory_Baubauwall_Wall_Mural_room.jpg\" \/>\n\t<meta property=\"og:image:width\" content=\"590\" \/>\n\t<meta property=\"og:image:height\" content=\"800\" \/>\n\t<meta property=\"og:image:type\" content=\"image\/jpeg\" \/>\n<meta name=\"twitter:card\" content=\"summary_large_image\" \/>\n<meta name=\"twitter:label1\" content=\"Est. reading time\" \/>\n\t<meta name=\"twitter:data1\" content=\"1 minut\" \/>\n<script type=\"application\/ld+json\" class=\"yoast-schema-graph\">{\"@context\":\"https:\/\/schema.org\",\"@graph\":[{\"@type\":\"WebPage\",\"@id\":\"https:\/\/baubauwall.com\/et\/toode\/tapeet-susitriibud-elevandiluu\/\",\"url\":\"https:\/\/baubauwall.com\/et\/toode\/tapeet-susitriibud-elevandiluu\/\",\"name\":\"Hele, pilttapeet mahedates toonides. Bee\u017eikas triibuline disain\",\"isPartOf\":{\"@id\":\"https:\/\/baubauwall.com\/et\/#website\"},\"primaryImageOfPage\":{\"@id\":\"https:\/\/baubauwall.com\/et\/toode\/tapeet-susitriibud-elevandiluu\/#primaryimage\"},\"image\":{\"@id\":\"https:\/\/baubauwall.com\/et\/toode\/tapeet-susitriibud-elevandiluu\/#primaryimage\"},\"thumbnailUrl\":\"https:\/\/baubauwall.com\/wp-content\/uploads\/2023\/10\/51200333_CharcoalStripes-Ivory_Baubauwall_Wall_Mural_room3.jpg\",\"datePublished\":\"2023-10-24T06:46:13+00:00\",\"dateModified\":\"2023-10-27T11:09:16+00:00\",\"description\":\"Efektne pilttapeet bee\u017eides toonides. Triibuline, hele pilttapeet moodsas v\u00f5tmes. Disaintapeet aktsentseinale v\u00f5i mitmele. Valmis paigalduseks tapeedid.\",\"breadcrumb\":{\"@id\":\"https:\/\/baubauwall.com\/et\/toode\/tapeet-susitriibud-elevandiluu\/#breadcrumb\"},\"inLanguage\":\"et\",\"potentialAction\":[{\"@type\":\"ReadAction\",\"target\":[\"https:\/\/baubauwall.com\/et\/toode\/tapeet-susitriibud-elevandiluu\/\"]}]},{\"@type\":\"ImageObject\",\"inLanguage\":\"et\",\"@id\":\"https:\/\/baubauwall.com\/et\/toode\/tapeet-susitriibud-elevandiluu\/#primaryimage\",\"url\":\"https:\/\/baubauwall.com\/wp-content\/uploads\/2023\/10\/51200333_CharcoalStripes-Ivory_Baubauwall_Wall_Mural_room3.jpg\",\"contentUrl\":\"https:\/\/baubauwall.com\/wp-content\/uploads\/2023\/10\/51200333_CharcoalStripes-Ivory_Baubauwall_Wall_Mural_room3.jpg\",\"width\":2400,\"height\":1600},{\"@type\":\"BreadcrumbList\",\"@id\":\"https:\/\/baubauwall.com\/et\/toode\/tapeet-susitriibud-elevandiluu\/#breadcrumb\",\"itemListElement\":[{\"@type\":\"ListItem\",\"position\":1,\"name\":\"Koju\",\"item\":\"https:\/\/baubauwall.com\/et\/\"},{\"@type\":\"ListItem\",\"position\":2,\"name\":\"Tapeedid\",\"item\":\"https:\/\/baubauwall.com\/et\/tapeedid\/\"},{\"@type\":\"ListItem\",\"position\":3,\"name\":\"S\u00fcsitriibud &#8211; elevandiluu\"}]},{\"@type\":\"WebSite\",\"@id\":\"https:\/\/baubauwall.com\/et\/#website\",\"url\":\"https:\/\/baubauwall.com\/et\/\",\"name\":\"BAUBAUWALL Wallpapers\",\"description\":\"Valmis paanides tapeet Eestist!\",\"publisher\":{\"@id\":\"https:\/\/baubauwall.com\/et\/#organization\"},\"potentialAction\":[{\"@type\":\"SearchAction\",\"target\":{\"@type\":\"EntryPoint\",\"urlTemplate\":\"https:\/\/baubauwall.com\/et\/?s={search_term_string}\"},\"query-input\":{\"@type\":\"PropertyValueSpecification\",\"valueRequired\":true,\"valueName\":\"search_term_string\"}}],\"inLanguage\":\"et\"},{\"@type\":\"Organization\",\"@id\":\"https:\/\/baubauwall.com\/et\/#organization\",\"name\":\"BAUBAUWALL Wallpapers\",\"url\":\"https:\/\/baubauwall.com\/et\/\",\"logo\":{\"@type\":\"ImageObject\",\"inLanguage\":\"et\",\"@id\":\"https:\/\/baubauwall.com\/et\/#\/schema\/logo\/image\/\",\"url\":\"https:\/\/baubauwall.com\/wp-content\/uploads\/2022\/03\/logo-horizontal.svg\",\"contentUrl\":\"https:\/\/baubauwall.com\/wp-content\/uploads\/2022\/03\/logo-horizontal.svg\",\"width\":\"1024\",\"height\":\"1024\",\"caption\":\"BAUBAUWALL Wallpapers\"},\"image\":{\"@id\":\"https:\/\/baubauwall.com\/et\/#\/schema\/logo\/image\/\"},\"sameAs\":[\"https:\/\/www.facebook.com\/Baubauwall\",\"https:\/\/www.instagram.com\/baubauwall\"]}]}<\/script>\n<!-- \/ Yoast SEO plugin. -->","yoast_head_json":{"title":"Hele, pilttapeet mahedates toonides. Bee\u017eikas triibuline disain","description":"Efektne pilttapeet bee\u017eides toonides. Triibuline, hele pilttapeet moodsas v\u00f5tmes. Disaintapeet aktsentseinale v\u00f5i mitmele. Valmis paigalduseks tapeedid.","robots":{"index":"index","follow":"follow","max-snippet":"max-snippet:-1","max-image-preview":"max-image-preview:large","max-video-preview":"max-video-preview:-1"},"canonical":"https:\/\/baubauwall.com\/et\/toode\/tapeet-susitriibud-elevandiluu\/","og_locale":"et_EE","og_type":"article","og_title":"Hele, pilttapeet mahedates toonides. Bee\u017eikas triibuline disain","og_description":"Efektne pilttapeet bee\u017eides toonides. Triibuline, hele pilttapeet moodsas v\u00f5tmes. Disaintapeet aktsentseinale v\u00f5i mitmele. Valmis paigalduseks tapeedid.","og_url":"https:\/\/baubauwall.com\/et\/toode\/tapeet-susitriibud-elevandiluu\/","og_site_name":"BAUBAUWALL Wallpapers","article_publisher":"https:\/\/www.facebook.com\/Baubauwall","article_modified_time":"2023-10-27T11:09:16+00:00","og_image":[{"width":590,"height":800,"url":"https:\/\/baubauwall.com\/wp-content\/uploads\/2023\/10\/51200333_CharcoalStripes_Ivory_Baubauwall_Wall_Mural_room.jpg","type":"image\/jpeg"}],"twitter_card":"summary_large_image","twitter_misc":{"Est. reading time":"1 minut"},"schema":{"@context":"https:\/\/schema.org","@graph":[{"@type":"WebPage","@id":"https:\/\/baubauwall.com\/et\/toode\/tapeet-susitriibud-elevandiluu\/","url":"https:\/\/baubauwall.com\/et\/toode\/tapeet-susitriibud-elevandiluu\/","name":"Hele, pilttapeet mahedates toonides. Bee\u017eikas triibuline disain","isPartOf":{"@id":"https:\/\/baubauwall.com\/et\/#website"},"primaryImageOfPage":{"@id":"https:\/\/baubauwall.com\/et\/toode\/tapeet-susitriibud-elevandiluu\/#primaryimage"},"image":{"@id":"https:\/\/baubauwall.com\/et\/toode\/tapeet-susitriibud-elevandiluu\/#primaryimage"},"thumbnailUrl":"https:\/\/baubauwall.com\/wp-content\/uploads\/2023\/10\/51200333_CharcoalStripes-Ivory_Baubauwall_Wall_Mural_room3.jpg","datePublished":"2023-10-24T06:46:13+00:00","dateModified":"2023-10-27T11:09:16+00:00","description":"Efektne pilttapeet bee\u017eides toonides. Triibuline, hele pilttapeet moodsas v\u00f5tmes. Disaintapeet aktsentseinale v\u00f5i mitmele. Valmis paigalduseks tapeedid.","breadcrumb":{"@id":"https:\/\/baubauwall.com\/et\/toode\/tapeet-susitriibud-elevandiluu\/#breadcrumb"},"inLanguage":"et","potentialAction":[{"@type":"ReadAction","target":["https:\/\/baubauwall.com\/et\/toode\/tapeet-susitriibud-elevandiluu\/"]}]},{"@type":"ImageObject","inLanguage":"et","@id":"https:\/\/baubauwall.com\/et\/toode\/tapeet-susitriibud-elevandiluu\/#primaryimage","url":"https:\/\/baubauwall.com\/wp-content\/uploads\/2023\/10\/51200333_CharcoalStripes-Ivory_Baubauwall_Wall_Mural_room3.jpg","contentUrl":"https:\/\/baubauwall.com\/wp-content\/uploads\/2023\/10\/51200333_CharcoalStripes-Ivory_Baubauwall_Wall_Mural_room3.jpg","width":2400,"height":1600},{"@type":"BreadcrumbList","@id":"https:\/\/baubauwall.com\/et\/toode\/tapeet-susitriibud-elevandiluu\/#breadcrumb","itemListElement":[{"@type":"ListItem","position":1,"name":"Koju","item":"https:\/\/baubauwall.com\/et\/"},{"@type":"ListItem","position":2,"name":"Tapeedid","item":"https:\/\/baubauwall.com\/et\/tapeedid\/"},{"@type":"ListItem","position":3,"name":"S\u00fcsitriibud &#8211; elevandiluu"}]},{"@type":"WebSite","@id":"https:\/\/baubauwall.com\/et\/#website","url":"https:\/\/baubauwall.com\/et\/","name":"BAUBAUWALL Wallpapers","description":"Valmis paanides tapeet Eestist!","publisher":{"@id":"https:\/\/baubauwall.com\/et\/#organization"},"potentialAction":[{"@type":"SearchAction","target":{"@type":"EntryPoint","urlTemplate":"https:\/\/baubauwall.com\/et\/?s={search_term_string}"},"query-input":{"@type":"PropertyValueSpecification","valueRequired":true,"valueName":"search_term_string"}}],"inLanguage":"et"},{"@type":"Organization","@id":"https:\/\/baubauwall.com\/et\/#organization","name":"BAUBAUWALL Wallpapers","url":"https:\/\/baubauwall.com\/et\/","logo":{"@type":"ImageObject","inLanguage":"et","@id":"https:\/\/baubauwall.com\/et\/#\/schema\/logo\/image\/","url":"https:\/\/baubauwall.com\/wp-content\/uploads\/2022\/03\/logo-horizontal.svg","contentUrl":"https:\/\/baubauwall.com\/wp-content\/uploads\/2022\/03\/logo-horizontal.svg","width":"1024","height":"1024","caption":"BAUBAUWALL Wallpapers"},"image":{"@id":"https:\/\/baubauwall.com\/et\/#\/schema\/logo\/image\/"},"sameAs":["https:\/\/www.facebook.com\/Baubauwall","https:\/\/www.instagram.com\/baubauwall"]}]}},"jetpack_sharing_enabled":true,"_links":{"self":[{"href":"https:\/\/baubauwall.com\/et\/wp-json\/wp\/v2\/product\/32675","targetHints":{"allow":["GET"]}}],"collection":[{"href":"https:\/\/baubauwall.com\/et\/wp-json\/wp\/v2\/product"}],"about":[{"href":"https:\/\/baubauwall.com\/et\/wp-json\/wp\/v2\/types\/product"}],"replies":[{"embeddable":true,"href":"https:\/\/baubauwall.com\/et\/wp-json\/wp\/v2\/comments?post=32675"}],"wp:featuredmedia":[{"embeddable":true,"href":"https:\/\/baubauwall.com\/et\/wp-json\/wp\/v2\/media\/32838"}],"wp:attachment":[{"href":"https:\/\/baubauwall.com\/et\/wp-json\/wp\/v2\/media?parent=32675"}],"wp:term":[{"taxonomy":"product_brand","embeddable":true,"href":"https:\/\/baubauwall.com\/et\/wp-json\/wp\/v2\/product_brand?post=32675"},{"taxonomy":"product_cat","embeddable":true,"href":"https:\/\/baubauwall.com\/et\/wp-json\/wp\/v2\/product_cat?post=32675"},{"taxonomy":"product_tag","embeddable":true,"href":"https:\/\/baubauwall.com\/et\/wp-json\/wp\/v2\/product_tag?post=32675"}],"curies":[{"name":"wp","href":"https:\/\/api.w.org\/{rel}","templated":true}]}}