{"id":32677,"date":"2023-10-24T10:00:23","date_gmt":"2023-10-24T08:00:23","guid":{"rendered":"https:\/\/baubauwall.com\/product\/pilttapeet-markeri-geomeetria-hall\/"},"modified":"2023-10-27T13:13:21","modified_gmt":"2023-10-27T11:13:21","slug":"pilttapeet-markeri-geomeetria-hall","status":"publish","type":"product","link":"https:\/\/baubauwall.com\/et\/toode\/pilttapeet-markeri-geomeetria-hall\/","title":{"rendered":"Markerigeomeetria &#8211; hall"},"content":{"rendered":"<p>Hall pilttapeet Markerigeomeetria keskendub detailidele ja on austusavaldus kuulsale Bauhausi mustrile. See pilttapeet \u00fchendab ajatu disaini kaasaegse elegantsiga. Geomeetriline muster on hoolega l\u00e4bi joonistatud justkui viltpliiatsiga, andes pilttapeedile tekstuurse ja l\u00e4bim\u00f5eldud tunnetuse. Pilttapeet, mis on mitmek\u00fclgne valik, sobides nii avaliku ruumi tapeediks &#8211; hotellid ja kohvikud, kui ka kaasaegsetele eramutele.<\/p>\n<p><a href=\"https:\/\/baubauwall.com\/et\/tootekategooria\/tapeedi-kollektsioonid\/ateljee-tapeedid\/\" target=\"_blank\" rel=\"noopener\"><strong>Tapeedikollektsioon \u201cAteljee\u201d<\/strong><\/a>\u00a0on inspireeritud P\u00f5hjamaa looduse tekstuuridest ja arhitektuursetest joontest. Need on efektsed pilttapeedid ja elegantsed kordusmustriga tapeedid, mis m\u00e4nglevalt p\u00f5imivad geomeetria ning detailid metsadest lilleaasadeni. \u201cAteljee\u201d tapeedid pakuvad avastushetki ja detailirohkust ning sobivad imeliselt nii avaliku ruumi seintele kui ka kodustesse interj\u00f6\u00f6ridesse. Kollektsiooni autor on tapeedidisainer\u00a0<strong>Triinu Silla,\u00a0<\/strong>kelle detailirohke k\u00e4ekiri maalis mustrid tapeedil\u00f5uenditele.<\/p>\n<p><strong>Miks osta tapeet siit? Tapeetimine pole kunagi nii lihtne olnud!<\/strong><\/p>\n<ul>\n<li>Eesti disain<\/li>\n<li>Nummerdatud tapeedipaanid<\/li>\n<li>Just nii pikad tapeedipaanid, kui on Sinu sein<\/li>\n<li>Premium, matt fliistapeedi materjal<\/li>\n<li>M\u00fcrgivabad tr\u00fckiv\u00e4rvid, Greenguard sertifitseeritud<\/li>\n<li>Keskkonnas\u00f5bralik, j\u00e4\u00e4tmevaba tapeetimine<\/li>\n<li>Tasuta tapeediliim<\/li>\n<li>Tasuta transport ja kiire tarne 5 t\u00f6\u00f6p\u00e4evaga<\/li>\n<\/ul>\n<p>Loe l\u00e4hemalt nutikatest, eritellimust\u00f6\u00f6na valmivatest tapeetidest\u00a0<a href=\"https:\/\/baubauwall.com\/et\/keskkonnasobralikud-tapeedid\/\">siit.<\/a><\/p>\n","protected":false},"excerpt":{"rendered":"<p>Hall pilttapeet Markerigeomeetria keskendub detailidele ja on austusavaldus kuulsale Bauhausi mustrile. See pilttapeet \u00fchendab ajatu disaini kaasaegse elegantsiga. Geomeetriline muster on hoolega l\u00e4bi joonistatud justkui viltpliiatsiga, andes pilttapeedile tekstuurse ja l\u00e4bim\u00f5eldud tunnetuse. Pilttapeet, mis on mitmek\u00fclgne valik, sobides nii avaliku ruumi tapeediks &#8211; hotellid ja kohvikud, kui ka kaasaegsetele eramutele. Tapeedikollektsioon \u201cAteljee\u201d\u00a0on inspireeritud P\u00f5hjamaa looduse [&hellip;]<\/p>\n","protected":false},"featured_media":32424,"comment_status":"open","ping_status":"closed","template":"","meta":{"_acf_changed":false,"inline_featured_image":false},"product_brand":[],"product_cat":[680,387,404,406,408,396,270,752,413,414,416,399,402,699,241],"product_tag":[681,695,345,550],"class_list":{"0":"post-32677","1":"product","2":"type-product","3":"status-publish","4":"has-post-thumbnail","6":"product_cat-ateljee-tapeedid","7":"product_cat-pilttapeedid","8":"product_cat-abstraktne","9":"product_cat-klassika","10":"product_cat-geomeetriline","11":"product_cat-skandinaavia","12":"product_cat-tumedad-tapeedid","13":"product_cat-avalik-ruum","14":"product_cat-magamistoa-tapeedid","15":"product_cat-soogitoa-tapeedid","16":"product_cat-esiku-tapeedid","17":"product_cat-kodukontori-tapeedid","18":"product_cat-elutoa-tapeedid","19":"product_cat-eesti-disain-tapeedid","20":"product_cat-betoon","21":"product_tag-ateljee-tapeedikollektsioon-et","22":"product_tag-eesti-disain-tapeedid","23":"product_tag-pilttapeet","24":"product_tag-sajandi-keskpaik-et","25":"pa_designedby-triinu-silla","27":"first","28":"instock","29":"taxable","30":"shipping-taxable","31":"purchasable","32":"product-type-simple"},"acf":[],"yoast_head":"<!-- This site is optimized with the Yoast SEO plugin v25.9 - https:\/\/yoast.com\/wordpress\/plugins\/seo\/ -->\n<title>Geomeetrilise disainiga pilttapeet hallides toonides. Ateljee tapeet<\/title>\n<meta name=\"description\" content=\"Hall pilttapeet avalikku ruumi v\u00f5i kodu seinale. Eritellimusena valmivad disaintapeedid, t\u00e4pselt sinu seina m\u00f5\u00f5dus valmis paanides.\" \/>\n<meta name=\"robots\" content=\"index, follow, max-snippet:-1, max-image-preview:large, max-video-preview:-1\" \/>\n<link rel=\"canonical\" href=\"https:\/\/baubauwall.com\/et\/toode\/pilttapeet-markeri-geomeetria-hall\/\" \/>\n<meta property=\"og:locale\" content=\"et_EE\" \/>\n<meta property=\"og:type\" content=\"article\" \/>\n<meta property=\"og:title\" content=\"Geomeetrilise disainiga pilttapeet hallides toonides. Ateljee tapeet\" \/>\n<meta property=\"og:description\" content=\"Hall pilttapeet avalikku ruumi v\u00f5i kodu seinale. Eritellimusena valmivad disaintapeedid, t\u00e4pselt sinu seina m\u00f5\u00f5dus valmis paanides.\" \/>\n<meta property=\"og:url\" content=\"https:\/\/baubauwall.com\/et\/toode\/pilttapeet-markeri-geomeetria-hall\/\" \/>\n<meta property=\"og:site_name\" content=\"BAUBAUWALL Wallpapers\" \/>\n<meta property=\"article:publisher\" content=\"https:\/\/www.facebook.com\/Baubauwall\" \/>\n<meta property=\"article:modified_time\" content=\"2023-10-27T11:13:21+00:00\" \/>\n<meta property=\"og:image\" content=\"https:\/\/baubauwall.com\/wp-content\/uploads\/2023\/10\/51200334_FeltPenGeometry_Grey_Baubauwall_Wall_Mural_room.jpg\" \/>\n\t<meta property=\"og:image:width\" content=\"1154\" \/>\n\t<meta property=\"og:image:height\" content=\"800\" \/>\n\t<meta property=\"og:image:type\" content=\"image\/jpeg\" \/>\n<meta name=\"twitter:card\" content=\"summary_large_image\" \/>\n<meta name=\"twitter:label1\" content=\"Est. reading time\" \/>\n\t<meta name=\"twitter:data1\" content=\"1 minut\" \/>\n<script type=\"application\/ld+json\" class=\"yoast-schema-graph\">{\"@context\":\"https:\/\/schema.org\",\"@graph\":[{\"@type\":\"WebPage\",\"@id\":\"https:\/\/baubauwall.com\/et\/toode\/pilttapeet-markeri-geomeetria-hall\/\",\"url\":\"https:\/\/baubauwall.com\/et\/toode\/pilttapeet-markeri-geomeetria-hall\/\",\"name\":\"Geomeetrilise disainiga pilttapeet hallides toonides. Ateljee tapeet\",\"isPartOf\":{\"@id\":\"https:\/\/baubauwall.com\/et\/#website\"},\"primaryImageOfPage\":{\"@id\":\"https:\/\/baubauwall.com\/et\/toode\/pilttapeet-markeri-geomeetria-hall\/#primaryimage\"},\"image\":{\"@id\":\"https:\/\/baubauwall.com\/et\/toode\/pilttapeet-markeri-geomeetria-hall\/#primaryimage\"},\"thumbnailUrl\":\"https:\/\/baubauwall.com\/wp-content\/uploads\/2023\/10\/51200334_FeltPenGeometry_Grey_Baubauwall_Wall_Mural_room.jpg\",\"datePublished\":\"2023-10-24T08:00:23+00:00\",\"dateModified\":\"2023-10-27T11:13:21+00:00\",\"description\":\"Hall pilttapeet avalikku ruumi v\u00f5i kodu seinale. Eritellimusena valmivad disaintapeedid, t\u00e4pselt sinu seina m\u00f5\u00f5dus valmis paanides.\",\"breadcrumb\":{\"@id\":\"https:\/\/baubauwall.com\/et\/toode\/pilttapeet-markeri-geomeetria-hall\/#breadcrumb\"},\"inLanguage\":\"et\",\"potentialAction\":[{\"@type\":\"ReadAction\",\"target\":[\"https:\/\/baubauwall.com\/et\/toode\/pilttapeet-markeri-geomeetria-hall\/\"]}]},{\"@type\":\"ImageObject\",\"inLanguage\":\"et\",\"@id\":\"https:\/\/baubauwall.com\/et\/toode\/pilttapeet-markeri-geomeetria-hall\/#primaryimage\",\"url\":\"https:\/\/baubauwall.com\/wp-content\/uploads\/2023\/10\/51200334_FeltPenGeometry_Grey_Baubauwall_Wall_Mural_room.jpg\",\"contentUrl\":\"https:\/\/baubauwall.com\/wp-content\/uploads\/2023\/10\/51200334_FeltPenGeometry_Grey_Baubauwall_Wall_Mural_room.jpg\",\"width\":1154,\"height\":800,\"caption\":\"geometric pattern mural wallpaper design in grey\"},{\"@type\":\"BreadcrumbList\",\"@id\":\"https:\/\/baubauwall.com\/et\/toode\/pilttapeet-markeri-geomeetria-hall\/#breadcrumb\",\"itemListElement\":[{\"@type\":\"ListItem\",\"position\":1,\"name\":\"Koju\",\"item\":\"https:\/\/baubauwall.com\/et\/\"},{\"@type\":\"ListItem\",\"position\":2,\"name\":\"Tapeedid\",\"item\":\"https:\/\/baubauwall.com\/et\/tapeedid\/\"},{\"@type\":\"ListItem\",\"position\":3,\"name\":\"Markerigeomeetria &#8211; hall\"}]},{\"@type\":\"WebSite\",\"@id\":\"https:\/\/baubauwall.com\/et\/#website\",\"url\":\"https:\/\/baubauwall.com\/et\/\",\"name\":\"BAUBAUWALL Wallpapers\",\"description\":\"Valmis paanides tapeet Eestist!\",\"publisher\":{\"@id\":\"https:\/\/baubauwall.com\/et\/#organization\"},\"potentialAction\":[{\"@type\":\"SearchAction\",\"target\":{\"@type\":\"EntryPoint\",\"urlTemplate\":\"https:\/\/baubauwall.com\/et\/?s={search_term_string}\"},\"query-input\":{\"@type\":\"PropertyValueSpecification\",\"valueRequired\":true,\"valueName\":\"search_term_string\"}}],\"inLanguage\":\"et\"},{\"@type\":\"Organization\",\"@id\":\"https:\/\/baubauwall.com\/et\/#organization\",\"name\":\"BAUBAUWALL Wallpapers\",\"url\":\"https:\/\/baubauwall.com\/et\/\",\"logo\":{\"@type\":\"ImageObject\",\"inLanguage\":\"et\",\"@id\":\"https:\/\/baubauwall.com\/et\/#\/schema\/logo\/image\/\",\"url\":\"https:\/\/baubauwall.com\/wp-content\/uploads\/2022\/03\/logo-horizontal.svg\",\"contentUrl\":\"https:\/\/baubauwall.com\/wp-content\/uploads\/2022\/03\/logo-horizontal.svg\",\"width\":\"1024\",\"height\":\"1024\",\"caption\":\"BAUBAUWALL Wallpapers\"},\"image\":{\"@id\":\"https:\/\/baubauwall.com\/et\/#\/schema\/logo\/image\/\"},\"sameAs\":[\"https:\/\/www.facebook.com\/Baubauwall\",\"https:\/\/www.instagram.com\/baubauwall\"]}]}<\/script>\n<!-- \/ Yoast SEO plugin. -->","yoast_head_json":{"title":"Geomeetrilise disainiga pilttapeet hallides toonides. Ateljee tapeet","description":"Hall pilttapeet avalikku ruumi v\u00f5i kodu seinale. Eritellimusena valmivad disaintapeedid, t\u00e4pselt sinu seina m\u00f5\u00f5dus valmis paanides.","robots":{"index":"index","follow":"follow","max-snippet":"max-snippet:-1","max-image-preview":"max-image-preview:large","max-video-preview":"max-video-preview:-1"},"canonical":"https:\/\/baubauwall.com\/et\/toode\/pilttapeet-markeri-geomeetria-hall\/","og_locale":"et_EE","og_type":"article","og_title":"Geomeetrilise disainiga pilttapeet hallides toonides. Ateljee tapeet","og_description":"Hall pilttapeet avalikku ruumi v\u00f5i kodu seinale. Eritellimusena valmivad disaintapeedid, t\u00e4pselt sinu seina m\u00f5\u00f5dus valmis paanides.","og_url":"https:\/\/baubauwall.com\/et\/toode\/pilttapeet-markeri-geomeetria-hall\/","og_site_name":"BAUBAUWALL Wallpapers","article_publisher":"https:\/\/www.facebook.com\/Baubauwall","article_modified_time":"2023-10-27T11:13:21+00:00","og_image":[{"width":1154,"height":800,"url":"https:\/\/baubauwall.com\/wp-content\/uploads\/2023\/10\/51200334_FeltPenGeometry_Grey_Baubauwall_Wall_Mural_room.jpg","type":"image\/jpeg"}],"twitter_card":"summary_large_image","twitter_misc":{"Est. reading time":"1 minut"},"schema":{"@context":"https:\/\/schema.org","@graph":[{"@type":"WebPage","@id":"https:\/\/baubauwall.com\/et\/toode\/pilttapeet-markeri-geomeetria-hall\/","url":"https:\/\/baubauwall.com\/et\/toode\/pilttapeet-markeri-geomeetria-hall\/","name":"Geomeetrilise disainiga pilttapeet hallides toonides. Ateljee tapeet","isPartOf":{"@id":"https:\/\/baubauwall.com\/et\/#website"},"primaryImageOfPage":{"@id":"https:\/\/baubauwall.com\/et\/toode\/pilttapeet-markeri-geomeetria-hall\/#primaryimage"},"image":{"@id":"https:\/\/baubauwall.com\/et\/toode\/pilttapeet-markeri-geomeetria-hall\/#primaryimage"},"thumbnailUrl":"https:\/\/baubauwall.com\/wp-content\/uploads\/2023\/10\/51200334_FeltPenGeometry_Grey_Baubauwall_Wall_Mural_room.jpg","datePublished":"2023-10-24T08:00:23+00:00","dateModified":"2023-10-27T11:13:21+00:00","description":"Hall pilttapeet avalikku ruumi v\u00f5i kodu seinale. Eritellimusena valmivad disaintapeedid, t\u00e4pselt sinu seina m\u00f5\u00f5dus valmis paanides.","breadcrumb":{"@id":"https:\/\/baubauwall.com\/et\/toode\/pilttapeet-markeri-geomeetria-hall\/#breadcrumb"},"inLanguage":"et","potentialAction":[{"@type":"ReadAction","target":["https:\/\/baubauwall.com\/et\/toode\/pilttapeet-markeri-geomeetria-hall\/"]}]},{"@type":"ImageObject","inLanguage":"et","@id":"https:\/\/baubauwall.com\/et\/toode\/pilttapeet-markeri-geomeetria-hall\/#primaryimage","url":"https:\/\/baubauwall.com\/wp-content\/uploads\/2023\/10\/51200334_FeltPenGeometry_Grey_Baubauwall_Wall_Mural_room.jpg","contentUrl":"https:\/\/baubauwall.com\/wp-content\/uploads\/2023\/10\/51200334_FeltPenGeometry_Grey_Baubauwall_Wall_Mural_room.jpg","width":1154,"height":800,"caption":"geometric pattern mural wallpaper design in grey"},{"@type":"BreadcrumbList","@id":"https:\/\/baubauwall.com\/et\/toode\/pilttapeet-markeri-geomeetria-hall\/#breadcrumb","itemListElement":[{"@type":"ListItem","position":1,"name":"Koju","item":"https:\/\/baubauwall.com\/et\/"},{"@type":"ListItem","position":2,"name":"Tapeedid","item":"https:\/\/baubauwall.com\/et\/tapeedid\/"},{"@type":"ListItem","position":3,"name":"Markerigeomeetria &#8211; hall"}]},{"@type":"WebSite","@id":"https:\/\/baubauwall.com\/et\/#website","url":"https:\/\/baubauwall.com\/et\/","name":"BAUBAUWALL Wallpapers","description":"Valmis paanides tapeet Eestist!","publisher":{"@id":"https:\/\/baubauwall.com\/et\/#organization"},"potentialAction":[{"@type":"SearchAction","target":{"@type":"EntryPoint","urlTemplate":"https:\/\/baubauwall.com\/et\/?s={search_term_string}"},"query-input":{"@type":"PropertyValueSpecification","valueRequired":true,"valueName":"search_term_string"}}],"inLanguage":"et"},{"@type":"Organization","@id":"https:\/\/baubauwall.com\/et\/#organization","name":"BAUBAUWALL Wallpapers","url":"https:\/\/baubauwall.com\/et\/","logo":{"@type":"ImageObject","inLanguage":"et","@id":"https:\/\/baubauwall.com\/et\/#\/schema\/logo\/image\/","url":"https:\/\/baubauwall.com\/wp-content\/uploads\/2022\/03\/logo-horizontal.svg","contentUrl":"https:\/\/baubauwall.com\/wp-content\/uploads\/2022\/03\/logo-horizontal.svg","width":"1024","height":"1024","caption":"BAUBAUWALL Wallpapers"},"image":{"@id":"https:\/\/baubauwall.com\/et\/#\/schema\/logo\/image\/"},"sameAs":["https:\/\/www.facebook.com\/Baubauwall","https:\/\/www.instagram.com\/baubauwall"]}]}},"jetpack_sharing_enabled":true,"_links":{"self":[{"href":"https:\/\/baubauwall.com\/et\/wp-json\/wp\/v2\/product\/32677","targetHints":{"allow":["GET"]}}],"collection":[{"href":"https:\/\/baubauwall.com\/et\/wp-json\/wp\/v2\/product"}],"about":[{"href":"https:\/\/baubauwall.com\/et\/wp-json\/wp\/v2\/types\/product"}],"replies":[{"embeddable":true,"href":"https:\/\/baubauwall.com\/et\/wp-json\/wp\/v2\/comments?post=32677"}],"wp:featuredmedia":[{"embeddable":true,"href":"https:\/\/baubauwall.com\/et\/wp-json\/wp\/v2\/media\/32424"}],"wp:attachment":[{"href":"https:\/\/baubauwall.com\/et\/wp-json\/wp\/v2\/media?parent=32677"}],"wp:term":[{"taxonomy":"product_brand","embeddable":true,"href":"https:\/\/baubauwall.com\/et\/wp-json\/wp\/v2\/product_brand?post=32677"},{"taxonomy":"product_cat","embeddable":true,"href":"https:\/\/baubauwall.com\/et\/wp-json\/wp\/v2\/product_cat?post=32677"},{"taxonomy":"product_tag","embeddable":true,"href":"https:\/\/baubauwall.com\/et\/wp-json\/wp\/v2\/product_tag?post=32677"}],"curies":[{"name":"wp","href":"https:\/\/api.w.org\/{rel}","templated":true}]}}