{"id":32683,"date":"2023-10-24T11:21:47","date_gmt":"2023-10-24T09:21:47","guid":{"rendered":"https:\/\/baubauwall.com\/product\/pilttapeet-kuusamo-maastik-terra\/"},"modified":"2025-12-04T15:07:33","modified_gmt":"2025-12-04T13:07:33","slug":"pilttapeet-kuusamo-maastik-terra","status":"publish","type":"product","link":"https:\/\/baubauwall.com\/et\/toode\/pilttapeet-kuusamo-maastik-terra\/","title":{"rendered":"Kuusamo maastik &#8211; terra"},"content":{"rendered":"<p>Pilttapeet, millele on t\u00f5lgendatud Soome kuulus viies aastaaeg nn\u00a0<em>ruska\u00a0<\/em>toonides. Nii nimetatakse Soomes s\u00fcgisest lehtede kolletumise ja looduse v\u00e4rvumise aega. Punakad, oran\u017eid, kollakad ja hallid toonid tapeedil toovad m\u00f5tetesse karged P\u00f5hjamaa hommikud. Detailne disain meenutab justkui kanga faktuuri ning samuti metsamaastikku. Pilttapeedi rahulik disain loob hea tausta m\u00f5tetele ja sisustuse muudele detailidele. Kuusamo maastik on autorit\u00f6\u00f6 pilttapeet, mis k\u00e4tkeb endas P\u00f5hjamaa disaini olemuse: kontrollitud jooned, l\u00e4bim\u00f5eldus ning rahulikkus.<\/p>\n<p><a href=\"https:\/\/baubauwall.com\/et\/tootekategooria\/tapeedi-kollektsioonid\/ateljee-tapeedid\/\" target=\"_blank\" rel=\"noopener\"><strong>Tapeedikollektsioon \u201cAteljee\u201d<\/strong><\/a> on inspireeritud P\u00f5hjamaa looduse tekstuuridest ja arhitektuursetest joontest. Need on efektsed pilttapeedid ja elegantsed kordusmustriga tapeedid, mis m\u00e4nglevalt p\u00f5imivad geomeetria ning detailid metsadest lilleaasadeni. \u201cAteljee\u201d tapeedid pakuvad avastushetki ja detailirohkust ning sobivad h\u00e4sti nii avaliku ruumi seintele kui ka kodustesse interj\u00f6\u00f6ridesse. Kollektsiooni autor on tapeedidisainer <strong>Triinu Silla,\u00a0<\/strong>kelle detailirohke k\u00e4ekiri maalis mustrid tapeedil\u00f5uenditele.<\/p>\n<p><strong>Miks osta tapeet siit? Tapeetimine pole kunagi nii lihtne olnud!<\/strong><\/p>\n<ul>\n<li>Eesti disain<\/li>\n<li>Nummerdatud tapeedipaanid<\/li>\n<li>Just nii pikad paanid, kui on Sinu sein<\/li>\n<li>Premium, matt fliistapeedi materjal<\/li>\n<li>M\u00fcrgivabad tr\u00fckiv\u00e4rvid, Greenguard sertifitseeritud<\/li>\n<li>Keskkonnas\u00f5bralik, j\u00e4\u00e4tmevaba tapeetimine<\/li>\n<li>Tasuta tapeediliim<\/li>\n<li>Tasuta transport ja kiire tarne 5 t\u00f6\u00f6p\u00e4evaga<\/li>\n<\/ul>\n<p>Loe l\u00e4hemalt nutikatest, eritellimust\u00f6\u00f6na valmivatest tapeetidest\u00a0<a href=\"https:\/\/baubauwall.com\/et\/keskkonnasobralikud-tapeedid\/\">siit.<\/a><\/p>\n","protected":false},"excerpt":{"rendered":"<p>Pilttapeet, millele on t\u00f5lgendatud Soome kuulus viies aastaaeg nn\u00a0ruska\u00a0toonides. Nii nimetatakse Soomes s\u00fcgisest lehtede kolletumise ja looduse v\u00e4rvumise aega. Punakad, oran\u017eid, kollakad ja hallid toonid tapeedil toovad m\u00f5tetesse karged P\u00f5hjamaa hommikud. Detailne disain meenutab justkui kanga faktuuri ning samuti metsamaastikku. Pilttapeedi rahulik disain loob hea tausta m\u00f5tetele ja sisustuse muudele detailidele. Kuusamo maastik on autorit\u00f6\u00f6 [&hellip;]<\/p>\n","protected":false},"featured_media":32713,"comment_status":"open","ping_status":"closed","template":"","meta":{"_acf_changed":false,"inline_featured_image":false},"product_brand":[],"product_cat":[680,387,404,408,275,276,752,413,414,415,416,399,402,699,245,248],"product_tag":[681,695,345],"class_list":{"0":"post-32683","1":"product","2":"type-product","3":"status-publish","4":"has-post-thumbnail","6":"product_cat-ateljee-tapeedid","7":"product_cat-pilttapeedid","8":"product_cat-abstraktne","9":"product_cat-geomeetriline","10":"product_cat-oranzid-tapeedid","11":"product_cat-pastelsed-tapeedid","12":"product_cat-avalik-ruum","13":"product_cat-magamistoa-tapeedid","14":"product_cat-soogitoa-tapeedid","15":"product_cat-kulalistetoa-tapeedid","16":"product_cat-esiku-tapeedid","17":"product_cat-kodukontori-tapeedid","18":"product_cat-elutoa-tapeedid","19":"product_cat-eesti-disain-tapeedid","20":"product_cat-maastik","21":"product_cat-mets","22":"product_tag-ateljee-tapeedikollektsioon-et","23":"product_tag-eesti-disain-tapeedid","24":"product_tag-pilttapeet","26":"first","27":"instock","28":"taxable","29":"shipping-taxable","30":"purchasable","31":"product-type-simple"},"acf":[],"yoast_head":"<!-- This site is optimized with the Yoast SEO plugin v25.9 - https:\/\/yoast.com\/wordpress\/plugins\/seo\/ -->\n<title>P\u00f5hjamaine disain pilttapeet Kuusamo maastik. Ateljee tapeedid<\/title>\n<meta name=\"description\" content=\"P\u00f5hjamaa looduse tooni disain pilttapeet Kuusamo maastik. Eritellimusena, ent lihtsalt valmivad tapeedid sinu seina m\u00f5\u00f5dus. Fliistapeedid.\" \/>\n<meta name=\"robots\" content=\"index, follow, max-snippet:-1, max-image-preview:large, max-video-preview:-1\" \/>\n<link rel=\"canonical\" href=\"https:\/\/baubauwall.com\/et\/toode\/pilttapeet-kuusamo-maastik-terra\/\" \/>\n<meta property=\"og:locale\" content=\"et_EE\" \/>\n<meta property=\"og:type\" content=\"article\" \/>\n<meta property=\"og:title\" content=\"P\u00f5hjamaine disain pilttapeet Kuusamo maastik. Ateljee tapeedid\" \/>\n<meta property=\"og:description\" content=\"P\u00f5hjamaa looduse tooni disain pilttapeet Kuusamo maastik. Eritellimusena, ent lihtsalt valmivad tapeedid sinu seina m\u00f5\u00f5dus. Fliistapeedid.\" \/>\n<meta property=\"og:url\" content=\"https:\/\/baubauwall.com\/et\/toode\/pilttapeet-kuusamo-maastik-terra\/\" \/>\n<meta property=\"og:site_name\" content=\"BAUBAUWALL TAPEEDID\" \/>\n<meta property=\"article:publisher\" content=\"https:\/\/www.facebook.com\/Baubauwall\" \/>\n<meta property=\"article:modified_time\" content=\"2025-12-04T13:07:33+00:00\" \/>\n<meta property=\"og:image\" content=\"https:\/\/baubauwall.com\/wp-content\/uploads\/2023\/10\/51200342_KuusamoTerra_Baubauwall_Wall_Mural_room1.jpg\" \/>\n\t<meta property=\"og:image:width\" content=\"1200\" \/>\n\t<meta property=\"og:image:height\" content=\"800\" \/>\n\t<meta property=\"og:image:type\" content=\"image\/jpeg\" \/>\n<meta name=\"twitter:card\" content=\"summary_large_image\" \/>\n<meta name=\"twitter:label1\" content=\"Est. reading time\" \/>\n\t<meta name=\"twitter:data1\" content=\"1 minut\" \/>\n<script type=\"application\/ld+json\" class=\"yoast-schema-graph\">{\"@context\":\"https:\/\/schema.org\",\"@graph\":[{\"@type\":\"WebPage\",\"@id\":\"https:\/\/baubauwall.com\/et\/toode\/pilttapeet-kuusamo-maastik-terra\/\",\"url\":\"https:\/\/baubauwall.com\/et\/toode\/pilttapeet-kuusamo-maastik-terra\/\",\"name\":\"P\u00f5hjamaine disain pilttapeet Kuusamo maastik. Ateljee tapeedid\",\"isPartOf\":{\"@id\":\"https:\/\/baubauwall.com\/et\/#website\"},\"primaryImageOfPage\":{\"@id\":\"https:\/\/baubauwall.com\/et\/toode\/pilttapeet-kuusamo-maastik-terra\/#primaryimage\"},\"image\":{\"@id\":\"https:\/\/baubauwall.com\/et\/toode\/pilttapeet-kuusamo-maastik-terra\/#primaryimage\"},\"thumbnailUrl\":\"https:\/\/baubauwall.com\/wp-content\/uploads\/2023\/10\/51200342_KuusamoTerra_Baubauwall_Wall_Mural_room1.jpg\",\"datePublished\":\"2023-10-24T09:21:47+00:00\",\"dateModified\":\"2025-12-04T13:07:33+00:00\",\"description\":\"P\u00f5hjamaa looduse tooni disain pilttapeet Kuusamo maastik. Eritellimusena, ent lihtsalt valmivad tapeedid sinu seina m\u00f5\u00f5dus. Fliistapeedid.\",\"breadcrumb\":{\"@id\":\"https:\/\/baubauwall.com\/et\/toode\/pilttapeet-kuusamo-maastik-terra\/#breadcrumb\"},\"inLanguage\":\"et\",\"potentialAction\":[{\"@type\":\"ReadAction\",\"target\":[\"https:\/\/baubauwall.com\/et\/toode\/pilttapeet-kuusamo-maastik-terra\/\"]}]},{\"@type\":\"ImageObject\",\"inLanguage\":\"et\",\"@id\":\"https:\/\/baubauwall.com\/et\/toode\/pilttapeet-kuusamo-maastik-terra\/#primaryimage\",\"url\":\"https:\/\/baubauwall.com\/wp-content\/uploads\/2023\/10\/51200342_KuusamoTerra_Baubauwall_Wall_Mural_room1.jpg\",\"contentUrl\":\"https:\/\/baubauwall.com\/wp-content\/uploads\/2023\/10\/51200342_KuusamoTerra_Baubauwall_Wall_Mural_room1.jpg\",\"width\":1200,\"height\":800,\"caption\":\"Collection of Bespoke Wallpapers and Murals\"},{\"@type\":\"BreadcrumbList\",\"@id\":\"https:\/\/baubauwall.com\/et\/toode\/pilttapeet-kuusamo-maastik-terra\/#breadcrumb\",\"itemListElement\":[{\"@type\":\"ListItem\",\"position\":1,\"name\":\"Koju\",\"item\":\"https:\/\/baubauwall.com\/et\/\"},{\"@type\":\"ListItem\",\"position\":2,\"name\":\"Tapeedid\",\"item\":\"https:\/\/baubauwall.com\/et\/tapeedid\/\"},{\"@type\":\"ListItem\",\"position\":3,\"name\":\"Kuusamo maastik &#8211; terra\"}]},{\"@type\":\"WebSite\",\"@id\":\"https:\/\/baubauwall.com\/et\/#website\",\"url\":\"https:\/\/baubauwall.com\/et\/\",\"name\":\"BAUBAUWALL Wallpapers\",\"description\":\"Valmis paanides tapeet Eestist!\",\"publisher\":{\"@id\":\"https:\/\/baubauwall.com\/et\/#organization\"},\"potentialAction\":[{\"@type\":\"SearchAction\",\"target\":{\"@type\":\"EntryPoint\",\"urlTemplate\":\"https:\/\/baubauwall.com\/et\/?s={search_term_string}\"},\"query-input\":{\"@type\":\"PropertyValueSpecification\",\"valueRequired\":true,\"valueName\":\"search_term_string\"}}],\"inLanguage\":\"et\"},{\"@type\":\"Organization\",\"@id\":\"https:\/\/baubauwall.com\/et\/#organization\",\"name\":\"BAUBAUWALL Wallpapers\",\"url\":\"https:\/\/baubauwall.com\/et\/\",\"logo\":{\"@type\":\"ImageObject\",\"inLanguage\":\"et\",\"@id\":\"https:\/\/baubauwall.com\/et\/#\/schema\/logo\/image\/\",\"url\":\"https:\/\/baubauwall.com\/wp-content\/uploads\/2022\/03\/logo-horizontal.svg\",\"contentUrl\":\"https:\/\/baubauwall.com\/wp-content\/uploads\/2022\/03\/logo-horizontal.svg\",\"width\":\"1024\",\"height\":\"1024\",\"caption\":\"BAUBAUWALL Wallpapers\"},\"image\":{\"@id\":\"https:\/\/baubauwall.com\/et\/#\/schema\/logo\/image\/\"},\"sameAs\":[\"https:\/\/www.facebook.com\/Baubauwall\",\"https:\/\/www.instagram.com\/baubauwall\"]}]}<\/script>\n<!-- \/ Yoast SEO plugin. -->","yoast_head_json":{"title":"P\u00f5hjamaine disain pilttapeet Kuusamo maastik. Ateljee tapeedid","description":"P\u00f5hjamaa looduse tooni disain pilttapeet Kuusamo maastik. Eritellimusena, ent lihtsalt valmivad tapeedid sinu seina m\u00f5\u00f5dus. Fliistapeedid.","robots":{"index":"index","follow":"follow","max-snippet":"max-snippet:-1","max-image-preview":"max-image-preview:large","max-video-preview":"max-video-preview:-1"},"canonical":"https:\/\/baubauwall.com\/et\/toode\/pilttapeet-kuusamo-maastik-terra\/","og_locale":"et_EE","og_type":"article","og_title":"P\u00f5hjamaine disain pilttapeet Kuusamo maastik. Ateljee tapeedid","og_description":"P\u00f5hjamaa looduse tooni disain pilttapeet Kuusamo maastik. Eritellimusena, ent lihtsalt valmivad tapeedid sinu seina m\u00f5\u00f5dus. Fliistapeedid.","og_url":"https:\/\/baubauwall.com\/et\/toode\/pilttapeet-kuusamo-maastik-terra\/","og_site_name":"BAUBAUWALL TAPEEDID","article_publisher":"https:\/\/www.facebook.com\/Baubauwall","article_modified_time":"2025-12-04T13:07:33+00:00","og_image":[{"width":1200,"height":800,"url":"https:\/\/baubauwall.com\/wp-content\/uploads\/2023\/10\/51200342_KuusamoTerra_Baubauwall_Wall_Mural_room1.jpg","type":"image\/jpeg"}],"twitter_card":"summary_large_image","twitter_misc":{"Est. reading time":"1 minut"},"schema":{"@context":"https:\/\/schema.org","@graph":[{"@type":"WebPage","@id":"https:\/\/baubauwall.com\/et\/toode\/pilttapeet-kuusamo-maastik-terra\/","url":"https:\/\/baubauwall.com\/et\/toode\/pilttapeet-kuusamo-maastik-terra\/","name":"P\u00f5hjamaine disain pilttapeet Kuusamo maastik. Ateljee tapeedid","isPartOf":{"@id":"https:\/\/baubauwall.com\/et\/#website"},"primaryImageOfPage":{"@id":"https:\/\/baubauwall.com\/et\/toode\/pilttapeet-kuusamo-maastik-terra\/#primaryimage"},"image":{"@id":"https:\/\/baubauwall.com\/et\/toode\/pilttapeet-kuusamo-maastik-terra\/#primaryimage"},"thumbnailUrl":"https:\/\/baubauwall.com\/wp-content\/uploads\/2023\/10\/51200342_KuusamoTerra_Baubauwall_Wall_Mural_room1.jpg","datePublished":"2023-10-24T09:21:47+00:00","dateModified":"2025-12-04T13:07:33+00:00","description":"P\u00f5hjamaa looduse tooni disain pilttapeet Kuusamo maastik. Eritellimusena, ent lihtsalt valmivad tapeedid sinu seina m\u00f5\u00f5dus. Fliistapeedid.","breadcrumb":{"@id":"https:\/\/baubauwall.com\/et\/toode\/pilttapeet-kuusamo-maastik-terra\/#breadcrumb"},"inLanguage":"et","potentialAction":[{"@type":"ReadAction","target":["https:\/\/baubauwall.com\/et\/toode\/pilttapeet-kuusamo-maastik-terra\/"]}]},{"@type":"ImageObject","inLanguage":"et","@id":"https:\/\/baubauwall.com\/et\/toode\/pilttapeet-kuusamo-maastik-terra\/#primaryimage","url":"https:\/\/baubauwall.com\/wp-content\/uploads\/2023\/10\/51200342_KuusamoTerra_Baubauwall_Wall_Mural_room1.jpg","contentUrl":"https:\/\/baubauwall.com\/wp-content\/uploads\/2023\/10\/51200342_KuusamoTerra_Baubauwall_Wall_Mural_room1.jpg","width":1200,"height":800,"caption":"Collection of Bespoke Wallpapers and Murals"},{"@type":"BreadcrumbList","@id":"https:\/\/baubauwall.com\/et\/toode\/pilttapeet-kuusamo-maastik-terra\/#breadcrumb","itemListElement":[{"@type":"ListItem","position":1,"name":"Koju","item":"https:\/\/baubauwall.com\/et\/"},{"@type":"ListItem","position":2,"name":"Tapeedid","item":"https:\/\/baubauwall.com\/et\/tapeedid\/"},{"@type":"ListItem","position":3,"name":"Kuusamo maastik &#8211; terra"}]},{"@type":"WebSite","@id":"https:\/\/baubauwall.com\/et\/#website","url":"https:\/\/baubauwall.com\/et\/","name":"BAUBAUWALL Wallpapers","description":"Valmis paanides tapeet Eestist!","publisher":{"@id":"https:\/\/baubauwall.com\/et\/#organization"},"potentialAction":[{"@type":"SearchAction","target":{"@type":"EntryPoint","urlTemplate":"https:\/\/baubauwall.com\/et\/?s={search_term_string}"},"query-input":{"@type":"PropertyValueSpecification","valueRequired":true,"valueName":"search_term_string"}}],"inLanguage":"et"},{"@type":"Organization","@id":"https:\/\/baubauwall.com\/et\/#organization","name":"BAUBAUWALL Wallpapers","url":"https:\/\/baubauwall.com\/et\/","logo":{"@type":"ImageObject","inLanguage":"et","@id":"https:\/\/baubauwall.com\/et\/#\/schema\/logo\/image\/","url":"https:\/\/baubauwall.com\/wp-content\/uploads\/2022\/03\/logo-horizontal.svg","contentUrl":"https:\/\/baubauwall.com\/wp-content\/uploads\/2022\/03\/logo-horizontal.svg","width":"1024","height":"1024","caption":"BAUBAUWALL Wallpapers"},"image":{"@id":"https:\/\/baubauwall.com\/et\/#\/schema\/logo\/image\/"},"sameAs":["https:\/\/www.facebook.com\/Baubauwall","https:\/\/www.instagram.com\/baubauwall"]}]}},"jetpack_sharing_enabled":true,"_links":{"self":[{"href":"https:\/\/baubauwall.com\/et\/wp-json\/wp\/v2\/product\/32683","targetHints":{"allow":["GET"]}}],"collection":[{"href":"https:\/\/baubauwall.com\/et\/wp-json\/wp\/v2\/product"}],"about":[{"href":"https:\/\/baubauwall.com\/et\/wp-json\/wp\/v2\/types\/product"}],"replies":[{"embeddable":true,"href":"https:\/\/baubauwall.com\/et\/wp-json\/wp\/v2\/comments?post=32683"}],"wp:featuredmedia":[{"embeddable":true,"href":"https:\/\/baubauwall.com\/et\/wp-json\/wp\/v2\/media\/32713"}],"wp:attachment":[{"href":"https:\/\/baubauwall.com\/et\/wp-json\/wp\/v2\/media?parent=32683"}],"wp:term":[{"taxonomy":"product_brand","embeddable":true,"href":"https:\/\/baubauwall.com\/et\/wp-json\/wp\/v2\/product_brand?post=32683"},{"taxonomy":"product_cat","embeddable":true,"href":"https:\/\/baubauwall.com\/et\/wp-json\/wp\/v2\/product_cat?post=32683"},{"taxonomy":"product_tag","embeddable":true,"href":"https:\/\/baubauwall.com\/et\/wp-json\/wp\/v2\/product_tag?post=32683"}],"curies":[{"name":"wp","href":"https:\/\/api.w.org\/{rel}","templated":true}]}}